{"id":10765,"date":"2025-02-11T11:23:26","date_gmt":"2025-02-11T10:23:26","guid":{"rendered":"https:\/\/partsandpieces.nl\/?page_id=10765"},"modified":"2025-02-11T15:12:04","modified_gmt":"2025-02-11T14:12:04","slug":"pflege-des-holzes-in-ihrer-sauna-7-tipps-um-das-innere-ihrer-sauna-in-topzustand-zu-halten","status":"publish","type":"page","link":"https:\/\/partsandpieces.nl\/de\/hout-in-je-sauna-onderhouden-7-tips-om-je-sauna-van-binnen-in-topconditie-te-houden\/","title":{"rendered":"Holz in Ihrer Sauna pflegen: 7 Tipps, um Ihre Sauna von innen in Top-Zustand zu halten"},"content":{"rendered":"<div  class='flex_column av-1xbimeb-df2003ecc21bc1d52960afda61eecefc av_one_full  avia-builder-el-0  el_before_av_one_full  avia-builder-el-first  first flex_column_div'     ><section  class='av_textblock_section av-m709lz3f-cf77e8fbbbcdeec8f273ede60b5e6151'   itemscope=\"itemscope\" itemtype=\"https:\/\/schema.org\/CreativeWork\" ><div class='avia_textblock'  itemprop=\"text\" ><h1>Holz in Ihrer Sauna pflegen: 7 Tipps, um Ihre Sauna von innen in Top-Zustand zu halten<\/h1>\n<div id=\"gtx-trans\" style=\"position: absolute; left: -134px; top: -12.4062px;\">\n<div class=\"gtx-trans-icon\"><\/div>\n<\/div>\n<\/div><\/section><\/div>\n<div  class='flex_column av-1rzxbxf-ef5fdf2fa0d7a543059420b0a3110f5f av_one_full  avia-builder-el-2  el_after_av_one_full  el_before_av_one_half  first flex_column_div  column-top-margin'     ><style type=\"text\/css\" data-created_by=\"avia_inline_auto\" id=\"style-css-av-m709n2nn-92ee1438ec81e8a5fc6a88e39b0e2d1e\">\n.avia-image-container.av-m709n2nn-92ee1438ec81e8a5fc6a88e39b0e2d1e img.avia_image{\nbox-shadow:none;\n}\n.avia-image-container.av-m709n2nn-92ee1438ec81e8a5fc6a88e39b0e2d1e .av-image-caption-overlay-center{\ncolor:#ffffff;\n}\n<\/style>\n<div  class='avia-image-container av-m709n2nn-92ee1438ec81e8a5fc6a88e39b0e2d1e av-styling- avia-align-left  avia-builder-el-3  avia-builder-el-no-sibling'   itemprop=\"image\" itemscope=\"itemscope\" itemtype=\"https:\/\/schema.org\/ImageObject\" ><div class=\"avia-image-container-inner\"><div class=\"avia-image-overlay-wrap\"><img decoding=\"async\" fetchpriority=\"high\" class='wp-image-10766 avia-img-lazy-loading-not-10766 avia_image' src=\"https:\/\/partsandpieces.nl\/wp-content\/uploads\/2025\/02\/bench-6761314_1280-1280x430.jpg\" alt='Holz in Ihrer Sauna pflegen: 7 Tipps, um Ihre Sauna von innen in Top-Zustand zu halten' title='Bank-6761314_1280'  height=\"430\" width=\"1280\"  itemprop=\"thumbnailUrl\"  \/><\/div><\/div><\/div><\/div>\n<div  class='flex_column av-1aainoj-672b89027f256fcf8322cacc3559e5e4 av_one_half  avia-builder-el-4  el_after_av_one_full  el_before_av_one_half  first flex_column_div  column-top-margin'     ><section  class='av_textblock_section av-m709o47h-a4e36a41d34f5326d50ebef600b97abb'   itemscope=\"itemscope\" itemtype=\"https:\/\/schema.org\/CreativeWork\" ><div class='avia_textblock'  itemprop=\"text\" ><h2>Warum ist es wichtig, dass Sie das Holz Ihrer Sauna richtig pflegen?<\/h2>\n<p>Die regelm\u00e4\u00dfige Pflege des Holzes in Ihrer Sauna ist sehr wichtig, um die Lebensdauer Ihrer Sauna zu verl\u00e4ngern. Durch die richtige Behandlung und den Schutz des Holzes verhindern Sie, dass es durch die Hitze und Feuchtigkeit in der Sauna besch\u00e4digt und verf\u00e4rbt wird.<br \/>\nDurch Hitze und Feuchtigkeit kann sich das Holz verziehen, rei\u00dfen oder sich verf\u00e4rben. Durch die regelm\u00e4\u00dfige Behandlung des Holzes mit einem speziellen \u00d6l bleibt das Holz in einem Top-Zustand und beh\u00e4lt sein sch\u00f6nes Aussehen.<\/p>\n<p>So haben Sie l\u00e4nger Freude an Ihrer Sauna und vermeiden unn\u00f6tige Kosten f\u00fcr Reparaturen oder den Austausch des Holzes.<\/p>\n<\/div><\/section><br \/>\n<div  class='avia-button-wrap av-m709ueyb-d673dfd56d71bfe5e6216bfa56b8f60a-wrap avia-button-center  avia-builder-el-6  el_after_av_textblock  avia-builder-el-last'><a href='https:\/\/partsandpieces.nl\/de\/produkt\/borma-wachs-saunapflegeol-1-liter\/'  class='avia-button av-m709ueyb-d673dfd56d71bfe5e6216bfa56b8f60a av-link-btn avia-icon_select-no avia-size-small avia-position-center avia-color-orange'   aria-label=\"zum Sauna Pflege\u00f6l\"><span class='avia_iconbox_title' >zum Sauna Pflege\u00f6l<\/span><\/a><\/div><\/p><\/div>\n\n<style type=\"text\/css\" data-created_by=\"avia_inline_auto\" id=\"style-css-av-4fyabs3-978d4f2fb7515089aa61d4e3749bd287\">\n.flex_column.av-4fyabs3-978d4f2fb7515089aa61d4e3749bd287{\nborder-radius:12px 12px 12px 12px;\npadding:30px 30px 30px 30px;\nbackground-color:#762708;\n}\n<\/style>\n<div  class='flex_column av-4fyabs3-978d4f2fb7515089aa61d4e3749bd287 av_one_half  avia-builder-el-7  el_after_av_one_half  el_before_av_one_half  flex_column_div  column-top-margin'     ><p>\n<style type=\"text\/css\" data-created_by=\"avia_inline_auto\" id=\"style-css-av-3qkzdsz-70e55379315f5a9526142981b83f1ec0\">\n.avia-image-container.av-3qkzdsz-70e55379315f5a9526142981b83f1ec0 img.avia_image{\nbox-shadow:none;\n}\n.avia-image-container.av-3qkzdsz-70e55379315f5a9526142981b83f1ec0 .av-image-caption-overlay-center{\ncolor:#ffffff;\n}\n<\/style>\n<div  class='avia-image-container av-3qkzdsz-70e55379315f5a9526142981b83f1ec0 av-styling- avia-align-center  avia-builder-el-8  el_before_av_hr  avia-builder-el-first  borma'   itemprop=\"image\" itemscope=\"itemscope\" itemtype=\"https:\/\/schema.org\/ImageObject\" ><div class=\"avia-image-container-inner\"><div class=\"avia-image-overlay-wrap\"><img decoding=\"async\" fetchpriority=\"high\" class='wp-image-3231 avia-img-lazy-loading-not-3231 avia_image' src=\"https:\/\/partsandpieces.nl\/wp-content\/uploads\/2022\/10\/Image-19-2.png\" alt='' title='Bild 19'  height=\"118\" width=\"626\"  itemprop=\"thumbnailUrl\" srcset=\"https:\/\/partsandpieces.nl\/wp-content\/uploads\/2022\/10\/Image-19-2.png 626w, https:\/\/partsandpieces.nl\/wp-content\/uploads\/2022\/10\/Image-19-2-300x57.png 300w\" sizes=\"(max-width: 626px) 100vw, 626px\" \/><\/div><\/div><\/div><br \/>\n\n<style type=\"text\/css\" data-created_by=\"avia_inline_auto\" id=\"style-css-av-3g4j003-edb31d93580ffd40a0c7fbdf126c248b\">\n#top .hr.hr-invisible.av-3g4j003-edb31d93580ffd40a0c7fbdf126c248b{\nheight:5px;\n}\n<\/style>\n<div  class='hr av-3g4j003-edb31d93580ffd40a0c7fbdf126c248b hr-invisible  avia-builder-el-9  el_after_av_image  el_before_av_textblock'><span class='hr-inner'><span class=\"hr-inner-style\"><\/span><\/span><\/div><br \/>\n\n<style type=\"text\/css\" data-created_by=\"avia_inline_auto\" id=\"style-css-av-32eb2qr-291c06f158e81ebe69e19a637b086e29\">\n#top .av_textblock_section.av-32eb2qr-291c06f158e81ebe69e19a637b086e29 .avia_textblock{\ncolor:#eaa200;\n}\n<\/style>\n<section  class='av_textblock_section av-32eb2qr-291c06f158e81ebe69e19a637b086e29'   itemscope=\"itemscope\" itemtype=\"https:\/\/schema.org\/CreativeWork\" ><div class='avia_textblock av_inherit_color'  itemprop=\"text\" ><h3><\/h3>\n<h3><\/h3>\n<h3 style=\"text-align: center;\">Ich bin der einzige offizielle Importeur f\u00fcr die Benelux!<br \/>\nSehen Sie sich hier mein komplettes Sortiment an<\/h3>\n<\/div><\/section><br \/>\n\n<style type=\"text\/css\" data-created_by=\"avia_inline_auto\" id=\"style-css-av-8oinqb-205e50096fb2938490dea376313afe04\">\n#top .hr.hr-invisible.av-8oinqb-205e50096fb2938490dea376313afe04{\nheight:10px;\n}\n<\/style>\n<div  class='hr av-8oinqb-205e50096fb2938490dea376313afe04 hr-invisible  avia-builder-el-11  el_after_av_textblock  el_before_av_button'><span class='hr-inner'><span class=\"hr-inner-style\"><\/span><\/span><\/div><br \/>\n<div  class='avia-button-wrap av-28ngu3n-8af7ad0ceaf14e220cb4a0da42fba164-wrap avia-button-center  avia-builder-el-12  el_after_av_hr  avia-builder-el-last'><a href=''  class='avia-button av-28ngu3n-8af7ad0ceaf14e220cb4a0da42fba164 av-link-btn avia-icon_select-no avia-size-small avia-position-center avia-color-theme-color-subtle'   aria-label=\"Jetzt einkaufen\"><span class='avia_iconbox_title' >Jetzt einkaufen<\/span><\/a><\/div><\/p><\/div>\n<div  class='flex_column av-1sryuir-179aebaffe0e9de8eb37cdb2c268d762 av_one_half  avia-builder-el-13  el_after_av_one_half  el_before_av_one_half  first flex_column_div  column-top-margin'     ><section  class='av_textblock_section av-10rn4eb-480f935d7395155f18535590905f7602'   itemscope=\"itemscope\" itemtype=\"https:\/\/schema.org\/CreativeWork\" ><div class='avia_textblock'  itemprop=\"text\" ><h2>Aber wie behandeln Sie das Innere Ihrer Sauna? 7 Tipps<\/h2>\n<h5>Tipp 1: Verwenden Sie sauberes Wasser<\/h5>\n<p>Dies ist ein wichtiger Tipp f\u00fcr die richtige Wartung Ihrer Sauna. Obwohl es einfach erscheint, beugt es Schimmelproblemen vor und sorgt f\u00fcr eine gesunde Umgebung. Indem Sie immer frisches Wasser verwenden, atmen Sie w\u00e4hrend Ihrer Sitzung die sauberste Luft.<\/p>\n<h5>Tipp 2: Reinigen<\/h5>\n<p>Ein weiterer Tipp ist, das Holz mit einem feuchten Tuch und milder Seife zu reinigen. Dadurch werden Schmutz- und Schwei\u00dfr\u00fcckst\u00e4nde entfernt, die sich ansammeln und das Holz besch\u00e4digen k\u00f6nnen.<\/p>\n<h5>Tipp 3: L\u00fcften<\/h5>\n<p>Achten Sie darauf, die Sauna gut zu bel\u00fcften, damit keine Feuchtigkeit in das Holz eindringen kann. Halten Sie die L\u00fcftungs\u00f6ffnungen immer frei und lassen Sie die Sauna nach Gebrauch bei ge\u00f6ffneter T\u00fcr gut trocknen.<\/p>\n<h5>Tipp 4: Auf Sch\u00e4den pr\u00fcfen<\/h5>\n<p>Au\u00dferdem ist es wichtig, das Holz regelm\u00e4\u00dfig auf Sch\u00e4den wie Risse oder lose Dielen zu pr\u00fcfen. Bitte reparieren Sie dies so schnell wie m\u00f6glich, um weitere Sch\u00e4den zu vermeiden.<\/p>\n<h5>Tipp 5: Keine aggressiven Reinigungsmittel verwenden<\/h5>\n<p>Verwenden Sie beim Reinigen des Holzes keine scharfen Gegenst\u00e4nde oder aggressive Reinigungsmittel, um Kratzer und Besch\u00e4digungen zu vermeiden. Verwenden Sie besser ein weiches Tuch und milde Reinigungsmittel.<\/p>\n<h5>Tipp 6: Saunapflege\u00f6l verwenden<\/h5>\n<p>Ein weiterer Tipp ist, das Holz regelm\u00e4\u00dfig mit einem speziellen Sauna\u00f6l zu behandeln. Denken Sie zum Beispiel an das Sauna-Pflege\u00f6l von Borma Wachs. Dieses \u00d6l sch\u00fctzt das Holz strukturell vor Feuchtigkeit und Temperaturschwankungen, sodass es l\u00e4nger sch\u00f6n bleibt und weniger anf\u00e4llig f\u00fcr F\u00e4ulnis ist.<\/p>\n<h5>Tipp 7: Schleifen<\/h5>\n<p>Abschlie\u00dfend empfiehlt es sich, das Holz in Ihrer Sauna von Zeit zu Zeit gr\u00fcndlich abzuschleifen und erneut mit \u00d6l zu behandeln, um das Holz in einem optimalen Zustand zu halten.<\/p>\n<p><strong>Mit diesen Tipps k\u00f6nnen Sie Ihre Sauna in vollen Z\u00fcgen genie\u00dfen und das Holz bleibt in einem Top-Zustand!<\/strong><\/p>\n<\/div><\/section><br \/>\n<div  class='avia-button-wrap av-mqrjer-be990fb42f841763ad46dbbc2e9e8768-wrap avia-button-center  avia-builder-el-15  el_after_av_textblock  avia-builder-el-last'><a href='https:\/\/partsandpieces.nl\/de\/produkt\/borma-wachs-saunapflegeol-1-liter\/'  class='avia-button av-mqrjer-be990fb42f841763ad46dbbc2e9e8768 av-link-btn avia-icon_select-no avia-size-small avia-position-center avia-color-orange'   aria-label=\"zum Sauna Pflege\u00f6l\"><span class='avia_iconbox_title' >zum Sauna Pflege\u00f6l<\/span><\/a><\/div><\/p><\/div>\n<style type=\"text\/css\" data-created_by=\"avia_inline_auto\" id=\"style-css-av-101kc3n-bf3f60b119643b971106a18c0bd644d2\">\n.flex_column.av-101kc3n-bf3f60b119643b971106a18c0bd644d2{\nborder-radius:12px 12px 12px 12px;\npadding:30px 30px 30px 30px;\nbackground:url(https:\/\/partsandpieces.nl\/wp-content\/uploads\/2022\/10\/footer-bg.png) 50% 50% no-repeat scroll ;\n}\n<\/style>\n<div  class='flex_column av-101kc3n-bf3f60b119643b971106a18c0bd644d2 av_one_half  avia-builder-el-16  el_after_av_one_half  el_before_av_one_half  flex_column_div avia-full-stretch  column-top-margin'     ><style type=\"text\/css\" data-created_by=\"avia_inline_auto\" id=\"style-css-av-2bh7b7-ba539d1567005b944cf52e45608da744\">\n#top .av_textblock_section.av-2bh7b7-ba539d1567005b944cf52e45608da744 .avia_textblock{\nfont-size:18px;\n}\n<\/style>\n<section  class='av_textblock_section av-2bh7b7-ba539d1567005b944cf52e45608da744'   itemscope=\"itemscope\" itemtype=\"https:\/\/schema.org\/CreativeWork\" ><div class='avia_textblock'  itemprop=\"text\" ><h2 style=\"text-align: center;\"><i class=\"fa-sharp fa-solid fa-badge-check\"><\/i> Zuverl\u00e4ssiger Webshop <i class=\"fa-sharp fa-solid fa-badge-check\"><\/i><\/h2>\n<p style=\"text-align: center;\">Kostenloser Versand ab 50 \u20ac innerhalb der Niederlande, der EU und des Vereinigten K\u00f6nigreichs<br \/>\nVor 16:30 Uhr bestellt, heute verschickt<br \/>\nOffizieller Borma Wachs-H\u00e4ndler<br \/>\nImmer ab Lager lieferbar<\/p>\n<\/div><\/section><\/div><\/p>\n<div  class='flex_column av-wotmml-567dcc27a55f30fd7a6f96cc8d89b1ee av_one_half  avia-builder-el-18  el_after_av_one_half  avia-builder-el-last  first flex_column_div  column-top-margin'     ><\/div>","protected":false},"excerpt":{"rendered":"","protected":false},"author":823,"featured_media":0,"parent":0,"menu_order":0,"comment_status":"closed","ping_status":"closed","template":"","meta":{"_acf_changed":false,"footnotes":""},"class_list":["post-10765","page","type-page","status-publish","hentry"],"acf":[],"yoast_head":"<!-- This site is optimized with the Yoast SEO plugin v27.3 - https:\/\/yoast.com\/product\/yoast-seo-wordpress\/ -->\n<title>Hout in je sauna onderhouden: 7 tips om je sauna<\/title>\n<meta name=\"description\" content=\"Het hout van je sauna onderhouden is belangrijk. Voorkom beschadiging en verkleuring door hitte en vochtigheid.\" \/>\n<meta name=\"robots\" content=\"index, follow, max-snippet:-1, max-image-preview:large, max-video-preview:-1\" \/>\n<link rel=\"canonical\" href=\"https:\/\/partsandpieces.nl\/de\/pflege-des-holzes-in-ihrer-sauna-7-tipps-um-das-innere-ihrer-sauna-in-topzustand-zu-halten\/\" \/>\n<meta property=\"og:locale\" content=\"de_DE\" \/>\n<meta property=\"og:type\" content=\"article\" \/>\n<meta property=\"og:title\" content=\"Hout in je sauna onderhouden: 7 tips om je sauna\" \/>\n<meta property=\"og:description\" content=\"Het hout van je sauna onderhouden is belangrijk. Voorkom beschadiging en verkleuring door hitte en vochtigheid.\" \/>\n<meta property=\"og:url\" content=\"https:\/\/partsandpieces.nl\/de\/pflege-des-holzes-in-ihrer-sauna-7-tipps-um-das-innere-ihrer-sauna-in-topzustand-zu-halten\/\" \/>\n<meta property=\"og:site_name\" content=\"Parts &amp; Pieces\" \/>\n<meta property=\"article:modified_time\" content=\"2025-02-11T14:12:04+00:00\" \/>\n<meta name=\"twitter:card\" content=\"summary_large_image\" \/>\n<meta name=\"twitter:label1\" content=\"Gesch\u00e4tzte Lesezeit\" \/>\n\t<meta name=\"twitter:data1\" content=\"3\u00a0Minuten\" \/>\n<script type=\"application\/ld+json\" class=\"yoast-schema-graph\">{\"@context\":\"https:\\\/\\\/schema.org\",\"@graph\":[{\"@type\":\"WebPage\",\"@id\":\"https:\\\/\\\/partsandpieces.nl\\\/hout-in-je-sauna-onderhouden-7-tips-om-je-sauna-van-binnen-in-topconditie-te-houden\\\/\",\"url\":\"https:\\\/\\\/partsandpieces.nl\\\/hout-in-je-sauna-onderhouden-7-tips-om-je-sauna-van-binnen-in-topconditie-te-houden\\\/\",\"name\":\"Hout in je sauna onderhouden: 7 tips om je sauna\",\"isPartOf\":{\"@id\":\"https:\\\/\\\/partsandpieces.nl\\\/#website\"},\"datePublished\":\"2025-02-11T10:23:26+00:00\",\"dateModified\":\"2025-02-11T14:12:04+00:00\",\"description\":\"Het hout van je sauna onderhouden is belangrijk. Voorkom beschadiging en verkleuring door hitte en vochtigheid.\",\"breadcrumb\":{\"@id\":\"https:\\\/\\\/partsandpieces.nl\\\/hout-in-je-sauna-onderhouden-7-tips-om-je-sauna-van-binnen-in-topconditie-te-houden\\\/#breadcrumb\"},\"inLanguage\":\"de\",\"potentialAction\":[{\"@type\":\"ReadAction\",\"target\":[\"https:\\\/\\\/partsandpieces.nl\\\/hout-in-je-sauna-onderhouden-7-tips-om-je-sauna-van-binnen-in-topconditie-te-houden\\\/\"]}]},{\"@type\":\"BreadcrumbList\",\"@id\":\"https:\\\/\\\/partsandpieces.nl\\\/hout-in-je-sauna-onderhouden-7-tips-om-je-sauna-van-binnen-in-topconditie-te-houden\\\/#breadcrumb\",\"itemListElement\":[{\"@type\":\"ListItem\",\"position\":1,\"name\":\"Home\",\"item\":\"https:\\\/\\\/partsandpieces.nl\\\/home\\\/\"},{\"@type\":\"ListItem\",\"position\":2,\"name\":\"Hout in je sauna onderhouden: 7 tips om je sauna van binnen in topconditie te houden\"}]},{\"@type\":\"WebSite\",\"@id\":\"https:\\\/\\\/partsandpieces.nl\\\/#website\",\"url\":\"https:\\\/\\\/partsandpieces.nl\\\/\",\"name\":\"Parts &amp; Pieces\",\"description\":\"Alles voor uw meubelrestauratie en -onderhoud!\",\"potentialAction\":[{\"@type\":\"SearchAction\",\"target\":{\"@type\":\"EntryPoint\",\"urlTemplate\":\"https:\\\/\\\/partsandpieces.nl\\\/?s={search_term_string}\"},\"query-input\":{\"@type\":\"PropertyValueSpecification\",\"valueRequired\":true,\"valueName\":\"search_term_string\"}}],\"inLanguage\":\"de\"}]}<\/script>\n<!-- \/ Yoast SEO plugin. -->","yoast_head_json":{"title":"Pflege des Holzes in Ihrer Sauna: 7 Tipps zur Erhaltung Ihrer Sauna","description":"Die Pflege des Holzes Ihrer Sauna ist wichtig. Verhindern Sie Sch\u00e4den und Verf\u00e4rbungen durch Hitze und Feuchtigkeit.","robots":{"index":"index","follow":"follow","max-snippet":"max-snippet:-1","max-image-preview":"max-image-preview:large","max-video-preview":"max-video-preview:-1"},"canonical":"https:\/\/partsandpieces.nl\/de\/pflege-des-holzes-in-ihrer-sauna-7-tipps-um-das-innere-ihrer-sauna-in-topzustand-zu-halten\/","og_locale":"de_DE","og_type":"article","og_title":"Hout in je sauna onderhouden: 7 tips om je sauna","og_description":"Het hout van je sauna onderhouden is belangrijk. Voorkom beschadiging en verkleuring door hitte en vochtigheid.","og_url":"https:\/\/partsandpieces.nl\/de\/pflege-des-holzes-in-ihrer-sauna-7-tipps-um-das-innere-ihrer-sauna-in-topzustand-zu-halten\/","og_site_name":"Parts &amp; Pieces","article_modified_time":"2025-02-11T14:12:04+00:00","twitter_card":"summary_large_image","twitter_misc":{"Gesch\u00e4tzte Lesezeit":"3\u00a0Minuten"},"schema":{"@context":"https:\/\/schema.org","@graph":[{"@type":"WebPage","@id":"https:\/\/partsandpieces.nl\/hout-in-je-sauna-onderhouden-7-tips-om-je-sauna-van-binnen-in-topconditie-te-houden\/","url":"https:\/\/partsandpieces.nl\/hout-in-je-sauna-onderhouden-7-tips-om-je-sauna-van-binnen-in-topconditie-te-houden\/","name":"Pflege des Holzes in Ihrer Sauna: 7 Tipps zur Erhaltung Ihrer Sauna","isPartOf":{"@id":"https:\/\/partsandpieces.nl\/#website"},"datePublished":"2025-02-11T10:23:26+00:00","dateModified":"2025-02-11T14:12:04+00:00","description":"Die Pflege des Holzes Ihrer Sauna ist wichtig. Verhindern Sie Sch\u00e4den und Verf\u00e4rbungen durch Hitze und Feuchtigkeit.","breadcrumb":{"@id":"https:\/\/partsandpieces.nl\/hout-in-je-sauna-onderhouden-7-tips-om-je-sauna-van-binnen-in-topconditie-te-houden\/#breadcrumb"},"inLanguage":"de","potentialAction":[{"@type":"ReadAction","target":["https:\/\/partsandpieces.nl\/hout-in-je-sauna-onderhouden-7-tips-om-je-sauna-van-binnen-in-topconditie-te-houden\/"]}]},{"@type":"BreadcrumbList","@id":"https:\/\/partsandpieces.nl\/hout-in-je-sauna-onderhouden-7-tips-om-je-sauna-van-binnen-in-topconditie-te-houden\/#breadcrumb","itemListElement":[{"@type":"ListItem","position":1,"name":"Home","item":"https:\/\/partsandpieces.nl\/home\/"},{"@type":"ListItem","position":2,"name":"Hout in je sauna onderhouden: 7 tips om je sauna van binnen in topconditie te houden"}]},{"@type":"WebSite","@id":"https:\/\/partsandpieces.nl\/#website","url":"https:\/\/partsandpieces.nl\/","name":"Teile &amp; St\u00fccke","description":"Alles f\u00fcr Ihre M\u00f6belrestaurierung und -pflege!","potentialAction":[{"@type":"SearchAction","target":{"@type":"EntryPoint","urlTemplate":"https:\/\/partsandpieces.nl\/?s={search_term_string}"},"query-input":{"@type":"PropertyValueSpecification","valueRequired":true,"valueName":"search_term_string"}}],"inLanguage":"de"}]}},"_links":{"self":[{"href":"https:\/\/partsandpieces.nl\/de\/wp-json\/wp\/v2\/pages\/10765","targetHints":{"allow":["GET"]}}],"collection":[{"href":"https:\/\/partsandpieces.nl\/de\/wp-json\/wp\/v2\/pages"}],"about":[{"href":"https:\/\/partsandpieces.nl\/de\/wp-json\/wp\/v2\/types\/page"}],"author":[{"embeddable":true,"href":"https:\/\/partsandpieces.nl\/de\/wp-json\/wp\/v2\/users\/823"}],"replies":[{"embeddable":true,"href":"https:\/\/partsandpieces.nl\/de\/wp-json\/wp\/v2\/comments?post=10765"}],"version-history":[{"count":9,"href":"https:\/\/partsandpieces.nl\/de\/wp-json\/wp\/v2\/pages\/10765\/revisions"}],"predecessor-version":[{"id":11200,"href":"https:\/\/partsandpieces.nl\/de\/wp-json\/wp\/v2\/pages\/10765\/revisions\/11200"}],"wp:attachment":[{"href":"https:\/\/partsandpieces.nl\/de\/wp-json\/wp\/v2\/media?parent=10765"}],"curies":[{"name":"wp","href":"https:\/\/api.w.org\/{rel}","templated":true}]}}