{"id":3040,"date":"2022-09-29T19:45:59","date_gmt":"2022-09-29T19:45:59","guid":{"rendered":"https:\/\/partsandpieces.bonsaidev.nl?p=3040"},"modified":"2023-02-13T15:13:23","modified_gmt":"2023-02-13T14:13:23","slug":"datenschutzrichtlinie","status":"publish","type":"page","link":"https:\/\/partsandpieces.nl\/de\/privacy-policy\/","title":{"rendered":"Datenschutz-Bestimmungen"},"content":{"rendered":"<div id='av_section_1'  class='avia-section av-9qzb68-640c260f4d68a13bfdc696ed30763aa7 main_color avia-section-default avia-no-border-styling  avia-builder-el-0  avia-builder-el-no-sibling  avia-bg-style-scroll container_wrap fullsize'  ><div class='container av-section-cont-open' ><main  role=\"main\" itemprop=\"mainContentOfPage\"  class='template-page content  av-content-full alpha units'><div class='post-entry post-entry-type-page post-entry-3040'><div class='entry-content-wrapper clearfix'>\n\n<style type=\"text\/css\" data-created_by=\"avia_inline_auto\" id=\"style-css-av-6z67bk-609768780e687c31661a1d8048b22e8c\">\n.flex_column.av-6z67bk-609768780e687c31661a1d8048b22e8c{\nwidth:66%;\n}\n<\/style>\n<div  class='flex_column av-6z67bk-609768780e687c31661a1d8048b22e8c av_two_third  avia-builder-el-1  el_before_av_one_third  avia-builder-el-first  first flex_column_div'     ><section  class='av_textblock_section av-5zoc8g-a4dd7282d7aec01e00fcfb54c8acf3a0'   itemscope=\"itemscope\" itemtype=\"https:\/\/schema.org\/CreativeWork\" ><div class='avia_textblock'  itemprop=\"text\" ><h1>Datenschutzerkl\u00e4rung<\/h1>\n<p>Parts and Pieces respektiert Ihre Privatsph\u00e4re und die aller Benutzer seiner Website und stellt sicher, dass die von Ihnen bereitgestellten pers\u00f6nlichen Informationen vertraulich behandelt werden. Wir verwenden Ihre Daten, um Bestellungen so schnell und einfach wie m\u00f6glich abzuwickeln. Ansonsten verwenden wir diese Daten nur mit Ihrer Zustimmung. Parts and Pieces verkauft Ihre personenbezogenen Daten nicht an Dritte und stellt sie nur Dritten zur Verf\u00fcgung, die an der Bearbeitung Ihrer Bestellung beteiligt sind.<\/p>\n<p>Parts and Pieces verwendet die gesammelten Daten, um Ihnen die folgenden Dienstleistungen anzubieten:<\/p>\n<p>Wenn Sie eine Bestellung aufgeben, ben\u00f6tigen wir Ihren Namen, Ihre E-Mail-Adresse, Ihre Lieferadresse und Ihre Zahlungsdaten, um Ihre Bestellung zu bearbeiten und Sie \u00fcber den Fortschritt auf dem Laufenden zu halten.<\/p>\n<p>Um das Einkaufen bei Parts and Pieces.nl so angenehm wie m\u00f6glich zu gestalten, speichern wir mit Ihrer Erlaubnis Ihre pers\u00f6nlichen Daten und die Details zu Ihrer Bestellung und der Nutzung unserer Dienste. Dadurch k\u00f6nnen wir die Website personalisieren.<\/p>\n<p>Wir verwenden Ihre E-Mail-Adresse, um Sie \u00fcber die Entwicklung der Website und \u00fcber Sonderangebote und Aktionen zu informieren. Wenn Sie dies nicht mehr sch\u00e4tzen, k\u00f6nnen Sie sich auf unserer Website abmelden.<\/p>\n<p>Wenn Sie eine Bestellung bei Parts and Pieces aufgeben, speichern wir Ihre Daten auf Wunsch auf einem sicheren Server. Sie k\u00f6nnen einen Benutzernamen und ein Passwort eingeben, damit Sie Ihren Namen und Ihre Adresse, Telefonnummer, E-Mail-Adresse, Liefer- und Zahlungsdaten eingeben k\u00f6nnen, damit Sie diese nicht bei jeder neuen Bestellung eingeben m\u00fcssen.<\/p>\n<p>Informationen \u00fcber die Nutzung unserer Website und das Feedback, das wir von Ihnen und anderen Besuchern erhalten, helfen uns, unsere Website weiterzuentwickeln und zu verbessern.<\/p>\n<p>Parts and Pieces verkauft Ihre Daten nicht.<\/p>\n<p>Parts and Pieces verkauft Ihre personenbezogenen Daten nicht an Dritte und stellt sie nur Dritten zur Verf\u00fcgung, die an der Bearbeitung Ihrer Bestellung beteiligt sind. Unsere Mitarbeiter und von uns beauftragte Dritte sind verpflichtet, die Vertraulichkeit Ihrer Daten zu wahren.<\/p>\n<p>Kekse<br \/>\nCookies sind kleine Informationseinheiten, die Ihr Browser auf Ihrem Computer speichert. Parts and Pieces verwendet Cookies, um Sie bei Ihrem n\u00e4chsten Besuch wiederzuerkennen. Cookies erm\u00f6glichen es uns, Informationen \u00fcber die Nutzung unserer Dienste zu sammeln und diese zu verbessern und Ihren W\u00fcnschen anzupassen. Unsere Cookies liefern Informationen zur pers\u00f6nlichen Identifizierung. Sie k\u00f6nnen Ihren Browser so einstellen, dass Sie beim Einkaufen bei Parts and Pieces keine Cookies erhalten.<\/p>\n<p>Wenn Sie Fragen zur Datenschutzrichtlinie von Parts and Pieces haben, kontaktieren Sie uns bitte. Unser Kundenservice hilft Ihnen weiter, wenn Sie Auskunft \u00fcber Ihre Daten ben\u00f6tigen oder diese \u00e4ndern m\u00f6chten. Sollten \u00c4nderungen unserer Datenschutzerkl\u00e4rung erforderlich sein, finden Sie auf dieser Seite immer die aktuellsten Informationen.<\/p>\n<\/div><\/section><\/div>\n<style type=\"text\/css\" data-created_by=\"avia_inline_auto\" id=\"style-css-av-48dqww-a71b5fda1974853886adf1200ba1080f\">\n.flex_column.av-48dqww-a71b5fda1974853886adf1200ba1080f{\nwidth:32%;\nmargin-left:2%;\npadding:0 0 0 60px;\n}\n<\/style>\n<div  class='flex_column av-48dqww-a71b5fda1974853886adf1200ba1080f av_one_third  avia-builder-el-3  el_after_av_two_third  avia-builder-el-last  padding-blok flex_column_div'     ><div  class='avia-builder-widget-area clearfix  avia-builder-el-4  avia-builder-el-no-sibling'><section id=\"text-6\" class=\"widget clearfix widget_text\"><h3 class=\"widgettitle\">Information<\/h3>\t\t\t<div class=\"textwidget\"><p><a href=\"https:\/\/partsandpieces.nl\/de\/over-ons\/\">\u00dcber uns<\/a><br \/>\n<a href=\"https:\/\/partsandpieces.nl\/de\/versand-und-versandkosten\/\">Versand &amp; Versandkosten<\/a><br \/>\n<a href=\"https:\/\/partsandpieces.nl\/de\/sicheres-einkaufen\/\">Sicher einkaufen<\/a><br \/>\n<a href=\"https:\/\/partsandpieces.nl\/de\/betaalmogelijkheden\/\">Zahlungsm\u00f6glichkeiten<\/a><br \/>\n<a href=\"https:\/\/partsandpieces.nl\/de\/ruckgabe-oder-umtausch\/\">R\u00fcckgabe oder Umtausch<\/a><\/p>\n<\/div>\n\t\t<span class=\"seperator extralight-border\"><\/span><\/section><section id=\"text-7\" class=\"widget clearfix widget_text\"><h3 class=\"widgettitle\">Gesch\u00e4ftskunde?<\/h3>\t\t\t<div class=\"textwidget\"><p>Haben Sie einen Laden oder ein Gesch\u00e4ft?<br \/>\nKaufen Sie mit Rabatt.<\/p>\n<p><a class=\"avia-button avia-color-theme-color\" href=\"https:\/\/partsandpieces.nl\/de\/mengenrabatt-fur-geschaftskunden\/\">Anmeldung<\/a><\/p>\n<\/div>\n\t\t<span class=\"seperator extralight-border\"><\/span><\/section><\/div><\/div>","protected":false},"excerpt":{"rendered":"","protected":false},"author":1,"featured_media":0,"parent":0,"menu_order":3,"comment_status":"open","ping_status":"open","template":"","meta":{"_acf_changed":false,"footnotes":""},"class_list":["post-3040","page","type-page","status-publish","hentry"],"acf":[],"yoast_head":"<!-- This site is optimized with the Yoast SEO plugin v27.3 - https:\/\/yoast.com\/product\/yoast-seo-wordpress\/ -->\n<title>Privacy-Policy<\/title>\n<meta name=\"description\" content=\"Hoe gaat Parts &amp; Pieces om met uw persoonsgegevens?\" \/>\n<meta name=\"robots\" content=\"index, follow, max-snippet:-1, max-image-preview:large, max-video-preview:-1\" \/>\n<link rel=\"canonical\" href=\"https:\/\/partsandpieces.nl\/de\/datenschutzrichtlinie\/\" \/>\n<meta property=\"og:locale\" content=\"de_DE\" \/>\n<meta property=\"og:type\" content=\"article\" \/>\n<meta property=\"og:title\" content=\"Privacy-Policy\" \/>\n<meta property=\"og:description\" content=\"Hoe gaat Parts &amp; Pieces om met uw persoonsgegevens?\" \/>\n<meta property=\"og:url\" content=\"https:\/\/partsandpieces.nl\/de\/datenschutzrichtlinie\/\" \/>\n<meta property=\"og:site_name\" content=\"Parts &amp; Pieces\" \/>\n<meta property=\"article:modified_time\" content=\"2023-02-13T14:13:23+00:00\" \/>\n<meta name=\"twitter:card\" content=\"summary_large_image\" \/>\n<meta name=\"twitter:label1\" content=\"Gesch\u00e4tzte Lesezeit\" \/>\n\t<meta name=\"twitter:data1\" content=\"4\u00a0Minuten\" \/>\n<script type=\"application\/ld+json\" class=\"yoast-schema-graph\">{\"@context\":\"https:\\\/\\\/schema.org\",\"@graph\":[{\"@type\":\"WebPage\",\"@id\":\"https:\\\/\\\/partsandpieces.nl\\\/privacy-policy\\\/\",\"url\":\"https:\\\/\\\/partsandpieces.nl\\\/privacy-policy\\\/\",\"name\":\"Privacy-Policy\",\"isPartOf\":{\"@id\":\"https:\\\/\\\/partsandpieces.nl\\\/#website\"},\"datePublished\":\"2022-09-29T19:45:59+00:00\",\"dateModified\":\"2023-02-13T14:13:23+00:00\",\"description\":\"Hoe gaat Parts & Pieces om met uw persoonsgegevens?\",\"breadcrumb\":{\"@id\":\"https:\\\/\\\/partsandpieces.nl\\\/privacy-policy\\\/#breadcrumb\"},\"inLanguage\":\"de\",\"potentialAction\":[{\"@type\":\"ReadAction\",\"target\":[\"https:\\\/\\\/partsandpieces.nl\\\/privacy-policy\\\/\"]}]},{\"@type\":\"BreadcrumbList\",\"@id\":\"https:\\\/\\\/partsandpieces.nl\\\/privacy-policy\\\/#breadcrumb\",\"itemListElement\":[{\"@type\":\"ListItem\",\"position\":1,\"name\":\"Home\",\"item\":\"https:\\\/\\\/partsandpieces.nl\\\/home\\\/\"},{\"@type\":\"ListItem\",\"position\":2,\"name\":\"Privacy Policy\"}]},{\"@type\":\"WebSite\",\"@id\":\"https:\\\/\\\/partsandpieces.nl\\\/#website\",\"url\":\"https:\\\/\\\/partsandpieces.nl\\\/\",\"name\":\"Parts &amp; Pieces\",\"description\":\"Alles voor uw meubelrestauratie en -onderhoud!\",\"potentialAction\":[{\"@type\":\"SearchAction\",\"target\":{\"@type\":\"EntryPoint\",\"urlTemplate\":\"https:\\\/\\\/partsandpieces.nl\\\/?s={search_term_string}\"},\"query-input\":{\"@type\":\"PropertyValueSpecification\",\"valueRequired\":true,\"valueName\":\"search_term_string\"}}],\"inLanguage\":\"de\"}]}<\/script>\n<!-- \/ Yoast SEO plugin. -->","yoast_head_json":{"title":"Datenschutz-Bestimmungen","description":"Wie geht Parts &amp; Pieces mit Ihren personenbezogenen Daten um?","robots":{"index":"index","follow":"follow","max-snippet":"max-snippet:-1","max-image-preview":"max-image-preview:large","max-video-preview":"max-video-preview:-1"},"canonical":"https:\/\/partsandpieces.nl\/de\/datenschutzrichtlinie\/","og_locale":"de_DE","og_type":"article","og_title":"Privacy-Policy","og_description":"Hoe gaat Parts & Pieces om met uw persoonsgegevens?","og_url":"https:\/\/partsandpieces.nl\/de\/datenschutzrichtlinie\/","og_site_name":"Parts &amp; Pieces","article_modified_time":"2023-02-13T14:13:23+00:00","twitter_card":"summary_large_image","twitter_misc":{"Gesch\u00e4tzte Lesezeit":"4\u00a0Minuten"},"schema":{"@context":"https:\/\/schema.org","@graph":[{"@type":"WebPage","@id":"https:\/\/partsandpieces.nl\/privacy-policy\/","url":"https:\/\/partsandpieces.nl\/privacy-policy\/","name":"Datenschutz-Bestimmungen","isPartOf":{"@id":"https:\/\/partsandpieces.nl\/#website"},"datePublished":"2022-09-29T19:45:59+00:00","dateModified":"2023-02-13T14:13:23+00:00","description":"Wie geht Parts &amp; Pieces mit Ihren personenbezogenen Daten um?","breadcrumb":{"@id":"https:\/\/partsandpieces.nl\/privacy-policy\/#breadcrumb"},"inLanguage":"de","potentialAction":[{"@type":"ReadAction","target":["https:\/\/partsandpieces.nl\/privacy-policy\/"]}]},{"@type":"BreadcrumbList","@id":"https:\/\/partsandpieces.nl\/privacy-policy\/#breadcrumb","itemListElement":[{"@type":"ListItem","position":1,"name":"Home","item":"https:\/\/partsandpieces.nl\/home\/"},{"@type":"ListItem","position":2,"name":"Privacy Policy"}]},{"@type":"WebSite","@id":"https:\/\/partsandpieces.nl\/#website","url":"https:\/\/partsandpieces.nl\/","name":"Teile &amp; St\u00fccke","description":"Alles f\u00fcr Ihre M\u00f6belrestaurierung und -pflege!","potentialAction":[{"@type":"SearchAction","target":{"@type":"EntryPoint","urlTemplate":"https:\/\/partsandpieces.nl\/?s={search_term_string}"},"query-input":{"@type":"PropertyValueSpecification","valueRequired":true,"valueName":"search_term_string"}}],"inLanguage":"de"}]}},"_links":{"self":[{"href":"https:\/\/partsandpieces.nl\/de\/wp-json\/wp\/v2\/pages\/3040","targetHints":{"allow":["GET"]}}],"collection":[{"href":"https:\/\/partsandpieces.nl\/de\/wp-json\/wp\/v2\/pages"}],"about":[{"href":"https:\/\/partsandpieces.nl\/de\/wp-json\/wp\/v2\/types\/page"}],"author":[{"embeddable":true,"href":"https:\/\/partsandpieces.nl\/de\/wp-json\/wp\/v2\/users\/1"}],"replies":[{"embeddable":true,"href":"https:\/\/partsandpieces.nl\/de\/wp-json\/wp\/v2\/comments?post=3040"}],"version-history":[{"count":8,"href":"https:\/\/partsandpieces.nl\/de\/wp-json\/wp\/v2\/pages\/3040\/revisions"}],"predecessor-version":[{"id":4906,"href":"https:\/\/partsandpieces.nl\/de\/wp-json\/wp\/v2\/pages\/3040\/revisions\/4906"}],"wp:attachment":[{"href":"https:\/\/partsandpieces.nl\/de\/wp-json\/wp\/v2\/media?parent=3040"}],"curies":[{"name":"wp","href":"https:\/\/api.w.org\/{rel}","templated":true}]}}