{"id":3046,"date":"2022-09-29T19:46:12","date_gmt":"2022-09-29T19:46:12","guid":{"rendered":"https:\/\/partsandpieces.bonsaidev.nl?p=3046"},"modified":"2026-03-09T13:30:50","modified_gmt":"2026-03-09T12:30:50","slug":"versand-und-versandkosten","status":"publish","type":"page","link":"https:\/\/partsandpieces.nl\/de\/verzending-en-verzendkosten\/","title":{"rendered":"Versand und Versandkosten"},"content":{"rendered":"<div id='av_section_1'  class='avia-section av-5z6jt2-971027649e36476e3fa7fe164701b4fd main_color avia-section-default avia-no-border-styling  avia-builder-el-0  avia-builder-el-no-sibling  avia-bg-style-scroll container_wrap fullsize'  ><div class='container av-section-cont-open' ><main  role=\"main\" itemprop=\"mainContentOfPage\"  class='template-page content  av-content-full alpha units'><div class='post-entry post-entry-type-page post-entry-3046'><div class='entry-content-wrapper clearfix'>\n\n<style type=\"text\/css\" data-created_by=\"avia_inline_auto\" id=\"style-css-av-l9qu8vmg-9d776d54ff0fbd5e4f252f0078359802\">\n.flex_column.av-l9qu8vmg-9d776d54ff0fbd5e4f252f0078359802{\nwidth:66%;\n}\n<\/style>\n<div  class='flex_column av-l9qu8vmg-9d776d54ff0fbd5e4f252f0078359802 av_two_third  avia-builder-el-1  el_before_av_one_third  avia-builder-el-first  first flex_column_div'     ><section  class='av_textblock_section av-44iux2-08dfd17b90d6bed12d318ba76f3471e1'   itemscope=\"itemscope\" itemtype=\"https:\/\/schema.org\/CreativeWork\" ><div class='avia_textblock'  itemprop=\"text\" ><h1>Versand und Versandkosten<\/h1>\n<div>\n<p>Sie k\u00f6nnen Produkte schnell und sicher \u00fcber meinen Webshop bestellen. Bestellungen, die vor 16:30 Uhr eingehen, werden noch am selben Tag versendet. Ich versende immer mit Sendungsverfolgung, sodass Sie Ihre Sendung jederzeit verfolgen k\u00f6nnen. Sie erhalten den Code per E-Mail, sobald ich die Bestellung an den Versanddienstleister \u00fcbergeben habe.<\/p>\n<p><strong>Versand per DPD<\/strong><\/p>\n<p>Ich versende alle Pakete mit DPD. Ausgenommen sind Bestellungen in EU-L\u00e4nder au\u00dfer den Niederlanden, Belgien und Deutschland. F\u00fcr diese nutze ich PostNL und deren internationale Partner.<\/p>\n<\/div>\n<p><strong>Alles ist auf Lager<\/strong><\/p>\n<div>\n<p>Alle Produkte, die Sie in meinem Webshop direkt bestellen und bezahlen k\u00f6nnen, sind auf Lager. Ben\u00f6tigen Sie gr\u00f6\u00dfere Mengen, als Sie \u00fcber den Webshop bestellen k\u00f6nnen, kontaktieren Sie mich bitte.<\/p>\n<p>Ich habe ein interessantes Mengenrabattprogramm f\u00fcr professionelle M\u00f6belrestauratoren und Holzverarbeiter mit Umsatzsteuer-Identifikationsnummer. Informieren Sie sich \u00fcber die M\u00f6glichkeiten.<\/p>\n<h3>Portokosten<\/h3>\n<p>Ich versuche die Versandkosten so gering wie m\u00f6glich zu halten und kalkuliere sie nicht in die Produktpreise ein. Ich habe auch keinen Mindestbestellwert.<\/p>\n<h3>Bestellungen \u00fcber 50 \u20ac (inkl. MwSt.) werden versandkostenfrei geliefert, auch nach Belgien und Deutschland. Bestellungen \u00fcber 100 \u20ac (inkl. MwSt.) werden versandkostenfrei in die \u00fcbrige EU geliefert.<\/h3>\n<p>Ich berechne keine Kleinmengenzuschl\u00e4ge oder Zuschl\u00e4ge f\u00fcr Sendungen auf die Watteninseln oder ins Ausland.<\/p>\n<h3>Die Abholung Ihrer Bestellung ist immer KOSTENLOS.<\/h3>\n<p>Bei Bestellungen unter 50 \u20ac (inkl. MwSt.) berechne ich 4,95 \u20ac (inkl. MwSt.) f\u00fcr Lieferungen in die Niederlande und 8,95 \u20ac (inkl. MwSt.) f\u00fcr Lieferungen nach Belgien oder Deutschland. F\u00fcr Bestellungen innerhalb der \u00fcbrigen EU berechne ich 17,95 \u20ac (inkl. MwSt.) f\u00fcr Bestellungen bis zu 100 \u20ac.<\/p>\n<\/div>\n<\/div><\/section><\/div>\n<style type=\"text\/css\" data-created_by=\"avia_inline_auto\" id=\"style-css-av-l9qu9j5d-1aac758daae3d6c9d212c279f2b5e6a7\">\n.flex_column.av-l9qu9j5d-1aac758daae3d6c9d212c279f2b5e6a7{\nwidth:32%;\nmargin-left:2%;\npadding:0 0 0 60px;\n}\n<\/style>\n<div  class='flex_column av-l9qu9j5d-1aac758daae3d6c9d212c279f2b5e6a7 av_one_third  avia-builder-el-3  el_after_av_two_third  avia-builder-el-last  padding-blok flex_column_div'     ><div  class='avia-builder-widget-area clearfix  avia-builder-el-4  avia-builder-el-no-sibling'><section id=\"text-6\" class=\"widget clearfix widget_text\"><h3 class=\"widgettitle\">Information<\/h3>\t\t\t<div class=\"textwidget\"><p><a href=\"https:\/\/partsandpieces.nl\/de\/over-ons\/\">\u00dcber uns<\/a><br \/>\n<a href=\"https:\/\/partsandpieces.nl\/de\/versand-und-versandkosten\/\">Versand &amp; Versandkosten<\/a><br \/>\n<a href=\"https:\/\/partsandpieces.nl\/de\/sicheres-einkaufen\/\">Sicher einkaufen<\/a><br \/>\n<a href=\"https:\/\/partsandpieces.nl\/de\/betaalmogelijkheden\/\">Zahlungsm\u00f6glichkeiten<\/a><br \/>\n<a href=\"https:\/\/partsandpieces.nl\/de\/ruckgabe-oder-umtausch\/\">R\u00fcckgabe oder Umtausch<\/a><\/p>\n<\/div>\n\t\t<span class=\"seperator extralight-border\"><\/span><\/section><section id=\"text-7\" class=\"widget clearfix widget_text\"><h3 class=\"widgettitle\">Gesch\u00e4ftskunde?<\/h3>\t\t\t<div class=\"textwidget\"><p>Haben Sie einen Laden oder ein Gesch\u00e4ft?<br \/>\nKaufen Sie mit Rabatt.<\/p>\n<p><a class=\"avia-button avia-color-theme-color\" href=\"https:\/\/partsandpieces.nl\/de\/mengenrabatt-fur-geschaftskunden\/\">Anmeldung<\/a><\/p>\n<\/div>\n\t\t<span class=\"seperator extralight-border\"><\/span><\/section><\/div><\/div>","protected":false},"excerpt":{"rendered":"","protected":false},"author":1,"featured_media":0,"parent":0,"menu_order":2,"comment_status":"open","ping_status":"open","template":"","meta":{"_acf_changed":false,"footnotes":""},"class_list":["post-3046","page","type-page","status-publish","hentry"],"acf":[],"yoast_head":"<!-- This site is optimized with the Yoast SEO plugin v27.3 - https:\/\/yoast.com\/product\/yoast-seo-wordpress\/ -->\n<title>Verzending-en-verzendkosten<\/title>\n<meta name=\"robots\" content=\"index, follow, max-snippet:-1, max-image-preview:large, max-video-preview:-1\" \/>\n<link rel=\"canonical\" href=\"https:\/\/partsandpieces.nl\/de\/versand-und-versandkosten\/\" \/>\n<meta property=\"og:locale\" content=\"de_DE\" \/>\n<meta property=\"og:type\" content=\"article\" \/>\n<meta property=\"og:title\" content=\"Verzending-en-verzendkosten\" \/>\n<meta property=\"og:url\" content=\"https:\/\/partsandpieces.nl\/de\/versand-und-versandkosten\/\" \/>\n<meta property=\"og:site_name\" content=\"Parts &amp; Pieces\" \/>\n<meta property=\"article:modified_time\" content=\"2026-03-09T12:30:50+00:00\" \/>\n<meta name=\"twitter:card\" content=\"summary_large_image\" \/>\n<meta name=\"twitter:label1\" content=\"Gesch\u00e4tzte Lesezeit\" \/>\n\t<meta name=\"twitter:data1\" content=\"2\u00a0Minuten\" \/>\n<script type=\"application\/ld+json\" class=\"yoast-schema-graph\">{\"@context\":\"https:\\\/\\\/schema.org\",\"@graph\":[{\"@type\":\"WebPage\",\"@id\":\"https:\\\/\\\/partsandpieces.nl\\\/verzending-en-verzendkosten\\\/\",\"url\":\"https:\\\/\\\/partsandpieces.nl\\\/verzending-en-verzendkosten\\\/\",\"name\":\"Verzending-en-verzendkosten\",\"isPartOf\":{\"@id\":\"https:\\\/\\\/partsandpieces.nl\\\/#website\"},\"datePublished\":\"2022-09-29T19:46:12+00:00\",\"dateModified\":\"2026-03-09T12:30:50+00:00\",\"breadcrumb\":{\"@id\":\"https:\\\/\\\/partsandpieces.nl\\\/verzending-en-verzendkosten\\\/#breadcrumb\"},\"inLanguage\":\"de\",\"potentialAction\":[{\"@type\":\"ReadAction\",\"target\":[\"https:\\\/\\\/partsandpieces.nl\\\/verzending-en-verzendkosten\\\/\"]}]},{\"@type\":\"BreadcrumbList\",\"@id\":\"https:\\\/\\\/partsandpieces.nl\\\/verzending-en-verzendkosten\\\/#breadcrumb\",\"itemListElement\":[{\"@type\":\"ListItem\",\"position\":1,\"name\":\"Home\",\"item\":\"https:\\\/\\\/partsandpieces.nl\\\/home\\\/\"},{\"@type\":\"ListItem\",\"position\":2,\"name\":\"Verzending en verzendkosten\"}]},{\"@type\":\"WebSite\",\"@id\":\"https:\\\/\\\/partsandpieces.nl\\\/#website\",\"url\":\"https:\\\/\\\/partsandpieces.nl\\\/\",\"name\":\"Parts &amp; Pieces\",\"description\":\"Alles voor uw meubelrestauratie en -onderhoud!\",\"potentialAction\":[{\"@type\":\"SearchAction\",\"target\":{\"@type\":\"EntryPoint\",\"urlTemplate\":\"https:\\\/\\\/partsandpieces.nl\\\/?s={search_term_string}\"},\"query-input\":{\"@type\":\"PropertyValueSpecification\",\"valueRequired\":true,\"valueName\":\"search_term_string\"}}],\"inLanguage\":\"de\"}]}<\/script>\n<!-- \/ Yoast SEO plugin. -->","yoast_head_json":{"title":"Versand- und Versandkosten","robots":{"index":"index","follow":"follow","max-snippet":"max-snippet:-1","max-image-preview":"max-image-preview:large","max-video-preview":"max-video-preview:-1"},"canonical":"https:\/\/partsandpieces.nl\/de\/versand-und-versandkosten\/","og_locale":"de_DE","og_type":"article","og_title":"Verzending-en-verzendkosten","og_url":"https:\/\/partsandpieces.nl\/de\/versand-und-versandkosten\/","og_site_name":"Parts &amp; Pieces","article_modified_time":"2026-03-09T12:30:50+00:00","twitter_card":"summary_large_image","twitter_misc":{"Gesch\u00e4tzte Lesezeit":"2\u00a0Minuten"},"schema":{"@context":"https:\/\/schema.org","@graph":[{"@type":"WebPage","@id":"https:\/\/partsandpieces.nl\/verzending-en-verzendkosten\/","url":"https:\/\/partsandpieces.nl\/verzending-en-verzendkosten\/","name":"Versand- und Versandkosten","isPartOf":{"@id":"https:\/\/partsandpieces.nl\/#website"},"datePublished":"2022-09-29T19:46:12+00:00","dateModified":"2026-03-09T12:30:50+00:00","breadcrumb":{"@id":"https:\/\/partsandpieces.nl\/verzending-en-verzendkosten\/#breadcrumb"},"inLanguage":"de","potentialAction":[{"@type":"ReadAction","target":["https:\/\/partsandpieces.nl\/verzending-en-verzendkosten\/"]}]},{"@type":"BreadcrumbList","@id":"https:\/\/partsandpieces.nl\/verzending-en-verzendkosten\/#breadcrumb","itemListElement":[{"@type":"ListItem","position":1,"name":"Home","item":"https:\/\/partsandpieces.nl\/home\/"},{"@type":"ListItem","position":2,"name":"Verzending en verzendkosten"}]},{"@type":"WebSite","@id":"https:\/\/partsandpieces.nl\/#website","url":"https:\/\/partsandpieces.nl\/","name":"Teile &amp; St\u00fccke","description":"Alles f\u00fcr Ihre M\u00f6belrestaurierung und -pflege!","potentialAction":[{"@type":"SearchAction","target":{"@type":"EntryPoint","urlTemplate":"https:\/\/partsandpieces.nl\/?s={search_term_string}"},"query-input":{"@type":"PropertyValueSpecification","valueRequired":true,"valueName":"search_term_string"}}],"inLanguage":"de"}]}},"_links":{"self":[{"href":"https:\/\/partsandpieces.nl\/de\/wp-json\/wp\/v2\/pages\/3046","targetHints":{"allow":["GET"]}}],"collection":[{"href":"https:\/\/partsandpieces.nl\/de\/wp-json\/wp\/v2\/pages"}],"about":[{"href":"https:\/\/partsandpieces.nl\/de\/wp-json\/wp\/v2\/types\/page"}],"author":[{"embeddable":true,"href":"https:\/\/partsandpieces.nl\/de\/wp-json\/wp\/v2\/users\/1"}],"replies":[{"embeddable":true,"href":"https:\/\/partsandpieces.nl\/de\/wp-json\/wp\/v2\/comments?post=3046"}],"version-history":[{"count":12,"href":"https:\/\/partsandpieces.nl\/de\/wp-json\/wp\/v2\/pages\/3046\/revisions"}],"predecessor-version":[{"id":14288,"href":"https:\/\/partsandpieces.nl\/de\/wp-json\/wp\/v2\/pages\/3046\/revisions\/14288"}],"wp:attachment":[{"href":"https:\/\/partsandpieces.nl\/de\/wp-json\/wp\/v2\/media?parent=3046"}],"curies":[{"name":"wp","href":"https:\/\/api.w.org\/{rel}","templated":true}]}}