{"id":3048,"date":"2022-09-29T19:46:16","date_gmt":"2022-09-29T19:46:16","guid":{"rendered":"https:\/\/partsandpieces.bonsaidev.nl?p=3048"},"modified":"2025-02-04T12:11:56","modified_gmt":"2025-02-04T11:11:56","slug":"sicheres-einkaufen","status":"publish","type":"page","link":"https:\/\/partsandpieces.nl\/de\/veilig-winkelen\/","title":{"rendered":"Sicher einkaufen"},"content":{"rendered":"<div id='av_section_1'  class='avia-section av-9glao8-076ea0a1c3ddd03e506bc0109c28c538 main_color avia-section-default avia-no-border-styling  avia-builder-el-0  avia-builder-el-no-sibling  avia-bg-style-scroll container_wrap fullsize'  ><div class='container av-section-cont-open' ><main  role=\"main\" itemprop=\"mainContentOfPage\"  class='template-page content  av-content-full alpha units'><div class='post-entry post-entry-type-page post-entry-3048'><div class='entry-content-wrapper clearfix'>\n\n<style type=\"text\/css\" data-created_by=\"avia_inline_auto\" id=\"style-css-av-7v2e7c-135af65b51b2d9aac00f11c2d33aa1ed\">\n.flex_column.av-7v2e7c-135af65b51b2d9aac00f11c2d33aa1ed{\nwidth:66%;\n}\n<\/style>\n<div  class='flex_column av-7v2e7c-135af65b51b2d9aac00f11c2d33aa1ed av_two_third  avia-builder-el-1  el_before_av_one_third  avia-builder-el-first  first flex_column_div'     ><section  class='av_textblock_section av-5y9jjc-57165aa115f256370f8e5939738cffd2'   itemscope=\"itemscope\" itemtype=\"https:\/\/schema.org\/CreativeWork\" ><div class='avia_textblock'  itemprop=\"text\" ><h1>Digikeur-Verhaltenskodex<\/h1>\n<p>Parts &amp; Pieces unterst\u00fctzt den Digikeur-Verhaltenskodex und erf\u00fcllt die Kriterien, die Digikeur f\u00fcr seine Mitglieder festlegt. Das bedeutet f\u00fcr Sie als Verbraucher:<\/p>\n<h6>14 Tage Probezeit<\/h6>\n<p>Sie haben ab dem Tag nach Erhalt Ihrer Bestellung 14 Tage Zeit, um Ihren Kaufvertrag zu widerrufen.<\/p>\n<h6>Klarer Service und Konditionen<\/h6>\n<p>Gute Erreichbarkeit und After-Sales-Service sind Voraussetzungen, um sich f\u00fcr den Digikeur Webwinkel Keurmerk zu qualifizieren.<\/p>\n<h6>Volle R\u00fcckerstattung bei R\u00fcckgabe<\/h6>\n<p>Ihre Bestellung gef\u00e4llt Ihnen nicht? Wenn Sie es innerhalb der Probezeit und gem\u00e4\u00df den Versandanweisungen des Webshops zur\u00fccksenden, gehen nur die Kosten der R\u00fccksendung zu Ihren Lasten.<\/p>\n<h6>Informationspflicht eines Webshops<\/h6>\n<p>Der Webshop ist verpflichtet, Kontaktdaten, die Registrierung bei der Handelskammer und die Allgemeinen Gesch\u00e4ftsbedingungen auf der Website deutlich anzugeben. So wissen Sie immer, mit wem Sie Gesch\u00e4fte machen.<\/p>\n<h6>eigenen Beschwerdeausschuss<\/h6>\n<p>Streitigkeiten zwischen dem Webshop und Ihnen k\u00f6nnen dem Beschwerdeausschuss der Stichting Digikeur vorgelegt werden. Der Webshop ist dabei zur Mitwirkung verpflichtet.<\/p>\n<h6>Parts &amp; Pieces verwendet ein SSL-Zertifikat<\/h6>\n<p>Ein SSL-Zertifikat ist wichtig f\u00fcr die Identit\u00e4t der Website und ihres Besitzers. Es gibt Vertrauen. Besucher der Website wissen, dass ihre pers\u00f6nlichen Daten sicher behandelt werden und b\u00f6swillige Parteien diese nicht \u201eabh\u00f6ren\u201c k\u00f6nnen. Das Zertifikat bedeutet auch, dass sie wissen, dass die Daten nur den Besitzer erreichen. Die Bedeutung einer seri\u00f6sen Marke, die f\u00fcr eine gr\u00fcndliche Validierung bekannt ist und von gro\u00dfen Unternehmen verwendet wird, sollte nicht untersch\u00e4tzt werden. Ein bekannter Name l\u00e4sst Besucher der Seite schneller vertrauen.<\/p>\n<p>SSL ist gesetzlich vorgeschrieben<br \/>\nDas Gesetz schreibt vor, dass die \u00dcbertragung personenbezogener Daten \u00fcber das Internet gesichert werden muss. Die niederl\u00e4ndische Datenschutzbeh\u00f6rde (CBP) empfiehlt daher die Verwendung eines SSL-Zertifikats. Weitere Informationen finden Sie auf der Seite mit den gesetzlichen Anforderungen.<\/p>\n<p>Die Bedeutung von SSL<br \/>\nSSL steht f\u00fcr Secure Sockets Layer. Die dritte Version von SSL war die Grundlage der Transport Layer Security (TLS), der aktuellen Implementierung von SSL. Aber der Name SSL wird immer noch verwendet, wenn es um die Sicherung der Internetverbindung geht.<\/p>\n<p>Erfahren Sie mehr \u00fcber SSL<br \/>\nEs gibt verschiedene Validierungsmethoden f\u00fcr die SSL-Zertifikate, n\u00e4mlich Domain Name Validated (DV), Organization Validated (OV) und Extended Validated (EV). Dar\u00fcber hinaus gibt es mehrere Arten von Zertifikaten. Unter der \u00dcberschrift Produkte in der Men\u00fcleiste erkl\u00e4ren wir dies \u00fcbersichtlich pro Kategorie und Sie k\u00f6nnen mehr \u00fcber die verschiedenen Typen, Validierungsmethoden und Marken lesen.<\/p>\n<\/div><\/section><\/div>\n<style type=\"text\/css\" data-created_by=\"avia_inline_auto\" id=\"style-css-av-4bfp94-863723732975a02981072149a9a9e15e\">\n.flex_column.av-4bfp94-863723732975a02981072149a9a9e15e{\nwidth:32%;\nmargin-left:2%;\npadding:0 0 0 60px;\n}\n<\/style>\n<div  class='flex_column av-4bfp94-863723732975a02981072149a9a9e15e av_one_third  avia-builder-el-3  el_after_av_two_third  avia-builder-el-last  padding-blok flex_column_div'     ><div  class='avia-builder-widget-area clearfix  avia-builder-el-4  avia-builder-el-no-sibling'><section id=\"text-6\" class=\"widget clearfix widget_text\"><h3 class=\"widgettitle\">Information<\/h3>\t\t\t<div class=\"textwidget\"><p><a href=\"https:\/\/partsandpieces.nl\/de\/over-ons\/\">\u00dcber uns<\/a><br \/>\n<a href=\"https:\/\/partsandpieces.nl\/de\/versand-und-versandkosten\/\">Versand &amp; Versandkosten<\/a><br \/>\n<a href=\"https:\/\/partsandpieces.nl\/de\/sicheres-einkaufen\/\">Sicher einkaufen<\/a><br \/>\n<a href=\"https:\/\/partsandpieces.nl\/de\/betaalmogelijkheden\/\">Zahlungsm\u00f6glichkeiten<\/a><br \/>\n<a href=\"https:\/\/partsandpieces.nl\/de\/ruckgabe-oder-umtausch\/\">R\u00fcckgabe oder Umtausch<\/a><\/p>\n<\/div>\n\t\t<span class=\"seperator extralight-border\"><\/span><\/section><section id=\"text-7\" class=\"widget clearfix widget_text\"><h3 class=\"widgettitle\">Gesch\u00e4ftskunde?<\/h3>\t\t\t<div class=\"textwidget\"><p>Haben Sie einen Laden oder ein Gesch\u00e4ft?<br \/>\nKaufen Sie mit Rabatt.<\/p>\n<p><a class=\"avia-button avia-color-theme-color\" href=\"https:\/\/partsandpieces.nl\/de\/mengenrabatt-fur-geschaftskunden\/\">Anmeldung<\/a><\/p>\n<\/div>\n\t\t<span class=\"seperator extralight-border\"><\/span><\/section><\/div><\/div>","protected":false},"excerpt":{"rendered":"","protected":false},"author":1,"featured_media":0,"parent":0,"menu_order":0,"comment_status":"open","ping_status":"open","template":"","meta":{"_acf_changed":false,"footnotes":""},"class_list":["post-3048","page","type-page","status-publish","hentry"],"acf":[],"yoast_head":"<!-- This site is optimized with the Yoast SEO plugin v27.3 - https:\/\/yoast.com\/product\/yoast-seo-wordpress\/ -->\n<title>Veilig-winkelen<\/title>\n<meta name=\"robots\" content=\"index, follow, max-snippet:-1, max-image-preview:large, max-video-preview:-1\" \/>\n<link rel=\"canonical\" href=\"https:\/\/partsandpieces.nl\/de\/sicheres-einkaufen\/\" \/>\n<meta property=\"og:locale\" content=\"de_DE\" \/>\n<meta property=\"og:type\" content=\"article\" \/>\n<meta property=\"og:title\" content=\"Veilig-winkelen\" \/>\n<meta property=\"og:url\" content=\"https:\/\/partsandpieces.nl\/de\/sicheres-einkaufen\/\" \/>\n<meta property=\"og:site_name\" content=\"Parts &amp; Pieces\" \/>\n<meta property=\"article:modified_time\" content=\"2025-02-04T11:11:56+00:00\" \/>\n<meta name=\"twitter:card\" content=\"summary_large_image\" \/>\n<meta name=\"twitter:label1\" content=\"Gesch\u00e4tzte Lesezeit\" \/>\n\t<meta name=\"twitter:data1\" content=\"3\u00a0Minuten\" \/>\n<script type=\"application\/ld+json\" class=\"yoast-schema-graph\">{\"@context\":\"https:\\\/\\\/schema.org\",\"@graph\":[{\"@type\":\"WebPage\",\"@id\":\"https:\\\/\\\/partsandpieces.nl\\\/veilig-winkelen\\\/\",\"url\":\"https:\\\/\\\/partsandpieces.nl\\\/veilig-winkelen\\\/\",\"name\":\"Veilig-winkelen\",\"isPartOf\":{\"@id\":\"https:\\\/\\\/partsandpieces.nl\\\/#website\"},\"datePublished\":\"2022-09-29T19:46:16+00:00\",\"dateModified\":\"2025-02-04T11:11:56+00:00\",\"breadcrumb\":{\"@id\":\"https:\\\/\\\/partsandpieces.nl\\\/veilig-winkelen\\\/#breadcrumb\"},\"inLanguage\":\"de\",\"potentialAction\":[{\"@type\":\"ReadAction\",\"target\":[\"https:\\\/\\\/partsandpieces.nl\\\/veilig-winkelen\\\/\"]}]},{\"@type\":\"BreadcrumbList\",\"@id\":\"https:\\\/\\\/partsandpieces.nl\\\/veilig-winkelen\\\/#breadcrumb\",\"itemListElement\":[{\"@type\":\"ListItem\",\"position\":1,\"name\":\"Home\",\"item\":\"https:\\\/\\\/partsandpieces.nl\\\/home\\\/\"},{\"@type\":\"ListItem\",\"position\":2,\"name\":\"Veilig winkelen\"}]},{\"@type\":\"WebSite\",\"@id\":\"https:\\\/\\\/partsandpieces.nl\\\/#website\",\"url\":\"https:\\\/\\\/partsandpieces.nl\\\/\",\"name\":\"Parts &amp; Pieces\",\"description\":\"Alles voor uw meubelrestauratie en -onderhoud!\",\"potentialAction\":[{\"@type\":\"SearchAction\",\"target\":{\"@type\":\"EntryPoint\",\"urlTemplate\":\"https:\\\/\\\/partsandpieces.nl\\\/?s={search_term_string}\"},\"query-input\":{\"@type\":\"PropertyValueSpecification\",\"valueRequired\":true,\"valueName\":\"search_term_string\"}}],\"inLanguage\":\"de\"}]}<\/script>\n<!-- \/ Yoast SEO plugin. -->","yoast_head_json":{"title":"Sicher einkaufen","robots":{"index":"index","follow":"follow","max-snippet":"max-snippet:-1","max-image-preview":"max-image-preview:large","max-video-preview":"max-video-preview:-1"},"canonical":"https:\/\/partsandpieces.nl\/de\/sicheres-einkaufen\/","og_locale":"de_DE","og_type":"article","og_title":"Veilig-winkelen","og_url":"https:\/\/partsandpieces.nl\/de\/sicheres-einkaufen\/","og_site_name":"Parts &amp; Pieces","article_modified_time":"2025-02-04T11:11:56+00:00","twitter_card":"summary_large_image","twitter_misc":{"Gesch\u00e4tzte Lesezeit":"3\u00a0Minuten"},"schema":{"@context":"https:\/\/schema.org","@graph":[{"@type":"WebPage","@id":"https:\/\/partsandpieces.nl\/veilig-winkelen\/","url":"https:\/\/partsandpieces.nl\/veilig-winkelen\/","name":"Sicher einkaufen","isPartOf":{"@id":"https:\/\/partsandpieces.nl\/#website"},"datePublished":"2022-09-29T19:46:16+00:00","dateModified":"2025-02-04T11:11:56+00:00","breadcrumb":{"@id":"https:\/\/partsandpieces.nl\/veilig-winkelen\/#breadcrumb"},"inLanguage":"de","potentialAction":[{"@type":"ReadAction","target":["https:\/\/partsandpieces.nl\/veilig-winkelen\/"]}]},{"@type":"BreadcrumbList","@id":"https:\/\/partsandpieces.nl\/veilig-winkelen\/#breadcrumb","itemListElement":[{"@type":"ListItem","position":1,"name":"Home","item":"https:\/\/partsandpieces.nl\/home\/"},{"@type":"ListItem","position":2,"name":"Veilig winkelen"}]},{"@type":"WebSite","@id":"https:\/\/partsandpieces.nl\/#website","url":"https:\/\/partsandpieces.nl\/","name":"Teile &amp; St\u00fccke","description":"Alles f\u00fcr Ihre M\u00f6belrestaurierung und -pflege!","potentialAction":[{"@type":"SearchAction","target":{"@type":"EntryPoint","urlTemplate":"https:\/\/partsandpieces.nl\/?s={search_term_string}"},"query-input":{"@type":"PropertyValueSpecification","valueRequired":true,"valueName":"search_term_string"}}],"inLanguage":"de"}]}},"_links":{"self":[{"href":"https:\/\/partsandpieces.nl\/de\/wp-json\/wp\/v2\/pages\/3048","targetHints":{"allow":["GET"]}}],"collection":[{"href":"https:\/\/partsandpieces.nl\/de\/wp-json\/wp\/v2\/pages"}],"about":[{"href":"https:\/\/partsandpieces.nl\/de\/wp-json\/wp\/v2\/types\/page"}],"author":[{"embeddable":true,"href":"https:\/\/partsandpieces.nl\/de\/wp-json\/wp\/v2\/users\/1"}],"replies":[{"embeddable":true,"href":"https:\/\/partsandpieces.nl\/de\/wp-json\/wp\/v2\/comments?post=3048"}],"version-history":[{"count":7,"href":"https:\/\/partsandpieces.nl\/de\/wp-json\/wp\/v2\/pages\/3048\/revisions"}],"predecessor-version":[{"id":10685,"href":"https:\/\/partsandpieces.nl\/de\/wp-json\/wp\/v2\/pages\/3048\/revisions\/10685"}],"wp:attachment":[{"href":"https:\/\/partsandpieces.nl\/de\/wp-json\/wp\/v2\/media?parent=3048"}],"curies":[{"name":"wp","href":"https:\/\/api.w.org\/{rel}","templated":true}]}}