{"id":3050,"date":"2022-09-29T19:46:19","date_gmt":"2022-09-29T19:46:19","guid":{"rendered":"https:\/\/partsandpieces.bonsaidev.nl?p=3050"},"modified":"2023-02-13T15:14:21","modified_gmt":"2023-02-13T14:14:21","slug":"zahlungsmoglichkeiten-fur-teile-und-stucke","status":"publish","type":"page","link":"https:\/\/partsandpieces.nl\/de\/betaalmogelijkheden-bij-parts-and-pieces\/","title":{"rendered":"Zahlungsm\u00f6glichkeiten"},"content":{"rendered":"<div id='av_section_1'  class='avia-section av-6tissq-af8ba2e2422a64d20a2f8e2564b5a3cf main_color avia-section-default avia-no-border-styling  avia-builder-el-0  avia-builder-el-no-sibling  avia-bg-style-scroll container_wrap fullsize'  ><div class='container av-section-cont-open' ><main  role=\"main\" itemprop=\"mainContentOfPage\"  class='template-page content  av-content-full alpha units'><div class='post-entry post-entry-type-page post-entry-3050'><div class='entry-content-wrapper clearfix'>\n\n<style type=\"text\/css\" data-created_by=\"avia_inline_auto\" id=\"style-css-av-5kqcyi-82c09ad3be52d284cede4bc785e2f8bf\">\n.flex_column.av-5kqcyi-82c09ad3be52d284cede4bc785e2f8bf{\nwidth:66%;\n}\n<\/style>\n<div  class='flex_column av-5kqcyi-82c09ad3be52d284cede4bc785e2f8bf av_two_third  avia-builder-el-1  el_before_av_one_third  avia-builder-el-first  first flex_column_div'     ><section  class='av_textblock_section av-l9qxiqmb-c57a695a52cbef19cfc29928d4250fb1'   itemscope=\"itemscope\" itemtype=\"https:\/\/schema.org\/CreativeWork\" ><div class='avia_textblock'  itemprop=\"text\" ><h1>Zahlungsm\u00f6glichkeiten<\/h1>\n<p>Die Zahlungsm\u00f6glichkeiten bei Parts &amp; Pieces sind:<\/p>\n<p><strong>Ideal<br \/>\n<\/strong>kann verwendet werden, wenn Sie ein Bankkonto bei einer niederl\u00e4ndischen Bank haben. Ich bevorzuge diese Zahlungsmethode wegen der geringen Transaktionskosten.<\/p>\n<p><strong>Kreditkarte<br \/>\n<\/strong>Sie k\u00f6nnen mit Visa, MasterCard, American Express und Maestro bezahlen. Ich zahle eine Transaktionsgeb\u00fchr von 2,91 TP7T f\u00fcr eine Kreditkartenzahlung.<\/p>\n<p><strong>PayPal<br \/>\n<\/strong>Sie k\u00f6nnen \u00fcber Ihr Paypal-Konto bezahlen. Ich zahle eine Transaktionsgeb\u00fchr von 3.0% f\u00fcr eine Zahlung per Paypal.<\/p>\n<p><strong>Bankontakt<br \/>\n<\/strong>kann verwendet werden, wenn Sie ein Bankkonto bei einer belgischen Bank haben. Neben iDeal bevorzuge ich es wegen der niedrigen Transaktionskosten.<\/p>\n<p><strong>KBC\/CBC-Bank<br \/>\n<\/strong>kann verwendet werden, wenn Sie ein Bankkonto bei der KBC\/CBC-Bank haben. Diese Zahlungsmethode hat auch relativ geringe Kosten.<\/p>\n<p><strong>SOFORT \u00dcberweisung<br \/>\n<\/strong>kann verwendet werden, wenn Sie ein Bankkonto bei einer deutschen Bank haben. Diese Zahlungsmethode hat auch relativ niedrige Transaktionskosten.<\/p>\n<p><strong>Direkte Bank\u00fcberweisung<br \/>\n<\/strong>Nat\u00fcrlich k\u00f6nnen Sie auch einfach per manueller \u00dcberweisung auf Ihre Bank bezahlen.<\/p>\n<p><strong>Die Zahlungsm\u00f6glichkeiten bei Parts &amp; Pieces sind daher umfangreich!<\/strong><\/p>\n<p>Da die Zahlung per Paypal und Kreditkarte f\u00fcr mich mit hohen Kosten verbunden ist, bevorzuge ich die Zahlung \u00fcber Ideal oder Bancontact.<\/p>\n<p>F\u00fcr Gesch\u00e4ftskunden ist die Zahlung per Rechnung m\u00f6glich. Fragen Sie nach den M\u00f6glichkeiten.<\/p>\n<h3>Ich \u00fcbernehme die zus\u00e4tzlichen Zahlungskosten f\u00fcr alle oben genannten Zahlungsoptionen.<\/h3>\n<p>Bei allen Zahlungsarten wird die Zahlung sofort bearbeitet und ich versende Ihre Bestellung umgehend (bei Bestellung vor 16:30 Uhr).<\/p>\n<\/div><\/section><\/div>\n<style type=\"text\/css\" data-created_by=\"avia_inline_auto\" id=\"style-css-av-4hvtqi-fe250d6d56e976644454f131f5094121\">\n.flex_column.av-4hvtqi-fe250d6d56e976644454f131f5094121{\nwidth:32%;\nmargin-left:2%;\npadding:0 0 0 60px;\n}\n<\/style>\n<div  class='flex_column av-4hvtqi-fe250d6d56e976644454f131f5094121 av_one_third  avia-builder-el-3  el_after_av_two_third  avia-builder-el-last  padding-blok flex_column_div'     ><div  class='avia-builder-widget-area clearfix  avia-builder-el-4  avia-builder-el-no-sibling'><section id=\"text-6\" class=\"widget clearfix widget_text\"><h3 class=\"widgettitle\">Information<\/h3>\t\t\t<div class=\"textwidget\"><p><a href=\"https:\/\/partsandpieces.nl\/de\/over-ons\/\">\u00dcber uns<\/a><br \/>\n<a href=\"https:\/\/partsandpieces.nl\/de\/versand-und-versandkosten\/\">Versand &amp; Versandkosten<\/a><br \/>\n<a href=\"https:\/\/partsandpieces.nl\/de\/sicheres-einkaufen\/\">Sicher einkaufen<\/a><br \/>\n<a href=\"https:\/\/partsandpieces.nl\/de\/betaalmogelijkheden\/\">Zahlungsm\u00f6glichkeiten<\/a><br \/>\n<a href=\"https:\/\/partsandpieces.nl\/de\/ruckgabe-oder-umtausch\/\">R\u00fcckgabe oder Umtausch<\/a><\/p>\n<\/div>\n\t\t<span class=\"seperator extralight-border\"><\/span><\/section><section id=\"text-7\" class=\"widget clearfix widget_text\"><h3 class=\"widgettitle\">Gesch\u00e4ftskunde?<\/h3>\t\t\t<div class=\"textwidget\"><p>Haben Sie einen Laden oder ein Gesch\u00e4ft?<br \/>\nKaufen Sie mit Rabatt.<\/p>\n<p><a class=\"avia-button avia-color-theme-color\" href=\"https:\/\/partsandpieces.nl\/de\/mengenrabatt-fur-geschaftskunden\/\">Anmeldung<\/a><\/p>\n<\/div>\n\t\t<span class=\"seperator extralight-border\"><\/span><\/section><\/div><\/div>","protected":false},"excerpt":{"rendered":"","protected":false},"author":1,"featured_media":0,"parent":0,"menu_order":0,"comment_status":"open","ping_status":"open","template":"","meta":{"_acf_changed":false,"footnotes":""},"class_list":["post-3050","page","type-page","status-publish","hentry"],"acf":[],"yoast_head":"<!-- This site is optimized with the Yoast SEO plugin v27.3 - https:\/\/yoast.com\/product\/yoast-seo-wordpress\/ -->\n<title>Betaalmogelijkheden bij Parts &amp; Pieces<\/title>\n<meta name=\"description\" content=\"De betaalmogelijkheden bij Parts &amp; Pieces zijn o.a. Ideal, Paypal, Creditcard en Bancontact. Overmaken via je bank kan natuurlijk ook.\" \/>\n<meta name=\"robots\" content=\"index, follow, max-snippet:-1, max-image-preview:large, max-video-preview:-1\" \/>\n<link rel=\"canonical\" href=\"https:\/\/partsandpieces.nl\/de\/zahlungsmoglichkeiten-fur-teile-und-stucke\/\" \/>\n<meta property=\"og:locale\" content=\"de_DE\" \/>\n<meta property=\"og:type\" content=\"article\" \/>\n<meta property=\"og:title\" content=\"Betaalmogelijkheden bij Parts &amp; Pieces\" \/>\n<meta property=\"og:description\" content=\"De betaalmogelijkheden bij Parts &amp; Pieces zijn o.a. Ideal, Paypal, Creditcard en Bancontact. Overmaken via je bank kan natuurlijk ook.\" \/>\n<meta property=\"og:url\" content=\"https:\/\/partsandpieces.nl\/de\/zahlungsmoglichkeiten-fur-teile-und-stucke\/\" \/>\n<meta property=\"og:site_name\" content=\"Parts &amp; Pieces\" \/>\n<meta property=\"article:modified_time\" content=\"2023-02-13T14:14:21+00:00\" \/>\n<meta name=\"twitter:card\" content=\"summary_large_image\" \/>\n<meta name=\"twitter:label1\" content=\"Gesch\u00e4tzte Lesezeit\" \/>\n\t<meta name=\"twitter:data1\" content=\"3\u00a0Minuten\" \/>\n<script type=\"application\/ld+json\" class=\"yoast-schema-graph\">{\"@context\":\"https:\\\/\\\/schema.org\",\"@graph\":[{\"@type\":\"WebPage\",\"@id\":\"https:\\\/\\\/partsandpieces.nl\\\/betaalmogelijkheden-bij-parts-and-pieces\\\/\",\"url\":\"https:\\\/\\\/partsandpieces.nl\\\/betaalmogelijkheden-bij-parts-and-pieces\\\/\",\"name\":\"Betaalmogelijkheden bij Parts & Pieces\",\"isPartOf\":{\"@id\":\"https:\\\/\\\/partsandpieces.nl\\\/#website\"},\"datePublished\":\"2022-09-29T19:46:19+00:00\",\"dateModified\":\"2023-02-13T14:14:21+00:00\",\"description\":\"De betaalmogelijkheden bij Parts & Pieces zijn o.a. Ideal, Paypal, Creditcard en Bancontact. Overmaken via je bank kan natuurlijk ook.\",\"breadcrumb\":{\"@id\":\"https:\\\/\\\/partsandpieces.nl\\\/betaalmogelijkheden-bij-parts-and-pieces\\\/#breadcrumb\"},\"inLanguage\":\"de\",\"potentialAction\":[{\"@type\":\"ReadAction\",\"target\":[\"https:\\\/\\\/partsandpieces.nl\\\/betaalmogelijkheden-bij-parts-and-pieces\\\/\"]}]},{\"@type\":\"BreadcrumbList\",\"@id\":\"https:\\\/\\\/partsandpieces.nl\\\/betaalmogelijkheden-bij-parts-and-pieces\\\/#breadcrumb\",\"itemListElement\":[{\"@type\":\"ListItem\",\"position\":1,\"name\":\"Home\",\"item\":\"https:\\\/\\\/partsandpieces.nl\\\/home\\\/\"},{\"@type\":\"ListItem\",\"position\":2,\"name\":\"Betaalmogelijkheden\"}]},{\"@type\":\"WebSite\",\"@id\":\"https:\\\/\\\/partsandpieces.nl\\\/#website\",\"url\":\"https:\\\/\\\/partsandpieces.nl\\\/\",\"name\":\"Parts &amp; Pieces\",\"description\":\"Alles voor uw meubelrestauratie en -onderhoud!\",\"potentialAction\":[{\"@type\":\"SearchAction\",\"target\":{\"@type\":\"EntryPoint\",\"urlTemplate\":\"https:\\\/\\\/partsandpieces.nl\\\/?s={search_term_string}\"},\"query-input\":{\"@type\":\"PropertyValueSpecification\",\"valueRequired\":true,\"valueName\":\"search_term_string\"}}],\"inLanguage\":\"de\"}]}<\/script>\n<!-- \/ Yoast SEO plugin. -->","yoast_head_json":{"title":"Zahlungsm\u00f6glichkeiten bei Parts &amp; Pieces","description":"Die Zahlungsoptionen bei Parts &amp; Pieces umfassen Ideal, Paypal, Kreditkarte und Bancontact. Eine \u00dcberweisung \u00fcber Ihre Bank ist nat\u00fcrlich auch m\u00f6glich.","robots":{"index":"index","follow":"follow","max-snippet":"max-snippet:-1","max-image-preview":"max-image-preview:large","max-video-preview":"max-video-preview:-1"},"canonical":"https:\/\/partsandpieces.nl\/de\/zahlungsmoglichkeiten-fur-teile-und-stucke\/","og_locale":"de_DE","og_type":"article","og_title":"Betaalmogelijkheden bij Parts & Pieces","og_description":"De betaalmogelijkheden bij Parts & Pieces zijn o.a. Ideal, Paypal, Creditcard en Bancontact. Overmaken via je bank kan natuurlijk ook.","og_url":"https:\/\/partsandpieces.nl\/de\/zahlungsmoglichkeiten-fur-teile-und-stucke\/","og_site_name":"Parts &amp; Pieces","article_modified_time":"2023-02-13T14:14:21+00:00","twitter_card":"summary_large_image","twitter_misc":{"Gesch\u00e4tzte Lesezeit":"3\u00a0Minuten"},"schema":{"@context":"https:\/\/schema.org","@graph":[{"@type":"WebPage","@id":"https:\/\/partsandpieces.nl\/betaalmogelijkheden-bij-parts-and-pieces\/","url":"https:\/\/partsandpieces.nl\/betaalmogelijkheden-bij-parts-and-pieces\/","name":"Zahlungsm\u00f6glichkeiten bei Parts &amp; Pieces","isPartOf":{"@id":"https:\/\/partsandpieces.nl\/#website"},"datePublished":"2022-09-29T19:46:19+00:00","dateModified":"2023-02-13T14:14:21+00:00","description":"Die Zahlungsoptionen bei Parts &amp; Pieces umfassen Ideal, Paypal, Kreditkarte und Bancontact. Eine \u00dcberweisung \u00fcber Ihre Bank ist nat\u00fcrlich auch m\u00f6glich.","breadcrumb":{"@id":"https:\/\/partsandpieces.nl\/betaalmogelijkheden-bij-parts-and-pieces\/#breadcrumb"},"inLanguage":"de","potentialAction":[{"@type":"ReadAction","target":["https:\/\/partsandpieces.nl\/betaalmogelijkheden-bij-parts-and-pieces\/"]}]},{"@type":"BreadcrumbList","@id":"https:\/\/partsandpieces.nl\/betaalmogelijkheden-bij-parts-and-pieces\/#breadcrumb","itemListElement":[{"@type":"ListItem","position":1,"name":"Home","item":"https:\/\/partsandpieces.nl\/home\/"},{"@type":"ListItem","position":2,"name":"Betaalmogelijkheden"}]},{"@type":"WebSite","@id":"https:\/\/partsandpieces.nl\/#website","url":"https:\/\/partsandpieces.nl\/","name":"Teile &amp; St\u00fccke","description":"Alles f\u00fcr Ihre M\u00f6belrestaurierung und -pflege!","potentialAction":[{"@type":"SearchAction","target":{"@type":"EntryPoint","urlTemplate":"https:\/\/partsandpieces.nl\/?s={search_term_string}"},"query-input":{"@type":"PropertyValueSpecification","valueRequired":true,"valueName":"search_term_string"}}],"inLanguage":"de"}]}},"_links":{"self":[{"href":"https:\/\/partsandpieces.nl\/de\/wp-json\/wp\/v2\/pages\/3050","targetHints":{"allow":["GET"]}}],"collection":[{"href":"https:\/\/partsandpieces.nl\/de\/wp-json\/wp\/v2\/pages"}],"about":[{"href":"https:\/\/partsandpieces.nl\/de\/wp-json\/wp\/v2\/types\/page"}],"author":[{"embeddable":true,"href":"https:\/\/partsandpieces.nl\/de\/wp-json\/wp\/v2\/users\/1"}],"replies":[{"embeddable":true,"href":"https:\/\/partsandpieces.nl\/de\/wp-json\/wp\/v2\/comments?post=3050"}],"version-history":[{"count":7,"href":"https:\/\/partsandpieces.nl\/de\/wp-json\/wp\/v2\/pages\/3050\/revisions"}],"predecessor-version":[{"id":6037,"href":"https:\/\/partsandpieces.nl\/de\/wp-json\/wp\/v2\/pages\/3050\/revisions\/6037"}],"wp:attachment":[{"href":"https:\/\/partsandpieces.nl\/de\/wp-json\/wp\/v2\/media?parent=3050"}],"curies":[{"name":"wp","href":"https:\/\/api.w.org\/{rel}","templated":true}]}}