{"id":3052,"date":"2022-09-29T19:46:21","date_gmt":"2022-09-29T19:46:21","guid":{"rendered":"https:\/\/partsandpieces.bonsaidev.nl?p=3052"},"modified":"2025-11-26T11:02:08","modified_gmt":"2025-11-26T10:02:08","slug":"ruckgabe-oder-umtausch","status":"publish","type":"page","link":"https:\/\/partsandpieces.nl\/de\/retourneren-of-ruilen\/","title":{"rendered":"R\u00fcckgabe oder Umtausch"},"content":{"rendered":"<div id='av_section_1'  class='avia-section av-7b80m4-f40facc2d9676a460f45a3f776a3a62e main_color avia-section-default avia-no-border-styling  avia-builder-el-0  avia-builder-el-no-sibling  avia-bg-style-scroll container_wrap fullsize'  ><div class='container av-section-cont-open' ><main  role=\"main\" itemprop=\"mainContentOfPage\"  class='template-page content  av-content-full alpha units'><div class='post-entry post-entry-type-page post-entry-3052'><div class='entry-content-wrapper clearfix'>\n\n<style type=\"text\/css\" data-created_by=\"avia_inline_auto\" id=\"style-css-av-5pnef0-1c6a99c10d82dca142ba9bf3cd84dd94\">\n.flex_column.av-5pnef0-1c6a99c10d82dca142ba9bf3cd84dd94{\nwidth:66%;\n}\n<\/style>\n<div  class='flex_column av-5pnef0-1c6a99c10d82dca142ba9bf3cd84dd94 av_two_third  avia-builder-el-1  el_before_av_one_third  avia-builder-el-first  first flex_column_div'     ><section  class='av_textblock_section av-l9qxjmqj-895259b4121df0f788233932e912cf81'   itemscope=\"itemscope\" itemtype=\"https:\/\/schema.org\/CreativeWork\" ><div class='avia_textblock'  itemprop=\"text\" ><h1>Umtausch oder R\u00fcckgabe? Auch das ist m\u00f6glich!<\/h1>\n<p>Es ist jederzeit m\u00f6glich, ein Produkt zur\u00fcckzugeben oder umzutauschen, das nicht Ihren Anforderungen entspricht. Sie m\u00fcssen mir lediglich innerhalb von 14 Tagen eine E-Mail senden (<a href=\"mailto:info@partsandpieces.nl\"><strong>info@partsandpieces.nl<\/strong><\/a>) unter Angabe der Bestellnummer und R\u00fccksendung des Produkts.<\/p>\n<p>Sie senden Ihre R\u00fccksendung an:<br \/>\n<strong>Parts &amp; Pieces BV<\/strong><br \/>\n<strong>unter Angabe Ihrer Bestellnummer<\/strong><br \/>\n<b>Platinstra\u00dfe 8c<br \/>\n6031 TW Nederweert<\/b><\/p>\n<p>Wenn Sie zur\u00fcckkehren m\u00f6chten, werde ich daf\u00fcr sorgen, dass Sie dies tun <strong>Kaufbetrag<\/strong> inklusive Versandkosten, wird Ihnen innerhalb von 5 Werktagen auf Ihr Konto zur\u00fcckerstattet. Wenn Sie \u00fcber bezahlt haben <strong>Paypal<\/strong> Sie erhalten dann den Kaufbetrag abz\u00fcglich der Kosten f\u00fcr Paypal zur\u00fcckerstattet.<br \/>\nWillst du es? <strong>Austausch<\/strong> Bitte teilen Sie uns in Ihrer E-Mail mit, welches weitere Produkt verf\u00fcgbar ist. Die Differenz zum Kaufbetrag begleiche ich mit Ihnen.<\/p>\n<p>Die <strong>Kosten<\/strong> Sie sind f\u00fcr die R\u00fccksendung Ihres Produkts auf eigene Kosten verantwortlich. Sie m\u00fcssen sich auch selbst um den R\u00fcckversand k\u00fcmmern.<\/p>\n<p><strong>Was nehme ich nicht zur\u00fcck?<\/strong> Produkte, die gebraucht sind, deren Verpackung besch\u00e4digt ist und die speziell f\u00fcr Sie bestellt wurden. <span style=\"text-decoration: underline;\">Bitte beachten Sie: Es liegt in Ihrer Verantwortung, dass der Artikel unbesch\u00e4digt zur\u00fcckgegeben wird.<\/span><\/p>\n<\/div><\/section><\/div>\n<style type=\"text\/css\" data-created_by=\"avia_inline_auto\" id=\"style-css-av-4t7hnw-920cd08ac9388557f4062a67d760e4e1\">\n.flex_column.av-4t7hnw-920cd08ac9388557f4062a67d760e4e1{\nwidth:32%;\nmargin-left:2%;\npadding:0 0 0 60px;\n}\n<\/style>\n<div  class='flex_column av-4t7hnw-920cd08ac9388557f4062a67d760e4e1 av_one_third  avia-builder-el-3  el_after_av_two_third  avia-builder-el-last  padding-blok flex_column_div'     ><div  class='avia-builder-widget-area clearfix  avia-builder-el-4  avia-builder-el-no-sibling'><section id=\"text-6\" class=\"widget clearfix widget_text\"><h3 class=\"widgettitle\">Information<\/h3>\t\t\t<div class=\"textwidget\"><p><a href=\"https:\/\/partsandpieces.nl\/de\/over-ons\/\">\u00dcber uns<\/a><br \/>\n<a href=\"https:\/\/partsandpieces.nl\/de\/versand-und-versandkosten\/\">Versand &amp; Versandkosten<\/a><br \/>\n<a href=\"https:\/\/partsandpieces.nl\/de\/sicheres-einkaufen\/\">Sicher einkaufen<\/a><br \/>\n<a href=\"https:\/\/partsandpieces.nl\/de\/betaalmogelijkheden\/\">Zahlungsm\u00f6glichkeiten<\/a><br \/>\n<a href=\"https:\/\/partsandpieces.nl\/de\/ruckgabe-oder-umtausch\/\">R\u00fcckgabe oder Umtausch<\/a><\/p>\n<\/div>\n\t\t<span class=\"seperator extralight-border\"><\/span><\/section><section id=\"text-7\" class=\"widget clearfix widget_text\"><h3 class=\"widgettitle\">Gesch\u00e4ftskunde?<\/h3>\t\t\t<div class=\"textwidget\"><p>Haben Sie einen Laden oder ein Gesch\u00e4ft?<br \/>\nKaufen Sie mit Rabatt.<\/p>\n<p><a class=\"avia-button avia-color-theme-color\" href=\"https:\/\/partsandpieces.nl\/de\/mengenrabatt-fur-geschaftskunden\/\">Anmeldung<\/a><\/p>\n<\/div>\n\t\t<span class=\"seperator extralight-border\"><\/span><\/section><\/div><\/div>","protected":false},"excerpt":{"rendered":"","protected":false},"author":1,"featured_media":0,"parent":0,"menu_order":0,"comment_status":"open","ping_status":"open","template":"","meta":{"_acf_changed":false,"footnotes":""},"class_list":["post-3052","page","type-page","status-publish","hentry"],"acf":[],"yoast_head":"<!-- This site is optimized with the Yoast SEO plugin v27.3 - https:\/\/yoast.com\/product\/yoast-seo-wordpress\/ -->\n<title>Retourneren-of-ruilen<\/title>\n<meta name=\"description\" content=\"Retourneren-of-ruilen\" \/>\n<meta name=\"robots\" content=\"index, follow, max-snippet:-1, max-image-preview:large, max-video-preview:-1\" \/>\n<link rel=\"canonical\" href=\"https:\/\/partsandpieces.nl\/de\/ruckgabe-oder-umtausch\/\" \/>\n<meta property=\"og:locale\" content=\"de_DE\" \/>\n<meta property=\"og:type\" content=\"article\" \/>\n<meta property=\"og:title\" content=\"Retourneren-of-ruilen\" \/>\n<meta property=\"og:description\" content=\"Retourneren-of-ruilen\" \/>\n<meta property=\"og:url\" content=\"https:\/\/partsandpieces.nl\/de\/ruckgabe-oder-umtausch\/\" \/>\n<meta property=\"og:site_name\" content=\"Parts &amp; Pieces\" \/>\n<meta property=\"article:modified_time\" content=\"2025-11-26T10:02:08+00:00\" \/>\n<meta name=\"twitter:card\" content=\"summary_large_image\" \/>\n<meta name=\"twitter:label1\" content=\"Gesch\u00e4tzte Lesezeit\" \/>\n\t<meta name=\"twitter:data1\" content=\"2\u00a0Minuten\" \/>\n<script type=\"application\/ld+json\" class=\"yoast-schema-graph\">{\"@context\":\"https:\\\/\\\/schema.org\",\"@graph\":[{\"@type\":\"WebPage\",\"@id\":\"https:\\\/\\\/partsandpieces.nl\\\/retourneren-of-ruilen\\\/\",\"url\":\"https:\\\/\\\/partsandpieces.nl\\\/retourneren-of-ruilen\\\/\",\"name\":\"Retourneren-of-ruilen\",\"isPartOf\":{\"@id\":\"https:\\\/\\\/partsandpieces.nl\\\/#website\"},\"datePublished\":\"2022-09-29T19:46:21+00:00\",\"dateModified\":\"2025-11-26T10:02:08+00:00\",\"description\":\"Retourneren-of-ruilen\",\"breadcrumb\":{\"@id\":\"https:\\\/\\\/partsandpieces.nl\\\/retourneren-of-ruilen\\\/#breadcrumb\"},\"inLanguage\":\"de\",\"potentialAction\":[{\"@type\":\"ReadAction\",\"target\":[\"https:\\\/\\\/partsandpieces.nl\\\/retourneren-of-ruilen\\\/\"]}]},{\"@type\":\"BreadcrumbList\",\"@id\":\"https:\\\/\\\/partsandpieces.nl\\\/retourneren-of-ruilen\\\/#breadcrumb\",\"itemListElement\":[{\"@type\":\"ListItem\",\"position\":1,\"name\":\"Home\",\"item\":\"https:\\\/\\\/partsandpieces.nl\\\/home\\\/\"},{\"@type\":\"ListItem\",\"position\":2,\"name\":\"Retourneren of ruilen\"}]},{\"@type\":\"WebSite\",\"@id\":\"https:\\\/\\\/partsandpieces.nl\\\/#website\",\"url\":\"https:\\\/\\\/partsandpieces.nl\\\/\",\"name\":\"Parts &amp; Pieces\",\"description\":\"Alles voor uw meubelrestauratie en -onderhoud!\",\"potentialAction\":[{\"@type\":\"SearchAction\",\"target\":{\"@type\":\"EntryPoint\",\"urlTemplate\":\"https:\\\/\\\/partsandpieces.nl\\\/?s={search_term_string}\"},\"query-input\":{\"@type\":\"PropertyValueSpecification\",\"valueRequired\":true,\"valueName\":\"search_term_string\"}}],\"inLanguage\":\"de\"}]}<\/script>\n<!-- \/ Yoast SEO plugin. -->","yoast_head_json":{"title":"R\u00fcckgabe oder Umtausch","description":"R\u00fcckgabe oder Umtausch","robots":{"index":"index","follow":"follow","max-snippet":"max-snippet:-1","max-image-preview":"max-image-preview:large","max-video-preview":"max-video-preview:-1"},"canonical":"https:\/\/partsandpieces.nl\/de\/ruckgabe-oder-umtausch\/","og_locale":"de_DE","og_type":"article","og_title":"Retourneren-of-ruilen","og_description":"Retourneren-of-ruilen","og_url":"https:\/\/partsandpieces.nl\/de\/ruckgabe-oder-umtausch\/","og_site_name":"Parts &amp; Pieces","article_modified_time":"2025-11-26T10:02:08+00:00","twitter_card":"summary_large_image","twitter_misc":{"Gesch\u00e4tzte Lesezeit":"2\u00a0Minuten"},"schema":{"@context":"https:\/\/schema.org","@graph":[{"@type":"WebPage","@id":"https:\/\/partsandpieces.nl\/retourneren-of-ruilen\/","url":"https:\/\/partsandpieces.nl\/retourneren-of-ruilen\/","name":"R\u00fcckgabe oder Umtausch","isPartOf":{"@id":"https:\/\/partsandpieces.nl\/#website"},"datePublished":"2022-09-29T19:46:21+00:00","dateModified":"2025-11-26T10:02:08+00:00","description":"R\u00fcckgabe oder Umtausch","breadcrumb":{"@id":"https:\/\/partsandpieces.nl\/retourneren-of-ruilen\/#breadcrumb"},"inLanguage":"de","potentialAction":[{"@type":"ReadAction","target":["https:\/\/partsandpieces.nl\/retourneren-of-ruilen\/"]}]},{"@type":"BreadcrumbList","@id":"https:\/\/partsandpieces.nl\/retourneren-of-ruilen\/#breadcrumb","itemListElement":[{"@type":"ListItem","position":1,"name":"Home","item":"https:\/\/partsandpieces.nl\/home\/"},{"@type":"ListItem","position":2,"name":"Retourneren of ruilen"}]},{"@type":"WebSite","@id":"https:\/\/partsandpieces.nl\/#website","url":"https:\/\/partsandpieces.nl\/","name":"Teile &amp; St\u00fccke","description":"Alles f\u00fcr Ihre M\u00f6belrestaurierung und -pflege!","potentialAction":[{"@type":"SearchAction","target":{"@type":"EntryPoint","urlTemplate":"https:\/\/partsandpieces.nl\/?s={search_term_string}"},"query-input":{"@type":"PropertyValueSpecification","valueRequired":true,"valueName":"search_term_string"}}],"inLanguage":"de"}]}},"_links":{"self":[{"href":"https:\/\/partsandpieces.nl\/de\/wp-json\/wp\/v2\/pages\/3052","targetHints":{"allow":["GET"]}}],"collection":[{"href":"https:\/\/partsandpieces.nl\/de\/wp-json\/wp\/v2\/pages"}],"about":[{"href":"https:\/\/partsandpieces.nl\/de\/wp-json\/wp\/v2\/types\/page"}],"author":[{"embeddable":true,"href":"https:\/\/partsandpieces.nl\/de\/wp-json\/wp\/v2\/users\/1"}],"replies":[{"embeddable":true,"href":"https:\/\/partsandpieces.nl\/de\/wp-json\/wp\/v2\/comments?post=3052"}],"version-history":[{"count":14,"href":"https:\/\/partsandpieces.nl\/de\/wp-json\/wp\/v2\/pages\/3052\/revisions"}],"predecessor-version":[{"id":13445,"href":"https:\/\/partsandpieces.nl\/de\/wp-json\/wp\/v2\/pages\/3052\/revisions\/13445"}],"wp:attachment":[{"href":"https:\/\/partsandpieces.nl\/de\/wp-json\/wp\/v2\/media?parent=3052"}],"curies":[{"name":"wp","href":"https:\/\/api.w.org\/{rel}","templated":true}]}}