{"id":3365,"date":"2022-11-07T11:59:54","date_gmt":"2022-11-07T10:59:54","guid":{"rendered":"https:\/\/partsandpieces.bonsaidev.nl\/?page_id=3365"},"modified":"2022-12-13T09:01:46","modified_gmt":"2022-12-13T08:01:46","slug":"mengenrabatt-fur-geschaftskunden","status":"publish","type":"page","link":"https:\/\/partsandpieces.nl\/de\/kwantumkorting-voor-zakelijke-klanten\/","title":{"rendered":"Registrieren Sie sich als Gesch\u00e4ftskunde"},"content":{"rendered":"<div id='av_section_1'  class='avia-section av-7e8wlx-4b12df645f054429f217c663bbb06e17 main_color avia-section-default avia-no-border-styling  avia-builder-el-0  avia-builder-el-no-sibling  avia-bg-style-scroll container_wrap fullsize'  ><div class='container av-section-cont-open' ><main  role=\"main\" itemprop=\"mainContentOfPage\"  class='template-page content  av-content-full alpha units'><div class='post-entry post-entry-type-page post-entry-3365'><div class='entry-content-wrapper clearfix'>\n<div  class='flex_column av-594ewl-c29d9fca11573fd31c09792088f889d6 av_three_fourth  avia-builder-el-1  el_before_av_one_fourth  avia-builder-el-first  first no_margin flex_column_div'     ><section  class='av_textblock_section av-la6o8w2m-31a521b14f048c0a4ef791f6de4e4e0e'   itemscope=\"itemscope\" itemtype=\"https:\/\/schema.org\/CreativeWork\" ><div class='avia_textblock'  itemprop=\"text\" ><h1>Mengenrabatt f\u00fcr Gesch\u00e4ftskunden<\/h1>\n<div>\n<p>F\u00fcr Gesch\u00e4ftskunden biete ich Mengenrabatte an. Es besteht auch die M\u00f6glichkeit per Rechnung zu bezahlen. Fragen Sie nach Ihren M\u00f6glichkeiten.<\/p>\n<p>Sie m\u00f6chten die Vorteile nutzen, die ich Ihnen als Gesch\u00e4ftskunde bieten kann? Dann kontaktieren Sie mich einfach: 0495-721125.<\/p>\n<\/div>\n<\/div><\/section><\/div>\n<style type=\"text\/css\" data-created_by=\"avia_inline_auto\" id=\"style-css-av-4i2ow5-b2466c665ef4b7c121bcba3b8a6c692b\">\n.flex_column.av-4i2ow5-b2466c665ef4b7c121bcba3b8a6c692b{\npadding:0 0 0 60px;\n}\n<\/style>\n<div  class='flex_column av-4i2ow5-b2466c665ef4b7c121bcba3b8a6c692b av_one_fourth  avia-builder-el-3  el_after_av_three_fourth  avia-builder-el-last  padding-blok no_margin flex_column_div'     ><div  class='avia-builder-widget-area clearfix  avia-builder-el-4  avia-builder-el-no-sibling'><section id=\"text-6\" class=\"widget clearfix widget_text\"><h3 class=\"widgettitle\">Information<\/h3>\t\t\t<div class=\"textwidget\"><p><a href=\"https:\/\/partsandpieces.nl\/de\/over-ons\/\">\u00dcber uns<\/a><br \/>\n<a href=\"https:\/\/partsandpieces.nl\/de\/versand-und-versandkosten\/\">Versand &amp; Versandkosten<\/a><br \/>\n<a href=\"https:\/\/partsandpieces.nl\/de\/sicheres-einkaufen\/\">Sicher einkaufen<\/a><br \/>\n<a href=\"https:\/\/partsandpieces.nl\/de\/betaalmogelijkheden\/\">Zahlungsm\u00f6glichkeiten<\/a><br \/>\n<a href=\"https:\/\/partsandpieces.nl\/de\/ruckgabe-oder-umtausch\/\">R\u00fcckgabe oder Umtausch<\/a><\/p>\n<\/div>\n\t\t<span class=\"seperator extralight-border\"><\/span><\/section><section id=\"text-7\" class=\"widget clearfix widget_text\"><h3 class=\"widgettitle\">Gesch\u00e4ftskunde?<\/h3>\t\t\t<div class=\"textwidget\"><p>Haben Sie einen Laden oder ein Gesch\u00e4ft?<br \/>\nKaufen Sie mit Rabatt.<\/p>\n<p><a class=\"avia-button avia-color-theme-color\" href=\"https:\/\/partsandpieces.nl\/de\/mengenrabatt-fur-geschaftskunden\/\">Anmeldung<\/a><\/p>\n<\/div>\n\t\t<span class=\"seperator extralight-border\"><\/span><\/section><\/div><\/div>","protected":false},"excerpt":{"rendered":"","protected":false},"author":1,"featured_media":0,"parent":0,"menu_order":0,"comment_status":"closed","ping_status":"closed","template":"","meta":{"_acf_changed":false,"footnotes":""},"class_list":["post-3365","page","type-page","status-publish","hentry"],"acf":[],"yoast_head":"<!-- This site is optimized with the Yoast SEO plugin v27.3 - https:\/\/yoast.com\/product\/yoast-seo-wordpress\/ -->\n<title>Kwantumkorting voor zakelijke klanten<\/title>\n<meta name=\"description\" content=\"Ik bied kwantumkorting voor zakelijke klanten. Tevens bestaat de mogelijkheid om op factuur te betalen. Interesse? Bel me: 0495-721125.\" \/>\n<meta name=\"robots\" content=\"index, follow, max-snippet:-1, max-image-preview:large, max-video-preview:-1\" \/>\n<link rel=\"canonical\" href=\"https:\/\/partsandpieces.nl\/de\/mengenrabatt-fur-geschaftskunden\/\" \/>\n<meta property=\"og:locale\" content=\"de_DE\" \/>\n<meta property=\"og:type\" content=\"article\" \/>\n<meta property=\"og:title\" content=\"Kwantumkorting voor zakelijke klanten\" \/>\n<meta property=\"og:description\" content=\"Ik bied kwantumkorting voor zakelijke klanten. Tevens bestaat de mogelijkheid om op factuur te betalen. Interesse? Bel me: 0495-721125.\" \/>\n<meta property=\"og:url\" content=\"https:\/\/partsandpieces.nl\/de\/mengenrabatt-fur-geschaftskunden\/\" \/>\n<meta property=\"og:site_name\" content=\"Parts &amp; Pieces\" \/>\n<meta property=\"article:modified_time\" content=\"2022-12-13T08:01:46+00:00\" \/>\n<meta name=\"twitter:card\" content=\"summary_large_image\" \/>\n<meta name=\"twitter:label1\" content=\"Gesch\u00e4tzte Lesezeit\" \/>\n\t<meta name=\"twitter:data1\" content=\"2\u00a0Minuten\" \/>\n<script type=\"application\/ld+json\" class=\"yoast-schema-graph\">{\"@context\":\"https:\\\/\\\/schema.org\",\"@graph\":[{\"@type\":\"WebPage\",\"@id\":\"https:\\\/\\\/partsandpieces.nl\\\/kwantumkorting-voor-zakelijke-klanten\\\/\",\"url\":\"https:\\\/\\\/partsandpieces.nl\\\/kwantumkorting-voor-zakelijke-klanten\\\/\",\"name\":\"Kwantumkorting voor zakelijke klanten\",\"isPartOf\":{\"@id\":\"https:\\\/\\\/partsandpieces.nl\\\/#website\"},\"datePublished\":\"2022-11-07T10:59:54+00:00\",\"dateModified\":\"2022-12-13T08:01:46+00:00\",\"description\":\"Ik bied kwantumkorting voor zakelijke klanten. Tevens bestaat de mogelijkheid om op factuur te betalen. Interesse? Bel me: 0495-721125.\",\"breadcrumb\":{\"@id\":\"https:\\\/\\\/partsandpieces.nl\\\/kwantumkorting-voor-zakelijke-klanten\\\/#breadcrumb\"},\"inLanguage\":\"de\",\"potentialAction\":[{\"@type\":\"ReadAction\",\"target\":[\"https:\\\/\\\/partsandpieces.nl\\\/kwantumkorting-voor-zakelijke-klanten\\\/\"]}]},{\"@type\":\"BreadcrumbList\",\"@id\":\"https:\\\/\\\/partsandpieces.nl\\\/kwantumkorting-voor-zakelijke-klanten\\\/#breadcrumb\",\"itemListElement\":[{\"@type\":\"ListItem\",\"position\":1,\"name\":\"Home\",\"item\":\"https:\\\/\\\/partsandpieces.nl\\\/home\\\/\"},{\"@type\":\"ListItem\",\"position\":2,\"name\":\"Aanmelden als zakelijke klant\"}]},{\"@type\":\"WebSite\",\"@id\":\"https:\\\/\\\/partsandpieces.nl\\\/#website\",\"url\":\"https:\\\/\\\/partsandpieces.nl\\\/\",\"name\":\"Parts &amp; Pieces\",\"description\":\"Alles voor uw meubelrestauratie en -onderhoud!\",\"potentialAction\":[{\"@type\":\"SearchAction\",\"target\":{\"@type\":\"EntryPoint\",\"urlTemplate\":\"https:\\\/\\\/partsandpieces.nl\\\/?s={search_term_string}\"},\"query-input\":{\"@type\":\"PropertyValueSpecification\",\"valueRequired\":true,\"valueName\":\"search_term_string\"}}],\"inLanguage\":\"de\"}]}<\/script>\n<!-- \/ Yoast SEO plugin. -->","yoast_head_json":{"title":"Mengenrabatt f\u00fcr Gesch\u00e4ftskunden","description":"F\u00fcr Gesch\u00e4ftskunden biete ich Mengenrabatte an. Es besteht auch die M\u00f6glichkeit per Rechnung zu bezahlen. Interessiert? Rufen Sie mich an: 0495-721125.","robots":{"index":"index","follow":"follow","max-snippet":"max-snippet:-1","max-image-preview":"max-image-preview:large","max-video-preview":"max-video-preview:-1"},"canonical":"https:\/\/partsandpieces.nl\/de\/mengenrabatt-fur-geschaftskunden\/","og_locale":"de_DE","og_type":"article","og_title":"Kwantumkorting voor zakelijke klanten","og_description":"Ik bied kwantumkorting voor zakelijke klanten. Tevens bestaat de mogelijkheid om op factuur te betalen. Interesse? Bel me: 0495-721125.","og_url":"https:\/\/partsandpieces.nl\/de\/mengenrabatt-fur-geschaftskunden\/","og_site_name":"Parts &amp; Pieces","article_modified_time":"2022-12-13T08:01:46+00:00","twitter_card":"summary_large_image","twitter_misc":{"Gesch\u00e4tzte Lesezeit":"2\u00a0Minuten"},"schema":{"@context":"https:\/\/schema.org","@graph":[{"@type":"WebPage","@id":"https:\/\/partsandpieces.nl\/kwantumkorting-voor-zakelijke-klanten\/","url":"https:\/\/partsandpieces.nl\/kwantumkorting-voor-zakelijke-klanten\/","name":"Mengenrabatt f\u00fcr Gesch\u00e4ftskunden","isPartOf":{"@id":"https:\/\/partsandpieces.nl\/#website"},"datePublished":"2022-11-07T10:59:54+00:00","dateModified":"2022-12-13T08:01:46+00:00","description":"F\u00fcr Gesch\u00e4ftskunden biete ich Mengenrabatte an. Es besteht auch die M\u00f6glichkeit per Rechnung zu bezahlen. Interessiert? Rufen Sie mich an: 0495-721125.","breadcrumb":{"@id":"https:\/\/partsandpieces.nl\/kwantumkorting-voor-zakelijke-klanten\/#breadcrumb"},"inLanguage":"de","potentialAction":[{"@type":"ReadAction","target":["https:\/\/partsandpieces.nl\/kwantumkorting-voor-zakelijke-klanten\/"]}]},{"@type":"BreadcrumbList","@id":"https:\/\/partsandpieces.nl\/kwantumkorting-voor-zakelijke-klanten\/#breadcrumb","itemListElement":[{"@type":"ListItem","position":1,"name":"Home","item":"https:\/\/partsandpieces.nl\/home\/"},{"@type":"ListItem","position":2,"name":"Aanmelden als zakelijke klant"}]},{"@type":"WebSite","@id":"https:\/\/partsandpieces.nl\/#website","url":"https:\/\/partsandpieces.nl\/","name":"Teile &amp; St\u00fccke","description":"Alles f\u00fcr Ihre M\u00f6belrestaurierung und -pflege!","potentialAction":[{"@type":"SearchAction","target":{"@type":"EntryPoint","urlTemplate":"https:\/\/partsandpieces.nl\/?s={search_term_string}"},"query-input":{"@type":"PropertyValueSpecification","valueRequired":true,"valueName":"search_term_string"}}],"inLanguage":"de"}]}},"_links":{"self":[{"href":"https:\/\/partsandpieces.nl\/de\/wp-json\/wp\/v2\/pages\/3365","targetHints":{"allow":["GET"]}}],"collection":[{"href":"https:\/\/partsandpieces.nl\/de\/wp-json\/wp\/v2\/pages"}],"about":[{"href":"https:\/\/partsandpieces.nl\/de\/wp-json\/wp\/v2\/types\/page"}],"author":[{"embeddable":true,"href":"https:\/\/partsandpieces.nl\/de\/wp-json\/wp\/v2\/users\/1"}],"replies":[{"embeddable":true,"href":"https:\/\/partsandpieces.nl\/de\/wp-json\/wp\/v2\/comments?post=3365"}],"version-history":[{"count":4,"href":"https:\/\/partsandpieces.nl\/de\/wp-json\/wp\/v2\/pages\/3365\/revisions"}],"predecessor-version":[{"id":7548,"href":"https:\/\/partsandpieces.nl\/de\/wp-json\/wp\/v2\/pages\/3365\/revisions\/7548"}],"wp:attachment":[{"href":"https:\/\/partsandpieces.nl\/de\/wp-json\/wp\/v2\/media?parent=3365"}],"curies":[{"name":"wp","href":"https:\/\/api.w.org\/{rel}","templated":true}]}}