{"id":1003,"date":"2020-07-28T08:34:52","date_gmt":"2020-07-28T08:34:52","guid":{"rendered":"https:\/\/partsandpieces.bonsaidev.nl\/?product=ladetrekker-messing-974264"},"modified":"2026-02-17T22:42:53","modified_gmt":"2026-02-17T21:42:53","slug":"schubladengriff-messing-antik-blume-und-spitze-horizontal-mit-schlusselloch-97mm","status":"publish","type":"product","link":"https:\/\/partsandpieces.nl\/de\/product\/ladegreep-messing-antiek-bloem-en-aar-horizontaal-met-sleutelgat-97mm\/","title":{"rendered":"Schubladengriff Messing antik Blume und Spitze horizontal mit Schl\u00fcsselloch 97 mm"},"content":{"rendered":"<p><strong>Schubladengriff Messing antik Blume und Spitze horizontal mit Schl\u00fcsselloch 97 mm<\/strong>\u00a0ist ein wundersch\u00f6ner Schubladengriff aus gepr\u00e4gtem Messing mit antikem Finish. Der Griff ist mit einem Blumen- und Spitzenmotiv verziert. Das Erscheinungsbild dieses klassischen Griffs ist matt. Dieser Griff passt gut zu Ihren antiken oder klassischen M\u00f6beln und Schubladen.<\/p>\n<p>Dieser hochwertige Schubladengriff wird in Italien hergestellt.<\/p>\n<p><strong>Ma\u00dfe<br \/>\n<\/strong>Schubladengriff aus Messing mit antiker Blume und Spitze horizontal mit Schl\u00fcsselloch 97 mm, insgesamt 97 mm breit und 33 mm hoch. Der Griff selbst ist 92 mm breit. Nach der Installation steht dieser Griff 15 mm \u00fcber. Die Bohrungen des Griffs haben einen Abstand von 64 mm.<\/p>\n<p><strong>Bearbeiten<br \/>\n<\/strong>Sie k\u00f6nnen den Griff mit blind montieren\u00a0<span style=\"text-decoration: underline;\"><a href=\"https:\/\/partsandpieces.nl\/de\/produkt\/schraube-edelstahl-zur-blindmontage-von-mobelbeschlagen-45x4mm-20-stuck\/\">Edelstahlschraube zur Blindbefestigung von M\u00f6belbeschl\u00e4gen (45x4mm)<\/a><\/span>\u00a0Ich schicke diese Schrauben\u00a0<strong>FREI<\/strong>\u00a0mit Ihrer Bestellung.<\/p>","protected":false},"excerpt":{"rendered":"<p>Ladegreep Messing antiek bloem en aar horizontaal met sleutelgat 97mm\u00a0is een mooie ladegreep gemaakt van gestanst messing met een antieke afwerking. De greep is versiert met een bloem en aar motief. De uitstraling van deze klassieke greep is mat. Deze greep past goed op je antieke of klassieke meubel en lades. Deze kwalitatief uitstekende ladegreep [&hellip;]<\/p>\n","protected":false},"featured_media":6699,"template":"","meta":{"_acf_changed":false},"product_brand":[],"product_cat":[41,23,48],"product_tag":[],"class_list":{"0":"post-1003","1":"product","2":"type-product","3":"status-publish","4":"has-post-thumbnail","6":"product_cat-ladetrekkers","7":"product_cat-meubelbeslag","8":"product_cat-sleutelplaten","10":"first","11":"instock","12":"taxable","13":"shipping-taxable","14":"purchasable","15":"product-type-simple"},"acf":[],"yoast_head":"<!-- This site is optimized with the Yoast SEO plugin v27.3 - https:\/\/yoast.com\/product\/yoast-seo-wordpress\/ -->\n<title>Ladegreep Messing bloem met sleutelgat<\/title>\n<meta name=\"description\" content=\"Ladegreep Messing antiek bloem en aar horizontaal met sleutelgat 97mm\u00a0gemaakt van gestanst messing. Is versiert met bloem en aar motief.\" \/>\n<meta name=\"robots\" content=\"index, follow, max-snippet:-1, max-image-preview:large, max-video-preview:-1\" \/>\n<link rel=\"canonical\" href=\"https:\/\/partsandpieces.nl\/de\/produkt\/schubladengriff-messing-antik-blume-und-spitze-horizontal-mit-schlusselloch-97mm\/\" \/>\n<meta property=\"og:locale\" content=\"de_DE\" \/>\n<meta property=\"og:type\" content=\"article\" \/>\n<meta property=\"og:title\" content=\"Ladegreep Messing bloem met sleutelgat\" \/>\n<meta property=\"og:description\" content=\"Ladegreep Messing antiek bloem en aar horizontaal met sleutelgat 97mm\u00a0gemaakt van gestanst messing. Is versiert met bloem en aar motief.\" \/>\n<meta property=\"og:url\" content=\"https:\/\/partsandpieces.nl\/de\/produkt\/schubladengriff-messing-antik-blume-und-spitze-horizontal-mit-schlusselloch-97mm\/\" \/>\n<meta property=\"og:site_name\" content=\"Parts &amp; Pieces\" \/>\n<meta property=\"article:modified_time\" content=\"2026-02-17T21:42:53+00:00\" \/>\n<meta property=\"og:image\" content=\"https:\/\/partsandpieces.nl\/wp-content\/uploads\/2020\/07\/Ladegreep-Messing-antiek-bloem-en-aar-horizontaal-met-sleutelgat-97mm.jpg\" \/>\n\t<meta property=\"og:image:width\" content=\"455\" \/>\n\t<meta property=\"og:image:height\" content=\"455\" \/>\n\t<meta property=\"og:image:type\" content=\"image\/jpeg\" \/>\n<meta name=\"twitter:card\" content=\"summary_large_image\" \/>\n<meta name=\"twitter:label1\" content=\"Gesch\u00e4tzte Lesezeit\" \/>\n\t<meta name=\"twitter:data1\" content=\"1\u00a0Minute\" \/>\n<script type=\"application\/ld+json\" class=\"yoast-schema-graph\">{\"@context\":\"https:\\\/\\\/schema.org\",\"@graph\":[{\"@type\":\"WebPage\",\"@id\":\"https:\\\/\\\/partsandpieces.nl\\\/product\\\/ladegreep-messing-antiek-bloem-en-aar-horizontaal-met-sleutelgat-97mm\\\/\",\"url\":\"https:\\\/\\\/partsandpieces.nl\\\/product\\\/ladegreep-messing-antiek-bloem-en-aar-horizontaal-met-sleutelgat-97mm\\\/\",\"name\":\"Ladegreep Messing bloem met sleutelgat\",\"isPartOf\":{\"@id\":\"https:\\\/\\\/partsandpieces.nl\\\/#website\"},\"primaryImageOfPage\":{\"@id\":\"https:\\\/\\\/partsandpieces.nl\\\/product\\\/ladegreep-messing-antiek-bloem-en-aar-horizontaal-met-sleutelgat-97mm\\\/#primaryimage\"},\"image\":{\"@id\":\"https:\\\/\\\/partsandpieces.nl\\\/product\\\/ladegreep-messing-antiek-bloem-en-aar-horizontaal-met-sleutelgat-97mm\\\/#primaryimage\"},\"thumbnailUrl\":\"https:\\\/\\\/partsandpieces.nl\\\/wp-content\\\/uploads\\\/2020\\\/07\\\/Ladegreep-Messing-antiek-bloem-en-aar-horizontaal-met-sleutelgat-97mm.jpg\",\"datePublished\":\"2020-07-28T08:34:52+00:00\",\"dateModified\":\"2026-02-17T21:42:53+00:00\",\"description\":\"Ladegreep Messing antiek bloem en aar horizontaal met sleutelgat 97mm\u00a0gemaakt van gestanst messing. Is versiert met bloem en aar motief.\",\"breadcrumb\":{\"@id\":\"https:\\\/\\\/partsandpieces.nl\\\/product\\\/ladegreep-messing-antiek-bloem-en-aar-horizontaal-met-sleutelgat-97mm\\\/#breadcrumb\"},\"inLanguage\":\"de\",\"potentialAction\":[{\"@type\":\"ReadAction\",\"target\":[\"https:\\\/\\\/partsandpieces.nl\\\/product\\\/ladegreep-messing-antiek-bloem-en-aar-horizontaal-met-sleutelgat-97mm\\\/\"]}]},{\"@type\":\"ImageObject\",\"inLanguage\":\"de\",\"@id\":\"https:\\\/\\\/partsandpieces.nl\\\/product\\\/ladegreep-messing-antiek-bloem-en-aar-horizontaal-met-sleutelgat-97mm\\\/#primaryimage\",\"url\":\"https:\\\/\\\/partsandpieces.nl\\\/wp-content\\\/uploads\\\/2020\\\/07\\\/Ladegreep-Messing-antiek-bloem-en-aar-horizontaal-met-sleutelgat-97mm.jpg\",\"contentUrl\":\"https:\\\/\\\/partsandpieces.nl\\\/wp-content\\\/uploads\\\/2020\\\/07\\\/Ladegreep-Messing-antiek-bloem-en-aar-horizontaal-met-sleutelgat-97mm.jpg\",\"width\":455,\"height\":455,\"caption\":\"Ladegreep Messing antiek bloem en aar horizontaal met sleutelgat 97mm\"},{\"@type\":\"BreadcrumbList\",\"@id\":\"https:\\\/\\\/partsandpieces.nl\\\/product\\\/ladegreep-messing-antiek-bloem-en-aar-horizontaal-met-sleutelgat-97mm\\\/#breadcrumb\",\"itemListElement\":[{\"@type\":\"ListItem\",\"position\":1,\"name\":\"Home\",\"item\":\"https:\\\/\\\/partsandpieces.nl\\\/home\\\/\"},{\"@type\":\"ListItem\",\"position\":2,\"name\":\"Winkel\",\"item\":\"https:\\\/\\\/partsandpieces.nl\\\/winkel\\\/\"},{\"@type\":\"ListItem\",\"position\":3,\"name\":\"Ladegreep Messing antiek bloem en aar horizontaal met sleutelgat 97mm\"}]},{\"@type\":\"WebSite\",\"@id\":\"https:\\\/\\\/partsandpieces.nl\\\/#website\",\"url\":\"https:\\\/\\\/partsandpieces.nl\\\/\",\"name\":\"Parts &amp; Pieces\",\"description\":\"Alles voor uw meubelrestauratie en -onderhoud!\",\"potentialAction\":[{\"@type\":\"SearchAction\",\"target\":{\"@type\":\"EntryPoint\",\"urlTemplate\":\"https:\\\/\\\/partsandpieces.nl\\\/?s={search_term_string}\"},\"query-input\":{\"@type\":\"PropertyValueSpecification\",\"valueRequired\":true,\"valueName\":\"search_term_string\"}}],\"inLanguage\":\"de\"}]}<\/script>\n<!-- \/ Yoast SEO plugin. -->","yoast_head_json":{"title":"Schubladengriff Messingblume mit Schl\u00fcsselloch","description":"Schubladengriff aus Messing mit antiker Blume und Spitze horizontal mit Schl\u00fcsselloch 97 mm aus gestanztem Messing. Mit Blumen- und Spitzenmotiv verziert.","robots":{"index":"index","follow":"follow","max-snippet":"max-snippet:-1","max-image-preview":"max-image-preview:large","max-video-preview":"max-video-preview:-1"},"canonical":"https:\/\/partsandpieces.nl\/de\/produkt\/schubladengriff-messing-antik-blume-und-spitze-horizontal-mit-schlusselloch-97mm\/","og_locale":"de_DE","og_type":"article","og_title":"Ladegreep Messing bloem met sleutelgat","og_description":"Ladegreep Messing antiek bloem en aar horizontaal met sleutelgat 97mm\u00a0gemaakt van gestanst messing. Is versiert met bloem en aar motief.","og_url":"https:\/\/partsandpieces.nl\/de\/produkt\/schubladengriff-messing-antik-blume-und-spitze-horizontal-mit-schlusselloch-97mm\/","og_site_name":"Parts &amp; Pieces","article_modified_time":"2026-02-17T21:42:53+00:00","og_image":[{"width":455,"height":455,"url":"https:\/\/partsandpieces.nl\/wp-content\/uploads\/2020\/07\/Ladegreep-Messing-antiek-bloem-en-aar-horizontaal-met-sleutelgat-97mm.jpg","type":"image\/jpeg"}],"twitter_card":"summary_large_image","twitter_misc":{"Gesch\u00e4tzte Lesezeit":"1\u00a0Minute"},"schema":{"@context":"https:\/\/schema.org","@graph":[{"@type":"WebPage","@id":"https:\/\/partsandpieces.nl\/product\/ladegreep-messing-antiek-bloem-en-aar-horizontaal-met-sleutelgat-97mm\/","url":"https:\/\/partsandpieces.nl\/product\/ladegreep-messing-antiek-bloem-en-aar-horizontaal-met-sleutelgat-97mm\/","name":"Schubladengriff Messingblume mit Schl\u00fcsselloch","isPartOf":{"@id":"https:\/\/partsandpieces.nl\/#website"},"primaryImageOfPage":{"@id":"https:\/\/partsandpieces.nl\/product\/ladegreep-messing-antiek-bloem-en-aar-horizontaal-met-sleutelgat-97mm\/#primaryimage"},"image":{"@id":"https:\/\/partsandpieces.nl\/product\/ladegreep-messing-antiek-bloem-en-aar-horizontaal-met-sleutelgat-97mm\/#primaryimage"},"thumbnailUrl":"https:\/\/partsandpieces.nl\/wp-content\/uploads\/2020\/07\/Ladegreep-Messing-antiek-bloem-en-aar-horizontaal-met-sleutelgat-97mm.jpg","datePublished":"2020-07-28T08:34:52+00:00","dateModified":"2026-02-17T21:42:53+00:00","description":"Schubladengriff aus Messing mit antiker Blume und Spitze horizontal mit Schl\u00fcsselloch 97 mm aus gestanztem Messing. Mit Blumen- und Spitzenmotiv verziert.","breadcrumb":{"@id":"https:\/\/partsandpieces.nl\/product\/ladegreep-messing-antiek-bloem-en-aar-horizontaal-met-sleutelgat-97mm\/#breadcrumb"},"inLanguage":"de","potentialAction":[{"@type":"ReadAction","target":["https:\/\/partsandpieces.nl\/product\/ladegreep-messing-antiek-bloem-en-aar-horizontaal-met-sleutelgat-97mm\/"]}]},{"@type":"ImageObject","inLanguage":"de","@id":"https:\/\/partsandpieces.nl\/product\/ladegreep-messing-antiek-bloem-en-aar-horizontaal-met-sleutelgat-97mm\/#primaryimage","url":"https:\/\/partsandpieces.nl\/wp-content\/uploads\/2020\/07\/Ladegreep-Messing-antiek-bloem-en-aar-horizontaal-met-sleutelgat-97mm.jpg","contentUrl":"https:\/\/partsandpieces.nl\/wp-content\/uploads\/2020\/07\/Ladegreep-Messing-antiek-bloem-en-aar-horizontaal-met-sleutelgat-97mm.jpg","width":455,"height":455,"caption":"Ladegreep Messing antiek bloem en aar horizontaal met sleutelgat 97mm"},{"@type":"BreadcrumbList","@id":"https:\/\/partsandpieces.nl\/product\/ladegreep-messing-antiek-bloem-en-aar-horizontaal-met-sleutelgat-97mm\/#breadcrumb","itemListElement":[{"@type":"ListItem","position":1,"name":"Home","item":"https:\/\/partsandpieces.nl\/home\/"},{"@type":"ListItem","position":2,"name":"Winkel","item":"https:\/\/partsandpieces.nl\/winkel\/"},{"@type":"ListItem","position":3,"name":"Ladegreep Messing antiek bloem en aar horizontaal met sleutelgat 97mm"}]},{"@type":"WebSite","@id":"https:\/\/partsandpieces.nl\/#website","url":"https:\/\/partsandpieces.nl\/","name":"Teile &amp; St\u00fccke","description":"Alles f\u00fcr Ihre M\u00f6belrestaurierung und -pflege!","potentialAction":[{"@type":"SearchAction","target":{"@type":"EntryPoint","urlTemplate":"https:\/\/partsandpieces.nl\/?s={search_term_string}"},"query-input":{"@type":"PropertyValueSpecification","valueRequired":true,"valueName":"search_term_string"}}],"inLanguage":"de"}]}},"_links":{"self":[{"href":"https:\/\/partsandpieces.nl\/de\/wp-json\/wp\/v2\/product\/1003","targetHints":{"allow":["GET"]}}],"collection":[{"href":"https:\/\/partsandpieces.nl\/de\/wp-json\/wp\/v2\/product"}],"about":[{"href":"https:\/\/partsandpieces.nl\/de\/wp-json\/wp\/v2\/types\/product"}],"wp:featuredmedia":[{"embeddable":true,"href":"https:\/\/partsandpieces.nl\/de\/wp-json\/wp\/v2\/media\/6699"}],"wp:attachment":[{"href":"https:\/\/partsandpieces.nl\/de\/wp-json\/wp\/v2\/media?parent=1003"}],"wp:term":[{"taxonomy":"product_brand","embeddable":true,"href":"https:\/\/partsandpieces.nl\/de\/wp-json\/wp\/v2\/product_brand?post=1003"},{"taxonomy":"product_cat","embeddable":true,"href":"https:\/\/partsandpieces.nl\/de\/wp-json\/wp\/v2\/product_cat?post=1003"},{"taxonomy":"product_tag","embeddable":true,"href":"https:\/\/partsandpieces.nl\/de\/wp-json\/wp\/v2\/product_tag?post=1003"}],"curies":[{"name":"wp","href":"https:\/\/api.w.org\/{rel}","templated":true}]}}