{"id":101,"date":"2020-05-22T14:15:34","date_gmt":"2020-05-22T14:15:34","guid":{"rendered":"https:\/\/partsandpieces.bonsaidev.nl\/?product=etikethouder-chrome-finish-95x40-mm"},"modified":"2026-02-09T22:16:26","modified_gmt":"2026-02-09T21:16:26","slug":"etikettenhalter-verzinktes-eisen-70x30mm-6-stuck","status":"publish","type":"product","link":"https:\/\/partsandpieces.nl\/de\/product\/etikethouder-gegalvaniseerd-ijzer-70x30mm-6-stuks\/","title":{"rendered":"Etikettenhalter verzinktes Eisen 70x30mm (6 St\u00fcck)"},"content":{"rendered":"<p><strong>Etikettenhalter verzinktes Eisen 70x30mm (6 St\u00fcck)<\/strong> ist ein d\u00fcnner und leichter Etikettenhalter, den Sie mit 3 Schrauben befestigen.<\/p>\n<p><strong>Ma\u00dfe<br \/>\n<\/strong>In den Etikettenhalter passt ein Etikett mit einer Gr\u00f6\u00dfe von ca. 70x30mm. Die Au\u00dfenma\u00dfe ohne Befestigungs\u00f6sen betragen 76 x 31 mm. Einschlie\u00dflich der Befestigungs\u00f6sen betr\u00e4gt die Gr\u00f6\u00dfe 94 x 40 mm.<\/p>\n<p><strong>Bearbeiten<br \/>\n<\/strong>Sie montieren den Etikettenhalter mit 3 Schrauben mit breitem Kopf. Die L\u00f6cher sind ca. 4 mm gro\u00df. Ich liefere diesen Etikettenhaltern keine Schrauben bei.<\/p>","protected":false},"excerpt":{"rendered":"<p>Etikethouder gegalvaniseerd ijzer 70x30mm (6 stuks) is een dunne en lichte etikethouder die je met 3 schroeven bevestigt. Afmetingen In de etikethouder past een etiket met een formaat van ongeveer 70x30mm. De buitenmaat exclusief bevestigingsogen is 76x31mm. Inclusief de bevestigingsogen bedraagt de maat 94x40mm. Montage Je monteert de etikethouder met 3 schroeven met een brede [&hellip;]<\/p>\n","protected":false},"featured_media":5148,"template":"","meta":{"_acf_changed":false},"product_brand":[],"product_cat":[30,23],"product_tag":[],"class_list":{"0":"post-101","1":"product","2":"type-product","3":"status-publish","4":"has-post-thumbnail","6":"product_cat-etikethouders","7":"product_cat-meubelbeslag","9":"first","10":"instock","11":"taxable","12":"shipping-taxable","13":"purchasable","14":"product-type-simple"},"acf":[],"yoast_head":"<!-- This site is optimized with the Yoast SEO plugin v27.3 - https:\/\/yoast.com\/product\/yoast-seo-wordpress\/ -->\n<title>Etikethouder gegalvaniseerd 70x30mm (6 stuks)<\/title>\n<meta name=\"description\" content=\"Etikethouder gegalvaniseerd ijzer 70x30mm (6 stuks) is een dunne en lichte etikethouder die je met 3 schroeven bevestigt.\" \/>\n<meta name=\"robots\" content=\"index, follow, max-snippet:-1, max-image-preview:large, max-video-preview:-1\" \/>\n<link rel=\"canonical\" href=\"https:\/\/partsandpieces.nl\/de\/produkt\/etikettenhalter-verzinktes-eisen-70x30mm-6-stuck\/\" \/>\n<meta property=\"og:locale\" content=\"de_DE\" \/>\n<meta property=\"og:type\" content=\"article\" \/>\n<meta property=\"og:title\" content=\"Etikethouder gegalvaniseerd 70x30mm (6 stuks)\" \/>\n<meta property=\"og:description\" content=\"Etikethouder gegalvaniseerd ijzer 70x30mm (6 stuks) is een dunne en lichte etikethouder die je met 3 schroeven bevestigt.\" \/>\n<meta property=\"og:url\" content=\"https:\/\/partsandpieces.nl\/de\/produkt\/etikettenhalter-verzinktes-eisen-70x30mm-6-stuck\/\" \/>\n<meta property=\"og:site_name\" content=\"Parts &amp; Pieces\" \/>\n<meta property=\"article:modified_time\" content=\"2026-02-09T21:16:26+00:00\" \/>\n<meta property=\"og:image\" content=\"https:\/\/partsandpieces.nl\/wp-content\/uploads\/2020\/05\/Etikethouder-gegalvaniseerd-ijzer-70x30mm-6-stuks.jpg\" \/>\n\t<meta property=\"og:image:width\" content=\"480\" \/>\n\t<meta property=\"og:image:height\" content=\"481\" \/>\n\t<meta property=\"og:image:type\" content=\"image\/jpeg\" \/>\n<meta name=\"twitter:card\" content=\"summary_large_image\" \/>\n<meta name=\"twitter:label1\" content=\"Gesch\u00e4tzte Lesezeit\" \/>\n\t<meta name=\"twitter:data1\" content=\"1\u00a0Minute\" \/>\n<script type=\"application\/ld+json\" class=\"yoast-schema-graph\">{\"@context\":\"https:\\\/\\\/schema.org\",\"@graph\":[{\"@type\":\"WebPage\",\"@id\":\"https:\\\/\\\/partsandpieces.nl\\\/product\\\/etikethouder-gegalvaniseerd-ijzer-70x30mm-6-stuks\\\/\",\"url\":\"https:\\\/\\\/partsandpieces.nl\\\/product\\\/etikethouder-gegalvaniseerd-ijzer-70x30mm-6-stuks\\\/\",\"name\":\"Etikethouder gegalvaniseerd 70x30mm (6 stuks)\",\"isPartOf\":{\"@id\":\"https:\\\/\\\/partsandpieces.nl\\\/#website\"},\"primaryImageOfPage\":{\"@id\":\"https:\\\/\\\/partsandpieces.nl\\\/product\\\/etikethouder-gegalvaniseerd-ijzer-70x30mm-6-stuks\\\/#primaryimage\"},\"image\":{\"@id\":\"https:\\\/\\\/partsandpieces.nl\\\/product\\\/etikethouder-gegalvaniseerd-ijzer-70x30mm-6-stuks\\\/#primaryimage\"},\"thumbnailUrl\":\"https:\\\/\\\/partsandpieces.nl\\\/wp-content\\\/uploads\\\/2020\\\/05\\\/Etikethouder-gegalvaniseerd-ijzer-70x30mm-6-stuks.jpg\",\"datePublished\":\"2020-05-22T14:15:34+00:00\",\"dateModified\":\"2026-02-09T21:16:26+00:00\",\"description\":\"Etikethouder gegalvaniseerd ijzer 70x30mm (6 stuks) is een dunne en lichte etikethouder die je met 3 schroeven bevestigt.\",\"breadcrumb\":{\"@id\":\"https:\\\/\\\/partsandpieces.nl\\\/product\\\/etikethouder-gegalvaniseerd-ijzer-70x30mm-6-stuks\\\/#breadcrumb\"},\"inLanguage\":\"de\",\"potentialAction\":[{\"@type\":\"ReadAction\",\"target\":[\"https:\\\/\\\/partsandpieces.nl\\\/product\\\/etikethouder-gegalvaniseerd-ijzer-70x30mm-6-stuks\\\/\"]}]},{\"@type\":\"ImageObject\",\"inLanguage\":\"de\",\"@id\":\"https:\\\/\\\/partsandpieces.nl\\\/product\\\/etikethouder-gegalvaniseerd-ijzer-70x30mm-6-stuks\\\/#primaryimage\",\"url\":\"https:\\\/\\\/partsandpieces.nl\\\/wp-content\\\/uploads\\\/2020\\\/05\\\/Etikethouder-gegalvaniseerd-ijzer-70x30mm-6-stuks.jpg\",\"contentUrl\":\"https:\\\/\\\/partsandpieces.nl\\\/wp-content\\\/uploads\\\/2020\\\/05\\\/Etikethouder-gegalvaniseerd-ijzer-70x30mm-6-stuks.jpg\",\"width\":480,\"height\":481,\"caption\":\"Etikethouder gegalvaniseerd ijzer 70x30mm (6 stuks)\"},{\"@type\":\"BreadcrumbList\",\"@id\":\"https:\\\/\\\/partsandpieces.nl\\\/product\\\/etikethouder-gegalvaniseerd-ijzer-70x30mm-6-stuks\\\/#breadcrumb\",\"itemListElement\":[{\"@type\":\"ListItem\",\"position\":1,\"name\":\"Home\",\"item\":\"https:\\\/\\\/partsandpieces.nl\\\/home\\\/\"},{\"@type\":\"ListItem\",\"position\":2,\"name\":\"Winkel\",\"item\":\"https:\\\/\\\/partsandpieces.nl\\\/winkel\\\/\"},{\"@type\":\"ListItem\",\"position\":3,\"name\":\"Etikethouder gegalvaniseerd ijzer 70x30mm (6 stuks)\"}]},{\"@type\":\"WebSite\",\"@id\":\"https:\\\/\\\/partsandpieces.nl\\\/#website\",\"url\":\"https:\\\/\\\/partsandpieces.nl\\\/\",\"name\":\"Parts &amp; Pieces\",\"description\":\"Alles voor uw meubelrestauratie en -onderhoud!\",\"potentialAction\":[{\"@type\":\"SearchAction\",\"target\":{\"@type\":\"EntryPoint\",\"urlTemplate\":\"https:\\\/\\\/partsandpieces.nl\\\/?s={search_term_string}\"},\"query-input\":{\"@type\":\"PropertyValueSpecification\",\"valueRequired\":true,\"valueName\":\"search_term_string\"}}],\"inLanguage\":\"de\"}]}<\/script>\n<!-- \/ Yoast SEO plugin. -->","yoast_head_json":{"title":"Etikettenhalter verzinkt 70x30mm (6 St\u00fcck)","description":"Der Etikettenhalter aus verzinktem Eisen 70 x 30 mm (6 St\u00fcck) ist ein d\u00fcnner und leichter Etikettenhalter, den Sie mit 3 Schrauben befestigen.","robots":{"index":"index","follow":"follow","max-snippet":"max-snippet:-1","max-image-preview":"max-image-preview:large","max-video-preview":"max-video-preview:-1"},"canonical":"https:\/\/partsandpieces.nl\/de\/produkt\/etikettenhalter-verzinktes-eisen-70x30mm-6-stuck\/","og_locale":"de_DE","og_type":"article","og_title":"Etikethouder gegalvaniseerd 70x30mm (6 stuks)","og_description":"Etikethouder gegalvaniseerd ijzer 70x30mm (6 stuks) is een dunne en lichte etikethouder die je met 3 schroeven bevestigt.","og_url":"https:\/\/partsandpieces.nl\/de\/produkt\/etikettenhalter-verzinktes-eisen-70x30mm-6-stuck\/","og_site_name":"Parts &amp; Pieces","article_modified_time":"2026-02-09T21:16:26+00:00","og_image":[{"width":480,"height":481,"url":"https:\/\/partsandpieces.nl\/wp-content\/uploads\/2020\/05\/Etikethouder-gegalvaniseerd-ijzer-70x30mm-6-stuks.jpg","type":"image\/jpeg"}],"twitter_card":"summary_large_image","twitter_misc":{"Gesch\u00e4tzte Lesezeit":"1\u00a0Minute"},"schema":{"@context":"https:\/\/schema.org","@graph":[{"@type":"WebPage","@id":"https:\/\/partsandpieces.nl\/product\/etikethouder-gegalvaniseerd-ijzer-70x30mm-6-stuks\/","url":"https:\/\/partsandpieces.nl\/product\/etikethouder-gegalvaniseerd-ijzer-70x30mm-6-stuks\/","name":"Etikettenhalter verzinkt 70x30mm (6 St\u00fcck)","isPartOf":{"@id":"https:\/\/partsandpieces.nl\/#website"},"primaryImageOfPage":{"@id":"https:\/\/partsandpieces.nl\/product\/etikethouder-gegalvaniseerd-ijzer-70x30mm-6-stuks\/#primaryimage"},"image":{"@id":"https:\/\/partsandpieces.nl\/product\/etikethouder-gegalvaniseerd-ijzer-70x30mm-6-stuks\/#primaryimage"},"thumbnailUrl":"https:\/\/partsandpieces.nl\/wp-content\/uploads\/2020\/05\/Etikethouder-gegalvaniseerd-ijzer-70x30mm-6-stuks.jpg","datePublished":"2020-05-22T14:15:34+00:00","dateModified":"2026-02-09T21:16:26+00:00","description":"Der Etikettenhalter aus verzinktem Eisen 70 x 30 mm (6 St\u00fcck) ist ein d\u00fcnner und leichter Etikettenhalter, den Sie mit 3 Schrauben befestigen.","breadcrumb":{"@id":"https:\/\/partsandpieces.nl\/product\/etikethouder-gegalvaniseerd-ijzer-70x30mm-6-stuks\/#breadcrumb"},"inLanguage":"de","potentialAction":[{"@type":"ReadAction","target":["https:\/\/partsandpieces.nl\/product\/etikethouder-gegalvaniseerd-ijzer-70x30mm-6-stuks\/"]}]},{"@type":"ImageObject","inLanguage":"de","@id":"https:\/\/partsandpieces.nl\/product\/etikethouder-gegalvaniseerd-ijzer-70x30mm-6-stuks\/#primaryimage","url":"https:\/\/partsandpieces.nl\/wp-content\/uploads\/2020\/05\/Etikethouder-gegalvaniseerd-ijzer-70x30mm-6-stuks.jpg","contentUrl":"https:\/\/partsandpieces.nl\/wp-content\/uploads\/2020\/05\/Etikethouder-gegalvaniseerd-ijzer-70x30mm-6-stuks.jpg","width":480,"height":481,"caption":"Etikethouder gegalvaniseerd ijzer 70x30mm (6 stuks)"},{"@type":"BreadcrumbList","@id":"https:\/\/partsandpieces.nl\/product\/etikethouder-gegalvaniseerd-ijzer-70x30mm-6-stuks\/#breadcrumb","itemListElement":[{"@type":"ListItem","position":1,"name":"Home","item":"https:\/\/partsandpieces.nl\/home\/"},{"@type":"ListItem","position":2,"name":"Winkel","item":"https:\/\/partsandpieces.nl\/winkel\/"},{"@type":"ListItem","position":3,"name":"Etikethouder gegalvaniseerd ijzer 70x30mm (6 stuks)"}]},{"@type":"WebSite","@id":"https:\/\/partsandpieces.nl\/#website","url":"https:\/\/partsandpieces.nl\/","name":"Teile &amp; St\u00fccke","description":"Alles f\u00fcr Ihre M\u00f6belrestaurierung und -pflege!","potentialAction":[{"@type":"SearchAction","target":{"@type":"EntryPoint","urlTemplate":"https:\/\/partsandpieces.nl\/?s={search_term_string}"},"query-input":{"@type":"PropertyValueSpecification","valueRequired":true,"valueName":"search_term_string"}}],"inLanguage":"de"}]}},"_links":{"self":[{"href":"https:\/\/partsandpieces.nl\/de\/wp-json\/wp\/v2\/product\/101","targetHints":{"allow":["GET"]}}],"collection":[{"href":"https:\/\/partsandpieces.nl\/de\/wp-json\/wp\/v2\/product"}],"about":[{"href":"https:\/\/partsandpieces.nl\/de\/wp-json\/wp\/v2\/types\/product"}],"wp:featuredmedia":[{"embeddable":true,"href":"https:\/\/partsandpieces.nl\/de\/wp-json\/wp\/v2\/media\/5148"}],"wp:attachment":[{"href":"https:\/\/partsandpieces.nl\/de\/wp-json\/wp\/v2\/media?parent=101"}],"wp:term":[{"taxonomy":"product_brand","embeddable":true,"href":"https:\/\/partsandpieces.nl\/de\/wp-json\/wp\/v2\/product_brand?post=101"},{"taxonomy":"product_cat","embeddable":true,"href":"https:\/\/partsandpieces.nl\/de\/wp-json\/wp\/v2\/product_cat?post=101"},{"taxonomy":"product_tag","embeddable":true,"href":"https:\/\/partsandpieces.nl\/de\/wp-json\/wp\/v2\/product_tag?post=101"}],"curies":[{"name":"wp","href":"https:\/\/api.w.org\/{rel}","templated":true}]}}