{"id":10139,"date":"2024-12-02T15:43:07","date_gmt":"2024-12-02T14:43:07","guid":{"rendered":"https:\/\/partsandpieces.nl\/?post_type=product&#038;p=10139"},"modified":"2026-01-10T18:32:06","modified_gmt":"2026-01-10T17:32:06","slug":"knopf-braun-rund-31mm","status":"publish","type":"product","link":"https:\/\/partsandpieces.nl\/de\/product\/knop-bruin-rond-31mm\/","title":{"rendered":"Knopf braun rund 31 mm"},"content":{"rendered":"<p><strong>Knopf braun rund 31 mm<\/strong> ist ein runder, flacher M\u00f6belknopf aus Zamak* mit brauner, rostfarbener Oberfl\u00e4che. Der Knopf bewegt sich nicht. Dieser Knauf passt sowohl in ein modernes Interieur als auch zu Ihrem klassischen oder l\u00e4ndlichen M\u00f6belst\u00fcck.<\/p>\n<p>Dieser hochwertige Knopf wird in Italien hergestellt.<\/p>\n<p><strong>Ma\u00dfe<br \/>\n<\/strong>Knopf braun rund 31 mm hat einen Durchmesser von 31 mm. Nach der Installation steht dieser Knopf 21 mm hervor. Die Basis des Knopfes hat einen Durchmesser von 10 mm.<\/p>\n<p><strong>Bearbeiten<br \/>\n<\/strong>Sie k\u00f6nnen den Taster mit blind montieren\u00a0<a href=\"https:\/\/partsandpieces.nl\/de\/produkt\/schraube-edelstahl-fur-blindmontageknopf-20x4mm-20-stuck\/\">Edelstahlschraube f\u00fcr Blindbefestigungsknopf (20x4mm)<\/a>. Ich schicke diese Schraube\u00a0<strong>FREI<\/strong>\u00a0mit Ihrer Bestellung.<\/p>\n<p>* Zamak ist eine Legierung mit Zink als Hauptbestandteil. Es hat einen relativ niedrigen Schmelzpunkt und ist leicht zu gie\u00dfen. Der Name ist ein Akronym, abgeleitet von den Anfangsbuchstaben der deutschen Bezeichnungen f\u00fcr die Metalle, aus denen sich der Werkstoff zusammensetzt: Zink, Aluminium, MAGnesium, Kupfer. Zamak wird in der Auto- und M\u00f6belindustrie f\u00fcr T\u00fcrgriffe, Griffe, Logos und Zierleisten verwendet. Es wird auch h\u00e4ufig als Ersatz f\u00fcr das giftige Blei verwendet.<\/p>","protected":false},"excerpt":{"rendered":"<p>Knop Bruin Rond 31mm is een ronde, platte meubelknop van zamak* met een bruine, roestkleurige afwerking. De knop geeft niet af. Deze knop past zowel in een modern interieur als op je klassieke of landelijke meubelstuk. Deze kwalitatief uitstekende knop is gemaakt in Itali\u00eb. Afmetingen Knop Bruin Rond 31mm heeft een diameter van 31mm. Na [&hellip;]<\/p>\n","protected":false},"featured_media":10141,"template":"","meta":{"_acf_changed":false},"product_brand":[],"product_cat":[37,23],"product_tag":[],"class_list":{"0":"post-10139","1":"product","2":"type-product","3":"status-publish","4":"has-post-thumbnail","6":"product_cat-knoppen","7":"product_cat-meubelbeslag","9":"first","10":"instock","11":"taxable","12":"shipping-taxable","13":"purchasable","14":"product-type-simple"},"acf":[],"yoast_head":"<!-- This site is optimized with the Yoast SEO plugin v27.3 - https:\/\/yoast.com\/product\/yoast-seo-wordpress\/ -->\n<title>Knop Bruin Rond 31mm<\/title>\n<meta name=\"description\" content=\"Knop Bruin Rond 31mm is een ronde, platte meubelknop met een roestkleurige afwerking. Past zowel in een modern interieur als op je klassieke meubelstuk.\" \/>\n<meta name=\"robots\" content=\"index, follow, max-snippet:-1, max-image-preview:large, max-video-preview:-1\" \/>\n<link rel=\"canonical\" href=\"https:\/\/partsandpieces.nl\/de\/produkt\/knopf-braun-rund-31mm\/\" \/>\n<meta property=\"og:locale\" content=\"de_DE\" \/>\n<meta property=\"og:type\" content=\"article\" \/>\n<meta property=\"og:title\" content=\"Knop Bruin Rond 31mm\" \/>\n<meta property=\"og:description\" content=\"Knop Bruin Rond 31mm is een ronde, platte meubelknop met een roestkleurige afwerking. Past zowel in een modern interieur als op je klassieke meubelstuk.\" \/>\n<meta property=\"og:url\" content=\"https:\/\/partsandpieces.nl\/de\/produkt\/knopf-braun-rund-31mm\/\" \/>\n<meta property=\"og:site_name\" content=\"Parts &amp; Pieces\" \/>\n<meta property=\"article:modified_time\" content=\"2026-01-10T17:32:06+00:00\" \/>\n<meta property=\"og:image\" content=\"https:\/\/partsandpieces.nl\/wp-content\/uploads\/2024\/12\/Knop-bruin-rond-31mm.jpg\" \/>\n\t<meta property=\"og:image:width\" content=\"1124\" \/>\n\t<meta property=\"og:image:height\" content=\"1127\" \/>\n\t<meta property=\"og:image:type\" content=\"image\/jpeg\" \/>\n<meta name=\"twitter:card\" content=\"summary_large_image\" \/>\n<meta name=\"twitter:label1\" content=\"Gesch\u00e4tzte Lesezeit\" \/>\n\t<meta name=\"twitter:data1\" content=\"1\u00a0Minute\" \/>\n<script type=\"application\/ld+json\" class=\"yoast-schema-graph\">{\"@context\":\"https:\\\/\\\/schema.org\",\"@graph\":[{\"@type\":\"WebPage\",\"@id\":\"https:\\\/\\\/partsandpieces.nl\\\/product\\\/knop-bruin-rond-31mm\\\/\",\"url\":\"https:\\\/\\\/partsandpieces.nl\\\/product\\\/knop-bruin-rond-31mm\\\/\",\"name\":\"Knop Bruin Rond 31mm\",\"isPartOf\":{\"@id\":\"https:\\\/\\\/partsandpieces.nl\\\/#website\"},\"primaryImageOfPage\":{\"@id\":\"https:\\\/\\\/partsandpieces.nl\\\/product\\\/knop-bruin-rond-31mm\\\/#primaryimage\"},\"image\":{\"@id\":\"https:\\\/\\\/partsandpieces.nl\\\/product\\\/knop-bruin-rond-31mm\\\/#primaryimage\"},\"thumbnailUrl\":\"https:\\\/\\\/partsandpieces.nl\\\/wp-content\\\/uploads\\\/2024\\\/12\\\/Knop-bruin-rond-31mm.jpg\",\"datePublished\":\"2024-12-02T14:43:07+00:00\",\"dateModified\":\"2026-01-10T17:32:06+00:00\",\"description\":\"Knop Bruin Rond 31mm is een ronde, platte meubelknop met een roestkleurige afwerking. Past zowel in een modern interieur als op je klassieke meubelstuk.\",\"breadcrumb\":{\"@id\":\"https:\\\/\\\/partsandpieces.nl\\\/product\\\/knop-bruin-rond-31mm\\\/#breadcrumb\"},\"inLanguage\":\"de\",\"potentialAction\":[{\"@type\":\"ReadAction\",\"target\":[\"https:\\\/\\\/partsandpieces.nl\\\/product\\\/knop-bruin-rond-31mm\\\/\"]}]},{\"@type\":\"ImageObject\",\"inLanguage\":\"de\",\"@id\":\"https:\\\/\\\/partsandpieces.nl\\\/product\\\/knop-bruin-rond-31mm\\\/#primaryimage\",\"url\":\"https:\\\/\\\/partsandpieces.nl\\\/wp-content\\\/uploads\\\/2024\\\/12\\\/Knop-bruin-rond-31mm.jpg\",\"contentUrl\":\"https:\\\/\\\/partsandpieces.nl\\\/wp-content\\\/uploads\\\/2024\\\/12\\\/Knop-bruin-rond-31mm.jpg\",\"width\":1124,\"height\":1127,\"caption\":\"Knop bruin rond 31mm\"},{\"@type\":\"BreadcrumbList\",\"@id\":\"https:\\\/\\\/partsandpieces.nl\\\/product\\\/knop-bruin-rond-31mm\\\/#breadcrumb\",\"itemListElement\":[{\"@type\":\"ListItem\",\"position\":1,\"name\":\"Home\",\"item\":\"https:\\\/\\\/partsandpieces.nl\\\/home\\\/\"},{\"@type\":\"ListItem\",\"position\":2,\"name\":\"Winkel\",\"item\":\"https:\\\/\\\/partsandpieces.nl\\\/winkel\\\/\"},{\"@type\":\"ListItem\",\"position\":3,\"name\":\"Knop Bruin Rond 31mm\"}]},{\"@type\":\"WebSite\",\"@id\":\"https:\\\/\\\/partsandpieces.nl\\\/#website\",\"url\":\"https:\\\/\\\/partsandpieces.nl\\\/\",\"name\":\"Parts &amp; Pieces\",\"description\":\"Alles voor uw meubelrestauratie en -onderhoud!\",\"potentialAction\":[{\"@type\":\"SearchAction\",\"target\":{\"@type\":\"EntryPoint\",\"urlTemplate\":\"https:\\\/\\\/partsandpieces.nl\\\/?s={search_term_string}\"},\"query-input\":{\"@type\":\"PropertyValueSpecification\",\"valueRequired\":true,\"valueName\":\"search_term_string\"}}],\"inLanguage\":\"de\"}]}<\/script>\n<!-- \/ Yoast SEO plugin. -->","yoast_head_json":{"title":"Knopf braun rund 31 mm","description":"Knauf Braun rund 31 mm ist ein runder, flacher M\u00f6belknopf mit rostfarbener Oberfl\u00e4che. Passt sowohl in ein modernes Interieur als auch auf Ihr klassisches M\u00f6belst\u00fcck.","robots":{"index":"index","follow":"follow","max-snippet":"max-snippet:-1","max-image-preview":"max-image-preview:large","max-video-preview":"max-video-preview:-1"},"canonical":"https:\/\/partsandpieces.nl\/de\/produkt\/knopf-braun-rund-31mm\/","og_locale":"de_DE","og_type":"article","og_title":"Knop Bruin Rond 31mm","og_description":"Knop Bruin Rond 31mm is een ronde, platte meubelknop met een roestkleurige afwerking. Past zowel in een modern interieur als op je klassieke meubelstuk.","og_url":"https:\/\/partsandpieces.nl\/de\/produkt\/knopf-braun-rund-31mm\/","og_site_name":"Parts &amp; Pieces","article_modified_time":"2026-01-10T17:32:06+00:00","og_image":[{"width":1124,"height":1127,"url":"https:\/\/partsandpieces.nl\/wp-content\/uploads\/2024\/12\/Knop-bruin-rond-31mm.jpg","type":"image\/jpeg"}],"twitter_card":"summary_large_image","twitter_misc":{"Gesch\u00e4tzte Lesezeit":"1\u00a0Minute"},"schema":{"@context":"https:\/\/schema.org","@graph":[{"@type":"WebPage","@id":"https:\/\/partsandpieces.nl\/product\/knop-bruin-rond-31mm\/","url":"https:\/\/partsandpieces.nl\/product\/knop-bruin-rond-31mm\/","name":"Knopf braun rund 31 mm","isPartOf":{"@id":"https:\/\/partsandpieces.nl\/#website"},"primaryImageOfPage":{"@id":"https:\/\/partsandpieces.nl\/product\/knop-bruin-rond-31mm\/#primaryimage"},"image":{"@id":"https:\/\/partsandpieces.nl\/product\/knop-bruin-rond-31mm\/#primaryimage"},"thumbnailUrl":"https:\/\/partsandpieces.nl\/wp-content\/uploads\/2024\/12\/Knop-bruin-rond-31mm.jpg","datePublished":"2024-12-02T14:43:07+00:00","dateModified":"2026-01-10T17:32:06+00:00","description":"Knauf Braun rund 31 mm ist ein runder, flacher M\u00f6belknopf mit rostfarbener Oberfl\u00e4che. Passt sowohl in ein modernes Interieur als auch auf Ihr klassisches M\u00f6belst\u00fcck.","breadcrumb":{"@id":"https:\/\/partsandpieces.nl\/product\/knop-bruin-rond-31mm\/#breadcrumb"},"inLanguage":"de","potentialAction":[{"@type":"ReadAction","target":["https:\/\/partsandpieces.nl\/product\/knop-bruin-rond-31mm\/"]}]},{"@type":"ImageObject","inLanguage":"de","@id":"https:\/\/partsandpieces.nl\/product\/knop-bruin-rond-31mm\/#primaryimage","url":"https:\/\/partsandpieces.nl\/wp-content\/uploads\/2024\/12\/Knop-bruin-rond-31mm.jpg","contentUrl":"https:\/\/partsandpieces.nl\/wp-content\/uploads\/2024\/12\/Knop-bruin-rond-31mm.jpg","width":1124,"height":1127,"caption":"Knop bruin rond 31mm"},{"@type":"BreadcrumbList","@id":"https:\/\/partsandpieces.nl\/product\/knop-bruin-rond-31mm\/#breadcrumb","itemListElement":[{"@type":"ListItem","position":1,"name":"Home","item":"https:\/\/partsandpieces.nl\/home\/"},{"@type":"ListItem","position":2,"name":"Winkel","item":"https:\/\/partsandpieces.nl\/winkel\/"},{"@type":"ListItem","position":3,"name":"Knop Bruin Rond 31mm"}]},{"@type":"WebSite","@id":"https:\/\/partsandpieces.nl\/#website","url":"https:\/\/partsandpieces.nl\/","name":"Teile &amp; St\u00fccke","description":"Alles f\u00fcr Ihre M\u00f6belrestaurierung und -pflege!","potentialAction":[{"@type":"SearchAction","target":{"@type":"EntryPoint","urlTemplate":"https:\/\/partsandpieces.nl\/?s={search_term_string}"},"query-input":{"@type":"PropertyValueSpecification","valueRequired":true,"valueName":"search_term_string"}}],"inLanguage":"de"}]}},"_links":{"self":[{"href":"https:\/\/partsandpieces.nl\/de\/wp-json\/wp\/v2\/product\/10139","targetHints":{"allow":["GET"]}}],"collection":[{"href":"https:\/\/partsandpieces.nl\/de\/wp-json\/wp\/v2\/product"}],"about":[{"href":"https:\/\/partsandpieces.nl\/de\/wp-json\/wp\/v2\/types\/product"}],"wp:featuredmedia":[{"embeddable":true,"href":"https:\/\/partsandpieces.nl\/de\/wp-json\/wp\/v2\/media\/10141"}],"wp:attachment":[{"href":"https:\/\/partsandpieces.nl\/de\/wp-json\/wp\/v2\/media?parent=10139"}],"wp:term":[{"taxonomy":"product_brand","embeddable":true,"href":"https:\/\/partsandpieces.nl\/de\/wp-json\/wp\/v2\/product_brand?post=10139"},{"taxonomy":"product_cat","embeddable":true,"href":"https:\/\/partsandpieces.nl\/de\/wp-json\/wp\/v2\/product_cat?post=10139"},{"taxonomy":"product_tag","embeddable":true,"href":"https:\/\/partsandpieces.nl\/de\/wp-json\/wp\/v2\/product_tag?post=10139"}],"curies":[{"name":"wp","href":"https:\/\/api.w.org\/{rel}","templated":true}]}}