{"id":102,"date":"2020-05-22T14:23:48","date_gmt":"2020-05-22T14:23:48","guid":{"rendered":"https:\/\/partsandpieces.bonsaidev.nl\/?product=sleutelplaat-kabinet-75x60-mm"},"modified":"2024-11-26T12:08:38","modified_gmt":"2024-11-26T11:08:38","slug":"schlusselschildschrank-messing-antik-77x62mm","status":"publish","type":"product","link":"https:\/\/partsandpieces.nl\/de\/product\/sleutelplaat-kabinet-messing-antiek-77x62mm\/","title":{"rendered":"Schl\u00fcsselschild Schrank Messing antik 77x62mm"},"content":{"rendered":"<p><strong>Schl\u00fcsselschild Schrank Messing antik 77x62mm<\/strong> ist ein reich verziertes Schl\u00fcsselschild f\u00fcr Ihren Schrank. Das Schl\u00fcsselschild hat ein antikes Messingfinish und ist unter anderem aufwendig mit 2 Putten verziert. Die Schl\u00fcsselplatte besteht aus massivem Messing.<\/p>\n<p><strong>Ma\u00dfe<br \/>\n<\/strong>Schl\u00fcsselschild Schrank Messing gl\u00e4nzend 77x62mm hat eine Breite von 77mm und eine H\u00f6he von 62mm. Die H\u00f6he des Schl\u00fcssellochs betr\u00e4gt 16 mm.<\/p>\n<p><strong>Bearbeiten<br \/>\n<\/strong>Sie k\u00f6nnen die Schl\u00fcsselplatte mit montieren <span style=\"text-decoration: underline;\"><a href=\"https:\/\/partsandpieces.nl\/de\/produkt\/schrauben-mit-rundkopf-antikbronze-mit-schlitz-2-x-14-mm\/\">Schraube Rundkopf Antik Bronze mit Schlitz (2x14mm)<\/a><\/span>. Ich schicke diese Schrauben <strong>FREI<\/strong>\u00a0mit Ihrer Bestellung.<\/p>","protected":false},"excerpt":{"rendered":"<p>Sleutelplaat Kabinet Messing antiek 77x62mm is een rijk versierde sleutelplaat voor je kabinet. De sleutelplaat heeft een antieke messing afwerking en is uitbundig versierd met o.a. 2 cherubijntjes. De sleutelplaat is gemaakt van massief messing. Afmetingen Sleutelplaat Kabinet Messing glanzend 77x62mm heeft een breedte van 77mm en een hoogte van 62mm. De hoogte van het [&hellip;]<\/p>\n","protected":false},"featured_media":8043,"template":"","meta":{"_acf_changed":false},"product_brand":[],"product_cat":[32,23,48],"product_tag":[],"class_list":{"0":"post-102","1":"product","2":"type-product","3":"status-publish","4":"has-post-thumbnail","6":"product_cat-kabinetbeslag","7":"product_cat-meubelbeslag","8":"product_cat-sleutelplaten","10":"first","11":"instock","12":"taxable","13":"shipping-taxable","14":"purchasable","15":"product-type-simple"},"acf":[],"yoast_head":"<!-- This site is optimized with the Yoast SEO plugin v27.3 - https:\/\/yoast.com\/product\/yoast-seo-wordpress\/ -->\n<title>Sleutelplaat Kabinet Messing 77x62mm antiek<\/title>\n<meta name=\"description\" content=\"Sleutelplaat Kabinet Messing antiek 77x62mm is een sleutelplaat voor je kabinet. Is uitbundig versierd met 2 cherubijntjes. Gemaakt van massief messing.\" \/>\n<meta name=\"robots\" content=\"index, follow, max-snippet:-1, max-image-preview:large, max-video-preview:-1\" \/>\n<link rel=\"canonical\" href=\"https:\/\/partsandpieces.nl\/de\/produkt\/schlusselschildschrank-messing-antik-77x62mm\/\" \/>\n<meta property=\"og:locale\" content=\"de_DE\" \/>\n<meta property=\"og:type\" content=\"article\" \/>\n<meta property=\"og:title\" content=\"Sleutelplaat Kabinet Messing 77x62mm antiek\" \/>\n<meta property=\"og:description\" content=\"Sleutelplaat Kabinet Messing antiek 77x62mm is een sleutelplaat voor je kabinet. Is uitbundig versierd met 2 cherubijntjes. Gemaakt van massief messing.\" \/>\n<meta property=\"og:url\" content=\"https:\/\/partsandpieces.nl\/de\/produkt\/schlusselschildschrank-messing-antik-77x62mm\/\" \/>\n<meta property=\"og:site_name\" content=\"Parts &amp; Pieces\" \/>\n<meta property=\"article:modified_time\" content=\"2024-11-26T11:08:38+00:00\" \/>\n<meta property=\"og:image\" content=\"https:\/\/partsandpieces.nl\/wp-content\/uploads\/2020\/05\/Sleutelplaat-Kabinet-Messing-antiek-77x62mm.jpg\" \/>\n\t<meta property=\"og:image:width\" content=\"398\" \/>\n\t<meta property=\"og:image:height\" content=\"399\" \/>\n\t<meta property=\"og:image:type\" content=\"image\/jpeg\" \/>\n<meta name=\"twitter:card\" content=\"summary_large_image\" \/>\n<meta name=\"twitter:label1\" content=\"Gesch\u00e4tzte Lesezeit\" \/>\n\t<meta name=\"twitter:data1\" content=\"1\u00a0Minute\" \/>\n<script type=\"application\/ld+json\" class=\"yoast-schema-graph\">{\"@context\":\"https:\\\/\\\/schema.org\",\"@graph\":[{\"@type\":\"WebPage\",\"@id\":\"https:\\\/\\\/partsandpieces.nl\\\/product\\\/sleutelplaat-kabinet-messing-antiek-77x62mm\\\/\",\"url\":\"https:\\\/\\\/partsandpieces.nl\\\/product\\\/sleutelplaat-kabinet-messing-antiek-77x62mm\\\/\",\"name\":\"Sleutelplaat Kabinet Messing 77x62mm antiek\",\"isPartOf\":{\"@id\":\"https:\\\/\\\/partsandpieces.nl\\\/#website\"},\"primaryImageOfPage\":{\"@id\":\"https:\\\/\\\/partsandpieces.nl\\\/product\\\/sleutelplaat-kabinet-messing-antiek-77x62mm\\\/#primaryimage\"},\"image\":{\"@id\":\"https:\\\/\\\/partsandpieces.nl\\\/product\\\/sleutelplaat-kabinet-messing-antiek-77x62mm\\\/#primaryimage\"},\"thumbnailUrl\":\"https:\\\/\\\/partsandpieces.nl\\\/wp-content\\\/uploads\\\/2020\\\/05\\\/Sleutelplaat-Kabinet-Messing-antiek-77x62mm.jpg\",\"datePublished\":\"2020-05-22T14:23:48+00:00\",\"dateModified\":\"2024-11-26T11:08:38+00:00\",\"description\":\"Sleutelplaat Kabinet Messing antiek 77x62mm is een sleutelplaat voor je kabinet. Is uitbundig versierd met 2 cherubijntjes. Gemaakt van massief messing.\",\"breadcrumb\":{\"@id\":\"https:\\\/\\\/partsandpieces.nl\\\/product\\\/sleutelplaat-kabinet-messing-antiek-77x62mm\\\/#breadcrumb\"},\"inLanguage\":\"de\",\"potentialAction\":[{\"@type\":\"ReadAction\",\"target\":[\"https:\\\/\\\/partsandpieces.nl\\\/product\\\/sleutelplaat-kabinet-messing-antiek-77x62mm\\\/\"]}]},{\"@type\":\"ImageObject\",\"inLanguage\":\"de\",\"@id\":\"https:\\\/\\\/partsandpieces.nl\\\/product\\\/sleutelplaat-kabinet-messing-antiek-77x62mm\\\/#primaryimage\",\"url\":\"https:\\\/\\\/partsandpieces.nl\\\/wp-content\\\/uploads\\\/2020\\\/05\\\/Sleutelplaat-Kabinet-Messing-antiek-77x62mm.jpg\",\"contentUrl\":\"https:\\\/\\\/partsandpieces.nl\\\/wp-content\\\/uploads\\\/2020\\\/05\\\/Sleutelplaat-Kabinet-Messing-antiek-77x62mm.jpg\",\"width\":398,\"height\":399,\"caption\":\"Sleutelplaat Kabinet Messing antiek 77x62mm\"},{\"@type\":\"BreadcrumbList\",\"@id\":\"https:\\\/\\\/partsandpieces.nl\\\/product\\\/sleutelplaat-kabinet-messing-antiek-77x62mm\\\/#breadcrumb\",\"itemListElement\":[{\"@type\":\"ListItem\",\"position\":1,\"name\":\"Home\",\"item\":\"https:\\\/\\\/partsandpieces.nl\\\/home\\\/\"},{\"@type\":\"ListItem\",\"position\":2,\"name\":\"Winkel\",\"item\":\"https:\\\/\\\/partsandpieces.nl\\\/winkel\\\/\"},{\"@type\":\"ListItem\",\"position\":3,\"name\":\"Sleutelplaat Kabinet Messing antiek 77x62mm\"}]},{\"@type\":\"WebSite\",\"@id\":\"https:\\\/\\\/partsandpieces.nl\\\/#website\",\"url\":\"https:\\\/\\\/partsandpieces.nl\\\/\",\"name\":\"Parts &amp; Pieces\",\"description\":\"Alles voor uw meubelrestauratie en -onderhoud!\",\"potentialAction\":[{\"@type\":\"SearchAction\",\"target\":{\"@type\":\"EntryPoint\",\"urlTemplate\":\"https:\\\/\\\/partsandpieces.nl\\\/?s={search_term_string}\"},\"query-input\":{\"@type\":\"PropertyValueSpecification\",\"valueRequired\":true,\"valueName\":\"search_term_string\"}}],\"inLanguage\":\"de\"}]}<\/script>\n<!-- \/ Yoast SEO plugin. -->","yoast_head_json":{"title":"Schl\u00fcsselschild Schrank Messing 77x62mm antik","description":"Schl\u00fcsselschild Schrank Messing antik 77x62mm ist ein Schl\u00fcsselschild f\u00fcr Ihren Schrank. Ist aufwendig mit 2 Putten verziert. Aus massivem Messing.","robots":{"index":"index","follow":"follow","max-snippet":"max-snippet:-1","max-image-preview":"max-image-preview:large","max-video-preview":"max-video-preview:-1"},"canonical":"https:\/\/partsandpieces.nl\/de\/produkt\/schlusselschildschrank-messing-antik-77x62mm\/","og_locale":"de_DE","og_type":"article","og_title":"Sleutelplaat Kabinet Messing 77x62mm antiek","og_description":"Sleutelplaat Kabinet Messing antiek 77x62mm is een sleutelplaat voor je kabinet. Is uitbundig versierd met 2 cherubijntjes. Gemaakt van massief messing.","og_url":"https:\/\/partsandpieces.nl\/de\/produkt\/schlusselschildschrank-messing-antik-77x62mm\/","og_site_name":"Parts &amp; Pieces","article_modified_time":"2024-11-26T11:08:38+00:00","og_image":[{"width":398,"height":399,"url":"https:\/\/partsandpieces.nl\/wp-content\/uploads\/2020\/05\/Sleutelplaat-Kabinet-Messing-antiek-77x62mm.jpg","type":"image\/jpeg"}],"twitter_card":"summary_large_image","twitter_misc":{"Gesch\u00e4tzte Lesezeit":"1\u00a0Minute"},"schema":{"@context":"https:\/\/schema.org","@graph":[{"@type":"WebPage","@id":"https:\/\/partsandpieces.nl\/product\/sleutelplaat-kabinet-messing-antiek-77x62mm\/","url":"https:\/\/partsandpieces.nl\/product\/sleutelplaat-kabinet-messing-antiek-77x62mm\/","name":"Schl\u00fcsselschild Schrank Messing 77x62mm antik","isPartOf":{"@id":"https:\/\/partsandpieces.nl\/#website"},"primaryImageOfPage":{"@id":"https:\/\/partsandpieces.nl\/product\/sleutelplaat-kabinet-messing-antiek-77x62mm\/#primaryimage"},"image":{"@id":"https:\/\/partsandpieces.nl\/product\/sleutelplaat-kabinet-messing-antiek-77x62mm\/#primaryimage"},"thumbnailUrl":"https:\/\/partsandpieces.nl\/wp-content\/uploads\/2020\/05\/Sleutelplaat-Kabinet-Messing-antiek-77x62mm.jpg","datePublished":"2020-05-22T14:23:48+00:00","dateModified":"2024-11-26T11:08:38+00:00","description":"Schl\u00fcsselschild Schrank Messing antik 77x62mm ist ein Schl\u00fcsselschild f\u00fcr Ihren Schrank. Ist aufwendig mit 2 Putten verziert. Aus massivem Messing.","breadcrumb":{"@id":"https:\/\/partsandpieces.nl\/product\/sleutelplaat-kabinet-messing-antiek-77x62mm\/#breadcrumb"},"inLanguage":"de","potentialAction":[{"@type":"ReadAction","target":["https:\/\/partsandpieces.nl\/product\/sleutelplaat-kabinet-messing-antiek-77x62mm\/"]}]},{"@type":"ImageObject","inLanguage":"de","@id":"https:\/\/partsandpieces.nl\/product\/sleutelplaat-kabinet-messing-antiek-77x62mm\/#primaryimage","url":"https:\/\/partsandpieces.nl\/wp-content\/uploads\/2020\/05\/Sleutelplaat-Kabinet-Messing-antiek-77x62mm.jpg","contentUrl":"https:\/\/partsandpieces.nl\/wp-content\/uploads\/2020\/05\/Sleutelplaat-Kabinet-Messing-antiek-77x62mm.jpg","width":398,"height":399,"caption":"Sleutelplaat Kabinet Messing antiek 77x62mm"},{"@type":"BreadcrumbList","@id":"https:\/\/partsandpieces.nl\/product\/sleutelplaat-kabinet-messing-antiek-77x62mm\/#breadcrumb","itemListElement":[{"@type":"ListItem","position":1,"name":"Home","item":"https:\/\/partsandpieces.nl\/home\/"},{"@type":"ListItem","position":2,"name":"Winkel","item":"https:\/\/partsandpieces.nl\/winkel\/"},{"@type":"ListItem","position":3,"name":"Sleutelplaat Kabinet Messing antiek 77x62mm"}]},{"@type":"WebSite","@id":"https:\/\/partsandpieces.nl\/#website","url":"https:\/\/partsandpieces.nl\/","name":"Teile &amp; St\u00fccke","description":"Alles f\u00fcr Ihre M\u00f6belrestaurierung und -pflege!","potentialAction":[{"@type":"SearchAction","target":{"@type":"EntryPoint","urlTemplate":"https:\/\/partsandpieces.nl\/?s={search_term_string}"},"query-input":{"@type":"PropertyValueSpecification","valueRequired":true,"valueName":"search_term_string"}}],"inLanguage":"de"}]}},"_links":{"self":[{"href":"https:\/\/partsandpieces.nl\/de\/wp-json\/wp\/v2\/product\/102","targetHints":{"allow":["GET"]}}],"collection":[{"href":"https:\/\/partsandpieces.nl\/de\/wp-json\/wp\/v2\/product"}],"about":[{"href":"https:\/\/partsandpieces.nl\/de\/wp-json\/wp\/v2\/types\/product"}],"wp:featuredmedia":[{"embeddable":true,"href":"https:\/\/partsandpieces.nl\/de\/wp-json\/wp\/v2\/media\/8043"}],"wp:attachment":[{"href":"https:\/\/partsandpieces.nl\/de\/wp-json\/wp\/v2\/media?parent=102"}],"wp:term":[{"taxonomy":"product_brand","embeddable":true,"href":"https:\/\/partsandpieces.nl\/de\/wp-json\/wp\/v2\/product_brand?post=102"},{"taxonomy":"product_cat","embeddable":true,"href":"https:\/\/partsandpieces.nl\/de\/wp-json\/wp\/v2\/product_cat?post=102"},{"taxonomy":"product_tag","embeddable":true,"href":"https:\/\/partsandpieces.nl\/de\/wp-json\/wp\/v2\/product_tag?post=102"}],"curies":[{"name":"wp","href":"https:\/\/api.w.org\/{rel}","templated":true}]}}