{"id":10281,"date":"2024-12-10T10:28:18","date_gmt":"2024-12-10T09:28:18","guid":{"rendered":"https:\/\/partsandpieces.nl\/?post_type=product&#038;p=10281"},"modified":"2026-04-03T11:45:01","modified_gmt":"2026-04-03T09:45:01","slug":"knopf-schwarz-matt-lackiert-evolve-serie-813-35x25mm-10-stuck","status":"publish","type":"product","link":"https:\/\/partsandpieces.nl\/de\/product\/knop-gelakt-zwart-mat-evolve-serie-813-35x25mm-10-stuks\/","title":{"rendered":"Knopf Lackiert Schwarz Matt Evolve Serie 813 35x25mm (10 St\u00fcck)"},"content":{"rendered":"<p><strong>Knopf lackiert schwarz matt Evolve Serie 813 35x25mm<\/strong> ist ein robuster, aber eleganter Knopf. Der Knopf hat eine mattschwarze Oberfl\u00e4che. Dieser Knauf passt gut auf Ihren stabilen Industrieschrank oder Ihre Schublade.<\/p>\n<p><strong>Ma\u00dfe<br \/>\n<\/strong>Der schwarz matt lackierte Knopf der Evolve-Serie 813 35 x 25 mm ist 35 mm breit. Die H\u00f6he des Knopfes betr\u00e4gt 25 mm. Nach der Installation steht dieser Knopf 24 mm hervor.<\/p>\n<p><strong>Lieferung<\/strong><br \/>\nDiese Tasten werden Ihnen direkt vom Hersteller geliefert. Die Lieferung dauert in der Regel 3 bis 4 Werktage.<br \/>\nBen\u00f6tigen Sie weitere Teile? Kontaktieren Sie mich f\u00fcr ein individuelles Angebot.<\/p>","protected":false},"excerpt":{"rendered":"<p>Knop Gelakt Zwart Mat Evolve serie 813 35x25mm is een stoere, maar elegante knop. De knop heeft een mat zwarte afwerking. Deze knop past goed op je stoere industri\u00eble (keuken)kast of lade. Afmetingen Knop Gelakt Zwart Mat Evolve serie 813 35x25mm is 35mm breed. De hoogte van de knop is 25mm. Na montage steekt deze [&hellip;]<\/p>\n","protected":false},"featured_media":10283,"template":"","meta":{"_acf_changed":false},"product_brand":[],"product_cat":[37,23,53],"product_tag":[],"class_list":{"0":"post-10281","1":"product","2":"type-product","3":"status-publish","4":"has-post-thumbnail","6":"product_cat-knoppen","7":"product_cat-meubelbeslag","8":"product_cat-vintage-grepen","10":"first","11":"instock","12":"taxable","13":"shipping-taxable","14":"purchasable","15":"product-type-simple"},"acf":[],"yoast_head":"<!-- This site is optimized with the Yoast SEO plugin v27.3 - https:\/\/yoast.com\/product\/yoast-seo-wordpress\/ -->\n<title>Knop Zwart Mat 35x25mm Gelakt Evolve serie 813<\/title>\n<meta name=\"description\" content=\"Knop Gelakt Zwart Mat Evolve serie 813 35x25mm is een stoere, maar elegante knop. Deze knop past goed op je stoere industri\u00eble (keuken)kast of lade.\" \/>\n<meta name=\"robots\" content=\"index, follow, max-snippet:-1, max-image-preview:large, max-video-preview:-1\" \/>\n<link rel=\"canonical\" href=\"https:\/\/partsandpieces.nl\/de\/produkt\/knopf-schwarz-matt-lackiert-evolve-serie-813-35x25mm-10-stuck\/\" \/>\n<meta property=\"og:locale\" content=\"de_DE\" \/>\n<meta property=\"og:type\" content=\"article\" \/>\n<meta property=\"og:title\" content=\"Knop Zwart Mat 35x25mm Gelakt Evolve serie 813\" \/>\n<meta property=\"og:description\" content=\"Knop Gelakt Zwart Mat Evolve serie 813 35x25mm is een stoere, maar elegante knop. Deze knop past goed op je stoere industri\u00eble (keuken)kast of lade.\" \/>\n<meta property=\"og:url\" content=\"https:\/\/partsandpieces.nl\/de\/produkt\/knopf-schwarz-matt-lackiert-evolve-serie-813-35x25mm-10-stuck\/\" \/>\n<meta property=\"og:site_name\" content=\"Parts &amp; Pieces\" \/>\n<meta property=\"article:modified_time\" content=\"2026-04-03T09:45:01+00:00\" \/>\n<meta property=\"og:image\" content=\"https:\/\/partsandpieces.nl\/wp-content\/uploads\/2024\/12\/Knop-Gelakt-Zwart-Mat-Evolve-serie-813-35x25mm.jpg\" \/>\n\t<meta property=\"og:image:width\" content=\"1108\" \/>\n\t<meta property=\"og:image:height\" content=\"1107\" \/>\n\t<meta property=\"og:image:type\" content=\"image\/jpeg\" \/>\n<meta name=\"twitter:card\" content=\"summary_large_image\" \/>\n<meta name=\"twitter:label1\" content=\"Gesch\u00e4tzte Lesezeit\" \/>\n\t<meta name=\"twitter:data1\" content=\"1\u00a0Minute\" \/>\n<script type=\"application\/ld+json\" class=\"yoast-schema-graph\">{\"@context\":\"https:\\\/\\\/schema.org\",\"@graph\":[{\"@type\":\"WebPage\",\"@id\":\"https:\\\/\\\/partsandpieces.nl\\\/product\\\/knop-gelakt-zwart-mat-evolve-serie-813-35x25mm-10-stuks\\\/\",\"url\":\"https:\\\/\\\/partsandpieces.nl\\\/product\\\/knop-gelakt-zwart-mat-evolve-serie-813-35x25mm-10-stuks\\\/\",\"name\":\"Knop Zwart Mat 35x25mm Gelakt Evolve serie 813\",\"isPartOf\":{\"@id\":\"https:\\\/\\\/partsandpieces.nl\\\/#website\"},\"primaryImageOfPage\":{\"@id\":\"https:\\\/\\\/partsandpieces.nl\\\/product\\\/knop-gelakt-zwart-mat-evolve-serie-813-35x25mm-10-stuks\\\/#primaryimage\"},\"image\":{\"@id\":\"https:\\\/\\\/partsandpieces.nl\\\/product\\\/knop-gelakt-zwart-mat-evolve-serie-813-35x25mm-10-stuks\\\/#primaryimage\"},\"thumbnailUrl\":\"https:\\\/\\\/partsandpieces.nl\\\/wp-content\\\/uploads\\\/2024\\\/12\\\/Knop-Gelakt-Zwart-Mat-Evolve-serie-813-35x25mm.jpg\",\"datePublished\":\"2024-12-10T09:28:18+00:00\",\"dateModified\":\"2026-04-03T09:45:01+00:00\",\"description\":\"Knop Gelakt Zwart Mat Evolve serie 813 35x25mm is een stoere, maar elegante knop. Deze knop past goed op je stoere industri\u00eble (keuken)kast of lade.\",\"breadcrumb\":{\"@id\":\"https:\\\/\\\/partsandpieces.nl\\\/product\\\/knop-gelakt-zwart-mat-evolve-serie-813-35x25mm-10-stuks\\\/#breadcrumb\"},\"inLanguage\":\"de\",\"potentialAction\":[{\"@type\":\"ReadAction\",\"target\":[\"https:\\\/\\\/partsandpieces.nl\\\/product\\\/knop-gelakt-zwart-mat-evolve-serie-813-35x25mm-10-stuks\\\/\"]}]},{\"@type\":\"ImageObject\",\"inLanguage\":\"de\",\"@id\":\"https:\\\/\\\/partsandpieces.nl\\\/product\\\/knop-gelakt-zwart-mat-evolve-serie-813-35x25mm-10-stuks\\\/#primaryimage\",\"url\":\"https:\\\/\\\/partsandpieces.nl\\\/wp-content\\\/uploads\\\/2024\\\/12\\\/Knop-Gelakt-Zwart-Mat-Evolve-serie-813-35x25mm.jpg\",\"contentUrl\":\"https:\\\/\\\/partsandpieces.nl\\\/wp-content\\\/uploads\\\/2024\\\/12\\\/Knop-Gelakt-Zwart-Mat-Evolve-serie-813-35x25mm.jpg\",\"width\":1108,\"height\":1107,\"caption\":\"Knop Gelakt Zwart Mat Evolve serie 813 35x25mm\"},{\"@type\":\"BreadcrumbList\",\"@id\":\"https:\\\/\\\/partsandpieces.nl\\\/product\\\/knop-gelakt-zwart-mat-evolve-serie-813-35x25mm-10-stuks\\\/#breadcrumb\",\"itemListElement\":[{\"@type\":\"ListItem\",\"position\":1,\"name\":\"Home\",\"item\":\"https:\\\/\\\/partsandpieces.nl\\\/home\\\/\"},{\"@type\":\"ListItem\",\"position\":2,\"name\":\"Winkel\",\"item\":\"https:\\\/\\\/partsandpieces.nl\\\/winkel\\\/\"},{\"@type\":\"ListItem\",\"position\":3,\"name\":\"Knop Gelakt Zwart Mat Evolve serie 813 35x25mm (10 stuks)\"}]},{\"@type\":\"WebSite\",\"@id\":\"https:\\\/\\\/partsandpieces.nl\\\/#website\",\"url\":\"https:\\\/\\\/partsandpieces.nl\\\/\",\"name\":\"Parts &amp; Pieces\",\"description\":\"Alles voor uw meubelrestauratie en -onderhoud!\",\"potentialAction\":[{\"@type\":\"SearchAction\",\"target\":{\"@type\":\"EntryPoint\",\"urlTemplate\":\"https:\\\/\\\/partsandpieces.nl\\\/?s={search_term_string}\"},\"query-input\":{\"@type\":\"PropertyValueSpecification\",\"valueRequired\":true,\"valueName\":\"search_term_string\"}}],\"inLanguage\":\"de\"}]}<\/script>\n<!-- \/ Yoast SEO plugin. -->","yoast_head_json":{"title":"Knopf Schwarz Matt 35x25mm Lackiert Evolve Serie 813","description":"Der schwarz matt lackierte Knopf der Evolve-Serie 813 35 x 25 mm ist ein robuster, aber eleganter Knopf. Dieser Knauf passt gut auf Ihren stabilen Industrieschrank oder Ihre Schublade.","robots":{"index":"index","follow":"follow","max-snippet":"max-snippet:-1","max-image-preview":"max-image-preview:large","max-video-preview":"max-video-preview:-1"},"canonical":"https:\/\/partsandpieces.nl\/de\/produkt\/knopf-schwarz-matt-lackiert-evolve-serie-813-35x25mm-10-stuck\/","og_locale":"de_DE","og_type":"article","og_title":"Knop Zwart Mat 35x25mm Gelakt Evolve serie 813","og_description":"Knop Gelakt Zwart Mat Evolve serie 813 35x25mm is een stoere, maar elegante knop. Deze knop past goed op je stoere industri\u00eble (keuken)kast of lade.","og_url":"https:\/\/partsandpieces.nl\/de\/produkt\/knopf-schwarz-matt-lackiert-evolve-serie-813-35x25mm-10-stuck\/","og_site_name":"Parts &amp; Pieces","article_modified_time":"2026-04-03T09:45:01+00:00","og_image":[{"width":1108,"height":1107,"url":"https:\/\/partsandpieces.nl\/wp-content\/uploads\/2024\/12\/Knop-Gelakt-Zwart-Mat-Evolve-serie-813-35x25mm.jpg","type":"image\/jpeg"}],"twitter_card":"summary_large_image","twitter_misc":{"Gesch\u00e4tzte Lesezeit":"1\u00a0Minute"},"schema":{"@context":"https:\/\/schema.org","@graph":[{"@type":"WebPage","@id":"https:\/\/partsandpieces.nl\/product\/knop-gelakt-zwart-mat-evolve-serie-813-35x25mm-10-stuks\/","url":"https:\/\/partsandpieces.nl\/product\/knop-gelakt-zwart-mat-evolve-serie-813-35x25mm-10-stuks\/","name":"Knopf Schwarz Matt 35x25mm Lackiert Evolve Serie 813","isPartOf":{"@id":"https:\/\/partsandpieces.nl\/#website"},"primaryImageOfPage":{"@id":"https:\/\/partsandpieces.nl\/product\/knop-gelakt-zwart-mat-evolve-serie-813-35x25mm-10-stuks\/#primaryimage"},"image":{"@id":"https:\/\/partsandpieces.nl\/product\/knop-gelakt-zwart-mat-evolve-serie-813-35x25mm-10-stuks\/#primaryimage"},"thumbnailUrl":"https:\/\/partsandpieces.nl\/wp-content\/uploads\/2024\/12\/Knop-Gelakt-Zwart-Mat-Evolve-serie-813-35x25mm.jpg","datePublished":"2024-12-10T09:28:18+00:00","dateModified":"2026-04-03T09:45:01+00:00","description":"Der schwarz matt lackierte Knopf der Evolve-Serie 813 35 x 25 mm ist ein robuster, aber eleganter Knopf. Dieser Knauf passt gut auf Ihren stabilen Industrieschrank oder Ihre Schublade.","breadcrumb":{"@id":"https:\/\/partsandpieces.nl\/product\/knop-gelakt-zwart-mat-evolve-serie-813-35x25mm-10-stuks\/#breadcrumb"},"inLanguage":"de","potentialAction":[{"@type":"ReadAction","target":["https:\/\/partsandpieces.nl\/product\/knop-gelakt-zwart-mat-evolve-serie-813-35x25mm-10-stuks\/"]}]},{"@type":"ImageObject","inLanguage":"de","@id":"https:\/\/partsandpieces.nl\/product\/knop-gelakt-zwart-mat-evolve-serie-813-35x25mm-10-stuks\/#primaryimage","url":"https:\/\/partsandpieces.nl\/wp-content\/uploads\/2024\/12\/Knop-Gelakt-Zwart-Mat-Evolve-serie-813-35x25mm.jpg","contentUrl":"https:\/\/partsandpieces.nl\/wp-content\/uploads\/2024\/12\/Knop-Gelakt-Zwart-Mat-Evolve-serie-813-35x25mm.jpg","width":1108,"height":1107,"caption":"Knop Gelakt Zwart Mat Evolve serie 813 35x25mm"},{"@type":"BreadcrumbList","@id":"https:\/\/partsandpieces.nl\/product\/knop-gelakt-zwart-mat-evolve-serie-813-35x25mm-10-stuks\/#breadcrumb","itemListElement":[{"@type":"ListItem","position":1,"name":"Home","item":"https:\/\/partsandpieces.nl\/home\/"},{"@type":"ListItem","position":2,"name":"Winkel","item":"https:\/\/partsandpieces.nl\/winkel\/"},{"@type":"ListItem","position":3,"name":"Knop Gelakt Zwart Mat Evolve serie 813 35x25mm (10 stuks)"}]},{"@type":"WebSite","@id":"https:\/\/partsandpieces.nl\/#website","url":"https:\/\/partsandpieces.nl\/","name":"Teile &amp; St\u00fccke","description":"Alles f\u00fcr Ihre M\u00f6belrestaurierung und -pflege!","potentialAction":[{"@type":"SearchAction","target":{"@type":"EntryPoint","urlTemplate":"https:\/\/partsandpieces.nl\/?s={search_term_string}"},"query-input":{"@type":"PropertyValueSpecification","valueRequired":true,"valueName":"search_term_string"}}],"inLanguage":"de"}]}},"_links":{"self":[{"href":"https:\/\/partsandpieces.nl\/de\/wp-json\/wp\/v2\/product\/10281","targetHints":{"allow":["GET"]}}],"collection":[{"href":"https:\/\/partsandpieces.nl\/de\/wp-json\/wp\/v2\/product"}],"about":[{"href":"https:\/\/partsandpieces.nl\/de\/wp-json\/wp\/v2\/types\/product"}],"wp:featuredmedia":[{"embeddable":true,"href":"https:\/\/partsandpieces.nl\/de\/wp-json\/wp\/v2\/media\/10283"}],"wp:attachment":[{"href":"https:\/\/partsandpieces.nl\/de\/wp-json\/wp\/v2\/media?parent=10281"}],"wp:term":[{"taxonomy":"product_brand","embeddable":true,"href":"https:\/\/partsandpieces.nl\/de\/wp-json\/wp\/v2\/product_brand?post=10281"},{"taxonomy":"product_cat","embeddable":true,"href":"https:\/\/partsandpieces.nl\/de\/wp-json\/wp\/v2\/product_cat?post=10281"},{"taxonomy":"product_tag","embeddable":true,"href":"https:\/\/partsandpieces.nl\/de\/wp-json\/wp\/v2\/product_tag?post=10281"}],"curies":[{"name":"wp","href":"https:\/\/api.w.org\/{rel}","templated":true}]}}