{"id":10288,"date":"2024-12-10T11:10:21","date_gmt":"2024-12-10T10:10:21","guid":{"rendered":"https:\/\/partsandpieces.nl\/?post_type=product&#038;p=10288"},"modified":"2026-01-19T10:56:28","modified_gmt":"2026-01-19T09:56:28","slug":"knopf-messing-matt-evolve-serie-832-38x28mm-10-stuck","status":"publish","type":"product","link":"https:\/\/partsandpieces.nl\/de\/product\/knop-messing-mat-evolve-serie-832-38x28mm-10-stuks\/","title":{"rendered":"Knopf Messing Matt Evolve Serie 832 38x28mm (10 St\u00fcck)"},"content":{"rendered":"<p><strong>Knopf Messing Matt Evolve Serie 832 38x28mm<\/strong> ist ein eleganter achteckiger Knopf. Der Knopf besteht aus einer Zinklegierung und hat eine matte Messingoberfl\u00e4che. Dieser Knopf passt gut in ein klassisches Interieur.<\/p>\n<p>Mehr Bilder? <span style=\"text-decoration: underline;\"><a href=\"https:\/\/www.giustinstock.com\/scpr.php?cst=020535partspieces&amp;itm=WPO832.000.00F3\">Giusti Evolve-Serie 832<\/a><\/span><\/p>\n<p><strong>Ma\u00dfe<br \/>\n<\/strong>Der Knopf Messing Matt Evolve Serie 832 38x28mm ist 38mm breit. Die H\u00f6he des Knopfes betr\u00e4gt 28 mm. Nach der Installation steht dieser Knopf 25 mm hervor.<\/p>\n<p><strong>Lieferung<\/strong><br \/>\nDiese Tasten werden Ihnen direkt vom Hersteller geliefert. Die Lieferung dauert in der Regel 3 bis 4 Werktage.<br \/>\nBen\u00f6tigen Sie weitere Teile? Kontaktieren Sie mich f\u00fcr ein individuelles Angebot.<\/p>","protected":false},"excerpt":{"rendered":"<p>Knop Messing Mat Evolve serie 832 38x28mm is een elegante achthoekige knop. De knop is gemaakt van een zink legering en heeft een matte messing afwerking. Deze knop past goed in een klassiek interieur. Meer afbeeldingen? Giusti Evolve serie 832 Afmetingen Knop Messing Mat Evolve serie 832 38x28mm is 38mm breed. De hoogte van de [&hellip;]<\/p>\n","protected":false},"featured_media":10290,"template":"","meta":{"_acf_changed":false},"product_brand":[],"product_cat":[37,23,53],"product_tag":[],"class_list":{"0":"post-10288","1":"product","2":"type-product","3":"status-publish","4":"has-post-thumbnail","6":"product_cat-knoppen","7":"product_cat-meubelbeslag","8":"product_cat-vintage-grepen","10":"first","11":"instock","12":"taxable","13":"shipping-taxable","14":"purchasable","15":"product-type-simple"},"acf":[],"yoast_head":"<!-- This site is optimized with the Yoast SEO plugin v27.3 - https:\/\/yoast.com\/product\/yoast-seo-wordpress\/ -->\n<title>Knop Messing Mat 38x28mm Evolve serie 832<\/title>\n<meta name=\"description\" content=\"Knop Messing Mat Evolve serie 832 38x28mm is een elegante achthoekige knop. Deze knop past goed in een klassiek interieur.\" \/>\n<meta name=\"robots\" content=\"index, follow, max-snippet:-1, max-image-preview:large, max-video-preview:-1\" \/>\n<link rel=\"canonical\" href=\"https:\/\/partsandpieces.nl\/de\/produkt\/knopf-messing-matt-evolve-serie-832-38x28mm-10-stuck\/\" \/>\n<meta property=\"og:locale\" content=\"de_DE\" \/>\n<meta property=\"og:type\" content=\"article\" \/>\n<meta property=\"og:title\" content=\"Knop Messing Mat 38x28mm Evolve serie 832\" \/>\n<meta property=\"og:description\" content=\"Knop Messing Mat Evolve serie 832 38x28mm is een elegante achthoekige knop. Deze knop past goed in een klassiek interieur.\" \/>\n<meta property=\"og:url\" content=\"https:\/\/partsandpieces.nl\/de\/produkt\/knopf-messing-matt-evolve-serie-832-38x28mm-10-stuck\/\" \/>\n<meta property=\"og:site_name\" content=\"Parts &amp; Pieces\" \/>\n<meta property=\"article:modified_time\" content=\"2026-01-19T09:56:28+00:00\" \/>\n<meta property=\"og:image\" content=\"https:\/\/partsandpieces.nl\/wp-content\/uploads\/2024\/12\/Knop-Messing-Mat-Evolve-serie-832-38x28mm.jpg\" \/>\n\t<meta property=\"og:image:width\" content=\"994\" \/>\n\t<meta property=\"og:image:height\" content=\"995\" \/>\n\t<meta property=\"og:image:type\" content=\"image\/jpeg\" \/>\n<meta name=\"twitter:card\" content=\"summary_large_image\" \/>\n<meta name=\"twitter:label1\" content=\"Gesch\u00e4tzte Lesezeit\" \/>\n\t<meta name=\"twitter:data1\" content=\"1\u00a0Minute\" \/>\n<script type=\"application\/ld+json\" class=\"yoast-schema-graph\">{\"@context\":\"https:\\\/\\\/schema.org\",\"@graph\":[{\"@type\":\"WebPage\",\"@id\":\"https:\\\/\\\/partsandpieces.nl\\\/product\\\/knop-messing-mat-evolve-serie-832-38x28mm-10-stuks\\\/\",\"url\":\"https:\\\/\\\/partsandpieces.nl\\\/product\\\/knop-messing-mat-evolve-serie-832-38x28mm-10-stuks\\\/\",\"name\":\"Knop Messing Mat 38x28mm Evolve serie 832\",\"isPartOf\":{\"@id\":\"https:\\\/\\\/partsandpieces.nl\\\/#website\"},\"primaryImageOfPage\":{\"@id\":\"https:\\\/\\\/partsandpieces.nl\\\/product\\\/knop-messing-mat-evolve-serie-832-38x28mm-10-stuks\\\/#primaryimage\"},\"image\":{\"@id\":\"https:\\\/\\\/partsandpieces.nl\\\/product\\\/knop-messing-mat-evolve-serie-832-38x28mm-10-stuks\\\/#primaryimage\"},\"thumbnailUrl\":\"https:\\\/\\\/partsandpieces.nl\\\/wp-content\\\/uploads\\\/2024\\\/12\\\/Knop-Messing-Mat-Evolve-serie-832-38x28mm.jpg\",\"datePublished\":\"2024-12-10T10:10:21+00:00\",\"dateModified\":\"2026-01-19T09:56:28+00:00\",\"description\":\"Knop Messing Mat Evolve serie 832 38x28mm is een elegante achthoekige knop. Deze knop past goed in een klassiek interieur.\",\"breadcrumb\":{\"@id\":\"https:\\\/\\\/partsandpieces.nl\\\/product\\\/knop-messing-mat-evolve-serie-832-38x28mm-10-stuks\\\/#breadcrumb\"},\"inLanguage\":\"de\",\"potentialAction\":[{\"@type\":\"ReadAction\",\"target\":[\"https:\\\/\\\/partsandpieces.nl\\\/product\\\/knop-messing-mat-evolve-serie-832-38x28mm-10-stuks\\\/\"]}]},{\"@type\":\"ImageObject\",\"inLanguage\":\"de\",\"@id\":\"https:\\\/\\\/partsandpieces.nl\\\/product\\\/knop-messing-mat-evolve-serie-832-38x28mm-10-stuks\\\/#primaryimage\",\"url\":\"https:\\\/\\\/partsandpieces.nl\\\/wp-content\\\/uploads\\\/2024\\\/12\\\/Knop-Messing-Mat-Evolve-serie-832-38x28mm.jpg\",\"contentUrl\":\"https:\\\/\\\/partsandpieces.nl\\\/wp-content\\\/uploads\\\/2024\\\/12\\\/Knop-Messing-Mat-Evolve-serie-832-38x28mm.jpg\",\"width\":994,\"height\":995,\"caption\":\"Knop Messing Mat Evolve serie 832 38x28mm\"},{\"@type\":\"BreadcrumbList\",\"@id\":\"https:\\\/\\\/partsandpieces.nl\\\/product\\\/knop-messing-mat-evolve-serie-832-38x28mm-10-stuks\\\/#breadcrumb\",\"itemListElement\":[{\"@type\":\"ListItem\",\"position\":1,\"name\":\"Home\",\"item\":\"https:\\\/\\\/partsandpieces.nl\\\/home\\\/\"},{\"@type\":\"ListItem\",\"position\":2,\"name\":\"Winkel\",\"item\":\"https:\\\/\\\/partsandpieces.nl\\\/winkel\\\/\"},{\"@type\":\"ListItem\",\"position\":3,\"name\":\"Knop Messing Mat Evolve serie 832 38x28mm (10 stuks)\"}]},{\"@type\":\"WebSite\",\"@id\":\"https:\\\/\\\/partsandpieces.nl\\\/#website\",\"url\":\"https:\\\/\\\/partsandpieces.nl\\\/\",\"name\":\"Parts &amp; Pieces\",\"description\":\"Alles voor uw meubelrestauratie en -onderhoud!\",\"potentialAction\":[{\"@type\":\"SearchAction\",\"target\":{\"@type\":\"EntryPoint\",\"urlTemplate\":\"https:\\\/\\\/partsandpieces.nl\\\/?s={search_term_string}\"},\"query-input\":{\"@type\":\"PropertyValueSpecification\",\"valueRequired\":true,\"valueName\":\"search_term_string\"}}],\"inLanguage\":\"de\"}]}<\/script>\n<!-- \/ Yoast SEO plugin. -->","yoast_head_json":{"title":"Knopf Messing Matt 38x28mm Evolve Serie 832","description":"Der Knopf Messing Matt Evolve Serie 832 38x28mm ist ein eleganter achteckiger Knopf. Dieser Knopf passt gut in ein klassisches Interieur.","robots":{"index":"index","follow":"follow","max-snippet":"max-snippet:-1","max-image-preview":"max-image-preview:large","max-video-preview":"max-video-preview:-1"},"canonical":"https:\/\/partsandpieces.nl\/de\/produkt\/knopf-messing-matt-evolve-serie-832-38x28mm-10-stuck\/","og_locale":"de_DE","og_type":"article","og_title":"Knop Messing Mat 38x28mm Evolve serie 832","og_description":"Knop Messing Mat Evolve serie 832 38x28mm is een elegante achthoekige knop. Deze knop past goed in een klassiek interieur.","og_url":"https:\/\/partsandpieces.nl\/de\/produkt\/knopf-messing-matt-evolve-serie-832-38x28mm-10-stuck\/","og_site_name":"Parts &amp; Pieces","article_modified_time":"2026-01-19T09:56:28+00:00","og_image":[{"width":994,"height":995,"url":"https:\/\/partsandpieces.nl\/wp-content\/uploads\/2024\/12\/Knop-Messing-Mat-Evolve-serie-832-38x28mm.jpg","type":"image\/jpeg"}],"twitter_card":"summary_large_image","twitter_misc":{"Gesch\u00e4tzte Lesezeit":"1\u00a0Minute"},"schema":{"@context":"https:\/\/schema.org","@graph":[{"@type":"WebPage","@id":"https:\/\/partsandpieces.nl\/product\/knop-messing-mat-evolve-serie-832-38x28mm-10-stuks\/","url":"https:\/\/partsandpieces.nl\/product\/knop-messing-mat-evolve-serie-832-38x28mm-10-stuks\/","name":"Knopf Messing Matt 38x28mm Evolve Serie 832","isPartOf":{"@id":"https:\/\/partsandpieces.nl\/#website"},"primaryImageOfPage":{"@id":"https:\/\/partsandpieces.nl\/product\/knop-messing-mat-evolve-serie-832-38x28mm-10-stuks\/#primaryimage"},"image":{"@id":"https:\/\/partsandpieces.nl\/product\/knop-messing-mat-evolve-serie-832-38x28mm-10-stuks\/#primaryimage"},"thumbnailUrl":"https:\/\/partsandpieces.nl\/wp-content\/uploads\/2024\/12\/Knop-Messing-Mat-Evolve-serie-832-38x28mm.jpg","datePublished":"2024-12-10T10:10:21+00:00","dateModified":"2026-01-19T09:56:28+00:00","description":"Der Knopf Messing Matt Evolve Serie 832 38x28mm ist ein eleganter achteckiger Knopf. Dieser Knopf passt gut in ein klassisches Interieur.","breadcrumb":{"@id":"https:\/\/partsandpieces.nl\/product\/knop-messing-mat-evolve-serie-832-38x28mm-10-stuks\/#breadcrumb"},"inLanguage":"de","potentialAction":[{"@type":"ReadAction","target":["https:\/\/partsandpieces.nl\/product\/knop-messing-mat-evolve-serie-832-38x28mm-10-stuks\/"]}]},{"@type":"ImageObject","inLanguage":"de","@id":"https:\/\/partsandpieces.nl\/product\/knop-messing-mat-evolve-serie-832-38x28mm-10-stuks\/#primaryimage","url":"https:\/\/partsandpieces.nl\/wp-content\/uploads\/2024\/12\/Knop-Messing-Mat-Evolve-serie-832-38x28mm.jpg","contentUrl":"https:\/\/partsandpieces.nl\/wp-content\/uploads\/2024\/12\/Knop-Messing-Mat-Evolve-serie-832-38x28mm.jpg","width":994,"height":995,"caption":"Knop Messing Mat Evolve serie 832 38x28mm"},{"@type":"BreadcrumbList","@id":"https:\/\/partsandpieces.nl\/product\/knop-messing-mat-evolve-serie-832-38x28mm-10-stuks\/#breadcrumb","itemListElement":[{"@type":"ListItem","position":1,"name":"Home","item":"https:\/\/partsandpieces.nl\/home\/"},{"@type":"ListItem","position":2,"name":"Winkel","item":"https:\/\/partsandpieces.nl\/winkel\/"},{"@type":"ListItem","position":3,"name":"Knop Messing Mat Evolve serie 832 38x28mm (10 stuks)"}]},{"@type":"WebSite","@id":"https:\/\/partsandpieces.nl\/#website","url":"https:\/\/partsandpieces.nl\/","name":"Teile &amp; St\u00fccke","description":"Alles f\u00fcr Ihre M\u00f6belrestaurierung und -pflege!","potentialAction":[{"@type":"SearchAction","target":{"@type":"EntryPoint","urlTemplate":"https:\/\/partsandpieces.nl\/?s={search_term_string}"},"query-input":{"@type":"PropertyValueSpecification","valueRequired":true,"valueName":"search_term_string"}}],"inLanguage":"de"}]}},"_links":{"self":[{"href":"https:\/\/partsandpieces.nl\/de\/wp-json\/wp\/v2\/product\/10288","targetHints":{"allow":["GET"]}}],"collection":[{"href":"https:\/\/partsandpieces.nl\/de\/wp-json\/wp\/v2\/product"}],"about":[{"href":"https:\/\/partsandpieces.nl\/de\/wp-json\/wp\/v2\/types\/product"}],"wp:featuredmedia":[{"embeddable":true,"href":"https:\/\/partsandpieces.nl\/de\/wp-json\/wp\/v2\/media\/10290"}],"wp:attachment":[{"href":"https:\/\/partsandpieces.nl\/de\/wp-json\/wp\/v2\/media?parent=10288"}],"wp:term":[{"taxonomy":"product_brand","embeddable":true,"href":"https:\/\/partsandpieces.nl\/de\/wp-json\/wp\/v2\/product_brand?post=10288"},{"taxonomy":"product_cat","embeddable":true,"href":"https:\/\/partsandpieces.nl\/de\/wp-json\/wp\/v2\/product_cat?post=10288"},{"taxonomy":"product_tag","embeddable":true,"href":"https:\/\/partsandpieces.nl\/de\/wp-json\/wp\/v2\/product_tag?post=10288"}],"curies":[{"name":"wp","href":"https:\/\/api.w.org\/{rel}","templated":true}]}}