{"id":1033,"date":"2020-07-28T10:39:45","date_gmt":"2020-07-28T10:39:45","guid":{"rendered":"https:\/\/partsandpieces.bonsaidev.nl\/?product=ladetrekker-messing-10-35"},"modified":"2026-03-26T14:59:47","modified_gmt":"2026-03-26T13:59:47","slug":"ringgriff-messing-glanzend-louis-xiv-12x36mm","status":"publish","type":"product","link":"https:\/\/partsandpieces.nl\/de\/product\/ringgreep-messing-glanzend-louis-xiv-12x36mm\/","title":{"rendered":"Ringgriff Messing gl\u00e4nzend &#039;Louis XIV&#039; 12x36mm"},"content":{"rendered":"<p><strong>Ringgriff Messing gl\u00e4nzend &#039;Louis XIV&#039; 12x36mm<\/strong> ist ein Griff in Form eines ovalen Rings auf einem runden Knauf mit Lippe. Der Griff hat eine gl\u00e4nzende Messingoberfl\u00e4che. Die \u00d6se des Ringgriffes ist sehr fein gearbeitet. Dieser Ringgriff passt gut zu Ihren antiken M\u00f6beln oder Schubladen.<\/p>\n<p><strong>Ma\u00dfe<br \/>\n<\/strong>Ringgriff Messing gl\u00e4nzend \u201eLouis XIV\u201c 12x36mm hat einen ovalen Ring mit einer Tiefe von 18mm und einer H\u00f6he von 27mm. Nach der Installation ragt dieser Ringgriff 28 mm hervor.<\/p>\n<p><strong>Bearbeiten<br \/>\n<\/strong>Sie k\u00f6nnen den Griff mit der mitgelieferten Schraube montieren. Ich werde das schicken <strong>FREI<\/strong>\u00a0mit Ihrer Bestellung.<\/p>","protected":false},"excerpt":{"rendered":"<p>Ringgreep Messing Glanzend &#8216;Louis XIV&#8217; 12x36mm is een greep in de vorm van een ovale ring aan een rond knopje met een lipje. De greep heeft een glanzende messing afwerking. Het oog van de ringgreep is heel fijntjes bewerkt. Deze ringgreep past goed op je antieke meubel of lade. Afmetingen Ringgreep Messing Glanzend &#8216;Louis XIV&#8217; [&hellip;]<\/p>\n","protected":false},"featured_media":7679,"template":"","meta":{"_acf_changed":false},"product_brand":[],"product_cat":[41,23,44],"product_tag":[],"class_list":{"0":"post-1033","1":"product","2":"type-product","3":"status-publish","4":"has-post-thumbnail","6":"product_cat-ladetrekkers","7":"product_cat-meubelbeslag","8":"product_cat-ringbeslag","10":"first","11":"instock","12":"taxable","13":"shipping-taxable","14":"purchasable","15":"product-type-simple"},"acf":[],"yoast_head":"<!-- This site is optimized with the Yoast SEO plugin v27.3 - https:\/\/yoast.com\/product\/yoast-seo-wordpress\/ -->\n<title>Ringgreep Messing Glanzend 12x36mm<\/title>\n<meta name=\"description\" content=\"Ringgreep Messing Glanzend &#039;Louis XIV&#039; 12x36mm is een ovale ring aan een rond knopje met een lipje. Heeft een glanzende messing afwerking.\" \/>\n<meta name=\"robots\" content=\"index, follow, max-snippet:-1, max-image-preview:large, max-video-preview:-1\" \/>\n<link rel=\"canonical\" href=\"https:\/\/partsandpieces.nl\/de\/produkt\/ringgriff-messing-glanzend-louis-xiv-12x36mm\/\" \/>\n<meta property=\"og:locale\" content=\"de_DE\" \/>\n<meta property=\"og:type\" content=\"article\" \/>\n<meta property=\"og:title\" content=\"Ringgreep Messing Glanzend 12x36mm\" \/>\n<meta property=\"og:description\" content=\"Ringgreep Messing Glanzend &#039;Louis XIV&#039; 12x36mm is een ovale ring aan een rond knopje met een lipje. Heeft een glanzende messing afwerking.\" \/>\n<meta property=\"og:url\" content=\"https:\/\/partsandpieces.nl\/de\/produkt\/ringgriff-messing-glanzend-louis-xiv-12x36mm\/\" \/>\n<meta property=\"og:site_name\" content=\"Parts &amp; Pieces\" \/>\n<meta property=\"article:modified_time\" content=\"2026-03-26T13:59:47+00:00\" \/>\n<meta property=\"og:image\" content=\"https:\/\/partsandpieces.nl\/wp-content\/uploads\/2020\/07\/Ringgreep-Messing-Glanzend-Louis-XIV-12x36mm.jpg\" \/>\n\t<meta property=\"og:image:width\" content=\"409\" \/>\n\t<meta property=\"og:image:height\" content=\"408\" \/>\n\t<meta property=\"og:image:type\" content=\"image\/jpeg\" \/>\n<meta name=\"twitter:card\" content=\"summary_large_image\" \/>\n<meta name=\"twitter:label1\" content=\"Gesch\u00e4tzte Lesezeit\" \/>\n\t<meta name=\"twitter:data1\" content=\"1\u00a0Minute\" \/>\n<script type=\"application\/ld+json\" class=\"yoast-schema-graph\">{\"@context\":\"https:\\\/\\\/schema.org\",\"@graph\":[{\"@type\":\"WebPage\",\"@id\":\"https:\\\/\\\/partsandpieces.nl\\\/product\\\/ringgreep-messing-glanzend-louis-xiv-12x36mm\\\/\",\"url\":\"https:\\\/\\\/partsandpieces.nl\\\/product\\\/ringgreep-messing-glanzend-louis-xiv-12x36mm\\\/\",\"name\":\"Ringgreep Messing Glanzend 12x36mm\",\"isPartOf\":{\"@id\":\"https:\\\/\\\/partsandpieces.nl\\\/#website\"},\"primaryImageOfPage\":{\"@id\":\"https:\\\/\\\/partsandpieces.nl\\\/product\\\/ringgreep-messing-glanzend-louis-xiv-12x36mm\\\/#primaryimage\"},\"image\":{\"@id\":\"https:\\\/\\\/partsandpieces.nl\\\/product\\\/ringgreep-messing-glanzend-louis-xiv-12x36mm\\\/#primaryimage\"},\"thumbnailUrl\":\"https:\\\/\\\/partsandpieces.nl\\\/wp-content\\\/uploads\\\/2020\\\/07\\\/Ringgreep-Messing-Glanzend-Louis-XIV-12x36mm.jpg\",\"datePublished\":\"2020-07-28T10:39:45+00:00\",\"dateModified\":\"2026-03-26T13:59:47+00:00\",\"description\":\"Ringgreep Messing Glanzend 'Louis XIV' 12x36mm is een ovale ring aan een rond knopje met een lipje. Heeft een glanzende messing afwerking.\",\"breadcrumb\":{\"@id\":\"https:\\\/\\\/partsandpieces.nl\\\/product\\\/ringgreep-messing-glanzend-louis-xiv-12x36mm\\\/#breadcrumb\"},\"inLanguage\":\"de\",\"potentialAction\":[{\"@type\":\"ReadAction\",\"target\":[\"https:\\\/\\\/partsandpieces.nl\\\/product\\\/ringgreep-messing-glanzend-louis-xiv-12x36mm\\\/\"]}]},{\"@type\":\"ImageObject\",\"inLanguage\":\"de\",\"@id\":\"https:\\\/\\\/partsandpieces.nl\\\/product\\\/ringgreep-messing-glanzend-louis-xiv-12x36mm\\\/#primaryimage\",\"url\":\"https:\\\/\\\/partsandpieces.nl\\\/wp-content\\\/uploads\\\/2020\\\/07\\\/Ringgreep-Messing-Glanzend-Louis-XIV-12x36mm.jpg\",\"contentUrl\":\"https:\\\/\\\/partsandpieces.nl\\\/wp-content\\\/uploads\\\/2020\\\/07\\\/Ringgreep-Messing-Glanzend-Louis-XIV-12x36mm.jpg\",\"width\":409,\"height\":408,\"caption\":\"Ringgreep Messing Glanzend 'Louis XIV' 12x36mm\"},{\"@type\":\"BreadcrumbList\",\"@id\":\"https:\\\/\\\/partsandpieces.nl\\\/product\\\/ringgreep-messing-glanzend-louis-xiv-12x36mm\\\/#breadcrumb\",\"itemListElement\":[{\"@type\":\"ListItem\",\"position\":1,\"name\":\"Home\",\"item\":\"https:\\\/\\\/partsandpieces.nl\\\/home\\\/\"},{\"@type\":\"ListItem\",\"position\":2,\"name\":\"Winkel\",\"item\":\"https:\\\/\\\/partsandpieces.nl\\\/winkel\\\/\"},{\"@type\":\"ListItem\",\"position\":3,\"name\":\"Ringgreep Messing Glanzend &#8216;Louis XIV&#8217; 12x36mm\"}]},{\"@type\":\"WebSite\",\"@id\":\"https:\\\/\\\/partsandpieces.nl\\\/#website\",\"url\":\"https:\\\/\\\/partsandpieces.nl\\\/\",\"name\":\"Parts &amp; Pieces\",\"description\":\"Alles voor uw meubelrestauratie en -onderhoud!\",\"potentialAction\":[{\"@type\":\"SearchAction\",\"target\":{\"@type\":\"EntryPoint\",\"urlTemplate\":\"https:\\\/\\\/partsandpieces.nl\\\/?s={search_term_string}\"},\"query-input\":{\"@type\":\"PropertyValueSpecification\",\"valueRequired\":true,\"valueName\":\"search_term_string\"}}],\"inLanguage\":\"de\"}]}<\/script>\n<!-- \/ Yoast SEO plugin. -->","yoast_head_json":{"title":"Ringgriff Messing gl\u00e4nzend 12x36mm","description":"Ringgriff Messing gl\u00e4nzend \u201eLouis XIV\u201c 12x36mm ist ein ovaler Ring auf einem runden Knopf mit Lippe. Hat eine gl\u00e4nzende Messingoberfl\u00e4che.","robots":{"index":"index","follow":"follow","max-snippet":"max-snippet:-1","max-image-preview":"max-image-preview:large","max-video-preview":"max-video-preview:-1"},"canonical":"https:\/\/partsandpieces.nl\/de\/produkt\/ringgriff-messing-glanzend-louis-xiv-12x36mm\/","og_locale":"de_DE","og_type":"article","og_title":"Ringgreep Messing Glanzend 12x36mm","og_description":"Ringgreep Messing Glanzend 'Louis XIV' 12x36mm is een ovale ring aan een rond knopje met een lipje. Heeft een glanzende messing afwerking.","og_url":"https:\/\/partsandpieces.nl\/de\/produkt\/ringgriff-messing-glanzend-louis-xiv-12x36mm\/","og_site_name":"Parts &amp; Pieces","article_modified_time":"2026-03-26T13:59:47+00:00","og_image":[{"width":409,"height":408,"url":"https:\/\/partsandpieces.nl\/wp-content\/uploads\/2020\/07\/Ringgreep-Messing-Glanzend-Louis-XIV-12x36mm.jpg","type":"image\/jpeg"}],"twitter_card":"summary_large_image","twitter_misc":{"Gesch\u00e4tzte Lesezeit":"1\u00a0Minute"},"schema":{"@context":"https:\/\/schema.org","@graph":[{"@type":"WebPage","@id":"https:\/\/partsandpieces.nl\/product\/ringgreep-messing-glanzend-louis-xiv-12x36mm\/","url":"https:\/\/partsandpieces.nl\/product\/ringgreep-messing-glanzend-louis-xiv-12x36mm\/","name":"Ringgriff Messing gl\u00e4nzend 12x36mm","isPartOf":{"@id":"https:\/\/partsandpieces.nl\/#website"},"primaryImageOfPage":{"@id":"https:\/\/partsandpieces.nl\/product\/ringgreep-messing-glanzend-louis-xiv-12x36mm\/#primaryimage"},"image":{"@id":"https:\/\/partsandpieces.nl\/product\/ringgreep-messing-glanzend-louis-xiv-12x36mm\/#primaryimage"},"thumbnailUrl":"https:\/\/partsandpieces.nl\/wp-content\/uploads\/2020\/07\/Ringgreep-Messing-Glanzend-Louis-XIV-12x36mm.jpg","datePublished":"2020-07-28T10:39:45+00:00","dateModified":"2026-03-26T13:59:47+00:00","description":"Ringgriff Messing gl\u00e4nzend \u201eLouis XIV\u201c 12x36mm ist ein ovaler Ring auf einem runden Knopf mit Lippe. Hat eine gl\u00e4nzende Messingoberfl\u00e4che.","breadcrumb":{"@id":"https:\/\/partsandpieces.nl\/product\/ringgreep-messing-glanzend-louis-xiv-12x36mm\/#breadcrumb"},"inLanguage":"de","potentialAction":[{"@type":"ReadAction","target":["https:\/\/partsandpieces.nl\/product\/ringgreep-messing-glanzend-louis-xiv-12x36mm\/"]}]},{"@type":"ImageObject","inLanguage":"de","@id":"https:\/\/partsandpieces.nl\/product\/ringgreep-messing-glanzend-louis-xiv-12x36mm\/#primaryimage","url":"https:\/\/partsandpieces.nl\/wp-content\/uploads\/2020\/07\/Ringgreep-Messing-Glanzend-Louis-XIV-12x36mm.jpg","contentUrl":"https:\/\/partsandpieces.nl\/wp-content\/uploads\/2020\/07\/Ringgreep-Messing-Glanzend-Louis-XIV-12x36mm.jpg","width":409,"height":408,"caption":"Ringgreep Messing Glanzend 'Louis XIV' 12x36mm"},{"@type":"BreadcrumbList","@id":"https:\/\/partsandpieces.nl\/product\/ringgreep-messing-glanzend-louis-xiv-12x36mm\/#breadcrumb","itemListElement":[{"@type":"ListItem","position":1,"name":"Home","item":"https:\/\/partsandpieces.nl\/home\/"},{"@type":"ListItem","position":2,"name":"Winkel","item":"https:\/\/partsandpieces.nl\/winkel\/"},{"@type":"ListItem","position":3,"name":"Ringgreep Messing Glanzend &#8216;Louis XIV&#8217; 12x36mm"}]},{"@type":"WebSite","@id":"https:\/\/partsandpieces.nl\/#website","url":"https:\/\/partsandpieces.nl\/","name":"Teile &amp; St\u00fccke","description":"Alles f\u00fcr Ihre M\u00f6belrestaurierung und -pflege!","potentialAction":[{"@type":"SearchAction","target":{"@type":"EntryPoint","urlTemplate":"https:\/\/partsandpieces.nl\/?s={search_term_string}"},"query-input":{"@type":"PropertyValueSpecification","valueRequired":true,"valueName":"search_term_string"}}],"inLanguage":"de"}]}},"_links":{"self":[{"href":"https:\/\/partsandpieces.nl\/de\/wp-json\/wp\/v2\/product\/1033","targetHints":{"allow":["GET"]}}],"collection":[{"href":"https:\/\/partsandpieces.nl\/de\/wp-json\/wp\/v2\/product"}],"about":[{"href":"https:\/\/partsandpieces.nl\/de\/wp-json\/wp\/v2\/types\/product"}],"wp:featuredmedia":[{"embeddable":true,"href":"https:\/\/partsandpieces.nl\/de\/wp-json\/wp\/v2\/media\/7679"}],"wp:attachment":[{"href":"https:\/\/partsandpieces.nl\/de\/wp-json\/wp\/v2\/media?parent=1033"}],"wp:term":[{"taxonomy":"product_brand","embeddable":true,"href":"https:\/\/partsandpieces.nl\/de\/wp-json\/wp\/v2\/product_brand?post=1033"},{"taxonomy":"product_cat","embeddable":true,"href":"https:\/\/partsandpieces.nl\/de\/wp-json\/wp\/v2\/product_cat?post=1033"},{"taxonomy":"product_tag","embeddable":true,"href":"https:\/\/partsandpieces.nl\/de\/wp-json\/wp\/v2\/product_tag?post=1033"}],"curies":[{"name":"wp","href":"https:\/\/api.w.org\/{rel}","templated":true}]}}