{"id":10333,"date":"2024-12-16T16:00:28","date_gmt":"2024-12-16T15:00:28","guid":{"rendered":"https:\/\/partsandpieces.nl\/?post_type=product&#038;p=10333"},"modified":"2026-01-19T13:37:35","modified_gmt":"2026-01-19T12:37:35","slug":"griff-classic-nickel-matt-evolve-serie-799-128mm-10-stuck","status":"publish","type":"product","link":"https:\/\/partsandpieces.nl\/de\/product\/greep-klassiek-nikkel-mat-evolve-serie-799-128mm-10-stuks\/","title":{"rendered":"Griff Classic Nickel Matt Evolve Serie 799 128mm (10 St\u00fcck)"},"content":{"rendered":"<p><strong>Griff Classic Nickel Matt Evolve Serie 799 128 mm<\/strong> ist ein klassischer und eleganter Griff. Der Griff hat ein klassisches mattes Nickel-Finish und besteht aus einer Zinklegierung. Dieser Griff passt gut an Ihren (K\u00fcchen-)Schrank oder Ihre Schublade.<\/p>\n<p>Dieser hochwertige Griff wird in Italien hergestellt.<\/p>\n<p><strong>Ma\u00dfe<br \/>\n<\/strong>Der Griff Classic Nickel Matt Evolve Serie 799 128 mm ist 150 mm breit. Die Bohrergr\u00f6\u00dfe betr\u00e4gt 128 mm und die H\u00f6he des Griffs betr\u00e4gt 19 mm. Nach der Installation steht dieser Griff 34 mm hervor.<\/p>\n<p><strong>Lieferung<\/strong><br \/>\nDiese Griffe werden Ihnen direkt vom Hersteller geliefert. Die Lieferung dauert in der Regel 3 bis 4 Werktage.<br \/>\nBen\u00f6tigen Sie weitere Teile? Kontaktieren Sie mich f\u00fcr ein individuelles Angebot.<\/p>","protected":false},"excerpt":{"rendered":"<p>Greep Klassiek Nikkel Mat Evolve serie 799 128mm is een klassieke en elegante greep. De greep heeft een klassieke mat nikkelen afwerking en is gemaakt van een zink legering. Deze greep past goed op je (keuken)kast of lade. Deze kwalitatief uitstekende greep is gemaakt in Itali\u00eb. Afmetingen Greep Klassiek Nikkel Mat Evolve serie 799 128mm [&hellip;]<\/p>\n","protected":false},"featured_media":10335,"template":"","meta":{"_acf_changed":false},"product_brand":[],"product_cat":[29,41,23,53],"product_tag":[],"class_list":{"0":"post-10333","1":"product","2":"type-product","3":"status-publish","4":"has-post-thumbnail","6":"product_cat-deurtrekkers","7":"product_cat-ladetrekkers","8":"product_cat-meubelbeslag","9":"product_cat-vintage-grepen","11":"first","12":"instock","13":"taxable","14":"shipping-taxable","15":"purchasable","16":"product-type-simple"},"acf":[],"yoast_head":"<!-- This site is optimized with the Yoast SEO plugin v27.3 - https:\/\/yoast.com\/product\/yoast-seo-wordpress\/ -->\n<title>Greep Nikkel Mat 799 128mm Evolve serie<\/title>\n<meta name=\"description\" content=\"Greep Klassiek Nikkel Mat Evolve serie 799 128mm is gemaakt van een zink legering. Deze greep past goed op je (keuken)kast of lade.\" \/>\n<meta name=\"robots\" content=\"index, follow, max-snippet:-1, max-image-preview:large, max-video-preview:-1\" \/>\n<link rel=\"canonical\" href=\"https:\/\/partsandpieces.nl\/de\/produkt\/griff-classic-nickel-matt-evolve-serie-799-128mm-10-stuck\/\" \/>\n<meta property=\"og:locale\" content=\"de_DE\" \/>\n<meta property=\"og:type\" content=\"article\" \/>\n<meta property=\"og:title\" content=\"Greep Nikkel Mat 799 128mm Evolve serie\" \/>\n<meta property=\"og:description\" content=\"Greep Klassiek Nikkel Mat Evolve serie 799 128mm is gemaakt van een zink legering. Deze greep past goed op je (keuken)kast of lade.\" \/>\n<meta property=\"og:url\" content=\"https:\/\/partsandpieces.nl\/de\/produkt\/griff-classic-nickel-matt-evolve-serie-799-128mm-10-stuck\/\" \/>\n<meta property=\"og:site_name\" content=\"Parts &amp; Pieces\" \/>\n<meta property=\"article:modified_time\" content=\"2026-01-19T12:37:35+00:00\" \/>\n<meta property=\"og:image\" content=\"https:\/\/partsandpieces.nl\/wp-content\/uploads\/2024\/12\/Greep-Klassiek-Nikkel-Mat-Evolve-serie-799-128mm.jpg\" \/>\n\t<meta property=\"og:image:width\" content=\"1143\" \/>\n\t<meta property=\"og:image:height\" content=\"1139\" \/>\n\t<meta property=\"og:image:type\" content=\"image\/jpeg\" \/>\n<meta name=\"twitter:card\" content=\"summary_large_image\" \/>\n<meta name=\"twitter:label1\" content=\"Gesch\u00e4tzte Lesezeit\" \/>\n\t<meta name=\"twitter:data1\" content=\"1\u00a0Minute\" \/>\n<script type=\"application\/ld+json\" class=\"yoast-schema-graph\">{\"@context\":\"https:\\\/\\\/schema.org\",\"@graph\":[{\"@type\":\"WebPage\",\"@id\":\"https:\\\/\\\/partsandpieces.nl\\\/product\\\/greep-klassiek-nikkel-mat-evolve-serie-799-128mm-10-stuks\\\/\",\"url\":\"https:\\\/\\\/partsandpieces.nl\\\/product\\\/greep-klassiek-nikkel-mat-evolve-serie-799-128mm-10-stuks\\\/\",\"name\":\"Greep Nikkel Mat 799 128mm Evolve serie\",\"isPartOf\":{\"@id\":\"https:\\\/\\\/partsandpieces.nl\\\/#website\"},\"primaryImageOfPage\":{\"@id\":\"https:\\\/\\\/partsandpieces.nl\\\/product\\\/greep-klassiek-nikkel-mat-evolve-serie-799-128mm-10-stuks\\\/#primaryimage\"},\"image\":{\"@id\":\"https:\\\/\\\/partsandpieces.nl\\\/product\\\/greep-klassiek-nikkel-mat-evolve-serie-799-128mm-10-stuks\\\/#primaryimage\"},\"thumbnailUrl\":\"https:\\\/\\\/partsandpieces.nl\\\/wp-content\\\/uploads\\\/2024\\\/12\\\/Greep-Klassiek-Nikkel-Mat-Evolve-serie-799-128mm.jpg\",\"datePublished\":\"2024-12-16T15:00:28+00:00\",\"dateModified\":\"2026-01-19T12:37:35+00:00\",\"description\":\"Greep Klassiek Nikkel Mat Evolve serie 799 128mm is gemaakt van een zink legering. Deze greep past goed op je (keuken)kast of lade.\",\"breadcrumb\":{\"@id\":\"https:\\\/\\\/partsandpieces.nl\\\/product\\\/greep-klassiek-nikkel-mat-evolve-serie-799-128mm-10-stuks\\\/#breadcrumb\"},\"inLanguage\":\"de\",\"potentialAction\":[{\"@type\":\"ReadAction\",\"target\":[\"https:\\\/\\\/partsandpieces.nl\\\/product\\\/greep-klassiek-nikkel-mat-evolve-serie-799-128mm-10-stuks\\\/\"]}]},{\"@type\":\"ImageObject\",\"inLanguage\":\"de\",\"@id\":\"https:\\\/\\\/partsandpieces.nl\\\/product\\\/greep-klassiek-nikkel-mat-evolve-serie-799-128mm-10-stuks\\\/#primaryimage\",\"url\":\"https:\\\/\\\/partsandpieces.nl\\\/wp-content\\\/uploads\\\/2024\\\/12\\\/Greep-Klassiek-Nikkel-Mat-Evolve-serie-799-128mm.jpg\",\"contentUrl\":\"https:\\\/\\\/partsandpieces.nl\\\/wp-content\\\/uploads\\\/2024\\\/12\\\/Greep-Klassiek-Nikkel-Mat-Evolve-serie-799-128mm.jpg\",\"width\":1143,\"height\":1139,\"caption\":\"Greep Klassiek Nikkel Mat Evolve serie 799 128mm\"},{\"@type\":\"BreadcrumbList\",\"@id\":\"https:\\\/\\\/partsandpieces.nl\\\/product\\\/greep-klassiek-nikkel-mat-evolve-serie-799-128mm-10-stuks\\\/#breadcrumb\",\"itemListElement\":[{\"@type\":\"ListItem\",\"position\":1,\"name\":\"Home\",\"item\":\"https:\\\/\\\/partsandpieces.nl\\\/home\\\/\"},{\"@type\":\"ListItem\",\"position\":2,\"name\":\"Winkel\",\"item\":\"https:\\\/\\\/partsandpieces.nl\\\/winkel\\\/\"},{\"@type\":\"ListItem\",\"position\":3,\"name\":\"Greep Klassiek Nikkel Mat Evolve serie 799 128mm (10 stuks)\"}]},{\"@type\":\"WebSite\",\"@id\":\"https:\\\/\\\/partsandpieces.nl\\\/#website\",\"url\":\"https:\\\/\\\/partsandpieces.nl\\\/\",\"name\":\"Parts &amp; Pieces\",\"description\":\"Alles voor uw meubelrestauratie en -onderhoud!\",\"potentialAction\":[{\"@type\":\"SearchAction\",\"target\":{\"@type\":\"EntryPoint\",\"urlTemplate\":\"https:\\\/\\\/partsandpieces.nl\\\/?s={search_term_string}\"},\"query-input\":{\"@type\":\"PropertyValueSpecification\",\"valueRequired\":true,\"valueName\":\"search_term_string\"}}],\"inLanguage\":\"de\"}]}<\/script>\n<!-- \/ Yoast SEO plugin. -->","yoast_head_json":{"title":"Griff Nickel Matt 799 128 mm Evolve-Serie","description":"Der Griff Classic Nickel Matt Evolve Serie 799 128 mm besteht aus einer Zinklegierung. Dieser Griff passt gut an Ihren (K\u00fcchen-)Schrank oder Ihre Schublade.","robots":{"index":"index","follow":"follow","max-snippet":"max-snippet:-1","max-image-preview":"max-image-preview:large","max-video-preview":"max-video-preview:-1"},"canonical":"https:\/\/partsandpieces.nl\/de\/produkt\/griff-classic-nickel-matt-evolve-serie-799-128mm-10-stuck\/","og_locale":"de_DE","og_type":"article","og_title":"Greep Nikkel Mat 799 128mm Evolve serie","og_description":"Greep Klassiek Nikkel Mat Evolve serie 799 128mm is gemaakt van een zink legering. Deze greep past goed op je (keuken)kast of lade.","og_url":"https:\/\/partsandpieces.nl\/de\/produkt\/griff-classic-nickel-matt-evolve-serie-799-128mm-10-stuck\/","og_site_name":"Parts &amp; Pieces","article_modified_time":"2026-01-19T12:37:35+00:00","og_image":[{"width":1143,"height":1139,"url":"https:\/\/partsandpieces.nl\/wp-content\/uploads\/2024\/12\/Greep-Klassiek-Nikkel-Mat-Evolve-serie-799-128mm.jpg","type":"image\/jpeg"}],"twitter_card":"summary_large_image","twitter_misc":{"Gesch\u00e4tzte Lesezeit":"1\u00a0Minute"},"schema":{"@context":"https:\/\/schema.org","@graph":[{"@type":"WebPage","@id":"https:\/\/partsandpieces.nl\/product\/greep-klassiek-nikkel-mat-evolve-serie-799-128mm-10-stuks\/","url":"https:\/\/partsandpieces.nl\/product\/greep-klassiek-nikkel-mat-evolve-serie-799-128mm-10-stuks\/","name":"Griff Nickel Matt 799 128 mm Evolve-Serie","isPartOf":{"@id":"https:\/\/partsandpieces.nl\/#website"},"primaryImageOfPage":{"@id":"https:\/\/partsandpieces.nl\/product\/greep-klassiek-nikkel-mat-evolve-serie-799-128mm-10-stuks\/#primaryimage"},"image":{"@id":"https:\/\/partsandpieces.nl\/product\/greep-klassiek-nikkel-mat-evolve-serie-799-128mm-10-stuks\/#primaryimage"},"thumbnailUrl":"https:\/\/partsandpieces.nl\/wp-content\/uploads\/2024\/12\/Greep-Klassiek-Nikkel-Mat-Evolve-serie-799-128mm.jpg","datePublished":"2024-12-16T15:00:28+00:00","dateModified":"2026-01-19T12:37:35+00:00","description":"Der Griff Classic Nickel Matt Evolve Serie 799 128 mm besteht aus einer Zinklegierung. Dieser Griff passt gut an Ihren (K\u00fcchen-)Schrank oder Ihre Schublade.","breadcrumb":{"@id":"https:\/\/partsandpieces.nl\/product\/greep-klassiek-nikkel-mat-evolve-serie-799-128mm-10-stuks\/#breadcrumb"},"inLanguage":"de","potentialAction":[{"@type":"ReadAction","target":["https:\/\/partsandpieces.nl\/product\/greep-klassiek-nikkel-mat-evolve-serie-799-128mm-10-stuks\/"]}]},{"@type":"ImageObject","inLanguage":"de","@id":"https:\/\/partsandpieces.nl\/product\/greep-klassiek-nikkel-mat-evolve-serie-799-128mm-10-stuks\/#primaryimage","url":"https:\/\/partsandpieces.nl\/wp-content\/uploads\/2024\/12\/Greep-Klassiek-Nikkel-Mat-Evolve-serie-799-128mm.jpg","contentUrl":"https:\/\/partsandpieces.nl\/wp-content\/uploads\/2024\/12\/Greep-Klassiek-Nikkel-Mat-Evolve-serie-799-128mm.jpg","width":1143,"height":1139,"caption":"Greep Klassiek Nikkel Mat Evolve serie 799 128mm"},{"@type":"BreadcrumbList","@id":"https:\/\/partsandpieces.nl\/product\/greep-klassiek-nikkel-mat-evolve-serie-799-128mm-10-stuks\/#breadcrumb","itemListElement":[{"@type":"ListItem","position":1,"name":"Home","item":"https:\/\/partsandpieces.nl\/home\/"},{"@type":"ListItem","position":2,"name":"Winkel","item":"https:\/\/partsandpieces.nl\/winkel\/"},{"@type":"ListItem","position":3,"name":"Greep Klassiek Nikkel Mat Evolve serie 799 128mm (10 stuks)"}]},{"@type":"WebSite","@id":"https:\/\/partsandpieces.nl\/#website","url":"https:\/\/partsandpieces.nl\/","name":"Teile &amp; St\u00fccke","description":"Alles f\u00fcr Ihre M\u00f6belrestaurierung und -pflege!","potentialAction":[{"@type":"SearchAction","target":{"@type":"EntryPoint","urlTemplate":"https:\/\/partsandpieces.nl\/?s={search_term_string}"},"query-input":{"@type":"PropertyValueSpecification","valueRequired":true,"valueName":"search_term_string"}}],"inLanguage":"de"}]}},"_links":{"self":[{"href":"https:\/\/partsandpieces.nl\/de\/wp-json\/wp\/v2\/product\/10333","targetHints":{"allow":["GET"]}}],"collection":[{"href":"https:\/\/partsandpieces.nl\/de\/wp-json\/wp\/v2\/product"}],"about":[{"href":"https:\/\/partsandpieces.nl\/de\/wp-json\/wp\/v2\/types\/product"}],"wp:featuredmedia":[{"embeddable":true,"href":"https:\/\/partsandpieces.nl\/de\/wp-json\/wp\/v2\/media\/10335"}],"wp:attachment":[{"href":"https:\/\/partsandpieces.nl\/de\/wp-json\/wp\/v2\/media?parent=10333"}],"wp:term":[{"taxonomy":"product_brand","embeddable":true,"href":"https:\/\/partsandpieces.nl\/de\/wp-json\/wp\/v2\/product_brand?post=10333"},{"taxonomy":"product_cat","embeddable":true,"href":"https:\/\/partsandpieces.nl\/de\/wp-json\/wp\/v2\/product_cat?post=10333"},{"taxonomy":"product_tag","embeddable":true,"href":"https:\/\/partsandpieces.nl\/de\/wp-json\/wp\/v2\/product_tag?post=10333"}],"curies":[{"name":"wp","href":"https:\/\/api.w.org\/{rel}","templated":true}]}}