{"id":1039,"date":"2020-07-28T10:46:15","date_gmt":"2020-07-28T10:46:15","guid":{"rendered":"https:\/\/partsandpieces.bonsaidev.nl\/?product=ladetrekker-3357"},"modified":"2025-08-08T20:46:14","modified_gmt":"2025-08-08T18:46:14","slug":"schubladengriff-bronze-antik-quadratisch-35x33mm","status":"publish","type":"product","link":"https:\/\/partsandpieces.nl\/de\/product\/ladetrekkertje-brons-antiek-vierkant-35x33mm\/","title":{"rendered":"Schubladenzieher Bronze antik quadratisch 35x33mm"},"content":{"rendered":"<p><strong>Schubladenzieher Bronze antik quadratisch 35x33mm<\/strong>\u00a0ist ein wundersch\u00f6ner, quadratischer Schubladengriff aus Zamak* mit antikem Bronze-Finish. Das Erscheinungsbild dieses klassischen Griffs ist matt. Dieser Griff passt gut zu Ihren antiken oder klassischen M\u00f6beln und Schubladen.<\/p>\n<p>Dieser hochwertige Schubladengriff wird in Italien hergestellt.<\/p>\n<p><strong>Ma\u00dfe<br \/>\n<\/strong>Der bronzefarbene antike quadratische Schubladengriff 35 x 33 mm ist insgesamt 33 mm breit und 35 mm hoch. Nach der Installation steht dieser Griff 15 mm \u00fcber.<\/p>\n<p><strong>Bearbeiten<br \/>\n<\/strong>Sie k\u00f6nnen den Taster mit blind montieren\u00a0<span style=\"text-decoration: underline;\"><a href=\"https:\/\/partsandpieces.nl\/de\/produkt\/schraube-edelstahl-fur-blindmontageknopf-20x4mm-20-stuck\/\">Edelstahlschraube f\u00fcr Blindbefestigungsknopf (20x4mm)<\/a><\/span>\u00a0in Kombination mit\u00a0<span style=\"text-decoration: underline;\"><a href=\"https:\/\/partsandpieces.nl\/de\/produkt\/schrauben-mit-rundkopf-antikbronze-mit-schlitz-2-x-14-mm\/\">Schraube Rundkopf Antik Bronze mit Schlitz (2x14mm)<\/a><\/span>. Ich schicke diese Schrauben\u00a0<strong>FREI<\/strong>\u00a0mit Ihrer Bestellung.<\/p>\n<p>* Zamak ist eine Legierung mit Zink als Hauptbestandteil. Es hat einen relativ niedrigen Schmelzpunkt und ist leicht zu gie\u00dfen. Der Name ist ein Akronym, abgeleitet von den Anfangsbuchstaben der deutschen Bezeichnungen f\u00fcr die Metalle, aus denen sich der Werkstoff zusammensetzt: Zink, Aluminium, MAGnesium, Kupfer. Zamak wird in der Auto- und M\u00f6belindustrie f\u00fcr T\u00fcrgriffe, Griffe, Logos und Zierleisten verwendet. Es wird auch h\u00e4ufig als Ersatz f\u00fcr das giftige Blei verwendet.<\/p>","protected":false},"excerpt":{"rendered":"<p>Ladetrekkertje Brons antiek vierkant 35x33mm\u00a0is een mooie, vierkanten ladegreep gemaakt van zamak* met een antieke bronzen afwerking. De uitstraling van deze klassieke greep is mat. Deze greep past goed op je antieke of klassieke meubel en lades. Deze kwalitatief uitstekende ladegreep is gemaakt in Itali\u00eb. Afmetingen Het Ladetrekkertje Brons antiek vierkant 35x33mm is in zijn [&hellip;]<\/p>\n","protected":false},"featured_media":6367,"template":"","meta":{"_acf_changed":false},"product_brand":[],"product_cat":[41,23],"product_tag":[],"class_list":{"0":"post-1039","1":"product","2":"type-product","3":"status-publish","4":"has-post-thumbnail","6":"product_cat-ladetrekkers","7":"product_cat-meubelbeslag","9":"first","10":"instock","11":"taxable","12":"shipping-taxable","13":"purchasable","14":"product-type-simple"},"acf":[],"yoast_head":"<!-- This site is optimized with the Yoast SEO plugin v27.3 - https:\/\/yoast.com\/product\/yoast-seo-wordpress\/ -->\n<title>Ladetrekkertje Brons vierkant 35mm<\/title>\n<meta name=\"description\" content=\"Ladetrekkertje Brons antiek vierkant 35x33mm\u00a0is een mooie, vierkanten ladegreep met een antieke bronzen afwerking. Past goed op klassieke meubel en lades.\" \/>\n<meta name=\"robots\" content=\"index, follow, max-snippet:-1, max-image-preview:large, max-video-preview:-1\" \/>\n<link rel=\"canonical\" href=\"https:\/\/partsandpieces.nl\/de\/produkt\/schubladengriff-bronze-antik-quadratisch-35x33mm\/\" \/>\n<meta property=\"og:locale\" content=\"de_DE\" \/>\n<meta property=\"og:type\" content=\"article\" \/>\n<meta property=\"og:title\" content=\"Ladetrekkertje Brons vierkant 35mm\" \/>\n<meta property=\"og:description\" content=\"Ladetrekkertje Brons antiek vierkant 35x33mm\u00a0is een mooie, vierkanten ladegreep met een antieke bronzen afwerking. Past goed op klassieke meubel en lades.\" \/>\n<meta property=\"og:url\" content=\"https:\/\/partsandpieces.nl\/de\/produkt\/schubladengriff-bronze-antik-quadratisch-35x33mm\/\" \/>\n<meta property=\"og:site_name\" content=\"Parts &amp; Pieces\" \/>\n<meta property=\"article:modified_time\" content=\"2025-08-08T18:46:14+00:00\" \/>\n<meta property=\"og:image\" content=\"https:\/\/partsandpieces.nl\/wp-content\/uploads\/2020\/07\/Ladetrekkertje-Brons-antiek-vierkant-35x33mm.jpg\" \/>\n\t<meta property=\"og:image:width\" content=\"434\" \/>\n\t<meta property=\"og:image:height\" content=\"432\" \/>\n\t<meta property=\"og:image:type\" content=\"image\/jpeg\" \/>\n<meta name=\"twitter:card\" content=\"summary_large_image\" \/>\n<meta name=\"twitter:label1\" content=\"Gesch\u00e4tzte Lesezeit\" \/>\n\t<meta name=\"twitter:data1\" content=\"1\u00a0Minute\" \/>\n<script type=\"application\/ld+json\" class=\"yoast-schema-graph\">{\"@context\":\"https:\\\/\\\/schema.org\",\"@graph\":[{\"@type\":\"WebPage\",\"@id\":\"https:\\\/\\\/partsandpieces.nl\\\/product\\\/ladetrekkertje-brons-antiek-vierkant-35x33mm\\\/\",\"url\":\"https:\\\/\\\/partsandpieces.nl\\\/product\\\/ladetrekkertje-brons-antiek-vierkant-35x33mm\\\/\",\"name\":\"Ladetrekkertje Brons vierkant 35mm\",\"isPartOf\":{\"@id\":\"https:\\\/\\\/partsandpieces.nl\\\/#website\"},\"primaryImageOfPage\":{\"@id\":\"https:\\\/\\\/partsandpieces.nl\\\/product\\\/ladetrekkertje-brons-antiek-vierkant-35x33mm\\\/#primaryimage\"},\"image\":{\"@id\":\"https:\\\/\\\/partsandpieces.nl\\\/product\\\/ladetrekkertje-brons-antiek-vierkant-35x33mm\\\/#primaryimage\"},\"thumbnailUrl\":\"https:\\\/\\\/partsandpieces.nl\\\/wp-content\\\/uploads\\\/2020\\\/07\\\/Ladetrekkertje-Brons-antiek-vierkant-35x33mm.jpg\",\"datePublished\":\"2020-07-28T10:46:15+00:00\",\"dateModified\":\"2025-08-08T18:46:14+00:00\",\"description\":\"Ladetrekkertje Brons antiek vierkant 35x33mm\u00a0is een mooie, vierkanten ladegreep met een antieke bronzen afwerking. Past goed op klassieke meubel en lades.\",\"breadcrumb\":{\"@id\":\"https:\\\/\\\/partsandpieces.nl\\\/product\\\/ladetrekkertje-brons-antiek-vierkant-35x33mm\\\/#breadcrumb\"},\"inLanguage\":\"de\",\"potentialAction\":[{\"@type\":\"ReadAction\",\"target\":[\"https:\\\/\\\/partsandpieces.nl\\\/product\\\/ladetrekkertje-brons-antiek-vierkant-35x33mm\\\/\"]}]},{\"@type\":\"ImageObject\",\"inLanguage\":\"de\",\"@id\":\"https:\\\/\\\/partsandpieces.nl\\\/product\\\/ladetrekkertje-brons-antiek-vierkant-35x33mm\\\/#primaryimage\",\"url\":\"https:\\\/\\\/partsandpieces.nl\\\/wp-content\\\/uploads\\\/2020\\\/07\\\/Ladetrekkertje-Brons-antiek-vierkant-35x33mm.jpg\",\"contentUrl\":\"https:\\\/\\\/partsandpieces.nl\\\/wp-content\\\/uploads\\\/2020\\\/07\\\/Ladetrekkertje-Brons-antiek-vierkant-35x33mm.jpg\",\"width\":434,\"height\":432,\"caption\":\"Ladetrekkertje Brons antiek vierkant 35x33mm\"},{\"@type\":\"BreadcrumbList\",\"@id\":\"https:\\\/\\\/partsandpieces.nl\\\/product\\\/ladetrekkertje-brons-antiek-vierkant-35x33mm\\\/#breadcrumb\",\"itemListElement\":[{\"@type\":\"ListItem\",\"position\":1,\"name\":\"Home\",\"item\":\"https:\\\/\\\/partsandpieces.nl\\\/home\\\/\"},{\"@type\":\"ListItem\",\"position\":2,\"name\":\"Winkel\",\"item\":\"https:\\\/\\\/partsandpieces.nl\\\/winkel\\\/\"},{\"@type\":\"ListItem\",\"position\":3,\"name\":\"Ladetrekkertje Brons antiek vierkant 35x33mm\"}]},{\"@type\":\"WebSite\",\"@id\":\"https:\\\/\\\/partsandpieces.nl\\\/#website\",\"url\":\"https:\\\/\\\/partsandpieces.nl\\\/\",\"name\":\"Parts &amp; Pieces\",\"description\":\"Alles voor uw meubelrestauratie en -onderhoud!\",\"potentialAction\":[{\"@type\":\"SearchAction\",\"target\":{\"@type\":\"EntryPoint\",\"urlTemplate\":\"https:\\\/\\\/partsandpieces.nl\\\/?s={search_term_string}\"},\"query-input\":{\"@type\":\"PropertyValueSpecification\",\"valueRequired\":true,\"valueName\":\"search_term_string\"}}],\"inLanguage\":\"de\"}]}<\/script>\n<!-- \/ Yoast SEO plugin. -->","yoast_head_json":{"title":"Schubladengriff Bronze, quadratisch, 35 mm","description":"Schubladengriff Bronze antik, quadratisch, 35 x 33 mm, ist ein sch\u00f6ner, quadratischer Schubladengriff mit antikem Bronze-Finish. Passt gut auf klassische M\u00f6bel und Schubladen.","robots":{"index":"index","follow":"follow","max-snippet":"max-snippet:-1","max-image-preview":"max-image-preview:large","max-video-preview":"max-video-preview:-1"},"canonical":"https:\/\/partsandpieces.nl\/de\/produkt\/schubladengriff-bronze-antik-quadratisch-35x33mm\/","og_locale":"de_DE","og_type":"article","og_title":"Ladetrekkertje Brons vierkant 35mm","og_description":"Ladetrekkertje Brons antiek vierkant 35x33mm\u00a0is een mooie, vierkanten ladegreep met een antieke bronzen afwerking. Past goed op klassieke meubel en lades.","og_url":"https:\/\/partsandpieces.nl\/de\/produkt\/schubladengriff-bronze-antik-quadratisch-35x33mm\/","og_site_name":"Parts &amp; Pieces","article_modified_time":"2025-08-08T18:46:14+00:00","og_image":[{"width":434,"height":432,"url":"https:\/\/partsandpieces.nl\/wp-content\/uploads\/2020\/07\/Ladetrekkertje-Brons-antiek-vierkant-35x33mm.jpg","type":"image\/jpeg"}],"twitter_card":"summary_large_image","twitter_misc":{"Gesch\u00e4tzte Lesezeit":"1\u00a0Minute"},"schema":{"@context":"https:\/\/schema.org","@graph":[{"@type":"WebPage","@id":"https:\/\/partsandpieces.nl\/product\/ladetrekkertje-brons-antiek-vierkant-35x33mm\/","url":"https:\/\/partsandpieces.nl\/product\/ladetrekkertje-brons-antiek-vierkant-35x33mm\/","name":"Schubladengriff Bronze, quadratisch, 35 mm","isPartOf":{"@id":"https:\/\/partsandpieces.nl\/#website"},"primaryImageOfPage":{"@id":"https:\/\/partsandpieces.nl\/product\/ladetrekkertje-brons-antiek-vierkant-35x33mm\/#primaryimage"},"image":{"@id":"https:\/\/partsandpieces.nl\/product\/ladetrekkertje-brons-antiek-vierkant-35x33mm\/#primaryimage"},"thumbnailUrl":"https:\/\/partsandpieces.nl\/wp-content\/uploads\/2020\/07\/Ladetrekkertje-Brons-antiek-vierkant-35x33mm.jpg","datePublished":"2020-07-28T10:46:15+00:00","dateModified":"2025-08-08T18:46:14+00:00","description":"Schubladengriff Bronze antik, quadratisch, 35 x 33 mm, ist ein sch\u00f6ner, quadratischer Schubladengriff mit antikem Bronze-Finish. Passt gut auf klassische M\u00f6bel und Schubladen.","breadcrumb":{"@id":"https:\/\/partsandpieces.nl\/product\/ladetrekkertje-brons-antiek-vierkant-35x33mm\/#breadcrumb"},"inLanguage":"de","potentialAction":[{"@type":"ReadAction","target":["https:\/\/partsandpieces.nl\/product\/ladetrekkertje-brons-antiek-vierkant-35x33mm\/"]}]},{"@type":"ImageObject","inLanguage":"de","@id":"https:\/\/partsandpieces.nl\/product\/ladetrekkertje-brons-antiek-vierkant-35x33mm\/#primaryimage","url":"https:\/\/partsandpieces.nl\/wp-content\/uploads\/2020\/07\/Ladetrekkertje-Brons-antiek-vierkant-35x33mm.jpg","contentUrl":"https:\/\/partsandpieces.nl\/wp-content\/uploads\/2020\/07\/Ladetrekkertje-Brons-antiek-vierkant-35x33mm.jpg","width":434,"height":432,"caption":"Ladetrekkertje Brons antiek vierkant 35x33mm"},{"@type":"BreadcrumbList","@id":"https:\/\/partsandpieces.nl\/product\/ladetrekkertje-brons-antiek-vierkant-35x33mm\/#breadcrumb","itemListElement":[{"@type":"ListItem","position":1,"name":"Home","item":"https:\/\/partsandpieces.nl\/home\/"},{"@type":"ListItem","position":2,"name":"Winkel","item":"https:\/\/partsandpieces.nl\/winkel\/"},{"@type":"ListItem","position":3,"name":"Ladetrekkertje Brons antiek vierkant 35x33mm"}]},{"@type":"WebSite","@id":"https:\/\/partsandpieces.nl\/#website","url":"https:\/\/partsandpieces.nl\/","name":"Teile &amp; St\u00fccke","description":"Alles f\u00fcr Ihre M\u00f6belrestaurierung und -pflege!","potentialAction":[{"@type":"SearchAction","target":{"@type":"EntryPoint","urlTemplate":"https:\/\/partsandpieces.nl\/?s={search_term_string}"},"query-input":{"@type":"PropertyValueSpecification","valueRequired":true,"valueName":"search_term_string"}}],"inLanguage":"de"}]}},"_links":{"self":[{"href":"https:\/\/partsandpieces.nl\/de\/wp-json\/wp\/v2\/product\/1039","targetHints":{"allow":["GET"]}}],"collection":[{"href":"https:\/\/partsandpieces.nl\/de\/wp-json\/wp\/v2\/product"}],"about":[{"href":"https:\/\/partsandpieces.nl\/de\/wp-json\/wp\/v2\/types\/product"}],"wp:featuredmedia":[{"embeddable":true,"href":"https:\/\/partsandpieces.nl\/de\/wp-json\/wp\/v2\/media\/6367"}],"wp:attachment":[{"href":"https:\/\/partsandpieces.nl\/de\/wp-json\/wp\/v2\/media?parent=1039"}],"wp:term":[{"taxonomy":"product_brand","embeddable":true,"href":"https:\/\/partsandpieces.nl\/de\/wp-json\/wp\/v2\/product_brand?post=1039"},{"taxonomy":"product_cat","embeddable":true,"href":"https:\/\/partsandpieces.nl\/de\/wp-json\/wp\/v2\/product_cat?post=1039"},{"taxonomy":"product_tag","embeddable":true,"href":"https:\/\/partsandpieces.nl\/de\/wp-json\/wp\/v2\/product_tag?post=1039"}],"curies":[{"name":"wp","href":"https:\/\/api.w.org\/{rel}","templated":true}]}}