{"id":1047,"date":"2020-07-28T11:18:03","date_gmt":"2020-07-28T11:18:03","guid":{"rendered":"https:\/\/partsandpieces.bonsaidev.nl\/?product=ladetrekker-messing-116x4596"},"modified":"2024-12-28T21:13:00","modified_gmt":"2024-12-28T20:13:00","slug":"schubladengriff-messing-glanzend-horizontal-115mm","status":"publish","type":"product","link":"https:\/\/partsandpieces.nl\/de\/product\/ladegreep-messing-glanzend-horizontaal-115mm\/","title":{"rendered":"Schubladengriff Messing gl\u00e4nzend horizontal 115 mm"},"content":{"rendered":"<p><strong>Schubladengriff Messing gl\u00e4nzend horizontal 115 mm<\/strong> ist ein eleganter, moderner Schubladengriff f\u00fcr M\u00f6belschubladen. Der Schubladengriff hat eine gl\u00e4nzende Messingoberfl\u00e4che.<\/p>\n<p><strong>Ma\u00dfe<br \/>\n<\/strong>Der Schubladengriff Messing gl\u00e4nzend horizontal 115 mm hat eine Breite von 115 mm und eine H\u00f6he von 45 mm.<\/p>\n<p><strong>Bearbeiten<br \/>\n<\/strong>Sie k\u00f6nnen den Taster mit blind montieren\u00a0<span style=\"text-decoration: underline;\"><a href=\"https:\/\/partsandpieces.nl\/de\/produkt\/schraube-edelstahl-fur-blindmontageknopf-20x4mm-20-stuck\/\">Edelstahlschraube f\u00fcr Blindbefestigungsknopf (20x4mm)<\/a><\/span>. Ich schicke diese Schraube\u00a0<strong>FREI<\/strong>\u00a0mit Ihrer Bestellung.<\/p>","protected":false},"excerpt":{"rendered":"<p>Ladegreep Messing glanzend horizontaal 115mm is een strakke, moderne ladegreep voor meubellades. De ladegreep heeft een glanzende messing afwerking. Afmetingen De Ladegreep Messing glanzend horizontaal 115mm heeft een breedte van 115mm en een hoogte van 45mm. Montage Je kunt de knop blind monteren met\u00a0Schroef RVS voor blind bevestigen knop (20x4mm). Deze schroef stuur ik\u00a0GRATIS\u00a0met je [&hellip;]<\/p>\n","protected":false},"featured_media":6409,"template":"","meta":{"_acf_changed":false},"product_brand":[],"product_cat":[41,23],"product_tag":[],"class_list":{"0":"post-1047","1":"product","2":"type-product","3":"status-publish","4":"has-post-thumbnail","6":"product_cat-ladetrekkers","7":"product_cat-meubelbeslag","9":"first","10":"instock","11":"sale","12":"taxable","13":"shipping-taxable","14":"purchasable","15":"product-type-simple"},"acf":[],"yoast_head":"<!-- This site is optimized with the Yoast SEO plugin v27.3 - https:\/\/yoast.com\/product\/yoast-seo-wordpress\/ -->\n<title>Ladegreep Messing glanzend 115mm<\/title>\n<meta name=\"description\" content=\"Ladegreep Messing glanzend horizontaal 115mm is een strakke, moderne ladegreep voor meubellades. De ladegreep heeft een glanzende messing afwerking.\" \/>\n<meta name=\"robots\" content=\"index, follow, max-snippet:-1, max-image-preview:large, max-video-preview:-1\" \/>\n<link rel=\"canonical\" href=\"https:\/\/partsandpieces.nl\/de\/produkt\/schubladengriff-messing-glanzend-horizontal-115mm\/\" \/>\n<meta property=\"og:locale\" content=\"de_DE\" \/>\n<meta property=\"og:type\" content=\"article\" \/>\n<meta property=\"og:title\" content=\"Ladegreep Messing glanzend 115mm\" \/>\n<meta property=\"og:description\" content=\"Ladegreep Messing glanzend horizontaal 115mm is een strakke, moderne ladegreep voor meubellades. De ladegreep heeft een glanzende messing afwerking.\" \/>\n<meta property=\"og:url\" content=\"https:\/\/partsandpieces.nl\/de\/produkt\/schubladengriff-messing-glanzend-horizontal-115mm\/\" \/>\n<meta property=\"og:site_name\" content=\"Parts &amp; Pieces\" \/>\n<meta property=\"article:modified_time\" content=\"2024-12-28T20:13:00+00:00\" \/>\n<meta property=\"og:image\" content=\"https:\/\/partsandpieces.nl\/wp-content\/uploads\/2020\/07\/Ladegreep-Messing-glanzend-horizontaal-115mm.jpg\" \/>\n\t<meta property=\"og:image:width\" content=\"480\" \/>\n\t<meta property=\"og:image:height\" content=\"480\" \/>\n\t<meta property=\"og:image:type\" content=\"image\/jpeg\" \/>\n<meta name=\"twitter:card\" content=\"summary_large_image\" \/>\n<meta name=\"twitter:label1\" content=\"Gesch\u00e4tzte Lesezeit\" \/>\n\t<meta name=\"twitter:data1\" content=\"1\u00a0Minute\" \/>\n<script type=\"application\/ld+json\" class=\"yoast-schema-graph\">{\"@context\":\"https:\\\/\\\/schema.org\",\"@graph\":[{\"@type\":\"WebPage\",\"@id\":\"https:\\\/\\\/partsandpieces.nl\\\/en\\\/product\\\/ladegreep-messing-glanzend-horizontaal-115mm\\\/\",\"url\":\"https:\\\/\\\/partsandpieces.nl\\\/en\\\/product\\\/ladegreep-messing-glanzend-horizontaal-115mm\\\/\",\"name\":\"Ladegreep Messing glanzend 115mm\",\"isPartOf\":{\"@id\":\"https:\\\/\\\/partsandpieces.nl\\\/#website\"},\"primaryImageOfPage\":{\"@id\":\"https:\\\/\\\/partsandpieces.nl\\\/en\\\/product\\\/ladegreep-messing-glanzend-horizontaal-115mm\\\/#primaryimage\"},\"image\":{\"@id\":\"https:\\\/\\\/partsandpieces.nl\\\/en\\\/product\\\/ladegreep-messing-glanzend-horizontaal-115mm\\\/#primaryimage\"},\"thumbnailUrl\":\"https:\\\/\\\/partsandpieces.nl\\\/wp-content\\\/uploads\\\/2020\\\/07\\\/Ladegreep-Messing-glanzend-horizontaal-115mm.jpg\",\"datePublished\":\"2020-07-28T11:18:03+00:00\",\"dateModified\":\"2024-12-28T20:13:00+00:00\",\"description\":\"Ladegreep Messing glanzend horizontaal 115mm is een strakke, moderne ladegreep voor meubellades. De ladegreep heeft een glanzende messing afwerking.\",\"breadcrumb\":{\"@id\":\"https:\\\/\\\/partsandpieces.nl\\\/en\\\/product\\\/ladegreep-messing-glanzend-horizontaal-115mm\\\/#breadcrumb\"},\"inLanguage\":\"de\",\"potentialAction\":[{\"@type\":\"ReadAction\",\"target\":[\"https:\\\/\\\/partsandpieces.nl\\\/en\\\/product\\\/ladegreep-messing-glanzend-horizontaal-115mm\\\/\"]}]},{\"@type\":\"ImageObject\",\"inLanguage\":\"de\",\"@id\":\"https:\\\/\\\/partsandpieces.nl\\\/en\\\/product\\\/ladegreep-messing-glanzend-horizontaal-115mm\\\/#primaryimage\",\"url\":\"https:\\\/\\\/partsandpieces.nl\\\/wp-content\\\/uploads\\\/2020\\\/07\\\/Ladegreep-Messing-glanzend-horizontaal-115mm.jpg\",\"contentUrl\":\"https:\\\/\\\/partsandpieces.nl\\\/wp-content\\\/uploads\\\/2020\\\/07\\\/Ladegreep-Messing-glanzend-horizontaal-115mm.jpg\",\"width\":480,\"height\":480,\"caption\":\"Ladegreep Messing glanzend horizontaal 115mm\"},{\"@type\":\"BreadcrumbList\",\"@id\":\"https:\\\/\\\/partsandpieces.nl\\\/en\\\/product\\\/ladegreep-messing-glanzend-horizontaal-115mm\\\/#breadcrumb\",\"itemListElement\":[{\"@type\":\"ListItem\",\"position\":1,\"name\":\"Home\",\"item\":\"https:\\\/\\\/partsandpieces.nl\\\/home\\\/\"},{\"@type\":\"ListItem\",\"position\":2,\"name\":\"Winkel\",\"item\":\"https:\\\/\\\/partsandpieces.nl\\\/winkel\\\/\"},{\"@type\":\"ListItem\",\"position\":3,\"name\":\"Ladegreep Messing glanzend horizontaal 115mm\"}]},{\"@type\":\"WebSite\",\"@id\":\"https:\\\/\\\/partsandpieces.nl\\\/#website\",\"url\":\"https:\\\/\\\/partsandpieces.nl\\\/\",\"name\":\"Parts &amp; Pieces\",\"description\":\"Alles voor uw meubelrestauratie en -onderhoud!\",\"potentialAction\":[{\"@type\":\"SearchAction\",\"target\":{\"@type\":\"EntryPoint\",\"urlTemplate\":\"https:\\\/\\\/partsandpieces.nl\\\/?s={search_term_string}\"},\"query-input\":{\"@type\":\"PropertyValueSpecification\",\"valueRequired\":true,\"valueName\":\"search_term_string\"}}],\"inLanguage\":\"de\"}]}<\/script>\n<!-- \/ Yoast SEO plugin. -->","yoast_head_json":{"title":"Schubladengriff Messing gl\u00e4nzend 115 mm","description":"Schubladengriff Messing gl\u00e4nzend horizontal 115 mm ist ein eleganter, moderner Schubladengriff f\u00fcr M\u00f6belschubladen. Der Schubladengriff hat eine gl\u00e4nzende Messingoberfl\u00e4che.","robots":{"index":"index","follow":"follow","max-snippet":"max-snippet:-1","max-image-preview":"max-image-preview:large","max-video-preview":"max-video-preview:-1"},"canonical":"https:\/\/partsandpieces.nl\/de\/produkt\/schubladengriff-messing-glanzend-horizontal-115mm\/","og_locale":"de_DE","og_type":"article","og_title":"Ladegreep Messing glanzend 115mm","og_description":"Ladegreep Messing glanzend horizontaal 115mm is een strakke, moderne ladegreep voor meubellades. De ladegreep heeft een glanzende messing afwerking.","og_url":"https:\/\/partsandpieces.nl\/de\/produkt\/schubladengriff-messing-glanzend-horizontal-115mm\/","og_site_name":"Parts &amp; Pieces","article_modified_time":"2024-12-28T20:13:00+00:00","og_image":[{"width":480,"height":480,"url":"https:\/\/partsandpieces.nl\/wp-content\/uploads\/2020\/07\/Ladegreep-Messing-glanzend-horizontaal-115mm.jpg","type":"image\/jpeg"}],"twitter_card":"summary_large_image","twitter_misc":{"Gesch\u00e4tzte Lesezeit":"1\u00a0Minute"},"schema":{"@context":"https:\/\/schema.org","@graph":[{"@type":"WebPage","@id":"https:\/\/partsandpieces.nl\/en\/product\/ladegreep-messing-glanzend-horizontaal-115mm\/","url":"https:\/\/partsandpieces.nl\/en\/product\/ladegreep-messing-glanzend-horizontaal-115mm\/","name":"Schubladengriff Messing gl\u00e4nzend 115 mm","isPartOf":{"@id":"https:\/\/partsandpieces.nl\/#website"},"primaryImageOfPage":{"@id":"https:\/\/partsandpieces.nl\/en\/product\/ladegreep-messing-glanzend-horizontaal-115mm\/#primaryimage"},"image":{"@id":"https:\/\/partsandpieces.nl\/en\/product\/ladegreep-messing-glanzend-horizontaal-115mm\/#primaryimage"},"thumbnailUrl":"https:\/\/partsandpieces.nl\/wp-content\/uploads\/2020\/07\/Ladegreep-Messing-glanzend-horizontaal-115mm.jpg","datePublished":"2020-07-28T11:18:03+00:00","dateModified":"2024-12-28T20:13:00+00:00","description":"Schubladengriff Messing gl\u00e4nzend horizontal 115 mm ist ein eleganter, moderner Schubladengriff f\u00fcr M\u00f6belschubladen. Der Schubladengriff hat eine gl\u00e4nzende Messingoberfl\u00e4che.","breadcrumb":{"@id":"https:\/\/partsandpieces.nl\/en\/product\/ladegreep-messing-glanzend-horizontaal-115mm\/#breadcrumb"},"inLanguage":"de","potentialAction":[{"@type":"ReadAction","target":["https:\/\/partsandpieces.nl\/en\/product\/ladegreep-messing-glanzend-horizontaal-115mm\/"]}]},{"@type":"ImageObject","inLanguage":"de","@id":"https:\/\/partsandpieces.nl\/en\/product\/ladegreep-messing-glanzend-horizontaal-115mm\/#primaryimage","url":"https:\/\/partsandpieces.nl\/wp-content\/uploads\/2020\/07\/Ladegreep-Messing-glanzend-horizontaal-115mm.jpg","contentUrl":"https:\/\/partsandpieces.nl\/wp-content\/uploads\/2020\/07\/Ladegreep-Messing-glanzend-horizontaal-115mm.jpg","width":480,"height":480,"caption":"Ladegreep Messing glanzend horizontaal 115mm"},{"@type":"BreadcrumbList","@id":"https:\/\/partsandpieces.nl\/en\/product\/ladegreep-messing-glanzend-horizontaal-115mm\/#breadcrumb","itemListElement":[{"@type":"ListItem","position":1,"name":"Home","item":"https:\/\/partsandpieces.nl\/home\/"},{"@type":"ListItem","position":2,"name":"Winkel","item":"https:\/\/partsandpieces.nl\/winkel\/"},{"@type":"ListItem","position":3,"name":"Ladegreep Messing glanzend horizontaal 115mm"}]},{"@type":"WebSite","@id":"https:\/\/partsandpieces.nl\/#website","url":"https:\/\/partsandpieces.nl\/","name":"Teile &amp; St\u00fccke","description":"Alles f\u00fcr Ihre M\u00f6belrestaurierung und -pflege!","potentialAction":[{"@type":"SearchAction","target":{"@type":"EntryPoint","urlTemplate":"https:\/\/partsandpieces.nl\/?s={search_term_string}"},"query-input":{"@type":"PropertyValueSpecification","valueRequired":true,"valueName":"search_term_string"}}],"inLanguage":"de"}]}},"_links":{"self":[{"href":"https:\/\/partsandpieces.nl\/de\/wp-json\/wp\/v2\/product\/1047","targetHints":{"allow":["GET"]}}],"collection":[{"href":"https:\/\/partsandpieces.nl\/de\/wp-json\/wp\/v2\/product"}],"about":[{"href":"https:\/\/partsandpieces.nl\/de\/wp-json\/wp\/v2\/types\/product"}],"wp:featuredmedia":[{"embeddable":true,"href":"https:\/\/partsandpieces.nl\/de\/wp-json\/wp\/v2\/media\/6409"}],"wp:attachment":[{"href":"https:\/\/partsandpieces.nl\/de\/wp-json\/wp\/v2\/media?parent=1047"}],"wp:term":[{"taxonomy":"product_brand","embeddable":true,"href":"https:\/\/partsandpieces.nl\/de\/wp-json\/wp\/v2\/product_brand?post=1047"},{"taxonomy":"product_cat","embeddable":true,"href":"https:\/\/partsandpieces.nl\/de\/wp-json\/wp\/v2\/product_cat?post=1047"},{"taxonomy":"product_tag","embeddable":true,"href":"https:\/\/partsandpieces.nl\/de\/wp-json\/wp\/v2\/product_tag?post=1047"}],"curies":[{"name":"wp","href":"https:\/\/api.w.org\/{rel}","templated":true}]}}