{"id":10567,"date":"2025-01-23T12:07:19","date_gmt":"2025-01-23T11:07:19","guid":{"rendered":"https:\/\/partsandpieces.nl\/?post_type=product&#038;p=10567"},"modified":"2026-04-16T11:02:29","modified_gmt":"2026-04-16T09:02:29","slug":"griffe-aus-messing-antik-klassische-serie-619-128-mm-10-stuck","status":"publish","type":"product","link":"https:\/\/partsandpieces.nl\/de\/product\/greep-messing-antiek-klassiek-serie-619-128mm-10-stuks\/","title":{"rendered":"Antike klassische Messinggriffe Serie 619 128 mm (10 St\u00fcck)"},"content":{"rendered":"<p><strong>Griff aus antikem Messing, Serie Classic 619, 128 mm<\/strong> ist ein wundersch\u00f6ner, klassischer Griff aus der Decor Line Serie 619 von Giusti. Der Griff besteht aus einer Zinklegierung und hat ein antikes Messing-Finish.<\/p>\n<p>Dieser hochwertige Griff wird in Italien hergestellt.<\/p>\n<p><strong>Ma\u00dfe<br \/>\n<\/strong>Der antike Messinggriff der Serie 169 (128 mm) ist 144 mm breit und 16 mm hoch. Nach der Montage steht er 32 mm hervor. Der Abstand der Bohrl\u00f6cher betr\u00e4gt 128 mm.<\/p>\n<p><strong>Lieferung<\/strong><br \/>\nDiese Griffe werden Ihnen direkt vom Hersteller geliefert. Die Lieferung dauert in der Regel 3 bis 4 Werktage.<br \/>\nBen\u00f6tigen Sie weitere Teile? Kontaktieren Sie mich f\u00fcr ein individuelles Angebot.<\/p>","protected":false},"excerpt":{"rendered":"<p>Greep Messing antiek Klassiek serie 619 128mm is een mooie, klassieke greep uit de Decor lijn serie 619 van Giusti. De greep is gemaakt van een zink legering en heeft een antieke messing finish. Deze kwalitatief uitstekende greep is gemaakt in Itali\u00eb. Afmetingen Greep Messing antiek Klassiek serie 169 128mm is 144mm breed en 16mm [&hellip;]<\/p>\n","protected":false},"featured_media":10569,"template":"","meta":{"_acf_changed":false},"product_brand":[],"product_cat":[25,29,41,23],"product_tag":[],"class_list":{"0":"post-10567","1":"product","2":"type-product","3":"status-publish","4":"has-post-thumbnail","6":"product_cat-aluminium-en-rvs","7":"product_cat-deurtrekkers","8":"product_cat-ladetrekkers","9":"product_cat-meubelbeslag","11":"first","12":"instock","13":"taxable","14":"shipping-taxable","15":"purchasable","16":"product-type-simple"},"acf":[],"yoast_head":"<!-- This site is optimized with the Yoast SEO plugin v27.4 - https:\/\/yoast.com\/product\/yoast-seo-wordpress\/ -->\n<title>Greep Messing antiek Klassiek 128mm<\/title>\n<meta name=\"description\" content=\"Greep Messing antiek Klassiek serie 691 128mm is een mooie, klassieke greep gemaakt van een zink legering en met een antieke messing finish.\" \/>\n<meta name=\"robots\" content=\"index, follow, max-snippet:-1, max-image-preview:large, max-video-preview:-1\" \/>\n<link rel=\"canonical\" href=\"https:\/\/partsandpieces.nl\/de\/produkt\/griffe-aus-messing-antik-klassische-serie-619-128-mm-10-stuck\/\" \/>\n<meta property=\"og:locale\" content=\"de_DE\" \/>\n<meta property=\"og:type\" content=\"article\" \/>\n<meta property=\"og:title\" content=\"Greep Messing antiek Klassiek 128mm\" \/>\n<meta property=\"og:description\" content=\"Greep Messing antiek Klassiek serie 691 128mm is een mooie, klassieke greep gemaakt van een zink legering en met een antieke messing finish.\" \/>\n<meta property=\"og:url\" content=\"https:\/\/partsandpieces.nl\/de\/produkt\/griffe-aus-messing-antik-klassische-serie-619-128-mm-10-stuck\/\" \/>\n<meta property=\"og:site_name\" content=\"Parts &amp; Pieces\" \/>\n<meta property=\"article:modified_time\" content=\"2026-04-16T09:02:29+00:00\" \/>\n<meta property=\"og:image\" content=\"https:\/\/partsandpieces.nl\/wp-content\/uploads\/2025\/01\/Greep-Messing-antiek-Decor-serie-619-128mm.jpg\" \/>\n\t<meta property=\"og:image:width\" content=\"1121\" \/>\n\t<meta property=\"og:image:height\" content=\"1124\" \/>\n\t<meta property=\"og:image:type\" content=\"image\/jpeg\" \/>\n<meta name=\"twitter:card\" content=\"summary_large_image\" \/>\n<meta name=\"twitter:label1\" content=\"Gesch\u00e4tzte Lesezeit\" \/>\n\t<meta name=\"twitter:data1\" content=\"1\u00a0Minute\" \/>\n<script type=\"application\/ld+json\" class=\"yoast-schema-graph\">{\"@context\":\"https:\\\/\\\/schema.org\",\"@graph\":[{\"@type\":\"WebPage\",\"@id\":\"https:\\\/\\\/partsandpieces.nl\\\/product\\\/greep-messing-antiek-klassiek-serie-619-128mm-10-stuks\\\/\",\"url\":\"https:\\\/\\\/partsandpieces.nl\\\/product\\\/greep-messing-antiek-klassiek-serie-619-128mm-10-stuks\\\/\",\"name\":\"Greep Messing antiek Klassiek 128mm\",\"isPartOf\":{\"@id\":\"https:\\\/\\\/partsandpieces.nl\\\/#website\"},\"primaryImageOfPage\":{\"@id\":\"https:\\\/\\\/partsandpieces.nl\\\/product\\\/greep-messing-antiek-klassiek-serie-619-128mm-10-stuks\\\/#primaryimage\"},\"image\":{\"@id\":\"https:\\\/\\\/partsandpieces.nl\\\/product\\\/greep-messing-antiek-klassiek-serie-619-128mm-10-stuks\\\/#primaryimage\"},\"thumbnailUrl\":\"https:\\\/\\\/partsandpieces.nl\\\/wp-content\\\/uploads\\\/2025\\\/01\\\/Greep-Messing-antiek-Decor-serie-619-128mm.jpg\",\"datePublished\":\"2025-01-23T11:07:19+00:00\",\"dateModified\":\"2026-04-16T09:02:29+00:00\",\"description\":\"Greep Messing antiek Klassiek serie 691 128mm is een mooie, klassieke greep gemaakt van een zink legering en met een antieke messing finish.\",\"breadcrumb\":{\"@id\":\"https:\\\/\\\/partsandpieces.nl\\\/product\\\/greep-messing-antiek-klassiek-serie-619-128mm-10-stuks\\\/#breadcrumb\"},\"inLanguage\":\"de\",\"potentialAction\":[{\"@type\":\"ReadAction\",\"target\":[\"https:\\\/\\\/partsandpieces.nl\\\/product\\\/greep-messing-antiek-klassiek-serie-619-128mm-10-stuks\\\/\"]}]},{\"@type\":\"ImageObject\",\"inLanguage\":\"de\",\"@id\":\"https:\\\/\\\/partsandpieces.nl\\\/product\\\/greep-messing-antiek-klassiek-serie-619-128mm-10-stuks\\\/#primaryimage\",\"url\":\"https:\\\/\\\/partsandpieces.nl\\\/wp-content\\\/uploads\\\/2025\\\/01\\\/Greep-Messing-antiek-Decor-serie-619-128mm.jpg\",\"contentUrl\":\"https:\\\/\\\/partsandpieces.nl\\\/wp-content\\\/uploads\\\/2025\\\/01\\\/Greep-Messing-antiek-Decor-serie-619-128mm.jpg\",\"width\":1121,\"height\":1124,\"caption\":\"Greep Messing antiek Decor serie 619 128mm\"},{\"@type\":\"BreadcrumbList\",\"@id\":\"https:\\\/\\\/partsandpieces.nl\\\/product\\\/greep-messing-antiek-klassiek-serie-619-128mm-10-stuks\\\/#breadcrumb\",\"itemListElement\":[{\"@type\":\"ListItem\",\"position\":1,\"name\":\"Home\",\"item\":\"https:\\\/\\\/partsandpieces.nl\\\/home\\\/\"},{\"@type\":\"ListItem\",\"position\":2,\"name\":\"Winkel\",\"item\":\"https:\\\/\\\/partsandpieces.nl\\\/winkel\\\/\"},{\"@type\":\"ListItem\",\"position\":3,\"name\":\"Greep Messing antiek Klassiek serie 619 128mm (10 stuks)\"}]},{\"@type\":\"WebSite\",\"@id\":\"https:\\\/\\\/partsandpieces.nl\\\/#website\",\"url\":\"https:\\\/\\\/partsandpieces.nl\\\/\",\"name\":\"Parts &amp; Pieces\",\"description\":\"Alles voor uw meubelrestauratie en -onderhoud!\",\"potentialAction\":[{\"@type\":\"SearchAction\",\"target\":{\"@type\":\"EntryPoint\",\"urlTemplate\":\"https:\\\/\\\/partsandpieces.nl\\\/?s={search_term_string}\"},\"query-input\":{\"@type\":\"PropertyValueSpecification\",\"valueRequired\":true,\"valueName\":\"search_term_string\"}}],\"inLanguage\":\"de\"}]}<\/script>\n<!-- \/ Yoast SEO plugin. -->","yoast_head_json":{"title":"Griff aus antikem, klassischem Messing, 128 mm","description":"Der Griff \u201eAntique Classic Brass Handle Series 691 128mm\u201c ist ein wundersch\u00f6ner, klassischer Griff aus einer Zinklegierung mit Antikmessing-Finish.","robots":{"index":"index","follow":"follow","max-snippet":"max-snippet:-1","max-image-preview":"max-image-preview:large","max-video-preview":"max-video-preview:-1"},"canonical":"https:\/\/partsandpieces.nl\/de\/produkt\/griffe-aus-messing-antik-klassische-serie-619-128-mm-10-stuck\/","og_locale":"de_DE","og_type":"article","og_title":"Greep Messing antiek Klassiek 128mm","og_description":"Greep Messing antiek Klassiek serie 691 128mm is een mooie, klassieke greep gemaakt van een zink legering en met een antieke messing finish.","og_url":"https:\/\/partsandpieces.nl\/de\/produkt\/griffe-aus-messing-antik-klassische-serie-619-128-mm-10-stuck\/","og_site_name":"Parts &amp; Pieces","article_modified_time":"2026-04-16T09:02:29+00:00","og_image":[{"width":1121,"height":1124,"url":"https:\/\/partsandpieces.nl\/wp-content\/uploads\/2025\/01\/Greep-Messing-antiek-Decor-serie-619-128mm.jpg","type":"image\/jpeg"}],"twitter_card":"summary_large_image","twitter_misc":{"Gesch\u00e4tzte Lesezeit":"1\u00a0Minute"},"schema":{"@context":"https:\/\/schema.org","@graph":[{"@type":"WebPage","@id":"https:\/\/partsandpieces.nl\/product\/greep-messing-antiek-klassiek-serie-619-128mm-10-stuks\/","url":"https:\/\/partsandpieces.nl\/product\/greep-messing-antiek-klassiek-serie-619-128mm-10-stuks\/","name":"Griff aus antikem, klassischem Messing, 128 mm","isPartOf":{"@id":"https:\/\/partsandpieces.nl\/#website"},"primaryImageOfPage":{"@id":"https:\/\/partsandpieces.nl\/product\/greep-messing-antiek-klassiek-serie-619-128mm-10-stuks\/#primaryimage"},"image":{"@id":"https:\/\/partsandpieces.nl\/product\/greep-messing-antiek-klassiek-serie-619-128mm-10-stuks\/#primaryimage"},"thumbnailUrl":"https:\/\/partsandpieces.nl\/wp-content\/uploads\/2025\/01\/Greep-Messing-antiek-Decor-serie-619-128mm.jpg","datePublished":"2025-01-23T11:07:19+00:00","dateModified":"2026-04-16T09:02:29+00:00","description":"Der Griff \u201eAntique Classic Brass Handle Series 691 128mm\u201c ist ein wundersch\u00f6ner, klassischer Griff aus einer Zinklegierung mit Antikmessing-Finish.","breadcrumb":{"@id":"https:\/\/partsandpieces.nl\/product\/greep-messing-antiek-klassiek-serie-619-128mm-10-stuks\/#breadcrumb"},"inLanguage":"de","potentialAction":[{"@type":"ReadAction","target":["https:\/\/partsandpieces.nl\/product\/greep-messing-antiek-klassiek-serie-619-128mm-10-stuks\/"]}]},{"@type":"ImageObject","inLanguage":"de","@id":"https:\/\/partsandpieces.nl\/product\/greep-messing-antiek-klassiek-serie-619-128mm-10-stuks\/#primaryimage","url":"https:\/\/partsandpieces.nl\/wp-content\/uploads\/2025\/01\/Greep-Messing-antiek-Decor-serie-619-128mm.jpg","contentUrl":"https:\/\/partsandpieces.nl\/wp-content\/uploads\/2025\/01\/Greep-Messing-antiek-Decor-serie-619-128mm.jpg","width":1121,"height":1124,"caption":"Greep Messing antiek Decor serie 619 128mm"},{"@type":"BreadcrumbList","@id":"https:\/\/partsandpieces.nl\/product\/greep-messing-antiek-klassiek-serie-619-128mm-10-stuks\/#breadcrumb","itemListElement":[{"@type":"ListItem","position":1,"name":"Home","item":"https:\/\/partsandpieces.nl\/home\/"},{"@type":"ListItem","position":2,"name":"Winkel","item":"https:\/\/partsandpieces.nl\/winkel\/"},{"@type":"ListItem","position":3,"name":"Greep Messing antiek Klassiek serie 619 128mm (10 stuks)"}]},{"@type":"WebSite","@id":"https:\/\/partsandpieces.nl\/#website","url":"https:\/\/partsandpieces.nl\/","name":"Teile &amp; St\u00fccke","description":"Alles f\u00fcr Ihre M\u00f6belrestaurierung und -pflege!","potentialAction":[{"@type":"SearchAction","target":{"@type":"EntryPoint","urlTemplate":"https:\/\/partsandpieces.nl\/?s={search_term_string}"},"query-input":{"@type":"PropertyValueSpecification","valueRequired":true,"valueName":"search_term_string"}}],"inLanguage":"de"}]}},"_links":{"self":[{"href":"https:\/\/partsandpieces.nl\/de\/wp-json\/wp\/v2\/product\/10567","targetHints":{"allow":["GET"]}}],"collection":[{"href":"https:\/\/partsandpieces.nl\/de\/wp-json\/wp\/v2\/product"}],"about":[{"href":"https:\/\/partsandpieces.nl\/de\/wp-json\/wp\/v2\/types\/product"}],"wp:featuredmedia":[{"embeddable":true,"href":"https:\/\/partsandpieces.nl\/de\/wp-json\/wp\/v2\/media\/10569"}],"wp:attachment":[{"href":"https:\/\/partsandpieces.nl\/de\/wp-json\/wp\/v2\/media?parent=10567"}],"wp:term":[{"taxonomy":"product_brand","embeddable":true,"href":"https:\/\/partsandpieces.nl\/de\/wp-json\/wp\/v2\/product_brand?post=10567"},{"taxonomy":"product_cat","embeddable":true,"href":"https:\/\/partsandpieces.nl\/de\/wp-json\/wp\/v2\/product_cat?post=10567"},{"taxonomy":"product_tag","embeddable":true,"href":"https:\/\/partsandpieces.nl\/de\/wp-json\/wp\/v2\/product_tag?post=10567"}],"curies":[{"name":"wp","href":"https:\/\/api.w.org\/{rel}","templated":true}]}}