{"id":106,"date":"2020-05-22T15:02:50","date_gmt":"2020-05-22T15:02:50","guid":{"rendered":"https:\/\/partsandpieces.bonsaidev.nl\/?product=bout-messing-170-mm"},"modified":"2025-12-09T16:01:24","modified_gmt":"2025-12-09T15:01:24","slug":"bolzen-messing-175mm","status":"publish","type":"product","link":"https:\/\/partsandpieces.nl\/de\/product\/bout-messing-175mm\/","title":{"rendered":"Bolzen Messing 175mm"},"content":{"rendered":"<p><strong>Bolzen Messing 175mm<\/strong> ist ein Bolzen mit einem sch\u00f6nen dekorativen Knopf am Ende. Der Bolzen ist insgesamt 175mm lang. Der Dekoknopf hat einen Durchmesser von 19mm und ist inklusive Sockel 25mm hoch. Das Gewinde ist 65mm lang und der Bolzen hat einen Durchmesser von 7\/8mm. Nach der Montage steht der Bolzen 110mm hervor.<\/p>\n<p><strong>Bearbeiten<\/strong><br \/>\nIch schicke die passende Vierkantmutter (18x18mm) mit. <strong>FREI<\/strong> mit Ihrer Bestellung.<\/p>","protected":false},"excerpt":{"rendered":"<p>Bout Messing 175mm is een bout met een mooie sierknop aan het einde. De bout is in zijn totaliteit 175mm lang. De sierknop heeft een diameter van 19mm en is inclusief de voet 25mm hoog. De schroefdraad is 65mm lang en de bout heeft een diameter van 7\/8mm. Na montage steekt de bout 110mm uit. [&hellip;]<\/p>\n","protected":false},"featured_media":8001,"template":"","meta":{"_acf_changed":false},"product_brand":[],"product_cat":[35,23],"product_tag":[],"class_list":{"0":"post-106","1":"product","2":"type-product","3":"status-publish","4":"has-post-thumbnail","6":"product_cat-kastverbinders","7":"product_cat-meubelbeslag","9":"first","10":"instock","11":"taxable","12":"shipping-taxable","13":"purchasable","14":"product-type-simple"},"acf":[],"yoast_head":"<!-- This site is optimized with the Yoast SEO plugin v27.3 - https:\/\/yoast.com\/product\/yoast-seo-wordpress\/ -->\n<title>Bout Messing 175mm<\/title>\n<meta name=\"description\" content=\"Bout Messing 175mm is een bout met een mooie sierknop aan het einde. De bout is in zijn totaliteit 175mm lang. De sierknop heeft een diameter van 19mm.\" \/>\n<meta name=\"robots\" content=\"index, follow, max-snippet:-1, max-image-preview:large, max-video-preview:-1\" \/>\n<link rel=\"canonical\" href=\"https:\/\/partsandpieces.nl\/de\/produkt\/bolzen-messing-175mm\/\" \/>\n<meta property=\"og:locale\" content=\"de_DE\" \/>\n<meta property=\"og:type\" content=\"article\" \/>\n<meta property=\"og:title\" content=\"Bout Messing 175mm\" \/>\n<meta property=\"og:description\" content=\"Bout Messing 175mm is een bout met een mooie sierknop aan het einde. De bout is in zijn totaliteit 175mm lang. De sierknop heeft een diameter van 19mm.\" \/>\n<meta property=\"og:url\" content=\"https:\/\/partsandpieces.nl\/de\/produkt\/bolzen-messing-175mm\/\" \/>\n<meta property=\"og:site_name\" content=\"Parts &amp; Pieces\" \/>\n<meta property=\"article:modified_time\" content=\"2025-12-09T15:01:24+00:00\" \/>\n<meta property=\"og:image\" content=\"https:\/\/partsandpieces.nl\/wp-content\/uploads\/2020\/05\/Bout-Messing-175mm.jpg\" \/>\n\t<meta property=\"og:image:width\" content=\"451\" \/>\n\t<meta property=\"og:image:height\" content=\"449\" \/>\n\t<meta property=\"og:image:type\" content=\"image\/jpeg\" \/>\n<meta name=\"twitter:card\" content=\"summary_large_image\" \/>\n<meta name=\"twitter:label1\" content=\"Gesch\u00e4tzte Lesezeit\" \/>\n\t<meta name=\"twitter:data1\" content=\"1\u00a0Minute\" \/>\n<script type=\"application\/ld+json\" class=\"yoast-schema-graph\">{\"@context\":\"https:\\\/\\\/schema.org\",\"@graph\":[{\"@type\":\"WebPage\",\"@id\":\"https:\\\/\\\/partsandpieces.nl\\\/product\\\/bout-messing-175mm\\\/\",\"url\":\"https:\\\/\\\/partsandpieces.nl\\\/product\\\/bout-messing-175mm\\\/\",\"name\":\"Bout Messing 175mm\",\"isPartOf\":{\"@id\":\"https:\\\/\\\/partsandpieces.nl\\\/#website\"},\"primaryImageOfPage\":{\"@id\":\"https:\\\/\\\/partsandpieces.nl\\\/product\\\/bout-messing-175mm\\\/#primaryimage\"},\"image\":{\"@id\":\"https:\\\/\\\/partsandpieces.nl\\\/product\\\/bout-messing-175mm\\\/#primaryimage\"},\"thumbnailUrl\":\"https:\\\/\\\/partsandpieces.nl\\\/wp-content\\\/uploads\\\/2020\\\/05\\\/Bout-Messing-175mm.jpg\",\"datePublished\":\"2020-05-22T15:02:50+00:00\",\"dateModified\":\"2025-12-09T15:01:24+00:00\",\"description\":\"Bout Messing 175mm is een bout met een mooie sierknop aan het einde. De bout is in zijn totaliteit 175mm lang. De sierknop heeft een diameter van 19mm.\",\"breadcrumb\":{\"@id\":\"https:\\\/\\\/partsandpieces.nl\\\/product\\\/bout-messing-175mm\\\/#breadcrumb\"},\"inLanguage\":\"de\",\"potentialAction\":[{\"@type\":\"ReadAction\",\"target\":[\"https:\\\/\\\/partsandpieces.nl\\\/product\\\/bout-messing-175mm\\\/\"]}]},{\"@type\":\"ImageObject\",\"inLanguage\":\"de\",\"@id\":\"https:\\\/\\\/partsandpieces.nl\\\/product\\\/bout-messing-175mm\\\/#primaryimage\",\"url\":\"https:\\\/\\\/partsandpieces.nl\\\/wp-content\\\/uploads\\\/2020\\\/05\\\/Bout-Messing-175mm.jpg\",\"contentUrl\":\"https:\\\/\\\/partsandpieces.nl\\\/wp-content\\\/uploads\\\/2020\\\/05\\\/Bout-Messing-175mm.jpg\",\"width\":451,\"height\":449,\"caption\":\"Bout Messing 175mm\"},{\"@type\":\"BreadcrumbList\",\"@id\":\"https:\\\/\\\/partsandpieces.nl\\\/product\\\/bout-messing-175mm\\\/#breadcrumb\",\"itemListElement\":[{\"@type\":\"ListItem\",\"position\":1,\"name\":\"Home\",\"item\":\"https:\\\/\\\/partsandpieces.nl\\\/home\\\/\"},{\"@type\":\"ListItem\",\"position\":2,\"name\":\"Winkel\",\"item\":\"https:\\\/\\\/partsandpieces.nl\\\/winkel\\\/\"},{\"@type\":\"ListItem\",\"position\":3,\"name\":\"Bout Messing 175mm\"}]},{\"@type\":\"WebSite\",\"@id\":\"https:\\\/\\\/partsandpieces.nl\\\/#website\",\"url\":\"https:\\\/\\\/partsandpieces.nl\\\/\",\"name\":\"Parts &amp; Pieces\",\"description\":\"Alles voor uw meubelrestauratie en -onderhoud!\",\"potentialAction\":[{\"@type\":\"SearchAction\",\"target\":{\"@type\":\"EntryPoint\",\"urlTemplate\":\"https:\\\/\\\/partsandpieces.nl\\\/?s={search_term_string}\"},\"query-input\":{\"@type\":\"PropertyValueSpecification\",\"valueRequired\":true,\"valueName\":\"search_term_string\"}}],\"inLanguage\":\"de\"}]}<\/script>\n<!-- \/ Yoast SEO plugin. -->","yoast_head_json":{"title":"Bolzen Messing 175mm","description":"Bolt Brass 175 mm ist ein Bolzen mit einem sch\u00f6nen dekorativen Knopf am Ende. Der Bolzen ist insgesamt 175 mm lang. Der Zierknopf hat einen Durchmesser von 19mm.","robots":{"index":"index","follow":"follow","max-snippet":"max-snippet:-1","max-image-preview":"max-image-preview:large","max-video-preview":"max-video-preview:-1"},"canonical":"https:\/\/partsandpieces.nl\/de\/produkt\/bolzen-messing-175mm\/","og_locale":"de_DE","og_type":"article","og_title":"Bout Messing 175mm","og_description":"Bout Messing 175mm is een bout met een mooie sierknop aan het einde. De bout is in zijn totaliteit 175mm lang. De sierknop heeft een diameter van 19mm.","og_url":"https:\/\/partsandpieces.nl\/de\/produkt\/bolzen-messing-175mm\/","og_site_name":"Parts &amp; Pieces","article_modified_time":"2025-12-09T15:01:24+00:00","og_image":[{"width":451,"height":449,"url":"https:\/\/partsandpieces.nl\/wp-content\/uploads\/2020\/05\/Bout-Messing-175mm.jpg","type":"image\/jpeg"}],"twitter_card":"summary_large_image","twitter_misc":{"Gesch\u00e4tzte Lesezeit":"1\u00a0Minute"},"schema":{"@context":"https:\/\/schema.org","@graph":[{"@type":"WebPage","@id":"https:\/\/partsandpieces.nl\/product\/bout-messing-175mm\/","url":"https:\/\/partsandpieces.nl\/product\/bout-messing-175mm\/","name":"Bolzen Messing 175mm","isPartOf":{"@id":"https:\/\/partsandpieces.nl\/#website"},"primaryImageOfPage":{"@id":"https:\/\/partsandpieces.nl\/product\/bout-messing-175mm\/#primaryimage"},"image":{"@id":"https:\/\/partsandpieces.nl\/product\/bout-messing-175mm\/#primaryimage"},"thumbnailUrl":"https:\/\/partsandpieces.nl\/wp-content\/uploads\/2020\/05\/Bout-Messing-175mm.jpg","datePublished":"2020-05-22T15:02:50+00:00","dateModified":"2025-12-09T15:01:24+00:00","description":"Bolt Brass 175 mm ist ein Bolzen mit einem sch\u00f6nen dekorativen Knopf am Ende. Der Bolzen ist insgesamt 175 mm lang. Der Zierknopf hat einen Durchmesser von 19mm.","breadcrumb":{"@id":"https:\/\/partsandpieces.nl\/product\/bout-messing-175mm\/#breadcrumb"},"inLanguage":"de","potentialAction":[{"@type":"ReadAction","target":["https:\/\/partsandpieces.nl\/product\/bout-messing-175mm\/"]}]},{"@type":"ImageObject","inLanguage":"de","@id":"https:\/\/partsandpieces.nl\/product\/bout-messing-175mm\/#primaryimage","url":"https:\/\/partsandpieces.nl\/wp-content\/uploads\/2020\/05\/Bout-Messing-175mm.jpg","contentUrl":"https:\/\/partsandpieces.nl\/wp-content\/uploads\/2020\/05\/Bout-Messing-175mm.jpg","width":451,"height":449,"caption":"Bout Messing 175mm"},{"@type":"BreadcrumbList","@id":"https:\/\/partsandpieces.nl\/product\/bout-messing-175mm\/#breadcrumb","itemListElement":[{"@type":"ListItem","position":1,"name":"Home","item":"https:\/\/partsandpieces.nl\/home\/"},{"@type":"ListItem","position":2,"name":"Winkel","item":"https:\/\/partsandpieces.nl\/winkel\/"},{"@type":"ListItem","position":3,"name":"Bout Messing 175mm"}]},{"@type":"WebSite","@id":"https:\/\/partsandpieces.nl\/#website","url":"https:\/\/partsandpieces.nl\/","name":"Teile &amp; St\u00fccke","description":"Alles f\u00fcr Ihre M\u00f6belrestaurierung und -pflege!","potentialAction":[{"@type":"SearchAction","target":{"@type":"EntryPoint","urlTemplate":"https:\/\/partsandpieces.nl\/?s={search_term_string}"},"query-input":{"@type":"PropertyValueSpecification","valueRequired":true,"valueName":"search_term_string"}}],"inLanguage":"de"}]}},"_links":{"self":[{"href":"https:\/\/partsandpieces.nl\/de\/wp-json\/wp\/v2\/product\/106","targetHints":{"allow":["GET"]}}],"collection":[{"href":"https:\/\/partsandpieces.nl\/de\/wp-json\/wp\/v2\/product"}],"about":[{"href":"https:\/\/partsandpieces.nl\/de\/wp-json\/wp\/v2\/types\/product"}],"wp:featuredmedia":[{"embeddable":true,"href":"https:\/\/partsandpieces.nl\/de\/wp-json\/wp\/v2\/media\/8001"}],"wp:attachment":[{"href":"https:\/\/partsandpieces.nl\/de\/wp-json\/wp\/v2\/media?parent=106"}],"wp:term":[{"taxonomy":"product_brand","embeddable":true,"href":"https:\/\/partsandpieces.nl\/de\/wp-json\/wp\/v2\/product_brand?post=106"},{"taxonomy":"product_cat","embeddable":true,"href":"https:\/\/partsandpieces.nl\/de\/wp-json\/wp\/v2\/product_cat?post=106"},{"taxonomy":"product_tag","embeddable":true,"href":"https:\/\/partsandpieces.nl\/de\/wp-json\/wp\/v2\/product_tag?post=106"}],"curies":[{"name":"wp","href":"https:\/\/api.w.org\/{rel}","templated":true}]}}