{"id":1066,"date":"2020-07-28T19:06:54","date_gmt":"2020-07-28T19:06:54","guid":{"rendered":"https:\/\/partsandpieces.bonsaidev.nl\/?product=ladetrekker-messing-glans-92x31mm"},"modified":"2025-02-05T18:27:16","modified_gmt":"2025-02-05T17:27:16","slug":"schubladengriff-messing-glanzend-horizontaler-blumenregen-93mm","status":"publish","type":"product","link":"https:\/\/partsandpieces.nl\/de\/product\/ladegreep-messing-glanzend-horizontaal-bloemenregen-93mm\/","title":{"rendered":"Schubladengriff Messing gl\u00e4nzend horizontal &#039;Flower rain&#039; 93mm"},"content":{"rendered":"<p><strong>Schubladengriff Messing gl\u00e4nzend horizontal &#039;Flower rain&#039; 93mm<\/strong> ist ein wundersch\u00f6ner Schubladengriff aus Eisen mit gl\u00e4nzendem Messingfinish. Der Schubladengriff hat eine sch\u00f6ne Verzierung mit einem Blumenregen. Dieser Griff passt gut zu Ihren antiken oder klassischen M\u00f6beln und Schubladen.<\/p>\n<p><strong>Ma\u00dfe<br \/>\n<\/strong>Schubladengriff Messing gl\u00e4nzend horizontal \u201eFlower Rain\u201c 93 mm ist insgesamt 93 mm breit und 32 mm hoch. Der Griff selbst ist 81 mm breit. Nach der Installation steht dieser Griff 14 mm hervor. Die Bohrungen des Griffs haben einen Abstand von 58 mm.<\/p>\n<p><strong>Bearbeiten<br \/>\n<\/strong>Sie k\u00f6nnen den Griff mit blind montieren\u00a0<span style=\"text-decoration: underline;\"><a href=\"https:\/\/partsandpieces.nl\/de\/produkt\/schraube-edelstahl-zur-blindmontage-von-mobelbeschlagen-45x4mm-20-stuck\/\">Edelstahlschraube zur Blindbefestigung von M\u00f6belbeschl\u00e4gen (45x4mm)<\/a><\/span>\u00a0Ich schicke diese Schrauben\u00a0<strong>FREI<\/strong>\u00a0mit Ihrer Bestellung.<\/p>","protected":false},"excerpt":{"rendered":"<p>Ladegreep Messing glanzend horizontaal &#8216;Bloemenregen&#8217; 93mm is een mooie ladegreep gemaakt van ijzer met een glanzende messing afwerking. De ladegreep heeft een mooie versiering met een bloemenregen. Deze greep past goed op je antieke of klassieke meubel en lades. Afmetingen Ladegreep Messing glanzend horizontaal &#8216;Bloemenregen&#8217; 93mm is in zijn geheel 93mm breed en 32mm hoog. [&hellip;]<\/p>\n","protected":false},"featured_media":7795,"template":"","meta":{"_acf_changed":false},"product_brand":[],"product_cat":[41,23],"product_tag":[],"class_list":{"0":"post-1066","1":"product","2":"type-product","3":"status-publish","4":"has-post-thumbnail","6":"product_cat-ladetrekkers","7":"product_cat-meubelbeslag","9":"first","10":"instock","11":"taxable","12":"shipping-taxable","13":"purchasable","14":"product-type-simple"},"acf":[],"yoast_head":"<!-- This site is optimized with the Yoast SEO plugin v27.3 - https:\/\/yoast.com\/product\/yoast-seo-wordpress\/ -->\n<title>Ladegreep Messing horizontaal 93mm glanzend &#039;Bloemenregen&#039;<\/title>\n<meta name=\"description\" content=\"Ladegreep Messing glanzend horizontaal &#039;Bloemenregen&#039; 93mm heeft een mooie versiering met een bloemenregen. Past goed op je antieke meubel en lades.\" \/>\n<meta name=\"robots\" content=\"index, follow, max-snippet:-1, max-image-preview:large, max-video-preview:-1\" \/>\n<link rel=\"canonical\" href=\"https:\/\/partsandpieces.nl\/de\/produkt\/schubladengriff-messing-glanzend-horizontaler-blumenregen-93mm\/\" \/>\n<meta property=\"og:locale\" content=\"de_DE\" \/>\n<meta property=\"og:type\" content=\"article\" \/>\n<meta property=\"og:title\" content=\"Ladegreep Messing horizontaal 93mm glanzend &#039;Bloemenregen&#039;\" \/>\n<meta property=\"og:description\" content=\"Ladegreep Messing glanzend horizontaal &#039;Bloemenregen&#039; 93mm heeft een mooie versiering met een bloemenregen. Past goed op je antieke meubel en lades.\" \/>\n<meta property=\"og:url\" content=\"https:\/\/partsandpieces.nl\/de\/produkt\/schubladengriff-messing-glanzend-horizontaler-blumenregen-93mm\/\" \/>\n<meta property=\"og:site_name\" content=\"Parts &amp; Pieces\" \/>\n<meta property=\"article:modified_time\" content=\"2025-02-05T17:27:16+00:00\" \/>\n<meta property=\"og:image\" content=\"https:\/\/partsandpieces.nl\/wp-content\/uploads\/2020\/07\/Ladegreep-Messing-glanzend-horizontaal-Bloemenregen-93mm.jpg\" \/>\n\t<meta property=\"og:image:width\" content=\"392\" \/>\n\t<meta property=\"og:image:height\" content=\"393\" \/>\n\t<meta property=\"og:image:type\" content=\"image\/jpeg\" \/>\n<meta name=\"twitter:card\" content=\"summary_large_image\" \/>\n<meta name=\"twitter:label1\" content=\"Gesch\u00e4tzte Lesezeit\" \/>\n\t<meta name=\"twitter:data1\" content=\"1\u00a0Minute\" \/>\n<script type=\"application\/ld+json\" class=\"yoast-schema-graph\">{\"@context\":\"https:\\\/\\\/schema.org\",\"@graph\":[{\"@type\":\"WebPage\",\"@id\":\"https:\\\/\\\/partsandpieces.nl\\\/product\\\/ladegreep-messing-glanzend-horizontaal-bloemenregen-93mm\\\/\",\"url\":\"https:\\\/\\\/partsandpieces.nl\\\/product\\\/ladegreep-messing-glanzend-horizontaal-bloemenregen-93mm\\\/\",\"name\":\"Ladegreep Messing horizontaal 93mm glanzend 'Bloemenregen'\",\"isPartOf\":{\"@id\":\"https:\\\/\\\/partsandpieces.nl\\\/#website\"},\"primaryImageOfPage\":{\"@id\":\"https:\\\/\\\/partsandpieces.nl\\\/product\\\/ladegreep-messing-glanzend-horizontaal-bloemenregen-93mm\\\/#primaryimage\"},\"image\":{\"@id\":\"https:\\\/\\\/partsandpieces.nl\\\/product\\\/ladegreep-messing-glanzend-horizontaal-bloemenregen-93mm\\\/#primaryimage\"},\"thumbnailUrl\":\"https:\\\/\\\/partsandpieces.nl\\\/wp-content\\\/uploads\\\/2020\\\/07\\\/Ladegreep-Messing-glanzend-horizontaal-Bloemenregen-93mm.jpg\",\"datePublished\":\"2020-07-28T19:06:54+00:00\",\"dateModified\":\"2025-02-05T17:27:16+00:00\",\"description\":\"Ladegreep Messing glanzend horizontaal 'Bloemenregen' 93mm heeft een mooie versiering met een bloemenregen. Past goed op je antieke meubel en lades.\",\"breadcrumb\":{\"@id\":\"https:\\\/\\\/partsandpieces.nl\\\/product\\\/ladegreep-messing-glanzend-horizontaal-bloemenregen-93mm\\\/#breadcrumb\"},\"inLanguage\":\"de\",\"potentialAction\":[{\"@type\":\"ReadAction\",\"target\":[\"https:\\\/\\\/partsandpieces.nl\\\/product\\\/ladegreep-messing-glanzend-horizontaal-bloemenregen-93mm\\\/\"]}]},{\"@type\":\"ImageObject\",\"inLanguage\":\"de\",\"@id\":\"https:\\\/\\\/partsandpieces.nl\\\/product\\\/ladegreep-messing-glanzend-horizontaal-bloemenregen-93mm\\\/#primaryimage\",\"url\":\"https:\\\/\\\/partsandpieces.nl\\\/wp-content\\\/uploads\\\/2020\\\/07\\\/Ladegreep-Messing-glanzend-horizontaal-Bloemenregen-93mm.jpg\",\"contentUrl\":\"https:\\\/\\\/partsandpieces.nl\\\/wp-content\\\/uploads\\\/2020\\\/07\\\/Ladegreep-Messing-glanzend-horizontaal-Bloemenregen-93mm.jpg\",\"width\":392,\"height\":393,\"caption\":\"Ladegreep Messing glanzend horizontaal 'Bloemenregen' 93mm\"},{\"@type\":\"BreadcrumbList\",\"@id\":\"https:\\\/\\\/partsandpieces.nl\\\/product\\\/ladegreep-messing-glanzend-horizontaal-bloemenregen-93mm\\\/#breadcrumb\",\"itemListElement\":[{\"@type\":\"ListItem\",\"position\":1,\"name\":\"Home\",\"item\":\"https:\\\/\\\/partsandpieces.nl\\\/home\\\/\"},{\"@type\":\"ListItem\",\"position\":2,\"name\":\"Winkel\",\"item\":\"https:\\\/\\\/partsandpieces.nl\\\/winkel\\\/\"},{\"@type\":\"ListItem\",\"position\":3,\"name\":\"Ladegreep Messing glanzend horizontaal &#8216;Bloemenregen&#8217; 93mm\"}]},{\"@type\":\"WebSite\",\"@id\":\"https:\\\/\\\/partsandpieces.nl\\\/#website\",\"url\":\"https:\\\/\\\/partsandpieces.nl\\\/\",\"name\":\"Parts &amp; Pieces\",\"description\":\"Alles voor uw meubelrestauratie en -onderhoud!\",\"potentialAction\":[{\"@type\":\"SearchAction\",\"target\":{\"@type\":\"EntryPoint\",\"urlTemplate\":\"https:\\\/\\\/partsandpieces.nl\\\/?s={search_term_string}\"},\"query-input\":{\"@type\":\"PropertyValueSpecification\",\"valueRequired\":true,\"valueName\":\"search_term_string\"}}],\"inLanguage\":\"de\"}]}<\/script>\n<!-- \/ Yoast SEO plugin. -->","yoast_head_json":{"title":"Schubladengriff Messing horizontal 93mm gl\u00e4nzend &#039;Blumenregen&#039;","description":"Schubladengriff Messing gl\u00e4nzend horizontal &#039;Flower Rain&#039; 93mm hat eine sch\u00f6ne Dekoration mit einem Blumenregen. Passt gut auf Ihre antiken M\u00f6bel und Schubladen.","robots":{"index":"index","follow":"follow","max-snippet":"max-snippet:-1","max-image-preview":"max-image-preview:large","max-video-preview":"max-video-preview:-1"},"canonical":"https:\/\/partsandpieces.nl\/de\/produkt\/schubladengriff-messing-glanzend-horizontaler-blumenregen-93mm\/","og_locale":"de_DE","og_type":"article","og_title":"Ladegreep Messing horizontaal 93mm glanzend 'Bloemenregen'","og_description":"Ladegreep Messing glanzend horizontaal 'Bloemenregen' 93mm heeft een mooie versiering met een bloemenregen. Past goed op je antieke meubel en lades.","og_url":"https:\/\/partsandpieces.nl\/de\/produkt\/schubladengriff-messing-glanzend-horizontaler-blumenregen-93mm\/","og_site_name":"Parts &amp; Pieces","article_modified_time":"2025-02-05T17:27:16+00:00","og_image":[{"width":392,"height":393,"url":"https:\/\/partsandpieces.nl\/wp-content\/uploads\/2020\/07\/Ladegreep-Messing-glanzend-horizontaal-Bloemenregen-93mm.jpg","type":"image\/jpeg"}],"twitter_card":"summary_large_image","twitter_misc":{"Gesch\u00e4tzte Lesezeit":"1\u00a0Minute"},"schema":{"@context":"https:\/\/schema.org","@graph":[{"@type":"WebPage","@id":"https:\/\/partsandpieces.nl\/product\/ladegreep-messing-glanzend-horizontaal-bloemenregen-93mm\/","url":"https:\/\/partsandpieces.nl\/product\/ladegreep-messing-glanzend-horizontaal-bloemenregen-93mm\/","name":"Schubladengriff Messing horizontal 93mm gl\u00e4nzend &#039;Blumenregen&#039;","isPartOf":{"@id":"https:\/\/partsandpieces.nl\/#website"},"primaryImageOfPage":{"@id":"https:\/\/partsandpieces.nl\/product\/ladegreep-messing-glanzend-horizontaal-bloemenregen-93mm\/#primaryimage"},"image":{"@id":"https:\/\/partsandpieces.nl\/product\/ladegreep-messing-glanzend-horizontaal-bloemenregen-93mm\/#primaryimage"},"thumbnailUrl":"https:\/\/partsandpieces.nl\/wp-content\/uploads\/2020\/07\/Ladegreep-Messing-glanzend-horizontaal-Bloemenregen-93mm.jpg","datePublished":"2020-07-28T19:06:54+00:00","dateModified":"2025-02-05T17:27:16+00:00","description":"Schubladengriff Messing gl\u00e4nzend horizontal &#039;Flower Rain&#039; 93mm hat eine sch\u00f6ne Dekoration mit einem Blumenregen. Passt gut auf Ihre antiken M\u00f6bel und Schubladen.","breadcrumb":{"@id":"https:\/\/partsandpieces.nl\/product\/ladegreep-messing-glanzend-horizontaal-bloemenregen-93mm\/#breadcrumb"},"inLanguage":"de","potentialAction":[{"@type":"ReadAction","target":["https:\/\/partsandpieces.nl\/product\/ladegreep-messing-glanzend-horizontaal-bloemenregen-93mm\/"]}]},{"@type":"ImageObject","inLanguage":"de","@id":"https:\/\/partsandpieces.nl\/product\/ladegreep-messing-glanzend-horizontaal-bloemenregen-93mm\/#primaryimage","url":"https:\/\/partsandpieces.nl\/wp-content\/uploads\/2020\/07\/Ladegreep-Messing-glanzend-horizontaal-Bloemenregen-93mm.jpg","contentUrl":"https:\/\/partsandpieces.nl\/wp-content\/uploads\/2020\/07\/Ladegreep-Messing-glanzend-horizontaal-Bloemenregen-93mm.jpg","width":392,"height":393,"caption":"Ladegreep Messing glanzend horizontaal 'Bloemenregen' 93mm"},{"@type":"BreadcrumbList","@id":"https:\/\/partsandpieces.nl\/product\/ladegreep-messing-glanzend-horizontaal-bloemenregen-93mm\/#breadcrumb","itemListElement":[{"@type":"ListItem","position":1,"name":"Home","item":"https:\/\/partsandpieces.nl\/home\/"},{"@type":"ListItem","position":2,"name":"Winkel","item":"https:\/\/partsandpieces.nl\/winkel\/"},{"@type":"ListItem","position":3,"name":"Ladegreep Messing glanzend horizontaal &#8216;Bloemenregen&#8217; 93mm"}]},{"@type":"WebSite","@id":"https:\/\/partsandpieces.nl\/#website","url":"https:\/\/partsandpieces.nl\/","name":"Teile &amp; St\u00fccke","description":"Alles f\u00fcr Ihre M\u00f6belrestaurierung und -pflege!","potentialAction":[{"@type":"SearchAction","target":{"@type":"EntryPoint","urlTemplate":"https:\/\/partsandpieces.nl\/?s={search_term_string}"},"query-input":{"@type":"PropertyValueSpecification","valueRequired":true,"valueName":"search_term_string"}}],"inLanguage":"de"}]}},"_links":{"self":[{"href":"https:\/\/partsandpieces.nl\/de\/wp-json\/wp\/v2\/product\/1066","targetHints":{"allow":["GET"]}}],"collection":[{"href":"https:\/\/partsandpieces.nl\/de\/wp-json\/wp\/v2\/product"}],"about":[{"href":"https:\/\/partsandpieces.nl\/de\/wp-json\/wp\/v2\/types\/product"}],"wp:featuredmedia":[{"embeddable":true,"href":"https:\/\/partsandpieces.nl\/de\/wp-json\/wp\/v2\/media\/7795"}],"wp:attachment":[{"href":"https:\/\/partsandpieces.nl\/de\/wp-json\/wp\/v2\/media?parent=1066"}],"wp:term":[{"taxonomy":"product_brand","embeddable":true,"href":"https:\/\/partsandpieces.nl\/de\/wp-json\/wp\/v2\/product_brand?post=1066"},{"taxonomy":"product_cat","embeddable":true,"href":"https:\/\/partsandpieces.nl\/de\/wp-json\/wp\/v2\/product_cat?post=1066"},{"taxonomy":"product_tag","embeddable":true,"href":"https:\/\/partsandpieces.nl\/de\/wp-json\/wp\/v2\/product_tag?post=1066"}],"curies":[{"name":"wp","href":"https:\/\/api.w.org\/{rel}","templated":true}]}}