{"id":1070,"date":"2020-07-28T19:10:28","date_gmt":"2020-07-28T19:10:28","guid":{"rendered":"https:\/\/partsandpieces.bonsaidev.nl\/?product=ladetrekker-messing-rond-67x58"},"modified":"2025-05-31T14:07:28","modified_gmt":"2025-05-31T12:07:28","slug":"ringgriff-messing-antik-ovale-romische-schale-68x58mm","status":"publish","type":"product","link":"https:\/\/partsandpieces.nl\/de\/product\/ringgreep-messing-antiek-ovaal-romeinse-schaal-68x58mm\/","title":{"rendered":"Ringgriff Messing antik oval r\u00f6mische Skala 68x58mm"},"content":{"rendered":"<p><strong>Ringgriff Messing antik oval r\u00f6mische Skala 68x58mm<\/strong> ist ein gro\u00dfer Ringgriff in Form einer ovalen R\u00fcckplatte mit Ring. In der Mitte ist die R\u00fcckplatte mit einer r\u00f6mischen Skala verziert. Der Griff besteht aus Messing. Dieser Griff passt gut zu Ihrem antiken oder klassischen M\u00f6belst\u00fcck.<\/p>\n<p>Dieser hochwertige Ringgriff wird in Italien hergestellt.<\/p>\n<p><strong>Ma\u00dfe<br \/>\n<\/strong>Ringgriff Messing antik oval r\u00f6mische Skala 68x58mm hat eine Breite von 68mm und eine H\u00f6he von 58mm. Nach der Montage steht dieser Ringgriff 10mm \u00fcber.<\/p>\n<p><strong>Bearbeiten<br \/>\n<\/strong>Sie k\u00f6nnen den Ringgriff mit blind montieren\u00a0<span style=\"text-decoration: underline;\"><a href=\"https:\/\/partsandpieces.nl\/de\/produkt\/schraube-edelstahl-zur-blindmontage-von-mobelbeschlagen-45x4mm-20-stuck\/\">Edelstahlschraube zur Blindbefestigung von M\u00f6belbeschl\u00e4gen (45x4mm)<\/a><\/span>. Ich schicke diese Schraube\u00a0<strong>FREI<\/strong>\u00a0mit Ihrer Bestellung.<\/p>","protected":false},"excerpt":{"rendered":"<p>Ringgreep Messing antiek ovaal Romeinse Schaal 68x58mm is een grote ringgreep in de vorm van een ovale achterplaat met ring. In het midden is het achterplaatje versierd met een Romeinse schaal. De greep is gemaakt van messing. Deze greep past goed op je antieke of klassieke meubelstuk. Deze kwalitatief uitstekende ringgreep is gemaakt in Itali\u00eb. [&hellip;]<\/p>\n","protected":false},"featured_media":6400,"template":"","meta":{"_acf_changed":false},"product_brand":[],"product_cat":[41,23,44],"product_tag":[],"class_list":{"0":"post-1070","1":"product","2":"type-product","3":"status-publish","4":"has-post-thumbnail","6":"product_cat-ladetrekkers","7":"product_cat-meubelbeslag","8":"product_cat-ringbeslag","10":"first","11":"instock","12":"taxable","13":"shipping-taxable","14":"purchasable","15":"product-type-simple"},"acf":[],"yoast_head":"<!-- This site is optimized with the Yoast SEO plugin v27.3 - https:\/\/yoast.com\/product\/yoast-seo-wordpress\/ -->\n<title>Ringgreep Messing ovaal 68x58mm<\/title>\n<meta name=\"description\" content=\"Ringgreep Messing antiek ovaal Romeinse Schaal 68x58mm is versierd met een Romeinse schaal. De greep is gemaakt van messing.\" \/>\n<meta name=\"robots\" content=\"index, follow, max-snippet:-1, max-image-preview:large, max-video-preview:-1\" \/>\n<link rel=\"canonical\" href=\"https:\/\/partsandpieces.nl\/de\/produkt\/ringgriff-messing-antik-ovale-romische-schale-68x58mm\/\" \/>\n<meta property=\"og:locale\" content=\"de_DE\" \/>\n<meta property=\"og:type\" content=\"article\" \/>\n<meta property=\"og:title\" content=\"Ringgreep Messing ovaal 68x58mm\" \/>\n<meta property=\"og:description\" content=\"Ringgreep Messing antiek ovaal Romeinse Schaal 68x58mm is versierd met een Romeinse schaal. De greep is gemaakt van messing.\" \/>\n<meta property=\"og:url\" content=\"https:\/\/partsandpieces.nl\/de\/produkt\/ringgriff-messing-antik-ovale-romische-schale-68x58mm\/\" \/>\n<meta property=\"og:site_name\" content=\"Parts &amp; Pieces\" \/>\n<meta property=\"article:modified_time\" content=\"2025-05-31T12:07:28+00:00\" \/>\n<meta property=\"og:image\" content=\"https:\/\/partsandpieces.nl\/wp-content\/uploads\/2020\/07\/Ringgreep-Messing-antiek-ovaal-Romeinse-Schaal-68x58mm.jpg\" \/>\n\t<meta property=\"og:image:width\" content=\"480\" \/>\n\t<meta property=\"og:image:height\" content=\"476\" \/>\n\t<meta property=\"og:image:type\" content=\"image\/jpeg\" \/>\n<meta name=\"twitter:card\" content=\"summary_large_image\" \/>\n<meta name=\"twitter:label1\" content=\"Gesch\u00e4tzte Lesezeit\" \/>\n\t<meta name=\"twitter:data1\" content=\"1\u00a0Minute\" \/>\n<script type=\"application\/ld+json\" class=\"yoast-schema-graph\">{\"@context\":\"https:\\\/\\\/schema.org\",\"@graph\":[{\"@type\":\"WebPage\",\"@id\":\"https:\\\/\\\/partsandpieces.nl\\\/en\\\/product\\\/ringgreep-messing-antiek-ovaal-romeinse-schaal-68x58mm\\\/\",\"url\":\"https:\\\/\\\/partsandpieces.nl\\\/en\\\/product\\\/ringgreep-messing-antiek-ovaal-romeinse-schaal-68x58mm\\\/\",\"name\":\"Ringgreep Messing ovaal 68x58mm\",\"isPartOf\":{\"@id\":\"https:\\\/\\\/partsandpieces.nl\\\/#website\"},\"primaryImageOfPage\":{\"@id\":\"https:\\\/\\\/partsandpieces.nl\\\/en\\\/product\\\/ringgreep-messing-antiek-ovaal-romeinse-schaal-68x58mm\\\/#primaryimage\"},\"image\":{\"@id\":\"https:\\\/\\\/partsandpieces.nl\\\/en\\\/product\\\/ringgreep-messing-antiek-ovaal-romeinse-schaal-68x58mm\\\/#primaryimage\"},\"thumbnailUrl\":\"https:\\\/\\\/partsandpieces.nl\\\/wp-content\\\/uploads\\\/2020\\\/07\\\/Ringgreep-Messing-antiek-ovaal-Romeinse-Schaal-68x58mm.jpg\",\"datePublished\":\"2020-07-28T19:10:28+00:00\",\"dateModified\":\"2025-05-31T12:07:28+00:00\",\"description\":\"Ringgreep Messing antiek ovaal Romeinse Schaal 68x58mm is versierd met een Romeinse schaal. De greep is gemaakt van messing.\",\"breadcrumb\":{\"@id\":\"https:\\\/\\\/partsandpieces.nl\\\/en\\\/product\\\/ringgreep-messing-antiek-ovaal-romeinse-schaal-68x58mm\\\/#breadcrumb\"},\"inLanguage\":\"de\",\"potentialAction\":[{\"@type\":\"ReadAction\",\"target\":[\"https:\\\/\\\/partsandpieces.nl\\\/en\\\/product\\\/ringgreep-messing-antiek-ovaal-romeinse-schaal-68x58mm\\\/\"]}]},{\"@type\":\"ImageObject\",\"inLanguage\":\"de\",\"@id\":\"https:\\\/\\\/partsandpieces.nl\\\/en\\\/product\\\/ringgreep-messing-antiek-ovaal-romeinse-schaal-68x58mm\\\/#primaryimage\",\"url\":\"https:\\\/\\\/partsandpieces.nl\\\/wp-content\\\/uploads\\\/2020\\\/07\\\/Ringgreep-Messing-antiek-ovaal-Romeinse-Schaal-68x58mm.jpg\",\"contentUrl\":\"https:\\\/\\\/partsandpieces.nl\\\/wp-content\\\/uploads\\\/2020\\\/07\\\/Ringgreep-Messing-antiek-ovaal-Romeinse-Schaal-68x58mm.jpg\",\"width\":480,\"height\":476,\"caption\":\"Ringgreep Messing antiek ovaal Romeinse Schaal 68x58mm\"},{\"@type\":\"BreadcrumbList\",\"@id\":\"https:\\\/\\\/partsandpieces.nl\\\/en\\\/product\\\/ringgreep-messing-antiek-ovaal-romeinse-schaal-68x58mm\\\/#breadcrumb\",\"itemListElement\":[{\"@type\":\"ListItem\",\"position\":1,\"name\":\"Home\",\"item\":\"https:\\\/\\\/partsandpieces.nl\\\/home\\\/\"},{\"@type\":\"ListItem\",\"position\":2,\"name\":\"Winkel\",\"item\":\"https:\\\/\\\/partsandpieces.nl\\\/winkel\\\/\"},{\"@type\":\"ListItem\",\"position\":3,\"name\":\"Ringgreep Messing antiek ovaal Romeinse Schaal 68x58mm\"}]},{\"@type\":\"WebSite\",\"@id\":\"https:\\\/\\\/partsandpieces.nl\\\/#website\",\"url\":\"https:\\\/\\\/partsandpieces.nl\\\/\",\"name\":\"Parts &amp; Pieces\",\"description\":\"Alles voor uw meubelrestauratie en -onderhoud!\",\"potentialAction\":[{\"@type\":\"SearchAction\",\"target\":{\"@type\":\"EntryPoint\",\"urlTemplate\":\"https:\\\/\\\/partsandpieces.nl\\\/?s={search_term_string}\"},\"query-input\":{\"@type\":\"PropertyValueSpecification\",\"valueRequired\":true,\"valueName\":\"search_term_string\"}}],\"inLanguage\":\"de\"}]}<\/script>\n<!-- \/ Yoast SEO plugin. -->","yoast_head_json":{"title":"Ringgriff Messing oval 68x58mm","description":"Ringgriff Messing antik oval r\u00f6mische Skala 68x58mm ist mit einer r\u00f6mischen Skala verziert. Der Griff besteht aus Messing.","robots":{"index":"index","follow":"follow","max-snippet":"max-snippet:-1","max-image-preview":"max-image-preview:large","max-video-preview":"max-video-preview:-1"},"canonical":"https:\/\/partsandpieces.nl\/de\/produkt\/ringgriff-messing-antik-ovale-romische-schale-68x58mm\/","og_locale":"de_DE","og_type":"article","og_title":"Ringgreep Messing ovaal 68x58mm","og_description":"Ringgreep Messing antiek ovaal Romeinse Schaal 68x58mm is versierd met een Romeinse schaal. De greep is gemaakt van messing.","og_url":"https:\/\/partsandpieces.nl\/de\/produkt\/ringgriff-messing-antik-ovale-romische-schale-68x58mm\/","og_site_name":"Parts &amp; Pieces","article_modified_time":"2025-05-31T12:07:28+00:00","og_image":[{"width":480,"height":476,"url":"https:\/\/partsandpieces.nl\/wp-content\/uploads\/2020\/07\/Ringgreep-Messing-antiek-ovaal-Romeinse-Schaal-68x58mm.jpg","type":"image\/jpeg"}],"twitter_card":"summary_large_image","twitter_misc":{"Gesch\u00e4tzte Lesezeit":"1\u00a0Minute"},"schema":{"@context":"https:\/\/schema.org","@graph":[{"@type":"WebPage","@id":"https:\/\/partsandpieces.nl\/en\/product\/ringgreep-messing-antiek-ovaal-romeinse-schaal-68x58mm\/","url":"https:\/\/partsandpieces.nl\/en\/product\/ringgreep-messing-antiek-ovaal-romeinse-schaal-68x58mm\/","name":"Ringgriff Messing oval 68x58mm","isPartOf":{"@id":"https:\/\/partsandpieces.nl\/#website"},"primaryImageOfPage":{"@id":"https:\/\/partsandpieces.nl\/en\/product\/ringgreep-messing-antiek-ovaal-romeinse-schaal-68x58mm\/#primaryimage"},"image":{"@id":"https:\/\/partsandpieces.nl\/en\/product\/ringgreep-messing-antiek-ovaal-romeinse-schaal-68x58mm\/#primaryimage"},"thumbnailUrl":"https:\/\/partsandpieces.nl\/wp-content\/uploads\/2020\/07\/Ringgreep-Messing-antiek-ovaal-Romeinse-Schaal-68x58mm.jpg","datePublished":"2020-07-28T19:10:28+00:00","dateModified":"2025-05-31T12:07:28+00:00","description":"Ringgriff Messing antik oval r\u00f6mische Skala 68x58mm ist mit einer r\u00f6mischen Skala verziert. Der Griff besteht aus Messing.","breadcrumb":{"@id":"https:\/\/partsandpieces.nl\/en\/product\/ringgreep-messing-antiek-ovaal-romeinse-schaal-68x58mm\/#breadcrumb"},"inLanguage":"de","potentialAction":[{"@type":"ReadAction","target":["https:\/\/partsandpieces.nl\/en\/product\/ringgreep-messing-antiek-ovaal-romeinse-schaal-68x58mm\/"]}]},{"@type":"ImageObject","inLanguage":"de","@id":"https:\/\/partsandpieces.nl\/en\/product\/ringgreep-messing-antiek-ovaal-romeinse-schaal-68x58mm\/#primaryimage","url":"https:\/\/partsandpieces.nl\/wp-content\/uploads\/2020\/07\/Ringgreep-Messing-antiek-ovaal-Romeinse-Schaal-68x58mm.jpg","contentUrl":"https:\/\/partsandpieces.nl\/wp-content\/uploads\/2020\/07\/Ringgreep-Messing-antiek-ovaal-Romeinse-Schaal-68x58mm.jpg","width":480,"height":476,"caption":"Ringgreep Messing antiek ovaal Romeinse Schaal 68x58mm"},{"@type":"BreadcrumbList","@id":"https:\/\/partsandpieces.nl\/en\/product\/ringgreep-messing-antiek-ovaal-romeinse-schaal-68x58mm\/#breadcrumb","itemListElement":[{"@type":"ListItem","position":1,"name":"Home","item":"https:\/\/partsandpieces.nl\/home\/"},{"@type":"ListItem","position":2,"name":"Winkel","item":"https:\/\/partsandpieces.nl\/winkel\/"},{"@type":"ListItem","position":3,"name":"Ringgreep Messing antiek ovaal Romeinse Schaal 68x58mm"}]},{"@type":"WebSite","@id":"https:\/\/partsandpieces.nl\/#website","url":"https:\/\/partsandpieces.nl\/","name":"Teile &amp; St\u00fccke","description":"Alles f\u00fcr Ihre M\u00f6belrestaurierung und -pflege!","potentialAction":[{"@type":"SearchAction","target":{"@type":"EntryPoint","urlTemplate":"https:\/\/partsandpieces.nl\/?s={search_term_string}"},"query-input":{"@type":"PropertyValueSpecification","valueRequired":true,"valueName":"search_term_string"}}],"inLanguage":"de"}]}},"_links":{"self":[{"href":"https:\/\/partsandpieces.nl\/de\/wp-json\/wp\/v2\/product\/1070","targetHints":{"allow":["GET"]}}],"collection":[{"href":"https:\/\/partsandpieces.nl\/de\/wp-json\/wp\/v2\/product"}],"about":[{"href":"https:\/\/partsandpieces.nl\/de\/wp-json\/wp\/v2\/types\/product"}],"wp:featuredmedia":[{"embeddable":true,"href":"https:\/\/partsandpieces.nl\/de\/wp-json\/wp\/v2\/media\/6400"}],"wp:attachment":[{"href":"https:\/\/partsandpieces.nl\/de\/wp-json\/wp\/v2\/media?parent=1070"}],"wp:term":[{"taxonomy":"product_brand","embeddable":true,"href":"https:\/\/partsandpieces.nl\/de\/wp-json\/wp\/v2\/product_brand?post=1070"},{"taxonomy":"product_cat","embeddable":true,"href":"https:\/\/partsandpieces.nl\/de\/wp-json\/wp\/v2\/product_cat?post=1070"},{"taxonomy":"product_tag","embeddable":true,"href":"https:\/\/partsandpieces.nl\/de\/wp-json\/wp\/v2\/product_tag?post=1070"}],"curies":[{"name":"wp","href":"https:\/\/api.w.org\/{rel}","templated":true}]}}