{"id":10718,"date":"2025-02-06T11:16:11","date_gmt":"2025-02-06T10:16:11","guid":{"rendered":"https:\/\/partsandpieces.nl\/?post_type=product&#038;p=10718"},"modified":"2026-01-19T10:56:36","modified_gmt":"2026-01-19T09:56:36","slug":"knopf-messing-antik-dekor-serie-619-30mm-10-stuck","status":"publish","type":"product","link":"https:\/\/partsandpieces.nl\/de\/product\/knop-messing-antiek-decor-serie-619-30mm-10-stuks\/","title":{"rendered":"Knopf Messing Antik Dekor Serie 619 30mm (10 St\u00fcck)"},"content":{"rendered":"<p><strong>Knopf Messing Antik Dekor Serie 619 30mm<\/strong> ist ein wundersch\u00f6ner M\u00f6belknopf mit antikem Messing-Finish. Das Erscheinungsbild des Knopfes ist leicht gl\u00e4nzend. Dieser Knopf passt gut zu Ihren M\u00f6beln und Schubladen.<\/p>\n<p>Passend zu diesem Knauf sind auch die Griffe aus der Decor-Serie 619 von Giusti: <span style=\"text-decoration: underline;\"><a href=\"https:\/\/partsandpieces.nl\/de\/produkt\/griff-messing-antik-dekor-serie-691-96mm-10-stuck\/\">96mm Bohrabstand<\/a><\/span>, <span style=\"text-decoration: underline;\"><a href=\"https:\/\/partsandpieces.nl\/de\/produkt\/griff-messing-antik-dekor-serie-619-128mm-10-stuck\/\">128mm Bohrabstand<\/a><\/span>, <span style=\"text-decoration: underline;\"><a href=\"https:\/\/partsandpieces.nl\/de\/produkt\/griff-messing-antik-dekor-serie-619-160mm-10-stuck\/\">160mm Bohrabstand<\/a><\/span>.<\/p>\n<p>Dieser hochwertige Knopf wird in Italien hergestellt.<\/p>\n<p><strong>Ma\u00dfe<br \/>\n<\/strong>Knopf Messing Antik Dekor Serie 619 30mm hat einen Durchmesser von 30mm. Nach der Montage steht dieser Knopf 22mm hervor. Die Basis des Knopfes hat einen Durchmesser von 15 mm.<\/p>\n<p><strong>Lieferung<\/strong><br \/>\nDiese Tasten werden Ihnen direkt vom Hersteller geliefert. Die Lieferung dauert in der Regel 3 bis 4 Werktage.<br \/>\nBen\u00f6tigen Sie weitere Teile? Kontaktieren Sie mich f\u00fcr ein individuelles Angebot.<\/p>","protected":false},"excerpt":{"rendered":"<p>Knop Messing antiek Decor serie 619 30mm is een mooie meubelknop met een antieke messing afwerking. De uitstraling van de knop is licht glanzend. Deze knop past goed op je meubel en lades. Bij deze knop passen de grepen ook uit de Decor serie 619 van Giusti: 96mm boorafstand, 128mm boorafstand, 160mm boorafstand. Deze kwalitatief [&hellip;]<\/p>\n","protected":false},"featured_media":10720,"template":"","meta":{"_acf_changed":false},"product_brand":[],"product_cat":[37,23],"product_tag":[],"class_list":{"0":"post-10718","1":"product","2":"type-product","3":"status-publish","4":"has-post-thumbnail","6":"product_cat-knoppen","7":"product_cat-meubelbeslag","9":"first","10":"instock","11":"taxable","12":"shipping-taxable","13":"purchasable","14":"product-type-simple"},"acf":[],"yoast_head":"<!-- This site is optimized with the Yoast SEO plugin v27.3 - https:\/\/yoast.com\/product\/yoast-seo-wordpress\/ -->\n<title>Knop messing antiek 30mm<\/title>\n<meta name=\"description\" content=\"Knop Messing antiek Decor serie 619 30mm is een mooie meubelknop met een antieke messing afwerking. De uitstraling van de knop is licht glanzend.\" \/>\n<meta name=\"robots\" content=\"index, follow, max-snippet:-1, max-image-preview:large, max-video-preview:-1\" \/>\n<link rel=\"canonical\" href=\"https:\/\/partsandpieces.nl\/de\/produkt\/knopf-messing-antik-dekor-serie-619-30mm-10-stuck\/\" \/>\n<meta property=\"og:locale\" content=\"de_DE\" \/>\n<meta property=\"og:type\" content=\"article\" \/>\n<meta property=\"og:title\" content=\"Knop messing antiek 30mm\" \/>\n<meta property=\"og:description\" content=\"Knop Messing antiek Decor serie 619 30mm is een mooie meubelknop met een antieke messing afwerking. De uitstraling van de knop is licht glanzend.\" \/>\n<meta property=\"og:url\" content=\"https:\/\/partsandpieces.nl\/de\/produkt\/knopf-messing-antik-dekor-serie-619-30mm-10-stuck\/\" \/>\n<meta property=\"og:site_name\" content=\"Parts &amp; Pieces\" \/>\n<meta property=\"article:modified_time\" content=\"2026-01-19T09:56:36+00:00\" \/>\n<meta property=\"og:image\" content=\"https:\/\/partsandpieces.nl\/wp-content\/uploads\/2025\/02\/Knop-Messing-antiek-Decor-serie-619-30mm.jpg\" \/>\n\t<meta property=\"og:image:width\" content=\"945\" \/>\n\t<meta property=\"og:image:height\" content=\"947\" \/>\n\t<meta property=\"og:image:type\" content=\"image\/jpeg\" \/>\n<meta name=\"twitter:card\" content=\"summary_large_image\" \/>\n<meta name=\"twitter:label1\" content=\"Gesch\u00e4tzte Lesezeit\" \/>\n\t<meta name=\"twitter:data1\" content=\"1\u00a0Minute\" \/>\n<script type=\"application\/ld+json\" class=\"yoast-schema-graph\">{\"@context\":\"https:\\\/\\\/schema.org\",\"@graph\":[{\"@type\":\"WebPage\",\"@id\":\"https:\\\/\\\/partsandpieces.nl\\\/product\\\/knop-messing-antiek-decor-serie-619-30mm-10-stuks\\\/\",\"url\":\"https:\\\/\\\/partsandpieces.nl\\\/product\\\/knop-messing-antiek-decor-serie-619-30mm-10-stuks\\\/\",\"name\":\"Knop messing antiek 30mm\",\"isPartOf\":{\"@id\":\"https:\\\/\\\/partsandpieces.nl\\\/#website\"},\"primaryImageOfPage\":{\"@id\":\"https:\\\/\\\/partsandpieces.nl\\\/product\\\/knop-messing-antiek-decor-serie-619-30mm-10-stuks\\\/#primaryimage\"},\"image\":{\"@id\":\"https:\\\/\\\/partsandpieces.nl\\\/product\\\/knop-messing-antiek-decor-serie-619-30mm-10-stuks\\\/#primaryimage\"},\"thumbnailUrl\":\"https:\\\/\\\/partsandpieces.nl\\\/wp-content\\\/uploads\\\/2025\\\/02\\\/Knop-Messing-antiek-Decor-serie-619-30mm.jpg\",\"datePublished\":\"2025-02-06T10:16:11+00:00\",\"dateModified\":\"2026-01-19T09:56:36+00:00\",\"description\":\"Knop Messing antiek Decor serie 619 30mm is een mooie meubelknop met een antieke messing afwerking. De uitstraling van de knop is licht glanzend.\",\"breadcrumb\":{\"@id\":\"https:\\\/\\\/partsandpieces.nl\\\/product\\\/knop-messing-antiek-decor-serie-619-30mm-10-stuks\\\/#breadcrumb\"},\"inLanguage\":\"de\",\"potentialAction\":[{\"@type\":\"ReadAction\",\"target\":[\"https:\\\/\\\/partsandpieces.nl\\\/product\\\/knop-messing-antiek-decor-serie-619-30mm-10-stuks\\\/\"]}]},{\"@type\":\"ImageObject\",\"inLanguage\":\"de\",\"@id\":\"https:\\\/\\\/partsandpieces.nl\\\/product\\\/knop-messing-antiek-decor-serie-619-30mm-10-stuks\\\/#primaryimage\",\"url\":\"https:\\\/\\\/partsandpieces.nl\\\/wp-content\\\/uploads\\\/2025\\\/02\\\/Knop-Messing-antiek-Decor-serie-619-30mm.jpg\",\"contentUrl\":\"https:\\\/\\\/partsandpieces.nl\\\/wp-content\\\/uploads\\\/2025\\\/02\\\/Knop-Messing-antiek-Decor-serie-619-30mm.jpg\",\"width\":945,\"height\":947,\"caption\":\"Knop Messing antiek Decor serie 619 30mm\"},{\"@type\":\"BreadcrumbList\",\"@id\":\"https:\\\/\\\/partsandpieces.nl\\\/product\\\/knop-messing-antiek-decor-serie-619-30mm-10-stuks\\\/#breadcrumb\",\"itemListElement\":[{\"@type\":\"ListItem\",\"position\":1,\"name\":\"Home\",\"item\":\"https:\\\/\\\/partsandpieces.nl\\\/home\\\/\"},{\"@type\":\"ListItem\",\"position\":2,\"name\":\"Winkel\",\"item\":\"https:\\\/\\\/partsandpieces.nl\\\/winkel\\\/\"},{\"@type\":\"ListItem\",\"position\":3,\"name\":\"Knop Messing antiek Decor serie 619 30mm (10 stuks)\"}]},{\"@type\":\"WebSite\",\"@id\":\"https:\\\/\\\/partsandpieces.nl\\\/#website\",\"url\":\"https:\\\/\\\/partsandpieces.nl\\\/\",\"name\":\"Parts &amp; Pieces\",\"description\":\"Alles voor uw meubelrestauratie en -onderhoud!\",\"potentialAction\":[{\"@type\":\"SearchAction\",\"target\":{\"@type\":\"EntryPoint\",\"urlTemplate\":\"https:\\\/\\\/partsandpieces.nl\\\/?s={search_term_string}\"},\"query-input\":{\"@type\":\"PropertyValueSpecification\",\"valueRequired\":true,\"valueName\":\"search_term_string\"}}],\"inLanguage\":\"de\"}]}<\/script>\n<!-- \/ Yoast SEO plugin. -->","yoast_head_json":{"title":"Knopf Messing antik 30mm","description":"Der M\u00f6belknopf Messing Antik Dekor Serie 619 30mm ist ein sch\u00f6ner M\u00f6belknopf mit einem Finish aus antikem Messing. Das Erscheinungsbild des Knopfes ist leicht gl\u00e4nzend.","robots":{"index":"index","follow":"follow","max-snippet":"max-snippet:-1","max-image-preview":"max-image-preview:large","max-video-preview":"max-video-preview:-1"},"canonical":"https:\/\/partsandpieces.nl\/de\/produkt\/knopf-messing-antik-dekor-serie-619-30mm-10-stuck\/","og_locale":"de_DE","og_type":"article","og_title":"Knop messing antiek 30mm","og_description":"Knop Messing antiek Decor serie 619 30mm is een mooie meubelknop met een antieke messing afwerking. De uitstraling van de knop is licht glanzend.","og_url":"https:\/\/partsandpieces.nl\/de\/produkt\/knopf-messing-antik-dekor-serie-619-30mm-10-stuck\/","og_site_name":"Parts &amp; Pieces","article_modified_time":"2026-01-19T09:56:36+00:00","og_image":[{"width":945,"height":947,"url":"https:\/\/partsandpieces.nl\/wp-content\/uploads\/2025\/02\/Knop-Messing-antiek-Decor-serie-619-30mm.jpg","type":"image\/jpeg"}],"twitter_card":"summary_large_image","twitter_misc":{"Gesch\u00e4tzte Lesezeit":"1\u00a0Minute"},"schema":{"@context":"https:\/\/schema.org","@graph":[{"@type":"WebPage","@id":"https:\/\/partsandpieces.nl\/product\/knop-messing-antiek-decor-serie-619-30mm-10-stuks\/","url":"https:\/\/partsandpieces.nl\/product\/knop-messing-antiek-decor-serie-619-30mm-10-stuks\/","name":"Knopf Messing antik 30mm","isPartOf":{"@id":"https:\/\/partsandpieces.nl\/#website"},"primaryImageOfPage":{"@id":"https:\/\/partsandpieces.nl\/product\/knop-messing-antiek-decor-serie-619-30mm-10-stuks\/#primaryimage"},"image":{"@id":"https:\/\/partsandpieces.nl\/product\/knop-messing-antiek-decor-serie-619-30mm-10-stuks\/#primaryimage"},"thumbnailUrl":"https:\/\/partsandpieces.nl\/wp-content\/uploads\/2025\/02\/Knop-Messing-antiek-Decor-serie-619-30mm.jpg","datePublished":"2025-02-06T10:16:11+00:00","dateModified":"2026-01-19T09:56:36+00:00","description":"Der M\u00f6belknopf Messing Antik Dekor Serie 619 30mm ist ein sch\u00f6ner M\u00f6belknopf mit einem Finish aus antikem Messing. Das Erscheinungsbild des Knopfes ist leicht gl\u00e4nzend.","breadcrumb":{"@id":"https:\/\/partsandpieces.nl\/product\/knop-messing-antiek-decor-serie-619-30mm-10-stuks\/#breadcrumb"},"inLanguage":"de","potentialAction":[{"@type":"ReadAction","target":["https:\/\/partsandpieces.nl\/product\/knop-messing-antiek-decor-serie-619-30mm-10-stuks\/"]}]},{"@type":"ImageObject","inLanguage":"de","@id":"https:\/\/partsandpieces.nl\/product\/knop-messing-antiek-decor-serie-619-30mm-10-stuks\/#primaryimage","url":"https:\/\/partsandpieces.nl\/wp-content\/uploads\/2025\/02\/Knop-Messing-antiek-Decor-serie-619-30mm.jpg","contentUrl":"https:\/\/partsandpieces.nl\/wp-content\/uploads\/2025\/02\/Knop-Messing-antiek-Decor-serie-619-30mm.jpg","width":945,"height":947,"caption":"Knop Messing antiek Decor serie 619 30mm"},{"@type":"BreadcrumbList","@id":"https:\/\/partsandpieces.nl\/product\/knop-messing-antiek-decor-serie-619-30mm-10-stuks\/#breadcrumb","itemListElement":[{"@type":"ListItem","position":1,"name":"Home","item":"https:\/\/partsandpieces.nl\/home\/"},{"@type":"ListItem","position":2,"name":"Winkel","item":"https:\/\/partsandpieces.nl\/winkel\/"},{"@type":"ListItem","position":3,"name":"Knop Messing antiek Decor serie 619 30mm (10 stuks)"}]},{"@type":"WebSite","@id":"https:\/\/partsandpieces.nl\/#website","url":"https:\/\/partsandpieces.nl\/","name":"Teile &amp; St\u00fccke","description":"Alles f\u00fcr Ihre M\u00f6belrestaurierung und -pflege!","potentialAction":[{"@type":"SearchAction","target":{"@type":"EntryPoint","urlTemplate":"https:\/\/partsandpieces.nl\/?s={search_term_string}"},"query-input":{"@type":"PropertyValueSpecification","valueRequired":true,"valueName":"search_term_string"}}],"inLanguage":"de"}]}},"_links":{"self":[{"href":"https:\/\/partsandpieces.nl\/de\/wp-json\/wp\/v2\/product\/10718","targetHints":{"allow":["GET"]}}],"collection":[{"href":"https:\/\/partsandpieces.nl\/de\/wp-json\/wp\/v2\/product"}],"about":[{"href":"https:\/\/partsandpieces.nl\/de\/wp-json\/wp\/v2\/types\/product"}],"wp:featuredmedia":[{"embeddable":true,"href":"https:\/\/partsandpieces.nl\/de\/wp-json\/wp\/v2\/media\/10720"}],"wp:attachment":[{"href":"https:\/\/partsandpieces.nl\/de\/wp-json\/wp\/v2\/media?parent=10718"}],"wp:term":[{"taxonomy":"product_brand","embeddable":true,"href":"https:\/\/partsandpieces.nl\/de\/wp-json\/wp\/v2\/product_brand?post=10718"},{"taxonomy":"product_cat","embeddable":true,"href":"https:\/\/partsandpieces.nl\/de\/wp-json\/wp\/v2\/product_cat?post=10718"},{"taxonomy":"product_tag","embeddable":true,"href":"https:\/\/partsandpieces.nl\/de\/wp-json\/wp\/v2\/product_tag?post=10718"}],"curies":[{"name":"wp","href":"https:\/\/api.w.org\/{rel}","templated":true}]}}