{"id":1074,"date":"2020-07-28T19:14:13","date_gmt":"2020-07-28T17:14:13","guid":{"rendered":"https:\/\/partsandpieces.bonsaidev.nl\/?product=ladetrekker-974564-1664445674"},"modified":"2026-03-30T18:44:41","modified_gmt":"2026-03-30T16:44:41","slug":"schubladengriff-messing-antik-horizontal-mit-schlusselloch-97mm","status":"publish","type":"product","link":"https:\/\/partsandpieces.nl\/de\/product\/ladegreep-messing-antiek-horizontaal-met-sleutelgat-97mm\/","title":{"rendered":"Schubladengriff Messing antik horizontal mit Schl\u00fcsselloch 97mm"},"content":{"rendered":"<p><strong>Schubladengriff Messing antik horizontal mit Schl\u00fcsselloch 97mm<\/strong> ist ein wundersch\u00f6ner Schubladengriff mit Schl\u00fcsselloch aus Zamak* mit antikem Messingfinish. Das Erscheinungsbild dieses klassischen Griffs ist matt. Dieser Griff passt gut zu Ihren antiken oder klassischen M\u00f6beln und Schubladen.<\/p>\n<p>Dieser hochwertige Schubladengriff wird in Italien hergestellt.<\/p>\n<p><strong>Ma\u00dfe<br \/>\n<\/strong>Der Schubladengriff Messing antik horizontal mit Schl\u00fcsselloch 97 mm ist insgesamt 97 mm breit und 45 mm hoch. Der Griff selbst ist 88 mm breit. Nach der Installation steht dieser Griff 15 mm \u00fcber. Die Bohrungen des Griffs haben einen Abstand von 64 mm.<\/p>\n<p><strong>Bearbeiten<br \/>\n<\/strong>Sie k\u00f6nnen den Griff mit blind montieren\u00a0<span style=\"text-decoration: underline;\"><a href=\"https:\/\/partsandpieces.nl\/de\/produkt\/schraube-edelstahl-zur-blindmontage-von-mobelbeschlagen-45x4mm-20-stuck\/\">Edelstahlschraube zur Blindbefestigung von M\u00f6belbeschl\u00e4gen (45x4mm)<\/a><\/span>\u00a0Ich schicke diese Schrauben\u00a0<strong>FREI<\/strong>\u00a0mit Ihrer Bestellung.<\/p>\n<p>* Zamak ist eine Legierung mit Zink als Hauptbestandteil. Es hat einen relativ niedrigen Schmelzpunkt und ist leicht zu gie\u00dfen. Der Name ist ein Akronym, abgeleitet von den Anfangsbuchstaben der deutschen Bezeichnungen f\u00fcr die Metalle, aus denen sich der Werkstoff zusammensetzt: Zink, Aluminium, MAGnesium, Kupfer. Zamak wird in der Auto- und M\u00f6belindustrie f\u00fcr T\u00fcrgriffe, Griffe, Logos und Zierleisten verwendet. Es wird auch h\u00e4ufig als Ersatz f\u00fcr das giftige Blei verwendet.<\/p>","protected":false},"excerpt":{"rendered":"<p>Ladegreep Messing antiek horizontaal met sleutelgat 97mm is een mooie ladegreep met sleutelgat gemaakt van zamak* met een antieke messing afwerking. De uitstraling van deze klassieke greep is mat. Deze greep past goed op je antieke of klassieke meubel en lades. Deze kwalitatief uitstekende ladegreep is gemaakt in Itali\u00eb. Afmetingen Ladegreep Messing antiek horizontaal met [&hellip;]<\/p>\n","protected":false},"featured_media":6374,"template":"","meta":{"_acf_changed":false},"product_brand":[],"product_cat":[41,23],"product_tag":[],"class_list":{"0":"post-1074","1":"product","2":"type-product","3":"status-publish","4":"has-post-thumbnail","6":"product_cat-ladetrekkers","7":"product_cat-meubelbeslag","9":"first","10":"instock","11":"taxable","12":"shipping-taxable","13":"purchasable","14":"product-type-simple"},"acf":[],"yoast_head":"<!-- This site is optimized with the Yoast SEO plugin v27.3 - https:\/\/yoast.com\/product\/yoast-seo-wordpress\/ -->\n<title>Ladegreep Messing horizontaal sleutelgat<\/title>\n<meta name=\"description\" content=\"Ladegreep Messing antiek horizontaal met sleutelgat 97mm heeft een antieke messing afwerking. Past goed op je antieke of klassieke meubel en lades.\" \/>\n<meta name=\"robots\" content=\"index, follow, max-snippet:-1, max-image-preview:large, max-video-preview:-1\" \/>\n<link rel=\"canonical\" href=\"https:\/\/partsandpieces.nl\/de\/produkt\/schubladengriff-messing-antik-horizontal-mit-schlusselloch-97mm\/\" \/>\n<meta property=\"og:locale\" content=\"de_DE\" \/>\n<meta property=\"og:type\" content=\"article\" \/>\n<meta property=\"og:title\" content=\"Ladegreep Messing horizontaal sleutelgat\" \/>\n<meta property=\"og:description\" content=\"Ladegreep Messing antiek horizontaal met sleutelgat 97mm heeft een antieke messing afwerking. Past goed op je antieke of klassieke meubel en lades.\" \/>\n<meta property=\"og:url\" content=\"https:\/\/partsandpieces.nl\/de\/produkt\/schubladengriff-messing-antik-horizontal-mit-schlusselloch-97mm\/\" \/>\n<meta property=\"og:site_name\" content=\"Parts &amp; Pieces\" \/>\n<meta property=\"article:modified_time\" content=\"2026-03-30T16:44:41+00:00\" \/>\n<meta property=\"og:image\" content=\"https:\/\/partsandpieces.nl\/wp-content\/uploads\/2020\/07\/Ladegreep-Messing-antiek-horizontaal-met-sleutelgat-97mm.jpg\" \/>\n\t<meta property=\"og:image:width\" content=\"463\" \/>\n\t<meta property=\"og:image:height\" content=\"460\" \/>\n\t<meta property=\"og:image:type\" content=\"image\/jpeg\" \/>\n<meta name=\"twitter:card\" content=\"summary_large_image\" \/>\n<meta name=\"twitter:label1\" content=\"Gesch\u00e4tzte Lesezeit\" \/>\n\t<meta name=\"twitter:data1\" content=\"1\u00a0Minute\" \/>\n<script type=\"application\/ld+json\" class=\"yoast-schema-graph\">{\"@context\":\"https:\\\/\\\/schema.org\",\"@graph\":[{\"@type\":\"WebPage\",\"@id\":\"https:\\\/\\\/partsandpieces.nl\\\/product\\\/ladegreep-messing-antiek-horizontaal-met-sleutelgat-97mm\\\/\",\"url\":\"https:\\\/\\\/partsandpieces.nl\\\/product\\\/ladegreep-messing-antiek-horizontaal-met-sleutelgat-97mm\\\/\",\"name\":\"Ladegreep Messing horizontaal sleutelgat\",\"isPartOf\":{\"@id\":\"https:\\\/\\\/partsandpieces.nl\\\/#website\"},\"primaryImageOfPage\":{\"@id\":\"https:\\\/\\\/partsandpieces.nl\\\/product\\\/ladegreep-messing-antiek-horizontaal-met-sleutelgat-97mm\\\/#primaryimage\"},\"image\":{\"@id\":\"https:\\\/\\\/partsandpieces.nl\\\/product\\\/ladegreep-messing-antiek-horizontaal-met-sleutelgat-97mm\\\/#primaryimage\"},\"thumbnailUrl\":\"https:\\\/\\\/partsandpieces.nl\\\/wp-content\\\/uploads\\\/2020\\\/07\\\/Ladegreep-Messing-antiek-horizontaal-met-sleutelgat-97mm.jpg\",\"datePublished\":\"2020-07-28T17:14:13+00:00\",\"dateModified\":\"2026-03-30T16:44:41+00:00\",\"description\":\"Ladegreep Messing antiek horizontaal met sleutelgat 97mm heeft een antieke messing afwerking. Past goed op je antieke of klassieke meubel en lades.\",\"breadcrumb\":{\"@id\":\"https:\\\/\\\/partsandpieces.nl\\\/product\\\/ladegreep-messing-antiek-horizontaal-met-sleutelgat-97mm\\\/#breadcrumb\"},\"inLanguage\":\"de\",\"potentialAction\":[{\"@type\":\"ReadAction\",\"target\":[\"https:\\\/\\\/partsandpieces.nl\\\/product\\\/ladegreep-messing-antiek-horizontaal-met-sleutelgat-97mm\\\/\"]}]},{\"@type\":\"ImageObject\",\"inLanguage\":\"de\",\"@id\":\"https:\\\/\\\/partsandpieces.nl\\\/product\\\/ladegreep-messing-antiek-horizontaal-met-sleutelgat-97mm\\\/#primaryimage\",\"url\":\"https:\\\/\\\/partsandpieces.nl\\\/wp-content\\\/uploads\\\/2020\\\/07\\\/Ladegreep-Messing-antiek-horizontaal-met-sleutelgat-97mm.jpg\",\"contentUrl\":\"https:\\\/\\\/partsandpieces.nl\\\/wp-content\\\/uploads\\\/2020\\\/07\\\/Ladegreep-Messing-antiek-horizontaal-met-sleutelgat-97mm.jpg\",\"width\":463,\"height\":460,\"caption\":\"Ladegreep Messing antiek horizontaal met sleutelgat 97mm\"},{\"@type\":\"BreadcrumbList\",\"@id\":\"https:\\\/\\\/partsandpieces.nl\\\/product\\\/ladegreep-messing-antiek-horizontaal-met-sleutelgat-97mm\\\/#breadcrumb\",\"itemListElement\":[{\"@type\":\"ListItem\",\"position\":1,\"name\":\"Home\",\"item\":\"https:\\\/\\\/partsandpieces.nl\\\/home\\\/\"},{\"@type\":\"ListItem\",\"position\":2,\"name\":\"Winkel\",\"item\":\"https:\\\/\\\/partsandpieces.nl\\\/winkel\\\/\"},{\"@type\":\"ListItem\",\"position\":3,\"name\":\"Ladegreep Messing antiek horizontaal met sleutelgat 97mm\"}]},{\"@type\":\"WebSite\",\"@id\":\"https:\\\/\\\/partsandpieces.nl\\\/#website\",\"url\":\"https:\\\/\\\/partsandpieces.nl\\\/\",\"name\":\"Parts &amp; Pieces\",\"description\":\"Alles voor uw meubelrestauratie en -onderhoud!\",\"potentialAction\":[{\"@type\":\"SearchAction\",\"target\":{\"@type\":\"EntryPoint\",\"urlTemplate\":\"https:\\\/\\\/partsandpieces.nl\\\/?s={search_term_string}\"},\"query-input\":{\"@type\":\"PropertyValueSpecification\",\"valueRequired\":true,\"valueName\":\"search_term_string\"}}],\"inLanguage\":\"de\"}]}<\/script>\n<!-- \/ Yoast SEO plugin. -->","yoast_head_json":{"title":"Schubladengriff Horizontales Schl\u00fcsselloch aus Messing","description":"Schubladengriff Messing antik horizontal mit Schl\u00fcsselloch 97 mm hat eine antike Messingoberfl\u00e4che. Passt gut auf Ihre antiken oder klassischen M\u00f6bel und Schubladen.","robots":{"index":"index","follow":"follow","max-snippet":"max-snippet:-1","max-image-preview":"max-image-preview:large","max-video-preview":"max-video-preview:-1"},"canonical":"https:\/\/partsandpieces.nl\/de\/produkt\/schubladengriff-messing-antik-horizontal-mit-schlusselloch-97mm\/","og_locale":"de_DE","og_type":"article","og_title":"Ladegreep Messing horizontaal sleutelgat","og_description":"Ladegreep Messing antiek horizontaal met sleutelgat 97mm heeft een antieke messing afwerking. Past goed op je antieke of klassieke meubel en lades.","og_url":"https:\/\/partsandpieces.nl\/de\/produkt\/schubladengriff-messing-antik-horizontal-mit-schlusselloch-97mm\/","og_site_name":"Parts &amp; Pieces","article_modified_time":"2026-03-30T16:44:41+00:00","og_image":[{"width":463,"height":460,"url":"https:\/\/partsandpieces.nl\/wp-content\/uploads\/2020\/07\/Ladegreep-Messing-antiek-horizontaal-met-sleutelgat-97mm.jpg","type":"image\/jpeg"}],"twitter_card":"summary_large_image","twitter_misc":{"Gesch\u00e4tzte Lesezeit":"1\u00a0Minute"},"schema":{"@context":"https:\/\/schema.org","@graph":[{"@type":"WebPage","@id":"https:\/\/partsandpieces.nl\/product\/ladegreep-messing-antiek-horizontaal-met-sleutelgat-97mm\/","url":"https:\/\/partsandpieces.nl\/product\/ladegreep-messing-antiek-horizontaal-met-sleutelgat-97mm\/","name":"Schubladengriff Horizontales Schl\u00fcsselloch aus Messing","isPartOf":{"@id":"https:\/\/partsandpieces.nl\/#website"},"primaryImageOfPage":{"@id":"https:\/\/partsandpieces.nl\/product\/ladegreep-messing-antiek-horizontaal-met-sleutelgat-97mm\/#primaryimage"},"image":{"@id":"https:\/\/partsandpieces.nl\/product\/ladegreep-messing-antiek-horizontaal-met-sleutelgat-97mm\/#primaryimage"},"thumbnailUrl":"https:\/\/partsandpieces.nl\/wp-content\/uploads\/2020\/07\/Ladegreep-Messing-antiek-horizontaal-met-sleutelgat-97mm.jpg","datePublished":"2020-07-28T17:14:13+00:00","dateModified":"2026-03-30T16:44:41+00:00","description":"Schubladengriff Messing antik horizontal mit Schl\u00fcsselloch 97 mm hat eine antike Messingoberfl\u00e4che. Passt gut auf Ihre antiken oder klassischen M\u00f6bel und Schubladen.","breadcrumb":{"@id":"https:\/\/partsandpieces.nl\/product\/ladegreep-messing-antiek-horizontaal-met-sleutelgat-97mm\/#breadcrumb"},"inLanguage":"de","potentialAction":[{"@type":"ReadAction","target":["https:\/\/partsandpieces.nl\/product\/ladegreep-messing-antiek-horizontaal-met-sleutelgat-97mm\/"]}]},{"@type":"ImageObject","inLanguage":"de","@id":"https:\/\/partsandpieces.nl\/product\/ladegreep-messing-antiek-horizontaal-met-sleutelgat-97mm\/#primaryimage","url":"https:\/\/partsandpieces.nl\/wp-content\/uploads\/2020\/07\/Ladegreep-Messing-antiek-horizontaal-met-sleutelgat-97mm.jpg","contentUrl":"https:\/\/partsandpieces.nl\/wp-content\/uploads\/2020\/07\/Ladegreep-Messing-antiek-horizontaal-met-sleutelgat-97mm.jpg","width":463,"height":460,"caption":"Ladegreep Messing antiek horizontaal met sleutelgat 97mm"},{"@type":"BreadcrumbList","@id":"https:\/\/partsandpieces.nl\/product\/ladegreep-messing-antiek-horizontaal-met-sleutelgat-97mm\/#breadcrumb","itemListElement":[{"@type":"ListItem","position":1,"name":"Home","item":"https:\/\/partsandpieces.nl\/home\/"},{"@type":"ListItem","position":2,"name":"Winkel","item":"https:\/\/partsandpieces.nl\/winkel\/"},{"@type":"ListItem","position":3,"name":"Ladegreep Messing antiek horizontaal met sleutelgat 97mm"}]},{"@type":"WebSite","@id":"https:\/\/partsandpieces.nl\/#website","url":"https:\/\/partsandpieces.nl\/","name":"Teile &amp; St\u00fccke","description":"Alles f\u00fcr Ihre M\u00f6belrestaurierung und -pflege!","potentialAction":[{"@type":"SearchAction","target":{"@type":"EntryPoint","urlTemplate":"https:\/\/partsandpieces.nl\/?s={search_term_string}"},"query-input":{"@type":"PropertyValueSpecification","valueRequired":true,"valueName":"search_term_string"}}],"inLanguage":"de"}]}},"_links":{"self":[{"href":"https:\/\/partsandpieces.nl\/de\/wp-json\/wp\/v2\/product\/1074","targetHints":{"allow":["GET"]}}],"collection":[{"href":"https:\/\/partsandpieces.nl\/de\/wp-json\/wp\/v2\/product"}],"about":[{"href":"https:\/\/partsandpieces.nl\/de\/wp-json\/wp\/v2\/types\/product"}],"wp:featuredmedia":[{"embeddable":true,"href":"https:\/\/partsandpieces.nl\/de\/wp-json\/wp\/v2\/media\/6374"}],"wp:attachment":[{"href":"https:\/\/partsandpieces.nl\/de\/wp-json\/wp\/v2\/media?parent=1074"}],"wp:term":[{"taxonomy":"product_brand","embeddable":true,"href":"https:\/\/partsandpieces.nl\/de\/wp-json\/wp\/v2\/product_brand?post=1074"},{"taxonomy":"product_cat","embeddable":true,"href":"https:\/\/partsandpieces.nl\/de\/wp-json\/wp\/v2\/product_cat?post=1074"},{"taxonomy":"product_tag","embeddable":true,"href":"https:\/\/partsandpieces.nl\/de\/wp-json\/wp\/v2\/product_tag?post=1074"}],"curies":[{"name":"wp","href":"https:\/\/api.w.org\/{rel}","templated":true}]}}