{"id":1076,"date":"2020-07-28T19:16:06","date_gmt":"2020-07-28T19:16:06","guid":{"rendered":"https:\/\/partsandpieces.bonsaidev.nl\/?product=round-handle-ring-39-mm"},"modified":"2026-02-09T14:29:06","modified_gmt":"2026-02-09T13:29:06","slug":"ringgriff-messing-antik-mit-ruckplatte-40mm","status":"publish","type":"product","link":"https:\/\/partsandpieces.nl\/de\/product\/ringgreep-messing-antiek-met-achterplaat-40mm\/","title":{"rendered":"Ringgriff Messing antik mit R\u00fcckenplatte 40mm"},"content":{"rendered":"<p><strong>Ringgriff Messing antik mit R\u00fcckenplatte 40mm<\/strong> ist ein mittelgro\u00dfer ringf\u00f6rmiger Griff auf einer runden R\u00fcckenplatte mit antikem Messing-Bronze-Finish. Auf der R\u00fcckenplatte befinden sich 6 konzentrische Ringe. Dieser Schubladengriff passt gut auf Ihre antiken M\u00f6bel oder Schubladen.<\/p>\n<p>Dieser hochwertige Ringgriff wird in Italien hergestellt.<\/p>\n<p><strong>Ma\u00dfe<br \/>\n<\/strong>Der Ringgriff Messing antik mit R\u00fcckenplatte 40mm hat einen Ring mit einem Durchmesser von 36mm. Nach der Montage steht dieser Ringgriff 5mm hervor. Die Deckplatte des Ringgriffes hat einen Durchmesser von 40mm.<\/p>\n<p><strong>Bearbeiten<br \/>\n<\/strong>Sie k\u00f6nnen den Knopf mit montieren <span style=\"text-decoration: underline;\"><a href=\"https:\/\/partsandpieces.nl\/de\/produkt\/schrauben-mit-rundkopf-antikbronze-mit-schlitz-2-x-14-mm\/\">Schrauben Rundkopf Antik Bronze mit Schlitz (2x14mm)<\/a><\/span>. Ich schicke diese Schrauben <strong>FREI<\/strong> mit Ihrer Bestellung.<\/p>","protected":false},"excerpt":{"rendered":"<p>Ringgreep Messing antiek met achterplaat 40mm is een middelgrote greep in de vorm van een ring aan een ronde achterplaat met een antieke messing, bronskleurige afwerking. Op de achterplaat zitten 6 concentrische ringen. Deze ladegreep past goed op je antieke meubel of lade. Deze kwalitatief uitstekende ringgreep is gemaakt in Itali\u00eb. Afmetingen De Ringgreep Messing [&hellip;]<\/p>\n","protected":false},"featured_media":4856,"template":"","meta":{"_acf_changed":false},"product_brand":[],"product_cat":[41,23,44],"product_tag":[],"class_list":{"0":"post-1076","1":"product","2":"type-product","3":"status-publish","4":"has-post-thumbnail","6":"product_cat-ladetrekkers","7":"product_cat-meubelbeslag","8":"product_cat-ringbeslag","10":"first","11":"instock","12":"taxable","13":"shipping-taxable","14":"purchasable","15":"product-type-simple"},"acf":[],"yoast_head":"<!-- This site is optimized with the Yoast SEO plugin v27.3 - https:\/\/yoast.com\/product\/yoast-seo-wordpress\/ -->\n<title>Ringgreep Messing met achterplaat 40mm antiek<\/title>\n<meta name=\"description\" content=\"Ringgreep Messing antiek met achterplaat 40mm heeft een antieke messing, bronskleurige afwerking. Deze ladegreep past goed op je antieke meubel of lade.\" \/>\n<meta name=\"robots\" content=\"index, follow, max-snippet:-1, max-image-preview:large, max-video-preview:-1\" \/>\n<link rel=\"canonical\" href=\"https:\/\/partsandpieces.nl\/de\/produkt\/ringgriff-messing-antik-mit-ruckplatte-40mm\/\" \/>\n<meta property=\"og:locale\" content=\"de_DE\" \/>\n<meta property=\"og:type\" content=\"article\" \/>\n<meta property=\"og:title\" content=\"Ringgreep Messing met achterplaat 40mm antiek\" \/>\n<meta property=\"og:description\" content=\"Ringgreep Messing antiek met achterplaat 40mm heeft een antieke messing, bronskleurige afwerking. Deze ladegreep past goed op je antieke meubel of lade.\" \/>\n<meta property=\"og:url\" content=\"https:\/\/partsandpieces.nl\/de\/produkt\/ringgriff-messing-antik-mit-ruckplatte-40mm\/\" \/>\n<meta property=\"og:site_name\" content=\"Parts &amp; Pieces\" \/>\n<meta property=\"article:modified_time\" content=\"2026-02-09T13:29:06+00:00\" \/>\n<meta property=\"og:image\" content=\"https:\/\/partsandpieces.nl\/wp-content\/uploads\/2020\/07\/Ringgreep-Messing-antiek-met-achterplaat-40mm.jpg\" \/>\n\t<meta property=\"og:image:width\" content=\"480\" \/>\n\t<meta property=\"og:image:height\" content=\"640\" \/>\n\t<meta property=\"og:image:type\" content=\"image\/jpeg\" \/>\n<meta name=\"twitter:card\" content=\"summary_large_image\" \/>\n<meta name=\"twitter:label1\" content=\"Gesch\u00e4tzte Lesezeit\" \/>\n\t<meta name=\"twitter:data1\" content=\"1\u00a0Minute\" \/>\n<script type=\"application\/ld+json\" class=\"yoast-schema-graph\">{\"@context\":\"https:\\\/\\\/schema.org\",\"@graph\":[{\"@type\":\"WebPage\",\"@id\":\"https:\\\/\\\/partsandpieces.nl\\\/product\\\/ringgreep-messing-antiek-met-achterplaat-40mm\\\/\",\"url\":\"https:\\\/\\\/partsandpieces.nl\\\/product\\\/ringgreep-messing-antiek-met-achterplaat-40mm\\\/\",\"name\":\"Ringgreep Messing met achterplaat 40mm antiek\",\"isPartOf\":{\"@id\":\"https:\\\/\\\/partsandpieces.nl\\\/#website\"},\"primaryImageOfPage\":{\"@id\":\"https:\\\/\\\/partsandpieces.nl\\\/product\\\/ringgreep-messing-antiek-met-achterplaat-40mm\\\/#primaryimage\"},\"image\":{\"@id\":\"https:\\\/\\\/partsandpieces.nl\\\/product\\\/ringgreep-messing-antiek-met-achterplaat-40mm\\\/#primaryimage\"},\"thumbnailUrl\":\"https:\\\/\\\/partsandpieces.nl\\\/wp-content\\\/uploads\\\/2020\\\/07\\\/Ringgreep-Messing-antiek-met-achterplaat-40mm.jpg\",\"datePublished\":\"2020-07-28T19:16:06+00:00\",\"dateModified\":\"2026-02-09T13:29:06+00:00\",\"description\":\"Ringgreep Messing antiek met achterplaat 40mm heeft een antieke messing, bronskleurige afwerking. Deze ladegreep past goed op je antieke meubel of lade.\",\"breadcrumb\":{\"@id\":\"https:\\\/\\\/partsandpieces.nl\\\/product\\\/ringgreep-messing-antiek-met-achterplaat-40mm\\\/#breadcrumb\"},\"inLanguage\":\"de\",\"potentialAction\":[{\"@type\":\"ReadAction\",\"target\":[\"https:\\\/\\\/partsandpieces.nl\\\/product\\\/ringgreep-messing-antiek-met-achterplaat-40mm\\\/\"]}]},{\"@type\":\"ImageObject\",\"inLanguage\":\"de\",\"@id\":\"https:\\\/\\\/partsandpieces.nl\\\/product\\\/ringgreep-messing-antiek-met-achterplaat-40mm\\\/#primaryimage\",\"url\":\"https:\\\/\\\/partsandpieces.nl\\\/wp-content\\\/uploads\\\/2020\\\/07\\\/Ringgreep-Messing-antiek-met-achterplaat-40mm.jpg\",\"contentUrl\":\"https:\\\/\\\/partsandpieces.nl\\\/wp-content\\\/uploads\\\/2020\\\/07\\\/Ringgreep-Messing-antiek-met-achterplaat-40mm.jpg\",\"width\":480,\"height\":640,\"caption\":\"Ringgreep Messing antiek met achterplaat 40mm\"},{\"@type\":\"BreadcrumbList\",\"@id\":\"https:\\\/\\\/partsandpieces.nl\\\/product\\\/ringgreep-messing-antiek-met-achterplaat-40mm\\\/#breadcrumb\",\"itemListElement\":[{\"@type\":\"ListItem\",\"position\":1,\"name\":\"Home\",\"item\":\"https:\\\/\\\/partsandpieces.nl\\\/home\\\/\"},{\"@type\":\"ListItem\",\"position\":2,\"name\":\"Winkel\",\"item\":\"https:\\\/\\\/partsandpieces.nl\\\/winkel\\\/\"},{\"@type\":\"ListItem\",\"position\":3,\"name\":\"Ringgreep Messing antiek met achterplaat 40mm\"}]},{\"@type\":\"WebSite\",\"@id\":\"https:\\\/\\\/partsandpieces.nl\\\/#website\",\"url\":\"https:\\\/\\\/partsandpieces.nl\\\/\",\"name\":\"Parts &amp; Pieces\",\"description\":\"Alles voor uw meubelrestauratie en -onderhoud!\",\"potentialAction\":[{\"@type\":\"SearchAction\",\"target\":{\"@type\":\"EntryPoint\",\"urlTemplate\":\"https:\\\/\\\/partsandpieces.nl\\\/?s={search_term_string}\"},\"query-input\":{\"@type\":\"PropertyValueSpecification\",\"valueRequired\":true,\"valueName\":\"search_term_string\"}}],\"inLanguage\":\"de\"}]}<\/script>\n<!-- \/ Yoast SEO plugin. -->","yoast_head_json":{"title":"Ringgriff Messing mit R\u00fcckenplatte 40mm antik","description":"Ringgriff Messing antik mit R\u00fcckenplatte 40mm hat ein antikes Messing, Bronze-Finish. Dieser Schubladengriff passt gut auf Ihre antiken M\u00f6bel oder Schubladen.","robots":{"index":"index","follow":"follow","max-snippet":"max-snippet:-1","max-image-preview":"max-image-preview:large","max-video-preview":"max-video-preview:-1"},"canonical":"https:\/\/partsandpieces.nl\/de\/produkt\/ringgriff-messing-antik-mit-ruckplatte-40mm\/","og_locale":"de_DE","og_type":"article","og_title":"Ringgreep Messing met achterplaat 40mm antiek","og_description":"Ringgreep Messing antiek met achterplaat 40mm heeft een antieke messing, bronskleurige afwerking. Deze ladegreep past goed op je antieke meubel of lade.","og_url":"https:\/\/partsandpieces.nl\/de\/produkt\/ringgriff-messing-antik-mit-ruckplatte-40mm\/","og_site_name":"Parts &amp; Pieces","article_modified_time":"2026-02-09T13:29:06+00:00","og_image":[{"width":480,"height":640,"url":"https:\/\/partsandpieces.nl\/wp-content\/uploads\/2020\/07\/Ringgreep-Messing-antiek-met-achterplaat-40mm.jpg","type":"image\/jpeg"}],"twitter_card":"summary_large_image","twitter_misc":{"Gesch\u00e4tzte Lesezeit":"1\u00a0Minute"},"schema":{"@context":"https:\/\/schema.org","@graph":[{"@type":"WebPage","@id":"https:\/\/partsandpieces.nl\/product\/ringgreep-messing-antiek-met-achterplaat-40mm\/","url":"https:\/\/partsandpieces.nl\/product\/ringgreep-messing-antiek-met-achterplaat-40mm\/","name":"Ringgriff Messing mit R\u00fcckenplatte 40mm antik","isPartOf":{"@id":"https:\/\/partsandpieces.nl\/#website"},"primaryImageOfPage":{"@id":"https:\/\/partsandpieces.nl\/product\/ringgreep-messing-antiek-met-achterplaat-40mm\/#primaryimage"},"image":{"@id":"https:\/\/partsandpieces.nl\/product\/ringgreep-messing-antiek-met-achterplaat-40mm\/#primaryimage"},"thumbnailUrl":"https:\/\/partsandpieces.nl\/wp-content\/uploads\/2020\/07\/Ringgreep-Messing-antiek-met-achterplaat-40mm.jpg","datePublished":"2020-07-28T19:16:06+00:00","dateModified":"2026-02-09T13:29:06+00:00","description":"Ringgriff Messing antik mit R\u00fcckenplatte 40mm hat ein antikes Messing, Bronze-Finish. Dieser Schubladengriff passt gut auf Ihre antiken M\u00f6bel oder Schubladen.","breadcrumb":{"@id":"https:\/\/partsandpieces.nl\/product\/ringgreep-messing-antiek-met-achterplaat-40mm\/#breadcrumb"},"inLanguage":"de","potentialAction":[{"@type":"ReadAction","target":["https:\/\/partsandpieces.nl\/product\/ringgreep-messing-antiek-met-achterplaat-40mm\/"]}]},{"@type":"ImageObject","inLanguage":"de","@id":"https:\/\/partsandpieces.nl\/product\/ringgreep-messing-antiek-met-achterplaat-40mm\/#primaryimage","url":"https:\/\/partsandpieces.nl\/wp-content\/uploads\/2020\/07\/Ringgreep-Messing-antiek-met-achterplaat-40mm.jpg","contentUrl":"https:\/\/partsandpieces.nl\/wp-content\/uploads\/2020\/07\/Ringgreep-Messing-antiek-met-achterplaat-40mm.jpg","width":480,"height":640,"caption":"Ringgreep Messing antiek met achterplaat 40mm"},{"@type":"BreadcrumbList","@id":"https:\/\/partsandpieces.nl\/product\/ringgreep-messing-antiek-met-achterplaat-40mm\/#breadcrumb","itemListElement":[{"@type":"ListItem","position":1,"name":"Home","item":"https:\/\/partsandpieces.nl\/home\/"},{"@type":"ListItem","position":2,"name":"Winkel","item":"https:\/\/partsandpieces.nl\/winkel\/"},{"@type":"ListItem","position":3,"name":"Ringgreep Messing antiek met achterplaat 40mm"}]},{"@type":"WebSite","@id":"https:\/\/partsandpieces.nl\/#website","url":"https:\/\/partsandpieces.nl\/","name":"Teile &amp; St\u00fccke","description":"Alles f\u00fcr Ihre M\u00f6belrestaurierung und -pflege!","potentialAction":[{"@type":"SearchAction","target":{"@type":"EntryPoint","urlTemplate":"https:\/\/partsandpieces.nl\/?s={search_term_string}"},"query-input":{"@type":"PropertyValueSpecification","valueRequired":true,"valueName":"search_term_string"}}],"inLanguage":"de"}]}},"_links":{"self":[{"href":"https:\/\/partsandpieces.nl\/de\/wp-json\/wp\/v2\/product\/1076","targetHints":{"allow":["GET"]}}],"collection":[{"href":"https:\/\/partsandpieces.nl\/de\/wp-json\/wp\/v2\/product"}],"about":[{"href":"https:\/\/partsandpieces.nl\/de\/wp-json\/wp\/v2\/types\/product"}],"wp:featuredmedia":[{"embeddable":true,"href":"https:\/\/partsandpieces.nl\/de\/wp-json\/wp\/v2\/media\/4856"}],"wp:attachment":[{"href":"https:\/\/partsandpieces.nl\/de\/wp-json\/wp\/v2\/media?parent=1076"}],"wp:term":[{"taxonomy":"product_brand","embeddable":true,"href":"https:\/\/partsandpieces.nl\/de\/wp-json\/wp\/v2\/product_brand?post=1076"},{"taxonomy":"product_cat","embeddable":true,"href":"https:\/\/partsandpieces.nl\/de\/wp-json\/wp\/v2\/product_cat?post=1076"},{"taxonomy":"product_tag","embeddable":true,"href":"https:\/\/partsandpieces.nl\/de\/wp-json\/wp\/v2\/product_tag?post=1076"}],"curies":[{"name":"wp","href":"https:\/\/api.w.org\/{rel}","templated":true}]}}