{"id":1080,"date":"2020-07-28T19:19:25","date_gmt":"2020-07-28T17:19:25","guid":{"rendered":"https:\/\/partsandpieces.bonsaidev.nl\/?product=ladetrekker-messing-ant-92x45mm"},"modified":"2025-10-06T11:07:33","modified_gmt":"2025-10-06T09:07:33","slug":"schubladengriff-aus-messing-antik-horizontaler-blumenregen-93-x-32-mm","status":"publish","type":"product","link":"https:\/\/partsandpieces.nl\/de\/product\/ladegreep-messing-antiek-horizontaal-bloemenregen-93x32mm\/","title":{"rendered":"Schubladengriff Messing antik horizontal &#039;Blumenregen&#039; 93x32mm"},"content":{"rendered":"<p><strong>Schubladengriff Messing antik horizontal &#039;Blumenregen&#039; 93x32mm<\/strong> ist ein wundersch\u00f6ner Schubladengriff aus Eisen mit antikem Messingfinish. Der Schubladengriff hat eine sch\u00f6ne Verzierung mit einem Blumenregen. Dieser Griff passt gut zu Ihren antiken oder klassischen M\u00f6beln und Schubladen.<\/p>\n<p><strong>Ma\u00dfe<br \/>\n<\/strong>Schubladengriff Messing antik horizontal &#039;Blumenregen&#039; 93x32mm ist insgesamt 93mm breit und 32mm hoch. Der Griff selbst ist 80 mm breit. Nach der Installation steht dieser Griff 14 mm hervor. Die Bohrungen des Griffs haben einen Abstand von 54 mm. Das Schl\u00fcsselloch ist 16 mm hoch.<\/p>\n<p><strong>Bearbeiten<br \/>\n<\/strong>Sie k\u00f6nnen den Griff mit blind montieren\u00a0<span style=\"text-decoration: underline;\"><a href=\"https:\/\/partsandpieces.nl\/de\/produkt\/schraube-edelstahl-zur-blindmontage-von-mobelbeschlagen-45x4mm-20-stuck\/\">Edelstahlschraube zur Blindbefestigung von M\u00f6belbeschl\u00e4gen (45x4mm)<\/a><\/span>\u00a0Ich schicke diese Schrauben\u00a0<strong>FREI<\/strong>\u00a0mit Ihrer Bestellung.<\/p>","protected":false},"excerpt":{"rendered":"<p>Ladegreep Messing antiek horizontaal \u2018Bloemenregen\u2019 93x32mm is een mooie ladegreep gemaakt van ijzer met een antieke messing afwerking. De ladegreep heeft een mooie versiering met een bloemenregen. Deze greep past goed op je antieke of klassieke meubel en lades. Afmetingen Ladegreep Messing antiek horizontaal \u2018Bloemenregen\u2019 93x32mm is in zijn geheel 93mm breed en 32mm hoog. [&hellip;]<\/p>\n","protected":false},"featured_media":7876,"template":"","meta":{"_acf_changed":false},"product_brand":[],"product_cat":[41,23,48],"product_tag":[],"class_list":{"0":"post-1080","1":"product","2":"type-product","3":"status-publish","4":"has-post-thumbnail","6":"product_cat-ladetrekkers","7":"product_cat-meubelbeslag","8":"product_cat-sleutelplaten","10":"first","11":"instock","12":"taxable","13":"shipping-taxable","14":"purchasable","15":"product-type-simple"},"acf":[],"yoast_head":"<!-- This site is optimized with the Yoast SEO plugin v27.3 - https:\/\/yoast.com\/product\/yoast-seo-wordpress\/ -->\n<title>Ladegreep Messing antiek \u2018Bloemenregen\u2019 93x32mm horizontaal<\/title>\n<meta name=\"description\" content=\"Ladegreep Messing antiek horizontaal \u2018Bloemenregen\u2019 93x32mm heeft een antieke messing afwerking. Ladegreep heeft een mooie versiering met een bloemenregen.\" \/>\n<meta name=\"robots\" content=\"index, follow, max-snippet:-1, max-image-preview:large, max-video-preview:-1\" \/>\n<link rel=\"canonical\" href=\"https:\/\/partsandpieces.nl\/de\/produkt\/schubladengriff-aus-messing-antik-horizontaler-blumenregen-93-x-32-mm\/\" \/>\n<meta property=\"og:locale\" content=\"de_DE\" \/>\n<meta property=\"og:type\" content=\"article\" \/>\n<meta property=\"og:title\" content=\"Ladegreep Messing antiek \u2018Bloemenregen\u2019 93x32mm horizontaal\" \/>\n<meta property=\"og:description\" content=\"Ladegreep Messing antiek horizontaal \u2018Bloemenregen\u2019 93x32mm heeft een antieke messing afwerking. Ladegreep heeft een mooie versiering met een bloemenregen.\" \/>\n<meta property=\"og:url\" content=\"https:\/\/partsandpieces.nl\/de\/produkt\/schubladengriff-aus-messing-antik-horizontaler-blumenregen-93-x-32-mm\/\" \/>\n<meta property=\"og:site_name\" content=\"Parts &amp; Pieces\" \/>\n<meta property=\"article:modified_time\" content=\"2025-10-06T09:07:33+00:00\" \/>\n<meta property=\"og:image\" content=\"https:\/\/partsandpieces.nl\/wp-content\/uploads\/2020\/07\/Ladegreep-Messing-antiek-horizontaal-\u2018Bloemenregen-93x32mm.jpg\" \/>\n\t<meta property=\"og:image:width\" content=\"399\" \/>\n\t<meta property=\"og:image:height\" content=\"399\" \/>\n\t<meta property=\"og:image:type\" content=\"image\/jpeg\" \/>\n<meta name=\"twitter:card\" content=\"summary_large_image\" \/>\n<meta name=\"twitter:label1\" content=\"Gesch\u00e4tzte Lesezeit\" \/>\n\t<meta name=\"twitter:data1\" content=\"1\u00a0Minute\" \/>\n<script type=\"application\/ld+json\" class=\"yoast-schema-graph\">{\"@context\":\"https:\\\/\\\/schema.org\",\"@graph\":[{\"@type\":\"WebPage\",\"@id\":\"https:\\\/\\\/partsandpieces.nl\\\/product\\\/ladegreep-messing-antiek-horizontaal-bloemenregen-93x32mm\\\/\",\"url\":\"https:\\\/\\\/partsandpieces.nl\\\/product\\\/ladegreep-messing-antiek-horizontaal-bloemenregen-93x32mm\\\/\",\"name\":\"Ladegreep Messing antiek \u2018Bloemenregen\u2019 93x32mm horizontaal\",\"isPartOf\":{\"@id\":\"https:\\\/\\\/partsandpieces.nl\\\/#website\"},\"primaryImageOfPage\":{\"@id\":\"https:\\\/\\\/partsandpieces.nl\\\/product\\\/ladegreep-messing-antiek-horizontaal-bloemenregen-93x32mm\\\/#primaryimage\"},\"image\":{\"@id\":\"https:\\\/\\\/partsandpieces.nl\\\/product\\\/ladegreep-messing-antiek-horizontaal-bloemenregen-93x32mm\\\/#primaryimage\"},\"thumbnailUrl\":\"https:\\\/\\\/partsandpieces.nl\\\/wp-content\\\/uploads\\\/2020\\\/07\\\/Ladegreep-Messing-antiek-horizontaal-\u2018Bloemenregen-93x32mm.jpg\",\"datePublished\":\"2020-07-28T17:19:25+00:00\",\"dateModified\":\"2025-10-06T09:07:33+00:00\",\"description\":\"Ladegreep Messing antiek horizontaal \u2018Bloemenregen\u2019 93x32mm heeft een antieke messing afwerking. Ladegreep heeft een mooie versiering met een bloemenregen.\",\"breadcrumb\":{\"@id\":\"https:\\\/\\\/partsandpieces.nl\\\/product\\\/ladegreep-messing-antiek-horizontaal-bloemenregen-93x32mm\\\/#breadcrumb\"},\"inLanguage\":\"de\",\"potentialAction\":[{\"@type\":\"ReadAction\",\"target\":[\"https:\\\/\\\/partsandpieces.nl\\\/product\\\/ladegreep-messing-antiek-horizontaal-bloemenregen-93x32mm\\\/\"]}]},{\"@type\":\"ImageObject\",\"inLanguage\":\"de\",\"@id\":\"https:\\\/\\\/partsandpieces.nl\\\/product\\\/ladegreep-messing-antiek-horizontaal-bloemenregen-93x32mm\\\/#primaryimage\",\"url\":\"https:\\\/\\\/partsandpieces.nl\\\/wp-content\\\/uploads\\\/2020\\\/07\\\/Ladegreep-Messing-antiek-horizontaal-\u2018Bloemenregen-93x32mm.jpg\",\"contentUrl\":\"https:\\\/\\\/partsandpieces.nl\\\/wp-content\\\/uploads\\\/2020\\\/07\\\/Ladegreep-Messing-antiek-horizontaal-\u2018Bloemenregen-93x32mm.jpg\",\"width\":399,\"height\":399,\"caption\":\"Ladegreep Messing antiek horizontaal \u2018Bloemenregen\u2019 93x32mm\"},{\"@type\":\"BreadcrumbList\",\"@id\":\"https:\\\/\\\/partsandpieces.nl\\\/product\\\/ladegreep-messing-antiek-horizontaal-bloemenregen-93x32mm\\\/#breadcrumb\",\"itemListElement\":[{\"@type\":\"ListItem\",\"position\":1,\"name\":\"Home\",\"item\":\"https:\\\/\\\/partsandpieces.nl\\\/home\\\/\"},{\"@type\":\"ListItem\",\"position\":2,\"name\":\"Winkel\",\"item\":\"https:\\\/\\\/partsandpieces.nl\\\/winkel\\\/\"},{\"@type\":\"ListItem\",\"position\":3,\"name\":\"Ladegreep Messing antiek horizontaal \u2018Bloemenregen\u2019 93x32mm\"}]},{\"@type\":\"WebSite\",\"@id\":\"https:\\\/\\\/partsandpieces.nl\\\/#website\",\"url\":\"https:\\\/\\\/partsandpieces.nl\\\/\",\"name\":\"Parts &amp; Pieces\",\"description\":\"Alles voor uw meubelrestauratie en -onderhoud!\",\"potentialAction\":[{\"@type\":\"SearchAction\",\"target\":{\"@type\":\"EntryPoint\",\"urlTemplate\":\"https:\\\/\\\/partsandpieces.nl\\\/?s={search_term_string}\"},\"query-input\":{\"@type\":\"PropertyValueSpecification\",\"valueRequired\":true,\"valueName\":\"search_term_string\"}}],\"inLanguage\":\"de\"}]}<\/script>\n<!-- \/ Yoast SEO plugin. -->","yoast_head_json":{"title":"Schubladengriff Messing antik &#039;Blumenregen&#039; 93x32mm horizontal","description":"Schubladengriff Messing antik horizontal &#039;Flower rain&#039; 93x32mm hat ein antikes Messingfinish. Der Schubladengriff hat eine sch\u00f6ne Dekoration mit einem Blumenregen.","robots":{"index":"index","follow":"follow","max-snippet":"max-snippet:-1","max-image-preview":"max-image-preview:large","max-video-preview":"max-video-preview:-1"},"canonical":"https:\/\/partsandpieces.nl\/de\/produkt\/schubladengriff-aus-messing-antik-horizontaler-blumenregen-93-x-32-mm\/","og_locale":"de_DE","og_type":"article","og_title":"Ladegreep Messing antiek \u2018Bloemenregen\u2019 93x32mm horizontaal","og_description":"Ladegreep Messing antiek horizontaal \u2018Bloemenregen\u2019 93x32mm heeft een antieke messing afwerking. Ladegreep heeft een mooie versiering met een bloemenregen.","og_url":"https:\/\/partsandpieces.nl\/de\/produkt\/schubladengriff-aus-messing-antik-horizontaler-blumenregen-93-x-32-mm\/","og_site_name":"Parts &amp; Pieces","article_modified_time":"2025-10-06T09:07:33+00:00","og_image":[{"width":399,"height":399,"url":"https:\/\/partsandpieces.nl\/wp-content\/uploads\/2020\/07\/Ladegreep-Messing-antiek-horizontaal-\u2018Bloemenregen-93x32mm.jpg","type":"image\/jpeg"}],"twitter_card":"summary_large_image","twitter_misc":{"Gesch\u00e4tzte Lesezeit":"1\u00a0Minute"},"schema":{"@context":"https:\/\/schema.org","@graph":[{"@type":"WebPage","@id":"https:\/\/partsandpieces.nl\/product\/ladegreep-messing-antiek-horizontaal-bloemenregen-93x32mm\/","url":"https:\/\/partsandpieces.nl\/product\/ladegreep-messing-antiek-horizontaal-bloemenregen-93x32mm\/","name":"Schubladengriff Messing antik &#039;Blumenregen&#039; 93x32mm horizontal","isPartOf":{"@id":"https:\/\/partsandpieces.nl\/#website"},"primaryImageOfPage":{"@id":"https:\/\/partsandpieces.nl\/product\/ladegreep-messing-antiek-horizontaal-bloemenregen-93x32mm\/#primaryimage"},"image":{"@id":"https:\/\/partsandpieces.nl\/product\/ladegreep-messing-antiek-horizontaal-bloemenregen-93x32mm\/#primaryimage"},"thumbnailUrl":"https:\/\/partsandpieces.nl\/wp-content\/uploads\/2020\/07\/Ladegreep-Messing-antiek-horizontaal-\u2018Bloemenregen-93x32mm.jpg","datePublished":"2020-07-28T17:19:25+00:00","dateModified":"2025-10-06T09:07:33+00:00","description":"Schubladengriff Messing antik horizontal &#039;Flower rain&#039; 93x32mm hat ein antikes Messingfinish. Der Schubladengriff hat eine sch\u00f6ne Dekoration mit einem Blumenregen.","breadcrumb":{"@id":"https:\/\/partsandpieces.nl\/product\/ladegreep-messing-antiek-horizontaal-bloemenregen-93x32mm\/#breadcrumb"},"inLanguage":"de","potentialAction":[{"@type":"ReadAction","target":["https:\/\/partsandpieces.nl\/product\/ladegreep-messing-antiek-horizontaal-bloemenregen-93x32mm\/"]}]},{"@type":"ImageObject","inLanguage":"de","@id":"https:\/\/partsandpieces.nl\/product\/ladegreep-messing-antiek-horizontaal-bloemenregen-93x32mm\/#primaryimage","url":"https:\/\/partsandpieces.nl\/wp-content\/uploads\/2020\/07\/Ladegreep-Messing-antiek-horizontaal-\u2018Bloemenregen-93x32mm.jpg","contentUrl":"https:\/\/partsandpieces.nl\/wp-content\/uploads\/2020\/07\/Ladegreep-Messing-antiek-horizontaal-\u2018Bloemenregen-93x32mm.jpg","width":399,"height":399,"caption":"Ladegreep Messing antiek horizontaal \u2018Bloemenregen\u2019 93x32mm"},{"@type":"BreadcrumbList","@id":"https:\/\/partsandpieces.nl\/product\/ladegreep-messing-antiek-horizontaal-bloemenregen-93x32mm\/#breadcrumb","itemListElement":[{"@type":"ListItem","position":1,"name":"Home","item":"https:\/\/partsandpieces.nl\/home\/"},{"@type":"ListItem","position":2,"name":"Winkel","item":"https:\/\/partsandpieces.nl\/winkel\/"},{"@type":"ListItem","position":3,"name":"Ladegreep Messing antiek horizontaal \u2018Bloemenregen\u2019 93x32mm"}]},{"@type":"WebSite","@id":"https:\/\/partsandpieces.nl\/#website","url":"https:\/\/partsandpieces.nl\/","name":"Teile &amp; St\u00fccke","description":"Alles f\u00fcr Ihre M\u00f6belrestaurierung und -pflege!","potentialAction":[{"@type":"SearchAction","target":{"@type":"EntryPoint","urlTemplate":"https:\/\/partsandpieces.nl\/?s={search_term_string}"},"query-input":{"@type":"PropertyValueSpecification","valueRequired":true,"valueName":"search_term_string"}}],"inLanguage":"de"}]}},"_links":{"self":[{"href":"https:\/\/partsandpieces.nl\/de\/wp-json\/wp\/v2\/product\/1080","targetHints":{"allow":["GET"]}}],"collection":[{"href":"https:\/\/partsandpieces.nl\/de\/wp-json\/wp\/v2\/product"}],"about":[{"href":"https:\/\/partsandpieces.nl\/de\/wp-json\/wp\/v2\/types\/product"}],"wp:featuredmedia":[{"embeddable":true,"href":"https:\/\/partsandpieces.nl\/de\/wp-json\/wp\/v2\/media\/7876"}],"wp:attachment":[{"href":"https:\/\/partsandpieces.nl\/de\/wp-json\/wp\/v2\/media?parent=1080"}],"wp:term":[{"taxonomy":"product_brand","embeddable":true,"href":"https:\/\/partsandpieces.nl\/de\/wp-json\/wp\/v2\/product_brand?post=1080"},{"taxonomy":"product_cat","embeddable":true,"href":"https:\/\/partsandpieces.nl\/de\/wp-json\/wp\/v2\/product_cat?post=1080"},{"taxonomy":"product_tag","embeddable":true,"href":"https:\/\/partsandpieces.nl\/de\/wp-json\/wp\/v2\/product_tag?post=1080"}],"curies":[{"name":"wp","href":"https:\/\/api.w.org\/{rel}","templated":true}]}}