{"id":10812,"date":"2025-02-14T11:06:25","date_gmt":"2025-02-14T10:06:25","guid":{"rendered":"https:\/\/partsandpieces.nl\/?post_type=product&#038;p=10812"},"modified":"2026-04-07T16:36:53","modified_gmt":"2026-04-07T14:36:53","slug":"romantischer-antiker-messinggriff-mit-weiser-porzellaneinlage-96-mm","status":"publish","type":"product","link":"https:\/\/partsandpieces.nl\/de\/product\/greep-romantisch-messing-antiek-met-porseleinen-inleg-wit-96mm\/","title":{"rendered":"Griff Romantic Brass antik mit Porzellaneinlage wei\u00df 96mm"},"content":{"rendered":"<p><strong>Griff Romantic Brass antik mit Porzellaneinlage wei\u00df 96mm<\/strong> Dieser wundersch\u00f6ne, klassische und romantische Griff aus der Romantic-Linie, Serie 62, von Giusti besticht durch seine Eleganz. Er ist aus einer Zinklegierung gefertigt und hat eine matte, gealterte Messingoberfl\u00e4che. Die Einlage besteht aus wei\u00dfem Porzellan und befindet sich auf der Vorderseite des Griffs, sodass sie ihn nicht vollst\u00e4ndig umschlie\u00dft.<\/p>\n<p>Dieser hochwertige Griff wird in Italien hergestellt.<\/p>\n<p><strong>Ma\u00dfe<br \/>\n<\/strong>Griff Romantic Brass antik mit Porzellaneinlage wei\u00df 96mm ist 112mm breit und 16mm hoch. Dieser Griff steht nach der Montage 33mm \u00fcber. Der Abstand der Bohrl\u00f6cher (Mitte zu Mitte) betr\u00e4gt 96mm.<\/p>\n<p><strong>Bearbeiten<br \/>\n<\/strong>Sie k\u00f6nnen den Griff mit blind montieren\u00a0<a href=\"https:\/\/partsandpieces.nl\/de\/produkt\/schraube-edelstahl-zur-blindmontage-von-mobelbeschlagen-45x4mm-20-stuck\/\">Edelstahlschraube zur Blindbefestigung von M\u00f6belbeschl\u00e4gen (45x4mm)<\/a>. Ich schicke diese Schrauben\u00a0<strong>FREI<\/strong>\u00a0mit Ihrer Bestellung.<\/p>","protected":false},"excerpt":{"rendered":"<p>Greep Romantisch Messing antiek met porseleinen inleg wit 96mm is een mooie, klassieke en romantische greep uit de Romantische lijn serie 62 van Giusti. De greep is gemaakt van een zink legering en heeft een matte verouderde messing finish. De inleg is van wit porselein gemaakt. Deze inleg zit aan de voorkant van de greep [&hellip;]<\/p>\n","protected":false},"featured_media":10814,"template":"","meta":{"_acf_changed":false},"product_brand":[],"product_cat":[25,29,41,23],"product_tag":[],"class_list":{"0":"post-10812","1":"product","2":"type-product","3":"status-publish","4":"has-post-thumbnail","6":"product_cat-aluminium-en-rvs","7":"product_cat-deurtrekkers","8":"product_cat-ladetrekkers","9":"product_cat-meubelbeslag","11":"first","12":"instock","13":"taxable","14":"shipping-taxable","15":"purchasable","16":"product-type-simple"},"acf":[],"yoast_head":"<!-- This site is optimized with the Yoast SEO plugin v27.3 - https:\/\/yoast.com\/product\/yoast-seo-wordpress\/ -->\n<title>Greep Romantisch Messing antiek 96mm met porseleinen inleg wit<\/title>\n<meta name=\"description\" content=\"Greep Romantisch Messing antiek met porseleinen inleg wit 96mm heeft een hoogglans chromen finish. De inleg is van wit porselein gemaakt.\" \/>\n<meta name=\"robots\" content=\"index, follow, max-snippet:-1, max-image-preview:large, max-video-preview:-1\" \/>\n<link rel=\"canonical\" href=\"https:\/\/partsandpieces.nl\/de\/produkt\/romantischer-antiker-messinggriff-mit-weiser-porzellaneinlage-96-mm\/\" \/>\n<meta property=\"og:locale\" content=\"de_DE\" \/>\n<meta property=\"og:type\" content=\"article\" \/>\n<meta property=\"og:title\" content=\"Greep Romantisch Messing antiek 96mm met porseleinen inleg wit\" \/>\n<meta property=\"og:description\" content=\"Greep Romantisch Messing antiek met porseleinen inleg wit 96mm heeft een hoogglans chromen finish. De inleg is van wit porselein gemaakt.\" \/>\n<meta property=\"og:url\" content=\"https:\/\/partsandpieces.nl\/de\/produkt\/romantischer-antiker-messinggriff-mit-weiser-porzellaneinlage-96-mm\/\" \/>\n<meta property=\"og:site_name\" content=\"Parts &amp; Pieces\" \/>\n<meta property=\"article:modified_time\" content=\"2026-04-07T14:36:53+00:00\" \/>\n<meta property=\"og:image\" content=\"https:\/\/partsandpieces.nl\/wp-content\/uploads\/2025\/02\/Greep-Romantisch-Messing-antiek-met-porseleinen-inleg-wit-96mm.jpg\" \/>\n\t<meta property=\"og:image:width\" content=\"1183\" \/>\n\t<meta property=\"og:image:height\" content=\"1186\" \/>\n\t<meta property=\"og:image:type\" content=\"image\/jpeg\" \/>\n<meta name=\"twitter:card\" content=\"summary_large_image\" \/>\n<meta name=\"twitter:label1\" content=\"Gesch\u00e4tzte Lesezeit\" \/>\n\t<meta name=\"twitter:data1\" content=\"1\u00a0Minute\" \/>\n<script type=\"application\/ld+json\" class=\"yoast-schema-graph\">{\"@context\":\"https:\\\/\\\/schema.org\",\"@graph\":[{\"@type\":\"WebPage\",\"@id\":\"https:\\\/\\\/partsandpieces.nl\\\/product\\\/greep-romantisch-messing-antiek-met-porseleinen-inleg-wit-96mm\\\/\",\"url\":\"https:\\\/\\\/partsandpieces.nl\\\/product\\\/greep-romantisch-messing-antiek-met-porseleinen-inleg-wit-96mm\\\/\",\"name\":\"Greep Romantisch Messing antiek 96mm met porseleinen inleg wit\",\"isPartOf\":{\"@id\":\"https:\\\/\\\/partsandpieces.nl\\\/#website\"},\"primaryImageOfPage\":{\"@id\":\"https:\\\/\\\/partsandpieces.nl\\\/product\\\/greep-romantisch-messing-antiek-met-porseleinen-inleg-wit-96mm\\\/#primaryimage\"},\"image\":{\"@id\":\"https:\\\/\\\/partsandpieces.nl\\\/product\\\/greep-romantisch-messing-antiek-met-porseleinen-inleg-wit-96mm\\\/#primaryimage\"},\"thumbnailUrl\":\"https:\\\/\\\/partsandpieces.nl\\\/wp-content\\\/uploads\\\/2025\\\/02\\\/Greep-Romantisch-Messing-antiek-met-porseleinen-inleg-wit-96mm.jpg\",\"datePublished\":\"2025-02-14T10:06:25+00:00\",\"dateModified\":\"2026-04-07T14:36:53+00:00\",\"description\":\"Greep Romantisch Messing antiek met porseleinen inleg wit 96mm heeft een hoogglans chromen finish. De inleg is van wit porselein gemaakt.\",\"breadcrumb\":{\"@id\":\"https:\\\/\\\/partsandpieces.nl\\\/product\\\/greep-romantisch-messing-antiek-met-porseleinen-inleg-wit-96mm\\\/#breadcrumb\"},\"inLanguage\":\"de\",\"potentialAction\":[{\"@type\":\"ReadAction\",\"target\":[\"https:\\\/\\\/partsandpieces.nl\\\/product\\\/greep-romantisch-messing-antiek-met-porseleinen-inleg-wit-96mm\\\/\"]}]},{\"@type\":\"ImageObject\",\"inLanguage\":\"de\",\"@id\":\"https:\\\/\\\/partsandpieces.nl\\\/product\\\/greep-romantisch-messing-antiek-met-porseleinen-inleg-wit-96mm\\\/#primaryimage\",\"url\":\"https:\\\/\\\/partsandpieces.nl\\\/wp-content\\\/uploads\\\/2025\\\/02\\\/Greep-Romantisch-Messing-antiek-met-porseleinen-inleg-wit-96mm.jpg\",\"contentUrl\":\"https:\\\/\\\/partsandpieces.nl\\\/wp-content\\\/uploads\\\/2025\\\/02\\\/Greep-Romantisch-Messing-antiek-met-porseleinen-inleg-wit-96mm.jpg\",\"width\":1183,\"height\":1186,\"caption\":\"Greep Romantisch Messing antiek met porseleinen inleg wit 96mm\"},{\"@type\":\"BreadcrumbList\",\"@id\":\"https:\\\/\\\/partsandpieces.nl\\\/product\\\/greep-romantisch-messing-antiek-met-porseleinen-inleg-wit-96mm\\\/#breadcrumb\",\"itemListElement\":[{\"@type\":\"ListItem\",\"position\":1,\"name\":\"Home\",\"item\":\"https:\\\/\\\/partsandpieces.nl\\\/home\\\/\"},{\"@type\":\"ListItem\",\"position\":2,\"name\":\"Winkel\",\"item\":\"https:\\\/\\\/partsandpieces.nl\\\/winkel\\\/\"},{\"@type\":\"ListItem\",\"position\":3,\"name\":\"Greep Romantisch Messing antiek met porseleinen inleg wit 96mm\"}]},{\"@type\":\"WebSite\",\"@id\":\"https:\\\/\\\/partsandpieces.nl\\\/#website\",\"url\":\"https:\\\/\\\/partsandpieces.nl\\\/\",\"name\":\"Parts &amp; Pieces\",\"description\":\"Alles voor uw meubelrestauratie en -onderhoud!\",\"potentialAction\":[{\"@type\":\"SearchAction\",\"target\":{\"@type\":\"EntryPoint\",\"urlTemplate\":\"https:\\\/\\\/partsandpieces.nl\\\/?s={search_term_string}\"},\"query-input\":{\"@type\":\"PropertyValueSpecification\",\"valueRequired\":true,\"valueName\":\"search_term_string\"}}],\"inLanguage\":\"de\"}]}<\/script>\n<!-- \/ Yoast SEO plugin. -->","yoast_head_json":{"title":"Griff Romantic Brass antik 96mm mit Porzellaninlay wei\u00df","description":"Griff Romantic Brass antik mit Porzellaneinlage wei\u00df 96mm hat eine hochgl\u00e4nzende Chromoberfl\u00e4che. Das Inlay besteht aus wei\u00dfem Porzellan.","robots":{"index":"index","follow":"follow","max-snippet":"max-snippet:-1","max-image-preview":"max-image-preview:large","max-video-preview":"max-video-preview:-1"},"canonical":"https:\/\/partsandpieces.nl\/de\/produkt\/romantischer-antiker-messinggriff-mit-weiser-porzellaneinlage-96-mm\/","og_locale":"de_DE","og_type":"article","og_title":"Greep Romantisch Messing antiek 96mm met porseleinen inleg wit","og_description":"Greep Romantisch Messing antiek met porseleinen inleg wit 96mm heeft een hoogglans chromen finish. De inleg is van wit porselein gemaakt.","og_url":"https:\/\/partsandpieces.nl\/de\/produkt\/romantischer-antiker-messinggriff-mit-weiser-porzellaneinlage-96-mm\/","og_site_name":"Parts &amp; Pieces","article_modified_time":"2026-04-07T14:36:53+00:00","og_image":[{"width":1183,"height":1186,"url":"https:\/\/partsandpieces.nl\/wp-content\/uploads\/2025\/02\/Greep-Romantisch-Messing-antiek-met-porseleinen-inleg-wit-96mm.jpg","type":"image\/jpeg"}],"twitter_card":"summary_large_image","twitter_misc":{"Gesch\u00e4tzte Lesezeit":"1\u00a0Minute"},"schema":{"@context":"https:\/\/schema.org","@graph":[{"@type":"WebPage","@id":"https:\/\/partsandpieces.nl\/product\/greep-romantisch-messing-antiek-met-porseleinen-inleg-wit-96mm\/","url":"https:\/\/partsandpieces.nl\/product\/greep-romantisch-messing-antiek-met-porseleinen-inleg-wit-96mm\/","name":"Griff Romantic Brass antik 96mm mit Porzellaninlay wei\u00df","isPartOf":{"@id":"https:\/\/partsandpieces.nl\/#website"},"primaryImageOfPage":{"@id":"https:\/\/partsandpieces.nl\/product\/greep-romantisch-messing-antiek-met-porseleinen-inleg-wit-96mm\/#primaryimage"},"image":{"@id":"https:\/\/partsandpieces.nl\/product\/greep-romantisch-messing-antiek-met-porseleinen-inleg-wit-96mm\/#primaryimage"},"thumbnailUrl":"https:\/\/partsandpieces.nl\/wp-content\/uploads\/2025\/02\/Greep-Romantisch-Messing-antiek-met-porseleinen-inleg-wit-96mm.jpg","datePublished":"2025-02-14T10:06:25+00:00","dateModified":"2026-04-07T14:36:53+00:00","description":"Griff Romantic Brass antik mit Porzellaneinlage wei\u00df 96mm hat eine hochgl\u00e4nzende Chromoberfl\u00e4che. Das Inlay besteht aus wei\u00dfem Porzellan.","breadcrumb":{"@id":"https:\/\/partsandpieces.nl\/product\/greep-romantisch-messing-antiek-met-porseleinen-inleg-wit-96mm\/#breadcrumb"},"inLanguage":"de","potentialAction":[{"@type":"ReadAction","target":["https:\/\/partsandpieces.nl\/product\/greep-romantisch-messing-antiek-met-porseleinen-inleg-wit-96mm\/"]}]},{"@type":"ImageObject","inLanguage":"de","@id":"https:\/\/partsandpieces.nl\/product\/greep-romantisch-messing-antiek-met-porseleinen-inleg-wit-96mm\/#primaryimage","url":"https:\/\/partsandpieces.nl\/wp-content\/uploads\/2025\/02\/Greep-Romantisch-Messing-antiek-met-porseleinen-inleg-wit-96mm.jpg","contentUrl":"https:\/\/partsandpieces.nl\/wp-content\/uploads\/2025\/02\/Greep-Romantisch-Messing-antiek-met-porseleinen-inleg-wit-96mm.jpg","width":1183,"height":1186,"caption":"Greep Romantisch Messing antiek met porseleinen inleg wit 96mm"},{"@type":"BreadcrumbList","@id":"https:\/\/partsandpieces.nl\/product\/greep-romantisch-messing-antiek-met-porseleinen-inleg-wit-96mm\/#breadcrumb","itemListElement":[{"@type":"ListItem","position":1,"name":"Home","item":"https:\/\/partsandpieces.nl\/home\/"},{"@type":"ListItem","position":2,"name":"Winkel","item":"https:\/\/partsandpieces.nl\/winkel\/"},{"@type":"ListItem","position":3,"name":"Greep Romantisch Messing antiek met porseleinen inleg wit 96mm"}]},{"@type":"WebSite","@id":"https:\/\/partsandpieces.nl\/#website","url":"https:\/\/partsandpieces.nl\/","name":"Teile &amp; St\u00fccke","description":"Alles f\u00fcr Ihre M\u00f6belrestaurierung und -pflege!","potentialAction":[{"@type":"SearchAction","target":{"@type":"EntryPoint","urlTemplate":"https:\/\/partsandpieces.nl\/?s={search_term_string}"},"query-input":{"@type":"PropertyValueSpecification","valueRequired":true,"valueName":"search_term_string"}}],"inLanguage":"de"}]}},"_links":{"self":[{"href":"https:\/\/partsandpieces.nl\/de\/wp-json\/wp\/v2\/product\/10812","targetHints":{"allow":["GET"]}}],"collection":[{"href":"https:\/\/partsandpieces.nl\/de\/wp-json\/wp\/v2\/product"}],"about":[{"href":"https:\/\/partsandpieces.nl\/de\/wp-json\/wp\/v2\/types\/product"}],"wp:featuredmedia":[{"embeddable":true,"href":"https:\/\/partsandpieces.nl\/de\/wp-json\/wp\/v2\/media\/10814"}],"wp:attachment":[{"href":"https:\/\/partsandpieces.nl\/de\/wp-json\/wp\/v2\/media?parent=10812"}],"wp:term":[{"taxonomy":"product_brand","embeddable":true,"href":"https:\/\/partsandpieces.nl\/de\/wp-json\/wp\/v2\/product_brand?post=10812"},{"taxonomy":"product_cat","embeddable":true,"href":"https:\/\/partsandpieces.nl\/de\/wp-json\/wp\/v2\/product_cat?post=10812"},{"taxonomy":"product_tag","embeddable":true,"href":"https:\/\/partsandpieces.nl\/de\/wp-json\/wp\/v2\/product_tag?post=10812"}],"curies":[{"name":"wp","href":"https:\/\/api.w.org\/{rel}","templated":true}]}}