{"id":10851,"date":"2025-02-17T16:07:01","date_gmt":"2025-02-17T15:07:01","guid":{"rendered":"https:\/\/partsandpieces.nl\/?post_type=product&#038;p=10851"},"modified":"2026-03-22T01:17:15","modified_gmt":"2026-03-22T00:17:15","slug":"borma-wax-hohlwachs-bienenwachs-spray-farblos-400ml","status":"publish","type":"product","link":"https:\/\/partsandpieces.nl\/de\/product\/borma-wachs-holzwachs-bijenwas-spray-kleurloos-400ml\/","title":{"rendered":"Borma Wachs Holzwachs Bienenwachsspray Farblos 400ml"},"content":{"rendered":"<p><strong>Holzwachs Bienenwachsspray Farblos<\/strong>\u00a0von\u00a0<a href=\"http:\/\/www.bormawachs.com\/\">Borma Wachs<\/a>\u00a0ist ein authentisches Naturwachs (ohne jegliches Plastiksilikon), mit optimalen N\u00e4hrstoffen. Es besteht aus 100% Bienenwachs und Carnaubawachs. Sch\u00fctzt und poliert alle Holzoberfl\u00e4chen zu einem angenehm weichen Schutzfilm mit antistatischen Eigenschaften. Dieses Produkt bietet dauerhafte Farbstabilit\u00e4t und ist ideal f\u00fcr die Pflege antiker M\u00f6bel.<\/p>\n<p><strong>Anweisungen<\/strong><br \/>\n\u2013 Spr\u00fchdose vor dem Auftragen einige Sekunden gut sch\u00fctteln<br \/>\n\u2013 Vorher an einer unauff\u00e4lligen Stelle auf Farbe testen<br \/>\n\u2013 Spr\u00fchen Sie das Bienenwachsspray farblos aus einer Entfernung von ca. 25 cm auf Ihre M\u00f6bel<br \/>\n\u2013 W\u00e4sche mit einem fusselfreien Tuch gl\u00e4tten und mindestens 20\/30 Minuten trocknen lassen<br \/>\n\u2013 Wenn die Oberfl\u00e4che trocken ist, auf den gew\u00fcnschten Glanzgrad polieren.<\/p>","protected":false},"excerpt":{"rendered":"<p>Holzwachs Bijenwas spray Kleurloos\u00a0van\u00a0Borma Wachs\u00a0is een authentieke natuurlijke was (zonder enige vorm van plastic siliconen), met optimale voedingsstoffen. Het is gemaakt van 100% bijenwas en carnaubawas. Beschermt en polijst alle houten oppervlakken tot een aangename en zachte beschermfilm met antistatische eigenschappen. Dit product biedt kleurstabiliteit in de loop van de tijd en is het ideaal [&hellip;]<\/p>\n","protected":false},"featured_media":4422,"template":"","meta":{"_acf_changed":false},"product_brand":[],"product_cat":[116,75,64],"product_tag":[],"class_list":{"0":"post-10851","1":"product","2":"type-product","3":"status-publish","4":"has-post-thumbnail","6":"product_cat-bijenwas","7":"product_cat-meubelwas","8":"product_cat-oppervlakte-behandeling-borma-wachs","10":"first","11":"instock","12":"taxable","13":"shipping-taxable","14":"purchasable","15":"product-type-simple"},"acf":[],"yoast_head":"<!-- This site is optimized with the Yoast SEO plugin v27.3 - https:\/\/yoast.com\/product\/yoast-seo-wordpress\/ -->\n<title>Bijenwas spray kleurloos van Borma Wachs<\/title>\n<meta name=\"description\" content=\"Holzwachs Bijenwas spray kleurloos\u00a0van\u00a0Borma Wachs\u00a0beschermt en polijst alle houten oppervlakken tot een zachte glans. Gemaakt van 100% bijenwas.\" \/>\n<meta name=\"robots\" content=\"index, follow, max-snippet:-1, max-image-preview:large, max-video-preview:-1\" \/>\n<link rel=\"canonical\" href=\"https:\/\/partsandpieces.nl\/de\/produkt\/borma-wax-hohlwachs-bienenwachs-spray-farblos-400ml\/\" \/>\n<meta property=\"og:locale\" content=\"de_DE\" \/>\n<meta property=\"og:type\" content=\"article\" \/>\n<meta property=\"og:title\" content=\"Bijenwas spray kleurloos van Borma Wachs\" \/>\n<meta property=\"og:description\" content=\"Holzwachs Bijenwas spray kleurloos\u00a0van\u00a0Borma Wachs\u00a0beschermt en polijst alle houten oppervlakken tot een zachte glans. Gemaakt van 100% bijenwas.\" \/>\n<meta property=\"og:url\" content=\"https:\/\/partsandpieces.nl\/de\/produkt\/borma-wax-hohlwachs-bienenwachs-spray-farblos-400ml\/\" \/>\n<meta property=\"og:site_name\" content=\"Parts &amp; Pieces\" \/>\n<meta property=\"article:modified_time\" content=\"2026-03-22T00:17:15+00:00\" \/>\n<meta property=\"og:image\" content=\"https:\/\/partsandpieces.nl\/wp-content\/uploads\/2020\/09\/0215XX.jpg\" \/>\n\t<meta property=\"og:image:width\" content=\"600\" \/>\n\t<meta property=\"og:image:height\" content=\"600\" \/>\n\t<meta property=\"og:image:type\" content=\"image\/jpeg\" \/>\n<meta name=\"twitter:card\" content=\"summary_large_image\" \/>\n<meta name=\"twitter:label1\" content=\"Gesch\u00e4tzte Lesezeit\" \/>\n\t<meta name=\"twitter:data1\" content=\"1\u00a0Minute\" \/>\n<script type=\"application\/ld+json\" class=\"yoast-schema-graph\">{\"@context\":\"https:\\\/\\\/schema.org\",\"@graph\":[{\"@type\":\"WebPage\",\"@id\":\"https:\\\/\\\/partsandpieces.nl\\\/product\\\/borma-wachs-holzwachs-bijenwas-spray-kleurloos-400ml\\\/\",\"url\":\"https:\\\/\\\/partsandpieces.nl\\\/product\\\/borma-wachs-holzwachs-bijenwas-spray-kleurloos-400ml\\\/\",\"name\":\"Bijenwas spray kleurloos van Borma Wachs\",\"isPartOf\":{\"@id\":\"https:\\\/\\\/partsandpieces.nl\\\/#website\"},\"primaryImageOfPage\":{\"@id\":\"https:\\\/\\\/partsandpieces.nl\\\/product\\\/borma-wachs-holzwachs-bijenwas-spray-kleurloos-400ml\\\/#primaryimage\"},\"image\":{\"@id\":\"https:\\\/\\\/partsandpieces.nl\\\/product\\\/borma-wachs-holzwachs-bijenwas-spray-kleurloos-400ml\\\/#primaryimage\"},\"thumbnailUrl\":\"https:\\\/\\\/partsandpieces.nl\\\/wp-content\\\/uploads\\\/2020\\\/09\\\/0215XX.jpg\",\"datePublished\":\"2025-02-17T15:07:01+00:00\",\"dateModified\":\"2026-03-22T00:17:15+00:00\",\"description\":\"Holzwachs Bijenwas spray kleurloos\u00a0van\u00a0Borma Wachs\u00a0beschermt en polijst alle houten oppervlakken tot een zachte glans. Gemaakt van 100% bijenwas.\",\"breadcrumb\":{\"@id\":\"https:\\\/\\\/partsandpieces.nl\\\/product\\\/borma-wachs-holzwachs-bijenwas-spray-kleurloos-400ml\\\/#breadcrumb\"},\"inLanguage\":\"de\",\"potentialAction\":[{\"@type\":\"ReadAction\",\"target\":[\"https:\\\/\\\/partsandpieces.nl\\\/product\\\/borma-wachs-holzwachs-bijenwas-spray-kleurloos-400ml\\\/\"]}]},{\"@type\":\"ImageObject\",\"inLanguage\":\"de\",\"@id\":\"https:\\\/\\\/partsandpieces.nl\\\/product\\\/borma-wachs-holzwachs-bijenwas-spray-kleurloos-400ml\\\/#primaryimage\",\"url\":\"https:\\\/\\\/partsandpieces.nl\\\/wp-content\\\/uploads\\\/2020\\\/09\\\/0215XX.jpg\",\"contentUrl\":\"https:\\\/\\\/partsandpieces.nl\\\/wp-content\\\/uploads\\\/2020\\\/09\\\/0215XX.jpg\",\"width\":600,\"height\":600,\"caption\":\"Borma Wachs Holzwachs Bijenwas spray\"},{\"@type\":\"BreadcrumbList\",\"@id\":\"https:\\\/\\\/partsandpieces.nl\\\/product\\\/borma-wachs-holzwachs-bijenwas-spray-kleurloos-400ml\\\/#breadcrumb\",\"itemListElement\":[{\"@type\":\"ListItem\",\"position\":1,\"name\":\"Home\",\"item\":\"https:\\\/\\\/partsandpieces.nl\\\/home\\\/\"},{\"@type\":\"ListItem\",\"position\":2,\"name\":\"Winkel\",\"item\":\"https:\\\/\\\/partsandpieces.nl\\\/winkel\\\/\"},{\"@type\":\"ListItem\",\"position\":3,\"name\":\"Borma Wachs Holzwachs Bijenwas spray Kleurloos 400ml\"}]},{\"@type\":\"WebSite\",\"@id\":\"https:\\\/\\\/partsandpieces.nl\\\/#website\",\"url\":\"https:\\\/\\\/partsandpieces.nl\\\/\",\"name\":\"Parts &amp; Pieces\",\"description\":\"Alles voor uw meubelrestauratie en -onderhoud!\",\"potentialAction\":[{\"@type\":\"SearchAction\",\"target\":{\"@type\":\"EntryPoint\",\"urlTemplate\":\"https:\\\/\\\/partsandpieces.nl\\\/?s={search_term_string}\"},\"query-input\":{\"@type\":\"PropertyValueSpecification\",\"valueRequired\":true,\"valueName\":\"search_term_string\"}}],\"inLanguage\":\"de\"}]}<\/script>\n<!-- \/ Yoast SEO plugin. -->","yoast_head_json":{"title":"Bienenwachsspray farblos von Borma Wachs","description":"Holzwachs Bienenwachs Spray farblos von Borma Wachs sch\u00fctzt und poliert alle Holzoberfl\u00e4chen auf einen sanften Glanz. Hergestellt aus 100% Bienenwachs.","robots":{"index":"index","follow":"follow","max-snippet":"max-snippet:-1","max-image-preview":"max-image-preview:large","max-video-preview":"max-video-preview:-1"},"canonical":"https:\/\/partsandpieces.nl\/de\/produkt\/borma-wax-hohlwachs-bienenwachs-spray-farblos-400ml\/","og_locale":"de_DE","og_type":"article","og_title":"Bijenwas spray kleurloos van Borma Wachs","og_description":"Holzwachs Bijenwas spray kleurloos\u00a0van\u00a0Borma Wachs\u00a0beschermt en polijst alle houten oppervlakken tot een zachte glans. Gemaakt van 100% bijenwas.","og_url":"https:\/\/partsandpieces.nl\/de\/produkt\/borma-wax-hohlwachs-bienenwachs-spray-farblos-400ml\/","og_site_name":"Parts &amp; Pieces","article_modified_time":"2026-03-22T00:17:15+00:00","og_image":[{"width":600,"height":600,"url":"https:\/\/partsandpieces.nl\/wp-content\/uploads\/2020\/09\/0215XX.jpg","type":"image\/jpeg"}],"twitter_card":"summary_large_image","twitter_misc":{"Gesch\u00e4tzte Lesezeit":"1\u00a0Minute"},"schema":{"@context":"https:\/\/schema.org","@graph":[{"@type":"WebPage","@id":"https:\/\/partsandpieces.nl\/product\/borma-wachs-holzwachs-bijenwas-spray-kleurloos-400ml\/","url":"https:\/\/partsandpieces.nl\/product\/borma-wachs-holzwachs-bijenwas-spray-kleurloos-400ml\/","name":"Bienenwachsspray farblos von Borma Wachs","isPartOf":{"@id":"https:\/\/partsandpieces.nl\/#website"},"primaryImageOfPage":{"@id":"https:\/\/partsandpieces.nl\/product\/borma-wachs-holzwachs-bijenwas-spray-kleurloos-400ml\/#primaryimage"},"image":{"@id":"https:\/\/partsandpieces.nl\/product\/borma-wachs-holzwachs-bijenwas-spray-kleurloos-400ml\/#primaryimage"},"thumbnailUrl":"https:\/\/partsandpieces.nl\/wp-content\/uploads\/2020\/09\/0215XX.jpg","datePublished":"2025-02-17T15:07:01+00:00","dateModified":"2026-03-22T00:17:15+00:00","description":"Holzwachs Bienenwachs Spray farblos von Borma Wachs sch\u00fctzt und poliert alle Holzoberfl\u00e4chen auf einen sanften Glanz. Hergestellt aus 100% Bienenwachs.","breadcrumb":{"@id":"https:\/\/partsandpieces.nl\/product\/borma-wachs-holzwachs-bijenwas-spray-kleurloos-400ml\/#breadcrumb"},"inLanguage":"de","potentialAction":[{"@type":"ReadAction","target":["https:\/\/partsandpieces.nl\/product\/borma-wachs-holzwachs-bijenwas-spray-kleurloos-400ml\/"]}]},{"@type":"ImageObject","inLanguage":"de","@id":"https:\/\/partsandpieces.nl\/product\/borma-wachs-holzwachs-bijenwas-spray-kleurloos-400ml\/#primaryimage","url":"https:\/\/partsandpieces.nl\/wp-content\/uploads\/2020\/09\/0215XX.jpg","contentUrl":"https:\/\/partsandpieces.nl\/wp-content\/uploads\/2020\/09\/0215XX.jpg","width":600,"height":600,"caption":"Borma Wachs Holzwachs Bijenwas spray"},{"@type":"BreadcrumbList","@id":"https:\/\/partsandpieces.nl\/product\/borma-wachs-holzwachs-bijenwas-spray-kleurloos-400ml\/#breadcrumb","itemListElement":[{"@type":"ListItem","position":1,"name":"Home","item":"https:\/\/partsandpieces.nl\/home\/"},{"@type":"ListItem","position":2,"name":"Winkel","item":"https:\/\/partsandpieces.nl\/winkel\/"},{"@type":"ListItem","position":3,"name":"Borma Wachs Holzwachs Bijenwas spray Kleurloos 400ml"}]},{"@type":"WebSite","@id":"https:\/\/partsandpieces.nl\/#website","url":"https:\/\/partsandpieces.nl\/","name":"Teile &amp; St\u00fccke","description":"Alles f\u00fcr Ihre M\u00f6belrestaurierung und -pflege!","potentialAction":[{"@type":"SearchAction","target":{"@type":"EntryPoint","urlTemplate":"https:\/\/partsandpieces.nl\/?s={search_term_string}"},"query-input":{"@type":"PropertyValueSpecification","valueRequired":true,"valueName":"search_term_string"}}],"inLanguage":"de"}]}},"_links":{"self":[{"href":"https:\/\/partsandpieces.nl\/de\/wp-json\/wp\/v2\/product\/10851","targetHints":{"allow":["GET"]}}],"collection":[{"href":"https:\/\/partsandpieces.nl\/de\/wp-json\/wp\/v2\/product"}],"about":[{"href":"https:\/\/partsandpieces.nl\/de\/wp-json\/wp\/v2\/types\/product"}],"wp:featuredmedia":[{"embeddable":true,"href":"https:\/\/partsandpieces.nl\/de\/wp-json\/wp\/v2\/media\/4422"}],"wp:attachment":[{"href":"https:\/\/partsandpieces.nl\/de\/wp-json\/wp\/v2\/media?parent=10851"}],"wp:term":[{"taxonomy":"product_brand","embeddable":true,"href":"https:\/\/partsandpieces.nl\/de\/wp-json\/wp\/v2\/product_brand?post=10851"},{"taxonomy":"product_cat","embeddable":true,"href":"https:\/\/partsandpieces.nl\/de\/wp-json\/wp\/v2\/product_cat?post=10851"},{"taxonomy":"product_tag","embeddable":true,"href":"https:\/\/partsandpieces.nl\/de\/wp-json\/wp\/v2\/product_tag?post=10851"}],"curies":[{"name":"wp","href":"https:\/\/api.w.org\/{rel}","templated":true}]}}