{"id":10908,"date":"2025-02-25T14:26:10","date_gmt":"2025-02-25T13:26:10","guid":{"rendered":"https:\/\/partsandpieces.nl\/?post_type=product&#038;p=10908"},"modified":"2026-04-07T13:27:40","modified_gmt":"2026-04-07T11:27:40","slug":"griff-schwarz-matt-modern-160mm-10-stuck","status":"publish","type":"product","link":"https:\/\/partsandpieces.nl\/de\/product\/greep-zwart-mat-modern-160mm-10-stuks\/","title":{"rendered":"Griff Schwarz matt Modern 160mm (10 St\u00fcck)"},"content":{"rendered":"<p><strong>Griff Schwarz matt Modern 160mm<\/strong> ist ein sch\u00f6ner, schlichter Griff aus der Evolve-Linie Serie 187 von Giusti. Es handelt sich um einen hochwertigen und langlebigen Schubladengriff, der Ihrem Interieur eine coole Note verleiht. Der Griff besteht aus einer Zinklegierung und hat ein mattes, satinschwarzes Finish. Im angebrachten Zustand hat der Griff eine runde Form. Die Griffseite ist flach geformt. Der \u00dcbergang zwischen beiden ist eng, aber dennoch freundlich abgeflacht.<\/p>\n<p>Dieser hochwertige Griff wird in Italien hergestellt.<\/p>\n<p><strong>Ma\u00dfe<br \/>\n<\/strong>Der Griff Schwarz matt Modern 160 mm ist 172 mm breit und der Griff ist 12 mm hoch. Dieser Griff steht nach der Montage 22mm \u00fcber. Der Abstand der Bohrl\u00f6cher (Mitte zu Mitte) betr\u00e4gt 160mm.<\/p>\n<p><strong>Lieferung<\/strong><br \/>\nDiese Griffe werden Ihnen direkt vom Hersteller geliefert. Leider sind keine Befestigungsschrauben im Lieferumfang enthalten. Folgende Schrauben werden ben\u00f6tigt: <a href=\"https:\/\/partsandpieces.nl\/de\/produkt\/schraube-edelstahl-zur-blindmontage-von-mobelbeschlagen-45x4mm-20-stuck\/\">Edelstahlschraube zur Blindbefestigung von M\u00f6belbeschl\u00e4gen (45x4mm) 20 St\u00fcck<\/a>. Die Lieferzeit betr\u00e4gt im Normalfall 3 bis 4 Werktage.<br \/>\nBen\u00f6tigen Sie weitere Teile? Kontaktieren Sie mich f\u00fcr ein individuelles Angebot.<\/p>","protected":false},"excerpt":{"rendered":"<p>Greep Zwart mat Modern 160mm is een mooie, strakke greep uit de Evolve lijn serie 187 van Giusti. Het is een hoogwaardige en duurzame ladegreep die een stoere touch aan je interieur toevoegt. De greep is gemaakt van een zink legering en heeft een mat satijnen zwarte finish. Bij de bevestiging is de greep rond [&hellip;]<\/p>\n","protected":false},"featured_media":10910,"template":"","meta":{"_acf_changed":false},"product_brand":[],"product_cat":[25,29,41,23],"product_tag":[],"class_list":{"0":"post-10908","1":"product","2":"type-product","3":"status-publish","4":"has-post-thumbnail","6":"product_cat-aluminium-en-rvs","7":"product_cat-deurtrekkers","8":"product_cat-ladetrekkers","9":"product_cat-meubelbeslag","11":"first","12":"instock","13":"taxable","14":"shipping-taxable","15":"purchasable","16":"product-type-simple"},"acf":[],"yoast_head":"<!-- This site is optimized with the Yoast SEO plugin v27.3 - https:\/\/yoast.com\/product\/yoast-seo-wordpress\/ -->\n<title>Greep Zwart mat 160mm Modern<\/title>\n<meta name=\"description\" content=\"Greep Zwart mat Modern 160mm is een hoogwaardige en duurzame ladegreep die een stoere touch aan je interieur toevoegt. Heeft een mat satijnen zwarte finish.\" \/>\n<meta name=\"robots\" content=\"index, follow, max-snippet:-1, max-image-preview:large, max-video-preview:-1\" \/>\n<link rel=\"canonical\" href=\"https:\/\/partsandpieces.nl\/de\/produkt\/griff-schwarz-matt-modern-160mm-10-stuck\/\" \/>\n<meta property=\"og:locale\" content=\"de_DE\" \/>\n<meta property=\"og:type\" content=\"article\" \/>\n<meta property=\"og:title\" content=\"Greep Zwart mat 160mm Modern\" \/>\n<meta property=\"og:description\" content=\"Greep Zwart mat Modern 160mm is een hoogwaardige en duurzame ladegreep die een stoere touch aan je interieur toevoegt. Heeft een mat satijnen zwarte finish.\" \/>\n<meta property=\"og:url\" content=\"https:\/\/partsandpieces.nl\/de\/produkt\/griff-schwarz-matt-modern-160mm-10-stuck\/\" \/>\n<meta property=\"og:site_name\" content=\"Parts &amp; Pieces\" \/>\n<meta property=\"article:modified_time\" content=\"2026-04-07T11:27:40+00:00\" \/>\n<meta property=\"og:image\" content=\"https:\/\/partsandpieces.nl\/wp-content\/uploads\/2025\/02\/Greep-Zwart-mat-Modern-160mm.jpg\" \/>\n\t<meta property=\"og:image:width\" content=\"1166\" \/>\n\t<meta property=\"og:image:height\" content=\"1166\" \/>\n\t<meta property=\"og:image:type\" content=\"image\/jpeg\" \/>\n<meta name=\"twitter:card\" content=\"summary_large_image\" \/>\n<meta name=\"twitter:label1\" content=\"Gesch\u00e4tzte Lesezeit\" \/>\n\t<meta name=\"twitter:data1\" content=\"1\u00a0Minute\" \/>\n<script type=\"application\/ld+json\" class=\"yoast-schema-graph\">{\"@context\":\"https:\\\/\\\/schema.org\",\"@graph\":[{\"@type\":\"WebPage\",\"@id\":\"https:\\\/\\\/partsandpieces.nl\\\/product\\\/greep-zwart-mat-modern-160mm-10-stuks\\\/\",\"url\":\"https:\\\/\\\/partsandpieces.nl\\\/product\\\/greep-zwart-mat-modern-160mm-10-stuks\\\/\",\"name\":\"Greep Zwart mat 160mm Modern\",\"isPartOf\":{\"@id\":\"https:\\\/\\\/partsandpieces.nl\\\/#website\"},\"primaryImageOfPage\":{\"@id\":\"https:\\\/\\\/partsandpieces.nl\\\/product\\\/greep-zwart-mat-modern-160mm-10-stuks\\\/#primaryimage\"},\"image\":{\"@id\":\"https:\\\/\\\/partsandpieces.nl\\\/product\\\/greep-zwart-mat-modern-160mm-10-stuks\\\/#primaryimage\"},\"thumbnailUrl\":\"https:\\\/\\\/partsandpieces.nl\\\/wp-content\\\/uploads\\\/2025\\\/02\\\/Greep-Zwart-mat-Modern-160mm.jpg\",\"datePublished\":\"2025-02-25T13:26:10+00:00\",\"dateModified\":\"2026-04-07T11:27:40+00:00\",\"description\":\"Greep Zwart mat Modern 160mm is een hoogwaardige en duurzame ladegreep die een stoere touch aan je interieur toevoegt. Heeft een mat satijnen zwarte finish.\",\"breadcrumb\":{\"@id\":\"https:\\\/\\\/partsandpieces.nl\\\/product\\\/greep-zwart-mat-modern-160mm-10-stuks\\\/#breadcrumb\"},\"inLanguage\":\"de\",\"potentialAction\":[{\"@type\":\"ReadAction\",\"target\":[\"https:\\\/\\\/partsandpieces.nl\\\/product\\\/greep-zwart-mat-modern-160mm-10-stuks\\\/\"]}]},{\"@type\":\"ImageObject\",\"inLanguage\":\"de\",\"@id\":\"https:\\\/\\\/partsandpieces.nl\\\/product\\\/greep-zwart-mat-modern-160mm-10-stuks\\\/#primaryimage\",\"url\":\"https:\\\/\\\/partsandpieces.nl\\\/wp-content\\\/uploads\\\/2025\\\/02\\\/Greep-Zwart-mat-Modern-160mm.jpg\",\"contentUrl\":\"https:\\\/\\\/partsandpieces.nl\\\/wp-content\\\/uploads\\\/2025\\\/02\\\/Greep-Zwart-mat-Modern-160mm.jpg\",\"width\":1166,\"height\":1166,\"caption\":\"Greep Zwart mat Modern 160mm\"},{\"@type\":\"BreadcrumbList\",\"@id\":\"https:\\\/\\\/partsandpieces.nl\\\/product\\\/greep-zwart-mat-modern-160mm-10-stuks\\\/#breadcrumb\",\"itemListElement\":[{\"@type\":\"ListItem\",\"position\":1,\"name\":\"Home\",\"item\":\"https:\\\/\\\/partsandpieces.nl\\\/home\\\/\"},{\"@type\":\"ListItem\",\"position\":2,\"name\":\"Winkel\",\"item\":\"https:\\\/\\\/partsandpieces.nl\\\/winkel\\\/\"},{\"@type\":\"ListItem\",\"position\":3,\"name\":\"Greep Zwart mat Modern 160mm (10 stuks)\"}]},{\"@type\":\"WebSite\",\"@id\":\"https:\\\/\\\/partsandpieces.nl\\\/#website\",\"url\":\"https:\\\/\\\/partsandpieces.nl\\\/\",\"name\":\"Parts &amp; Pieces\",\"description\":\"Alles voor uw meubelrestauratie en -onderhoud!\",\"potentialAction\":[{\"@type\":\"SearchAction\",\"target\":{\"@type\":\"EntryPoint\",\"urlTemplate\":\"https:\\\/\\\/partsandpieces.nl\\\/?s={search_term_string}\"},\"query-input\":{\"@type\":\"PropertyValueSpecification\",\"valueRequired\":true,\"valueName\":\"search_term_string\"}}],\"inLanguage\":\"de\"}]}<\/script>\n<!-- \/ Yoast SEO plugin. -->","yoast_head_json":{"title":"Griff Schwarz matt 160mm Modern","description":"Der Griff Schwarz matt Modern 160 mm ist ein hochwertiger und langlebiger Schubladengriff, der Ihrem Interieur eine coole Note verleiht. Hat ein mattes, satinschwarzes Finish.","robots":{"index":"index","follow":"follow","max-snippet":"max-snippet:-1","max-image-preview":"max-image-preview:large","max-video-preview":"max-video-preview:-1"},"canonical":"https:\/\/partsandpieces.nl\/de\/produkt\/griff-schwarz-matt-modern-160mm-10-stuck\/","og_locale":"de_DE","og_type":"article","og_title":"Greep Zwart mat 160mm Modern","og_description":"Greep Zwart mat Modern 160mm is een hoogwaardige en duurzame ladegreep die een stoere touch aan je interieur toevoegt. Heeft een mat satijnen zwarte finish.","og_url":"https:\/\/partsandpieces.nl\/de\/produkt\/griff-schwarz-matt-modern-160mm-10-stuck\/","og_site_name":"Parts &amp; Pieces","article_modified_time":"2026-04-07T11:27:40+00:00","og_image":[{"width":1166,"height":1166,"url":"https:\/\/partsandpieces.nl\/wp-content\/uploads\/2025\/02\/Greep-Zwart-mat-Modern-160mm.jpg","type":"image\/jpeg"}],"twitter_card":"summary_large_image","twitter_misc":{"Gesch\u00e4tzte Lesezeit":"1\u00a0Minute"},"schema":{"@context":"https:\/\/schema.org","@graph":[{"@type":"WebPage","@id":"https:\/\/partsandpieces.nl\/product\/greep-zwart-mat-modern-160mm-10-stuks\/","url":"https:\/\/partsandpieces.nl\/product\/greep-zwart-mat-modern-160mm-10-stuks\/","name":"Griff Schwarz matt 160mm Modern","isPartOf":{"@id":"https:\/\/partsandpieces.nl\/#website"},"primaryImageOfPage":{"@id":"https:\/\/partsandpieces.nl\/product\/greep-zwart-mat-modern-160mm-10-stuks\/#primaryimage"},"image":{"@id":"https:\/\/partsandpieces.nl\/product\/greep-zwart-mat-modern-160mm-10-stuks\/#primaryimage"},"thumbnailUrl":"https:\/\/partsandpieces.nl\/wp-content\/uploads\/2025\/02\/Greep-Zwart-mat-Modern-160mm.jpg","datePublished":"2025-02-25T13:26:10+00:00","dateModified":"2026-04-07T11:27:40+00:00","description":"Der Griff Schwarz matt Modern 160 mm ist ein hochwertiger und langlebiger Schubladengriff, der Ihrem Interieur eine coole Note verleiht. Hat ein mattes, satinschwarzes Finish.","breadcrumb":{"@id":"https:\/\/partsandpieces.nl\/product\/greep-zwart-mat-modern-160mm-10-stuks\/#breadcrumb"},"inLanguage":"de","potentialAction":[{"@type":"ReadAction","target":["https:\/\/partsandpieces.nl\/product\/greep-zwart-mat-modern-160mm-10-stuks\/"]}]},{"@type":"ImageObject","inLanguage":"de","@id":"https:\/\/partsandpieces.nl\/product\/greep-zwart-mat-modern-160mm-10-stuks\/#primaryimage","url":"https:\/\/partsandpieces.nl\/wp-content\/uploads\/2025\/02\/Greep-Zwart-mat-Modern-160mm.jpg","contentUrl":"https:\/\/partsandpieces.nl\/wp-content\/uploads\/2025\/02\/Greep-Zwart-mat-Modern-160mm.jpg","width":1166,"height":1166,"caption":"Greep Zwart mat Modern 160mm"},{"@type":"BreadcrumbList","@id":"https:\/\/partsandpieces.nl\/product\/greep-zwart-mat-modern-160mm-10-stuks\/#breadcrumb","itemListElement":[{"@type":"ListItem","position":1,"name":"Home","item":"https:\/\/partsandpieces.nl\/home\/"},{"@type":"ListItem","position":2,"name":"Winkel","item":"https:\/\/partsandpieces.nl\/winkel\/"},{"@type":"ListItem","position":3,"name":"Greep Zwart mat Modern 160mm (10 stuks)"}]},{"@type":"WebSite","@id":"https:\/\/partsandpieces.nl\/#website","url":"https:\/\/partsandpieces.nl\/","name":"Teile &amp; St\u00fccke","description":"Alles f\u00fcr Ihre M\u00f6belrestaurierung und -pflege!","potentialAction":[{"@type":"SearchAction","target":{"@type":"EntryPoint","urlTemplate":"https:\/\/partsandpieces.nl\/?s={search_term_string}"},"query-input":{"@type":"PropertyValueSpecification","valueRequired":true,"valueName":"search_term_string"}}],"inLanguage":"de"}]}},"_links":{"self":[{"href":"https:\/\/partsandpieces.nl\/de\/wp-json\/wp\/v2\/product\/10908","targetHints":{"allow":["GET"]}}],"collection":[{"href":"https:\/\/partsandpieces.nl\/de\/wp-json\/wp\/v2\/product"}],"about":[{"href":"https:\/\/partsandpieces.nl\/de\/wp-json\/wp\/v2\/types\/product"}],"wp:featuredmedia":[{"embeddable":true,"href":"https:\/\/partsandpieces.nl\/de\/wp-json\/wp\/v2\/media\/10910"}],"wp:attachment":[{"href":"https:\/\/partsandpieces.nl\/de\/wp-json\/wp\/v2\/media?parent=10908"}],"wp:term":[{"taxonomy":"product_brand","embeddable":true,"href":"https:\/\/partsandpieces.nl\/de\/wp-json\/wp\/v2\/product_brand?post=10908"},{"taxonomy":"product_cat","embeddable":true,"href":"https:\/\/partsandpieces.nl\/de\/wp-json\/wp\/v2\/product_cat?post=10908"},{"taxonomy":"product_tag","embeddable":true,"href":"https:\/\/partsandpieces.nl\/de\/wp-json\/wp\/v2\/product_tag?post=10908"}],"curies":[{"name":"wp","href":"https:\/\/api.w.org\/{rel}","templated":true}]}}