{"id":1092,"date":"2020-07-28T19:32:12","date_gmt":"2020-07-28T17:32:12","guid":{"rendered":"https:\/\/partsandpieces.bonsaidev.nl\/?product=ladetrekker-ovaal-small-70x46"},"modified":"2025-04-03T16:58:40","modified_gmt":"2025-04-03T14:58:40","slug":"schubladengriff-messing-oval-klein-68x46mm","status":"publish","type":"product","link":"https:\/\/partsandpieces.nl\/de\/product\/ladegreep-messing-ovaal-klein-68x46mm\/","title":{"rendered":"Schubladengriff Messing Oval Klein 68x46mm"},"content":{"rendered":"<p><strong>Schubladengriff Messing Oval Klein 68x46mm<\/strong> ist ein wundersch\u00f6ner gestanzter Schubladengriff mit messingfarbener Oberfl\u00e4che. Der Schubladengriff hat eine ovale Form. Im Herzen ist ein geripptes Motiv angebracht, umgeben von einem Perlenkettenmotiv. Dieser Griff passt gut zu Ihren antiken oder klassischen M\u00f6beln und Schubladen.<\/p>\n<p><strong>Ma\u00dfe<br \/>\n<\/strong>Der Schubladengriff Messing Oval Small 68x46mm ist 68mm breit und 46mm hoch. Nach der Installation steht dieser Griff 12 mm hervor. Die Bohrungen des Griffs haben einen Abstand von 56 mm.<\/p>\n<p><strong>Bearbeiten<br \/>\n<\/strong>Sie k\u00f6nnen den Griff mit den mitgelieferten Schrauben blind montieren.<\/p>","protected":false},"excerpt":{"rendered":"<p>Ladegreep Messing Ovaal Klein 68x46mm is een mooie gestanste ladegreep met een messing kleurige afwerking. De ladetrekker is ovaal van vorm. In het hart is een ribbelmotief aangebracht omringd met een parelkettingmotief. Deze greep past goed op je antieke of klassieke meubel en lades. Afmetingen Ladegreep Messing Ovaal Klein 68x46mm is 68mm breed en 46mm [&hellip;]<\/p>\n","protected":false},"featured_media":7664,"template":"","meta":{"_acf_changed":false},"product_brand":[],"product_cat":[41,23],"product_tag":[],"class_list":{"0":"post-1092","1":"product","2":"type-product","3":"status-publish","4":"has-post-thumbnail","6":"product_cat-ladetrekkers","7":"product_cat-meubelbeslag","9":"first","10":"instock","11":"taxable","12":"shipping-taxable","13":"purchasable","14":"product-type-simple"},"acf":[],"yoast_head":"<!-- This site is optimized with the Yoast SEO plugin v27.3 - https:\/\/yoast.com\/product\/yoast-seo-wordpress\/ -->\n<title>Ladegreep Messing Ovaal 68x46mm<\/title>\n<meta name=\"description\" content=\"Ladegreep Messing Ovaal Klein 68x46mm is een mooie gestanste ladegreep met een messing kleurige afwerking. Met een ribbelmotief en parelkettingmotief.\" \/>\n<meta name=\"robots\" content=\"index, follow, max-snippet:-1, max-image-preview:large, max-video-preview:-1\" \/>\n<link rel=\"canonical\" href=\"https:\/\/partsandpieces.nl\/de\/produkt\/schubladengriff-messing-oval-klein-68x46mm\/\" \/>\n<meta property=\"og:locale\" content=\"de_DE\" \/>\n<meta property=\"og:type\" content=\"article\" \/>\n<meta property=\"og:title\" content=\"Ladegreep Messing Ovaal 68x46mm\" \/>\n<meta property=\"og:description\" content=\"Ladegreep Messing Ovaal Klein 68x46mm is een mooie gestanste ladegreep met een messing kleurige afwerking. Met een ribbelmotief en parelkettingmotief.\" \/>\n<meta property=\"og:url\" content=\"https:\/\/partsandpieces.nl\/de\/produkt\/schubladengriff-messing-oval-klein-68x46mm\/\" \/>\n<meta property=\"og:site_name\" content=\"Parts &amp; Pieces\" \/>\n<meta property=\"article:modified_time\" content=\"2025-04-03T14:58:40+00:00\" \/>\n<meta property=\"og:image\" content=\"https:\/\/partsandpieces.nl\/wp-content\/uploads\/2020\/07\/Ladegreep-Messing-Ovaal-Klein-68x46mm.jpg\" \/>\n\t<meta property=\"og:image:width\" content=\"361\" \/>\n\t<meta property=\"og:image:height\" content=\"361\" \/>\n\t<meta property=\"og:image:type\" content=\"image\/jpeg\" \/>\n<meta name=\"twitter:card\" content=\"summary_large_image\" \/>\n<meta name=\"twitter:label1\" content=\"Gesch\u00e4tzte Lesezeit\" \/>\n\t<meta name=\"twitter:data1\" content=\"1\u00a0Minute\" \/>\n<script type=\"application\/ld+json\" class=\"yoast-schema-graph\">{\"@context\":\"https:\\\/\\\/schema.org\",\"@graph\":[{\"@type\":\"WebPage\",\"@id\":\"https:\\\/\\\/partsandpieces.nl\\\/product\\\/ladegreep-messing-ovaal-klein-68x46mm\\\/\",\"url\":\"https:\\\/\\\/partsandpieces.nl\\\/product\\\/ladegreep-messing-ovaal-klein-68x46mm\\\/\",\"name\":\"Ladegreep Messing Ovaal 68x46mm\",\"isPartOf\":{\"@id\":\"https:\\\/\\\/partsandpieces.nl\\\/#website\"},\"primaryImageOfPage\":{\"@id\":\"https:\\\/\\\/partsandpieces.nl\\\/product\\\/ladegreep-messing-ovaal-klein-68x46mm\\\/#primaryimage\"},\"image\":{\"@id\":\"https:\\\/\\\/partsandpieces.nl\\\/product\\\/ladegreep-messing-ovaal-klein-68x46mm\\\/#primaryimage\"},\"thumbnailUrl\":\"https:\\\/\\\/partsandpieces.nl\\\/wp-content\\\/uploads\\\/2020\\\/07\\\/Ladegreep-Messing-Ovaal-Klein-68x46mm.jpg\",\"datePublished\":\"2020-07-28T17:32:12+00:00\",\"dateModified\":\"2025-04-03T14:58:40+00:00\",\"description\":\"Ladegreep Messing Ovaal Klein 68x46mm is een mooie gestanste ladegreep met een messing kleurige afwerking. Met een ribbelmotief en parelkettingmotief.\",\"breadcrumb\":{\"@id\":\"https:\\\/\\\/partsandpieces.nl\\\/product\\\/ladegreep-messing-ovaal-klein-68x46mm\\\/#breadcrumb\"},\"inLanguage\":\"de\",\"potentialAction\":[{\"@type\":\"ReadAction\",\"target\":[\"https:\\\/\\\/partsandpieces.nl\\\/product\\\/ladegreep-messing-ovaal-klein-68x46mm\\\/\"]}]},{\"@type\":\"ImageObject\",\"inLanguage\":\"de\",\"@id\":\"https:\\\/\\\/partsandpieces.nl\\\/product\\\/ladegreep-messing-ovaal-klein-68x46mm\\\/#primaryimage\",\"url\":\"https:\\\/\\\/partsandpieces.nl\\\/wp-content\\\/uploads\\\/2020\\\/07\\\/Ladegreep-Messing-Ovaal-Klein-68x46mm.jpg\",\"contentUrl\":\"https:\\\/\\\/partsandpieces.nl\\\/wp-content\\\/uploads\\\/2020\\\/07\\\/Ladegreep-Messing-Ovaal-Klein-68x46mm.jpg\",\"width\":361,\"height\":361,\"caption\":\"Ladegreep Messing Ovaal Klein 68x46mm\"},{\"@type\":\"BreadcrumbList\",\"@id\":\"https:\\\/\\\/partsandpieces.nl\\\/product\\\/ladegreep-messing-ovaal-klein-68x46mm\\\/#breadcrumb\",\"itemListElement\":[{\"@type\":\"ListItem\",\"position\":1,\"name\":\"Home\",\"item\":\"https:\\\/\\\/partsandpieces.nl\\\/home\\\/\"},{\"@type\":\"ListItem\",\"position\":2,\"name\":\"Winkel\",\"item\":\"https:\\\/\\\/partsandpieces.nl\\\/winkel\\\/\"},{\"@type\":\"ListItem\",\"position\":3,\"name\":\"Ladegreep Messing Ovaal Klein 68x46mm\"}]},{\"@type\":\"WebSite\",\"@id\":\"https:\\\/\\\/partsandpieces.nl\\\/#website\",\"url\":\"https:\\\/\\\/partsandpieces.nl\\\/\",\"name\":\"Parts &amp; Pieces\",\"description\":\"Alles voor uw meubelrestauratie en -onderhoud!\",\"potentialAction\":[{\"@type\":\"SearchAction\",\"target\":{\"@type\":\"EntryPoint\",\"urlTemplate\":\"https:\\\/\\\/partsandpieces.nl\\\/?s={search_term_string}\"},\"query-input\":{\"@type\":\"PropertyValueSpecification\",\"valueRequired\":true,\"valueName\":\"search_term_string\"}}],\"inLanguage\":\"de\"}]}<\/script>\n<!-- \/ Yoast SEO plugin. -->","yoast_head_json":{"title":"Schubladengriff Messing Oval 68x46mm","description":"Der Schubladengriff Messing Oval Small 68x46mm ist ein wundersch\u00f6ner gestanzter Schubladengriff mit messingfarbener Oberfl\u00e4che. Mit Rippenmotiv und Perlenkettenmotiv.","robots":{"index":"index","follow":"follow","max-snippet":"max-snippet:-1","max-image-preview":"max-image-preview:large","max-video-preview":"max-video-preview:-1"},"canonical":"https:\/\/partsandpieces.nl\/de\/produkt\/schubladengriff-messing-oval-klein-68x46mm\/","og_locale":"de_DE","og_type":"article","og_title":"Ladegreep Messing Ovaal 68x46mm","og_description":"Ladegreep Messing Ovaal Klein 68x46mm is een mooie gestanste ladegreep met een messing kleurige afwerking. Met een ribbelmotief en parelkettingmotief.","og_url":"https:\/\/partsandpieces.nl\/de\/produkt\/schubladengriff-messing-oval-klein-68x46mm\/","og_site_name":"Parts &amp; Pieces","article_modified_time":"2025-04-03T14:58:40+00:00","og_image":[{"width":361,"height":361,"url":"https:\/\/partsandpieces.nl\/wp-content\/uploads\/2020\/07\/Ladegreep-Messing-Ovaal-Klein-68x46mm.jpg","type":"image\/jpeg"}],"twitter_card":"summary_large_image","twitter_misc":{"Gesch\u00e4tzte Lesezeit":"1\u00a0Minute"},"schema":{"@context":"https:\/\/schema.org","@graph":[{"@type":"WebPage","@id":"https:\/\/partsandpieces.nl\/product\/ladegreep-messing-ovaal-klein-68x46mm\/","url":"https:\/\/partsandpieces.nl\/product\/ladegreep-messing-ovaal-klein-68x46mm\/","name":"Schubladengriff Messing Oval 68x46mm","isPartOf":{"@id":"https:\/\/partsandpieces.nl\/#website"},"primaryImageOfPage":{"@id":"https:\/\/partsandpieces.nl\/product\/ladegreep-messing-ovaal-klein-68x46mm\/#primaryimage"},"image":{"@id":"https:\/\/partsandpieces.nl\/product\/ladegreep-messing-ovaal-klein-68x46mm\/#primaryimage"},"thumbnailUrl":"https:\/\/partsandpieces.nl\/wp-content\/uploads\/2020\/07\/Ladegreep-Messing-Ovaal-Klein-68x46mm.jpg","datePublished":"2020-07-28T17:32:12+00:00","dateModified":"2025-04-03T14:58:40+00:00","description":"Der Schubladengriff Messing Oval Small 68x46mm ist ein wundersch\u00f6ner gestanzter Schubladengriff mit messingfarbener Oberfl\u00e4che. Mit Rippenmotiv und Perlenkettenmotiv.","breadcrumb":{"@id":"https:\/\/partsandpieces.nl\/product\/ladegreep-messing-ovaal-klein-68x46mm\/#breadcrumb"},"inLanguage":"de","potentialAction":[{"@type":"ReadAction","target":["https:\/\/partsandpieces.nl\/product\/ladegreep-messing-ovaal-klein-68x46mm\/"]}]},{"@type":"ImageObject","inLanguage":"de","@id":"https:\/\/partsandpieces.nl\/product\/ladegreep-messing-ovaal-klein-68x46mm\/#primaryimage","url":"https:\/\/partsandpieces.nl\/wp-content\/uploads\/2020\/07\/Ladegreep-Messing-Ovaal-Klein-68x46mm.jpg","contentUrl":"https:\/\/partsandpieces.nl\/wp-content\/uploads\/2020\/07\/Ladegreep-Messing-Ovaal-Klein-68x46mm.jpg","width":361,"height":361,"caption":"Ladegreep Messing Ovaal Klein 68x46mm"},{"@type":"BreadcrumbList","@id":"https:\/\/partsandpieces.nl\/product\/ladegreep-messing-ovaal-klein-68x46mm\/#breadcrumb","itemListElement":[{"@type":"ListItem","position":1,"name":"Home","item":"https:\/\/partsandpieces.nl\/home\/"},{"@type":"ListItem","position":2,"name":"Winkel","item":"https:\/\/partsandpieces.nl\/winkel\/"},{"@type":"ListItem","position":3,"name":"Ladegreep Messing Ovaal Klein 68x46mm"}]},{"@type":"WebSite","@id":"https:\/\/partsandpieces.nl\/#website","url":"https:\/\/partsandpieces.nl\/","name":"Teile &amp; St\u00fccke","description":"Alles f\u00fcr Ihre M\u00f6belrestaurierung und -pflege!","potentialAction":[{"@type":"SearchAction","target":{"@type":"EntryPoint","urlTemplate":"https:\/\/partsandpieces.nl\/?s={search_term_string}"},"query-input":{"@type":"PropertyValueSpecification","valueRequired":true,"valueName":"search_term_string"}}],"inLanguage":"de"}]}},"_links":{"self":[{"href":"https:\/\/partsandpieces.nl\/de\/wp-json\/wp\/v2\/product\/1092","targetHints":{"allow":["GET"]}}],"collection":[{"href":"https:\/\/partsandpieces.nl\/de\/wp-json\/wp\/v2\/product"}],"about":[{"href":"https:\/\/partsandpieces.nl\/de\/wp-json\/wp\/v2\/types\/product"}],"wp:featuredmedia":[{"embeddable":true,"href":"https:\/\/partsandpieces.nl\/de\/wp-json\/wp\/v2\/media\/7664"}],"wp:attachment":[{"href":"https:\/\/partsandpieces.nl\/de\/wp-json\/wp\/v2\/media?parent=1092"}],"wp:term":[{"taxonomy":"product_brand","embeddable":true,"href":"https:\/\/partsandpieces.nl\/de\/wp-json\/wp\/v2\/product_brand?post=1092"},{"taxonomy":"product_cat","embeddable":true,"href":"https:\/\/partsandpieces.nl\/de\/wp-json\/wp\/v2\/product_cat?post=1092"},{"taxonomy":"product_tag","embeddable":true,"href":"https:\/\/partsandpieces.nl\/de\/wp-json\/wp\/v2\/product_tag?post=1092"}],"curies":[{"name":"wp","href":"https:\/\/api.w.org\/{rel}","templated":true}]}}