{"id":10964,"date":"2025-02-26T14:49:40","date_gmt":"2025-02-26T13:49:40","guid":{"rendered":"https:\/\/partsandpieces.nl\/?post_type=product&#038;p=10964"},"modified":"2026-01-19T13:13:26","modified_gmt":"2026-01-19T12:13:26","slug":"griff-messing-antik-gebogen-96mm-10-stuck","status":"publish","type":"product","link":"https:\/\/partsandpieces.nl\/de\/product\/greep-messing-antiek-gebogen-96mm-10-stuks\/","title":{"rendered":"Griff Messing Antik gebogen 96mm (10 St\u00fcck)"},"content":{"rendered":"<p><strong>Griff Messing Antik gebogen 96mm<\/strong> ist ein stabiler M\u00f6belgriff mit mattiertem Antik-Messing-Finish. Der Griff hat eine runde Form mit gebogenen Enden. Die Rosetten haben eine runde Form. Der Griff besteht aus einer Zinklegierung, was den Griff sehr langlebig und robust macht.<\/p>\n<p>Dieser hochwertige Griff wird in Italien hergestellt.<\/p>\n<p><strong>Ma\u00dfe<br \/>\n<\/strong>Griff Messing Antik gebogen 96mm ist insgesamt 118mm breit. Dieser Griff steht nach der Montage 34mm \u00fcber. Die Dr\u00fcckerrosetten haben einen Durchmesser von 19mm und einen Bohrlochabstand von 96mm.<\/p>\n<p><strong>Bearbeiten<br \/>\n<\/strong>Diese Griffe werden Ihnen direkt vom Hersteller geliefert. Die Lieferung dauert in der Regel 3 bis 4 Werktage.<br \/>\nBen\u00f6tigen Sie weitere Teile? Kontaktieren Sie mich f\u00fcr ein individuelles Angebot.<\/p>","protected":false},"excerpt":{"rendered":"<p>Greep Messing Antiek gebogen 96mm is een stoere meubelgreep met een mat antiek messing afwerking. De greep is rond van vorm met gebogen uiteindes. De rozetten zijn rond van vorm. De greep is gemaakt van een zink legering wat de greep erg duurzaam en robuust maakt. Deze kwalitatief uitstekende greep is gemaakt in Itali\u00eb. Afmetingen [&hellip;]<\/p>\n","protected":false},"featured_media":10967,"template":"","meta":{"_acf_changed":false},"product_brand":[],"product_cat":[29,41,23,53],"product_tag":[],"class_list":{"0":"post-10964","1":"product","2":"type-product","3":"status-publish","4":"has-post-thumbnail","6":"product_cat-deurtrekkers","7":"product_cat-ladetrekkers","8":"product_cat-meubelbeslag","9":"product_cat-vintage-grepen","11":"first","12":"instock","13":"taxable","14":"shipping-taxable","15":"purchasable","16":"product-type-simple"},"acf":[],"yoast_head":"<!-- This site is optimized with the Yoast SEO plugin v27.3 - https:\/\/yoast.com\/product\/yoast-seo-wordpress\/ -->\n<title>Greep Messing gebogen 96mm antiek<\/title>\n<meta name=\"description\" content=\"Greep Messing Antiek gebogen 96mm is een stoere meubelgreep met een mat antiek messing afwerking. De rozetten zijn rond van vorm.\" \/>\n<meta name=\"robots\" content=\"index, follow, max-snippet:-1, max-image-preview:large, max-video-preview:-1\" \/>\n<link rel=\"canonical\" href=\"https:\/\/partsandpieces.nl\/de\/produkt\/griff-messing-antik-gebogen-96mm-10-stuck\/\" \/>\n<meta property=\"og:locale\" content=\"de_DE\" \/>\n<meta property=\"og:type\" content=\"article\" \/>\n<meta property=\"og:title\" content=\"Greep Messing gebogen 96mm antiek\" \/>\n<meta property=\"og:description\" content=\"Greep Messing Antiek gebogen 96mm is een stoere meubelgreep met een mat antiek messing afwerking. De rozetten zijn rond van vorm.\" \/>\n<meta property=\"og:url\" content=\"https:\/\/partsandpieces.nl\/de\/produkt\/griff-messing-antik-gebogen-96mm-10-stuck\/\" \/>\n<meta property=\"og:site_name\" content=\"Parts &amp; Pieces\" \/>\n<meta property=\"article:modified_time\" content=\"2026-01-19T12:13:26+00:00\" \/>\n<meta property=\"og:image\" content=\"https:\/\/partsandpieces.nl\/wp-content\/uploads\/2025\/02\/Greep-Messing-Antiek-gebogen-96mm.jpg\" \/>\n\t<meta property=\"og:image:width\" content=\"1211\" \/>\n\t<meta property=\"og:image:height\" content=\"1211\" \/>\n\t<meta property=\"og:image:type\" content=\"image\/jpeg\" \/>\n<meta name=\"twitter:card\" content=\"summary_large_image\" \/>\n<meta name=\"twitter:label1\" content=\"Gesch\u00e4tzte Lesezeit\" \/>\n\t<meta name=\"twitter:data1\" content=\"1\u00a0Minute\" \/>\n<script type=\"application\/ld+json\" class=\"yoast-schema-graph\">{\"@context\":\"https:\\\/\\\/schema.org\",\"@graph\":[{\"@type\":\"WebPage\",\"@id\":\"https:\\\/\\\/partsandpieces.nl\\\/product\\\/greep-messing-antiek-gebogen-96mm-10-stuks\\\/\",\"url\":\"https:\\\/\\\/partsandpieces.nl\\\/product\\\/greep-messing-antiek-gebogen-96mm-10-stuks\\\/\",\"name\":\"Greep Messing gebogen 96mm antiek\",\"isPartOf\":{\"@id\":\"https:\\\/\\\/partsandpieces.nl\\\/#website\"},\"primaryImageOfPage\":{\"@id\":\"https:\\\/\\\/partsandpieces.nl\\\/product\\\/greep-messing-antiek-gebogen-96mm-10-stuks\\\/#primaryimage\"},\"image\":{\"@id\":\"https:\\\/\\\/partsandpieces.nl\\\/product\\\/greep-messing-antiek-gebogen-96mm-10-stuks\\\/#primaryimage\"},\"thumbnailUrl\":\"https:\\\/\\\/partsandpieces.nl\\\/wp-content\\\/uploads\\\/2025\\\/02\\\/Greep-Messing-Antiek-gebogen-96mm.jpg\",\"datePublished\":\"2025-02-26T13:49:40+00:00\",\"dateModified\":\"2026-01-19T12:13:26+00:00\",\"description\":\"Greep Messing Antiek gebogen 96mm is een stoere meubelgreep met een mat antiek messing afwerking. De rozetten zijn rond van vorm.\",\"breadcrumb\":{\"@id\":\"https:\\\/\\\/partsandpieces.nl\\\/product\\\/greep-messing-antiek-gebogen-96mm-10-stuks\\\/#breadcrumb\"},\"inLanguage\":\"de\",\"potentialAction\":[{\"@type\":\"ReadAction\",\"target\":[\"https:\\\/\\\/partsandpieces.nl\\\/product\\\/greep-messing-antiek-gebogen-96mm-10-stuks\\\/\"]}]},{\"@type\":\"ImageObject\",\"inLanguage\":\"de\",\"@id\":\"https:\\\/\\\/partsandpieces.nl\\\/product\\\/greep-messing-antiek-gebogen-96mm-10-stuks\\\/#primaryimage\",\"url\":\"https:\\\/\\\/partsandpieces.nl\\\/wp-content\\\/uploads\\\/2025\\\/02\\\/Greep-Messing-Antiek-gebogen-96mm.jpg\",\"contentUrl\":\"https:\\\/\\\/partsandpieces.nl\\\/wp-content\\\/uploads\\\/2025\\\/02\\\/Greep-Messing-Antiek-gebogen-96mm.jpg\",\"width\":1211,\"height\":1211,\"caption\":\"Greep Messing Antiek gebogen 96mm\"},{\"@type\":\"BreadcrumbList\",\"@id\":\"https:\\\/\\\/partsandpieces.nl\\\/product\\\/greep-messing-antiek-gebogen-96mm-10-stuks\\\/#breadcrumb\",\"itemListElement\":[{\"@type\":\"ListItem\",\"position\":1,\"name\":\"Home\",\"item\":\"https:\\\/\\\/partsandpieces.nl\\\/home\\\/\"},{\"@type\":\"ListItem\",\"position\":2,\"name\":\"Winkel\",\"item\":\"https:\\\/\\\/partsandpieces.nl\\\/winkel\\\/\"},{\"@type\":\"ListItem\",\"position\":3,\"name\":\"Greep Messing Antiek gebogen 96mm (10 stuks)\"}]},{\"@type\":\"WebSite\",\"@id\":\"https:\\\/\\\/partsandpieces.nl\\\/#website\",\"url\":\"https:\\\/\\\/partsandpieces.nl\\\/\",\"name\":\"Parts &amp; Pieces\",\"description\":\"Alles voor uw meubelrestauratie en -onderhoud!\",\"potentialAction\":[{\"@type\":\"SearchAction\",\"target\":{\"@type\":\"EntryPoint\",\"urlTemplate\":\"https:\\\/\\\/partsandpieces.nl\\\/?s={search_term_string}\"},\"query-input\":{\"@type\":\"PropertyValueSpecification\",\"valueRequired\":true,\"valueName\":\"search_term_string\"}}],\"inLanguage\":\"de\"}]}<\/script>\n<!-- \/ Yoast SEO plugin. -->","yoast_head_json":{"title":"Griff Messing gebogen 96mm antik","description":"Der Griff Messing Antik gebogen 96 mm ist ein stabiler M\u00f6belgriff mit einem matten Antik-Messing-Finish. Die Rosetten haben eine runde Form.","robots":{"index":"index","follow":"follow","max-snippet":"max-snippet:-1","max-image-preview":"max-image-preview:large","max-video-preview":"max-video-preview:-1"},"canonical":"https:\/\/partsandpieces.nl\/de\/produkt\/griff-messing-antik-gebogen-96mm-10-stuck\/","og_locale":"de_DE","og_type":"article","og_title":"Greep Messing gebogen 96mm antiek","og_description":"Greep Messing Antiek gebogen 96mm is een stoere meubelgreep met een mat antiek messing afwerking. De rozetten zijn rond van vorm.","og_url":"https:\/\/partsandpieces.nl\/de\/produkt\/griff-messing-antik-gebogen-96mm-10-stuck\/","og_site_name":"Parts &amp; Pieces","article_modified_time":"2026-01-19T12:13:26+00:00","og_image":[{"width":1211,"height":1211,"url":"https:\/\/partsandpieces.nl\/wp-content\/uploads\/2025\/02\/Greep-Messing-Antiek-gebogen-96mm.jpg","type":"image\/jpeg"}],"twitter_card":"summary_large_image","twitter_misc":{"Gesch\u00e4tzte Lesezeit":"1\u00a0Minute"},"schema":{"@context":"https:\/\/schema.org","@graph":[{"@type":"WebPage","@id":"https:\/\/partsandpieces.nl\/product\/greep-messing-antiek-gebogen-96mm-10-stuks\/","url":"https:\/\/partsandpieces.nl\/product\/greep-messing-antiek-gebogen-96mm-10-stuks\/","name":"Griff Messing gebogen 96mm antik","isPartOf":{"@id":"https:\/\/partsandpieces.nl\/#website"},"primaryImageOfPage":{"@id":"https:\/\/partsandpieces.nl\/product\/greep-messing-antiek-gebogen-96mm-10-stuks\/#primaryimage"},"image":{"@id":"https:\/\/partsandpieces.nl\/product\/greep-messing-antiek-gebogen-96mm-10-stuks\/#primaryimage"},"thumbnailUrl":"https:\/\/partsandpieces.nl\/wp-content\/uploads\/2025\/02\/Greep-Messing-Antiek-gebogen-96mm.jpg","datePublished":"2025-02-26T13:49:40+00:00","dateModified":"2026-01-19T12:13:26+00:00","description":"Der Griff Messing Antik gebogen 96 mm ist ein stabiler M\u00f6belgriff mit einem matten Antik-Messing-Finish. Die Rosetten haben eine runde Form.","breadcrumb":{"@id":"https:\/\/partsandpieces.nl\/product\/greep-messing-antiek-gebogen-96mm-10-stuks\/#breadcrumb"},"inLanguage":"de","potentialAction":[{"@type":"ReadAction","target":["https:\/\/partsandpieces.nl\/product\/greep-messing-antiek-gebogen-96mm-10-stuks\/"]}]},{"@type":"ImageObject","inLanguage":"de","@id":"https:\/\/partsandpieces.nl\/product\/greep-messing-antiek-gebogen-96mm-10-stuks\/#primaryimage","url":"https:\/\/partsandpieces.nl\/wp-content\/uploads\/2025\/02\/Greep-Messing-Antiek-gebogen-96mm.jpg","contentUrl":"https:\/\/partsandpieces.nl\/wp-content\/uploads\/2025\/02\/Greep-Messing-Antiek-gebogen-96mm.jpg","width":1211,"height":1211,"caption":"Greep Messing Antiek gebogen 96mm"},{"@type":"BreadcrumbList","@id":"https:\/\/partsandpieces.nl\/product\/greep-messing-antiek-gebogen-96mm-10-stuks\/#breadcrumb","itemListElement":[{"@type":"ListItem","position":1,"name":"Home","item":"https:\/\/partsandpieces.nl\/home\/"},{"@type":"ListItem","position":2,"name":"Winkel","item":"https:\/\/partsandpieces.nl\/winkel\/"},{"@type":"ListItem","position":3,"name":"Greep Messing Antiek gebogen 96mm (10 stuks)"}]},{"@type":"WebSite","@id":"https:\/\/partsandpieces.nl\/#website","url":"https:\/\/partsandpieces.nl\/","name":"Teile &amp; St\u00fccke","description":"Alles f\u00fcr Ihre M\u00f6belrestaurierung und -pflege!","potentialAction":[{"@type":"SearchAction","target":{"@type":"EntryPoint","urlTemplate":"https:\/\/partsandpieces.nl\/?s={search_term_string}"},"query-input":{"@type":"PropertyValueSpecification","valueRequired":true,"valueName":"search_term_string"}}],"inLanguage":"de"}]}},"_links":{"self":[{"href":"https:\/\/partsandpieces.nl\/de\/wp-json\/wp\/v2\/product\/10964","targetHints":{"allow":["GET"]}}],"collection":[{"href":"https:\/\/partsandpieces.nl\/de\/wp-json\/wp\/v2\/product"}],"about":[{"href":"https:\/\/partsandpieces.nl\/de\/wp-json\/wp\/v2\/types\/product"}],"wp:featuredmedia":[{"embeddable":true,"href":"https:\/\/partsandpieces.nl\/de\/wp-json\/wp\/v2\/media\/10967"}],"wp:attachment":[{"href":"https:\/\/partsandpieces.nl\/de\/wp-json\/wp\/v2\/media?parent=10964"}],"wp:term":[{"taxonomy":"product_brand","embeddable":true,"href":"https:\/\/partsandpieces.nl\/de\/wp-json\/wp\/v2\/product_brand?post=10964"},{"taxonomy":"product_cat","embeddable":true,"href":"https:\/\/partsandpieces.nl\/de\/wp-json\/wp\/v2\/product_cat?post=10964"},{"taxonomy":"product_tag","embeddable":true,"href":"https:\/\/partsandpieces.nl\/de\/wp-json\/wp\/v2\/product_tag?post=10964"}],"curies":[{"name":"wp","href":"https:\/\/api.w.org\/{rel}","templated":true}]}}