{"id":10975,"date":"2025-02-26T15:27:43","date_gmt":"2025-02-26T14:27:43","guid":{"rendered":"https:\/\/partsandpieces.nl\/?post_type=product&#038;p=10975"},"modified":"2026-04-07T10:21:19","modified_gmt":"2026-04-07T08:21:19","slug":"mobelknopf-messing-antik-oval-42mm-10-stuck","status":"publish","type":"product","link":"https:\/\/partsandpieces.nl\/de\/product\/meubelknop-messing-antiek-ovaal-42mm-10-stuks\/","title":{"rendered":"M\u00f6belknopf Messing antik Oval 42mm (10 St\u00fcck)"},"content":{"rendered":"<p><strong>M\u00f6belknopf Messing antik Oval 42mm<\/strong> ist ein wundersch\u00f6ner ovaler M\u00f6belknopf mit antikem Messing-Finish. Das Erscheinungsbild des Knopfes ist leicht gl\u00e4nzend. Dieser Knopf passt gut zu Ihren M\u00f6beln und Schubladen.<\/p>\n<p>Dieser hochwertige Knopf wird in Italien hergestellt.<\/p>\n<p><strong>Ma\u00dfe<br \/>\n<\/strong>M\u00f6belknopf Messing antik Oval 42mm hat einen Durchmesser von 42 bis 28mm. Nach der Montage steht dieser Knopf 27 mm hervor.<\/p>\n<p><strong>Lieferung<\/strong><br \/>\nDiese Tasten werden Ihnen direkt vom Hersteller geliefert. Die Lieferung dauert in der Regel 3 bis 4 Werktage.<br \/>\nBen\u00f6tigen Sie weitere Teile? Kontaktieren Sie mich f\u00fcr ein individuelles Angebot.<\/p>","protected":false},"excerpt":{"rendered":"<p>Meubelknop Messing antiek Ovaal 42mm is een mooie ovale meubelknop met een antieke messing afwerking. De uitstraling van de knop is licht glanzend. Deze knop past goed op je meubel en lades. Deze kwalitatief uitstekende knop is gemaakt in Itali\u00eb. Afmetingen Meubelknop Messing antiek Ovaal 42mm heeft een doorsnede van 42 tot 28mm. Na montage [&hellip;]<\/p>\n","protected":false},"featured_media":10977,"template":"","meta":{"_acf_changed":false},"product_brand":[],"product_cat":[37,23],"product_tag":[],"class_list":{"0":"post-10975","1":"product","2":"type-product","3":"status-publish","4":"has-post-thumbnail","6":"product_cat-knoppen","7":"product_cat-meubelbeslag","9":"first","10":"instock","11":"taxable","12":"shipping-taxable","13":"purchasable","14":"product-type-simple"},"acf":[],"yoast_head":"<!-- This site is optimized with the Yoast SEO plugin v27.3 - https:\/\/yoast.com\/product\/yoast-seo-wordpress\/ -->\n<title>Meubelknop messing ovaal 42mm antiek<\/title>\n<meta name=\"description\" content=\"Meubelknop Messing antiek Ovaal 42mm is een mooie ovale meubelknop met een antieke messing afwerking. De uitstraling van de knop is licht glanzend.\" \/>\n<meta name=\"robots\" content=\"index, follow, max-snippet:-1, max-image-preview:large, max-video-preview:-1\" \/>\n<link rel=\"canonical\" href=\"https:\/\/partsandpieces.nl\/de\/produkt\/mobelknopf-messing-antik-oval-42mm-10-stuck\/\" \/>\n<meta property=\"og:locale\" content=\"de_DE\" \/>\n<meta property=\"og:type\" content=\"article\" \/>\n<meta property=\"og:title\" content=\"Meubelknop messing ovaal 42mm antiek\" \/>\n<meta property=\"og:description\" content=\"Meubelknop Messing antiek Ovaal 42mm is een mooie ovale meubelknop met een antieke messing afwerking. De uitstraling van de knop is licht glanzend.\" \/>\n<meta property=\"og:url\" content=\"https:\/\/partsandpieces.nl\/de\/produkt\/mobelknopf-messing-antik-oval-42mm-10-stuck\/\" \/>\n<meta property=\"og:site_name\" content=\"Parts &amp; Pieces\" \/>\n<meta property=\"article:modified_time\" content=\"2026-04-07T08:21:19+00:00\" \/>\n<meta property=\"og:image\" content=\"https:\/\/partsandpieces.nl\/wp-content\/uploads\/2025\/02\/Knop-Messing-antiek-Ovaal-42mm.jpg\" \/>\n\t<meta property=\"og:image:width\" content=\"1174\" \/>\n\t<meta property=\"og:image:height\" content=\"1178\" \/>\n\t<meta property=\"og:image:type\" content=\"image\/jpeg\" \/>\n<meta name=\"twitter:card\" content=\"summary_large_image\" \/>\n<meta name=\"twitter:label1\" content=\"Gesch\u00e4tzte Lesezeit\" \/>\n\t<meta name=\"twitter:data1\" content=\"1\u00a0Minute\" \/>\n<script type=\"application\/ld+json\" class=\"yoast-schema-graph\">{\"@context\":\"https:\\\/\\\/schema.org\",\"@graph\":[{\"@type\":\"WebPage\",\"@id\":\"https:\\\/\\\/partsandpieces.nl\\\/product\\\/meubelknop-messing-antiek-ovaal-42mm-10-stuks\\\/\",\"url\":\"https:\\\/\\\/partsandpieces.nl\\\/product\\\/meubelknop-messing-antiek-ovaal-42mm-10-stuks\\\/\",\"name\":\"Meubelknop messing ovaal 42mm antiek\",\"isPartOf\":{\"@id\":\"https:\\\/\\\/partsandpieces.nl\\\/#website\"},\"primaryImageOfPage\":{\"@id\":\"https:\\\/\\\/partsandpieces.nl\\\/product\\\/meubelknop-messing-antiek-ovaal-42mm-10-stuks\\\/#primaryimage\"},\"image\":{\"@id\":\"https:\\\/\\\/partsandpieces.nl\\\/product\\\/meubelknop-messing-antiek-ovaal-42mm-10-stuks\\\/#primaryimage\"},\"thumbnailUrl\":\"https:\\\/\\\/partsandpieces.nl\\\/wp-content\\\/uploads\\\/2025\\\/02\\\/Knop-Messing-antiek-Ovaal-42mm.jpg\",\"datePublished\":\"2025-02-26T14:27:43+00:00\",\"dateModified\":\"2026-04-07T08:21:19+00:00\",\"description\":\"Meubelknop Messing antiek Ovaal 42mm is een mooie ovale meubelknop met een antieke messing afwerking. De uitstraling van de knop is licht glanzend.\",\"breadcrumb\":{\"@id\":\"https:\\\/\\\/partsandpieces.nl\\\/product\\\/meubelknop-messing-antiek-ovaal-42mm-10-stuks\\\/#breadcrumb\"},\"inLanguage\":\"de\",\"potentialAction\":[{\"@type\":\"ReadAction\",\"target\":[\"https:\\\/\\\/partsandpieces.nl\\\/product\\\/meubelknop-messing-antiek-ovaal-42mm-10-stuks\\\/\"]}]},{\"@type\":\"ImageObject\",\"inLanguage\":\"de\",\"@id\":\"https:\\\/\\\/partsandpieces.nl\\\/product\\\/meubelknop-messing-antiek-ovaal-42mm-10-stuks\\\/#primaryimage\",\"url\":\"https:\\\/\\\/partsandpieces.nl\\\/wp-content\\\/uploads\\\/2025\\\/02\\\/Knop-Messing-antiek-Ovaal-42mm.jpg\",\"contentUrl\":\"https:\\\/\\\/partsandpieces.nl\\\/wp-content\\\/uploads\\\/2025\\\/02\\\/Knop-Messing-antiek-Ovaal-42mm.jpg\",\"width\":1174,\"height\":1178,\"caption\":\"Knop Messing antiek Ovaal 42mm\"},{\"@type\":\"BreadcrumbList\",\"@id\":\"https:\\\/\\\/partsandpieces.nl\\\/product\\\/meubelknop-messing-antiek-ovaal-42mm-10-stuks\\\/#breadcrumb\",\"itemListElement\":[{\"@type\":\"ListItem\",\"position\":1,\"name\":\"Home\",\"item\":\"https:\\\/\\\/partsandpieces.nl\\\/home\\\/\"},{\"@type\":\"ListItem\",\"position\":2,\"name\":\"Winkel\",\"item\":\"https:\\\/\\\/partsandpieces.nl\\\/winkel\\\/\"},{\"@type\":\"ListItem\",\"position\":3,\"name\":\"Meubelknop Messing antiek Ovaal 42mm (10 stuks)\"}]},{\"@type\":\"WebSite\",\"@id\":\"https:\\\/\\\/partsandpieces.nl\\\/#website\",\"url\":\"https:\\\/\\\/partsandpieces.nl\\\/\",\"name\":\"Parts &amp; Pieces\",\"description\":\"Alles voor uw meubelrestauratie en -onderhoud!\",\"potentialAction\":[{\"@type\":\"SearchAction\",\"target\":{\"@type\":\"EntryPoint\",\"urlTemplate\":\"https:\\\/\\\/partsandpieces.nl\\\/?s={search_term_string}\"},\"query-input\":{\"@type\":\"PropertyValueSpecification\",\"valueRequired\":true,\"valueName\":\"search_term_string\"}}],\"inLanguage\":\"de\"}]}<\/script>\n<!-- \/ Yoast SEO plugin. -->","yoast_head_json":{"title":"M\u00f6belknopf Messing oval 42mm antik","description":"M\u00f6belknopf Messing Antik Oval 42mm ist ein sch\u00f6ner ovaler M\u00f6belknopf mit einem Antikmessing-Finish. Die Optik des Knopfes ist leicht gl\u00e4nzend.","robots":{"index":"index","follow":"follow","max-snippet":"max-snippet:-1","max-image-preview":"max-image-preview:large","max-video-preview":"max-video-preview:-1"},"canonical":"https:\/\/partsandpieces.nl\/de\/produkt\/mobelknopf-messing-antik-oval-42mm-10-stuck\/","og_locale":"de_DE","og_type":"article","og_title":"Meubelknop messing ovaal 42mm antiek","og_description":"Meubelknop Messing antiek Ovaal 42mm is een mooie ovale meubelknop met een antieke messing afwerking. De uitstraling van de knop is licht glanzend.","og_url":"https:\/\/partsandpieces.nl\/de\/produkt\/mobelknopf-messing-antik-oval-42mm-10-stuck\/","og_site_name":"Parts &amp; Pieces","article_modified_time":"2026-04-07T08:21:19+00:00","og_image":[{"width":1174,"height":1178,"url":"https:\/\/partsandpieces.nl\/wp-content\/uploads\/2025\/02\/Knop-Messing-antiek-Ovaal-42mm.jpg","type":"image\/jpeg"}],"twitter_card":"summary_large_image","twitter_misc":{"Gesch\u00e4tzte Lesezeit":"1\u00a0Minute"},"schema":{"@context":"https:\/\/schema.org","@graph":[{"@type":"WebPage","@id":"https:\/\/partsandpieces.nl\/product\/meubelknop-messing-antiek-ovaal-42mm-10-stuks\/","url":"https:\/\/partsandpieces.nl\/product\/meubelknop-messing-antiek-ovaal-42mm-10-stuks\/","name":"M\u00f6belknopf Messing oval 42mm antik","isPartOf":{"@id":"https:\/\/partsandpieces.nl\/#website"},"primaryImageOfPage":{"@id":"https:\/\/partsandpieces.nl\/product\/meubelknop-messing-antiek-ovaal-42mm-10-stuks\/#primaryimage"},"image":{"@id":"https:\/\/partsandpieces.nl\/product\/meubelknop-messing-antiek-ovaal-42mm-10-stuks\/#primaryimage"},"thumbnailUrl":"https:\/\/partsandpieces.nl\/wp-content\/uploads\/2025\/02\/Knop-Messing-antiek-Ovaal-42mm.jpg","datePublished":"2025-02-26T14:27:43+00:00","dateModified":"2026-04-07T08:21:19+00:00","description":"M\u00f6belknopf Messing Antik Oval 42mm ist ein sch\u00f6ner ovaler M\u00f6belknopf mit einem Antikmessing-Finish. Die Optik des Knopfes ist leicht gl\u00e4nzend.","breadcrumb":{"@id":"https:\/\/partsandpieces.nl\/product\/meubelknop-messing-antiek-ovaal-42mm-10-stuks\/#breadcrumb"},"inLanguage":"de","potentialAction":[{"@type":"ReadAction","target":["https:\/\/partsandpieces.nl\/product\/meubelknop-messing-antiek-ovaal-42mm-10-stuks\/"]}]},{"@type":"ImageObject","inLanguage":"de","@id":"https:\/\/partsandpieces.nl\/product\/meubelknop-messing-antiek-ovaal-42mm-10-stuks\/#primaryimage","url":"https:\/\/partsandpieces.nl\/wp-content\/uploads\/2025\/02\/Knop-Messing-antiek-Ovaal-42mm.jpg","contentUrl":"https:\/\/partsandpieces.nl\/wp-content\/uploads\/2025\/02\/Knop-Messing-antiek-Ovaal-42mm.jpg","width":1174,"height":1178,"caption":"Knop Messing antiek Ovaal 42mm"},{"@type":"BreadcrumbList","@id":"https:\/\/partsandpieces.nl\/product\/meubelknop-messing-antiek-ovaal-42mm-10-stuks\/#breadcrumb","itemListElement":[{"@type":"ListItem","position":1,"name":"Home","item":"https:\/\/partsandpieces.nl\/home\/"},{"@type":"ListItem","position":2,"name":"Winkel","item":"https:\/\/partsandpieces.nl\/winkel\/"},{"@type":"ListItem","position":3,"name":"Meubelknop Messing antiek Ovaal 42mm (10 stuks)"}]},{"@type":"WebSite","@id":"https:\/\/partsandpieces.nl\/#website","url":"https:\/\/partsandpieces.nl\/","name":"Teile &amp; St\u00fccke","description":"Alles f\u00fcr Ihre M\u00f6belrestaurierung und -pflege!","potentialAction":[{"@type":"SearchAction","target":{"@type":"EntryPoint","urlTemplate":"https:\/\/partsandpieces.nl\/?s={search_term_string}"},"query-input":{"@type":"PropertyValueSpecification","valueRequired":true,"valueName":"search_term_string"}}],"inLanguage":"de"}]}},"_links":{"self":[{"href":"https:\/\/partsandpieces.nl\/de\/wp-json\/wp\/v2\/product\/10975","targetHints":{"allow":["GET"]}}],"collection":[{"href":"https:\/\/partsandpieces.nl\/de\/wp-json\/wp\/v2\/product"}],"about":[{"href":"https:\/\/partsandpieces.nl\/de\/wp-json\/wp\/v2\/types\/product"}],"wp:featuredmedia":[{"embeddable":true,"href":"https:\/\/partsandpieces.nl\/de\/wp-json\/wp\/v2\/media\/10977"}],"wp:attachment":[{"href":"https:\/\/partsandpieces.nl\/de\/wp-json\/wp\/v2\/media?parent=10975"}],"wp:term":[{"taxonomy":"product_brand","embeddable":true,"href":"https:\/\/partsandpieces.nl\/de\/wp-json\/wp\/v2\/product_brand?post=10975"},{"taxonomy":"product_cat","embeddable":true,"href":"https:\/\/partsandpieces.nl\/de\/wp-json\/wp\/v2\/product_cat?post=10975"},{"taxonomy":"product_tag","embeddable":true,"href":"https:\/\/partsandpieces.nl\/de\/wp-json\/wp\/v2\/product_tag?post=10975"}],"curies":[{"name":"wp","href":"https:\/\/api.w.org\/{rel}","templated":true}]}}