{"id":11003,"date":"2025-02-27T09:44:39","date_gmt":"2025-02-27T08:44:39","guid":{"rendered":"https:\/\/partsandpieces.nl\/?post_type=product&#038;p=11003"},"modified":"2026-04-07T14:13:00","modified_gmt":"2026-04-07T12:13:00","slug":"schalengriff-messing-antik-96mm-10-stuck","status":"publish","type":"product","link":"https:\/\/partsandpieces.nl\/de\/product\/komgreep-antiek-messing-96mm-10-stuks\/","title":{"rendered":"Tassengriff Antik Messing 96mm (10 St\u00fcck)"},"content":{"rendered":"<p><strong>Tassengriff Messing Antik 96mm<\/strong> ist ein eleganter, abgerundeter Sch\u00fcsselgriff. Der Griff besteht aus einer Zinklegierung und hat ein mattes Antik-Messing-Finish. Dieser Schalengriff passt gut in ein klassisches Interieur.<\/p>\n<p>Dieser Sch\u00fcsselgriff wird in Italien hergestellt.<\/p>\n<p><strong>Ma\u00dfe<br \/>\n<\/strong>Tassengriff aus Antikmessing, 96 mm, 105 mm breit. Die H\u00f6he des Sch\u00fcsselgriffs betr\u00e4gt 35mm. Dieser Tassengriff steht nach der Montage 21mm \u00fcber. Die Bohrergr\u00f6\u00dfe (Messung von Mitte zu Mitte) betr\u00e4gt 96 mm<\/p>\n<p><strong>Lieferung<\/strong><br \/>\nDiese Einbaugriffe werden Ihnen direkt vom Hersteller geliefert. Die Lieferung dauert in der Regel 3 bis 4 Werktage.<br \/>\nBen\u00f6tigen Sie weitere Teile? Kontaktieren Sie mich f\u00fcr ein individuelles Angebot.<\/p>","protected":false},"excerpt":{"rendered":"<p>Komgreep Antiek Messing 96mm is een elegante afgeronde komgreep. De greep is gemaakt van een zink legering en heeft een matte antiek messing afwerking. Deze komgreep past goed in een klassiek interieur. Deze komgreep is gemaakt in Itali\u00eb. Afmetingen Komgreep Antiek Messing 96mm is 105mm breed. De hoogte van de komgreep is 35mm. Na montage [&hellip;]<\/p>\n","protected":false},"featured_media":11005,"template":"","meta":{"_acf_changed":false},"product_brand":[],"product_cat":[39,23,53],"product_tag":[],"class_list":{"0":"post-11003","1":"product","2":"type-product","3":"status-publish","4":"has-post-thumbnail","6":"product_cat-komgrepen","7":"product_cat-meubelbeslag","8":"product_cat-vintage-grepen","10":"first","11":"instock","12":"taxable","13":"shipping-taxable","14":"purchasable","15":"product-type-simple"},"acf":[],"yoast_head":"<!-- This site is optimized with the Yoast SEO plugin v27.3 - https:\/\/yoast.com\/product\/yoast-seo-wordpress\/ -->\n<title>Komgreep Antiek Messing 96mm<\/title>\n<meta name=\"description\" content=\"Komgreep Antiek Messing 96mm is een elegante afgeronde komgreep. De greep heeft een matte antiek messing afwerking. Past goed in een klassiek interieur.\" \/>\n<meta name=\"robots\" content=\"index, follow, max-snippet:-1, max-image-preview:large, max-video-preview:-1\" \/>\n<link rel=\"canonical\" href=\"https:\/\/partsandpieces.nl\/de\/produkt\/schalengriff-messing-antik-96mm-10-stuck\/\" \/>\n<meta property=\"og:locale\" content=\"de_DE\" \/>\n<meta property=\"og:type\" content=\"article\" \/>\n<meta property=\"og:title\" content=\"Komgreep Antiek Messing 96mm\" \/>\n<meta property=\"og:description\" content=\"Komgreep Antiek Messing 96mm is een elegante afgeronde komgreep. De greep heeft een matte antiek messing afwerking. Past goed in een klassiek interieur.\" \/>\n<meta property=\"og:url\" content=\"https:\/\/partsandpieces.nl\/de\/produkt\/schalengriff-messing-antik-96mm-10-stuck\/\" \/>\n<meta property=\"og:site_name\" content=\"Parts &amp; Pieces\" \/>\n<meta property=\"article:modified_time\" content=\"2026-04-07T12:13:00+00:00\" \/>\n<meta property=\"og:image\" content=\"https:\/\/partsandpieces.nl\/wp-content\/uploads\/2025\/02\/Komgreep-Antiek-Messing-96mm.jpg\" \/>\n\t<meta property=\"og:image:width\" content=\"1072\" \/>\n\t<meta property=\"og:image:height\" content=\"1078\" \/>\n\t<meta property=\"og:image:type\" content=\"image\/jpeg\" \/>\n<meta name=\"twitter:card\" content=\"summary_large_image\" \/>\n<meta name=\"twitter:label1\" content=\"Gesch\u00e4tzte Lesezeit\" \/>\n\t<meta name=\"twitter:data1\" content=\"1\u00a0Minute\" \/>\n<script type=\"application\/ld+json\" class=\"yoast-schema-graph\">{\"@context\":\"https:\\\/\\\/schema.org\",\"@graph\":[{\"@type\":\"WebPage\",\"@id\":\"https:\\\/\\\/partsandpieces.nl\\\/product\\\/komgreep-antiek-messing-96mm-10-stuks\\\/\",\"url\":\"https:\\\/\\\/partsandpieces.nl\\\/product\\\/komgreep-antiek-messing-96mm-10-stuks\\\/\",\"name\":\"Komgreep Antiek Messing 96mm\",\"isPartOf\":{\"@id\":\"https:\\\/\\\/partsandpieces.nl\\\/#website\"},\"primaryImageOfPage\":{\"@id\":\"https:\\\/\\\/partsandpieces.nl\\\/product\\\/komgreep-antiek-messing-96mm-10-stuks\\\/#primaryimage\"},\"image\":{\"@id\":\"https:\\\/\\\/partsandpieces.nl\\\/product\\\/komgreep-antiek-messing-96mm-10-stuks\\\/#primaryimage\"},\"thumbnailUrl\":\"https:\\\/\\\/partsandpieces.nl\\\/wp-content\\\/uploads\\\/2025\\\/02\\\/Komgreep-Antiek-Messing-96mm.jpg\",\"datePublished\":\"2025-02-27T08:44:39+00:00\",\"dateModified\":\"2026-04-07T12:13:00+00:00\",\"description\":\"Komgreep Antiek Messing 96mm is een elegante afgeronde komgreep. De greep heeft een matte antiek messing afwerking. Past goed in een klassiek interieur.\",\"breadcrumb\":{\"@id\":\"https:\\\/\\\/partsandpieces.nl\\\/product\\\/komgreep-antiek-messing-96mm-10-stuks\\\/#breadcrumb\"},\"inLanguage\":\"de\",\"potentialAction\":[{\"@type\":\"ReadAction\",\"target\":[\"https:\\\/\\\/partsandpieces.nl\\\/product\\\/komgreep-antiek-messing-96mm-10-stuks\\\/\"]}]},{\"@type\":\"ImageObject\",\"inLanguage\":\"de\",\"@id\":\"https:\\\/\\\/partsandpieces.nl\\\/product\\\/komgreep-antiek-messing-96mm-10-stuks\\\/#primaryimage\",\"url\":\"https:\\\/\\\/partsandpieces.nl\\\/wp-content\\\/uploads\\\/2025\\\/02\\\/Komgreep-Antiek-Messing-96mm.jpg\",\"contentUrl\":\"https:\\\/\\\/partsandpieces.nl\\\/wp-content\\\/uploads\\\/2025\\\/02\\\/Komgreep-Antiek-Messing-96mm.jpg\",\"width\":1072,\"height\":1078,\"caption\":\"Komgreep Antiek Messing 96mm\"},{\"@type\":\"BreadcrumbList\",\"@id\":\"https:\\\/\\\/partsandpieces.nl\\\/product\\\/komgreep-antiek-messing-96mm-10-stuks\\\/#breadcrumb\",\"itemListElement\":[{\"@type\":\"ListItem\",\"position\":1,\"name\":\"Home\",\"item\":\"https:\\\/\\\/partsandpieces.nl\\\/home\\\/\"},{\"@type\":\"ListItem\",\"position\":2,\"name\":\"Winkel\",\"item\":\"https:\\\/\\\/partsandpieces.nl\\\/winkel\\\/\"},{\"@type\":\"ListItem\",\"position\":3,\"name\":\"Komgreep Antiek Messing 96mm (10 stuks)\"}]},{\"@type\":\"WebSite\",\"@id\":\"https:\\\/\\\/partsandpieces.nl\\\/#website\",\"url\":\"https:\\\/\\\/partsandpieces.nl\\\/\",\"name\":\"Parts &amp; Pieces\",\"description\":\"Alles voor uw meubelrestauratie en -onderhoud!\",\"potentialAction\":[{\"@type\":\"SearchAction\",\"target\":{\"@type\":\"EntryPoint\",\"urlTemplate\":\"https:\\\/\\\/partsandpieces.nl\\\/?s={search_term_string}\"},\"query-input\":{\"@type\":\"PropertyValueSpecification\",\"valueRequired\":true,\"valueName\":\"search_term_string\"}}],\"inLanguage\":\"de\"}]}<\/script>\n<!-- \/ Yoast SEO plugin. -->","yoast_head_json":{"title":"Tassengriff Messing Antik 96mm","description":"Der Tassengriff aus Antikmessing, 96 mm, ist ein eleganter, abgerundeter Tassengriff. Der Griff hat ein mattes Antikmessing-Finish. Passt gut in ein klassisches Interieur.","robots":{"index":"index","follow":"follow","max-snippet":"max-snippet:-1","max-image-preview":"max-image-preview:large","max-video-preview":"max-video-preview:-1"},"canonical":"https:\/\/partsandpieces.nl\/de\/produkt\/schalengriff-messing-antik-96mm-10-stuck\/","og_locale":"de_DE","og_type":"article","og_title":"Komgreep Antiek Messing 96mm","og_description":"Komgreep Antiek Messing 96mm is een elegante afgeronde komgreep. De greep heeft een matte antiek messing afwerking. Past goed in een klassiek interieur.","og_url":"https:\/\/partsandpieces.nl\/de\/produkt\/schalengriff-messing-antik-96mm-10-stuck\/","og_site_name":"Parts &amp; Pieces","article_modified_time":"2026-04-07T12:13:00+00:00","og_image":[{"width":1072,"height":1078,"url":"https:\/\/partsandpieces.nl\/wp-content\/uploads\/2025\/02\/Komgreep-Antiek-Messing-96mm.jpg","type":"image\/jpeg"}],"twitter_card":"summary_large_image","twitter_misc":{"Gesch\u00e4tzte Lesezeit":"1\u00a0Minute"},"schema":{"@context":"https:\/\/schema.org","@graph":[{"@type":"WebPage","@id":"https:\/\/partsandpieces.nl\/product\/komgreep-antiek-messing-96mm-10-stuks\/","url":"https:\/\/partsandpieces.nl\/product\/komgreep-antiek-messing-96mm-10-stuks\/","name":"Tassengriff Messing Antik 96mm","isPartOf":{"@id":"https:\/\/partsandpieces.nl\/#website"},"primaryImageOfPage":{"@id":"https:\/\/partsandpieces.nl\/product\/komgreep-antiek-messing-96mm-10-stuks\/#primaryimage"},"image":{"@id":"https:\/\/partsandpieces.nl\/product\/komgreep-antiek-messing-96mm-10-stuks\/#primaryimage"},"thumbnailUrl":"https:\/\/partsandpieces.nl\/wp-content\/uploads\/2025\/02\/Komgreep-Antiek-Messing-96mm.jpg","datePublished":"2025-02-27T08:44:39+00:00","dateModified":"2026-04-07T12:13:00+00:00","description":"Der Tassengriff aus Antikmessing, 96 mm, ist ein eleganter, abgerundeter Tassengriff. Der Griff hat ein mattes Antikmessing-Finish. Passt gut in ein klassisches Interieur.","breadcrumb":{"@id":"https:\/\/partsandpieces.nl\/product\/komgreep-antiek-messing-96mm-10-stuks\/#breadcrumb"},"inLanguage":"de","potentialAction":[{"@type":"ReadAction","target":["https:\/\/partsandpieces.nl\/product\/komgreep-antiek-messing-96mm-10-stuks\/"]}]},{"@type":"ImageObject","inLanguage":"de","@id":"https:\/\/partsandpieces.nl\/product\/komgreep-antiek-messing-96mm-10-stuks\/#primaryimage","url":"https:\/\/partsandpieces.nl\/wp-content\/uploads\/2025\/02\/Komgreep-Antiek-Messing-96mm.jpg","contentUrl":"https:\/\/partsandpieces.nl\/wp-content\/uploads\/2025\/02\/Komgreep-Antiek-Messing-96mm.jpg","width":1072,"height":1078,"caption":"Komgreep Antiek Messing 96mm"},{"@type":"BreadcrumbList","@id":"https:\/\/partsandpieces.nl\/product\/komgreep-antiek-messing-96mm-10-stuks\/#breadcrumb","itemListElement":[{"@type":"ListItem","position":1,"name":"Home","item":"https:\/\/partsandpieces.nl\/home\/"},{"@type":"ListItem","position":2,"name":"Winkel","item":"https:\/\/partsandpieces.nl\/winkel\/"},{"@type":"ListItem","position":3,"name":"Komgreep Antiek Messing 96mm (10 stuks)"}]},{"@type":"WebSite","@id":"https:\/\/partsandpieces.nl\/#website","url":"https:\/\/partsandpieces.nl\/","name":"Teile &amp; St\u00fccke","description":"Alles f\u00fcr Ihre M\u00f6belrestaurierung und -pflege!","potentialAction":[{"@type":"SearchAction","target":{"@type":"EntryPoint","urlTemplate":"https:\/\/partsandpieces.nl\/?s={search_term_string}"},"query-input":{"@type":"PropertyValueSpecification","valueRequired":true,"valueName":"search_term_string"}}],"inLanguage":"de"}]}},"_links":{"self":[{"href":"https:\/\/partsandpieces.nl\/de\/wp-json\/wp\/v2\/product\/11003","targetHints":{"allow":["GET"]}}],"collection":[{"href":"https:\/\/partsandpieces.nl\/de\/wp-json\/wp\/v2\/product"}],"about":[{"href":"https:\/\/partsandpieces.nl\/de\/wp-json\/wp\/v2\/types\/product"}],"wp:featuredmedia":[{"embeddable":true,"href":"https:\/\/partsandpieces.nl\/de\/wp-json\/wp\/v2\/media\/11005"}],"wp:attachment":[{"href":"https:\/\/partsandpieces.nl\/de\/wp-json\/wp\/v2\/media?parent=11003"}],"wp:term":[{"taxonomy":"product_brand","embeddable":true,"href":"https:\/\/partsandpieces.nl\/de\/wp-json\/wp\/v2\/product_brand?post=11003"},{"taxonomy":"product_cat","embeddable":true,"href":"https:\/\/partsandpieces.nl\/de\/wp-json\/wp\/v2\/product_cat?post=11003"},{"taxonomy":"product_tag","embeddable":true,"href":"https:\/\/partsandpieces.nl\/de\/wp-json\/wp\/v2\/product_tag?post=11003"}],"curies":[{"name":"wp","href":"https:\/\/api.w.org\/{rel}","templated":true}]}}