{"id":11010,"date":"2025-02-27T10:01:50","date_gmt":"2025-02-27T09:01:50","guid":{"rendered":"https:\/\/partsandpieces.nl\/?post_type=product&#038;p=11010"},"modified":"2026-04-07T14:38:29","modified_gmt":"2026-04-07T12:38:29","slug":"knopf-messing-antik-eckig-28mm-10-stuck","status":"publish","type":"product","link":"https:\/\/partsandpieces.nl\/de\/product\/knop-messing-antiek-vierkant-28mm-10-stuks\/","title":{"rendered":"Knopf Messing antik Quadrat 28mm (10 St\u00fcck)"},"content":{"rendered":"<p><strong>Knopf Messing antik Quadrat 28mm<\/strong> ist ein wundersch\u00f6ner quadratischer M\u00f6belknopf mit antikem Messing-Finish. Die Kanten sind leicht gebogen. Das Erscheinungsbild des Knopfes ist leicht gl\u00e4nzend. Dieser Knopf passt gut zu Ihren klassischen M\u00f6beln und Schubladen. Auch passende Schalengriffe und Schubladengriffe geh\u00f6ren zu meinem Sortiment.<\/p>\n<p>Dieser hochwertige Knopf wird in Italien hergestellt.<\/p>\n<p><strong>Ma\u00dfe<br \/>\n<\/strong>Knopf Messing antik Quadrat 28mm hat einen Durchmesser von 28x28mm. Nach der Montage steht dieser Knopf 24mm hervor.<\/p>\n<p><strong>Lieferung<\/strong><br \/>\nDiese Tasten werden Ihnen direkt vom Hersteller geliefert. Die Lieferung dauert in der Regel 3 bis 4 Werktage.<br \/>\nBen\u00f6tigen Sie weitere Teile? Kontaktieren Sie mich f\u00fcr ein individuelles Angebot.<\/p>","protected":false},"excerpt":{"rendered":"<p>Knop Messing antiek Vierkant 28mm is een mooie vierkante meubelknop met een antieke messing afwerking. De randen zijn licht gebogen. De uitstraling van de knop is licht glanzend. Deze knop past goed op je klassieke meubel en lades. Binnen mijn assortiment vind je ook bijpassende komgrepen en ladegrepen. Deze kwalitatief uitstekende knop is gemaakt in [&hellip;]<\/p>\n","protected":false},"featured_media":11012,"template":"","meta":{"_acf_changed":false},"product_brand":[],"product_cat":[37,23],"product_tag":[],"class_list":{"0":"post-11010","1":"product","2":"type-product","3":"status-publish","4":"has-post-thumbnail","6":"product_cat-knoppen","7":"product_cat-meubelbeslag","9":"first","10":"instock","11":"taxable","12":"shipping-taxable","13":"purchasable","14":"product-type-simple"},"acf":[],"yoast_head":"<!-- This site is optimized with the Yoast SEO plugin v27.3 - https:\/\/yoast.com\/product\/yoast-seo-wordpress\/ -->\n<title>Knop Messing Vierkant 28mm antiek<\/title>\n<meta name=\"description\" content=\"Knop Messing antiek Vierkant 28mm is een mooie vierkante meubelknop met een antieke messing afwerking. De randen zijn licht gebogen.\" \/>\n<meta name=\"robots\" content=\"index, follow, max-snippet:-1, max-image-preview:large, max-video-preview:-1\" \/>\n<link rel=\"canonical\" href=\"https:\/\/partsandpieces.nl\/de\/produkt\/knopf-messing-antik-eckig-28mm-10-stuck\/\" \/>\n<meta property=\"og:locale\" content=\"de_DE\" \/>\n<meta property=\"og:type\" content=\"article\" \/>\n<meta property=\"og:title\" content=\"Knop Messing Vierkant 28mm antiek\" \/>\n<meta property=\"og:description\" content=\"Knop Messing antiek Vierkant 28mm is een mooie vierkante meubelknop met een antieke messing afwerking. De randen zijn licht gebogen.\" \/>\n<meta property=\"og:url\" content=\"https:\/\/partsandpieces.nl\/de\/produkt\/knopf-messing-antik-eckig-28mm-10-stuck\/\" \/>\n<meta property=\"og:site_name\" content=\"Parts &amp; Pieces\" \/>\n<meta property=\"article:modified_time\" content=\"2026-04-07T12:38:29+00:00\" \/>\n<meta property=\"og:image\" content=\"https:\/\/partsandpieces.nl\/wp-content\/uploads\/2025\/02\/Knop-Messing-antiek-Vierkant-28mm.jpg\" \/>\n\t<meta property=\"og:image:width\" content=\"1037\" \/>\n\t<meta property=\"og:image:height\" content=\"1037\" \/>\n\t<meta property=\"og:image:type\" content=\"image\/jpeg\" \/>\n<meta name=\"twitter:card\" content=\"summary_large_image\" \/>\n<meta name=\"twitter:label1\" content=\"Gesch\u00e4tzte Lesezeit\" \/>\n\t<meta name=\"twitter:data1\" content=\"1\u00a0Minute\" \/>\n<script type=\"application\/ld+json\" class=\"yoast-schema-graph\">{\"@context\":\"https:\\\/\\\/schema.org\",\"@graph\":[{\"@type\":\"WebPage\",\"@id\":\"https:\\\/\\\/partsandpieces.nl\\\/product\\\/knop-messing-antiek-vierkant-28mm-10-stuks\\\/\",\"url\":\"https:\\\/\\\/partsandpieces.nl\\\/product\\\/knop-messing-antiek-vierkant-28mm-10-stuks\\\/\",\"name\":\"Knop Messing Vierkant 28mm antiek\",\"isPartOf\":{\"@id\":\"https:\\\/\\\/partsandpieces.nl\\\/#website\"},\"primaryImageOfPage\":{\"@id\":\"https:\\\/\\\/partsandpieces.nl\\\/product\\\/knop-messing-antiek-vierkant-28mm-10-stuks\\\/#primaryimage\"},\"image\":{\"@id\":\"https:\\\/\\\/partsandpieces.nl\\\/product\\\/knop-messing-antiek-vierkant-28mm-10-stuks\\\/#primaryimage\"},\"thumbnailUrl\":\"https:\\\/\\\/partsandpieces.nl\\\/wp-content\\\/uploads\\\/2025\\\/02\\\/Knop-Messing-antiek-Vierkant-28mm.jpg\",\"datePublished\":\"2025-02-27T09:01:50+00:00\",\"dateModified\":\"2026-04-07T12:38:29+00:00\",\"description\":\"Knop Messing antiek Vierkant 28mm is een mooie vierkante meubelknop met een antieke messing afwerking. De randen zijn licht gebogen.\",\"breadcrumb\":{\"@id\":\"https:\\\/\\\/partsandpieces.nl\\\/product\\\/knop-messing-antiek-vierkant-28mm-10-stuks\\\/#breadcrumb\"},\"inLanguage\":\"de\",\"potentialAction\":[{\"@type\":\"ReadAction\",\"target\":[\"https:\\\/\\\/partsandpieces.nl\\\/product\\\/knop-messing-antiek-vierkant-28mm-10-stuks\\\/\"]}]},{\"@type\":\"ImageObject\",\"inLanguage\":\"de\",\"@id\":\"https:\\\/\\\/partsandpieces.nl\\\/product\\\/knop-messing-antiek-vierkant-28mm-10-stuks\\\/#primaryimage\",\"url\":\"https:\\\/\\\/partsandpieces.nl\\\/wp-content\\\/uploads\\\/2025\\\/02\\\/Knop-Messing-antiek-Vierkant-28mm.jpg\",\"contentUrl\":\"https:\\\/\\\/partsandpieces.nl\\\/wp-content\\\/uploads\\\/2025\\\/02\\\/Knop-Messing-antiek-Vierkant-28mm.jpg\",\"width\":1037,\"height\":1037,\"caption\":\"Knop Messing antiek Vierkant 28mm\"},{\"@type\":\"BreadcrumbList\",\"@id\":\"https:\\\/\\\/partsandpieces.nl\\\/product\\\/knop-messing-antiek-vierkant-28mm-10-stuks\\\/#breadcrumb\",\"itemListElement\":[{\"@type\":\"ListItem\",\"position\":1,\"name\":\"Home\",\"item\":\"https:\\\/\\\/partsandpieces.nl\\\/home\\\/\"},{\"@type\":\"ListItem\",\"position\":2,\"name\":\"Winkel\",\"item\":\"https:\\\/\\\/partsandpieces.nl\\\/winkel\\\/\"},{\"@type\":\"ListItem\",\"position\":3,\"name\":\"Knop Messing antiek Vierkant 28mm (10 stuks)\"}]},{\"@type\":\"WebSite\",\"@id\":\"https:\\\/\\\/partsandpieces.nl\\\/#website\",\"url\":\"https:\\\/\\\/partsandpieces.nl\\\/\",\"name\":\"Parts &amp; Pieces\",\"description\":\"Alles voor uw meubelrestauratie en -onderhoud!\",\"potentialAction\":[{\"@type\":\"SearchAction\",\"target\":{\"@type\":\"EntryPoint\",\"urlTemplate\":\"https:\\\/\\\/partsandpieces.nl\\\/?s={search_term_string}\"},\"query-input\":{\"@type\":\"PropertyValueSpecification\",\"valueRequired\":true,\"valueName\":\"search_term_string\"}}],\"inLanguage\":\"de\"}]}<\/script>\n<!-- \/ Yoast SEO plugin. -->","yoast_head_json":{"title":"Knopf Messing Quadrat 28mm antik","description":"Der Knauf Messing antik, quadratisch 28 mm ist ein sch\u00f6ner quadratischer M\u00f6belknopf mit einem antiken Messing-Finish. Die Kanten sind leicht gebogen.","robots":{"index":"index","follow":"follow","max-snippet":"max-snippet:-1","max-image-preview":"max-image-preview:large","max-video-preview":"max-video-preview:-1"},"canonical":"https:\/\/partsandpieces.nl\/de\/produkt\/knopf-messing-antik-eckig-28mm-10-stuck\/","og_locale":"de_DE","og_type":"article","og_title":"Knop Messing Vierkant 28mm antiek","og_description":"Knop Messing antiek Vierkant 28mm is een mooie vierkante meubelknop met een antieke messing afwerking. De randen zijn licht gebogen.","og_url":"https:\/\/partsandpieces.nl\/de\/produkt\/knopf-messing-antik-eckig-28mm-10-stuck\/","og_site_name":"Parts &amp; Pieces","article_modified_time":"2026-04-07T12:38:29+00:00","og_image":[{"width":1037,"height":1037,"url":"https:\/\/partsandpieces.nl\/wp-content\/uploads\/2025\/02\/Knop-Messing-antiek-Vierkant-28mm.jpg","type":"image\/jpeg"}],"twitter_card":"summary_large_image","twitter_misc":{"Gesch\u00e4tzte Lesezeit":"1\u00a0Minute"},"schema":{"@context":"https:\/\/schema.org","@graph":[{"@type":"WebPage","@id":"https:\/\/partsandpieces.nl\/product\/knop-messing-antiek-vierkant-28mm-10-stuks\/","url":"https:\/\/partsandpieces.nl\/product\/knop-messing-antiek-vierkant-28mm-10-stuks\/","name":"Knopf Messing Quadrat 28mm antik","isPartOf":{"@id":"https:\/\/partsandpieces.nl\/#website"},"primaryImageOfPage":{"@id":"https:\/\/partsandpieces.nl\/product\/knop-messing-antiek-vierkant-28mm-10-stuks\/#primaryimage"},"image":{"@id":"https:\/\/partsandpieces.nl\/product\/knop-messing-antiek-vierkant-28mm-10-stuks\/#primaryimage"},"thumbnailUrl":"https:\/\/partsandpieces.nl\/wp-content\/uploads\/2025\/02\/Knop-Messing-antiek-Vierkant-28mm.jpg","datePublished":"2025-02-27T09:01:50+00:00","dateModified":"2026-04-07T12:38:29+00:00","description":"Der Knauf Messing antik, quadratisch 28 mm ist ein sch\u00f6ner quadratischer M\u00f6belknopf mit einem antiken Messing-Finish. Die Kanten sind leicht gebogen.","breadcrumb":{"@id":"https:\/\/partsandpieces.nl\/product\/knop-messing-antiek-vierkant-28mm-10-stuks\/#breadcrumb"},"inLanguage":"de","potentialAction":[{"@type":"ReadAction","target":["https:\/\/partsandpieces.nl\/product\/knop-messing-antiek-vierkant-28mm-10-stuks\/"]}]},{"@type":"ImageObject","inLanguage":"de","@id":"https:\/\/partsandpieces.nl\/product\/knop-messing-antiek-vierkant-28mm-10-stuks\/#primaryimage","url":"https:\/\/partsandpieces.nl\/wp-content\/uploads\/2025\/02\/Knop-Messing-antiek-Vierkant-28mm.jpg","contentUrl":"https:\/\/partsandpieces.nl\/wp-content\/uploads\/2025\/02\/Knop-Messing-antiek-Vierkant-28mm.jpg","width":1037,"height":1037,"caption":"Knop Messing antiek Vierkant 28mm"},{"@type":"BreadcrumbList","@id":"https:\/\/partsandpieces.nl\/product\/knop-messing-antiek-vierkant-28mm-10-stuks\/#breadcrumb","itemListElement":[{"@type":"ListItem","position":1,"name":"Home","item":"https:\/\/partsandpieces.nl\/home\/"},{"@type":"ListItem","position":2,"name":"Winkel","item":"https:\/\/partsandpieces.nl\/winkel\/"},{"@type":"ListItem","position":3,"name":"Knop Messing antiek Vierkant 28mm (10 stuks)"}]},{"@type":"WebSite","@id":"https:\/\/partsandpieces.nl\/#website","url":"https:\/\/partsandpieces.nl\/","name":"Teile &amp; St\u00fccke","description":"Alles f\u00fcr Ihre M\u00f6belrestaurierung und -pflege!","potentialAction":[{"@type":"SearchAction","target":{"@type":"EntryPoint","urlTemplate":"https:\/\/partsandpieces.nl\/?s={search_term_string}"},"query-input":{"@type":"PropertyValueSpecification","valueRequired":true,"valueName":"search_term_string"}}],"inLanguage":"de"}]}},"_links":{"self":[{"href":"https:\/\/partsandpieces.nl\/de\/wp-json\/wp\/v2\/product\/11010","targetHints":{"allow":["GET"]}}],"collection":[{"href":"https:\/\/partsandpieces.nl\/de\/wp-json\/wp\/v2\/product"}],"about":[{"href":"https:\/\/partsandpieces.nl\/de\/wp-json\/wp\/v2\/types\/product"}],"wp:featuredmedia":[{"embeddable":true,"href":"https:\/\/partsandpieces.nl\/de\/wp-json\/wp\/v2\/media\/11012"}],"wp:attachment":[{"href":"https:\/\/partsandpieces.nl\/de\/wp-json\/wp\/v2\/media?parent=11010"}],"wp:term":[{"taxonomy":"product_brand","embeddable":true,"href":"https:\/\/partsandpieces.nl\/de\/wp-json\/wp\/v2\/product_brand?post=11010"},{"taxonomy":"product_cat","embeddable":true,"href":"https:\/\/partsandpieces.nl\/de\/wp-json\/wp\/v2\/product_cat?post=11010"},{"taxonomy":"product_tag","embeddable":true,"href":"https:\/\/partsandpieces.nl\/de\/wp-json\/wp\/v2\/product_tag?post=11010"}],"curies":[{"name":"wp","href":"https:\/\/api.w.org\/{rel}","templated":true}]}}