{"id":1106,"date":"2020-07-28T19:57:27","date_gmt":"2020-07-28T19:57:27","guid":{"rendered":"https:\/\/partsandpieces.bonsaidev.nl\/?product=greep-zam-96-vintage-black-zwart-110x10-mm"},"modified":"2026-01-06T08:30:38","modified_gmt":"2026-01-06T07:30:38","slug":"industrieller-quadratischer-griff-96-mm","status":"publish","type":"product","link":"https:\/\/partsandpieces.nl\/de\/product\/greep-industrieel-vierkant-96mm\/","title":{"rendered":"Griff Industrial quadratisch 96mm"},"content":{"rendered":"<p><strong>Griff Industrial quadratisch 96mm<\/strong> ist ein robuster M\u00f6belgriff mit mattschwarzer \/ bronzefarbener Oberfl\u00e4che. Der Griff ist nicht tiefschwarz, sondern hat einen interessanten Mix aus schwarzer und bronzefarbener Optik. Der Griff ist quadratisch mit gebogenen Enden. Die Seiten sind ganz leicht gebogen. Der Griff ist aus Zamak*.<\/p>\n<p>Ich habe diesen Griff auch in anderen Gr\u00f6\u00dfen und einen passenden <a href=\"https:\/\/partsandpieces.nl\/de\/produkt\/industrieller-quadratischer-knopf-28mm\/\">Knopf<\/a> auf Lager.<\/p>\n<p>Dieser hochwertige Griff wird in Italien hergestellt.<\/p>\n<p><strong>Ma\u00dfe<br \/>\n<\/strong>Der 96 mm gro\u00dfe Industrie-Vierkantgriff hat eine Gesamtbreite von 110 mm. Nach der Montage steht dieser Griff 30 mm \u00fcber. Die Grifff\u00fc\u00dfe sind 15 x 15 mm gro\u00df und die Bohrl\u00f6cher haben einen Abstand von 96 mm.<\/p>\n<p><strong>Bearbeiten<br \/>\n<\/strong>Sie k\u00f6nnen den Griff mit blind montieren <span style=\"text-decoration: underline;\"><a href=\"https:\/\/partsandpieces.nl\/de\/produkt\/schraube-edelstahl-zur-blindmontage-von-mobelbeschlagen-45x4mm-20-stuck\/\">Edelstahlschraube zur Blindbefestigung von M\u00f6belbeschl\u00e4gen (45x4mm)<\/a><\/span>. Ich schicke diese Schrauben <strong>FREI<\/strong> mit Ihrer Bestellung.<\/p>\n<p>* Zamak ist eine Legierung mit Zink als Hauptbestandteil. Es hat einen relativ niedrigen Schmelzpunkt und ist leicht zu gie\u00dfen. Der Name ist ein Akronym, abgeleitet von den Anfangsbuchstaben der deutschen Bezeichnungen f\u00fcr die Metalle, aus denen sich der Werkstoff zusammensetzt: Zink, Aluminium, MAGnesium, Kupfer. Zamak wird in der Auto- und M\u00f6belindustrie f\u00fcr T\u00fcrgriffe, Griffe, Logos und Zierleisten verwendet. Es wird auch h\u00e4ufig als Ersatz f\u00fcr das giftige Blei verwendet.<\/p>","protected":false},"excerpt":{"rendered":"<p>Greep Industrieel vierkant 96mm is een stoere meubelgreep met een mat zwart \/ bronskleurige afwerking. De greep is niet gitzwart, maar heeft een interessante mix van zwart en bronskleurige uitstraling. De greep is vierkant van vorm met gebogen uiteindes. De zijdes zijn heel licht gebogen. De greep is gemaakt van zamak*. Van deze greep heb [&hellip;]<\/p>\n","protected":false},"featured_media":5020,"template":"","meta":{"_acf_changed":false},"product_brand":[],"product_cat":[29,41,23,53],"product_tag":[],"class_list":{"0":"post-1106","1":"product","2":"type-product","3":"status-publish","4":"has-post-thumbnail","6":"product_cat-deurtrekkers","7":"product_cat-ladetrekkers","8":"product_cat-meubelbeslag","9":"product_cat-vintage-grepen","11":"first","12":"instock","13":"taxable","14":"shipping-taxable","15":"purchasable","16":"product-type-simple"},"acf":[],"yoast_head":"<!-- This site is optimized with the Yoast SEO plugin v27.3 - https:\/\/yoast.com\/product\/yoast-seo-wordpress\/ -->\n<title>Greep Industrieel vierkant 96mm<\/title>\n<meta name=\"description\" content=\"Greep Industrieel vierkant 96mm heeft een mat zwart \/ bronskleurige afwerking. De greep is vierkant van vorm met gebogen uiteindes.\" \/>\n<meta name=\"robots\" content=\"index, follow, max-snippet:-1, max-image-preview:large, max-video-preview:-1\" \/>\n<link rel=\"canonical\" href=\"https:\/\/partsandpieces.nl\/de\/produkt\/industrieller-quadratischer-griff-96-mm\/\" \/>\n<meta property=\"og:locale\" content=\"de_DE\" \/>\n<meta property=\"og:type\" content=\"article\" \/>\n<meta property=\"og:title\" content=\"Greep Industrieel vierkant 96mm\" \/>\n<meta property=\"og:description\" content=\"Greep Industrieel vierkant 96mm heeft een mat zwart \/ bronskleurige afwerking. De greep is vierkant van vorm met gebogen uiteindes.\" \/>\n<meta property=\"og:url\" content=\"https:\/\/partsandpieces.nl\/de\/produkt\/industrieller-quadratischer-griff-96-mm\/\" \/>\n<meta property=\"og:site_name\" content=\"Parts &amp; Pieces\" \/>\n<meta property=\"article:modified_time\" content=\"2026-01-06T07:30:38+00:00\" \/>\n<meta property=\"og:image\" content=\"https:\/\/partsandpieces.nl\/wp-content\/uploads\/2020\/07\/Greep-Industrieel-vierkant-110mm.jpg\" \/>\n\t<meta property=\"og:image:width\" content=\"480\" \/>\n\t<meta property=\"og:image:height\" content=\"481\" \/>\n\t<meta property=\"og:image:type\" content=\"image\/jpeg\" \/>\n<meta name=\"twitter:card\" content=\"summary_large_image\" \/>\n<meta name=\"twitter:label1\" content=\"Gesch\u00e4tzte Lesezeit\" \/>\n\t<meta name=\"twitter:data1\" content=\"2\u00a0Minuten\" \/>\n<script type=\"application\/ld+json\" class=\"yoast-schema-graph\">{\"@context\":\"https:\\\/\\\/schema.org\",\"@graph\":[{\"@type\":\"WebPage\",\"@id\":\"https:\\\/\\\/partsandpieces.nl\\\/product\\\/greep-industrieel-vierkant-96mm\\\/\",\"url\":\"https:\\\/\\\/partsandpieces.nl\\\/product\\\/greep-industrieel-vierkant-96mm\\\/\",\"name\":\"Greep Industrieel vierkant 96mm\",\"isPartOf\":{\"@id\":\"https:\\\/\\\/partsandpieces.nl\\\/#website\"},\"primaryImageOfPage\":{\"@id\":\"https:\\\/\\\/partsandpieces.nl\\\/product\\\/greep-industrieel-vierkant-96mm\\\/#primaryimage\"},\"image\":{\"@id\":\"https:\\\/\\\/partsandpieces.nl\\\/product\\\/greep-industrieel-vierkant-96mm\\\/#primaryimage\"},\"thumbnailUrl\":\"https:\\\/\\\/partsandpieces.nl\\\/wp-content\\\/uploads\\\/2020\\\/07\\\/Greep-Industrieel-vierkant-110mm.jpg\",\"datePublished\":\"2020-07-28T19:57:27+00:00\",\"dateModified\":\"2026-01-06T07:30:38+00:00\",\"description\":\"Greep Industrieel vierkant 96mm heeft een mat zwart \\\/ bronskleurige afwerking. De greep is vierkant van vorm met gebogen uiteindes.\",\"breadcrumb\":{\"@id\":\"https:\\\/\\\/partsandpieces.nl\\\/product\\\/greep-industrieel-vierkant-96mm\\\/#breadcrumb\"},\"inLanguage\":\"de\",\"potentialAction\":[{\"@type\":\"ReadAction\",\"target\":[\"https:\\\/\\\/partsandpieces.nl\\\/product\\\/greep-industrieel-vierkant-96mm\\\/\"]}]},{\"@type\":\"ImageObject\",\"inLanguage\":\"de\",\"@id\":\"https:\\\/\\\/partsandpieces.nl\\\/product\\\/greep-industrieel-vierkant-96mm\\\/#primaryimage\",\"url\":\"https:\\\/\\\/partsandpieces.nl\\\/wp-content\\\/uploads\\\/2020\\\/07\\\/Greep-Industrieel-vierkant-110mm.jpg\",\"contentUrl\":\"https:\\\/\\\/partsandpieces.nl\\\/wp-content\\\/uploads\\\/2020\\\/07\\\/Greep-Industrieel-vierkant-110mm.jpg\",\"width\":480,\"height\":481,\"caption\":\"Greep Industrieel vierkant 110mm\"},{\"@type\":\"BreadcrumbList\",\"@id\":\"https:\\\/\\\/partsandpieces.nl\\\/product\\\/greep-industrieel-vierkant-96mm\\\/#breadcrumb\",\"itemListElement\":[{\"@type\":\"ListItem\",\"position\":1,\"name\":\"Home\",\"item\":\"https:\\\/\\\/partsandpieces.nl\\\/home\\\/\"},{\"@type\":\"ListItem\",\"position\":2,\"name\":\"Winkel\",\"item\":\"https:\\\/\\\/partsandpieces.nl\\\/winkel\\\/\"},{\"@type\":\"ListItem\",\"position\":3,\"name\":\"Greep Industrieel vierkant 96mm\"}]},{\"@type\":\"WebSite\",\"@id\":\"https:\\\/\\\/partsandpieces.nl\\\/#website\",\"url\":\"https:\\\/\\\/partsandpieces.nl\\\/\",\"name\":\"Parts &amp; Pieces\",\"description\":\"Alles voor uw meubelrestauratie en -onderhoud!\",\"potentialAction\":[{\"@type\":\"SearchAction\",\"target\":{\"@type\":\"EntryPoint\",\"urlTemplate\":\"https:\\\/\\\/partsandpieces.nl\\\/?s={search_term_string}\"},\"query-input\":{\"@type\":\"PropertyValueSpecification\",\"valueRequired\":true,\"valueName\":\"search_term_string\"}}],\"inLanguage\":\"de\"}]}<\/script>\n<!-- \/ Yoast SEO plugin. -->","yoast_head_json":{"title":"Griff Industrial quadratisch 96mm","description":"Der industrielle quadratische Griff 96 mm hat eine mattschwarze\/bronzefarbene Oberfl\u00e4che. Der Griff hat eine quadratische Form mit gebogenen Enden.","robots":{"index":"index","follow":"follow","max-snippet":"max-snippet:-1","max-image-preview":"max-image-preview:large","max-video-preview":"max-video-preview:-1"},"canonical":"https:\/\/partsandpieces.nl\/de\/produkt\/industrieller-quadratischer-griff-96-mm\/","og_locale":"de_DE","og_type":"article","og_title":"Greep Industrieel vierkant 96mm","og_description":"Greep Industrieel vierkant 96mm heeft een mat zwart \/ bronskleurige afwerking. De greep is vierkant van vorm met gebogen uiteindes.","og_url":"https:\/\/partsandpieces.nl\/de\/produkt\/industrieller-quadratischer-griff-96-mm\/","og_site_name":"Parts &amp; Pieces","article_modified_time":"2026-01-06T07:30:38+00:00","og_image":[{"width":480,"height":481,"url":"https:\/\/partsandpieces.nl\/wp-content\/uploads\/2020\/07\/Greep-Industrieel-vierkant-110mm.jpg","type":"image\/jpeg"}],"twitter_card":"summary_large_image","twitter_misc":{"Gesch\u00e4tzte Lesezeit":"2\u00a0Minuten"},"schema":{"@context":"https:\/\/schema.org","@graph":[{"@type":"WebPage","@id":"https:\/\/partsandpieces.nl\/product\/greep-industrieel-vierkant-96mm\/","url":"https:\/\/partsandpieces.nl\/product\/greep-industrieel-vierkant-96mm\/","name":"Griff Industrial quadratisch 96mm","isPartOf":{"@id":"https:\/\/partsandpieces.nl\/#website"},"primaryImageOfPage":{"@id":"https:\/\/partsandpieces.nl\/product\/greep-industrieel-vierkant-96mm\/#primaryimage"},"image":{"@id":"https:\/\/partsandpieces.nl\/product\/greep-industrieel-vierkant-96mm\/#primaryimage"},"thumbnailUrl":"https:\/\/partsandpieces.nl\/wp-content\/uploads\/2020\/07\/Greep-Industrieel-vierkant-110mm.jpg","datePublished":"2020-07-28T19:57:27+00:00","dateModified":"2026-01-06T07:30:38+00:00","description":"Der industrielle quadratische Griff 96 mm hat eine mattschwarze\/bronzefarbene Oberfl\u00e4che. Der Griff hat eine quadratische Form mit gebogenen Enden.","breadcrumb":{"@id":"https:\/\/partsandpieces.nl\/product\/greep-industrieel-vierkant-96mm\/#breadcrumb"},"inLanguage":"de","potentialAction":[{"@type":"ReadAction","target":["https:\/\/partsandpieces.nl\/product\/greep-industrieel-vierkant-96mm\/"]}]},{"@type":"ImageObject","inLanguage":"de","@id":"https:\/\/partsandpieces.nl\/product\/greep-industrieel-vierkant-96mm\/#primaryimage","url":"https:\/\/partsandpieces.nl\/wp-content\/uploads\/2020\/07\/Greep-Industrieel-vierkant-110mm.jpg","contentUrl":"https:\/\/partsandpieces.nl\/wp-content\/uploads\/2020\/07\/Greep-Industrieel-vierkant-110mm.jpg","width":480,"height":481,"caption":"Greep Industrieel vierkant 110mm"},{"@type":"BreadcrumbList","@id":"https:\/\/partsandpieces.nl\/product\/greep-industrieel-vierkant-96mm\/#breadcrumb","itemListElement":[{"@type":"ListItem","position":1,"name":"Home","item":"https:\/\/partsandpieces.nl\/home\/"},{"@type":"ListItem","position":2,"name":"Winkel","item":"https:\/\/partsandpieces.nl\/winkel\/"},{"@type":"ListItem","position":3,"name":"Greep Industrieel vierkant 96mm"}]},{"@type":"WebSite","@id":"https:\/\/partsandpieces.nl\/#website","url":"https:\/\/partsandpieces.nl\/","name":"Teile &amp; St\u00fccke","description":"Alles f\u00fcr Ihre M\u00f6belrestaurierung und -pflege!","potentialAction":[{"@type":"SearchAction","target":{"@type":"EntryPoint","urlTemplate":"https:\/\/partsandpieces.nl\/?s={search_term_string}"},"query-input":{"@type":"PropertyValueSpecification","valueRequired":true,"valueName":"search_term_string"}}],"inLanguage":"de"}]}},"_links":{"self":[{"href":"https:\/\/partsandpieces.nl\/de\/wp-json\/wp\/v2\/product\/1106","targetHints":{"allow":["GET"]}}],"collection":[{"href":"https:\/\/partsandpieces.nl\/de\/wp-json\/wp\/v2\/product"}],"about":[{"href":"https:\/\/partsandpieces.nl\/de\/wp-json\/wp\/v2\/types\/product"}],"wp:featuredmedia":[{"embeddable":true,"href":"https:\/\/partsandpieces.nl\/de\/wp-json\/wp\/v2\/media\/5020"}],"wp:attachment":[{"href":"https:\/\/partsandpieces.nl\/de\/wp-json\/wp\/v2\/media?parent=1106"}],"wp:term":[{"taxonomy":"product_brand","embeddable":true,"href":"https:\/\/partsandpieces.nl\/de\/wp-json\/wp\/v2\/product_brand?post=1106"},{"taxonomy":"product_cat","embeddable":true,"href":"https:\/\/partsandpieces.nl\/de\/wp-json\/wp\/v2\/product_cat?post=1106"},{"taxonomy":"product_tag","embeddable":true,"href":"https:\/\/partsandpieces.nl\/de\/wp-json\/wp\/v2\/product_tag?post=1106"}],"curies":[{"name":"wp","href":"https:\/\/api.w.org\/{rel}","templated":true}]}}