{"id":1108,"date":"2020-07-28T20:12:25","date_gmt":"2020-07-28T20:12:25","guid":{"rendered":"https:\/\/partsandpieces.bonsaidev.nl\/?product=greep-zam-128-vintage-black-zwart-140-x-8-mm"},"modified":"2024-12-05T11:36:26","modified_gmt":"2024-12-05T10:36:26","slug":"griff-industrieller-schwarzer-bewehrungsstahl-140-mm","status":"publish","type":"product","link":"https:\/\/partsandpieces.nl\/de\/product\/greep-industrieel-zwart-betonstaal-140mm\/","title":{"rendered":"Griff Industrial Black \u201eConcrete Steel\u201c 140 mm"},"content":{"rendered":"<p><strong>Griff Industrial Black \u201eConcrete Steel\u201c 140 mm<\/strong> ist ein stabiler M\u00f6belgriff mit mattschwarzer\/bronzefarbener Oberfl\u00e4che. Der Griff ist nicht tiefschwarz, sondern weist einen interessanten Mix aus schwarzem und bronzefarbenem Aussehen auf. Der Schubladengriff hat eine runde Form mit abgerundeten Ecken und eine Verzierung, die an Bewehrungsstahl erinnert. Der Griff stammt aus der Evolve-Linie Serie 784 von Giusti und ist aus Zamak* gefertigt.<\/p>\n<p>Dieser hochwertige Griff wird in Italien hergestellt.<\/p>\n<p><strong>Ma\u00dfe<br \/>\n<\/strong>Der Griff Industrial Black \u201eRebar\u201c 140 mm hat eine L\u00e4nge von 140 mm und einen Durchmesser von 11 mm. Die Bohrl\u00f6cher haben einen Abstand von 128 mm. Nach der Montage ragt der Griff 32 mm hervor.<\/p>\n<p><strong>Bearbeiten<br \/>\n<\/strong>Sie k\u00f6nnen den Taster mit blind montieren\u00a0<span style=\"text-decoration: underline;\"><a href=\"https:\/\/partsandpieces.nl\/de\/produkt\/schraube-edelstahl-zur-blindmontage-von-mobelbeschlagen-45x4mm-20-stuck\/\">Edelstahlschraube zur Blindbefestigung von M\u00f6belbeschl\u00e4gen (45x4mm)<\/a><\/span>. Ich schicke diese Schraube\u00a0<strong>FREI<\/strong>\u00a0mit Ihrer Bestellung.<\/p>\n<p>* Zamak ist eine Legierung mit Zink als Hauptbestandteil. Es hat einen relativ niedrigen Schmelzpunkt und ist leicht zu gie\u00dfen. Der Name ist ein Akronym, abgeleitet von den Anfangsbuchstaben der deutschen Bezeichnungen f\u00fcr die Metalle, aus denen sich der Werkstoff zusammensetzt: Zink, Aluminium, MAGnesium, Kupfer. Zamak wird in der Auto- und M\u00f6belindustrie f\u00fcr T\u00fcrgriffe, Griffe, Logos und Zierleisten verwendet. Es wird auch h\u00e4ufig als Ersatz f\u00fcr das giftige Blei verwendet.<\/p>","protected":false},"excerpt":{"rendered":"<p>Greep Industrieel Zwart \u2018Betonstaal\u2019 140mm is een stoere meubelgreep met een mat zwart \/ bronskleurige afwerking. De greep is niet gitzwart, maar heeft een interessante mix van zwart en bronskleurige uitstraling. De ladegreep is rond van vorm met afgeronde hoeken en heeft een versiering die lijkt op betonstaal. De greep komt uit de Evolve lijn [&hellip;]<\/p>\n","protected":false},"featured_media":6237,"template":"","meta":{"_acf_changed":false},"product_brand":[],"product_cat":[29,41,23,53],"product_tag":[],"class_list":{"0":"post-1108","1":"product","2":"type-product","3":"status-publish","4":"has-post-thumbnail","6":"product_cat-deurtrekkers","7":"product_cat-ladetrekkers","8":"product_cat-meubelbeslag","9":"product_cat-vintage-grepen","11":"first","12":"instock","13":"taxable","14":"shipping-taxable","15":"purchasable","16":"product-type-simple"},"acf":[],"yoast_head":"<!-- This site is optimized with the Yoast SEO plugin v27.3 - https:\/\/yoast.com\/product\/yoast-seo-wordpress\/ -->\n<title>Greep Zwart Betonstaal 140mm<\/title>\n<meta name=\"description\" content=\"Greep Industrieel Zwart \u2018Betonstaal\u2019 140mm heeft een mat zwart \/ bronskleurige afwerking. De ladegreep heeft een versiering die lijkt op betonstaal.\" \/>\n<meta name=\"robots\" content=\"index, follow, max-snippet:-1, max-image-preview:large, max-video-preview:-1\" \/>\n<link rel=\"canonical\" href=\"https:\/\/partsandpieces.nl\/de\/produkt\/griff-industrieller-schwarzer-bewehrungsstahl-140-mm\/\" \/>\n<meta property=\"og:locale\" content=\"de_DE\" \/>\n<meta property=\"og:type\" content=\"article\" \/>\n<meta property=\"og:title\" content=\"Greep Zwart Betonstaal 140mm\" \/>\n<meta property=\"og:description\" content=\"Greep Industrieel Zwart \u2018Betonstaal\u2019 140mm heeft een mat zwart \/ bronskleurige afwerking. De ladegreep heeft een versiering die lijkt op betonstaal.\" \/>\n<meta property=\"og:url\" content=\"https:\/\/partsandpieces.nl\/de\/produkt\/griff-industrieller-schwarzer-bewehrungsstahl-140-mm\/\" \/>\n<meta property=\"og:site_name\" content=\"Parts &amp; Pieces\" \/>\n<meta property=\"article:modified_time\" content=\"2024-12-05T10:36:26+00:00\" \/>\n<meta property=\"og:image\" content=\"https:\/\/partsandpieces.nl\/wp-content\/uploads\/2020\/07\/Greep-Industrieel-Zwart-\u2018Betonstaal-140mm.jpg\" \/>\n\t<meta property=\"og:image:width\" content=\"480\" \/>\n\t<meta property=\"og:image:height\" content=\"478\" \/>\n\t<meta property=\"og:image:type\" content=\"image\/jpeg\" \/>\n<meta name=\"twitter:card\" content=\"summary_large_image\" \/>\n<meta name=\"twitter:label1\" content=\"Gesch\u00e4tzte Lesezeit\" \/>\n\t<meta name=\"twitter:data1\" content=\"1\u00a0Minute\" \/>\n<script type=\"application\/ld+json\" class=\"yoast-schema-graph\">{\"@context\":\"https:\\\/\\\/schema.org\",\"@graph\":[{\"@type\":\"WebPage\",\"@id\":\"https:\\\/\\\/partsandpieces.nl\\\/product\\\/greep-industrieel-zwart-betonstaal-140mm\\\/\",\"url\":\"https:\\\/\\\/partsandpieces.nl\\\/product\\\/greep-industrieel-zwart-betonstaal-140mm\\\/\",\"name\":\"Greep Zwart Betonstaal 140mm\",\"isPartOf\":{\"@id\":\"https:\\\/\\\/partsandpieces.nl\\\/#website\"},\"primaryImageOfPage\":{\"@id\":\"https:\\\/\\\/partsandpieces.nl\\\/product\\\/greep-industrieel-zwart-betonstaal-140mm\\\/#primaryimage\"},\"image\":{\"@id\":\"https:\\\/\\\/partsandpieces.nl\\\/product\\\/greep-industrieel-zwart-betonstaal-140mm\\\/#primaryimage\"},\"thumbnailUrl\":\"https:\\\/\\\/partsandpieces.nl\\\/wp-content\\\/uploads\\\/2020\\\/07\\\/Greep-Industrieel-Zwart-\u2018Betonstaal-140mm.jpg\",\"datePublished\":\"2020-07-28T20:12:25+00:00\",\"dateModified\":\"2024-12-05T10:36:26+00:00\",\"description\":\"Greep Industrieel Zwart \u2018Betonstaal\u2019 140mm heeft een mat zwart \\\/ bronskleurige afwerking. De ladegreep heeft een versiering die lijkt op betonstaal.\",\"breadcrumb\":{\"@id\":\"https:\\\/\\\/partsandpieces.nl\\\/product\\\/greep-industrieel-zwart-betonstaal-140mm\\\/#breadcrumb\"},\"inLanguage\":\"de\",\"potentialAction\":[{\"@type\":\"ReadAction\",\"target\":[\"https:\\\/\\\/partsandpieces.nl\\\/product\\\/greep-industrieel-zwart-betonstaal-140mm\\\/\"]}]},{\"@type\":\"ImageObject\",\"inLanguage\":\"de\",\"@id\":\"https:\\\/\\\/partsandpieces.nl\\\/product\\\/greep-industrieel-zwart-betonstaal-140mm\\\/#primaryimage\",\"url\":\"https:\\\/\\\/partsandpieces.nl\\\/wp-content\\\/uploads\\\/2020\\\/07\\\/Greep-Industrieel-Zwart-\u2018Betonstaal-140mm.jpg\",\"contentUrl\":\"https:\\\/\\\/partsandpieces.nl\\\/wp-content\\\/uploads\\\/2020\\\/07\\\/Greep-Industrieel-Zwart-\u2018Betonstaal-140mm.jpg\",\"width\":480,\"height\":478,\"caption\":\"Greep Industrieel Zwart \u2018Betonstaal\u2019 140mm\"},{\"@type\":\"BreadcrumbList\",\"@id\":\"https:\\\/\\\/partsandpieces.nl\\\/product\\\/greep-industrieel-zwart-betonstaal-140mm\\\/#breadcrumb\",\"itemListElement\":[{\"@type\":\"ListItem\",\"position\":1,\"name\":\"Home\",\"item\":\"https:\\\/\\\/partsandpieces.nl\\\/home\\\/\"},{\"@type\":\"ListItem\",\"position\":2,\"name\":\"Winkel\",\"item\":\"https:\\\/\\\/partsandpieces.nl\\\/winkel\\\/\"},{\"@type\":\"ListItem\",\"position\":3,\"name\":\"Greep Industrieel Zwart \u2018Betonstaal\u2019 140mm\"}]},{\"@type\":\"WebSite\",\"@id\":\"https:\\\/\\\/partsandpieces.nl\\\/#website\",\"url\":\"https:\\\/\\\/partsandpieces.nl\\\/\",\"name\":\"Parts &amp; Pieces\",\"description\":\"Alles voor uw meubelrestauratie en -onderhoud!\",\"potentialAction\":[{\"@type\":\"SearchAction\",\"target\":{\"@type\":\"EntryPoint\",\"urlTemplate\":\"https:\\\/\\\/partsandpieces.nl\\\/?s={search_term_string}\"},\"query-input\":{\"@type\":\"PropertyValueSpecification\",\"valueRequired\":true,\"valueName\":\"search_term_string\"}}],\"inLanguage\":\"de\"}]}<\/script>\n<!-- \/ Yoast SEO plugin. -->","yoast_head_json":{"title":"Griff aus schwarzem Bewehrungsstahl, 140 mm","description":"Der Griff Industrial Black \u201eRebar\u201c 140 mm hat eine mattschwarze\/bronzefarbene Oberfl\u00e4che. Der Schubladengriff hat eine Verzierung, die an Bewehrungsstahl erinnert.","robots":{"index":"index","follow":"follow","max-snippet":"max-snippet:-1","max-image-preview":"max-image-preview:large","max-video-preview":"max-video-preview:-1"},"canonical":"https:\/\/partsandpieces.nl\/de\/produkt\/griff-industrieller-schwarzer-bewehrungsstahl-140-mm\/","og_locale":"de_DE","og_type":"article","og_title":"Greep Zwart Betonstaal 140mm","og_description":"Greep Industrieel Zwart \u2018Betonstaal\u2019 140mm heeft een mat zwart \/ bronskleurige afwerking. De ladegreep heeft een versiering die lijkt op betonstaal.","og_url":"https:\/\/partsandpieces.nl\/de\/produkt\/griff-industrieller-schwarzer-bewehrungsstahl-140-mm\/","og_site_name":"Parts &amp; Pieces","article_modified_time":"2024-12-05T10:36:26+00:00","og_image":[{"width":480,"height":478,"url":"https:\/\/partsandpieces.nl\/wp-content\/uploads\/2020\/07\/Greep-Industrieel-Zwart-\u2018Betonstaal-140mm.jpg","type":"image\/jpeg"}],"twitter_card":"summary_large_image","twitter_misc":{"Gesch\u00e4tzte Lesezeit":"1\u00a0Minute"},"schema":{"@context":"https:\/\/schema.org","@graph":[{"@type":"WebPage","@id":"https:\/\/partsandpieces.nl\/product\/greep-industrieel-zwart-betonstaal-140mm\/","url":"https:\/\/partsandpieces.nl\/product\/greep-industrieel-zwart-betonstaal-140mm\/","name":"Griff aus schwarzem Bewehrungsstahl, 140 mm","isPartOf":{"@id":"https:\/\/partsandpieces.nl\/#website"},"primaryImageOfPage":{"@id":"https:\/\/partsandpieces.nl\/product\/greep-industrieel-zwart-betonstaal-140mm\/#primaryimage"},"image":{"@id":"https:\/\/partsandpieces.nl\/product\/greep-industrieel-zwart-betonstaal-140mm\/#primaryimage"},"thumbnailUrl":"https:\/\/partsandpieces.nl\/wp-content\/uploads\/2020\/07\/Greep-Industrieel-Zwart-\u2018Betonstaal-140mm.jpg","datePublished":"2020-07-28T20:12:25+00:00","dateModified":"2024-12-05T10:36:26+00:00","description":"Der Griff Industrial Black \u201eRebar\u201c 140 mm hat eine mattschwarze\/bronzefarbene Oberfl\u00e4che. Der Schubladengriff hat eine Verzierung, die an Bewehrungsstahl erinnert.","breadcrumb":{"@id":"https:\/\/partsandpieces.nl\/product\/greep-industrieel-zwart-betonstaal-140mm\/#breadcrumb"},"inLanguage":"de","potentialAction":[{"@type":"ReadAction","target":["https:\/\/partsandpieces.nl\/product\/greep-industrieel-zwart-betonstaal-140mm\/"]}]},{"@type":"ImageObject","inLanguage":"de","@id":"https:\/\/partsandpieces.nl\/product\/greep-industrieel-zwart-betonstaal-140mm\/#primaryimage","url":"https:\/\/partsandpieces.nl\/wp-content\/uploads\/2020\/07\/Greep-Industrieel-Zwart-\u2018Betonstaal-140mm.jpg","contentUrl":"https:\/\/partsandpieces.nl\/wp-content\/uploads\/2020\/07\/Greep-Industrieel-Zwart-\u2018Betonstaal-140mm.jpg","width":480,"height":478,"caption":"Greep Industrieel Zwart \u2018Betonstaal\u2019 140mm"},{"@type":"BreadcrumbList","@id":"https:\/\/partsandpieces.nl\/product\/greep-industrieel-zwart-betonstaal-140mm\/#breadcrumb","itemListElement":[{"@type":"ListItem","position":1,"name":"Home","item":"https:\/\/partsandpieces.nl\/home\/"},{"@type":"ListItem","position":2,"name":"Winkel","item":"https:\/\/partsandpieces.nl\/winkel\/"},{"@type":"ListItem","position":3,"name":"Greep Industrieel Zwart \u2018Betonstaal\u2019 140mm"}]},{"@type":"WebSite","@id":"https:\/\/partsandpieces.nl\/#website","url":"https:\/\/partsandpieces.nl\/","name":"Teile &amp; St\u00fccke","description":"Alles f\u00fcr Ihre M\u00f6belrestaurierung und -pflege!","potentialAction":[{"@type":"SearchAction","target":{"@type":"EntryPoint","urlTemplate":"https:\/\/partsandpieces.nl\/?s={search_term_string}"},"query-input":{"@type":"PropertyValueSpecification","valueRequired":true,"valueName":"search_term_string"}}],"inLanguage":"de"}]}},"_links":{"self":[{"href":"https:\/\/partsandpieces.nl\/de\/wp-json\/wp\/v2\/product\/1108","targetHints":{"allow":["GET"]}}],"collection":[{"href":"https:\/\/partsandpieces.nl\/de\/wp-json\/wp\/v2\/product"}],"about":[{"href":"https:\/\/partsandpieces.nl\/de\/wp-json\/wp\/v2\/types\/product"}],"wp:featuredmedia":[{"embeddable":true,"href":"https:\/\/partsandpieces.nl\/de\/wp-json\/wp\/v2\/media\/6237"}],"wp:attachment":[{"href":"https:\/\/partsandpieces.nl\/de\/wp-json\/wp\/v2\/media?parent=1108"}],"wp:term":[{"taxonomy":"product_brand","embeddable":true,"href":"https:\/\/partsandpieces.nl\/de\/wp-json\/wp\/v2\/product_brand?post=1108"},{"taxonomy":"product_cat","embeddable":true,"href":"https:\/\/partsandpieces.nl\/de\/wp-json\/wp\/v2\/product_cat?post=1108"},{"taxonomy":"product_tag","embeddable":true,"href":"https:\/\/partsandpieces.nl\/de\/wp-json\/wp\/v2\/product_tag?post=1108"}],"curies":[{"name":"wp","href":"https:\/\/api.w.org\/{rel}","templated":true}]}}