{"id":1130,"date":"2020-07-28T20:47:03","date_gmt":"2020-07-28T20:47:03","guid":{"rendered":"https:\/\/partsandpieces.bonsaidev.nl\/?product=messing-huls-wiel-8544-mm"},"modified":"2025-10-28T08:53:50","modified_gmt":"2025-10-28T07:53:50","slug":"mobelrad-messing-antik-runder-sockel-20mm","status":"publish","type":"product","link":"https:\/\/partsandpieces.nl\/de\/product\/meubelwiel-messing-antiek-ronde-sok-20mm\/","title":{"rendered":"M\u00f6belrad Messing Antik Rundsockel 20mm"},"content":{"rendered":"<p><strong>M\u00f6belrad Messing Antik Rundsockel 20mm<\/strong> ist eine qualitativ hochwertige M\u00f6belrolle aus massivem Messingguss. Das Rad ist im antiken Patina-Stil gehalten. Die Socke ist rund und hat einen Durchmesser von 20 mm und ist konisch zulaufend. Insgesamt ist das Rad 63 mm hoch. Der Durchmesser des Rades betr\u00e4gt ca. 23 mm.<\/p>\n<p>Dieses klassische M\u00f6belrad wird in Italien hergestellt.<\/p>","protected":false},"excerpt":{"rendered":"<p>Meubelwiel Messing Antiek ronde sok 20mm is een kwalitatief superieure meubelwieltje van massief gegoten messing. Het wiel is afgewerkt in een antieke patina stijl. De sok is rond en heeft een diameter van 20mm en loopt taps toe. In totaal is het wiel 63mm hoog. De diameter van het wiel is ongeveer 23mm. Dit klassieke [&hellip;]<\/p>\n","protected":false},"featured_media":7119,"template":"","meta":{"_acf_changed":false},"product_brand":[],"product_cat":[23,43],"product_tag":[],"class_list":{"0":"post-1130","1":"product","2":"type-product","3":"status-publish","4":"has-post-thumbnail","6":"product_cat-meubelbeslag","7":"product_cat-meubelwielen","9":"first","10":"instock","11":"taxable","12":"shipping-taxable","13":"purchasable","14":"product-type-simple"},"acf":[],"yoast_head":"<!-- This site is optimized with the Yoast SEO plugin v27.3 - https:\/\/yoast.com\/product\/yoast-seo-wordpress\/ -->\n<title>Meubelwiel Messing rond 20mm<\/title>\n<meta name=\"description\" content=\"Meubelwiel Messing Antiek ronde sok 20mm is een kwalitatief superieure meubelwieltje van massief gegoten messing. Afgewerkt in een antieke patina stijl.\" \/>\n<meta name=\"robots\" content=\"index, follow, max-snippet:-1, max-image-preview:large, max-video-preview:-1\" \/>\n<link rel=\"canonical\" href=\"https:\/\/partsandpieces.nl\/de\/produkt\/mobelrad-messing-antik-runder-sockel-20mm\/\" \/>\n<meta property=\"og:locale\" content=\"de_DE\" \/>\n<meta property=\"og:type\" content=\"article\" \/>\n<meta property=\"og:title\" content=\"Meubelwiel Messing rond 20mm\" \/>\n<meta property=\"og:description\" content=\"Meubelwiel Messing Antiek ronde sok 20mm is een kwalitatief superieure meubelwieltje van massief gegoten messing. Afgewerkt in een antieke patina stijl.\" \/>\n<meta property=\"og:url\" content=\"https:\/\/partsandpieces.nl\/de\/produkt\/mobelrad-messing-antik-runder-sockel-20mm\/\" \/>\n<meta property=\"og:site_name\" content=\"Parts &amp; Pieces\" \/>\n<meta property=\"article:modified_time\" content=\"2025-10-28T07:53:50+00:00\" \/>\n<meta property=\"og:image\" content=\"https:\/\/partsandpieces.nl\/wp-content\/uploads\/2020\/07\/Meubelwiel-Messing-Antiek-ronde-sok-20mm.jpg\" \/>\n\t<meta property=\"og:image:width\" content=\"401\" \/>\n\t<meta property=\"og:image:height\" content=\"400\" \/>\n\t<meta property=\"og:image:type\" content=\"image\/jpeg\" \/>\n<meta name=\"twitter:card\" content=\"summary_large_image\" \/>\n<meta name=\"twitter:label1\" content=\"Gesch\u00e4tzte Lesezeit\" \/>\n\t<meta name=\"twitter:data1\" content=\"1\u00a0Minute\" \/>\n<script type=\"application\/ld+json\" class=\"yoast-schema-graph\">{\"@context\":\"https:\\\/\\\/schema.org\",\"@graph\":[{\"@type\":\"WebPage\",\"@id\":\"https:\\\/\\\/partsandpieces.nl\\\/product\\\/meubelwiel-messing-antiek-ronde-sok-20mm\\\/\",\"url\":\"https:\\\/\\\/partsandpieces.nl\\\/product\\\/meubelwiel-messing-antiek-ronde-sok-20mm\\\/\",\"name\":\"Meubelwiel Messing rond 20mm\",\"isPartOf\":{\"@id\":\"https:\\\/\\\/partsandpieces.nl\\\/#website\"},\"primaryImageOfPage\":{\"@id\":\"https:\\\/\\\/partsandpieces.nl\\\/product\\\/meubelwiel-messing-antiek-ronde-sok-20mm\\\/#primaryimage\"},\"image\":{\"@id\":\"https:\\\/\\\/partsandpieces.nl\\\/product\\\/meubelwiel-messing-antiek-ronde-sok-20mm\\\/#primaryimage\"},\"thumbnailUrl\":\"https:\\\/\\\/partsandpieces.nl\\\/wp-content\\\/uploads\\\/2020\\\/07\\\/Meubelwiel-Messing-Antiek-ronde-sok-20mm.jpg\",\"datePublished\":\"2020-07-28T20:47:03+00:00\",\"dateModified\":\"2025-10-28T07:53:50+00:00\",\"description\":\"Meubelwiel Messing Antiek ronde sok 20mm is een kwalitatief superieure meubelwieltje van massief gegoten messing. Afgewerkt in een antieke patina stijl.\",\"breadcrumb\":{\"@id\":\"https:\\\/\\\/partsandpieces.nl\\\/product\\\/meubelwiel-messing-antiek-ronde-sok-20mm\\\/#breadcrumb\"},\"inLanguage\":\"de\",\"potentialAction\":[{\"@type\":\"ReadAction\",\"target\":[\"https:\\\/\\\/partsandpieces.nl\\\/product\\\/meubelwiel-messing-antiek-ronde-sok-20mm\\\/\"]}]},{\"@type\":\"ImageObject\",\"inLanguage\":\"de\",\"@id\":\"https:\\\/\\\/partsandpieces.nl\\\/product\\\/meubelwiel-messing-antiek-ronde-sok-20mm\\\/#primaryimage\",\"url\":\"https:\\\/\\\/partsandpieces.nl\\\/wp-content\\\/uploads\\\/2020\\\/07\\\/Meubelwiel-Messing-Antiek-ronde-sok-20mm.jpg\",\"contentUrl\":\"https:\\\/\\\/partsandpieces.nl\\\/wp-content\\\/uploads\\\/2020\\\/07\\\/Meubelwiel-Messing-Antiek-ronde-sok-20mm.jpg\",\"width\":401,\"height\":400,\"caption\":\"Meubelwiel Messing Antiek ronde sok 20mm\"},{\"@type\":\"BreadcrumbList\",\"@id\":\"https:\\\/\\\/partsandpieces.nl\\\/product\\\/meubelwiel-messing-antiek-ronde-sok-20mm\\\/#breadcrumb\",\"itemListElement\":[{\"@type\":\"ListItem\",\"position\":1,\"name\":\"Home\",\"item\":\"https:\\\/\\\/partsandpieces.nl\\\/home\\\/\"},{\"@type\":\"ListItem\",\"position\":2,\"name\":\"Winkel\",\"item\":\"https:\\\/\\\/partsandpieces.nl\\\/winkel\\\/\"},{\"@type\":\"ListItem\",\"position\":3,\"name\":\"Meubelwiel Messing Antiek ronde sok 20mm\"}]},{\"@type\":\"WebSite\",\"@id\":\"https:\\\/\\\/partsandpieces.nl\\\/#website\",\"url\":\"https:\\\/\\\/partsandpieces.nl\\\/\",\"name\":\"Parts &amp; Pieces\",\"description\":\"Alles voor uw meubelrestauratie en -onderhoud!\",\"potentialAction\":[{\"@type\":\"SearchAction\",\"target\":{\"@type\":\"EntryPoint\",\"urlTemplate\":\"https:\\\/\\\/partsandpieces.nl\\\/?s={search_term_string}\"},\"query-input\":{\"@type\":\"PropertyValueSpecification\",\"valueRequired\":true,\"valueName\":\"search_term_string\"}}],\"inLanguage\":\"de\"}]}<\/script>\n<!-- \/ Yoast SEO plugin. -->","yoast_head_json":{"title":"M\u00f6belrad Messing rund 20mm","description":"Das M\u00f6belrad Messing Antik mit rundem Sockel 20 mm ist eine qualitativ hochwertige M\u00f6belrolle aus massivem Messingguss. Im antiken Patina-Stil gefertigt.","robots":{"index":"index","follow":"follow","max-snippet":"max-snippet:-1","max-image-preview":"max-image-preview:large","max-video-preview":"max-video-preview:-1"},"canonical":"https:\/\/partsandpieces.nl\/de\/produkt\/mobelrad-messing-antik-runder-sockel-20mm\/","og_locale":"de_DE","og_type":"article","og_title":"Meubelwiel Messing rond 20mm","og_description":"Meubelwiel Messing Antiek ronde sok 20mm is een kwalitatief superieure meubelwieltje van massief gegoten messing. Afgewerkt in een antieke patina stijl.","og_url":"https:\/\/partsandpieces.nl\/de\/produkt\/mobelrad-messing-antik-runder-sockel-20mm\/","og_site_name":"Parts &amp; Pieces","article_modified_time":"2025-10-28T07:53:50+00:00","og_image":[{"width":401,"height":400,"url":"https:\/\/partsandpieces.nl\/wp-content\/uploads\/2020\/07\/Meubelwiel-Messing-Antiek-ronde-sok-20mm.jpg","type":"image\/jpeg"}],"twitter_card":"summary_large_image","twitter_misc":{"Gesch\u00e4tzte Lesezeit":"1\u00a0Minute"},"schema":{"@context":"https:\/\/schema.org","@graph":[{"@type":"WebPage","@id":"https:\/\/partsandpieces.nl\/product\/meubelwiel-messing-antiek-ronde-sok-20mm\/","url":"https:\/\/partsandpieces.nl\/product\/meubelwiel-messing-antiek-ronde-sok-20mm\/","name":"M\u00f6belrad Messing rund 20mm","isPartOf":{"@id":"https:\/\/partsandpieces.nl\/#website"},"primaryImageOfPage":{"@id":"https:\/\/partsandpieces.nl\/product\/meubelwiel-messing-antiek-ronde-sok-20mm\/#primaryimage"},"image":{"@id":"https:\/\/partsandpieces.nl\/product\/meubelwiel-messing-antiek-ronde-sok-20mm\/#primaryimage"},"thumbnailUrl":"https:\/\/partsandpieces.nl\/wp-content\/uploads\/2020\/07\/Meubelwiel-Messing-Antiek-ronde-sok-20mm.jpg","datePublished":"2020-07-28T20:47:03+00:00","dateModified":"2025-10-28T07:53:50+00:00","description":"Das M\u00f6belrad Messing Antik mit rundem Sockel 20 mm ist eine qualitativ hochwertige M\u00f6belrolle aus massivem Messingguss. Im antiken Patina-Stil gefertigt.","breadcrumb":{"@id":"https:\/\/partsandpieces.nl\/product\/meubelwiel-messing-antiek-ronde-sok-20mm\/#breadcrumb"},"inLanguage":"de","potentialAction":[{"@type":"ReadAction","target":["https:\/\/partsandpieces.nl\/product\/meubelwiel-messing-antiek-ronde-sok-20mm\/"]}]},{"@type":"ImageObject","inLanguage":"de","@id":"https:\/\/partsandpieces.nl\/product\/meubelwiel-messing-antiek-ronde-sok-20mm\/#primaryimage","url":"https:\/\/partsandpieces.nl\/wp-content\/uploads\/2020\/07\/Meubelwiel-Messing-Antiek-ronde-sok-20mm.jpg","contentUrl":"https:\/\/partsandpieces.nl\/wp-content\/uploads\/2020\/07\/Meubelwiel-Messing-Antiek-ronde-sok-20mm.jpg","width":401,"height":400,"caption":"Meubelwiel Messing Antiek ronde sok 20mm"},{"@type":"BreadcrumbList","@id":"https:\/\/partsandpieces.nl\/product\/meubelwiel-messing-antiek-ronde-sok-20mm\/#breadcrumb","itemListElement":[{"@type":"ListItem","position":1,"name":"Home","item":"https:\/\/partsandpieces.nl\/home\/"},{"@type":"ListItem","position":2,"name":"Winkel","item":"https:\/\/partsandpieces.nl\/winkel\/"},{"@type":"ListItem","position":3,"name":"Meubelwiel Messing Antiek ronde sok 20mm"}]},{"@type":"WebSite","@id":"https:\/\/partsandpieces.nl\/#website","url":"https:\/\/partsandpieces.nl\/","name":"Teile &amp; St\u00fccke","description":"Alles f\u00fcr Ihre M\u00f6belrestaurierung und -pflege!","potentialAction":[{"@type":"SearchAction","target":{"@type":"EntryPoint","urlTemplate":"https:\/\/partsandpieces.nl\/?s={search_term_string}"},"query-input":{"@type":"PropertyValueSpecification","valueRequired":true,"valueName":"search_term_string"}}],"inLanguage":"de"}]}},"_links":{"self":[{"href":"https:\/\/partsandpieces.nl\/de\/wp-json\/wp\/v2\/product\/1130","targetHints":{"allow":["GET"]}}],"collection":[{"href":"https:\/\/partsandpieces.nl\/de\/wp-json\/wp\/v2\/product"}],"about":[{"href":"https:\/\/partsandpieces.nl\/de\/wp-json\/wp\/v2\/types\/product"}],"wp:featuredmedia":[{"embeddable":true,"href":"https:\/\/partsandpieces.nl\/de\/wp-json\/wp\/v2\/media\/7119"}],"wp:attachment":[{"href":"https:\/\/partsandpieces.nl\/de\/wp-json\/wp\/v2\/media?parent=1130"}],"wp:term":[{"taxonomy":"product_brand","embeddable":true,"href":"https:\/\/partsandpieces.nl\/de\/wp-json\/wp\/v2\/product_brand?post=1130"},{"taxonomy":"product_cat","embeddable":true,"href":"https:\/\/partsandpieces.nl\/de\/wp-json\/wp\/v2\/product_cat?post=1130"},{"taxonomy":"product_tag","embeddable":true,"href":"https:\/\/partsandpieces.nl\/de\/wp-json\/wp\/v2\/product_tag?post=1130"}],"curies":[{"name":"wp","href":"https:\/\/api.w.org\/{rel}","templated":true}]}}