{"id":1136,"date":"2020-07-29T10:16:14","date_gmt":"2020-07-29T10:16:14","guid":{"rendered":"https:\/\/partsandpieces.bonsaidev.nl\/?product=ring-met-splitpen-40-mm"},"modified":"2026-03-08T11:18:48","modified_gmt":"2026-03-08T10:18:48","slug":"ring-mit-splint-verrostet-40mm","status":"publish","type":"product","link":"https:\/\/partsandpieces.nl\/de\/product\/ring-met-splitpen-geroest-40mm\/","title":{"rendered":"Ring mit Splint verrostet 40mm"},"content":{"rendered":"<p><strong>Ring mit Splint verrostet 40mm<\/strong> besteht aus einem Ring und einem Splint. Der Ring hat einen Durchmesser von 40 mm. Der Splint ist ca. 54 mm lang. Der Ring und der Splint bestehen aus Eisen und sind verrostet. Bitte beachten Sie: Kapitulation.<\/p>","protected":false},"excerpt":{"rendered":"<p>Ring mit Splint verrostet 40mm besteht aus einem Ring und einem Splint. Der Ring hat einen Durchmesser von 40 mm. Der Splint ist ca. 54 mm lang. Der Ring und der Splint bestehen aus Eisen und sind verrostet. Bitte beachten Sie: Kapitulation.<\/p>","protected":false},"featured_media":5159,"template":"","meta":{"_acf_changed":false},"product_brand":[],"product_cat":[23,44],"product_tag":[],"class_list":{"0":"post-1136","1":"product","2":"type-product","3":"status-publish","4":"has-post-thumbnail","6":"product_cat-meubelbeslag","7":"product_cat-ringbeslag","9":"first","10":"instock","11":"taxable","12":"shipping-taxable","13":"purchasable","14":"product-type-simple"},"acf":[],"yoast_head":"<!-- This site is optimized with the Yoast SEO plugin v27.3 - https:\/\/yoast.com\/product\/yoast-seo-wordpress\/ -->\n<title>Ring met splitpen geroest 40mm<\/title>\n<meta name=\"description\" content=\"Ring met splitpen geroest 40mm bestaat uit een ring en een splitpen. De ring heeft een diameter van 40mm. De splitpen is ongeveer 54mm lang.\" \/>\n<meta name=\"robots\" content=\"index, follow, max-snippet:-1, max-image-preview:large, max-video-preview:-1\" \/>\n<link rel=\"canonical\" href=\"https:\/\/partsandpieces.nl\/de\/produkt\/ring-mit-splint-verrostet-40mm\/\" \/>\n<meta property=\"og:locale\" content=\"de_DE\" \/>\n<meta property=\"og:type\" content=\"article\" \/>\n<meta property=\"og:title\" content=\"Ring met splitpen geroest 40mm\" \/>\n<meta property=\"og:description\" content=\"Ring met splitpen geroest 40mm bestaat uit een ring en een splitpen. De ring heeft een diameter van 40mm. De splitpen is ongeveer 54mm lang.\" \/>\n<meta property=\"og:url\" content=\"https:\/\/partsandpieces.nl\/de\/produkt\/ring-mit-splint-verrostet-40mm\/\" \/>\n<meta property=\"og:site_name\" content=\"Parts &amp; Pieces\" \/>\n<meta property=\"article:modified_time\" content=\"2026-03-08T10:18:48+00:00\" \/>\n<meta property=\"og:image\" content=\"https:\/\/partsandpieces.nl\/wp-content\/uploads\/2020\/07\/Ring-met-splitpen-geroest-40mm.jpg\" \/>\n\t<meta property=\"og:image:width\" content=\"480\" \/>\n\t<meta property=\"og:image:height\" content=\"480\" \/>\n\t<meta property=\"og:image:type\" content=\"image\/jpeg\" \/>\n<meta name=\"twitter:card\" content=\"summary_large_image\" \/>\n<meta name=\"twitter:label1\" content=\"Gesch\u00e4tzte Lesezeit\" \/>\n\t<meta name=\"twitter:data1\" content=\"1\u00a0Minute\" \/>\n<script type=\"application\/ld+json\" class=\"yoast-schema-graph\">{\"@context\":\"https:\\\/\\\/schema.org\",\"@graph\":[{\"@type\":\"WebPage\",\"@id\":\"https:\\\/\\\/partsandpieces.nl\\\/product\\\/ring-met-splitpen-geroest-40mm\\\/\",\"url\":\"https:\\\/\\\/partsandpieces.nl\\\/product\\\/ring-met-splitpen-geroest-40mm\\\/\",\"name\":\"Ring met splitpen geroest 40mm\",\"isPartOf\":{\"@id\":\"https:\\\/\\\/partsandpieces.nl\\\/#website\"},\"primaryImageOfPage\":{\"@id\":\"https:\\\/\\\/partsandpieces.nl\\\/product\\\/ring-met-splitpen-geroest-40mm\\\/#primaryimage\"},\"image\":{\"@id\":\"https:\\\/\\\/partsandpieces.nl\\\/product\\\/ring-met-splitpen-geroest-40mm\\\/#primaryimage\"},\"thumbnailUrl\":\"https:\\\/\\\/partsandpieces.nl\\\/wp-content\\\/uploads\\\/2020\\\/07\\\/Ring-met-splitpen-geroest-40mm.jpg\",\"datePublished\":\"2020-07-29T10:16:14+00:00\",\"dateModified\":\"2026-03-08T10:18:48+00:00\",\"description\":\"Ring met splitpen geroest 40mm bestaat uit een ring en een splitpen. De ring heeft een diameter van 40mm. De splitpen is ongeveer 54mm lang.\",\"breadcrumb\":{\"@id\":\"https:\\\/\\\/partsandpieces.nl\\\/product\\\/ring-met-splitpen-geroest-40mm\\\/#breadcrumb\"},\"inLanguage\":\"de\",\"potentialAction\":[{\"@type\":\"ReadAction\",\"target\":[\"https:\\\/\\\/partsandpieces.nl\\\/product\\\/ring-met-splitpen-geroest-40mm\\\/\"]}]},{\"@type\":\"ImageObject\",\"inLanguage\":\"de\",\"@id\":\"https:\\\/\\\/partsandpieces.nl\\\/product\\\/ring-met-splitpen-geroest-40mm\\\/#primaryimage\",\"url\":\"https:\\\/\\\/partsandpieces.nl\\\/wp-content\\\/uploads\\\/2020\\\/07\\\/Ring-met-splitpen-geroest-40mm.jpg\",\"contentUrl\":\"https:\\\/\\\/partsandpieces.nl\\\/wp-content\\\/uploads\\\/2020\\\/07\\\/Ring-met-splitpen-geroest-40mm.jpg\",\"width\":480,\"height\":480,\"caption\":\"Ring met splitpen geroest 40mm\"},{\"@type\":\"BreadcrumbList\",\"@id\":\"https:\\\/\\\/partsandpieces.nl\\\/product\\\/ring-met-splitpen-geroest-40mm\\\/#breadcrumb\",\"itemListElement\":[{\"@type\":\"ListItem\",\"position\":1,\"name\":\"Home\",\"item\":\"https:\\\/\\\/partsandpieces.nl\\\/home\\\/\"},{\"@type\":\"ListItem\",\"position\":2,\"name\":\"Winkel\",\"item\":\"https:\\\/\\\/partsandpieces.nl\\\/winkel\\\/\"},{\"@type\":\"ListItem\",\"position\":3,\"name\":\"Ring met splitpen geroest 40mm\"}]},{\"@type\":\"WebSite\",\"@id\":\"https:\\\/\\\/partsandpieces.nl\\\/#website\",\"url\":\"https:\\\/\\\/partsandpieces.nl\\\/\",\"name\":\"Parts &amp; Pieces\",\"description\":\"Alles voor uw meubelrestauratie en -onderhoud!\",\"potentialAction\":[{\"@type\":\"SearchAction\",\"target\":{\"@type\":\"EntryPoint\",\"urlTemplate\":\"https:\\\/\\\/partsandpieces.nl\\\/?s={search_term_string}\"},\"query-input\":{\"@type\":\"PropertyValueSpecification\",\"valueRequired\":true,\"valueName\":\"search_term_string\"}}],\"inLanguage\":\"de\"}]}<\/script>\n<!-- \/ Yoast SEO plugin. -->","yoast_head_json":{"title":"Ring mit Splint verrostet 40mm","description":"Ring mit Splint verrostet 40mm besteht aus einem Ring und einem Splint. Der Ring hat einen Durchmesser von 40 mm. Der Splint ist ca. 54 mm lang.","robots":{"index":"index","follow":"follow","max-snippet":"max-snippet:-1","max-image-preview":"max-image-preview:large","max-video-preview":"max-video-preview:-1"},"canonical":"https:\/\/partsandpieces.nl\/de\/produkt\/ring-mit-splint-verrostet-40mm\/","og_locale":"de_DE","og_type":"article","og_title":"Ring met splitpen geroest 40mm","og_description":"Ring met splitpen geroest 40mm bestaat uit een ring en een splitpen. De ring heeft een diameter van 40mm. De splitpen is ongeveer 54mm lang.","og_url":"https:\/\/partsandpieces.nl\/de\/produkt\/ring-mit-splint-verrostet-40mm\/","og_site_name":"Parts &amp; Pieces","article_modified_time":"2026-03-08T10:18:48+00:00","og_image":[{"width":480,"height":480,"url":"https:\/\/partsandpieces.nl\/wp-content\/uploads\/2020\/07\/Ring-met-splitpen-geroest-40mm.jpg","type":"image\/jpeg"}],"twitter_card":"summary_large_image","twitter_misc":{"Gesch\u00e4tzte Lesezeit":"1\u00a0Minute"},"schema":{"@context":"https:\/\/schema.org","@graph":[{"@type":"WebPage","@id":"https:\/\/partsandpieces.nl\/product\/ring-met-splitpen-geroest-40mm\/","url":"https:\/\/partsandpieces.nl\/product\/ring-met-splitpen-geroest-40mm\/","name":"Ring mit Splint verrostet 40mm","isPartOf":{"@id":"https:\/\/partsandpieces.nl\/#website"},"primaryImageOfPage":{"@id":"https:\/\/partsandpieces.nl\/product\/ring-met-splitpen-geroest-40mm\/#primaryimage"},"image":{"@id":"https:\/\/partsandpieces.nl\/product\/ring-met-splitpen-geroest-40mm\/#primaryimage"},"thumbnailUrl":"https:\/\/partsandpieces.nl\/wp-content\/uploads\/2020\/07\/Ring-met-splitpen-geroest-40mm.jpg","datePublished":"2020-07-29T10:16:14+00:00","dateModified":"2026-03-08T10:18:48+00:00","description":"Ring mit Splint verrostet 40mm besteht aus einem Ring und einem Splint. Der Ring hat einen Durchmesser von 40 mm. Der Splint ist ca. 54 mm lang.","breadcrumb":{"@id":"https:\/\/partsandpieces.nl\/product\/ring-met-splitpen-geroest-40mm\/#breadcrumb"},"inLanguage":"de","potentialAction":[{"@type":"ReadAction","target":["https:\/\/partsandpieces.nl\/product\/ring-met-splitpen-geroest-40mm\/"]}]},{"@type":"ImageObject","inLanguage":"de","@id":"https:\/\/partsandpieces.nl\/product\/ring-met-splitpen-geroest-40mm\/#primaryimage","url":"https:\/\/partsandpieces.nl\/wp-content\/uploads\/2020\/07\/Ring-met-splitpen-geroest-40mm.jpg","contentUrl":"https:\/\/partsandpieces.nl\/wp-content\/uploads\/2020\/07\/Ring-met-splitpen-geroest-40mm.jpg","width":480,"height":480,"caption":"Ring met splitpen geroest 40mm"},{"@type":"BreadcrumbList","@id":"https:\/\/partsandpieces.nl\/product\/ring-met-splitpen-geroest-40mm\/#breadcrumb","itemListElement":[{"@type":"ListItem","position":1,"name":"Home","item":"https:\/\/partsandpieces.nl\/home\/"},{"@type":"ListItem","position":2,"name":"Winkel","item":"https:\/\/partsandpieces.nl\/winkel\/"},{"@type":"ListItem","position":3,"name":"Ring met splitpen geroest 40mm"}]},{"@type":"WebSite","@id":"https:\/\/partsandpieces.nl\/#website","url":"https:\/\/partsandpieces.nl\/","name":"Teile &amp; St\u00fccke","description":"Alles f\u00fcr Ihre M\u00f6belrestaurierung und -pflege!","potentialAction":[{"@type":"SearchAction","target":{"@type":"EntryPoint","urlTemplate":"https:\/\/partsandpieces.nl\/?s={search_term_string}"},"query-input":{"@type":"PropertyValueSpecification","valueRequired":true,"valueName":"search_term_string"}}],"inLanguage":"de"}]}},"_links":{"self":[{"href":"https:\/\/partsandpieces.nl\/de\/wp-json\/wp\/v2\/product\/1136","targetHints":{"allow":["GET"]}}],"collection":[{"href":"https:\/\/partsandpieces.nl\/de\/wp-json\/wp\/v2\/product"}],"about":[{"href":"https:\/\/partsandpieces.nl\/de\/wp-json\/wp\/v2\/types\/product"}],"wp:featuredmedia":[{"embeddable":true,"href":"https:\/\/partsandpieces.nl\/de\/wp-json\/wp\/v2\/media\/5159"}],"wp:attachment":[{"href":"https:\/\/partsandpieces.nl\/de\/wp-json\/wp\/v2\/media?parent=1136"}],"wp:term":[{"taxonomy":"product_brand","embeddable":true,"href":"https:\/\/partsandpieces.nl\/de\/wp-json\/wp\/v2\/product_brand?post=1136"},{"taxonomy":"product_cat","embeddable":true,"href":"https:\/\/partsandpieces.nl\/de\/wp-json\/wp\/v2\/product_cat?post=1136"},{"taxonomy":"product_tag","embeddable":true,"href":"https:\/\/partsandpieces.nl\/de\/wp-json\/wp\/v2\/product_tag?post=1136"}],"curies":[{"name":"wp","href":"https:\/\/api.w.org\/{rel}","templated":true}]}}