{"id":114,"date":"2020-05-22T15:23:59","date_gmt":"2020-05-22T15:23:59","guid":{"rendered":"https:\/\/partsandpieces.bonsaidev.nl\/?product=komgreep-wit-gepat-85x34-mm"},"modified":"2026-02-03T12:37:40","modified_gmt":"2026-02-03T11:37:40","slug":"zuggriff-aus-antiker-bronze-mit-elfenbeineinlage-84-mm","status":"publish","type":"product","link":"https:\/\/partsandpieces.nl\/de\/product\/komgreep-brons-antiek-met-ivoor-inleg-84mm\/","title":{"rendered":"Tassenhenkel Bronze antik mit Elfenbeineinlage 84mm"},"content":{"rendered":"<p><strong>Tassenhenkel Bronze antik mit Elfenbeineinlage 84mm<\/strong> ist ein massiver Schalengriff mit antikem Bronze-Finish. Der eingelassene Griff hat eine elfenbeinfarbene Einlage. Die Griffmulde ist von schwerer Qualit\u00e4t. Die Optik der Griffmulde ist seidenmatt und glatt. Dieser Muschelgriff ist f\u00fcr schwere Schubladen geeignet.<\/p>\n<p><strong>Ma\u00dfe<br \/>\n<\/strong>Der Tassenhenkel Bronze antik mit Elfenbeineinlage 84mm hat eine Gesamtbreite von 84mm. Nach der Montage ragt dieser Ziehgriff ca. 20 mm heraus. Die Schale ist ca. 64 mm breit und 34 mm hoch. Die Bohrl\u00f6cher haben einen Abstand von 64 mm.<\/p>\n<p><strong>Bearbeiten<br \/>\n<\/strong>Sie k\u00f6nnen den Taster mit blind montieren\u00a0<span style=\"text-decoration: underline;\"><a href=\"https:\/\/partsandpieces.nl\/de\/produkt\/schraube-edelstahl-zur-blindmontage-von-mobelbeschlagen-45x4mm-20-stuck\/\">Edelstahlschraube zur Blindbefestigung von M\u00f6belbeschl\u00e4gen (45x4mm)<\/a><\/span>. Ich schicke diese Schraube\u00a0<strong>FREI<\/strong>\u00a0mit Ihrer Bestellung.<\/p>","protected":false},"excerpt":{"rendered":"<p>Komgreep Brons antiek met Ivoor inleg 84mm is een massieve schelpgreep met een antiek bronzen finish. De komgreep heeft een ivoor kleurige inleg. De komgreep is van zware kwaliteit. De uitstraling van de komgreep is semi glanzend en glad. Deze komgreep is geschikt voor zware lades. Afmetingen De Komgreep Brons antiek met Ivoor inleg 84mm [&hellip;]<\/p>\n","protected":false},"featured_media":5693,"template":"","meta":{"_acf_changed":false},"product_brand":[],"product_cat":[39,23],"product_tag":[],"class_list":{"0":"post-114","1":"product","2":"type-product","3":"status-publish","4":"has-post-thumbnail","6":"product_cat-komgrepen","7":"product_cat-meubelbeslag","9":"first","10":"instock","11":"taxable","12":"shipping-taxable","13":"purchasable","14":"product-type-simple"},"acf":[],"yoast_head":"<!-- This site is optimized with the Yoast SEO plugin v27.3 - https:\/\/yoast.com\/product\/yoast-seo-wordpress\/ -->\n<title>Komgreep Brons Ivoor 84mm<\/title>\n<meta name=\"description\" content=\"Komgreep Brons antiek met Ivoor inleg 84mm is een massieve schelpgreep met een antiek bronzen finish. De komgreep heeft een ivoor kleurige inleg.\" \/>\n<meta name=\"robots\" content=\"index, follow, max-snippet:-1, max-image-preview:large, max-video-preview:-1\" \/>\n<link rel=\"canonical\" href=\"https:\/\/partsandpieces.nl\/de\/produkt\/zuggriff-aus-antiker-bronze-mit-elfenbeineinlage-84-mm\/\" \/>\n<meta property=\"og:locale\" content=\"de_DE\" \/>\n<meta property=\"og:type\" content=\"article\" \/>\n<meta property=\"og:title\" content=\"Komgreep Brons Ivoor 84mm\" \/>\n<meta property=\"og:description\" content=\"Komgreep Brons antiek met Ivoor inleg 84mm is een massieve schelpgreep met een antiek bronzen finish. De komgreep heeft een ivoor kleurige inleg.\" \/>\n<meta property=\"og:url\" content=\"https:\/\/partsandpieces.nl\/de\/produkt\/zuggriff-aus-antiker-bronze-mit-elfenbeineinlage-84-mm\/\" \/>\n<meta property=\"og:site_name\" content=\"Parts &amp; Pieces\" \/>\n<meta property=\"article:modified_time\" content=\"2026-02-03T11:37:40+00:00\" \/>\n<meta property=\"og:image\" content=\"https:\/\/partsandpieces.nl\/wp-content\/uploads\/2020\/05\/Komgreep-Brons-antiek-met-Ivoor-inleg-84mm.jpg\" \/>\n\t<meta property=\"og:image:width\" content=\"460\" \/>\n\t<meta property=\"og:image:height\" content=\"460\" \/>\n\t<meta property=\"og:image:type\" content=\"image\/jpeg\" \/>\n<meta name=\"twitter:card\" content=\"summary_large_image\" \/>\n<meta name=\"twitter:label1\" content=\"Gesch\u00e4tzte Lesezeit\" \/>\n\t<meta name=\"twitter:data1\" content=\"1\u00a0Minute\" \/>\n<script type=\"application\/ld+json\" class=\"yoast-schema-graph\">{\"@context\":\"https:\\\/\\\/schema.org\",\"@graph\":[{\"@type\":\"WebPage\",\"@id\":\"https:\\\/\\\/partsandpieces.nl\\\/product\\\/komgreep-brons-antiek-met-ivoor-inleg-84mm\\\/\",\"url\":\"https:\\\/\\\/partsandpieces.nl\\\/product\\\/komgreep-brons-antiek-met-ivoor-inleg-84mm\\\/\",\"name\":\"Komgreep Brons Ivoor 84mm\",\"isPartOf\":{\"@id\":\"https:\\\/\\\/partsandpieces.nl\\\/#website\"},\"primaryImageOfPage\":{\"@id\":\"https:\\\/\\\/partsandpieces.nl\\\/product\\\/komgreep-brons-antiek-met-ivoor-inleg-84mm\\\/#primaryimage\"},\"image\":{\"@id\":\"https:\\\/\\\/partsandpieces.nl\\\/product\\\/komgreep-brons-antiek-met-ivoor-inleg-84mm\\\/#primaryimage\"},\"thumbnailUrl\":\"https:\\\/\\\/partsandpieces.nl\\\/wp-content\\\/uploads\\\/2020\\\/05\\\/Komgreep-Brons-antiek-met-Ivoor-inleg-84mm.jpg\",\"datePublished\":\"2020-05-22T15:23:59+00:00\",\"dateModified\":\"2026-02-03T11:37:40+00:00\",\"description\":\"Komgreep Brons antiek met Ivoor inleg 84mm is een massieve schelpgreep met een antiek bronzen finish. De komgreep heeft een ivoor kleurige inleg.\",\"breadcrumb\":{\"@id\":\"https:\\\/\\\/partsandpieces.nl\\\/product\\\/komgreep-brons-antiek-met-ivoor-inleg-84mm\\\/#breadcrumb\"},\"inLanguage\":\"de\",\"potentialAction\":[{\"@type\":\"ReadAction\",\"target\":[\"https:\\\/\\\/partsandpieces.nl\\\/product\\\/komgreep-brons-antiek-met-ivoor-inleg-84mm\\\/\"]}]},{\"@type\":\"ImageObject\",\"inLanguage\":\"de\",\"@id\":\"https:\\\/\\\/partsandpieces.nl\\\/product\\\/komgreep-brons-antiek-met-ivoor-inleg-84mm\\\/#primaryimage\",\"url\":\"https:\\\/\\\/partsandpieces.nl\\\/wp-content\\\/uploads\\\/2020\\\/05\\\/Komgreep-Brons-antiek-met-Ivoor-inleg-84mm.jpg\",\"contentUrl\":\"https:\\\/\\\/partsandpieces.nl\\\/wp-content\\\/uploads\\\/2020\\\/05\\\/Komgreep-Brons-antiek-met-Ivoor-inleg-84mm.jpg\",\"width\":460,\"height\":460,\"caption\":\"Komgreep Brons antiek met Ivoor inleg 84mm\"},{\"@type\":\"BreadcrumbList\",\"@id\":\"https:\\\/\\\/partsandpieces.nl\\\/product\\\/komgreep-brons-antiek-met-ivoor-inleg-84mm\\\/#breadcrumb\",\"itemListElement\":[{\"@type\":\"ListItem\",\"position\":1,\"name\":\"Home\",\"item\":\"https:\\\/\\\/partsandpieces.nl\\\/home\\\/\"},{\"@type\":\"ListItem\",\"position\":2,\"name\":\"Winkel\",\"item\":\"https:\\\/\\\/partsandpieces.nl\\\/winkel\\\/\"},{\"@type\":\"ListItem\",\"position\":3,\"name\":\"Komgreep Brons antiek met Ivoor inleg 84mm\"}]},{\"@type\":\"WebSite\",\"@id\":\"https:\\\/\\\/partsandpieces.nl\\\/#website\",\"url\":\"https:\\\/\\\/partsandpieces.nl\\\/\",\"name\":\"Parts &amp; Pieces\",\"description\":\"Alles voor uw meubelrestauratie en -onderhoud!\",\"potentialAction\":[{\"@type\":\"SearchAction\",\"target\":{\"@type\":\"EntryPoint\",\"urlTemplate\":\"https:\\\/\\\/partsandpieces.nl\\\/?s={search_term_string}\"},\"query-input\":{\"@type\":\"PropertyValueSpecification\",\"valueRequired\":true,\"valueName\":\"search_term_string\"}}],\"inLanguage\":\"de\"}]}<\/script>\n<!-- \/ Yoast SEO plugin. -->","yoast_head_json":{"title":"Bechergriff Bronze Elfenbein 84mm","description":"Schalengriff Bronze antik mit Elfenbeineinlage 84 mm ist ein massiver Schalengriff mit antikem Bronze-Finish. Der eingelassene Griff hat eine elfenbeinfarbene Einlage.","robots":{"index":"index","follow":"follow","max-snippet":"max-snippet:-1","max-image-preview":"max-image-preview:large","max-video-preview":"max-video-preview:-1"},"canonical":"https:\/\/partsandpieces.nl\/de\/produkt\/zuggriff-aus-antiker-bronze-mit-elfenbeineinlage-84-mm\/","og_locale":"de_DE","og_type":"article","og_title":"Komgreep Brons Ivoor 84mm","og_description":"Komgreep Brons antiek met Ivoor inleg 84mm is een massieve schelpgreep met een antiek bronzen finish. De komgreep heeft een ivoor kleurige inleg.","og_url":"https:\/\/partsandpieces.nl\/de\/produkt\/zuggriff-aus-antiker-bronze-mit-elfenbeineinlage-84-mm\/","og_site_name":"Parts &amp; Pieces","article_modified_time":"2026-02-03T11:37:40+00:00","og_image":[{"width":460,"height":460,"url":"https:\/\/partsandpieces.nl\/wp-content\/uploads\/2020\/05\/Komgreep-Brons-antiek-met-Ivoor-inleg-84mm.jpg","type":"image\/jpeg"}],"twitter_card":"summary_large_image","twitter_misc":{"Gesch\u00e4tzte Lesezeit":"1\u00a0Minute"},"schema":{"@context":"https:\/\/schema.org","@graph":[{"@type":"WebPage","@id":"https:\/\/partsandpieces.nl\/product\/komgreep-brons-antiek-met-ivoor-inleg-84mm\/","url":"https:\/\/partsandpieces.nl\/product\/komgreep-brons-antiek-met-ivoor-inleg-84mm\/","name":"Bechergriff Bronze Elfenbein 84mm","isPartOf":{"@id":"https:\/\/partsandpieces.nl\/#website"},"primaryImageOfPage":{"@id":"https:\/\/partsandpieces.nl\/product\/komgreep-brons-antiek-met-ivoor-inleg-84mm\/#primaryimage"},"image":{"@id":"https:\/\/partsandpieces.nl\/product\/komgreep-brons-antiek-met-ivoor-inleg-84mm\/#primaryimage"},"thumbnailUrl":"https:\/\/partsandpieces.nl\/wp-content\/uploads\/2020\/05\/Komgreep-Brons-antiek-met-Ivoor-inleg-84mm.jpg","datePublished":"2020-05-22T15:23:59+00:00","dateModified":"2026-02-03T11:37:40+00:00","description":"Schalengriff Bronze antik mit Elfenbeineinlage 84 mm ist ein massiver Schalengriff mit antikem Bronze-Finish. Der eingelassene Griff hat eine elfenbeinfarbene Einlage.","breadcrumb":{"@id":"https:\/\/partsandpieces.nl\/product\/komgreep-brons-antiek-met-ivoor-inleg-84mm\/#breadcrumb"},"inLanguage":"de","potentialAction":[{"@type":"ReadAction","target":["https:\/\/partsandpieces.nl\/product\/komgreep-brons-antiek-met-ivoor-inleg-84mm\/"]}]},{"@type":"ImageObject","inLanguage":"de","@id":"https:\/\/partsandpieces.nl\/product\/komgreep-brons-antiek-met-ivoor-inleg-84mm\/#primaryimage","url":"https:\/\/partsandpieces.nl\/wp-content\/uploads\/2020\/05\/Komgreep-Brons-antiek-met-Ivoor-inleg-84mm.jpg","contentUrl":"https:\/\/partsandpieces.nl\/wp-content\/uploads\/2020\/05\/Komgreep-Brons-antiek-met-Ivoor-inleg-84mm.jpg","width":460,"height":460,"caption":"Komgreep Brons antiek met Ivoor inleg 84mm"},{"@type":"BreadcrumbList","@id":"https:\/\/partsandpieces.nl\/product\/komgreep-brons-antiek-met-ivoor-inleg-84mm\/#breadcrumb","itemListElement":[{"@type":"ListItem","position":1,"name":"Home","item":"https:\/\/partsandpieces.nl\/home\/"},{"@type":"ListItem","position":2,"name":"Winkel","item":"https:\/\/partsandpieces.nl\/winkel\/"},{"@type":"ListItem","position":3,"name":"Komgreep Brons antiek met Ivoor inleg 84mm"}]},{"@type":"WebSite","@id":"https:\/\/partsandpieces.nl\/#website","url":"https:\/\/partsandpieces.nl\/","name":"Teile &amp; St\u00fccke","description":"Alles f\u00fcr Ihre M\u00f6belrestaurierung und -pflege!","potentialAction":[{"@type":"SearchAction","target":{"@type":"EntryPoint","urlTemplate":"https:\/\/partsandpieces.nl\/?s={search_term_string}"},"query-input":{"@type":"PropertyValueSpecification","valueRequired":true,"valueName":"search_term_string"}}],"inLanguage":"de"}]}},"_links":{"self":[{"href":"https:\/\/partsandpieces.nl\/de\/wp-json\/wp\/v2\/product\/114","targetHints":{"allow":["GET"]}}],"collection":[{"href":"https:\/\/partsandpieces.nl\/de\/wp-json\/wp\/v2\/product"}],"about":[{"href":"https:\/\/partsandpieces.nl\/de\/wp-json\/wp\/v2\/types\/product"}],"wp:featuredmedia":[{"embeddable":true,"href":"https:\/\/partsandpieces.nl\/de\/wp-json\/wp\/v2\/media\/5693"}],"wp:attachment":[{"href":"https:\/\/partsandpieces.nl\/de\/wp-json\/wp\/v2\/media?parent=114"}],"wp:term":[{"taxonomy":"product_brand","embeddable":true,"href":"https:\/\/partsandpieces.nl\/de\/wp-json\/wp\/v2\/product_brand?post=114"},{"taxonomy":"product_cat","embeddable":true,"href":"https:\/\/partsandpieces.nl\/de\/wp-json\/wp\/v2\/product_cat?post=114"},{"taxonomy":"product_tag","embeddable":true,"href":"https:\/\/partsandpieces.nl\/de\/wp-json\/wp\/v2\/product_tag?post=114"}],"curies":[{"name":"wp","href":"https:\/\/api.w.org\/{rel}","templated":true}]}}