{"id":1143,"date":"2020-07-29T10:31:54","date_gmt":"2020-07-29T10:31:54","guid":{"rendered":"https:\/\/partsandpieces.bonsaidev.nl\/?product=penscharnier-80x-9mm-gebronst"},"modified":"2026-02-15T14:14:33","modified_gmt":"2026-02-15T13:14:33","slug":"antikes-bronzescharnier-9x66mm","status":"publish","type":"product","link":"https:\/\/partsandpieces.nl\/de\/product\/inboorpaumelle-brons-antiek-9x66mm\/","title":{"rendered":"Scharnierbolzen, Antikbronze, 9x66mm"},"content":{"rendered":"<p><strong>Scharnierbolzen, Antikbronze, 9x66mm<\/strong> ist ein Scharnier mit dekorativem Knopf in bronzefarbenem Antik-Finish. Das Scharnier kann sowohl f\u00fcr Rechts- als auch f\u00fcr Linkst\u00fcren verwendet werden. Mit diesem M\u00f6belscharnier l\u00e4sst sich eine T\u00fcr ganz einfach aus dem Schrank heben, ohne vorher den Stift zu entfernen oder das Scharnier abzuschrauben.<\/p>\n<p>Dieses hochwertige Scharnier wird in Italien hergestellt.<\/p>\n<p><strong>Ma\u00dfe<br \/>\n<\/strong>Das Einbohrscharnier Paumelle Bronze Antik 66 mm ist 66 mm hoch und hat einen Durchmesser von 9 mm. Die zu bohrenden Stifte sind 24 mm lang und 5 mm dick.<\/p>\n<p><strong>Bearbeiten<\/strong><br \/>\nSie montieren das Scharnier, indem Sie beide Stifte in Ihr M\u00f6bel bohren.<\/p>","protected":false},"excerpt":{"rendered":"<p>Inboorpaumelle Brons Antiek 9x66mm is een scharnier met sierknop met een brons antieke afwerking. Het scharnier is zowel voor rechts- als linksdraaiende deurtjes te gebruiken. Met dit meubelscharnier is een deur eenvoudig uit de kast te tillen zonder de pen er eerst uit te halen of het scharnier los te hoeven schroeven. Dit kwalitatief uitstekende [&hellip;]<\/p>\n","protected":false},"featured_media":7476,"template":"","meta":{"_acf_changed":false},"product_brand":[],"product_cat":[45,23,161],"product_tag":[],"class_list":{"0":"post-1143","1":"product","2":"type-product","3":"status-publish","4":"has-post-thumbnail","6":"product_cat-antieke-scharnieren","7":"product_cat-meubelbeslag","8":"product_cat-paumelles","10":"first","11":"instock","12":"taxable","13":"shipping-taxable","14":"purchasable","15":"product-type-simple"},"acf":[],"yoast_head":"<!-- This site is optimized with the Yoast SEO plugin v27.3 - https:\/\/yoast.com\/product\/yoast-seo-wordpress\/ -->\n<title>Inboorpaumelle Brons Antiek 9x66mm<\/title>\n<meta name=\"description\" content=\"Inboorpaumelle Brons Antiek 9x66mm is een scharnier met sierknop. Het scharnier is zowel voor rechts- als linksdraaiende deurtjes te gebruiken.\" \/>\n<meta name=\"robots\" content=\"index, follow, max-snippet:-1, max-image-preview:large, max-video-preview:-1\" \/>\n<link rel=\"canonical\" href=\"https:\/\/partsandpieces.nl\/de\/produkt\/antikes-bronzescharnier-9x66mm\/\" \/>\n<meta property=\"og:locale\" content=\"de_DE\" \/>\n<meta property=\"og:type\" content=\"article\" \/>\n<meta property=\"og:title\" content=\"Inboorpaumelle Brons Antiek 9x66mm\" \/>\n<meta property=\"og:description\" content=\"Inboorpaumelle Brons Antiek 9x66mm is een scharnier met sierknop. Het scharnier is zowel voor rechts- als linksdraaiende deurtjes te gebruiken.\" \/>\n<meta property=\"og:url\" content=\"https:\/\/partsandpieces.nl\/de\/produkt\/antikes-bronzescharnier-9x66mm\/\" \/>\n<meta property=\"og:site_name\" content=\"Parts &amp; Pieces\" \/>\n<meta property=\"article:modified_time\" content=\"2026-02-15T13:14:33+00:00\" \/>\n<meta property=\"og:image\" content=\"https:\/\/partsandpieces.nl\/wp-content\/uploads\/2020\/07\/Inboorscharnier-Paumelle-Brons-Antiek-9x66mm.jpg\" \/>\n\t<meta property=\"og:image:width\" content=\"361\" \/>\n\t<meta property=\"og:image:height\" content=\"360\" \/>\n\t<meta property=\"og:image:type\" content=\"image\/jpeg\" \/>\n<meta name=\"twitter:card\" content=\"summary_large_image\" \/>\n<meta name=\"twitter:label1\" content=\"Gesch\u00e4tzte Lesezeit\" \/>\n\t<meta name=\"twitter:data1\" content=\"1\u00a0Minute\" \/>\n<script type=\"application\/ld+json\" class=\"yoast-schema-graph\">{\"@context\":\"https:\\\/\\\/schema.org\",\"@graph\":[{\"@type\":\"WebPage\",\"@id\":\"https:\\\/\\\/partsandpieces.nl\\\/product\\\/inboorpaumelle-brons-antiek-9x66mm\\\/\",\"url\":\"https:\\\/\\\/partsandpieces.nl\\\/product\\\/inboorpaumelle-brons-antiek-9x66mm\\\/\",\"name\":\"Inboorpaumelle Brons Antiek 9x66mm\",\"isPartOf\":{\"@id\":\"https:\\\/\\\/partsandpieces.nl\\\/#website\"},\"primaryImageOfPage\":{\"@id\":\"https:\\\/\\\/partsandpieces.nl\\\/product\\\/inboorpaumelle-brons-antiek-9x66mm\\\/#primaryimage\"},\"image\":{\"@id\":\"https:\\\/\\\/partsandpieces.nl\\\/product\\\/inboorpaumelle-brons-antiek-9x66mm\\\/#primaryimage\"},\"thumbnailUrl\":\"https:\\\/\\\/partsandpieces.nl\\\/wp-content\\\/uploads\\\/2020\\\/07\\\/Inboorscharnier-Paumelle-Brons-Antiek-9x66mm.jpg\",\"datePublished\":\"2020-07-29T10:31:54+00:00\",\"dateModified\":\"2026-02-15T13:14:33+00:00\",\"description\":\"Inboorpaumelle Brons Antiek 9x66mm is een scharnier met sierknop. Het scharnier is zowel voor rechts- als linksdraaiende deurtjes te gebruiken.\",\"breadcrumb\":{\"@id\":\"https:\\\/\\\/partsandpieces.nl\\\/product\\\/inboorpaumelle-brons-antiek-9x66mm\\\/#breadcrumb\"},\"inLanguage\":\"de\",\"potentialAction\":[{\"@type\":\"ReadAction\",\"target\":[\"https:\\\/\\\/partsandpieces.nl\\\/product\\\/inboorpaumelle-brons-antiek-9x66mm\\\/\"]}]},{\"@type\":\"ImageObject\",\"inLanguage\":\"de\",\"@id\":\"https:\\\/\\\/partsandpieces.nl\\\/product\\\/inboorpaumelle-brons-antiek-9x66mm\\\/#primaryimage\",\"url\":\"https:\\\/\\\/partsandpieces.nl\\\/wp-content\\\/uploads\\\/2020\\\/07\\\/Inboorscharnier-Paumelle-Brons-Antiek-9x66mm.jpg\",\"contentUrl\":\"https:\\\/\\\/partsandpieces.nl\\\/wp-content\\\/uploads\\\/2020\\\/07\\\/Inboorscharnier-Paumelle-Brons-Antiek-9x66mm.jpg\",\"width\":361,\"height\":360,\"caption\":\"Inboorscharnier Paumelle Brons Antiek 9x66mm\"},{\"@type\":\"BreadcrumbList\",\"@id\":\"https:\\\/\\\/partsandpieces.nl\\\/product\\\/inboorpaumelle-brons-antiek-9x66mm\\\/#breadcrumb\",\"itemListElement\":[{\"@type\":\"ListItem\",\"position\":1,\"name\":\"Home\",\"item\":\"https:\\\/\\\/partsandpieces.nl\\\/home\\\/\"},{\"@type\":\"ListItem\",\"position\":2,\"name\":\"Winkel\",\"item\":\"https:\\\/\\\/partsandpieces.nl\\\/winkel\\\/\"},{\"@type\":\"ListItem\",\"position\":3,\"name\":\"Inboorpaumelle Brons Antiek 9x66mm\"}]},{\"@type\":\"WebSite\",\"@id\":\"https:\\\/\\\/partsandpieces.nl\\\/#website\",\"url\":\"https:\\\/\\\/partsandpieces.nl\\\/\",\"name\":\"Parts &amp; Pieces\",\"description\":\"Alles voor uw meubelrestauratie en -onderhoud!\",\"potentialAction\":[{\"@type\":\"SearchAction\",\"target\":{\"@type\":\"EntryPoint\",\"urlTemplate\":\"https:\\\/\\\/partsandpieces.nl\\\/?s={search_term_string}\"},\"query-input\":{\"@type\":\"PropertyValueSpecification\",\"valueRequired\":true,\"valueName\":\"search_term_string\"}}],\"inLanguage\":\"de\"}]}<\/script>\n<!-- \/ Yoast SEO plugin. -->","yoast_head_json":{"title":"Scharnierbolzen, Antikbronze, 9x66mm","description":"Das 9 x 66 mm gro\u00dfe Einbauscharnier in Antikbronze verf\u00fcgt \u00fcber einen dekorativen Knopf. Es kann sowohl an rechts- als auch an linksseitigen T\u00fcren verwendet werden.","robots":{"index":"index","follow":"follow","max-snippet":"max-snippet:-1","max-image-preview":"max-image-preview:large","max-video-preview":"max-video-preview:-1"},"canonical":"https:\/\/partsandpieces.nl\/de\/produkt\/antikes-bronzescharnier-9x66mm\/","og_locale":"de_DE","og_type":"article","og_title":"Inboorpaumelle Brons Antiek 9x66mm","og_description":"Inboorpaumelle Brons Antiek 9x66mm is een scharnier met sierknop. Het scharnier is zowel voor rechts- als linksdraaiende deurtjes te gebruiken.","og_url":"https:\/\/partsandpieces.nl\/de\/produkt\/antikes-bronzescharnier-9x66mm\/","og_site_name":"Parts &amp; Pieces","article_modified_time":"2026-02-15T13:14:33+00:00","og_image":[{"width":361,"height":360,"url":"https:\/\/partsandpieces.nl\/wp-content\/uploads\/2020\/07\/Inboorscharnier-Paumelle-Brons-Antiek-9x66mm.jpg","type":"image\/jpeg"}],"twitter_card":"summary_large_image","twitter_misc":{"Gesch\u00e4tzte Lesezeit":"1\u00a0Minute"},"schema":{"@context":"https:\/\/schema.org","@graph":[{"@type":"WebPage","@id":"https:\/\/partsandpieces.nl\/product\/inboorpaumelle-brons-antiek-9x66mm\/","url":"https:\/\/partsandpieces.nl\/product\/inboorpaumelle-brons-antiek-9x66mm\/","name":"Scharnierbolzen, Antikbronze, 9x66mm","isPartOf":{"@id":"https:\/\/partsandpieces.nl\/#website"},"primaryImageOfPage":{"@id":"https:\/\/partsandpieces.nl\/product\/inboorpaumelle-brons-antiek-9x66mm\/#primaryimage"},"image":{"@id":"https:\/\/partsandpieces.nl\/product\/inboorpaumelle-brons-antiek-9x66mm\/#primaryimage"},"thumbnailUrl":"https:\/\/partsandpieces.nl\/wp-content\/uploads\/2020\/07\/Inboorscharnier-Paumelle-Brons-Antiek-9x66mm.jpg","datePublished":"2020-07-29T10:31:54+00:00","dateModified":"2026-02-15T13:14:33+00:00","description":"Das 9 x 66 mm gro\u00dfe Einbauscharnier in Antikbronze verf\u00fcgt \u00fcber einen dekorativen Knopf. Es kann sowohl an rechts- als auch an linksseitigen T\u00fcren verwendet werden.","breadcrumb":{"@id":"https:\/\/partsandpieces.nl\/product\/inboorpaumelle-brons-antiek-9x66mm\/#breadcrumb"},"inLanguage":"de","potentialAction":[{"@type":"ReadAction","target":["https:\/\/partsandpieces.nl\/product\/inboorpaumelle-brons-antiek-9x66mm\/"]}]},{"@type":"ImageObject","inLanguage":"de","@id":"https:\/\/partsandpieces.nl\/product\/inboorpaumelle-brons-antiek-9x66mm\/#primaryimage","url":"https:\/\/partsandpieces.nl\/wp-content\/uploads\/2020\/07\/Inboorscharnier-Paumelle-Brons-Antiek-9x66mm.jpg","contentUrl":"https:\/\/partsandpieces.nl\/wp-content\/uploads\/2020\/07\/Inboorscharnier-Paumelle-Brons-Antiek-9x66mm.jpg","width":361,"height":360,"caption":"Inboorscharnier Paumelle Brons Antiek 9x66mm"},{"@type":"BreadcrumbList","@id":"https:\/\/partsandpieces.nl\/product\/inboorpaumelle-brons-antiek-9x66mm\/#breadcrumb","itemListElement":[{"@type":"ListItem","position":1,"name":"Home","item":"https:\/\/partsandpieces.nl\/home\/"},{"@type":"ListItem","position":2,"name":"Winkel","item":"https:\/\/partsandpieces.nl\/winkel\/"},{"@type":"ListItem","position":3,"name":"Inboorpaumelle Brons Antiek 9x66mm"}]},{"@type":"WebSite","@id":"https:\/\/partsandpieces.nl\/#website","url":"https:\/\/partsandpieces.nl\/","name":"Teile &amp; St\u00fccke","description":"Alles f\u00fcr Ihre M\u00f6belrestaurierung und -pflege!","potentialAction":[{"@type":"SearchAction","target":{"@type":"EntryPoint","urlTemplate":"https:\/\/partsandpieces.nl\/?s={search_term_string}"},"query-input":{"@type":"PropertyValueSpecification","valueRequired":true,"valueName":"search_term_string"}}],"inLanguage":"de"}]}},"_links":{"self":[{"href":"https:\/\/partsandpieces.nl\/de\/wp-json\/wp\/v2\/product\/1143","targetHints":{"allow":["GET"]}}],"collection":[{"href":"https:\/\/partsandpieces.nl\/de\/wp-json\/wp\/v2\/product"}],"about":[{"href":"https:\/\/partsandpieces.nl\/de\/wp-json\/wp\/v2\/types\/product"}],"wp:featuredmedia":[{"embeddable":true,"href":"https:\/\/partsandpieces.nl\/de\/wp-json\/wp\/v2\/media\/7476"}],"wp:attachment":[{"href":"https:\/\/partsandpieces.nl\/de\/wp-json\/wp\/v2\/media?parent=1143"}],"wp:term":[{"taxonomy":"product_brand","embeddable":true,"href":"https:\/\/partsandpieces.nl\/de\/wp-json\/wp\/v2\/product_brand?post=1143"},{"taxonomy":"product_cat","embeddable":true,"href":"https:\/\/partsandpieces.nl\/de\/wp-json\/wp\/v2\/product_cat?post=1143"},{"taxonomy":"product_tag","embeddable":true,"href":"https:\/\/partsandpieces.nl\/de\/wp-json\/wp\/v2\/product_tag?post=1143"}],"curies":[{"name":"wp","href":"https:\/\/api.w.org\/{rel}","templated":true}]}}