{"id":1147,"date":"2020-07-29T10:37:33","date_gmt":"2020-07-29T08:37:33","guid":{"rendered":"https:\/\/partsandpieces.bonsaidev.nl\/?product=kast-speun-ijzer-10-67-mm"},"modified":"2026-03-27T14:34:30","modified_gmt":"2026-03-27T13:34:30","slug":"scharnier-fur-blinddrehende-mobeltur-eisenrohling-68-mm","status":"publish","type":"product","link":"https:\/\/partsandpieces.nl\/de\/product\/speun-voor-blind-draaien-meubeldeur-ijzer-blank-68mm\/","title":{"rendered":"Stift zum Blinddrehen von M\u00f6belt\u00fcren, Eisenrohling, 68 mm"},"content":{"rendered":"<p><strong>Stift zum Blinddrehen von M\u00f6belt\u00fcren, Eisenrohling, 68 mm<\/strong> erm\u00f6glicht es, Ihre M\u00f6belt\u00fcr blind zu machen. Sie montieren ein Set unten und oben an Ihrer T\u00fcr. Dadurch erhalten Sie 2 Drehpunkte. Beide Teile sind 68 mm lang, 10 mm breit und 3 mm dick. Der Drehpunkt besteht aus unbehandeltem Eisen und kann sowohl im als auch gegen den Uhrzeigersinn verwendet werden.<\/p>","protected":false},"excerpt":{"rendered":"<p>Speun voor blind draaien meubeldeur ijzer blank 68mm maakt het mogelijk om je meubeldeur blind te laten draaien, Je monteert een setje aan de onderkant en bovenkant van je deur. Hierdoor krijg je 2 draaipunten. Beide delen zijn 68mm lang, 10mm breed en 3mm dik. De speun is gemaakt van onbehandeld ijzer en is zowel [&hellip;]<\/p>\n","protected":false},"featured_media":7104,"template":"","meta":{"_acf_changed":false},"product_brand":[],"product_cat":[45,23],"product_tag":[],"class_list":{"0":"post-1147","1":"product","2":"type-product","3":"status-publish","4":"has-post-thumbnail","6":"product_cat-antieke-scharnieren","7":"product_cat-meubelbeslag","9":"first","10":"instock","11":"taxable","12":"shipping-taxable","13":"purchasable","14":"product-type-simple"},"acf":[],"yoast_head":"<!-- This site is optimized with the Yoast SEO plugin v27.3 - https:\/\/yoast.com\/product\/yoast-seo-wordpress\/ -->\n<title>Speun voor blind draaien meubeldeur<\/title>\n<meta name=\"description\" content=\"Speun voor blind draaien meubeldeur ijzer blank 68mm maakt het mogelijk om je meubeldeur blind te laten draaien. Beide delen zijn 68x10x3mm groot.\" \/>\n<meta name=\"robots\" content=\"index, follow, max-snippet:-1, max-image-preview:large, max-video-preview:-1\" \/>\n<link rel=\"canonical\" href=\"https:\/\/partsandpieces.nl\/de\/produkt\/scharnier-fur-blinddrehende-mobeltur-eisenrohling-68-mm\/\" \/>\n<meta property=\"og:locale\" content=\"de_DE\" \/>\n<meta property=\"og:type\" content=\"article\" \/>\n<meta property=\"og:title\" content=\"Speun voor blind draaien meubeldeur\" \/>\n<meta property=\"og:description\" content=\"Speun voor blind draaien meubeldeur ijzer blank 68mm maakt het mogelijk om je meubeldeur blind te laten draaien. Beide delen zijn 68x10x3mm groot.\" \/>\n<meta property=\"og:url\" content=\"https:\/\/partsandpieces.nl\/de\/produkt\/scharnier-fur-blinddrehende-mobeltur-eisenrohling-68-mm\/\" \/>\n<meta property=\"og:site_name\" content=\"Parts &amp; Pieces\" \/>\n<meta property=\"article:modified_time\" content=\"2026-03-27T13:34:30+00:00\" \/>\n<meta property=\"og:image\" content=\"https:\/\/partsandpieces.nl\/wp-content\/uploads\/2020\/07\/Speun-voor-blind-draaien-meubeldeur-ijzer-blank-68mm.jpg\" \/>\n\t<meta property=\"og:image:width\" content=\"374\" \/>\n\t<meta property=\"og:image:height\" content=\"373\" \/>\n\t<meta property=\"og:image:type\" content=\"image\/jpeg\" \/>\n<meta name=\"twitter:card\" content=\"summary_large_image\" \/>\n<meta name=\"twitter:label1\" content=\"Gesch\u00e4tzte Lesezeit\" \/>\n\t<meta name=\"twitter:data1\" content=\"1\u00a0Minute\" \/>\n<script type=\"application\/ld+json\" class=\"yoast-schema-graph\">{\"@context\":\"https:\\\/\\\/schema.org\",\"@graph\":[{\"@type\":\"WebPage\",\"@id\":\"https:\\\/\\\/partsandpieces.nl\\\/product\\\/speun-voor-blind-draaien-meubeldeur-ijzer-blank-68mm\\\/\",\"url\":\"https:\\\/\\\/partsandpieces.nl\\\/product\\\/speun-voor-blind-draaien-meubeldeur-ijzer-blank-68mm\\\/\",\"name\":\"Speun voor blind draaien meubeldeur\",\"isPartOf\":{\"@id\":\"https:\\\/\\\/partsandpieces.nl\\\/#website\"},\"primaryImageOfPage\":{\"@id\":\"https:\\\/\\\/partsandpieces.nl\\\/product\\\/speun-voor-blind-draaien-meubeldeur-ijzer-blank-68mm\\\/#primaryimage\"},\"image\":{\"@id\":\"https:\\\/\\\/partsandpieces.nl\\\/product\\\/speun-voor-blind-draaien-meubeldeur-ijzer-blank-68mm\\\/#primaryimage\"},\"thumbnailUrl\":\"https:\\\/\\\/partsandpieces.nl\\\/wp-content\\\/uploads\\\/2020\\\/07\\\/Speun-voor-blind-draaien-meubeldeur-ijzer-blank-68mm.jpg\",\"datePublished\":\"2020-07-29T08:37:33+00:00\",\"dateModified\":\"2026-03-27T13:34:30+00:00\",\"description\":\"Speun voor blind draaien meubeldeur ijzer blank 68mm maakt het mogelijk om je meubeldeur blind te laten draaien. Beide delen zijn 68x10x3mm groot.\",\"breadcrumb\":{\"@id\":\"https:\\\/\\\/partsandpieces.nl\\\/product\\\/speun-voor-blind-draaien-meubeldeur-ijzer-blank-68mm\\\/#breadcrumb\"},\"inLanguage\":\"de\",\"potentialAction\":[{\"@type\":\"ReadAction\",\"target\":[\"https:\\\/\\\/partsandpieces.nl\\\/product\\\/speun-voor-blind-draaien-meubeldeur-ijzer-blank-68mm\\\/\"]}]},{\"@type\":\"ImageObject\",\"inLanguage\":\"de\",\"@id\":\"https:\\\/\\\/partsandpieces.nl\\\/product\\\/speun-voor-blind-draaien-meubeldeur-ijzer-blank-68mm\\\/#primaryimage\",\"url\":\"https:\\\/\\\/partsandpieces.nl\\\/wp-content\\\/uploads\\\/2020\\\/07\\\/Speun-voor-blind-draaien-meubeldeur-ijzer-blank-68mm.jpg\",\"contentUrl\":\"https:\\\/\\\/partsandpieces.nl\\\/wp-content\\\/uploads\\\/2020\\\/07\\\/Speun-voor-blind-draaien-meubeldeur-ijzer-blank-68mm.jpg\",\"width\":374,\"height\":373,\"caption\":\"Speun voor blind draaien meubeldeur ijzer blank 68mm\"},{\"@type\":\"BreadcrumbList\",\"@id\":\"https:\\\/\\\/partsandpieces.nl\\\/product\\\/speun-voor-blind-draaien-meubeldeur-ijzer-blank-68mm\\\/#breadcrumb\",\"itemListElement\":[{\"@type\":\"ListItem\",\"position\":1,\"name\":\"Home\",\"item\":\"https:\\\/\\\/partsandpieces.nl\\\/home\\\/\"},{\"@type\":\"ListItem\",\"position\":2,\"name\":\"Winkel\",\"item\":\"https:\\\/\\\/partsandpieces.nl\\\/winkel\\\/\"},{\"@type\":\"ListItem\",\"position\":3,\"name\":\"Speun voor blind draaien meubeldeur ijzer blank 68mm\"}]},{\"@type\":\"WebSite\",\"@id\":\"https:\\\/\\\/partsandpieces.nl\\\/#website\",\"url\":\"https:\\\/\\\/partsandpieces.nl\\\/\",\"name\":\"Parts &amp; Pieces\",\"description\":\"Alles voor uw meubelrestauratie en -onderhoud!\",\"potentialAction\":[{\"@type\":\"SearchAction\",\"target\":{\"@type\":\"EntryPoint\",\"urlTemplate\":\"https:\\\/\\\/partsandpieces.nl\\\/?s={search_term_string}\"},\"query-input\":{\"@type\":\"PropertyValueSpecification\",\"valueRequired\":true,\"valueName\":\"search_term_string\"}}],\"inLanguage\":\"de\"}]}<\/script>\n<!-- \/ Yoast SEO plugin. -->","yoast_head_json":{"title":"Scharnier f\u00fcr blinddrehende M\u00f6belt\u00fcr","description":"Die Schraube zum Blinddrehen von M\u00f6belt\u00fcren aus Eisenrohling 68 mm erm\u00f6glicht das Blinddrehen Ihrer M\u00f6belt\u00fcr. Beide Teile messen 68x10x3mm.","robots":{"index":"index","follow":"follow","max-snippet":"max-snippet:-1","max-image-preview":"max-image-preview:large","max-video-preview":"max-video-preview:-1"},"canonical":"https:\/\/partsandpieces.nl\/de\/produkt\/scharnier-fur-blinddrehende-mobeltur-eisenrohling-68-mm\/","og_locale":"de_DE","og_type":"article","og_title":"Speun voor blind draaien meubeldeur","og_description":"Speun voor blind draaien meubeldeur ijzer blank 68mm maakt het mogelijk om je meubeldeur blind te laten draaien. Beide delen zijn 68x10x3mm groot.","og_url":"https:\/\/partsandpieces.nl\/de\/produkt\/scharnier-fur-blinddrehende-mobeltur-eisenrohling-68-mm\/","og_site_name":"Parts &amp; Pieces","article_modified_time":"2026-03-27T13:34:30+00:00","og_image":[{"width":374,"height":373,"url":"https:\/\/partsandpieces.nl\/wp-content\/uploads\/2020\/07\/Speun-voor-blind-draaien-meubeldeur-ijzer-blank-68mm.jpg","type":"image\/jpeg"}],"twitter_card":"summary_large_image","twitter_misc":{"Gesch\u00e4tzte Lesezeit":"1\u00a0Minute"},"schema":{"@context":"https:\/\/schema.org","@graph":[{"@type":"WebPage","@id":"https:\/\/partsandpieces.nl\/product\/speun-voor-blind-draaien-meubeldeur-ijzer-blank-68mm\/","url":"https:\/\/partsandpieces.nl\/product\/speun-voor-blind-draaien-meubeldeur-ijzer-blank-68mm\/","name":"Scharnier f\u00fcr blinddrehende M\u00f6belt\u00fcr","isPartOf":{"@id":"https:\/\/partsandpieces.nl\/#website"},"primaryImageOfPage":{"@id":"https:\/\/partsandpieces.nl\/product\/speun-voor-blind-draaien-meubeldeur-ijzer-blank-68mm\/#primaryimage"},"image":{"@id":"https:\/\/partsandpieces.nl\/product\/speun-voor-blind-draaien-meubeldeur-ijzer-blank-68mm\/#primaryimage"},"thumbnailUrl":"https:\/\/partsandpieces.nl\/wp-content\/uploads\/2020\/07\/Speun-voor-blind-draaien-meubeldeur-ijzer-blank-68mm.jpg","datePublished":"2020-07-29T08:37:33+00:00","dateModified":"2026-03-27T13:34:30+00:00","description":"Die Schraube zum Blinddrehen von M\u00f6belt\u00fcren aus Eisenrohling 68 mm erm\u00f6glicht das Blinddrehen Ihrer M\u00f6belt\u00fcr. Beide Teile messen 68x10x3mm.","breadcrumb":{"@id":"https:\/\/partsandpieces.nl\/product\/speun-voor-blind-draaien-meubeldeur-ijzer-blank-68mm\/#breadcrumb"},"inLanguage":"de","potentialAction":[{"@type":"ReadAction","target":["https:\/\/partsandpieces.nl\/product\/speun-voor-blind-draaien-meubeldeur-ijzer-blank-68mm\/"]}]},{"@type":"ImageObject","inLanguage":"de","@id":"https:\/\/partsandpieces.nl\/product\/speun-voor-blind-draaien-meubeldeur-ijzer-blank-68mm\/#primaryimage","url":"https:\/\/partsandpieces.nl\/wp-content\/uploads\/2020\/07\/Speun-voor-blind-draaien-meubeldeur-ijzer-blank-68mm.jpg","contentUrl":"https:\/\/partsandpieces.nl\/wp-content\/uploads\/2020\/07\/Speun-voor-blind-draaien-meubeldeur-ijzer-blank-68mm.jpg","width":374,"height":373,"caption":"Speun voor blind draaien meubeldeur ijzer blank 68mm"},{"@type":"BreadcrumbList","@id":"https:\/\/partsandpieces.nl\/product\/speun-voor-blind-draaien-meubeldeur-ijzer-blank-68mm\/#breadcrumb","itemListElement":[{"@type":"ListItem","position":1,"name":"Home","item":"https:\/\/partsandpieces.nl\/home\/"},{"@type":"ListItem","position":2,"name":"Winkel","item":"https:\/\/partsandpieces.nl\/winkel\/"},{"@type":"ListItem","position":3,"name":"Speun voor blind draaien meubeldeur ijzer blank 68mm"}]},{"@type":"WebSite","@id":"https:\/\/partsandpieces.nl\/#website","url":"https:\/\/partsandpieces.nl\/","name":"Teile &amp; St\u00fccke","description":"Alles f\u00fcr Ihre M\u00f6belrestaurierung und -pflege!","potentialAction":[{"@type":"SearchAction","target":{"@type":"EntryPoint","urlTemplate":"https:\/\/partsandpieces.nl\/?s={search_term_string}"},"query-input":{"@type":"PropertyValueSpecification","valueRequired":true,"valueName":"search_term_string"}}],"inLanguage":"de"}]}},"_links":{"self":[{"href":"https:\/\/partsandpieces.nl\/de\/wp-json\/wp\/v2\/product\/1147","targetHints":{"allow":["GET"]}}],"collection":[{"href":"https:\/\/partsandpieces.nl\/de\/wp-json\/wp\/v2\/product"}],"about":[{"href":"https:\/\/partsandpieces.nl\/de\/wp-json\/wp\/v2\/types\/product"}],"wp:featuredmedia":[{"embeddable":true,"href":"https:\/\/partsandpieces.nl\/de\/wp-json\/wp\/v2\/media\/7104"}],"wp:attachment":[{"href":"https:\/\/partsandpieces.nl\/de\/wp-json\/wp\/v2\/media?parent=1147"}],"wp:term":[{"taxonomy":"product_brand","embeddable":true,"href":"https:\/\/partsandpieces.nl\/de\/wp-json\/wp\/v2\/product_brand?post=1147"},{"taxonomy":"product_cat","embeddable":true,"href":"https:\/\/partsandpieces.nl\/de\/wp-json\/wp\/v2\/product_cat?post=1147"},{"taxonomy":"product_tag","embeddable":true,"href":"https:\/\/partsandpieces.nl\/de\/wp-json\/wp\/v2\/product_tag?post=1147"}],"curies":[{"name":"wp","href":"https:\/\/api.w.org\/{rel}","templated":true}]}}