{"id":1149,"date":"2020-07-29T10:39:14","date_gmt":"2020-07-29T10:39:14","guid":{"rendered":"https:\/\/partsandpieces.bonsaidev.nl\/?product=ijzer-geroest-kist-scharnier-39030"},"modified":"2024-11-26T12:10:01","modified_gmt":"2024-11-26T11:10:01","slug":"scharnier-aus-antikem-eisen-verrostet-franzosische-lilie-270-mm","status":"publish","type":"product","link":"https:\/\/partsandpieces.nl\/de\/product\/scharnier-antiek-ijzer-geroest-franse-lelie-270mm\/","title":{"rendered":"Scharnier aus antikem Eisen, verrostet, franz\u00f6sische Lilie, 270 mm"},"content":{"rendered":"<p><strong>Scharnier aus antikem Eisen, verrostet, franz\u00f6sische Lilie, 270 mm<\/strong>\u00a0ist ein antikes Scharnier aus Eisen mit rostiger Oberfl\u00e4che. Das Scharnier hat einen mittelalterlichen Look mit einer franz\u00f6sischen Lilie am Ende. Dieses Scharnier passt gut an Ihre antike Schrankt\u00fcr oder Truhe.<\/p>\n<p>Dieses hochwertige Scharnier wird in Italien hergestellt.<\/p>\n<p><strong>Ma\u00dfe<br \/>\n<\/strong>Das Scharnier aus antikem Eisen, verrostet, franz\u00f6sische Lilie, 270 mm, hat eine zusammengeklappte L\u00e4nge von 270 mm. Die H\u00f6he am Scharnier betr\u00e4gt 30mm. Der kurze Teil ist 140 mm lang.<\/p>\n<p><strong>Bearbeiten<br \/>\n<\/strong>Sie k\u00f6nnen das Scharnier mit 6 konischen Schrauben montieren. Ich liefere diese Schrauben NICHT.<\/p>","protected":false},"excerpt":{"rendered":"<p>Scharnier Antiek IJzer geroest Franse lelie 270mm\u00a0is een antiek scharnier gemaakt van ijzer met een roestige afwerking. Het scharnier heeft een Middeleeuwse uitstraling met een Franse lelie aan het uiteinde. Dit scharnier past goed op je antieke kastdeur of kist. Dit kwalitatief uitstekende scharnier is gemaakt in Itali\u00eb. Afmetingen Het Scharnier Antiek IJzer geroest Franse [&hellip;]<\/p>\n","protected":false},"featured_media":7392,"template":"","meta":{"_acf_changed":false},"product_brand":[],"product_cat":[45,23],"product_tag":[],"class_list":{"0":"post-1149","1":"product","2":"type-product","3":"status-publish","4":"has-post-thumbnail","6":"product_cat-antieke-scharnieren","7":"product_cat-meubelbeslag","9":"first","10":"instock","11":"taxable","12":"shipping-taxable","13":"purchasable","14":"product-type-simple"},"acf":[],"yoast_head":"<!-- This site is optimized with the Yoast SEO plugin v27.3 - https:\/\/yoast.com\/product\/yoast-seo-wordpress\/ -->\n<title>Scharnier Antiek IJzer geroest 270mm<\/title>\n<meta name=\"description\" content=\"Scharnier Antiek IJzer geroest Franse lelie 270mm\u00a0is een antiek scharnier gemaakt van ijzer met een roestige afwerking. Heeft een Middeleeuwse uitstraling.\" \/>\n<meta name=\"robots\" content=\"index, follow, max-snippet:-1, max-image-preview:large, max-video-preview:-1\" \/>\n<link rel=\"canonical\" href=\"https:\/\/partsandpieces.nl\/de\/produkt\/scharnier-aus-antikem-eisen-verrostet-franzosische-lilie-270-mm\/\" \/>\n<meta property=\"og:locale\" content=\"de_DE\" \/>\n<meta property=\"og:type\" content=\"article\" \/>\n<meta property=\"og:title\" content=\"Scharnier Antiek IJzer geroest 270mm\" \/>\n<meta property=\"og:description\" content=\"Scharnier Antiek IJzer geroest Franse lelie 270mm\u00a0is een antiek scharnier gemaakt van ijzer met een roestige afwerking. Heeft een Middeleeuwse uitstraling.\" \/>\n<meta property=\"og:url\" content=\"https:\/\/partsandpieces.nl\/de\/produkt\/scharnier-aus-antikem-eisen-verrostet-franzosische-lilie-270-mm\/\" \/>\n<meta property=\"og:site_name\" content=\"Parts &amp; Pieces\" \/>\n<meta property=\"article:modified_time\" content=\"2024-11-26T11:10:01+00:00\" \/>\n<meta property=\"og:image\" content=\"https:\/\/partsandpieces.nl\/wp-content\/uploads\/2020\/07\/Scharnier-Antiek-IJzer-geroest-Franse-lelie-270mm.jpg\" \/>\n\t<meta property=\"og:image:width\" content=\"460\" \/>\n\t<meta property=\"og:image:height\" content=\"461\" \/>\n\t<meta property=\"og:image:type\" content=\"image\/jpeg\" \/>\n<meta name=\"twitter:card\" content=\"summary_large_image\" \/>\n<meta name=\"twitter:label1\" content=\"Gesch\u00e4tzte Lesezeit\" \/>\n\t<meta name=\"twitter:data1\" content=\"1\u00a0Minute\" \/>\n<script type=\"application\/ld+json\" class=\"yoast-schema-graph\">{\"@context\":\"https:\\\/\\\/schema.org\",\"@graph\":[{\"@type\":\"WebPage\",\"@id\":\"https:\\\/\\\/partsandpieces.nl\\\/product\\\/scharnier-antiek-ijzer-geroest-franse-lelie-270mm\\\/\",\"url\":\"https:\\\/\\\/partsandpieces.nl\\\/product\\\/scharnier-antiek-ijzer-geroest-franse-lelie-270mm\\\/\",\"name\":\"Scharnier Antiek IJzer geroest 270mm\",\"isPartOf\":{\"@id\":\"https:\\\/\\\/partsandpieces.nl\\\/#website\"},\"primaryImageOfPage\":{\"@id\":\"https:\\\/\\\/partsandpieces.nl\\\/product\\\/scharnier-antiek-ijzer-geroest-franse-lelie-270mm\\\/#primaryimage\"},\"image\":{\"@id\":\"https:\\\/\\\/partsandpieces.nl\\\/product\\\/scharnier-antiek-ijzer-geroest-franse-lelie-270mm\\\/#primaryimage\"},\"thumbnailUrl\":\"https:\\\/\\\/partsandpieces.nl\\\/wp-content\\\/uploads\\\/2020\\\/07\\\/Scharnier-Antiek-IJzer-geroest-Franse-lelie-270mm.jpg\",\"datePublished\":\"2020-07-29T10:39:14+00:00\",\"dateModified\":\"2024-11-26T11:10:01+00:00\",\"description\":\"Scharnier Antiek IJzer geroest Franse lelie 270mm\u00a0is een antiek scharnier gemaakt van ijzer met een roestige afwerking. Heeft een Middeleeuwse uitstraling.\",\"breadcrumb\":{\"@id\":\"https:\\\/\\\/partsandpieces.nl\\\/product\\\/scharnier-antiek-ijzer-geroest-franse-lelie-270mm\\\/#breadcrumb\"},\"inLanguage\":\"de\",\"potentialAction\":[{\"@type\":\"ReadAction\",\"target\":[\"https:\\\/\\\/partsandpieces.nl\\\/product\\\/scharnier-antiek-ijzer-geroest-franse-lelie-270mm\\\/\"]}]},{\"@type\":\"ImageObject\",\"inLanguage\":\"de\",\"@id\":\"https:\\\/\\\/partsandpieces.nl\\\/product\\\/scharnier-antiek-ijzer-geroest-franse-lelie-270mm\\\/#primaryimage\",\"url\":\"https:\\\/\\\/partsandpieces.nl\\\/wp-content\\\/uploads\\\/2020\\\/07\\\/Scharnier-Antiek-IJzer-geroest-Franse-lelie-270mm.jpg\",\"contentUrl\":\"https:\\\/\\\/partsandpieces.nl\\\/wp-content\\\/uploads\\\/2020\\\/07\\\/Scharnier-Antiek-IJzer-geroest-Franse-lelie-270mm.jpg\",\"width\":460,\"height\":461,\"caption\":\"Scharnier Antiek IJzer geroest Franse lelie 270mm\"},{\"@type\":\"BreadcrumbList\",\"@id\":\"https:\\\/\\\/partsandpieces.nl\\\/product\\\/scharnier-antiek-ijzer-geroest-franse-lelie-270mm\\\/#breadcrumb\",\"itemListElement\":[{\"@type\":\"ListItem\",\"position\":1,\"name\":\"Home\",\"item\":\"https:\\\/\\\/partsandpieces.nl\\\/home\\\/\"},{\"@type\":\"ListItem\",\"position\":2,\"name\":\"Winkel\",\"item\":\"https:\\\/\\\/partsandpieces.nl\\\/winkel\\\/\"},{\"@type\":\"ListItem\",\"position\":3,\"name\":\"Scharnier Antiek IJzer geroest Franse lelie 270mm\"}]},{\"@type\":\"WebSite\",\"@id\":\"https:\\\/\\\/partsandpieces.nl\\\/#website\",\"url\":\"https:\\\/\\\/partsandpieces.nl\\\/\",\"name\":\"Parts &amp; Pieces\",\"description\":\"Alles voor uw meubelrestauratie en -onderhoud!\",\"potentialAction\":[{\"@type\":\"SearchAction\",\"target\":{\"@type\":\"EntryPoint\",\"urlTemplate\":\"https:\\\/\\\/partsandpieces.nl\\\/?s={search_term_string}\"},\"query-input\":{\"@type\":\"PropertyValueSpecification\",\"valueRequired\":true,\"valueName\":\"search_term_string\"}}],\"inLanguage\":\"de\"}]}<\/script>\n<!-- \/ Yoast SEO plugin. -->","yoast_head_json":{"title":"Scharnier aus antikem Eisen, verrostet, 270 mm","description":"Das Scharnier \u201eAntique Iron Rusted French Lily\u201c 270 mm ist ein antikes Scharnier aus Eisen mit rostiger Oberfl\u00e4che. Hat ein mittelalterliches Aussehen.","robots":{"index":"index","follow":"follow","max-snippet":"max-snippet:-1","max-image-preview":"max-image-preview:large","max-video-preview":"max-video-preview:-1"},"canonical":"https:\/\/partsandpieces.nl\/de\/produkt\/scharnier-aus-antikem-eisen-verrostet-franzosische-lilie-270-mm\/","og_locale":"de_DE","og_type":"article","og_title":"Scharnier Antiek IJzer geroest 270mm","og_description":"Scharnier Antiek IJzer geroest Franse lelie 270mm\u00a0is een antiek scharnier gemaakt van ijzer met een roestige afwerking. Heeft een Middeleeuwse uitstraling.","og_url":"https:\/\/partsandpieces.nl\/de\/produkt\/scharnier-aus-antikem-eisen-verrostet-franzosische-lilie-270-mm\/","og_site_name":"Parts &amp; Pieces","article_modified_time":"2024-11-26T11:10:01+00:00","og_image":[{"width":460,"height":461,"url":"https:\/\/partsandpieces.nl\/wp-content\/uploads\/2020\/07\/Scharnier-Antiek-IJzer-geroest-Franse-lelie-270mm.jpg","type":"image\/jpeg"}],"twitter_card":"summary_large_image","twitter_misc":{"Gesch\u00e4tzte Lesezeit":"1\u00a0Minute"},"schema":{"@context":"https:\/\/schema.org","@graph":[{"@type":"WebPage","@id":"https:\/\/partsandpieces.nl\/product\/scharnier-antiek-ijzer-geroest-franse-lelie-270mm\/","url":"https:\/\/partsandpieces.nl\/product\/scharnier-antiek-ijzer-geroest-franse-lelie-270mm\/","name":"Scharnier aus antikem Eisen, verrostet, 270 mm","isPartOf":{"@id":"https:\/\/partsandpieces.nl\/#website"},"primaryImageOfPage":{"@id":"https:\/\/partsandpieces.nl\/product\/scharnier-antiek-ijzer-geroest-franse-lelie-270mm\/#primaryimage"},"image":{"@id":"https:\/\/partsandpieces.nl\/product\/scharnier-antiek-ijzer-geroest-franse-lelie-270mm\/#primaryimage"},"thumbnailUrl":"https:\/\/partsandpieces.nl\/wp-content\/uploads\/2020\/07\/Scharnier-Antiek-IJzer-geroest-Franse-lelie-270mm.jpg","datePublished":"2020-07-29T10:39:14+00:00","dateModified":"2024-11-26T11:10:01+00:00","description":"Das Scharnier \u201eAntique Iron Rusted French Lily\u201c 270 mm ist ein antikes Scharnier aus Eisen mit rostiger Oberfl\u00e4che. Hat ein mittelalterliches Aussehen.","breadcrumb":{"@id":"https:\/\/partsandpieces.nl\/product\/scharnier-antiek-ijzer-geroest-franse-lelie-270mm\/#breadcrumb"},"inLanguage":"de","potentialAction":[{"@type":"ReadAction","target":["https:\/\/partsandpieces.nl\/product\/scharnier-antiek-ijzer-geroest-franse-lelie-270mm\/"]}]},{"@type":"ImageObject","inLanguage":"de","@id":"https:\/\/partsandpieces.nl\/product\/scharnier-antiek-ijzer-geroest-franse-lelie-270mm\/#primaryimage","url":"https:\/\/partsandpieces.nl\/wp-content\/uploads\/2020\/07\/Scharnier-Antiek-IJzer-geroest-Franse-lelie-270mm.jpg","contentUrl":"https:\/\/partsandpieces.nl\/wp-content\/uploads\/2020\/07\/Scharnier-Antiek-IJzer-geroest-Franse-lelie-270mm.jpg","width":460,"height":461,"caption":"Scharnier Antiek IJzer geroest Franse lelie 270mm"},{"@type":"BreadcrumbList","@id":"https:\/\/partsandpieces.nl\/product\/scharnier-antiek-ijzer-geroest-franse-lelie-270mm\/#breadcrumb","itemListElement":[{"@type":"ListItem","position":1,"name":"Home","item":"https:\/\/partsandpieces.nl\/home\/"},{"@type":"ListItem","position":2,"name":"Winkel","item":"https:\/\/partsandpieces.nl\/winkel\/"},{"@type":"ListItem","position":3,"name":"Scharnier Antiek IJzer geroest Franse lelie 270mm"}]},{"@type":"WebSite","@id":"https:\/\/partsandpieces.nl\/#website","url":"https:\/\/partsandpieces.nl\/","name":"Teile &amp; St\u00fccke","description":"Alles f\u00fcr Ihre M\u00f6belrestaurierung und -pflege!","potentialAction":[{"@type":"SearchAction","target":{"@type":"EntryPoint","urlTemplate":"https:\/\/partsandpieces.nl\/?s={search_term_string}"},"query-input":{"@type":"PropertyValueSpecification","valueRequired":true,"valueName":"search_term_string"}}],"inLanguage":"de"}]}},"_links":{"self":[{"href":"https:\/\/partsandpieces.nl\/de\/wp-json\/wp\/v2\/product\/1149","targetHints":{"allow":["GET"]}}],"collection":[{"href":"https:\/\/partsandpieces.nl\/de\/wp-json\/wp\/v2\/product"}],"about":[{"href":"https:\/\/partsandpieces.nl\/de\/wp-json\/wp\/v2\/types\/product"}],"wp:featuredmedia":[{"embeddable":true,"href":"https:\/\/partsandpieces.nl\/de\/wp-json\/wp\/v2\/media\/7392"}],"wp:attachment":[{"href":"https:\/\/partsandpieces.nl\/de\/wp-json\/wp\/v2\/media?parent=1149"}],"wp:term":[{"taxonomy":"product_brand","embeddable":true,"href":"https:\/\/partsandpieces.nl\/de\/wp-json\/wp\/v2\/product_brand?post=1149"},{"taxonomy":"product_cat","embeddable":true,"href":"https:\/\/partsandpieces.nl\/de\/wp-json\/wp\/v2\/product_cat?post=1149"},{"taxonomy":"product_tag","embeddable":true,"href":"https:\/\/partsandpieces.nl\/de\/wp-json\/wp\/v2\/product_tag?post=1149"}],"curies":[{"name":"wp","href":"https:\/\/api.w.org\/{rel}","templated":true}]}}