{"id":11572,"date":"2025-05-13T12:53:05","date_gmt":"2025-05-13T10:53:05","guid":{"rendered":"https:\/\/partsandpieces.nl\/?post_type=product&#038;p=11572"},"modified":"2026-01-27T14:57:32","modified_gmt":"2026-01-27T13:57:32","slug":"ringgriff-messing-antik-gros-40mm","status":"publish","type":"product","link":"https:\/\/partsandpieces.nl\/de\/product\/ringgreep-messing-antiek-groot-40mm\/","title":{"rendered":"Ringgriff Messing antik gro\u00df 40mm"},"content":{"rendered":"<p><strong>Ringgriff Messing antik gro\u00df 40mm<\/strong> ist ein gro\u00dfer Griff in Form eines Rings auf einem konvexen Knopf mit einem bronzefarbenen Finish aus antikem Messing. Hinter der Kugel befindet sich eine Abdeckplatte. Dieser Ringgriff passt gut auf Ihre antiken M\u00f6bel oder Schubladen.<\/p>\n<p>Diesen Ringgriff habe ich auch noch in einer kleineren und einer mittelgro\u00dfen Variante auf Lager.<\/p>\n<p>Dieser hochwertige Ringgriff wird in Italien hergestellt.<\/p>\n<p><strong>Ma\u00dfe<br \/>\n<\/strong>Der Ringgriff Messing Antik Gro\u00df 40mm hat einen Ring mit einem Durchmesser von 40mm. Nach der Montage steht dieser Ringgriff 13mm \u00fcber. Die Abdeckplatte des Ringgriffs hat einen Durchmesser von 16mm.<\/p>\n<p><strong>Bearbeiten<br \/>\n<\/strong>Sie k\u00f6nnen den Taster mit blind montieren <span style=\"text-decoration: underline;\"><a href=\"https:\/\/partsandpieces.nl\/de\/produkt\/schraube-edelstahl-fur-blindmontageknopf-20x4mm-20-stuck\/\">Edelstahlschraube f\u00fcr Blindbefestigungsknopf (20x4mm)<\/a><\/span>. Ich schicke diese Schraube <strong>FREI<\/strong> mit Ihrer Bestellung.<\/p>","protected":false},"excerpt":{"rendered":"<p>Ringgreep Messing antiek groot 40mm is een grote greep in de vorm van een ring aan een bol knopje met een antieke messing, bronskleurige afwerking. Achter het bolletje zit een afdekplaatje. Deze ringgreep past goed op je antieke meubel of lade. Deze ringgreep heb ik ook in een kleinere versie en in een middelgrote versie [&hellip;]<\/p>\n","protected":false},"featured_media":11587,"template":"","meta":{"_acf_changed":false},"product_brand":[],"product_cat":[41,23,44],"product_tag":[],"class_list":{"0":"post-11572","1":"product","2":"type-product","3":"status-publish","4":"has-post-thumbnail","6":"product_cat-ladetrekkers","7":"product_cat-meubelbeslag","8":"product_cat-ringbeslag","10":"first","11":"instock","12":"taxable","13":"shipping-taxable","14":"purchasable","15":"product-type-simple"},"acf":[],"yoast_head":"<!-- This site is optimized with the Yoast SEO plugin v27.3 - https:\/\/yoast.com\/product\/yoast-seo-wordpress\/ -->\n<title>Ringgreep Messing antiek 40mm groot<\/title>\n<meta name=\"description\" content=\"Ringgreep Messing antiek groot 40mm heeft een antiek bronskleurige afwerking. Deze ringgreep past goed op je antieke meubel of lade.\" \/>\n<meta name=\"robots\" content=\"index, follow, max-snippet:-1, max-image-preview:large, max-video-preview:-1\" \/>\n<link rel=\"canonical\" href=\"https:\/\/partsandpieces.nl\/de\/produkt\/ringgriff-messing-antik-gros-40mm\/\" \/>\n<meta property=\"og:locale\" content=\"de_DE\" \/>\n<meta property=\"og:type\" content=\"article\" \/>\n<meta property=\"og:title\" content=\"Ringgreep Messing antiek 40mm groot\" \/>\n<meta property=\"og:description\" content=\"Ringgreep Messing antiek groot 40mm heeft een antiek bronskleurige afwerking. Deze ringgreep past goed op je antieke meubel of lade.\" \/>\n<meta property=\"og:url\" content=\"https:\/\/partsandpieces.nl\/de\/produkt\/ringgriff-messing-antik-gros-40mm\/\" \/>\n<meta property=\"og:site_name\" content=\"Parts &amp; Pieces\" \/>\n<meta property=\"article:modified_time\" content=\"2026-01-27T13:57:32+00:00\" \/>\n<meta property=\"og:image\" content=\"https:\/\/partsandpieces.nl\/wp-content\/uploads\/2025\/05\/Ringgreep-Messing-antiek-groot-40mm.jpg\" \/>\n\t<meta property=\"og:image:width\" content=\"1099\" \/>\n\t<meta property=\"og:image:height\" content=\"1099\" \/>\n\t<meta property=\"og:image:type\" content=\"image\/jpeg\" \/>\n<meta name=\"twitter:card\" content=\"summary_large_image\" \/>\n<meta name=\"twitter:label1\" content=\"Gesch\u00e4tzte Lesezeit\" \/>\n\t<meta name=\"twitter:data1\" content=\"1\u00a0Minute\" \/>\n<script type=\"application\/ld+json\" class=\"yoast-schema-graph\">{\"@context\":\"https:\\\/\\\/schema.org\",\"@graph\":[{\"@type\":\"WebPage\",\"@id\":\"https:\\\/\\\/partsandpieces.nl\\\/product\\\/ringgreep-messing-antiek-groot-40mm\\\/\",\"url\":\"https:\\\/\\\/partsandpieces.nl\\\/product\\\/ringgreep-messing-antiek-groot-40mm\\\/\",\"name\":\"Ringgreep Messing antiek 40mm groot\",\"isPartOf\":{\"@id\":\"https:\\\/\\\/partsandpieces.nl\\\/#website\"},\"primaryImageOfPage\":{\"@id\":\"https:\\\/\\\/partsandpieces.nl\\\/product\\\/ringgreep-messing-antiek-groot-40mm\\\/#primaryimage\"},\"image\":{\"@id\":\"https:\\\/\\\/partsandpieces.nl\\\/product\\\/ringgreep-messing-antiek-groot-40mm\\\/#primaryimage\"},\"thumbnailUrl\":\"https:\\\/\\\/partsandpieces.nl\\\/wp-content\\\/uploads\\\/2025\\\/05\\\/Ringgreep-Messing-antiek-groot-40mm.jpg\",\"datePublished\":\"2025-05-13T10:53:05+00:00\",\"dateModified\":\"2026-01-27T13:57:32+00:00\",\"description\":\"Ringgreep Messing antiek groot 40mm heeft een antiek bronskleurige afwerking. Deze ringgreep past goed op je antieke meubel of lade.\",\"breadcrumb\":{\"@id\":\"https:\\\/\\\/partsandpieces.nl\\\/product\\\/ringgreep-messing-antiek-groot-40mm\\\/#breadcrumb\"},\"inLanguage\":\"de\",\"potentialAction\":[{\"@type\":\"ReadAction\",\"target\":[\"https:\\\/\\\/partsandpieces.nl\\\/product\\\/ringgreep-messing-antiek-groot-40mm\\\/\"]}]},{\"@type\":\"ImageObject\",\"inLanguage\":\"de\",\"@id\":\"https:\\\/\\\/partsandpieces.nl\\\/product\\\/ringgreep-messing-antiek-groot-40mm\\\/#primaryimage\",\"url\":\"https:\\\/\\\/partsandpieces.nl\\\/wp-content\\\/uploads\\\/2025\\\/05\\\/Ringgreep-Messing-antiek-groot-40mm.jpg\",\"contentUrl\":\"https:\\\/\\\/partsandpieces.nl\\\/wp-content\\\/uploads\\\/2025\\\/05\\\/Ringgreep-Messing-antiek-groot-40mm.jpg\",\"width\":1099,\"height\":1099,\"caption\":\"Ringgreep Messing antiek groot 40mm\"},{\"@type\":\"BreadcrumbList\",\"@id\":\"https:\\\/\\\/partsandpieces.nl\\\/product\\\/ringgreep-messing-antiek-groot-40mm\\\/#breadcrumb\",\"itemListElement\":[{\"@type\":\"ListItem\",\"position\":1,\"name\":\"Home\",\"item\":\"https:\\\/\\\/partsandpieces.nl\\\/home\\\/\"},{\"@type\":\"ListItem\",\"position\":2,\"name\":\"Winkel\",\"item\":\"https:\\\/\\\/partsandpieces.nl\\\/winkel\\\/\"},{\"@type\":\"ListItem\",\"position\":3,\"name\":\"Ringgreep Messing antiek groot 40mm\"}]},{\"@type\":\"WebSite\",\"@id\":\"https:\\\/\\\/partsandpieces.nl\\\/#website\",\"url\":\"https:\\\/\\\/partsandpieces.nl\\\/\",\"name\":\"Parts &amp; Pieces\",\"description\":\"Alles voor uw meubelrestauratie en -onderhoud!\",\"potentialAction\":[{\"@type\":\"SearchAction\",\"target\":{\"@type\":\"EntryPoint\",\"urlTemplate\":\"https:\\\/\\\/partsandpieces.nl\\\/?s={search_term_string}\"},\"query-input\":{\"@type\":\"PropertyValueSpecification\",\"valueRequired\":true,\"valueName\":\"search_term_string\"}}],\"inLanguage\":\"de\"}]}<\/script>\n<!-- \/ Yoast SEO plugin. -->","yoast_head_json":{"title":"Ringgriff Messing antik 40mm gro\u00df","description":"Der Ringgriff Messing Antik gro\u00df 40mm hat ein antik bronzefarbenes Finish. Dieser Ringgriff passt gut zu Ihren antiken M\u00f6beln oder Schubladen.","robots":{"index":"index","follow":"follow","max-snippet":"max-snippet:-1","max-image-preview":"max-image-preview:large","max-video-preview":"max-video-preview:-1"},"canonical":"https:\/\/partsandpieces.nl\/de\/produkt\/ringgriff-messing-antik-gros-40mm\/","og_locale":"de_DE","og_type":"article","og_title":"Ringgreep Messing antiek 40mm groot","og_description":"Ringgreep Messing antiek groot 40mm heeft een antiek bronskleurige afwerking. Deze ringgreep past goed op je antieke meubel of lade.","og_url":"https:\/\/partsandpieces.nl\/de\/produkt\/ringgriff-messing-antik-gros-40mm\/","og_site_name":"Parts &amp; Pieces","article_modified_time":"2026-01-27T13:57:32+00:00","og_image":[{"width":1099,"height":1099,"url":"https:\/\/partsandpieces.nl\/wp-content\/uploads\/2025\/05\/Ringgreep-Messing-antiek-groot-40mm.jpg","type":"image\/jpeg"}],"twitter_card":"summary_large_image","twitter_misc":{"Gesch\u00e4tzte Lesezeit":"1\u00a0Minute"},"schema":{"@context":"https:\/\/schema.org","@graph":[{"@type":"WebPage","@id":"https:\/\/partsandpieces.nl\/product\/ringgreep-messing-antiek-groot-40mm\/","url":"https:\/\/partsandpieces.nl\/product\/ringgreep-messing-antiek-groot-40mm\/","name":"Ringgriff Messing antik 40mm gro\u00df","isPartOf":{"@id":"https:\/\/partsandpieces.nl\/#website"},"primaryImageOfPage":{"@id":"https:\/\/partsandpieces.nl\/product\/ringgreep-messing-antiek-groot-40mm\/#primaryimage"},"image":{"@id":"https:\/\/partsandpieces.nl\/product\/ringgreep-messing-antiek-groot-40mm\/#primaryimage"},"thumbnailUrl":"https:\/\/partsandpieces.nl\/wp-content\/uploads\/2025\/05\/Ringgreep-Messing-antiek-groot-40mm.jpg","datePublished":"2025-05-13T10:53:05+00:00","dateModified":"2026-01-27T13:57:32+00:00","description":"Der Ringgriff Messing Antik gro\u00df 40mm hat ein antik bronzefarbenes Finish. Dieser Ringgriff passt gut zu Ihren antiken M\u00f6beln oder Schubladen.","breadcrumb":{"@id":"https:\/\/partsandpieces.nl\/product\/ringgreep-messing-antiek-groot-40mm\/#breadcrumb"},"inLanguage":"de","potentialAction":[{"@type":"ReadAction","target":["https:\/\/partsandpieces.nl\/product\/ringgreep-messing-antiek-groot-40mm\/"]}]},{"@type":"ImageObject","inLanguage":"de","@id":"https:\/\/partsandpieces.nl\/product\/ringgreep-messing-antiek-groot-40mm\/#primaryimage","url":"https:\/\/partsandpieces.nl\/wp-content\/uploads\/2025\/05\/Ringgreep-Messing-antiek-groot-40mm.jpg","contentUrl":"https:\/\/partsandpieces.nl\/wp-content\/uploads\/2025\/05\/Ringgreep-Messing-antiek-groot-40mm.jpg","width":1099,"height":1099,"caption":"Ringgreep Messing antiek groot 40mm"},{"@type":"BreadcrumbList","@id":"https:\/\/partsandpieces.nl\/product\/ringgreep-messing-antiek-groot-40mm\/#breadcrumb","itemListElement":[{"@type":"ListItem","position":1,"name":"Home","item":"https:\/\/partsandpieces.nl\/home\/"},{"@type":"ListItem","position":2,"name":"Winkel","item":"https:\/\/partsandpieces.nl\/winkel\/"},{"@type":"ListItem","position":3,"name":"Ringgreep Messing antiek groot 40mm"}]},{"@type":"WebSite","@id":"https:\/\/partsandpieces.nl\/#website","url":"https:\/\/partsandpieces.nl\/","name":"Teile &amp; St\u00fccke","description":"Alles f\u00fcr Ihre M\u00f6belrestaurierung und -pflege!","potentialAction":[{"@type":"SearchAction","target":{"@type":"EntryPoint","urlTemplate":"https:\/\/partsandpieces.nl\/?s={search_term_string}"},"query-input":{"@type":"PropertyValueSpecification","valueRequired":true,"valueName":"search_term_string"}}],"inLanguage":"de"}]}},"_links":{"self":[{"href":"https:\/\/partsandpieces.nl\/de\/wp-json\/wp\/v2\/product\/11572","targetHints":{"allow":["GET"]}}],"collection":[{"href":"https:\/\/partsandpieces.nl\/de\/wp-json\/wp\/v2\/product"}],"about":[{"href":"https:\/\/partsandpieces.nl\/de\/wp-json\/wp\/v2\/types\/product"}],"wp:featuredmedia":[{"embeddable":true,"href":"https:\/\/partsandpieces.nl\/de\/wp-json\/wp\/v2\/media\/11587"}],"wp:attachment":[{"href":"https:\/\/partsandpieces.nl\/de\/wp-json\/wp\/v2\/media?parent=11572"}],"wp:term":[{"taxonomy":"product_brand","embeddable":true,"href":"https:\/\/partsandpieces.nl\/de\/wp-json\/wp\/v2\/product_brand?post=11572"},{"taxonomy":"product_cat","embeddable":true,"href":"https:\/\/partsandpieces.nl\/de\/wp-json\/wp\/v2\/product_cat?post=11572"},{"taxonomy":"product_tag","embeddable":true,"href":"https:\/\/partsandpieces.nl\/de\/wp-json\/wp\/v2\/product_tag?post=11572"}],"curies":[{"name":"wp","href":"https:\/\/api.w.org\/{rel}","templated":true}]}}