{"id":1169,"date":"2020-07-29T11:39:20","date_gmt":"2020-07-29T11:39:20","guid":{"rendered":"https:\/\/partsandpieces.bonsaidev.nl\/?product=scharnier-ijzer-55x135-mm"},"modified":"2024-12-06T13:05:44","modified_gmt":"2024-12-06T12:05:44","slug":"scharnier-eisen-antik-67mm","status":"publish","type":"product","link":"https:\/\/partsandpieces.nl\/de\/product\/scharnier-ijzer-antiek-67mm\/","title":{"rendered":"Scharnier Eisen Antik 67mm"},"content":{"rendered":"<p><strong>Scharnier Eisen Antik 67mm<\/strong> ist ein antikes Scharnier aus Eisen mit einer mattschwarzen\/braunen Oberfl\u00e4che. Das Scharnier hat ein mittelalterliches Aussehen. Das Scharnier kann sowohl im Uhrzeigersinn als auch gegen den Uhrzeigersinn verwendet werden. Dieses Scharnier passt gut an Ihre antike (Schrank-)T\u00fcr oder Truhe.<\/p>\n<p>Dieses hochwertige Scharnier wird in Italien hergestellt.<\/p>\n<p><strong>Ma\u00dfe<br \/>\n<\/strong>Scharnier Eisen Antik 67 mm hat eine gefaltete Breite von ca. 63 mm. Insgesamt ist das Scharnier 135 mm hoch. Der Flansch ist ca. 110 mm hoch.<\/p>\n<p><strong>Bearbeiten<br \/>\n<\/strong>Sie k\u00f6nnen das Scharnier mit montieren\u00a0<span style=\"text-decoration: underline;\"><a href=\"https:\/\/partsandpieces.nl\/de\/produkt\/schrauben-flachkopf-antik-bronze-mit-schlitz-3x12mm\/\">Schraube Rundkopf Antik Bronze mit Schlitz (3x12mm)<\/a><\/span>. Ich schicke diese Schraube\u00a0<strong>FREI<\/strong>\u00a0mit Ihrer Bestellung.<\/p>","protected":false},"excerpt":{"rendered":"<p>Scharnier IJzer Antiek 67mm is een antiek scharnier gemaakt van ijzer met een zwart \/ bruine matte afwerking. Het scharnier heeft een Middeleeuwse uitstraling. Het scharnier is zowel rechtsom als linksom te gebruiken. Dit scharnier past goed op je antieke (kast)deur of kist. Dit kwalitatief uitstekende scharnier is gemaakt in Itali\u00eb. Afmetingen Scharnier IJzer Antiek [&hellip;]<\/p>\n","protected":false},"featured_media":7235,"template":"","meta":{"_acf_changed":false},"product_brand":[],"product_cat":[45,23],"product_tag":[],"class_list":{"0":"post-1169","1":"product","2":"type-product","3":"status-publish","4":"has-post-thumbnail","6":"product_cat-antieke-scharnieren","7":"product_cat-meubelbeslag","9":"first","10":"instock","11":"taxable","12":"shipping-taxable","13":"purchasable","14":"product-type-simple"},"acf":[],"yoast_head":"<!-- This site is optimized with the Yoast SEO plugin v27.3 - https:\/\/yoast.com\/product\/yoast-seo-wordpress\/ -->\n<title>Scharnier IJzer Antiek 67mm<\/title>\n<meta name=\"description\" content=\"Scharnier IJzer Antiek 67mm is een antiek scharnier gemaakt van ijzer met een zwart \/ bruine matte afwerking. Heeft een Middeleeuwse uitstraling.\" \/>\n<meta name=\"robots\" content=\"index, follow, max-snippet:-1, max-image-preview:large, max-video-preview:-1\" \/>\n<link rel=\"canonical\" href=\"https:\/\/partsandpieces.nl\/de\/produkt\/scharnier-eisen-antik-67mm\/\" \/>\n<meta property=\"og:locale\" content=\"de_DE\" \/>\n<meta property=\"og:type\" content=\"article\" \/>\n<meta property=\"og:title\" content=\"Scharnier IJzer Antiek 67mm\" \/>\n<meta property=\"og:description\" content=\"Scharnier IJzer Antiek 67mm is een antiek scharnier gemaakt van ijzer met een zwart \/ bruine matte afwerking. Heeft een Middeleeuwse uitstraling.\" \/>\n<meta property=\"og:url\" content=\"https:\/\/partsandpieces.nl\/de\/produkt\/scharnier-eisen-antik-67mm\/\" \/>\n<meta property=\"og:site_name\" content=\"Parts &amp; Pieces\" \/>\n<meta property=\"article:modified_time\" content=\"2024-12-06T12:05:44+00:00\" \/>\n<meta property=\"og:image\" content=\"https:\/\/partsandpieces.nl\/wp-content\/uploads\/2020\/07\/Scharnier-IJzer-Antiek-67mm.jpg\" \/>\n\t<meta property=\"og:image:width\" content=\"403\" \/>\n\t<meta property=\"og:image:height\" content=\"402\" \/>\n\t<meta property=\"og:image:type\" content=\"image\/jpeg\" \/>\n<meta name=\"twitter:card\" content=\"summary_large_image\" \/>\n<meta name=\"twitter:label1\" content=\"Gesch\u00e4tzte Lesezeit\" \/>\n\t<meta name=\"twitter:data1\" content=\"1\u00a0Minute\" \/>\n<script type=\"application\/ld+json\" class=\"yoast-schema-graph\">{\"@context\":\"https:\\\/\\\/schema.org\",\"@graph\":[{\"@type\":\"WebPage\",\"@id\":\"https:\\\/\\\/partsandpieces.nl\\\/product\\\/scharnier-ijzer-antiek-67mm\\\/\",\"url\":\"https:\\\/\\\/partsandpieces.nl\\\/product\\\/scharnier-ijzer-antiek-67mm\\\/\",\"name\":\"Scharnier IJzer Antiek 67mm\",\"isPartOf\":{\"@id\":\"https:\\\/\\\/partsandpieces.nl\\\/#website\"},\"primaryImageOfPage\":{\"@id\":\"https:\\\/\\\/partsandpieces.nl\\\/product\\\/scharnier-ijzer-antiek-67mm\\\/#primaryimage\"},\"image\":{\"@id\":\"https:\\\/\\\/partsandpieces.nl\\\/product\\\/scharnier-ijzer-antiek-67mm\\\/#primaryimage\"},\"thumbnailUrl\":\"https:\\\/\\\/partsandpieces.nl\\\/wp-content\\\/uploads\\\/2020\\\/07\\\/Scharnier-IJzer-Antiek-67mm.jpg\",\"datePublished\":\"2020-07-29T11:39:20+00:00\",\"dateModified\":\"2024-12-06T12:05:44+00:00\",\"description\":\"Scharnier IJzer Antiek 67mm is een antiek scharnier gemaakt van ijzer met een zwart \\\/ bruine matte afwerking. Heeft een Middeleeuwse uitstraling.\",\"breadcrumb\":{\"@id\":\"https:\\\/\\\/partsandpieces.nl\\\/product\\\/scharnier-ijzer-antiek-67mm\\\/#breadcrumb\"},\"inLanguage\":\"de\",\"potentialAction\":[{\"@type\":\"ReadAction\",\"target\":[\"https:\\\/\\\/partsandpieces.nl\\\/product\\\/scharnier-ijzer-antiek-67mm\\\/\"]}]},{\"@type\":\"ImageObject\",\"inLanguage\":\"de\",\"@id\":\"https:\\\/\\\/partsandpieces.nl\\\/product\\\/scharnier-ijzer-antiek-67mm\\\/#primaryimage\",\"url\":\"https:\\\/\\\/partsandpieces.nl\\\/wp-content\\\/uploads\\\/2020\\\/07\\\/Scharnier-IJzer-Antiek-67mm.jpg\",\"contentUrl\":\"https:\\\/\\\/partsandpieces.nl\\\/wp-content\\\/uploads\\\/2020\\\/07\\\/Scharnier-IJzer-Antiek-67mm.jpg\",\"width\":403,\"height\":402,\"caption\":\"Scharnier IJzer Antiek 67mm\"},{\"@type\":\"BreadcrumbList\",\"@id\":\"https:\\\/\\\/partsandpieces.nl\\\/product\\\/scharnier-ijzer-antiek-67mm\\\/#breadcrumb\",\"itemListElement\":[{\"@type\":\"ListItem\",\"position\":1,\"name\":\"Home\",\"item\":\"https:\\\/\\\/partsandpieces.nl\\\/home\\\/\"},{\"@type\":\"ListItem\",\"position\":2,\"name\":\"Winkel\",\"item\":\"https:\\\/\\\/partsandpieces.nl\\\/winkel\\\/\"},{\"@type\":\"ListItem\",\"position\":3,\"name\":\"Scharnier IJzer Antiek 67mm\"}]},{\"@type\":\"WebSite\",\"@id\":\"https:\\\/\\\/partsandpieces.nl\\\/#website\",\"url\":\"https:\\\/\\\/partsandpieces.nl\\\/\",\"name\":\"Parts &amp; Pieces\",\"description\":\"Alles voor uw meubelrestauratie en -onderhoud!\",\"potentialAction\":[{\"@type\":\"SearchAction\",\"target\":{\"@type\":\"EntryPoint\",\"urlTemplate\":\"https:\\\/\\\/partsandpieces.nl\\\/?s={search_term_string}\"},\"query-input\":{\"@type\":\"PropertyValueSpecification\",\"valueRequired\":true,\"valueName\":\"search_term_string\"}}],\"inLanguage\":\"de\"}]}<\/script>\n<!-- \/ Yoast SEO plugin. -->","yoast_head_json":{"title":"Scharnier Eisen Antik 67mm","description":"Scharnier Iron Antique 67 mm ist ein antikes Scharnier aus Eisen mit einer mattschwarzen\/braunen Oberfl\u00e4che. Hat ein mittelalterliches Aussehen.","robots":{"index":"index","follow":"follow","max-snippet":"max-snippet:-1","max-image-preview":"max-image-preview:large","max-video-preview":"max-video-preview:-1"},"canonical":"https:\/\/partsandpieces.nl\/de\/produkt\/scharnier-eisen-antik-67mm\/","og_locale":"de_DE","og_type":"article","og_title":"Scharnier IJzer Antiek 67mm","og_description":"Scharnier IJzer Antiek 67mm is een antiek scharnier gemaakt van ijzer met een zwart \/ bruine matte afwerking. Heeft een Middeleeuwse uitstraling.","og_url":"https:\/\/partsandpieces.nl\/de\/produkt\/scharnier-eisen-antik-67mm\/","og_site_name":"Parts &amp; Pieces","article_modified_time":"2024-12-06T12:05:44+00:00","og_image":[{"width":403,"height":402,"url":"https:\/\/partsandpieces.nl\/wp-content\/uploads\/2020\/07\/Scharnier-IJzer-Antiek-67mm.jpg","type":"image\/jpeg"}],"twitter_card":"summary_large_image","twitter_misc":{"Gesch\u00e4tzte Lesezeit":"1\u00a0Minute"},"schema":{"@context":"https:\/\/schema.org","@graph":[{"@type":"WebPage","@id":"https:\/\/partsandpieces.nl\/product\/scharnier-ijzer-antiek-67mm\/","url":"https:\/\/partsandpieces.nl\/product\/scharnier-ijzer-antiek-67mm\/","name":"Scharnier Eisen Antik 67mm","isPartOf":{"@id":"https:\/\/partsandpieces.nl\/#website"},"primaryImageOfPage":{"@id":"https:\/\/partsandpieces.nl\/product\/scharnier-ijzer-antiek-67mm\/#primaryimage"},"image":{"@id":"https:\/\/partsandpieces.nl\/product\/scharnier-ijzer-antiek-67mm\/#primaryimage"},"thumbnailUrl":"https:\/\/partsandpieces.nl\/wp-content\/uploads\/2020\/07\/Scharnier-IJzer-Antiek-67mm.jpg","datePublished":"2020-07-29T11:39:20+00:00","dateModified":"2024-12-06T12:05:44+00:00","description":"Scharnier Iron Antique 67 mm ist ein antikes Scharnier aus Eisen mit einer mattschwarzen\/braunen Oberfl\u00e4che. Hat ein mittelalterliches Aussehen.","breadcrumb":{"@id":"https:\/\/partsandpieces.nl\/product\/scharnier-ijzer-antiek-67mm\/#breadcrumb"},"inLanguage":"de","potentialAction":[{"@type":"ReadAction","target":["https:\/\/partsandpieces.nl\/product\/scharnier-ijzer-antiek-67mm\/"]}]},{"@type":"ImageObject","inLanguage":"de","@id":"https:\/\/partsandpieces.nl\/product\/scharnier-ijzer-antiek-67mm\/#primaryimage","url":"https:\/\/partsandpieces.nl\/wp-content\/uploads\/2020\/07\/Scharnier-IJzer-Antiek-67mm.jpg","contentUrl":"https:\/\/partsandpieces.nl\/wp-content\/uploads\/2020\/07\/Scharnier-IJzer-Antiek-67mm.jpg","width":403,"height":402,"caption":"Scharnier IJzer Antiek 67mm"},{"@type":"BreadcrumbList","@id":"https:\/\/partsandpieces.nl\/product\/scharnier-ijzer-antiek-67mm\/#breadcrumb","itemListElement":[{"@type":"ListItem","position":1,"name":"Home","item":"https:\/\/partsandpieces.nl\/home\/"},{"@type":"ListItem","position":2,"name":"Winkel","item":"https:\/\/partsandpieces.nl\/winkel\/"},{"@type":"ListItem","position":3,"name":"Scharnier IJzer Antiek 67mm"}]},{"@type":"WebSite","@id":"https:\/\/partsandpieces.nl\/#website","url":"https:\/\/partsandpieces.nl\/","name":"Teile &amp; St\u00fccke","description":"Alles f\u00fcr Ihre M\u00f6belrestaurierung und -pflege!","potentialAction":[{"@type":"SearchAction","target":{"@type":"EntryPoint","urlTemplate":"https:\/\/partsandpieces.nl\/?s={search_term_string}"},"query-input":{"@type":"PropertyValueSpecification","valueRequired":true,"valueName":"search_term_string"}}],"inLanguage":"de"}]}},"_links":{"self":[{"href":"https:\/\/partsandpieces.nl\/de\/wp-json\/wp\/v2\/product\/1169","targetHints":{"allow":["GET"]}}],"collection":[{"href":"https:\/\/partsandpieces.nl\/de\/wp-json\/wp\/v2\/product"}],"about":[{"href":"https:\/\/partsandpieces.nl\/de\/wp-json\/wp\/v2\/types\/product"}],"wp:featuredmedia":[{"embeddable":true,"href":"https:\/\/partsandpieces.nl\/de\/wp-json\/wp\/v2\/media\/7235"}],"wp:attachment":[{"href":"https:\/\/partsandpieces.nl\/de\/wp-json\/wp\/v2\/media?parent=1169"}],"wp:term":[{"taxonomy":"product_brand","embeddable":true,"href":"https:\/\/partsandpieces.nl\/de\/wp-json\/wp\/v2\/product_brand?post=1169"},{"taxonomy":"product_cat","embeddable":true,"href":"https:\/\/partsandpieces.nl\/de\/wp-json\/wp\/v2\/product_cat?post=1169"},{"taxonomy":"product_tag","embeddable":true,"href":"https:\/\/partsandpieces.nl\/de\/wp-json\/wp\/v2\/product_tag?post=1169"}],"curies":[{"name":"wp","href":"https:\/\/api.w.org\/{rel}","templated":true}]}}