{"id":1171,"date":"2020-07-29T11:40:55","date_gmt":"2020-07-29T11:40:55","guid":{"rendered":"https:\/\/partsandpieces.bonsaidev.nl\/?product=scharnier-ijzer-geroest-400x60-mm"},"modified":"2025-08-30T17:45:59","modified_gmt":"2025-08-30T15:45:59","slug":"scharnier-antikes-eisen-verrostet-franzosische-lilie-210mm","status":"publish","type":"product","link":"https:\/\/partsandpieces.nl\/de\/product\/scharnier-antiek-ijzer-geroest-franse-lelie-210mm\/","title":{"rendered":"Scharnier Antik Eisen verrostet Franz\u00f6sische Lilie 210mm"},"content":{"rendered":"<p><strong>Scharnier Antik Eisen verrostet Franz\u00f6sische Lilie 210mm<\/strong> ist ein antikes Scharnier aus Eisen mit rostiger Oberfl\u00e4che. Das Scharnier hat einen mittelalterlichen Look mit einer franz\u00f6sischen Lilie am Ende. Dieses Scharnier passt gut an Ihre antike Schrankt\u00fcr oder Truhe.<\/p>\n<p>Dieses hochwertige Scharnier wird in Italien hergestellt.<\/p>\n<p><strong>Ma\u00dfe<br \/>\n<\/strong>Das Scharnier aus antikem Eisen, rostige franz\u00f6sische Lilie, 210 mm, hat eine zusammengeklappte L\u00e4nge von 210 mm. Die H\u00f6he am Scharnier betr\u00e4gt 30mm.<\/p>\n<p><strong>Bearbeiten<br \/>\n<\/strong>Sie k\u00f6nnen das Scharnier mit montieren\u00a0<span style=\"text-decoration: underline;\"><a href=\"https:\/\/partsandpieces.nl\/de\/produkt\/schrauben-flachkopf-antik-bronze-mit-schlitz-3x12mm\/\">Schraube Rundkopf Antik Bronze mit Schlitz (3x12mm)<\/a><\/span>. Ich schicke diese Schraube\u00a0<strong>FREI<\/strong>\u00a0mit Ihrer Bestellung.<\/p>","protected":false},"excerpt":{"rendered":"<p>Scharnier Antiek IJzer geroest Franse lelie 210mm is een antiek scharnier gemaakt van ijzer met een roestige afwerking. Het scharnier heeft een Middeleeuwse uitstraling met een Franse lelie aan het uiteinde. Dit scharnier past goed op je antieke kastdeur of kist. Dit kwalitatief uitstekende scharnier is gemaakt in Itali\u00eb. Afmetingen Het Scharnier Antiek IJzer geroest [&hellip;]<\/p>\n","protected":false},"featured_media":5516,"template":"","meta":{"_acf_changed":false},"product_brand":[],"product_cat":[45,23],"product_tag":[],"class_list":{"0":"post-1171","1":"product","2":"type-product","3":"status-publish","4":"has-post-thumbnail","6":"product_cat-antieke-scharnieren","7":"product_cat-meubelbeslag","9":"first","10":"instock","11":"taxable","12":"shipping-taxable","13":"purchasable","14":"product-type-simple"},"acf":[],"yoast_head":"<!-- This site is optimized with the Yoast SEO plugin v27.3 - https:\/\/yoast.com\/product\/yoast-seo-wordpress\/ -->\n<title>Scharnier Antiek geroest 210mm<\/title>\n<meta name=\"description\" content=\"Scharnier Antiek IJzer geroest Franse lelie 210mm heeft een Middeleeuwse uitstraling met Franse lelie aan het uiteinde. Past op je antieke kastdeur of kist.\" \/>\n<meta name=\"robots\" content=\"index, follow, max-snippet:-1, max-image-preview:large, max-video-preview:-1\" \/>\n<link rel=\"canonical\" href=\"https:\/\/partsandpieces.nl\/de\/produkt\/scharnier-antikes-eisen-verrostet-franzosische-lilie-210mm\/\" \/>\n<meta property=\"og:locale\" content=\"de_DE\" \/>\n<meta property=\"og:type\" content=\"article\" \/>\n<meta property=\"og:title\" content=\"Scharnier Antiek geroest 210mm\" \/>\n<meta property=\"og:description\" content=\"Scharnier Antiek IJzer geroest Franse lelie 210mm heeft een Middeleeuwse uitstraling met Franse lelie aan het uiteinde. Past op je antieke kastdeur of kist.\" \/>\n<meta property=\"og:url\" content=\"https:\/\/partsandpieces.nl\/de\/produkt\/scharnier-antikes-eisen-verrostet-franzosische-lilie-210mm\/\" \/>\n<meta property=\"og:site_name\" content=\"Parts &amp; Pieces\" \/>\n<meta property=\"article:modified_time\" content=\"2025-08-30T15:45:59+00:00\" \/>\n<meta property=\"og:image\" content=\"https:\/\/partsandpieces.nl\/wp-content\/uploads\/2020\/07\/Scharnier-Antiek-IJzer-geroest-Franse-lelie-210mm.jpg\" \/>\n\t<meta property=\"og:image:width\" content=\"480\" \/>\n\t<meta property=\"og:image:height\" content=\"482\" \/>\n\t<meta property=\"og:image:type\" content=\"image\/jpeg\" \/>\n<meta name=\"twitter:card\" content=\"summary_large_image\" \/>\n<meta name=\"twitter:label1\" content=\"Gesch\u00e4tzte Lesezeit\" \/>\n\t<meta name=\"twitter:data1\" content=\"1\u00a0Minute\" \/>\n<script type=\"application\/ld+json\" class=\"yoast-schema-graph\">{\"@context\":\"https:\\\/\\\/schema.org\",\"@graph\":[{\"@type\":\"WebPage\",\"@id\":\"https:\\\/\\\/partsandpieces.nl\\\/product\\\/scharnier-antiek-ijzer-geroest-franse-lelie-210mm\\\/\",\"url\":\"https:\\\/\\\/partsandpieces.nl\\\/product\\\/scharnier-antiek-ijzer-geroest-franse-lelie-210mm\\\/\",\"name\":\"Scharnier Antiek geroest 210mm\",\"isPartOf\":{\"@id\":\"https:\\\/\\\/partsandpieces.nl\\\/#website\"},\"primaryImageOfPage\":{\"@id\":\"https:\\\/\\\/partsandpieces.nl\\\/product\\\/scharnier-antiek-ijzer-geroest-franse-lelie-210mm\\\/#primaryimage\"},\"image\":{\"@id\":\"https:\\\/\\\/partsandpieces.nl\\\/product\\\/scharnier-antiek-ijzer-geroest-franse-lelie-210mm\\\/#primaryimage\"},\"thumbnailUrl\":\"https:\\\/\\\/partsandpieces.nl\\\/wp-content\\\/uploads\\\/2020\\\/07\\\/Scharnier-Antiek-IJzer-geroest-Franse-lelie-210mm.jpg\",\"datePublished\":\"2020-07-29T11:40:55+00:00\",\"dateModified\":\"2025-08-30T15:45:59+00:00\",\"description\":\"Scharnier Antiek IJzer geroest Franse lelie 210mm heeft een Middeleeuwse uitstraling met Franse lelie aan het uiteinde. Past op je antieke kastdeur of kist.\",\"breadcrumb\":{\"@id\":\"https:\\\/\\\/partsandpieces.nl\\\/product\\\/scharnier-antiek-ijzer-geroest-franse-lelie-210mm\\\/#breadcrumb\"},\"inLanguage\":\"de\",\"potentialAction\":[{\"@type\":\"ReadAction\",\"target\":[\"https:\\\/\\\/partsandpieces.nl\\\/product\\\/scharnier-antiek-ijzer-geroest-franse-lelie-210mm\\\/\"]}]},{\"@type\":\"ImageObject\",\"inLanguage\":\"de\",\"@id\":\"https:\\\/\\\/partsandpieces.nl\\\/product\\\/scharnier-antiek-ijzer-geroest-franse-lelie-210mm\\\/#primaryimage\",\"url\":\"https:\\\/\\\/partsandpieces.nl\\\/wp-content\\\/uploads\\\/2020\\\/07\\\/Scharnier-Antiek-IJzer-geroest-Franse-lelie-210mm.jpg\",\"contentUrl\":\"https:\\\/\\\/partsandpieces.nl\\\/wp-content\\\/uploads\\\/2020\\\/07\\\/Scharnier-Antiek-IJzer-geroest-Franse-lelie-210mm.jpg\",\"width\":480,\"height\":482,\"caption\":\"Scharnier Antiek IJzer geroest Franse lelie 210mm\"},{\"@type\":\"BreadcrumbList\",\"@id\":\"https:\\\/\\\/partsandpieces.nl\\\/product\\\/scharnier-antiek-ijzer-geroest-franse-lelie-210mm\\\/#breadcrumb\",\"itemListElement\":[{\"@type\":\"ListItem\",\"position\":1,\"name\":\"Home\",\"item\":\"https:\\\/\\\/partsandpieces.nl\\\/home\\\/\"},{\"@type\":\"ListItem\",\"position\":2,\"name\":\"Winkel\",\"item\":\"https:\\\/\\\/partsandpieces.nl\\\/winkel\\\/\"},{\"@type\":\"ListItem\",\"position\":3,\"name\":\"Scharnier Antiek IJzer geroest Franse lelie 210mm\"}]},{\"@type\":\"WebSite\",\"@id\":\"https:\\\/\\\/partsandpieces.nl\\\/#website\",\"url\":\"https:\\\/\\\/partsandpieces.nl\\\/\",\"name\":\"Parts &amp; Pieces\",\"description\":\"Alles voor uw meubelrestauratie en -onderhoud!\",\"potentialAction\":[{\"@type\":\"SearchAction\",\"target\":{\"@type\":\"EntryPoint\",\"urlTemplate\":\"https:\\\/\\\/partsandpieces.nl\\\/?s={search_term_string}\"},\"query-input\":{\"@type\":\"PropertyValueSpecification\",\"valueRequired\":true,\"valueName\":\"search_term_string\"}}],\"inLanguage\":\"de\"}]}<\/script>\n<!-- \/ Yoast SEO plugin. -->","yoast_head_json":{"title":"Scharnier Antik verrostet 210mm","description":"Das Scharnier aus antikem Eisen mit verrosteter franz\u00f6sischer Lilie (210 mm) hat einen mittelalterlichen Look mit einer franz\u00f6sischen Lilie am Ende. Passt zu Ihrer antiken Schrankt\u00fcr oder Truhe.","robots":{"index":"index","follow":"follow","max-snippet":"max-snippet:-1","max-image-preview":"max-image-preview:large","max-video-preview":"max-video-preview:-1"},"canonical":"https:\/\/partsandpieces.nl\/de\/produkt\/scharnier-antikes-eisen-verrostet-franzosische-lilie-210mm\/","og_locale":"de_DE","og_type":"article","og_title":"Scharnier Antiek geroest 210mm","og_description":"Scharnier Antiek IJzer geroest Franse lelie 210mm heeft een Middeleeuwse uitstraling met Franse lelie aan het uiteinde. Past op je antieke kastdeur of kist.","og_url":"https:\/\/partsandpieces.nl\/de\/produkt\/scharnier-antikes-eisen-verrostet-franzosische-lilie-210mm\/","og_site_name":"Parts &amp; Pieces","article_modified_time":"2025-08-30T15:45:59+00:00","og_image":[{"width":480,"height":482,"url":"https:\/\/partsandpieces.nl\/wp-content\/uploads\/2020\/07\/Scharnier-Antiek-IJzer-geroest-Franse-lelie-210mm.jpg","type":"image\/jpeg"}],"twitter_card":"summary_large_image","twitter_misc":{"Gesch\u00e4tzte Lesezeit":"1\u00a0Minute"},"schema":{"@context":"https:\/\/schema.org","@graph":[{"@type":"WebPage","@id":"https:\/\/partsandpieces.nl\/product\/scharnier-antiek-ijzer-geroest-franse-lelie-210mm\/","url":"https:\/\/partsandpieces.nl\/product\/scharnier-antiek-ijzer-geroest-franse-lelie-210mm\/","name":"Scharnier Antik verrostet 210mm","isPartOf":{"@id":"https:\/\/partsandpieces.nl\/#website"},"primaryImageOfPage":{"@id":"https:\/\/partsandpieces.nl\/product\/scharnier-antiek-ijzer-geroest-franse-lelie-210mm\/#primaryimage"},"image":{"@id":"https:\/\/partsandpieces.nl\/product\/scharnier-antiek-ijzer-geroest-franse-lelie-210mm\/#primaryimage"},"thumbnailUrl":"https:\/\/partsandpieces.nl\/wp-content\/uploads\/2020\/07\/Scharnier-Antiek-IJzer-geroest-Franse-lelie-210mm.jpg","datePublished":"2020-07-29T11:40:55+00:00","dateModified":"2025-08-30T15:45:59+00:00","description":"Das Scharnier aus antikem Eisen mit verrosteter franz\u00f6sischer Lilie (210 mm) hat einen mittelalterlichen Look mit einer franz\u00f6sischen Lilie am Ende. Passt zu Ihrer antiken Schrankt\u00fcr oder Truhe.","breadcrumb":{"@id":"https:\/\/partsandpieces.nl\/product\/scharnier-antiek-ijzer-geroest-franse-lelie-210mm\/#breadcrumb"},"inLanguage":"de","potentialAction":[{"@type":"ReadAction","target":["https:\/\/partsandpieces.nl\/product\/scharnier-antiek-ijzer-geroest-franse-lelie-210mm\/"]}]},{"@type":"ImageObject","inLanguage":"de","@id":"https:\/\/partsandpieces.nl\/product\/scharnier-antiek-ijzer-geroest-franse-lelie-210mm\/#primaryimage","url":"https:\/\/partsandpieces.nl\/wp-content\/uploads\/2020\/07\/Scharnier-Antiek-IJzer-geroest-Franse-lelie-210mm.jpg","contentUrl":"https:\/\/partsandpieces.nl\/wp-content\/uploads\/2020\/07\/Scharnier-Antiek-IJzer-geroest-Franse-lelie-210mm.jpg","width":480,"height":482,"caption":"Scharnier Antiek IJzer geroest Franse lelie 210mm"},{"@type":"BreadcrumbList","@id":"https:\/\/partsandpieces.nl\/product\/scharnier-antiek-ijzer-geroest-franse-lelie-210mm\/#breadcrumb","itemListElement":[{"@type":"ListItem","position":1,"name":"Home","item":"https:\/\/partsandpieces.nl\/home\/"},{"@type":"ListItem","position":2,"name":"Winkel","item":"https:\/\/partsandpieces.nl\/winkel\/"},{"@type":"ListItem","position":3,"name":"Scharnier Antiek IJzer geroest Franse lelie 210mm"}]},{"@type":"WebSite","@id":"https:\/\/partsandpieces.nl\/#website","url":"https:\/\/partsandpieces.nl\/","name":"Teile &amp; St\u00fccke","description":"Alles f\u00fcr Ihre M\u00f6belrestaurierung und -pflege!","potentialAction":[{"@type":"SearchAction","target":{"@type":"EntryPoint","urlTemplate":"https:\/\/partsandpieces.nl\/?s={search_term_string}"},"query-input":{"@type":"PropertyValueSpecification","valueRequired":true,"valueName":"search_term_string"}}],"inLanguage":"de"}]}},"_links":{"self":[{"href":"https:\/\/partsandpieces.nl\/de\/wp-json\/wp\/v2\/product\/1171","targetHints":{"allow":["GET"]}}],"collection":[{"href":"https:\/\/partsandpieces.nl\/de\/wp-json\/wp\/v2\/product"}],"about":[{"href":"https:\/\/partsandpieces.nl\/de\/wp-json\/wp\/v2\/types\/product"}],"wp:featuredmedia":[{"embeddable":true,"href":"https:\/\/partsandpieces.nl\/de\/wp-json\/wp\/v2\/media\/5516"}],"wp:attachment":[{"href":"https:\/\/partsandpieces.nl\/de\/wp-json\/wp\/v2\/media?parent=1171"}],"wp:term":[{"taxonomy":"product_brand","embeddable":true,"href":"https:\/\/partsandpieces.nl\/de\/wp-json\/wp\/v2\/product_brand?post=1171"},{"taxonomy":"product_cat","embeddable":true,"href":"https:\/\/partsandpieces.nl\/de\/wp-json\/wp\/v2\/product_cat?post=1171"},{"taxonomy":"product_tag","embeddable":true,"href":"https:\/\/partsandpieces.nl\/de\/wp-json\/wp\/v2\/product_tag?post=1171"}],"curies":[{"name":"wp","href":"https:\/\/api.w.org\/{rel}","templated":true}]}}