{"id":1193,"date":"2020-07-31T09:05:15","date_gmt":"2020-07-31T09:05:15","guid":{"rendered":"https:\/\/partsandpieces.bonsaidev.nl\/?product=scharnier-iron-left-50x85"},"modified":"2026-02-03T15:33:30","modified_gmt":"2026-02-03T14:33:30","slug":"scharnier-eisen-antik-links-50x85mm","status":"publish","type":"product","link":"https:\/\/partsandpieces.nl\/de\/product\/scharnier-ijzer-antiek-links-50x85mm\/","title":{"rendered":"Scharnier Eisen antik links 50x85mm"},"content":{"rendered":"<p><strong>Scharnier Eisen antik links 50x85mm<\/strong> ist ein klassisches Scharnier mit Zierknopf f\u00fcr linksh\u00e4ndige T\u00fcren. Mit diesem M\u00f6belscharnier l\u00e4sst sich eine T\u00fcr ganz einfach aus dem Schrank heben, ohne vorher den Stift zu entfernen oder das Scharnier abzuschrauben. Das Scharnier besteht aus Eisen mit antik patinierter Oberfl\u00e4che.<\/p>\n<p>Dieses hochwertige Scharnier wird in Italien hergestellt.<\/p>\n<p><strong>Ma\u00dfe<br \/>\n<\/strong>Scharnier Eisen antik links 50x85mm ist insgesamt 50mm breit und 85mm hoch. Die Platten haben eine H\u00f6he von 25 mm, eine Breite von 28 mm und eine Dicke von 1 bis 1,5 mm (zum Fr\u00e4sen). Die Schlinge hat einen Durchmesser von 8 mm.<\/p>\n<p><strong>Bearbeiten<\/strong><br \/>\nSie montieren das Scharnier mit 4 konischen Schrauben. Ich liefere diese Schrauben NICHT.<\/p>","protected":false},"excerpt":{"rendered":"<p>Scharnier IJzer antiek links 50x85mm is een klassiek scharnier met sierknop voor linksdraaiende deurtjes. Met dit meubelscharnier is een deur eenvoudig uit de kast te tillen zonder de pen er eerst uit te halen of het scharnier los te hoeven schroeven. Het scharnier is gemaakt van ijzer met een antieke gepatineerde afwerking. Dit kwalitatief uitstekende [&hellip;]<\/p>\n","protected":false},"featured_media":7366,"template":"","meta":{"_acf_changed":false},"product_brand":[],"product_cat":[45,23],"product_tag":[],"class_list":{"0":"post-1193","1":"product","2":"type-product","3":"status-publish","4":"has-post-thumbnail","6":"product_cat-antieke-scharnieren","7":"product_cat-meubelbeslag","9":"first","10":"instock","11":"taxable","12":"shipping-taxable","13":"purchasable","14":"product-type-simple"},"acf":[],"yoast_head":"<!-- This site is optimized with the Yoast SEO plugin v27.3 - https:\/\/yoast.com\/product\/yoast-seo-wordpress\/ -->\n<title>Scharnier IJzer antiek links 50x85mm<\/title>\n<meta name=\"description\" content=\"Scharnier IJzer antiek links 50x85mm\u00a0is een klassiek scharnier met sierknop. Met dit meubelscharnier is een deur eenvoudig uit de kast te tillen.\" \/>\n<meta name=\"robots\" content=\"index, follow, max-snippet:-1, max-image-preview:large, max-video-preview:-1\" \/>\n<link rel=\"canonical\" href=\"https:\/\/partsandpieces.nl\/de\/produkt\/scharnier-eisen-antik-links-50x85mm\/\" \/>\n<meta property=\"og:locale\" content=\"de_DE\" \/>\n<meta property=\"og:type\" content=\"article\" \/>\n<meta property=\"og:title\" content=\"Scharnier IJzer antiek links 50x85mm\" \/>\n<meta property=\"og:description\" content=\"Scharnier IJzer antiek links 50x85mm\u00a0is een klassiek scharnier met sierknop. Met dit meubelscharnier is een deur eenvoudig uit de kast te tillen.\" \/>\n<meta property=\"og:url\" content=\"https:\/\/partsandpieces.nl\/de\/produkt\/scharnier-eisen-antik-links-50x85mm\/\" \/>\n<meta property=\"og:site_name\" content=\"Parts &amp; Pieces\" \/>\n<meta property=\"article:modified_time\" content=\"2026-02-03T14:33:30+00:00\" \/>\n<meta property=\"og:image\" content=\"https:\/\/partsandpieces.nl\/wp-content\/uploads\/2020\/07\/Scharnier-IJzer-antiek-links-50x85mm.jpg\" \/>\n\t<meta property=\"og:image:width\" content=\"390\" \/>\n\t<meta property=\"og:image:height\" content=\"391\" \/>\n\t<meta property=\"og:image:type\" content=\"image\/jpeg\" \/>\n<meta name=\"twitter:card\" content=\"summary_large_image\" \/>\n<meta name=\"twitter:label1\" content=\"Gesch\u00e4tzte Lesezeit\" \/>\n\t<meta name=\"twitter:data1\" content=\"1\u00a0Minute\" \/>\n<script type=\"application\/ld+json\" class=\"yoast-schema-graph\">{\"@context\":\"https:\\\/\\\/schema.org\",\"@graph\":[{\"@type\":\"WebPage\",\"@id\":\"https:\\\/\\\/partsandpieces.nl\\\/product\\\/scharnier-ijzer-antiek-links-50x85mm\\\/\",\"url\":\"https:\\\/\\\/partsandpieces.nl\\\/product\\\/scharnier-ijzer-antiek-links-50x85mm\\\/\",\"name\":\"Scharnier IJzer antiek links 50x85mm\",\"isPartOf\":{\"@id\":\"https:\\\/\\\/partsandpieces.nl\\\/#website\"},\"primaryImageOfPage\":{\"@id\":\"https:\\\/\\\/partsandpieces.nl\\\/product\\\/scharnier-ijzer-antiek-links-50x85mm\\\/#primaryimage\"},\"image\":{\"@id\":\"https:\\\/\\\/partsandpieces.nl\\\/product\\\/scharnier-ijzer-antiek-links-50x85mm\\\/#primaryimage\"},\"thumbnailUrl\":\"https:\\\/\\\/partsandpieces.nl\\\/wp-content\\\/uploads\\\/2020\\\/07\\\/Scharnier-IJzer-antiek-links-50x85mm.jpg\",\"datePublished\":\"2020-07-31T09:05:15+00:00\",\"dateModified\":\"2026-02-03T14:33:30+00:00\",\"description\":\"Scharnier IJzer antiek links 50x85mm\u00a0is een klassiek scharnier met sierknop. Met dit meubelscharnier is een deur eenvoudig uit de kast te tillen.\",\"breadcrumb\":{\"@id\":\"https:\\\/\\\/partsandpieces.nl\\\/product\\\/scharnier-ijzer-antiek-links-50x85mm\\\/#breadcrumb\"},\"inLanguage\":\"de\",\"potentialAction\":[{\"@type\":\"ReadAction\",\"target\":[\"https:\\\/\\\/partsandpieces.nl\\\/product\\\/scharnier-ijzer-antiek-links-50x85mm\\\/\"]}]},{\"@type\":\"ImageObject\",\"inLanguage\":\"de\",\"@id\":\"https:\\\/\\\/partsandpieces.nl\\\/product\\\/scharnier-ijzer-antiek-links-50x85mm\\\/#primaryimage\",\"url\":\"https:\\\/\\\/partsandpieces.nl\\\/wp-content\\\/uploads\\\/2020\\\/07\\\/Scharnier-IJzer-antiek-links-50x85mm.jpg\",\"contentUrl\":\"https:\\\/\\\/partsandpieces.nl\\\/wp-content\\\/uploads\\\/2020\\\/07\\\/Scharnier-IJzer-antiek-links-50x85mm.jpg\",\"width\":390,\"height\":391,\"caption\":\"Scharnier IJzer antiek links 50x85mm\"},{\"@type\":\"BreadcrumbList\",\"@id\":\"https:\\\/\\\/partsandpieces.nl\\\/product\\\/scharnier-ijzer-antiek-links-50x85mm\\\/#breadcrumb\",\"itemListElement\":[{\"@type\":\"ListItem\",\"position\":1,\"name\":\"Home\",\"item\":\"https:\\\/\\\/partsandpieces.nl\\\/home\\\/\"},{\"@type\":\"ListItem\",\"position\":2,\"name\":\"Winkel\",\"item\":\"https:\\\/\\\/partsandpieces.nl\\\/winkel\\\/\"},{\"@type\":\"ListItem\",\"position\":3,\"name\":\"Scharnier IJzer antiek links 50x85mm\"}]},{\"@type\":\"WebSite\",\"@id\":\"https:\\\/\\\/partsandpieces.nl\\\/#website\",\"url\":\"https:\\\/\\\/partsandpieces.nl\\\/\",\"name\":\"Parts &amp; Pieces\",\"description\":\"Alles voor uw meubelrestauratie en -onderhoud!\",\"potentialAction\":[{\"@type\":\"SearchAction\",\"target\":{\"@type\":\"EntryPoint\",\"urlTemplate\":\"https:\\\/\\\/partsandpieces.nl\\\/?s={search_term_string}\"},\"query-input\":{\"@type\":\"PropertyValueSpecification\",\"valueRequired\":true,\"valueName\":\"search_term_string\"}}],\"inLanguage\":\"de\"}]}<\/script>\n<!-- \/ Yoast SEO plugin. -->","yoast_head_json":{"title":"Scharnier Eisen antik links 50x85mm","description":"Scharnier Eisen antik links 50x85mm ist ein klassisches Scharnier mit dekorativem Knopf. Dieses M\u00f6belscharnier erleichtert das Herausheben einer T\u00fcr aus dem Schrank.","robots":{"index":"index","follow":"follow","max-snippet":"max-snippet:-1","max-image-preview":"max-image-preview:large","max-video-preview":"max-video-preview:-1"},"canonical":"https:\/\/partsandpieces.nl\/de\/produkt\/scharnier-eisen-antik-links-50x85mm\/","og_locale":"de_DE","og_type":"article","og_title":"Scharnier IJzer antiek links 50x85mm","og_description":"Scharnier IJzer antiek links 50x85mm\u00a0is een klassiek scharnier met sierknop. Met dit meubelscharnier is een deur eenvoudig uit de kast te tillen.","og_url":"https:\/\/partsandpieces.nl\/de\/produkt\/scharnier-eisen-antik-links-50x85mm\/","og_site_name":"Parts &amp; Pieces","article_modified_time":"2026-02-03T14:33:30+00:00","og_image":[{"width":390,"height":391,"url":"https:\/\/partsandpieces.nl\/wp-content\/uploads\/2020\/07\/Scharnier-IJzer-antiek-links-50x85mm.jpg","type":"image\/jpeg"}],"twitter_card":"summary_large_image","twitter_misc":{"Gesch\u00e4tzte Lesezeit":"1\u00a0Minute"},"schema":{"@context":"https:\/\/schema.org","@graph":[{"@type":"WebPage","@id":"https:\/\/partsandpieces.nl\/product\/scharnier-ijzer-antiek-links-50x85mm\/","url":"https:\/\/partsandpieces.nl\/product\/scharnier-ijzer-antiek-links-50x85mm\/","name":"Scharnier Eisen antik links 50x85mm","isPartOf":{"@id":"https:\/\/partsandpieces.nl\/#website"},"primaryImageOfPage":{"@id":"https:\/\/partsandpieces.nl\/product\/scharnier-ijzer-antiek-links-50x85mm\/#primaryimage"},"image":{"@id":"https:\/\/partsandpieces.nl\/product\/scharnier-ijzer-antiek-links-50x85mm\/#primaryimage"},"thumbnailUrl":"https:\/\/partsandpieces.nl\/wp-content\/uploads\/2020\/07\/Scharnier-IJzer-antiek-links-50x85mm.jpg","datePublished":"2020-07-31T09:05:15+00:00","dateModified":"2026-02-03T14:33:30+00:00","description":"Scharnier Eisen antik links 50x85mm ist ein klassisches Scharnier mit dekorativem Knopf. Dieses M\u00f6belscharnier erleichtert das Herausheben einer T\u00fcr aus dem Schrank.","breadcrumb":{"@id":"https:\/\/partsandpieces.nl\/product\/scharnier-ijzer-antiek-links-50x85mm\/#breadcrumb"},"inLanguage":"de","potentialAction":[{"@type":"ReadAction","target":["https:\/\/partsandpieces.nl\/product\/scharnier-ijzer-antiek-links-50x85mm\/"]}]},{"@type":"ImageObject","inLanguage":"de","@id":"https:\/\/partsandpieces.nl\/product\/scharnier-ijzer-antiek-links-50x85mm\/#primaryimage","url":"https:\/\/partsandpieces.nl\/wp-content\/uploads\/2020\/07\/Scharnier-IJzer-antiek-links-50x85mm.jpg","contentUrl":"https:\/\/partsandpieces.nl\/wp-content\/uploads\/2020\/07\/Scharnier-IJzer-antiek-links-50x85mm.jpg","width":390,"height":391,"caption":"Scharnier IJzer antiek links 50x85mm"},{"@type":"BreadcrumbList","@id":"https:\/\/partsandpieces.nl\/product\/scharnier-ijzer-antiek-links-50x85mm\/#breadcrumb","itemListElement":[{"@type":"ListItem","position":1,"name":"Home","item":"https:\/\/partsandpieces.nl\/home\/"},{"@type":"ListItem","position":2,"name":"Winkel","item":"https:\/\/partsandpieces.nl\/winkel\/"},{"@type":"ListItem","position":3,"name":"Scharnier IJzer antiek links 50x85mm"}]},{"@type":"WebSite","@id":"https:\/\/partsandpieces.nl\/#website","url":"https:\/\/partsandpieces.nl\/","name":"Teile &amp; St\u00fccke","description":"Alles f\u00fcr Ihre M\u00f6belrestaurierung und -pflege!","potentialAction":[{"@type":"SearchAction","target":{"@type":"EntryPoint","urlTemplate":"https:\/\/partsandpieces.nl\/?s={search_term_string}"},"query-input":{"@type":"PropertyValueSpecification","valueRequired":true,"valueName":"search_term_string"}}],"inLanguage":"de"}]}},"_links":{"self":[{"href":"https:\/\/partsandpieces.nl\/de\/wp-json\/wp\/v2\/product\/1193","targetHints":{"allow":["GET"]}}],"collection":[{"href":"https:\/\/partsandpieces.nl\/de\/wp-json\/wp\/v2\/product"}],"about":[{"href":"https:\/\/partsandpieces.nl\/de\/wp-json\/wp\/v2\/types\/product"}],"wp:featuredmedia":[{"embeddable":true,"href":"https:\/\/partsandpieces.nl\/de\/wp-json\/wp\/v2\/media\/7366"}],"wp:attachment":[{"href":"https:\/\/partsandpieces.nl\/de\/wp-json\/wp\/v2\/media?parent=1193"}],"wp:term":[{"taxonomy":"product_brand","embeddable":true,"href":"https:\/\/partsandpieces.nl\/de\/wp-json\/wp\/v2\/product_brand?post=1193"},{"taxonomy":"product_cat","embeddable":true,"href":"https:\/\/partsandpieces.nl\/de\/wp-json\/wp\/v2\/product_cat?post=1193"},{"taxonomy":"product_tag","embeddable":true,"href":"https:\/\/partsandpieces.nl\/de\/wp-json\/wp\/v2\/product_tag?post=1193"}],"curies":[{"name":"wp","href":"https:\/\/api.w.org\/{rel}","templated":true}]}}