{"id":11959,"date":"2025-06-25T13:18:17","date_gmt":"2025-06-25T11:18:17","guid":{"rendered":"https:\/\/partsandpieces.nl\/?post_type=product&#038;p=11959"},"modified":"2026-03-01T11:48:31","modified_gmt":"2026-03-01T10:48:31","slug":"borma-wachs-invisible-touch-2k-farbloser-lack-ultra-matt-0-gu-1-liter","status":"publish","type":"product","link":"https:\/\/partsandpieces.nl\/de\/product\/borma-wachs-invisible-touch-2k-kleurloos-lak-ultra-mat-0-gu-1-liter\/","title":{"rendered":"Borma Wachs Invisible Touch 2K Farbloser Lack Ultramatt (0 GU) 1 Liter"},"content":{"rendered":"<p><b><a href=\"https:\/\/bormawachs.com\"><span style=\"text-decoration: underline;\">Borma Wachs<\/span><\/a> Invisible Touch 2K Farbloser Lack Ultramatt<\/b> ist ein matter, farbloser 2-Komponenten-Lack mit hoher Verschlei\u00dffestigkeit f\u00fcr M\u00f6bel. Der Lack ist umweltfreundlich und auf Wasserbasis. Dieser Lack ist zum Schutz von Holzoberfl\u00e4chen vorgesehen. Er ist ultramatt (0 Glanz) und hat einen nat\u00fcrlichen, wachsartigen Effekt. Nach dem Auftragen auf unbehandelte Holzoberfl\u00e4chen ver\u00e4ndert er die Farbe des Holzes nicht. <u><strong>Das Holz beh\u00e4lt sein v\u00f6llig nat\u00fcrliches Aussehen<\/strong>.<\/u> F\u00fcr alle Holzarten geeignet.<\/p>\n<p>Borma Wachs 2K Farbloslack Ultra matt aktivieren Sie mit dem <strong>mitgelieferter H\u00e4rter\/Katalysator<\/strong>Empfohlenes Mischungsverh\u00e4ltnis 10:1 f\u00fcr schnellere Aush\u00e4rtung und verbesserte Wirkung. Sie k\u00f6nnen diesen Lack auch als 1-Komponenten-Lack verwenden. Siehe dieses Produkt: <span style=\"text-decoration: underline;\"><a href=\"https:\/\/partsandpieces.nl\/de\/produkt\/matttransparenter-lack-fur-unsichtbare-mobelberuhrung\/\">Borma Wachs Unsichtbare Ber\u00fchrung<\/a><\/span>.<\/p>\n<p><strong>BITTE BEACHTEN: SONDERPREISE F\u00dcR PROFIS. Fragen Sie nach den M\u00f6glichkeiten.<\/strong><\/p>\n<h5><strong>Eigenschaften<br \/>\n<\/strong><\/h5>\n<p>\u2013 matter, farbloser Lack f\u00fcr M\u00f6bel<br \/>\n\u2013 Auch f\u00fcr Fu\u00dfb\u00f6den, Arbeitsplatten und T\u00fcren geeignet.<br \/>\n\u2013 Umweltfreundlich und absolut sicher in der Verarbeitung.<br \/>\n\u2013 Verbrauch: 50-100 ml pro m2. Stark abh\u00e4ngig von der Saugwirkung des Untergrundes.<\/p>\n<h5><b>Anweisungen<\/b><\/h5>\n<p><b><\/b>\u2013 Auf eine glatte und saubere Oberfl\u00e4che auftragen, die frei von Fetten, \u00d6len, Wachsen, Silikonen und alten Farben ist.<br \/>\n\u2013 Auftragen durch Spr\u00fchen oder Streichen.<br \/>\n\u2013 6-12 Stunden warten und mit Sandpapier oder Scheuerschwamm schleifen, den gesamten Staub vorsichtig absaugen und mit einem antistatischen Tuch reinigen.<br \/>\n\u2013 Anschlie\u00dfend eine zweite Schicht ohne Zwischenschliff auftragen.<\/p>\n<h5><strong>Zertifizierungen<\/strong><\/h5>\n<p>\u2022 IBR-Zertifizierung f\u00fcr nachhaltiges Bauen, ausgestellt vom Rosenheim Institut<br \/>\n\u2022 EN71.III-Zertifizierung, sicher f\u00fcr Kinderspielzeug<br \/>\n\u2022 Erf\u00fcllt die VOC-Klasse A+ f\u00fcr Emissionen fl\u00fcchtiger organischer Verbindungen in Innenr\u00e4umen<br \/>\n\u2022 Gepr\u00fcft nach den Richtlinien der Norm EN 13442:2013 (Fleckenbest\u00e4ndigkeit von B\u00f6den).<\/p>\n<p><strong>\u00dcber Borma Wachs Invisible Touch 2K Farbloser Lack Ultramatt (0 GU)<\/strong><br \/>\n2K Farbloser Lack matt (0 GU) 1 Liter Borma Wachs besticht durch die extrem matte Optik, die Sie mit diesem Produkt Holzoberfl\u00e4chen verleihen k\u00f6nnen. Dieser 2-Komponenten-Lack ist transparent und somit farblos. Dadurch bleibt die nat\u00fcrliche Optik des Holzes erhalten. Er verleiht der Oberfl\u00e4che ein unbehandeltes Aussehen, jedoch mit einem ultramatten Finish. Das sieht unglaublich sch\u00f6n aus.<\/p>\n<p>Es gibt aber noch weitere Gr\u00fcnde, sich f\u00fcr diesen extrem matten Lack zu entscheiden. So finden Sie beispielsweise, dass extra matte Holzoberfl\u00e4chen im Vergleich zu Glanzgraden mit h\u00f6herem Glanzgrad, wie Seidenmatt oder Hochglanz, einfach besser aussehen. 2K Farbloser Lack matt (0 GU): Das Auftragen von 1 Liter Borma Wachs auf einen Tisch verhindert st\u00f6renden Schimmer. Denn es gibt keinen Glanz, der das Licht reflektiert. Ein weiterer Vorteil von ultramatten Lacken ist, dass sie Unebenheiten verbergen. Das sorgt f\u00fcr ein stilvolles Finish.<\/p>","protected":false},"excerpt":{"rendered":"<p>Borma Wachs Invisible Touch 2K Kleurloos Lak Ultra mat is een matte, kleurloze 2 componenten lak met hoge slijtvastheid voor meubels. De lak is milieuvriendelijke en watergedragen. Deze lak is bedoeld voor de bescherming van houten oppervlakken. Het is ultra mat (0 glans) en heeft een natuurlijk, wasachtig effect. Na aanbrengen op onbehandelde houten oppervlakken [&hellip;]<\/p>\n","protected":false},"featured_media":11964,"template":"","meta":{"_acf_changed":false},"product_brand":[],"product_cat":[112,64],"product_tag":[],"class_list":{"0":"post-11959","1":"product","2":"type-product","3":"status-publish","4":"has-post-thumbnail","6":"product_cat-ontdek-invisible-touch-matte-lak","7":"product_cat-oppervlakte-behandeling-borma-wachs","9":"first","10":"instock","11":"taxable","12":"shipping-taxable","13":"purchasable","14":"product-type-simple"},"acf":[],"yoast_head":"<!-- This site is optimized with the Yoast SEO plugin v27.3 - https:\/\/yoast.com\/product\/yoast-seo-wordpress\/ -->\n<title>2K Kleurloos Lak mat (0 GU) 1 liter van Borma Wachs<\/title>\n<meta name=\"description\" content=\"Borma Wachs 2K Kleurloos Lak Ultra mat (0 glans) heeft een hoge slijtvastheid, is milieuvriendelijke en watergedragen. Met behoudt natuurlijke uitstraling.\" \/>\n<meta name=\"robots\" content=\"index, follow, max-snippet:-1, max-image-preview:large, max-video-preview:-1\" \/>\n<link rel=\"canonical\" href=\"https:\/\/partsandpieces.nl\/de\/produkt\/borma-wachs-invisible-touch-2k-farbloser-lack-ultra-matt-0-gu-1-liter\/\" \/>\n<meta property=\"og:locale\" content=\"de_DE\" \/>\n<meta property=\"og:type\" content=\"article\" \/>\n<meta property=\"og:title\" content=\"2K Kleurloos Lak mat (0 GU) 1 liter van Borma Wachs\" \/>\n<meta property=\"og:description\" content=\"Borma Wachs 2K Kleurloos Lak Ultra mat (0 glans) heeft een hoge slijtvastheid, is milieuvriendelijke en watergedragen. Met behoudt natuurlijke uitstraling.\" \/>\n<meta property=\"og:url\" content=\"https:\/\/partsandpieces.nl\/de\/produkt\/borma-wachs-invisible-touch-2k-farbloser-lack-ultra-matt-0-gu-1-liter\/\" \/>\n<meta property=\"og:site_name\" content=\"Parts &amp; Pieces\" \/>\n<meta property=\"article:modified_time\" content=\"2026-03-01T10:48:31+00:00\" \/>\n<meta property=\"og:image\" content=\"https:\/\/partsandpieces.nl\/wp-content\/uploads\/2025\/06\/Borma-Wachs-Invisible-Touch-2K-Transparante-Lak-Ultra-mat-0-GU.jpg\" \/>\n\t<meta property=\"og:image:width\" content=\"1406\" \/>\n\t<meta property=\"og:image:height\" content=\"1402\" \/>\n\t<meta property=\"og:image:type\" content=\"image\/jpeg\" \/>\n<meta name=\"twitter:card\" content=\"summary_large_image\" \/>\n<meta name=\"twitter:label1\" content=\"Gesch\u00e4tzte Lesezeit\" \/>\n\t<meta name=\"twitter:data1\" content=\"3\u00a0Minuten\" \/>\n<script type=\"application\/ld+json\" class=\"yoast-schema-graph\">{\"@context\":\"https:\\\/\\\/schema.org\",\"@graph\":[{\"@type\":\"WebPage\",\"@id\":\"https:\\\/\\\/partsandpieces.nl\\\/product\\\/borma-wachs-invisible-touch-2k-kleurloos-lak-ultra-mat-0-gu-1-liter\\\/\",\"url\":\"https:\\\/\\\/partsandpieces.nl\\\/product\\\/borma-wachs-invisible-touch-2k-kleurloos-lak-ultra-mat-0-gu-1-liter\\\/\",\"name\":\"2K Kleurloos Lak mat (0 GU) 1 liter van Borma Wachs\",\"isPartOf\":{\"@id\":\"https:\\\/\\\/partsandpieces.nl\\\/#website\"},\"primaryImageOfPage\":{\"@id\":\"https:\\\/\\\/partsandpieces.nl\\\/product\\\/borma-wachs-invisible-touch-2k-kleurloos-lak-ultra-mat-0-gu-1-liter\\\/#primaryimage\"},\"image\":{\"@id\":\"https:\\\/\\\/partsandpieces.nl\\\/product\\\/borma-wachs-invisible-touch-2k-kleurloos-lak-ultra-mat-0-gu-1-liter\\\/#primaryimage\"},\"thumbnailUrl\":\"https:\\\/\\\/partsandpieces.nl\\\/wp-content\\\/uploads\\\/2025\\\/06\\\/Borma-Wachs-Invisible-Touch-2K-Transparante-Lak-Ultra-mat-0-GU.jpg\",\"datePublished\":\"2025-06-25T11:18:17+00:00\",\"dateModified\":\"2026-03-01T10:48:31+00:00\",\"description\":\"Borma Wachs 2K Kleurloos Lak Ultra mat (0 glans) heeft een hoge slijtvastheid, is milieuvriendelijke en watergedragen. Met behoudt natuurlijke uitstraling.\",\"breadcrumb\":{\"@id\":\"https:\\\/\\\/partsandpieces.nl\\\/product\\\/borma-wachs-invisible-touch-2k-kleurloos-lak-ultra-mat-0-gu-1-liter\\\/#breadcrumb\"},\"inLanguage\":\"de\",\"potentialAction\":[{\"@type\":\"ReadAction\",\"target\":[\"https:\\\/\\\/partsandpieces.nl\\\/product\\\/borma-wachs-invisible-touch-2k-kleurloos-lak-ultra-mat-0-gu-1-liter\\\/\"]}]},{\"@type\":\"ImageObject\",\"inLanguage\":\"de\",\"@id\":\"https:\\\/\\\/partsandpieces.nl\\\/product\\\/borma-wachs-invisible-touch-2k-kleurloos-lak-ultra-mat-0-gu-1-liter\\\/#primaryimage\",\"url\":\"https:\\\/\\\/partsandpieces.nl\\\/wp-content\\\/uploads\\\/2025\\\/06\\\/Borma-Wachs-Invisible-Touch-2K-Transparante-Lak-Ultra-mat-0-GU.jpg\",\"contentUrl\":\"https:\\\/\\\/partsandpieces.nl\\\/wp-content\\\/uploads\\\/2025\\\/06\\\/Borma-Wachs-Invisible-Touch-2K-Transparante-Lak-Ultra-mat-0-GU.jpg\",\"width\":1406,\"height\":1402,\"caption\":\"Borma Wachs Invisible Touch 2K kleurloos lak ultra mat (0 GU) 1 liter\"},{\"@type\":\"BreadcrumbList\",\"@id\":\"https:\\\/\\\/partsandpieces.nl\\\/product\\\/borma-wachs-invisible-touch-2k-kleurloos-lak-ultra-mat-0-gu-1-liter\\\/#breadcrumb\",\"itemListElement\":[{\"@type\":\"ListItem\",\"position\":1,\"name\":\"Home\",\"item\":\"https:\\\/\\\/partsandpieces.nl\\\/home\\\/\"},{\"@type\":\"ListItem\",\"position\":2,\"name\":\"Winkel\",\"item\":\"https:\\\/\\\/partsandpieces.nl\\\/winkel\\\/\"},{\"@type\":\"ListItem\",\"position\":3,\"name\":\"Borma Wachs Invisible Touch 2K Kleurloos Lak Ultra mat (0 GU) 1 liter\"}]},{\"@type\":\"WebSite\",\"@id\":\"https:\\\/\\\/partsandpieces.nl\\\/#website\",\"url\":\"https:\\\/\\\/partsandpieces.nl\\\/\",\"name\":\"Parts &amp; Pieces\",\"description\":\"Alles voor uw meubelrestauratie en -onderhoud!\",\"potentialAction\":[{\"@type\":\"SearchAction\",\"target\":{\"@type\":\"EntryPoint\",\"urlTemplate\":\"https:\\\/\\\/partsandpieces.nl\\\/?s={search_term_string}\"},\"query-input\":{\"@type\":\"PropertyValueSpecification\",\"valueRequired\":true,\"valueName\":\"search_term_string\"}}],\"inLanguage\":\"de\"}]}<\/script>\n<!-- \/ Yoast SEO plugin. -->","yoast_head_json":{"title":"2K Farbloser Lack matt (0 GU) 1 Liter von Borma Wachs","description":"Borma Wachs 2K Farbloser Lack Ultramatt (0 Glanz) hat eine hohe Verschlei\u00dffestigkeit, ist umweltfreundlich und auf Wasserbasis. Beh\u00e4lt sein nat\u00fcrliches Aussehen.","robots":{"index":"index","follow":"follow","max-snippet":"max-snippet:-1","max-image-preview":"max-image-preview:large","max-video-preview":"max-video-preview:-1"},"canonical":"https:\/\/partsandpieces.nl\/de\/produkt\/borma-wachs-invisible-touch-2k-farbloser-lack-ultra-matt-0-gu-1-liter\/","og_locale":"de_DE","og_type":"article","og_title":"2K Kleurloos Lak mat (0 GU) 1 liter van Borma Wachs","og_description":"Borma Wachs 2K Kleurloos Lak Ultra mat (0 glans) heeft een hoge slijtvastheid, is milieuvriendelijke en watergedragen. Met behoudt natuurlijke uitstraling.","og_url":"https:\/\/partsandpieces.nl\/de\/produkt\/borma-wachs-invisible-touch-2k-farbloser-lack-ultra-matt-0-gu-1-liter\/","og_site_name":"Parts &amp; Pieces","article_modified_time":"2026-03-01T10:48:31+00:00","og_image":[{"width":1406,"height":1402,"url":"https:\/\/partsandpieces.nl\/wp-content\/uploads\/2025\/06\/Borma-Wachs-Invisible-Touch-2K-Transparante-Lak-Ultra-mat-0-GU.jpg","type":"image\/jpeg"}],"twitter_card":"summary_large_image","twitter_misc":{"Gesch\u00e4tzte Lesezeit":"3\u00a0Minuten"},"schema":{"@context":"https:\/\/schema.org","@graph":[{"@type":"WebPage","@id":"https:\/\/partsandpieces.nl\/product\/borma-wachs-invisible-touch-2k-kleurloos-lak-ultra-mat-0-gu-1-liter\/","url":"https:\/\/partsandpieces.nl\/product\/borma-wachs-invisible-touch-2k-kleurloos-lak-ultra-mat-0-gu-1-liter\/","name":"2K Farbloser Lack matt (0 GU) 1 Liter von Borma Wachs","isPartOf":{"@id":"https:\/\/partsandpieces.nl\/#website"},"primaryImageOfPage":{"@id":"https:\/\/partsandpieces.nl\/product\/borma-wachs-invisible-touch-2k-kleurloos-lak-ultra-mat-0-gu-1-liter\/#primaryimage"},"image":{"@id":"https:\/\/partsandpieces.nl\/product\/borma-wachs-invisible-touch-2k-kleurloos-lak-ultra-mat-0-gu-1-liter\/#primaryimage"},"thumbnailUrl":"https:\/\/partsandpieces.nl\/wp-content\/uploads\/2025\/06\/Borma-Wachs-Invisible-Touch-2K-Transparante-Lak-Ultra-mat-0-GU.jpg","datePublished":"2025-06-25T11:18:17+00:00","dateModified":"2026-03-01T10:48:31+00:00","description":"Borma Wachs 2K Farbloser Lack Ultramatt (0 Glanz) hat eine hohe Verschlei\u00dffestigkeit, ist umweltfreundlich und auf Wasserbasis. Beh\u00e4lt sein nat\u00fcrliches Aussehen.","breadcrumb":{"@id":"https:\/\/partsandpieces.nl\/product\/borma-wachs-invisible-touch-2k-kleurloos-lak-ultra-mat-0-gu-1-liter\/#breadcrumb"},"inLanguage":"de","potentialAction":[{"@type":"ReadAction","target":["https:\/\/partsandpieces.nl\/product\/borma-wachs-invisible-touch-2k-kleurloos-lak-ultra-mat-0-gu-1-liter\/"]}]},{"@type":"ImageObject","inLanguage":"de","@id":"https:\/\/partsandpieces.nl\/product\/borma-wachs-invisible-touch-2k-kleurloos-lak-ultra-mat-0-gu-1-liter\/#primaryimage","url":"https:\/\/partsandpieces.nl\/wp-content\/uploads\/2025\/06\/Borma-Wachs-Invisible-Touch-2K-Transparante-Lak-Ultra-mat-0-GU.jpg","contentUrl":"https:\/\/partsandpieces.nl\/wp-content\/uploads\/2025\/06\/Borma-Wachs-Invisible-Touch-2K-Transparante-Lak-Ultra-mat-0-GU.jpg","width":1406,"height":1402,"caption":"Borma Wachs Invisible Touch 2K kleurloos lak ultra mat (0 GU) 1 liter"},{"@type":"BreadcrumbList","@id":"https:\/\/partsandpieces.nl\/product\/borma-wachs-invisible-touch-2k-kleurloos-lak-ultra-mat-0-gu-1-liter\/#breadcrumb","itemListElement":[{"@type":"ListItem","position":1,"name":"Home","item":"https:\/\/partsandpieces.nl\/home\/"},{"@type":"ListItem","position":2,"name":"Winkel","item":"https:\/\/partsandpieces.nl\/winkel\/"},{"@type":"ListItem","position":3,"name":"Borma Wachs Invisible Touch 2K Kleurloos Lak Ultra mat (0 GU) 1 liter"}]},{"@type":"WebSite","@id":"https:\/\/partsandpieces.nl\/#website","url":"https:\/\/partsandpieces.nl\/","name":"Teile &amp; St\u00fccke","description":"Alles f\u00fcr Ihre M\u00f6belrestaurierung und -pflege!","potentialAction":[{"@type":"SearchAction","target":{"@type":"EntryPoint","urlTemplate":"https:\/\/partsandpieces.nl\/?s={search_term_string}"},"query-input":{"@type":"PropertyValueSpecification","valueRequired":true,"valueName":"search_term_string"}}],"inLanguage":"de"}]}},"_links":{"self":[{"href":"https:\/\/partsandpieces.nl\/de\/wp-json\/wp\/v2\/product\/11959","targetHints":{"allow":["GET"]}}],"collection":[{"href":"https:\/\/partsandpieces.nl\/de\/wp-json\/wp\/v2\/product"}],"about":[{"href":"https:\/\/partsandpieces.nl\/de\/wp-json\/wp\/v2\/types\/product"}],"wp:featuredmedia":[{"embeddable":true,"href":"https:\/\/partsandpieces.nl\/de\/wp-json\/wp\/v2\/media\/11964"}],"wp:attachment":[{"href":"https:\/\/partsandpieces.nl\/de\/wp-json\/wp\/v2\/media?parent=11959"}],"wp:term":[{"taxonomy":"product_brand","embeddable":true,"href":"https:\/\/partsandpieces.nl\/de\/wp-json\/wp\/v2\/product_brand?post=11959"},{"taxonomy":"product_cat","embeddable":true,"href":"https:\/\/partsandpieces.nl\/de\/wp-json\/wp\/v2\/product_cat?post=11959"},{"taxonomy":"product_tag","embeddable":true,"href":"https:\/\/partsandpieces.nl\/de\/wp-json\/wp\/v2\/product_tag?post=11959"}],"curies":[{"name":"wp","href":"https:\/\/api.w.org\/{rel}","templated":true}]}}