{"id":1205,"date":"2020-07-31T10:15:29","date_gmt":"2020-07-31T10:15:29","guid":{"rendered":"https:\/\/partsandpieces.bonsaidev.nl\/?product=scharnier-antique-rechts-65x210mm"},"modified":"2025-07-02T20:12:49","modified_gmt":"2025-07-02T18:12:49","slug":"scharnier-bronze-antik-rechts-gros-140x215mm","status":"publish","type":"product","link":"https:\/\/partsandpieces.nl\/de\/product\/scharnier-brons-antiek-rechts-groot-140x215mm\/","title":{"rendered":"Scharnier Bronze antik rechts Gro\u00df 140x215mm"},"content":{"rendered":"<p><strong>Scharnier Bronze antik rechts Gro\u00df 140x215mm<\/strong> ist ein sehr gro\u00dfes und schweres klassisches Scharnier mit Zierknopf f\u00fcr rechte T\u00fcren. Mit diesem M\u00f6belscharnier l\u00e4sst sich eine T\u00fcr ganz einfach aus dem Schrank heben, ohne vorher den Stift zu entfernen oder das Scharnier abzuschrauben. Das Scharnier besteht aus Eisen mit einem antiken Bronze-Finish.<\/p>\n<p><strong>Ma\u00dfe<br \/>\n<\/strong>Scharnier Bronze antik rechts Large 140x215mm hat ein Scharnier von 140mm H\u00f6he und ist in seiner Gesamtheit nicht weniger als 215mm hoch. Die Klingen haben eine H\u00f6he von 70 mm, eine Breite von 22 mm und eine Dicke von 4 mm (zum Fr\u00e4sen). Die Schlinge hat einen Durchmesser von 11 mm.<\/p>\n<p><strong>Bearbeiten<\/strong><br \/>\nSie montieren das Scharnier mit 6 konischen Schrauben. Ich liefere diese Schrauben NICHT.<\/p>","protected":false},"excerpt":{"rendered":"<p>Scharnier Brons antiek rechts Groot 140x215mm is een zeer groot en zwaar klassiek scharnier met sierknop voor rechtsdraaiende deuren. Met dit meubelscharnier is een deur eenvoudig uit de kast te tillen zonder de pen er eerst uit te halen of het scharnier los te hoeven schroeven. Het scharnier is gemaakt van ijzer met een antieke [&hellip;]<\/p>\n","protected":false},"featured_media":7865,"template":"","meta":{"_acf_changed":false},"product_brand":[],"product_cat":[45,23],"product_tag":[],"class_list":{"0":"post-1205","1":"product","2":"type-product","3":"status-publish","4":"has-post-thumbnail","6":"product_cat-antieke-scharnieren","7":"product_cat-meubelbeslag","9":"first","10":"instock","11":"taxable","12":"shipping-taxable","13":"purchasable","14":"product-type-simple"},"acf":[],"yoast_head":"<!-- This site is optimized with the Yoast SEO plugin v27.3 - https:\/\/yoast.com\/product\/yoast-seo-wordpress\/ -->\n<title>Scharnier Brons rechts Groot 140x215mm antiek<\/title>\n<meta name=\"description\" content=\"Scharnier Brons antiek rechts Groot 140x215mm is een zeer groot en zwaar klassiek scharnier met sierknop voor rechtsdraaiende deuren.\" \/>\n<meta name=\"robots\" content=\"index, follow, max-snippet:-1, max-image-preview:large, max-video-preview:-1\" \/>\n<link rel=\"canonical\" href=\"https:\/\/partsandpieces.nl\/de\/produkt\/scharnier-bronze-antik-rechts-gros-140x215mm\/\" \/>\n<meta property=\"og:locale\" content=\"de_DE\" \/>\n<meta property=\"og:type\" content=\"article\" \/>\n<meta property=\"og:title\" content=\"Scharnier Brons rechts Groot 140x215mm antiek\" \/>\n<meta property=\"og:description\" content=\"Scharnier Brons antiek rechts Groot 140x215mm is een zeer groot en zwaar klassiek scharnier met sierknop voor rechtsdraaiende deuren.\" \/>\n<meta property=\"og:url\" content=\"https:\/\/partsandpieces.nl\/de\/produkt\/scharnier-bronze-antik-rechts-gros-140x215mm\/\" \/>\n<meta property=\"og:site_name\" content=\"Parts &amp; Pieces\" \/>\n<meta property=\"article:modified_time\" content=\"2025-07-02T18:12:49+00:00\" \/>\n<meta property=\"og:image\" content=\"https:\/\/partsandpieces.nl\/wp-content\/uploads\/2020\/07\/Scharnier-Brons-antiek-rechts-Groot-140x215mm.jpg\" \/>\n\t<meta property=\"og:image:width\" content=\"480\" \/>\n\t<meta property=\"og:image:height\" content=\"480\" \/>\n\t<meta property=\"og:image:type\" content=\"image\/jpeg\" \/>\n<meta name=\"twitter:card\" content=\"summary_large_image\" \/>\n<meta name=\"twitter:label1\" content=\"Gesch\u00e4tzte Lesezeit\" \/>\n\t<meta name=\"twitter:data1\" content=\"1\u00a0Minute\" \/>\n<script type=\"application\/ld+json\" class=\"yoast-schema-graph\">{\"@context\":\"https:\\\/\\\/schema.org\",\"@graph\":[{\"@type\":\"WebPage\",\"@id\":\"https:\\\/\\\/partsandpieces.nl\\\/product\\\/scharnier-brons-antiek-rechts-groot-140x215mm\\\/\",\"url\":\"https:\\\/\\\/partsandpieces.nl\\\/product\\\/scharnier-brons-antiek-rechts-groot-140x215mm\\\/\",\"name\":\"Scharnier Brons rechts Groot 140x215mm antiek\",\"isPartOf\":{\"@id\":\"https:\\\/\\\/partsandpieces.nl\\\/#website\"},\"primaryImageOfPage\":{\"@id\":\"https:\\\/\\\/partsandpieces.nl\\\/product\\\/scharnier-brons-antiek-rechts-groot-140x215mm\\\/#primaryimage\"},\"image\":{\"@id\":\"https:\\\/\\\/partsandpieces.nl\\\/product\\\/scharnier-brons-antiek-rechts-groot-140x215mm\\\/#primaryimage\"},\"thumbnailUrl\":\"https:\\\/\\\/partsandpieces.nl\\\/wp-content\\\/uploads\\\/2020\\\/07\\\/Scharnier-Brons-antiek-rechts-Groot-140x215mm.jpg\",\"datePublished\":\"2020-07-31T10:15:29+00:00\",\"dateModified\":\"2025-07-02T18:12:49+00:00\",\"description\":\"Scharnier Brons antiek rechts Groot 140x215mm is een zeer groot en zwaar klassiek scharnier met sierknop voor rechtsdraaiende deuren.\",\"breadcrumb\":{\"@id\":\"https:\\\/\\\/partsandpieces.nl\\\/product\\\/scharnier-brons-antiek-rechts-groot-140x215mm\\\/#breadcrumb\"},\"inLanguage\":\"de\",\"potentialAction\":[{\"@type\":\"ReadAction\",\"target\":[\"https:\\\/\\\/partsandpieces.nl\\\/product\\\/scharnier-brons-antiek-rechts-groot-140x215mm\\\/\"]}]},{\"@type\":\"ImageObject\",\"inLanguage\":\"de\",\"@id\":\"https:\\\/\\\/partsandpieces.nl\\\/product\\\/scharnier-brons-antiek-rechts-groot-140x215mm\\\/#primaryimage\",\"url\":\"https:\\\/\\\/partsandpieces.nl\\\/wp-content\\\/uploads\\\/2020\\\/07\\\/Scharnier-Brons-antiek-rechts-Groot-140x215mm.jpg\",\"contentUrl\":\"https:\\\/\\\/partsandpieces.nl\\\/wp-content\\\/uploads\\\/2020\\\/07\\\/Scharnier-Brons-antiek-rechts-Groot-140x215mm.jpg\",\"width\":480,\"height\":480,\"caption\":\"Scharnier Brons antiek rechts Groot 140x215mm\"},{\"@type\":\"BreadcrumbList\",\"@id\":\"https:\\\/\\\/partsandpieces.nl\\\/product\\\/scharnier-brons-antiek-rechts-groot-140x215mm\\\/#breadcrumb\",\"itemListElement\":[{\"@type\":\"ListItem\",\"position\":1,\"name\":\"Home\",\"item\":\"https:\\\/\\\/partsandpieces.nl\\\/home\\\/\"},{\"@type\":\"ListItem\",\"position\":2,\"name\":\"Winkel\",\"item\":\"https:\\\/\\\/partsandpieces.nl\\\/winkel\\\/\"},{\"@type\":\"ListItem\",\"position\":3,\"name\":\"Scharnier Brons antiek rechts Groot 140x215mm\"}]},{\"@type\":\"WebSite\",\"@id\":\"https:\\\/\\\/partsandpieces.nl\\\/#website\",\"url\":\"https:\\\/\\\/partsandpieces.nl\\\/\",\"name\":\"Parts &amp; Pieces\",\"description\":\"Alles voor uw meubelrestauratie en -onderhoud!\",\"potentialAction\":[{\"@type\":\"SearchAction\",\"target\":{\"@type\":\"EntryPoint\",\"urlTemplate\":\"https:\\\/\\\/partsandpieces.nl\\\/?s={search_term_string}\"},\"query-input\":{\"@type\":\"PropertyValueSpecification\",\"valueRequired\":true,\"valueName\":\"search_term_string\"}}],\"inLanguage\":\"de\"}]}<\/script>\n<!-- \/ Yoast SEO plugin. -->","yoast_head_json":{"title":"Scharnier Bronze rechts gro\u00df 140x215mm antik","description":"Scharnier Bronze antik rechts Large 140x215mm ist ein sehr gro\u00dfes und schweres klassisches Scharnier mit Zierknopf f\u00fcr rechtsh\u00e4ndige T\u00fcren.","robots":{"index":"index","follow":"follow","max-snippet":"max-snippet:-1","max-image-preview":"max-image-preview:large","max-video-preview":"max-video-preview:-1"},"canonical":"https:\/\/partsandpieces.nl\/de\/produkt\/scharnier-bronze-antik-rechts-gros-140x215mm\/","og_locale":"de_DE","og_type":"article","og_title":"Scharnier Brons rechts Groot 140x215mm antiek","og_description":"Scharnier Brons antiek rechts Groot 140x215mm is een zeer groot en zwaar klassiek scharnier met sierknop voor rechtsdraaiende deuren.","og_url":"https:\/\/partsandpieces.nl\/de\/produkt\/scharnier-bronze-antik-rechts-gros-140x215mm\/","og_site_name":"Parts &amp; Pieces","article_modified_time":"2025-07-02T18:12:49+00:00","og_image":[{"width":480,"height":480,"url":"https:\/\/partsandpieces.nl\/wp-content\/uploads\/2020\/07\/Scharnier-Brons-antiek-rechts-Groot-140x215mm.jpg","type":"image\/jpeg"}],"twitter_card":"summary_large_image","twitter_misc":{"Gesch\u00e4tzte Lesezeit":"1\u00a0Minute"},"schema":{"@context":"https:\/\/schema.org","@graph":[{"@type":"WebPage","@id":"https:\/\/partsandpieces.nl\/product\/scharnier-brons-antiek-rechts-groot-140x215mm\/","url":"https:\/\/partsandpieces.nl\/product\/scharnier-brons-antiek-rechts-groot-140x215mm\/","name":"Scharnier Bronze rechts gro\u00df 140x215mm antik","isPartOf":{"@id":"https:\/\/partsandpieces.nl\/#website"},"primaryImageOfPage":{"@id":"https:\/\/partsandpieces.nl\/product\/scharnier-brons-antiek-rechts-groot-140x215mm\/#primaryimage"},"image":{"@id":"https:\/\/partsandpieces.nl\/product\/scharnier-brons-antiek-rechts-groot-140x215mm\/#primaryimage"},"thumbnailUrl":"https:\/\/partsandpieces.nl\/wp-content\/uploads\/2020\/07\/Scharnier-Brons-antiek-rechts-Groot-140x215mm.jpg","datePublished":"2020-07-31T10:15:29+00:00","dateModified":"2025-07-02T18:12:49+00:00","description":"Scharnier Bronze antik rechts Large 140x215mm ist ein sehr gro\u00dfes und schweres klassisches Scharnier mit Zierknopf f\u00fcr rechtsh\u00e4ndige T\u00fcren.","breadcrumb":{"@id":"https:\/\/partsandpieces.nl\/product\/scharnier-brons-antiek-rechts-groot-140x215mm\/#breadcrumb"},"inLanguage":"de","potentialAction":[{"@type":"ReadAction","target":["https:\/\/partsandpieces.nl\/product\/scharnier-brons-antiek-rechts-groot-140x215mm\/"]}]},{"@type":"ImageObject","inLanguage":"de","@id":"https:\/\/partsandpieces.nl\/product\/scharnier-brons-antiek-rechts-groot-140x215mm\/#primaryimage","url":"https:\/\/partsandpieces.nl\/wp-content\/uploads\/2020\/07\/Scharnier-Brons-antiek-rechts-Groot-140x215mm.jpg","contentUrl":"https:\/\/partsandpieces.nl\/wp-content\/uploads\/2020\/07\/Scharnier-Brons-antiek-rechts-Groot-140x215mm.jpg","width":480,"height":480,"caption":"Scharnier Brons antiek rechts Groot 140x215mm"},{"@type":"BreadcrumbList","@id":"https:\/\/partsandpieces.nl\/product\/scharnier-brons-antiek-rechts-groot-140x215mm\/#breadcrumb","itemListElement":[{"@type":"ListItem","position":1,"name":"Home","item":"https:\/\/partsandpieces.nl\/home\/"},{"@type":"ListItem","position":2,"name":"Winkel","item":"https:\/\/partsandpieces.nl\/winkel\/"},{"@type":"ListItem","position":3,"name":"Scharnier Brons antiek rechts Groot 140x215mm"}]},{"@type":"WebSite","@id":"https:\/\/partsandpieces.nl\/#website","url":"https:\/\/partsandpieces.nl\/","name":"Teile &amp; St\u00fccke","description":"Alles f\u00fcr Ihre M\u00f6belrestaurierung und -pflege!","potentialAction":[{"@type":"SearchAction","target":{"@type":"EntryPoint","urlTemplate":"https:\/\/partsandpieces.nl\/?s={search_term_string}"},"query-input":{"@type":"PropertyValueSpecification","valueRequired":true,"valueName":"search_term_string"}}],"inLanguage":"de"}]}},"_links":{"self":[{"href":"https:\/\/partsandpieces.nl\/de\/wp-json\/wp\/v2\/product\/1205","targetHints":{"allow":["GET"]}}],"collection":[{"href":"https:\/\/partsandpieces.nl\/de\/wp-json\/wp\/v2\/product"}],"about":[{"href":"https:\/\/partsandpieces.nl\/de\/wp-json\/wp\/v2\/types\/product"}],"wp:featuredmedia":[{"embeddable":true,"href":"https:\/\/partsandpieces.nl\/de\/wp-json\/wp\/v2\/media\/7865"}],"wp:attachment":[{"href":"https:\/\/partsandpieces.nl\/de\/wp-json\/wp\/v2\/media?parent=1205"}],"wp:term":[{"taxonomy":"product_brand","embeddable":true,"href":"https:\/\/partsandpieces.nl\/de\/wp-json\/wp\/v2\/product_brand?post=1205"},{"taxonomy":"product_cat","embeddable":true,"href":"https:\/\/partsandpieces.nl\/de\/wp-json\/wp\/v2\/product_cat?post=1205"},{"taxonomy":"product_tag","embeddable":true,"href":"https:\/\/partsandpieces.nl\/de\/wp-json\/wp\/v2\/product_tag?post=1205"}],"curies":[{"name":"wp","href":"https:\/\/api.w.org\/{rel}","templated":true}]}}