{"id":1211,"date":"2020-07-31T10:34:56","date_gmt":"2020-07-31T08:34:56","guid":{"rendered":"https:\/\/partsandpieces.bonsaidev.nl\/?product=scharnier-brass-left-70x140"},"modified":"2026-01-29T13:28:15","modified_gmt":"2026-01-29T12:28:15","slug":"scharnier-messing-antik-links-70x140mm","status":"publish","type":"product","link":"https:\/\/partsandpieces.nl\/de\/product\/scharnier-messing-antiek-links-70x140mm\/","title":{"rendered":"Scharnier Messing antik links 70x140mm"},"content":{"rendered":"<p><strong>Scharnier Messing antik links 70x140mm<\/strong> ist ein klassisches Scharnier mit Zierknopf f\u00fcr linksh\u00e4ndige T\u00fcren. Mit diesem M\u00f6belscharnier l\u00e4sst sich eine T\u00fcr ganz einfach aus dem Schrank heben, ohne vorher den Stift zu entfernen oder das Scharnier abzuschrauben. Das Scharnier besteht aus Eisen mit einer antiken Messingoberfl\u00e4che.<\/p>\n<p>Dieses hochwertige Scharnier wird in Italien hergestellt.<\/p>\n<p><strong>Ma\u00dfe<br \/>\n<\/strong>Scharnier Messing antik links 70x140mm hat ein Scharnier von 70mm H\u00f6he und ist insgesamt 140mm hoch. Die Platten haben eine H\u00f6he von 35 mm, eine Breite von 30 mm und eine Dicke von 1 bis 1,5 mm (zum Fr\u00e4sen). Die Schlinge hat einen Durchmesser von 10 mm.<\/p>\n<p><strong>Bearbeiten<\/strong><br \/>\nSie montieren das Scharnier mit 6 konischen Schrauben. Ich liefere diese Schrauben NICHT.<\/p>","protected":false},"excerpt":{"rendered":"<p>Scharnier Messing antiek links 70x140mm is een klassiek scharnier met sierknop voor linksdraaiende deurtjes. Met dit meubelscharnier is een deur eenvoudig uit de kast te tillen zonder de pen er eerst uit te halen of het scharnier los te hoeven schroeven. Het scharnier is gemaakt van ijzer met een antieke messing afwerking. Dit kwalitatief uitstekende [&hellip;]<\/p>\n","protected":false},"featured_media":7404,"template":"","meta":{"_acf_changed":false},"product_brand":[],"product_cat":[45,23],"product_tag":[],"class_list":{"0":"post-1211","1":"product","2":"type-product","3":"status-publish","4":"has-post-thumbnail","6":"product_cat-antieke-scharnieren","7":"product_cat-meubelbeslag","9":"first","10":"instock","11":"taxable","12":"shipping-taxable","13":"purchasable","14":"product-type-simple"},"acf":[],"yoast_head":"<!-- This site is optimized with the Yoast SEO plugin v27.3 - https:\/\/yoast.com\/product\/yoast-seo-wordpress\/ -->\n<title>Scharnier Messing links 70x140mm<\/title>\n<meta name=\"description\" content=\"Scharnier Messing antiek links 70x140mm is een klassiek scharnier met sierknop voor linksdraaiende deurtjes. Is eenvoudig uit de kast te tillen.\" \/>\n<meta name=\"robots\" content=\"index, follow, max-snippet:-1, max-image-preview:large, max-video-preview:-1\" \/>\n<link rel=\"canonical\" href=\"https:\/\/partsandpieces.nl\/de\/produkt\/scharnier-messing-antik-links-70x140mm\/\" \/>\n<meta property=\"og:locale\" content=\"de_DE\" \/>\n<meta property=\"og:type\" content=\"article\" \/>\n<meta property=\"og:title\" content=\"Scharnier Messing links 70x140mm\" \/>\n<meta property=\"og:description\" content=\"Scharnier Messing antiek links 70x140mm is een klassiek scharnier met sierknop voor linksdraaiende deurtjes. Is eenvoudig uit de kast te tillen.\" \/>\n<meta property=\"og:url\" content=\"https:\/\/partsandpieces.nl\/de\/produkt\/scharnier-messing-antik-links-70x140mm\/\" \/>\n<meta property=\"og:site_name\" content=\"Parts &amp; Pieces\" \/>\n<meta property=\"article:modified_time\" content=\"2026-01-29T12:28:15+00:00\" \/>\n<meta property=\"og:image\" content=\"https:\/\/partsandpieces.nl\/wp-content\/uploads\/2020\/07\/Scharnier-Messing-antiek-links-70x140mm.jpg\" \/>\n\t<meta property=\"og:image:width\" content=\"379\" \/>\n\t<meta property=\"og:image:height\" content=\"381\" \/>\n\t<meta property=\"og:image:type\" content=\"image\/jpeg\" \/>\n<meta name=\"twitter:card\" content=\"summary_large_image\" \/>\n<meta name=\"twitter:label1\" content=\"Gesch\u00e4tzte Lesezeit\" \/>\n\t<meta name=\"twitter:data1\" content=\"1\u00a0Minute\" \/>\n<script type=\"application\/ld+json\" class=\"yoast-schema-graph\">{\"@context\":\"https:\\\/\\\/schema.org\",\"@graph\":[{\"@type\":\"WebPage\",\"@id\":\"https:\\\/\\\/partsandpieces.nl\\\/product\\\/scharnier-messing-antiek-links-70x140mm\\\/\",\"url\":\"https:\\\/\\\/partsandpieces.nl\\\/product\\\/scharnier-messing-antiek-links-70x140mm\\\/\",\"name\":\"Scharnier Messing links 70x140mm\",\"isPartOf\":{\"@id\":\"https:\\\/\\\/partsandpieces.nl\\\/#website\"},\"primaryImageOfPage\":{\"@id\":\"https:\\\/\\\/partsandpieces.nl\\\/product\\\/scharnier-messing-antiek-links-70x140mm\\\/#primaryimage\"},\"image\":{\"@id\":\"https:\\\/\\\/partsandpieces.nl\\\/product\\\/scharnier-messing-antiek-links-70x140mm\\\/#primaryimage\"},\"thumbnailUrl\":\"https:\\\/\\\/partsandpieces.nl\\\/wp-content\\\/uploads\\\/2020\\\/07\\\/Scharnier-Messing-antiek-links-70x140mm.jpg\",\"datePublished\":\"2020-07-31T08:34:56+00:00\",\"dateModified\":\"2026-01-29T12:28:15+00:00\",\"description\":\"Scharnier Messing antiek links 70x140mm is een klassiek scharnier met sierknop voor linksdraaiende deurtjes. Is eenvoudig uit de kast te tillen.\",\"breadcrumb\":{\"@id\":\"https:\\\/\\\/partsandpieces.nl\\\/product\\\/scharnier-messing-antiek-links-70x140mm\\\/#breadcrumb\"},\"inLanguage\":\"de\",\"potentialAction\":[{\"@type\":\"ReadAction\",\"target\":[\"https:\\\/\\\/partsandpieces.nl\\\/product\\\/scharnier-messing-antiek-links-70x140mm\\\/\"]}]},{\"@type\":\"ImageObject\",\"inLanguage\":\"de\",\"@id\":\"https:\\\/\\\/partsandpieces.nl\\\/product\\\/scharnier-messing-antiek-links-70x140mm\\\/#primaryimage\",\"url\":\"https:\\\/\\\/partsandpieces.nl\\\/wp-content\\\/uploads\\\/2020\\\/07\\\/Scharnier-Messing-antiek-links-70x140mm.jpg\",\"contentUrl\":\"https:\\\/\\\/partsandpieces.nl\\\/wp-content\\\/uploads\\\/2020\\\/07\\\/Scharnier-Messing-antiek-links-70x140mm.jpg\",\"width\":379,\"height\":381,\"caption\":\"Scharnier Messing antiek links 70x140mm\"},{\"@type\":\"BreadcrumbList\",\"@id\":\"https:\\\/\\\/partsandpieces.nl\\\/product\\\/scharnier-messing-antiek-links-70x140mm\\\/#breadcrumb\",\"itemListElement\":[{\"@type\":\"ListItem\",\"position\":1,\"name\":\"Home\",\"item\":\"https:\\\/\\\/partsandpieces.nl\\\/home\\\/\"},{\"@type\":\"ListItem\",\"position\":2,\"name\":\"Winkel\",\"item\":\"https:\\\/\\\/partsandpieces.nl\\\/winkel\\\/\"},{\"@type\":\"ListItem\",\"position\":3,\"name\":\"Scharnier Messing antiek links 70x140mm\"}]},{\"@type\":\"WebSite\",\"@id\":\"https:\\\/\\\/partsandpieces.nl\\\/#website\",\"url\":\"https:\\\/\\\/partsandpieces.nl\\\/\",\"name\":\"Parts &amp; Pieces\",\"description\":\"Alles voor uw meubelrestauratie en -onderhoud!\",\"potentialAction\":[{\"@type\":\"SearchAction\",\"target\":{\"@type\":\"EntryPoint\",\"urlTemplate\":\"https:\\\/\\\/partsandpieces.nl\\\/?s={search_term_string}\"},\"query-input\":{\"@type\":\"PropertyValueSpecification\",\"valueRequired\":true,\"valueName\":\"search_term_string\"}}],\"inLanguage\":\"de\"}]}<\/script>\n<!-- \/ Yoast SEO plugin. -->","yoast_head_json":{"title":"Scharnier Messing links 70x140mm","description":"Scharnier Messing antik links 70x140mm ist ein klassisches Scharnier mit Zierknopf f\u00fcr linksh\u00e4ndige T\u00fcren. L\u00e4sst sich leicht aus dem Schrank heben.","robots":{"index":"index","follow":"follow","max-snippet":"max-snippet:-1","max-image-preview":"max-image-preview:large","max-video-preview":"max-video-preview:-1"},"canonical":"https:\/\/partsandpieces.nl\/de\/produkt\/scharnier-messing-antik-links-70x140mm\/","og_locale":"de_DE","og_type":"article","og_title":"Scharnier Messing links 70x140mm","og_description":"Scharnier Messing antiek links 70x140mm is een klassiek scharnier met sierknop voor linksdraaiende deurtjes. Is eenvoudig uit de kast te tillen.","og_url":"https:\/\/partsandpieces.nl\/de\/produkt\/scharnier-messing-antik-links-70x140mm\/","og_site_name":"Parts &amp; Pieces","article_modified_time":"2026-01-29T12:28:15+00:00","og_image":[{"width":379,"height":381,"url":"https:\/\/partsandpieces.nl\/wp-content\/uploads\/2020\/07\/Scharnier-Messing-antiek-links-70x140mm.jpg","type":"image\/jpeg"}],"twitter_card":"summary_large_image","twitter_misc":{"Gesch\u00e4tzte Lesezeit":"1\u00a0Minute"},"schema":{"@context":"https:\/\/schema.org","@graph":[{"@type":"WebPage","@id":"https:\/\/partsandpieces.nl\/product\/scharnier-messing-antiek-links-70x140mm\/","url":"https:\/\/partsandpieces.nl\/product\/scharnier-messing-antiek-links-70x140mm\/","name":"Scharnier Messing links 70x140mm","isPartOf":{"@id":"https:\/\/partsandpieces.nl\/#website"},"primaryImageOfPage":{"@id":"https:\/\/partsandpieces.nl\/product\/scharnier-messing-antiek-links-70x140mm\/#primaryimage"},"image":{"@id":"https:\/\/partsandpieces.nl\/product\/scharnier-messing-antiek-links-70x140mm\/#primaryimage"},"thumbnailUrl":"https:\/\/partsandpieces.nl\/wp-content\/uploads\/2020\/07\/Scharnier-Messing-antiek-links-70x140mm.jpg","datePublished":"2020-07-31T08:34:56+00:00","dateModified":"2026-01-29T12:28:15+00:00","description":"Scharnier Messing antik links 70x140mm ist ein klassisches Scharnier mit Zierknopf f\u00fcr linksh\u00e4ndige T\u00fcren. L\u00e4sst sich leicht aus dem Schrank heben.","breadcrumb":{"@id":"https:\/\/partsandpieces.nl\/product\/scharnier-messing-antiek-links-70x140mm\/#breadcrumb"},"inLanguage":"de","potentialAction":[{"@type":"ReadAction","target":["https:\/\/partsandpieces.nl\/product\/scharnier-messing-antiek-links-70x140mm\/"]}]},{"@type":"ImageObject","inLanguage":"de","@id":"https:\/\/partsandpieces.nl\/product\/scharnier-messing-antiek-links-70x140mm\/#primaryimage","url":"https:\/\/partsandpieces.nl\/wp-content\/uploads\/2020\/07\/Scharnier-Messing-antiek-links-70x140mm.jpg","contentUrl":"https:\/\/partsandpieces.nl\/wp-content\/uploads\/2020\/07\/Scharnier-Messing-antiek-links-70x140mm.jpg","width":379,"height":381,"caption":"Scharnier Messing antiek links 70x140mm"},{"@type":"BreadcrumbList","@id":"https:\/\/partsandpieces.nl\/product\/scharnier-messing-antiek-links-70x140mm\/#breadcrumb","itemListElement":[{"@type":"ListItem","position":1,"name":"Home","item":"https:\/\/partsandpieces.nl\/home\/"},{"@type":"ListItem","position":2,"name":"Winkel","item":"https:\/\/partsandpieces.nl\/winkel\/"},{"@type":"ListItem","position":3,"name":"Scharnier Messing antiek links 70x140mm"}]},{"@type":"WebSite","@id":"https:\/\/partsandpieces.nl\/#website","url":"https:\/\/partsandpieces.nl\/","name":"Teile &amp; St\u00fccke","description":"Alles f\u00fcr Ihre M\u00f6belrestaurierung und -pflege!","potentialAction":[{"@type":"SearchAction","target":{"@type":"EntryPoint","urlTemplate":"https:\/\/partsandpieces.nl\/?s={search_term_string}"},"query-input":{"@type":"PropertyValueSpecification","valueRequired":true,"valueName":"search_term_string"}}],"inLanguage":"de"}]}},"_links":{"self":[{"href":"https:\/\/partsandpieces.nl\/de\/wp-json\/wp\/v2\/product\/1211","targetHints":{"allow":["GET"]}}],"collection":[{"href":"https:\/\/partsandpieces.nl\/de\/wp-json\/wp\/v2\/product"}],"about":[{"href":"https:\/\/partsandpieces.nl\/de\/wp-json\/wp\/v2\/types\/product"}],"wp:featuredmedia":[{"embeddable":true,"href":"https:\/\/partsandpieces.nl\/de\/wp-json\/wp\/v2\/media\/7404"}],"wp:attachment":[{"href":"https:\/\/partsandpieces.nl\/de\/wp-json\/wp\/v2\/media?parent=1211"}],"wp:term":[{"taxonomy":"product_brand","embeddable":true,"href":"https:\/\/partsandpieces.nl\/de\/wp-json\/wp\/v2\/product_brand?post=1211"},{"taxonomy":"product_cat","embeddable":true,"href":"https:\/\/partsandpieces.nl\/de\/wp-json\/wp\/v2\/product_cat?post=1211"},{"taxonomy":"product_tag","embeddable":true,"href":"https:\/\/partsandpieces.nl\/de\/wp-json\/wp\/v2\/product_tag?post=1211"}],"curies":[{"name":"wp","href":"https:\/\/api.w.org\/{rel}","templated":true}]}}