{"id":1217,"date":"2020-07-31T10:42:17","date_gmt":"2020-07-31T10:42:17","guid":{"rendered":"https:\/\/partsandpieces.bonsaidev.nl\/?product=schuifdeur-komgreep-25x75mm"},"modified":"2026-03-11T21:05:30","modified_gmt":"2026-03-11T20:05:30","slug":"schiebeturgriff-messing-antik-75x25mm","status":"publish","type":"product","link":"https:\/\/partsandpieces.nl\/de\/product\/schuifdeurgreep-messing-antiek-75x25mm\/","title":{"rendered":"Schiebet\u00fcrgriff Messing Antik 75x25mm"},"content":{"rendered":"<p><strong>Schiebet\u00fcrgriff Messing Antik 75x25mm<\/strong>\u00a0ist ein stabiler Griff aus einer Zinklegierung mit antikem Messingfinish. Dieser gefr\u00e4ste Griff hat eine l\u00e4ngliche Form und kann an einer Schrankt\u00fcr und einer Schiebet\u00fcr verwendet werden.<br \/>\n<strong><br \/>\nMa\u00dfe<br \/>\n<\/strong>Schiebet\u00fcrgriff Messing Antik 75x25mm hat eine Breite von 25mm und eine H\u00f6he von 75mm. Die Fr\u00e4stiefe betr\u00e4gt 9mm.<\/p>\n<p><strong>Bearbeiten<br \/>\n<\/strong>Sie montieren den Griff mit 4 konischen Schrauben. Ich werde dies NICHT liefern.<\/p>","protected":false},"excerpt":{"rendered":"<p>Schuifdeurgreep Messing Antiek 75x25mm\u00a0is een stoere greep gemaakt van een zink legering met een antieke messing afwerking. Deze infreesgreep is langwerpig van vorm en is te gebruiken op een kastdeur en schuifdeur. Afmetingen Schuifdeurgreep Messing Antiek 75x25mm heeft een breedte van 25mm en een hoogte van 75mm. De infrees diepte bedraagt 9mm. Montage Je monteert [&hellip;]<\/p>\n","protected":false},"featured_media":7963,"template":"","meta":{"_acf_changed":false},"product_brand":[],"product_cat":[146,23,46],"product_tag":[],"class_list":{"0":"post-1217","1":"product","2":"type-product","3":"status-publish","4":"has-post-thumbnail","6":"product_cat-infreesgrepen","7":"product_cat-meubelbeslag","8":"product_cat-schuifdeur-grepen","10":"first","11":"instock","12":"taxable","13":"shipping-taxable","14":"purchasable","15":"product-type-simple"},"acf":[],"yoast_head":"<!-- This site is optimized with the Yoast SEO plugin v27.3 - https:\/\/yoast.com\/product\/yoast-seo-wordpress\/ -->\n<title>Schuifdeurgreep Messing Antiek 75x25mm<\/title>\n<meta name=\"description\" content=\"Schuifdeurgreep Messing Antiek 75x25mm\u00a0is een stoere greep met een antieke messing afwerking. Is te gebruiken op een kastdeur en schuifdeur.\" \/>\n<meta name=\"robots\" content=\"index, follow, max-snippet:-1, max-image-preview:large, max-video-preview:-1\" \/>\n<link rel=\"canonical\" href=\"https:\/\/partsandpieces.nl\/de\/produkt\/schiebeturgriff-messing-antik-75x25mm\/\" \/>\n<meta property=\"og:locale\" content=\"de_DE\" \/>\n<meta property=\"og:type\" content=\"article\" \/>\n<meta property=\"og:title\" content=\"Schuifdeurgreep Messing Antiek 75x25mm\" \/>\n<meta property=\"og:description\" content=\"Schuifdeurgreep Messing Antiek 75x25mm\u00a0is een stoere greep met een antieke messing afwerking. Is te gebruiken op een kastdeur en schuifdeur.\" \/>\n<meta property=\"og:url\" content=\"https:\/\/partsandpieces.nl\/de\/produkt\/schiebeturgriff-messing-antik-75x25mm\/\" \/>\n<meta property=\"og:site_name\" content=\"Parts &amp; Pieces\" \/>\n<meta property=\"article:modified_time\" content=\"2026-03-11T20:05:30+00:00\" \/>\n<meta property=\"og:image\" content=\"https:\/\/partsandpieces.nl\/wp-content\/uploads\/2020\/07\/Schuifdeurgreep-Messing-Antiek-75x25mm.jpg\" \/>\n\t<meta property=\"og:image:width\" content=\"399\" \/>\n\t<meta property=\"og:image:height\" content=\"397\" \/>\n\t<meta property=\"og:image:type\" content=\"image\/jpeg\" \/>\n<meta name=\"twitter:card\" content=\"summary_large_image\" \/>\n<meta name=\"twitter:label1\" content=\"Gesch\u00e4tzte Lesezeit\" \/>\n\t<meta name=\"twitter:data1\" content=\"1\u00a0Minute\" \/>\n<script type=\"application\/ld+json\" class=\"yoast-schema-graph\">{\"@context\":\"https:\\\/\\\/schema.org\",\"@graph\":[{\"@type\":\"WebPage\",\"@id\":\"https:\\\/\\\/partsandpieces.nl\\\/product\\\/schuifdeurgreep-messing-antiek-75x25mm\\\/\",\"url\":\"https:\\\/\\\/partsandpieces.nl\\\/product\\\/schuifdeurgreep-messing-antiek-75x25mm\\\/\",\"name\":\"Schuifdeurgreep Messing Antiek 75x25mm\",\"isPartOf\":{\"@id\":\"https:\\\/\\\/partsandpieces.nl\\\/#website\"},\"primaryImageOfPage\":{\"@id\":\"https:\\\/\\\/partsandpieces.nl\\\/product\\\/schuifdeurgreep-messing-antiek-75x25mm\\\/#primaryimage\"},\"image\":{\"@id\":\"https:\\\/\\\/partsandpieces.nl\\\/product\\\/schuifdeurgreep-messing-antiek-75x25mm\\\/#primaryimage\"},\"thumbnailUrl\":\"https:\\\/\\\/partsandpieces.nl\\\/wp-content\\\/uploads\\\/2020\\\/07\\\/Schuifdeurgreep-Messing-Antiek-75x25mm.jpg\",\"datePublished\":\"2020-07-31T10:42:17+00:00\",\"dateModified\":\"2026-03-11T20:05:30+00:00\",\"description\":\"Schuifdeurgreep Messing Antiek 75x25mm\u00a0is een stoere greep met een antieke messing afwerking. Is te gebruiken op een kastdeur en schuifdeur.\",\"breadcrumb\":{\"@id\":\"https:\\\/\\\/partsandpieces.nl\\\/product\\\/schuifdeurgreep-messing-antiek-75x25mm\\\/#breadcrumb\"},\"inLanguage\":\"de\",\"potentialAction\":[{\"@type\":\"ReadAction\",\"target\":[\"https:\\\/\\\/partsandpieces.nl\\\/product\\\/schuifdeurgreep-messing-antiek-75x25mm\\\/\"]}]},{\"@type\":\"ImageObject\",\"inLanguage\":\"de\",\"@id\":\"https:\\\/\\\/partsandpieces.nl\\\/product\\\/schuifdeurgreep-messing-antiek-75x25mm\\\/#primaryimage\",\"url\":\"https:\\\/\\\/partsandpieces.nl\\\/wp-content\\\/uploads\\\/2020\\\/07\\\/Schuifdeurgreep-Messing-Antiek-75x25mm.jpg\",\"contentUrl\":\"https:\\\/\\\/partsandpieces.nl\\\/wp-content\\\/uploads\\\/2020\\\/07\\\/Schuifdeurgreep-Messing-Antiek-75x25mm.jpg\",\"width\":399,\"height\":397,\"caption\":\"Schuifdeurgreep Messing Antiek 75x25mm\"},{\"@type\":\"BreadcrumbList\",\"@id\":\"https:\\\/\\\/partsandpieces.nl\\\/product\\\/schuifdeurgreep-messing-antiek-75x25mm\\\/#breadcrumb\",\"itemListElement\":[{\"@type\":\"ListItem\",\"position\":1,\"name\":\"Home\",\"item\":\"https:\\\/\\\/partsandpieces.nl\\\/home\\\/\"},{\"@type\":\"ListItem\",\"position\":2,\"name\":\"Winkel\",\"item\":\"https:\\\/\\\/partsandpieces.nl\\\/winkel\\\/\"},{\"@type\":\"ListItem\",\"position\":3,\"name\":\"Schuifdeurgreep Messing Antiek 75x25mm\"}]},{\"@type\":\"WebSite\",\"@id\":\"https:\\\/\\\/partsandpieces.nl\\\/#website\",\"url\":\"https:\\\/\\\/partsandpieces.nl\\\/\",\"name\":\"Parts &amp; Pieces\",\"description\":\"Alles voor uw meubelrestauratie en -onderhoud!\",\"potentialAction\":[{\"@type\":\"SearchAction\",\"target\":{\"@type\":\"EntryPoint\",\"urlTemplate\":\"https:\\\/\\\/partsandpieces.nl\\\/?s={search_term_string}\"},\"query-input\":{\"@type\":\"PropertyValueSpecification\",\"valueRequired\":true,\"valueName\":\"search_term_string\"}}],\"inLanguage\":\"de\"}]}<\/script>\n<!-- \/ Yoast SEO plugin. -->","yoast_head_json":{"title":"Schiebet\u00fcrgriff Messing Antik 75x25mm","description":"Der Schiebet\u00fcrgriff Messing Antik 75 x 25 mm ist ein stabiler Griff mit einer antiken Messingoberfl\u00e4che. Kann an einer Schrankt\u00fcr und einer Schiebet\u00fcr verwendet werden.","robots":{"index":"index","follow":"follow","max-snippet":"max-snippet:-1","max-image-preview":"max-image-preview:large","max-video-preview":"max-video-preview:-1"},"canonical":"https:\/\/partsandpieces.nl\/de\/produkt\/schiebeturgriff-messing-antik-75x25mm\/","og_locale":"de_DE","og_type":"article","og_title":"Schuifdeurgreep Messing Antiek 75x25mm","og_description":"Schuifdeurgreep Messing Antiek 75x25mm\u00a0is een stoere greep met een antieke messing afwerking. Is te gebruiken op een kastdeur en schuifdeur.","og_url":"https:\/\/partsandpieces.nl\/de\/produkt\/schiebeturgriff-messing-antik-75x25mm\/","og_site_name":"Parts &amp; Pieces","article_modified_time":"2026-03-11T20:05:30+00:00","og_image":[{"width":399,"height":397,"url":"https:\/\/partsandpieces.nl\/wp-content\/uploads\/2020\/07\/Schuifdeurgreep-Messing-Antiek-75x25mm.jpg","type":"image\/jpeg"}],"twitter_card":"summary_large_image","twitter_misc":{"Gesch\u00e4tzte Lesezeit":"1\u00a0Minute"},"schema":{"@context":"https:\/\/schema.org","@graph":[{"@type":"WebPage","@id":"https:\/\/partsandpieces.nl\/product\/schuifdeurgreep-messing-antiek-75x25mm\/","url":"https:\/\/partsandpieces.nl\/product\/schuifdeurgreep-messing-antiek-75x25mm\/","name":"Schiebet\u00fcrgriff Messing Antik 75x25mm","isPartOf":{"@id":"https:\/\/partsandpieces.nl\/#website"},"primaryImageOfPage":{"@id":"https:\/\/partsandpieces.nl\/product\/schuifdeurgreep-messing-antiek-75x25mm\/#primaryimage"},"image":{"@id":"https:\/\/partsandpieces.nl\/product\/schuifdeurgreep-messing-antiek-75x25mm\/#primaryimage"},"thumbnailUrl":"https:\/\/partsandpieces.nl\/wp-content\/uploads\/2020\/07\/Schuifdeurgreep-Messing-Antiek-75x25mm.jpg","datePublished":"2020-07-31T10:42:17+00:00","dateModified":"2026-03-11T20:05:30+00:00","description":"Der Schiebet\u00fcrgriff Messing Antik 75 x 25 mm ist ein stabiler Griff mit einer antiken Messingoberfl\u00e4che. Kann an einer Schrankt\u00fcr und einer Schiebet\u00fcr verwendet werden.","breadcrumb":{"@id":"https:\/\/partsandpieces.nl\/product\/schuifdeurgreep-messing-antiek-75x25mm\/#breadcrumb"},"inLanguage":"de","potentialAction":[{"@type":"ReadAction","target":["https:\/\/partsandpieces.nl\/product\/schuifdeurgreep-messing-antiek-75x25mm\/"]}]},{"@type":"ImageObject","inLanguage":"de","@id":"https:\/\/partsandpieces.nl\/product\/schuifdeurgreep-messing-antiek-75x25mm\/#primaryimage","url":"https:\/\/partsandpieces.nl\/wp-content\/uploads\/2020\/07\/Schuifdeurgreep-Messing-Antiek-75x25mm.jpg","contentUrl":"https:\/\/partsandpieces.nl\/wp-content\/uploads\/2020\/07\/Schuifdeurgreep-Messing-Antiek-75x25mm.jpg","width":399,"height":397,"caption":"Schuifdeurgreep Messing Antiek 75x25mm"},{"@type":"BreadcrumbList","@id":"https:\/\/partsandpieces.nl\/product\/schuifdeurgreep-messing-antiek-75x25mm\/#breadcrumb","itemListElement":[{"@type":"ListItem","position":1,"name":"Home","item":"https:\/\/partsandpieces.nl\/home\/"},{"@type":"ListItem","position":2,"name":"Winkel","item":"https:\/\/partsandpieces.nl\/winkel\/"},{"@type":"ListItem","position":3,"name":"Schuifdeurgreep Messing Antiek 75x25mm"}]},{"@type":"WebSite","@id":"https:\/\/partsandpieces.nl\/#website","url":"https:\/\/partsandpieces.nl\/","name":"Teile &amp; St\u00fccke","description":"Alles f\u00fcr Ihre M\u00f6belrestaurierung und -pflege!","potentialAction":[{"@type":"SearchAction","target":{"@type":"EntryPoint","urlTemplate":"https:\/\/partsandpieces.nl\/?s={search_term_string}"},"query-input":{"@type":"PropertyValueSpecification","valueRequired":true,"valueName":"search_term_string"}}],"inLanguage":"de"}]}},"_links":{"self":[{"href":"https:\/\/partsandpieces.nl\/de\/wp-json\/wp\/v2\/product\/1217","targetHints":{"allow":["GET"]}}],"collection":[{"href":"https:\/\/partsandpieces.nl\/de\/wp-json\/wp\/v2\/product"}],"about":[{"href":"https:\/\/partsandpieces.nl\/de\/wp-json\/wp\/v2\/types\/product"}],"wp:featuredmedia":[{"embeddable":true,"href":"https:\/\/partsandpieces.nl\/de\/wp-json\/wp\/v2\/media\/7963"}],"wp:attachment":[{"href":"https:\/\/partsandpieces.nl\/de\/wp-json\/wp\/v2\/media?parent=1217"}],"wp:term":[{"taxonomy":"product_brand","embeddable":true,"href":"https:\/\/partsandpieces.nl\/de\/wp-json\/wp\/v2\/product_brand?post=1217"},{"taxonomy":"product_cat","embeddable":true,"href":"https:\/\/partsandpieces.nl\/de\/wp-json\/wp\/v2\/product_cat?post=1217"},{"taxonomy":"product_tag","embeddable":true,"href":"https:\/\/partsandpieces.nl\/de\/wp-json\/wp\/v2\/product_tag?post=1217"}],"curies":[{"name":"wp","href":"https:\/\/api.w.org\/{rel}","templated":true}]}}