{"id":1218,"date":"2020-07-31T10:45:30","date_gmt":"2020-07-31T10:45:30","guid":{"rendered":"https:\/\/partsandpieces.bonsaidev.nl\/?product=schuifdeur-greep-chrome-37x95mm"},"modified":"2026-01-20T09:45:34","modified_gmt":"2026-01-20T08:45:34","slug":"schiebeturgriff-chrom-gestanzt-36x95mm","status":"publish","type":"product","link":"https:\/\/partsandpieces.nl\/de\/product\/schuifdeurgreep-chroom-gestanst-36x95mm\/","title":{"rendered":"Schiebet\u00fcrgriff Chrom gestanzt 36x95mm"},"content":{"rendered":"<p><strong>Schiebet\u00fcrgriff Chrom gestanzt 36x95mm<\/strong> ist ein wundersch\u00f6ner Griff mit gl\u00e4nzender Chromoberfl\u00e4che. Dieser gefr\u00e4ste Griff hat eine l\u00e4ngliche Form und kann an einer Schrankt\u00fcr und einer Schiebet\u00fcr verwendet werden.<br \/>\n<strong><br \/>\nMa\u00dfe<br \/>\n<\/strong>Schiebet\u00fcrgriff Chrom gestanzt 36x95mm hat eine Breite von 36mm und eine H\u00f6he von 95mm. Die Fr\u00e4stiefe betr\u00e4gt 7mm.<\/p>\n<p><strong>Bearbeiten<br \/>\n<\/strong>Sie montieren den Griff mit 4 Schrauben. Ich werde dies NICHT liefern.<\/p>","protected":false},"excerpt":{"rendered":"<p>Schuifdeurgreep Chroom gestanst 36x95mm is een mooie greep met een glanzende chroomkleurige afwerking. Deze infreesgreep is langwerpig van vorm en is te gebruiken op een kastdeur en schuifdeur. Afmetingen Schuifdeurgreep Chroom gestanst 36x95mm heeft een breedte van 36mm en een hoogte van 95mm. De infrees diepte bedraagt 7mm. Montage Je monteert de greep met 4 [&hellip;]<\/p>\n","protected":false},"featured_media":8078,"template":"","meta":{"_acf_changed":false},"product_brand":[],"product_cat":[146,23,46],"product_tag":[],"class_list":{"0":"post-1218","1":"product","2":"type-product","3":"status-publish","4":"has-post-thumbnail","6":"product_cat-infreesgrepen","7":"product_cat-meubelbeslag","8":"product_cat-schuifdeur-grepen","10":"first","11":"instock","12":"taxable","13":"shipping-taxable","14":"purchasable","15":"product-type-simple"},"acf":[],"yoast_head":"<!-- This site is optimized with the Yoast SEO plugin v27.3 - https:\/\/yoast.com\/product\/yoast-seo-wordpress\/ -->\n<title>Schuifdeurgreep Chroom gestanst 36x95mm<\/title>\n<meta name=\"description\" content=\"Schuifdeurgreep Chroom gestanst 36x95mm is een mooie greep met een glanzende chroomkleurige afwerking. Deze infreesgreep is langwerpig van vorm.\" \/>\n<meta name=\"robots\" content=\"index, follow, max-snippet:-1, max-image-preview:large, max-video-preview:-1\" \/>\n<link rel=\"canonical\" href=\"https:\/\/partsandpieces.nl\/de\/produkt\/schiebeturgriff-chrom-gestanzt-36x95mm\/\" \/>\n<meta property=\"og:locale\" content=\"de_DE\" \/>\n<meta property=\"og:type\" content=\"article\" \/>\n<meta property=\"og:title\" content=\"Schuifdeurgreep Chroom gestanst 36x95mm\" \/>\n<meta property=\"og:description\" content=\"Schuifdeurgreep Chroom gestanst 36x95mm is een mooie greep met een glanzende chroomkleurige afwerking. Deze infreesgreep is langwerpig van vorm.\" \/>\n<meta property=\"og:url\" content=\"https:\/\/partsandpieces.nl\/de\/produkt\/schiebeturgriff-chrom-gestanzt-36x95mm\/\" \/>\n<meta property=\"og:site_name\" content=\"Parts &amp; Pieces\" \/>\n<meta property=\"article:modified_time\" content=\"2026-01-20T08:45:34+00:00\" \/>\n<meta property=\"og:image\" content=\"https:\/\/partsandpieces.nl\/wp-content\/uploads\/2020\/07\/Schuifdeurgreep-Chroom-gestanst-36x95mm.jpg\" \/>\n\t<meta property=\"og:image:width\" content=\"400\" \/>\n\t<meta property=\"og:image:height\" content=\"400\" \/>\n\t<meta property=\"og:image:type\" content=\"image\/jpeg\" \/>\n<meta name=\"twitter:card\" content=\"summary_large_image\" \/>\n<meta name=\"twitter:label1\" content=\"Gesch\u00e4tzte Lesezeit\" \/>\n\t<meta name=\"twitter:data1\" content=\"1\u00a0Minute\" \/>\n<script type=\"application\/ld+json\" class=\"yoast-schema-graph\">{\"@context\":\"https:\\\/\\\/schema.org\",\"@graph\":[{\"@type\":\"WebPage\",\"@id\":\"https:\\\/\\\/partsandpieces.nl\\\/product\\\/schuifdeurgreep-chroom-gestanst-36x95mm\\\/\",\"url\":\"https:\\\/\\\/partsandpieces.nl\\\/product\\\/schuifdeurgreep-chroom-gestanst-36x95mm\\\/\",\"name\":\"Schuifdeurgreep Chroom gestanst 36x95mm\",\"isPartOf\":{\"@id\":\"https:\\\/\\\/partsandpieces.nl\\\/#website\"},\"primaryImageOfPage\":{\"@id\":\"https:\\\/\\\/partsandpieces.nl\\\/product\\\/schuifdeurgreep-chroom-gestanst-36x95mm\\\/#primaryimage\"},\"image\":{\"@id\":\"https:\\\/\\\/partsandpieces.nl\\\/product\\\/schuifdeurgreep-chroom-gestanst-36x95mm\\\/#primaryimage\"},\"thumbnailUrl\":\"https:\\\/\\\/partsandpieces.nl\\\/wp-content\\\/uploads\\\/2020\\\/07\\\/Schuifdeurgreep-Chroom-gestanst-36x95mm.jpg\",\"datePublished\":\"2020-07-31T10:45:30+00:00\",\"dateModified\":\"2026-01-20T08:45:34+00:00\",\"description\":\"Schuifdeurgreep Chroom gestanst 36x95mm is een mooie greep met een glanzende chroomkleurige afwerking. Deze infreesgreep is langwerpig van vorm.\",\"breadcrumb\":{\"@id\":\"https:\\\/\\\/partsandpieces.nl\\\/product\\\/schuifdeurgreep-chroom-gestanst-36x95mm\\\/#breadcrumb\"},\"inLanguage\":\"de\",\"potentialAction\":[{\"@type\":\"ReadAction\",\"target\":[\"https:\\\/\\\/partsandpieces.nl\\\/product\\\/schuifdeurgreep-chroom-gestanst-36x95mm\\\/\"]}]},{\"@type\":\"ImageObject\",\"inLanguage\":\"de\",\"@id\":\"https:\\\/\\\/partsandpieces.nl\\\/product\\\/schuifdeurgreep-chroom-gestanst-36x95mm\\\/#primaryimage\",\"url\":\"https:\\\/\\\/partsandpieces.nl\\\/wp-content\\\/uploads\\\/2020\\\/07\\\/Schuifdeurgreep-Chroom-gestanst-36x95mm.jpg\",\"contentUrl\":\"https:\\\/\\\/partsandpieces.nl\\\/wp-content\\\/uploads\\\/2020\\\/07\\\/Schuifdeurgreep-Chroom-gestanst-36x95mm.jpg\",\"width\":400,\"height\":400,\"caption\":\"Schuifdeurgreep Chroom gestanst 36x95mm\"},{\"@type\":\"BreadcrumbList\",\"@id\":\"https:\\\/\\\/partsandpieces.nl\\\/product\\\/schuifdeurgreep-chroom-gestanst-36x95mm\\\/#breadcrumb\",\"itemListElement\":[{\"@type\":\"ListItem\",\"position\":1,\"name\":\"Home\",\"item\":\"https:\\\/\\\/partsandpieces.nl\\\/home\\\/\"},{\"@type\":\"ListItem\",\"position\":2,\"name\":\"Winkel\",\"item\":\"https:\\\/\\\/partsandpieces.nl\\\/winkel\\\/\"},{\"@type\":\"ListItem\",\"position\":3,\"name\":\"Schuifdeurgreep Chroom gestanst 36x95mm\"}]},{\"@type\":\"WebSite\",\"@id\":\"https:\\\/\\\/partsandpieces.nl\\\/#website\",\"url\":\"https:\\\/\\\/partsandpieces.nl\\\/\",\"name\":\"Parts &amp; Pieces\",\"description\":\"Alles voor uw meubelrestauratie en -onderhoud!\",\"potentialAction\":[{\"@type\":\"SearchAction\",\"target\":{\"@type\":\"EntryPoint\",\"urlTemplate\":\"https:\\\/\\\/partsandpieces.nl\\\/?s={search_term_string}\"},\"query-input\":{\"@type\":\"PropertyValueSpecification\",\"valueRequired\":true,\"valueName\":\"search_term_string\"}}],\"inLanguage\":\"de\"}]}<\/script>\n<!-- \/ Yoast SEO plugin. -->","yoast_head_json":{"title":"Schiebet\u00fcrgriff Chrom gestanzt 36x95mm","description":"Schiebet\u00fcrgriff Chrom gestanzt 36 x 95 mm ist ein wundersch\u00f6ner Griff mit einer gl\u00e4nzenden chromfarbenen Oberfl\u00e4che. Dieser Fr\u00e4sgriff hat eine l\u00e4ngliche Form.","robots":{"index":"index","follow":"follow","max-snippet":"max-snippet:-1","max-image-preview":"max-image-preview:large","max-video-preview":"max-video-preview:-1"},"canonical":"https:\/\/partsandpieces.nl\/de\/produkt\/schiebeturgriff-chrom-gestanzt-36x95mm\/","og_locale":"de_DE","og_type":"article","og_title":"Schuifdeurgreep Chroom gestanst 36x95mm","og_description":"Schuifdeurgreep Chroom gestanst 36x95mm is een mooie greep met een glanzende chroomkleurige afwerking. Deze infreesgreep is langwerpig van vorm.","og_url":"https:\/\/partsandpieces.nl\/de\/produkt\/schiebeturgriff-chrom-gestanzt-36x95mm\/","og_site_name":"Parts &amp; Pieces","article_modified_time":"2026-01-20T08:45:34+00:00","og_image":[{"width":400,"height":400,"url":"https:\/\/partsandpieces.nl\/wp-content\/uploads\/2020\/07\/Schuifdeurgreep-Chroom-gestanst-36x95mm.jpg","type":"image\/jpeg"}],"twitter_card":"summary_large_image","twitter_misc":{"Gesch\u00e4tzte Lesezeit":"1\u00a0Minute"},"schema":{"@context":"https:\/\/schema.org","@graph":[{"@type":"WebPage","@id":"https:\/\/partsandpieces.nl\/product\/schuifdeurgreep-chroom-gestanst-36x95mm\/","url":"https:\/\/partsandpieces.nl\/product\/schuifdeurgreep-chroom-gestanst-36x95mm\/","name":"Schiebet\u00fcrgriff Chrom gestanzt 36x95mm","isPartOf":{"@id":"https:\/\/partsandpieces.nl\/#website"},"primaryImageOfPage":{"@id":"https:\/\/partsandpieces.nl\/product\/schuifdeurgreep-chroom-gestanst-36x95mm\/#primaryimage"},"image":{"@id":"https:\/\/partsandpieces.nl\/product\/schuifdeurgreep-chroom-gestanst-36x95mm\/#primaryimage"},"thumbnailUrl":"https:\/\/partsandpieces.nl\/wp-content\/uploads\/2020\/07\/Schuifdeurgreep-Chroom-gestanst-36x95mm.jpg","datePublished":"2020-07-31T10:45:30+00:00","dateModified":"2026-01-20T08:45:34+00:00","description":"Schiebet\u00fcrgriff Chrom gestanzt 36 x 95 mm ist ein wundersch\u00f6ner Griff mit einer gl\u00e4nzenden chromfarbenen Oberfl\u00e4che. Dieser Fr\u00e4sgriff hat eine l\u00e4ngliche Form.","breadcrumb":{"@id":"https:\/\/partsandpieces.nl\/product\/schuifdeurgreep-chroom-gestanst-36x95mm\/#breadcrumb"},"inLanguage":"de","potentialAction":[{"@type":"ReadAction","target":["https:\/\/partsandpieces.nl\/product\/schuifdeurgreep-chroom-gestanst-36x95mm\/"]}]},{"@type":"ImageObject","inLanguage":"de","@id":"https:\/\/partsandpieces.nl\/product\/schuifdeurgreep-chroom-gestanst-36x95mm\/#primaryimage","url":"https:\/\/partsandpieces.nl\/wp-content\/uploads\/2020\/07\/Schuifdeurgreep-Chroom-gestanst-36x95mm.jpg","contentUrl":"https:\/\/partsandpieces.nl\/wp-content\/uploads\/2020\/07\/Schuifdeurgreep-Chroom-gestanst-36x95mm.jpg","width":400,"height":400,"caption":"Schuifdeurgreep Chroom gestanst 36x95mm"},{"@type":"BreadcrumbList","@id":"https:\/\/partsandpieces.nl\/product\/schuifdeurgreep-chroom-gestanst-36x95mm\/#breadcrumb","itemListElement":[{"@type":"ListItem","position":1,"name":"Home","item":"https:\/\/partsandpieces.nl\/home\/"},{"@type":"ListItem","position":2,"name":"Winkel","item":"https:\/\/partsandpieces.nl\/winkel\/"},{"@type":"ListItem","position":3,"name":"Schuifdeurgreep Chroom gestanst 36x95mm"}]},{"@type":"WebSite","@id":"https:\/\/partsandpieces.nl\/#website","url":"https:\/\/partsandpieces.nl\/","name":"Teile &amp; St\u00fccke","description":"Alles f\u00fcr Ihre M\u00f6belrestaurierung und -pflege!","potentialAction":[{"@type":"SearchAction","target":{"@type":"EntryPoint","urlTemplate":"https:\/\/partsandpieces.nl\/?s={search_term_string}"},"query-input":{"@type":"PropertyValueSpecification","valueRequired":true,"valueName":"search_term_string"}}],"inLanguage":"de"}]}},"_links":{"self":[{"href":"https:\/\/partsandpieces.nl\/de\/wp-json\/wp\/v2\/product\/1218","targetHints":{"allow":["GET"]}}],"collection":[{"href":"https:\/\/partsandpieces.nl\/de\/wp-json\/wp\/v2\/product"}],"about":[{"href":"https:\/\/partsandpieces.nl\/de\/wp-json\/wp\/v2\/types\/product"}],"wp:featuredmedia":[{"embeddable":true,"href":"https:\/\/partsandpieces.nl\/de\/wp-json\/wp\/v2\/media\/8078"}],"wp:attachment":[{"href":"https:\/\/partsandpieces.nl\/de\/wp-json\/wp\/v2\/media?parent=1218"}],"wp:term":[{"taxonomy":"product_brand","embeddable":true,"href":"https:\/\/partsandpieces.nl\/de\/wp-json\/wp\/v2\/product_brand?post=1218"},{"taxonomy":"product_cat","embeddable":true,"href":"https:\/\/partsandpieces.nl\/de\/wp-json\/wp\/v2\/product_cat?post=1218"},{"taxonomy":"product_tag","embeddable":true,"href":"https:\/\/partsandpieces.nl\/de\/wp-json\/wp\/v2\/product_tag?post=1218"}],"curies":[{"name":"wp","href":"https:\/\/api.w.org\/{rel}","templated":true}]}}